{"id":9948,"date":"2024-03-26T15:27:14","date_gmt":"2024-03-26T13:27:14","guid":{"rendered":"https:\/\/cocohouseofbeauty.com\/product\/elleebana-brow-henne-startkit\/"},"modified":"2025-10-28T11:31:39","modified_gmt":"2025-10-28T09:31:39","slug":"elleebana-brow-henne-startkit","status":"publish","type":"product","link":"https:\/\/cocohouseofbeauty.com\/it\/prodotto\/elleebana-brow-henne-startkit\/","title":{"rendered":"Elleeplex ProFusion FULL TINT kit"},"content":{"rendered":"<p data-start=\"273\" data-end=\"647\">Il <strong data-start=\"277\" data-end=\"314\">kit Elleeplex ProFusion FULL TINT<\/strong> \u00e8 un set professionale completo progettato per aiutarti a creare sopracciglia e ciglia impeccabili con facilit\u00e0. Fin dal primo utilizzo, noterai quanto sia semplice ottenere risultati di qualit\u00e0 da salone. Inoltre, il design compatto lo rende comodo da usare, sia che tu sia un brow stylist esperto o che abbia appena iniziato il tuo percorso.<\/p>\n<p data-start=\"649\" data-end=\"1071\">Per cominciare, il kit comprende cinque tinte riccamente pigmentate. Questa variet\u00e0 ti permette di mescolare e abbinare i colori per creare risultati personalizzati che si adattano a ogni cliente, da toni morbidi e naturali a look audaci e drammatici. Inoltre, la formula priva di ammoniaca \u00e8 delicata sia per le sopracciglia che per le ciglia, pur garantendo un colore duraturo, a prova di sbavature e impermeabile che rimane vibrante fino a sei-otto settimane.  <\/p>\n<p data-start=\"1073\" data-end=\"1441\">Inoltre, il kit Elleeplex ProFusion FULL TINT \u00e8 completo di tutti gli strumenti essenziali per un&#8217;applicazione professionale. Troverai una crema ossidante, protezioni per gli occhi in carta, una protezione per gli occhi, un piatto di miscelazione in plastica e un pennello per l&#8217;applicazione di precisione. Grazie a questi extra, i trattamenti non sono solo pi\u00f9 facili, ma anche pi\u00f9 puliti e confortevoli per i clienti.  <\/p>\n<p data-start=\"1443\" data-end=\"1694\">In sintesi, questo kit \u00e8 la scelta ideale per i professionisti che vogliono elevare i loro servizi per sopracciglia e ciglia. Con un massimo di 100 applicazioni per tubo, il <strong data-start=\"1594\" data-end=\"1631\">kit Elleeplex ProFusion FULL TINT<\/strong> garantisce un ottimo rapporto qualit\u00e0-prezzo e risultati splendidi e duraturi. <\/p>\n","protected":false},"excerpt":{"rendered":"<p data-start=\"592\" data-end=\"801\">Il <strong data-start=\"596\" data-end=\"633\">kit Elleeplex ProFusion FULL TINT<\/strong> \u00e8 la soluzione professionale definitiva per la colorazione di ciglia e sopracciglia.<br data-start=\"705\" data-end=\"708\">Tutto ci\u00f2 che serve per miscelare, proteggere e applicare tonalit\u00e0 ricche e personalizzabili, tutto in un unico kit.<\/p>\n<ul data-start=\"803\" data-end=\"1035\">\n<li data-start=\"803\" data-end=\"852\">\n<p data-start=\"805\" data-end=\"852\">Cinque ricchi colori di tinta per una completa personalizzazione<\/p>\n<\/li>\n<li data-start=\"853\" data-end=\"900\">\n<p data-start=\"855\" data-end=\"900\">Schermi oculari di carta e protezioni per gli occhi<\/p>\n<\/li>\n<li data-start=\"901\" data-end=\"952\">\n<p data-start=\"903\" data-end=\"952\">Struccante e balsamo protettivo lenitivo per occhi<\/p>\n<\/li>\n<li data-start=\"953\" data-end=\"994\">\n<p data-start=\"955\" data-end=\"994\">Crema ossidante e piatto di miscelazione in plastica<\/p>\n<\/li>\n<li data-start=\"995\" data-end=\"1035\">\n<p data-start=\"997\" data-end=\"1035\">Pennello per l&#8217;applicazione di precisione incluso<\/p>\n<\/li>\n<\/ul>\n<p>SKU: COCO-2035<\/p>\n","protected":false},"featured_media":11575,"comment_status":"closed","ping_status":"closed","template":"","meta":{"_kad_blocks_custom_css":"","_kad_blocks_head_custom_js":"","_kad_blocks_body_custom_js":"","_kad_blocks_footer_custom_js":"","_kadence_starter_templates_imported_post":false,"_kad_post_transparent":"default","_kad_post_title":"","_kad_post_layout":"default","_kad_post_sidebar_id":"","_kad_post_content_style":"default","_kad_post_vertical_padding":"default","_kad_post_feature":"","_kad_post_feature_position":"","_kad_post_header":false,"_kad_post_footer":false,"_kad_post_classname":""},"product_brand":[1655],"product_cat":[131,108,133,2101],"product_tag":[560,533,136,370,264,559,447],"class_list":{"0":"post-9948","1":"product","2":"type-product","3":"status-publish","4":"has-post-thumbnail","6":"product_brand-elleebana-lash-lift-brow-lamination-exclusive-supplier-for-elleebana-fastest-processing-times-a-household-name-worldwide-for-30-years-otto-mitter","7":"product_cat-elleebana-it","8":"product_cat-formazione-e-corsi","9":"product_cat-profusione","10":"product_cat-tinta","11":"product_tag-ciglia-it","12":"product_tag-color-it","13":"product_tag-elleebana-it","14":"product_tag-henna-it","15":"product_tag-lashlift-it","16":"product_tag-startkit-it","17":"product_tag-training-it","18":"product_shipping_class-pakketpost-it","20":"first","21":"outofstock","22":"taxable","23":"shipping-taxable","24":"purchasable","25":"product-type-simple","26":"entry","27":"content-bg","28":"loop-entry"},"yoast_head":"<!-- This site is optimized with the Yoast SEO Premium plugin v27.2 (Yoast SEO v27.2) - https:\/\/yoast.com\/product\/yoast-seo-premium-wordpress\/ -->\n<title>Kit Elleeplex ProFusion FULL TINT per uso in salone<\/title>\n<meta name=\"description\" content=\"Il kit professionale Elleeplex ProFusion FULL TINT \u00e8 adatto a sopracciglia e ciglia con cinque tonalit\u00e0, schermi, remover, balsamo, ossidante, recipiente di miscelazione e pennello.\" \/>\n<meta name=\"robots\" content=\"index, follow, max-snippet:-1, max-image-preview:large, max-video-preview:-1\" \/>\n<link rel=\"canonical\" href=\"https:\/\/cocohouseofbeauty.com\/it\/prodotto\/elleebana-brow-henne-startkit\/\" \/>\n<meta property=\"og:locale\" content=\"it_IT\" \/>\n<meta property=\"og:type\" content=\"article\" \/>\n<meta property=\"og:title\" content=\"Elleeplex ProFusion FULL TINT kit\" \/>\n<meta property=\"og:description\" content=\"Il kit professionale Elleeplex ProFusion FULL TINT \u00e8 adatto a sopracciglia e ciglia con cinque tonalit\u00e0, schermi, remover, balsamo, ossidante, recipiente di miscelazione e pennello.\" \/>\n<meta property=\"og:url\" content=\"https:\/\/cocohouseofbeauty.com\/it\/prodotto\/elleebana-brow-henne-startkit\/\" \/>\n<meta property=\"og:site_name\" content=\"Coco House of Beauty\" \/>\n<meta property=\"article:publisher\" content=\"https:\/\/www.facebook.com\/groups\/388929390727436\/about\/\" \/>\n<meta property=\"article:modified_time\" content=\"2025-10-28T09:31:39+00:00\" \/>\n<meta property=\"og:image\" content=\"https:\/\/cocohouseofbeauty.com\/wp-content\/uploads\/2024\/03\/Elleeplex-ProFusion-FULL-TINT-kit.png\" \/>\n\t<meta property=\"og:image:width\" content=\"500\" \/>\n\t<meta property=\"og:image:height\" content=\"500\" \/>\n\t<meta property=\"og:image:type\" content=\"image\/png\" \/>\n<meta name=\"twitter:card\" content=\"summary_large_image\" \/>\n<meta name=\"twitter:label1\" content=\"Prezzo\" \/>\n\t<meta name=\"twitter:data1\" content=\"&euro;&nbsp;175,00\" \/>\n\t<meta name=\"twitter:label2\" content=\"Disponibilit\u00e0\" \/>\n\t<meta name=\"twitter:data2\" content=\"Esaurito\" \/>\n<script type=\"application\/ld+json\" class=\"yoast-schema-graph\">{\"@context\":\"https:\/\/schema.org\",\"@graph\":[{\"@type\":\"WebPage\",\"@id\":\"https:\/\/cocohouseofbeauty.com\/it\/prodotto\/elleebana-brow-henne-startkit\/\",\"url\":\"https:\/\/cocohouseofbeauty.com\/it\/prodotto\/elleebana-brow-henne-startkit\/\",\"name\":\"Kit Elleeplex ProFusion FULL TINT per uso in salone\",\"isPartOf\":{\"@id\":\"https:\/\/cocohouseofbeauty.com\/it\/#website\"},\"primaryImageOfPage\":{\"@id\":\"https:\/\/cocohouseofbeauty.com\/it\/prodotto\/elleebana-brow-henne-startkit\/#primaryimage\"},\"image\":{\"@id\":\"https:\/\/cocohouseofbeauty.com\/it\/prodotto\/elleebana-brow-henne-startkit\/#primaryimage\"},\"thumbnailUrl\":\"https:\/\/cocohouseofbeauty.com\/wp-content\/uploads\/2024\/03\/Elleeplex-ProFusion-FULL-TINT-kit.png\",\"datePublished\":\"2024-03-26T13:27:14+00:00\",\"dateModified\":\"2025-10-28T09:31:39+00:00\",\"description\":\"Il kit professionale Elleeplex ProFusion FULL TINT \u00e8 adatto a sopracciglia e ciglia con cinque tonalit\u00e0, schermi, remover, balsamo, ossidante, recipiente di miscelazione e pennello.\",\"breadcrumb\":{\"@id\":\"https:\/\/cocohouseofbeauty.com\/it\/prodotto\/elleebana-brow-henne-startkit\/#breadcrumb\"},\"inLanguage\":\"it-IT\",\"potentialAction\":[{\"@type\":\"ReadAction\",\"target\":[\"https:\/\/cocohouseofbeauty.com\/it\/prodotto\/elleebana-brow-henne-startkit\/\"]}]},{\"@type\":\"ImageObject\",\"inLanguage\":\"it-IT\",\"@id\":\"https:\/\/cocohouseofbeauty.com\/it\/prodotto\/elleebana-brow-henne-startkit\/#primaryimage\",\"url\":\"https:\/\/cocohouseofbeauty.com\/wp-content\/uploads\/2024\/03\/Elleeplex-ProFusion-FULL-TINT-kit.png\",\"contentUrl\":\"https:\/\/cocohouseofbeauty.com\/wp-content\/uploads\/2024\/03\/Elleeplex-ProFusion-FULL-TINT-kit.png\",\"width\":500,\"height\":500},{\"@type\":\"BreadcrumbList\",\"@id\":\"https:\/\/cocohouseofbeauty.com\/it\/prodotto\/elleebana-brow-henne-startkit\/#breadcrumb\",\"itemListElement\":[{\"@type\":\"ListItem\",\"position\":1,\"name\":\"Home\",\"item\":\"https:\/\/cocohouseofbeauty.com\/it\/\"},{\"@type\":\"ListItem\",\"position\":2,\"name\":\"Negozio\",\"item\":\"https:\/\/cocohouseofbeauty.com\/it\/negozio\/\"},{\"@type\":\"ListItem\",\"position\":3,\"name\":\"Elleeplex ProFusion FULL TINT kit\"}]},{\"@type\":\"WebSite\",\"@id\":\"https:\/\/cocohouseofbeauty.com\/it\/#website\",\"url\":\"https:\/\/cocohouseofbeauty.com\/it\/\",\"name\":\"Coco House of Beauty\",\"description\":\"Your beauty partner for exclusive lash &amp; brow brands\",\"publisher\":{\"@id\":\"https:\/\/cocohouseofbeauty.com\/it\/#organization\"},\"potentialAction\":[{\"@type\":\"SearchAction\",\"target\":{\"@type\":\"EntryPoint\",\"urlTemplate\":\"https:\/\/cocohouseofbeauty.com\/it\/?s={search_term_string}\"},\"query-input\":{\"@type\":\"PropertyValueSpecification\",\"valueRequired\":true,\"valueName\":\"search_term_string\"}}],\"inLanguage\":\"it-IT\"},{\"@type\":\"Organization\",\"@id\":\"https:\/\/cocohouseofbeauty.com\/it\/#organization\",\"name\":\"Coco House of Beauty\",\"url\":\"https:\/\/cocohouseofbeauty.com\/it\/\",\"logo\":{\"@type\":\"ImageObject\",\"inLanguage\":\"it-IT\",\"@id\":\"https:\/\/cocohouseofbeauty.com\/it\/#\/schema\/logo\/image\/\",\"url\":\"https:\/\/cocohouseofbeauty.com\/wp-content\/uploads\/2024\/03\/cropped-coco-logo-zonder-estb.png\",\"contentUrl\":\"https:\/\/cocohouseofbeauty.com\/wp-content\/uploads\/2024\/03\/cropped-coco-logo-zonder-estb.png\",\"width\":1532,\"height\":612,\"caption\":\"Coco House of Beauty\"},\"image\":{\"@id\":\"https:\/\/cocohouseofbeauty.com\/it\/#\/schema\/logo\/image\/\"},\"sameAs\":[\"https:\/\/www.facebook.com\/groups\/388929390727436\/about\/\",\"https:\/\/www.instagram.com\/cocohouse.of.beauty\/\",\"https:\/\/www.tiktok.com\/@cocohouseofbeauty\"],\"foundingDate\":\"2024-04-05\",\"numberOfEmployees\":{\"@type\":\"QuantitativeValue\",\"minValue\":\"11\",\"maxValue\":\"50\"}}]}<\/script>\n<meta property=\"product:price:amount\" content=\"175.00\" \/>\n<meta property=\"product:price:currency\" content=\"EUR\" \/>\n<meta property=\"og:availability\" content=\"out of stock\" \/>\n<meta property=\"product:availability\" content=\"out of stock\" \/>\n<meta property=\"product:retailer_item_id\" content=\"COCO-2035\" \/>\n<meta property=\"product:condition\" content=\"new\" \/>\n<!-- \/ Yoast SEO Premium plugin. -->","yoast_head_json":{"title":"Kit Elleeplex ProFusion FULL TINT per uso in salone","description":"Il kit professionale Elleeplex ProFusion FULL TINT \u00e8 adatto a sopracciglia e ciglia con cinque tonalit\u00e0, schermi, remover, balsamo, ossidante, recipiente di miscelazione e pennello.","robots":{"index":"index","follow":"follow","max-snippet":"max-snippet:-1","max-image-preview":"max-image-preview:large","max-video-preview":"max-video-preview:-1"},"canonical":"https:\/\/cocohouseofbeauty.com\/it\/prodotto\/elleebana-brow-henne-startkit\/","og_locale":"it_IT","og_type":"article","og_title":"Elleeplex ProFusion FULL TINT kit","og_description":"Il kit professionale Elleeplex ProFusion FULL TINT \u00e8 adatto a sopracciglia e ciglia con cinque tonalit\u00e0, schermi, remover, balsamo, ossidante, recipiente di miscelazione e pennello.","og_url":"https:\/\/cocohouseofbeauty.com\/it\/prodotto\/elleebana-brow-henne-startkit\/","og_site_name":"Coco House of Beauty","article_publisher":"https:\/\/www.facebook.com\/groups\/388929390727436\/about\/","article_modified_time":"2025-10-28T09:31:39+00:00","og_image":[{"width":500,"height":500,"url":"https:\/\/cocohouseofbeauty.com\/wp-content\/uploads\/2024\/03\/Elleeplex-ProFusion-FULL-TINT-kit.png","type":"image\/png"}],"twitter_card":"summary_large_image","twitter_misc":{"Prezzo":"&euro;&nbsp;175,00","Disponibilit\u00e0":"Esaurito"},"schema":{"@context":"https:\/\/schema.org","@graph":[{"@type":"WebPage","@id":"https:\/\/cocohouseofbeauty.com\/it\/prodotto\/elleebana-brow-henne-startkit\/","url":"https:\/\/cocohouseofbeauty.com\/it\/prodotto\/elleebana-brow-henne-startkit\/","name":"Kit Elleeplex ProFusion FULL TINT per uso in salone","isPartOf":{"@id":"https:\/\/cocohouseofbeauty.com\/it\/#website"},"primaryImageOfPage":{"@id":"https:\/\/cocohouseofbeauty.com\/it\/prodotto\/elleebana-brow-henne-startkit\/#primaryimage"},"image":{"@id":"https:\/\/cocohouseofbeauty.com\/it\/prodotto\/elleebana-brow-henne-startkit\/#primaryimage"},"thumbnailUrl":"https:\/\/cocohouseofbeauty.com\/wp-content\/uploads\/2024\/03\/Elleeplex-ProFusion-FULL-TINT-kit.png","datePublished":"2024-03-26T13:27:14+00:00","dateModified":"2025-10-28T09:31:39+00:00","description":"Il kit professionale Elleeplex ProFusion FULL TINT \u00e8 adatto a sopracciglia e ciglia con cinque tonalit\u00e0, schermi, remover, balsamo, ossidante, recipiente di miscelazione e pennello.","breadcrumb":{"@id":"https:\/\/cocohouseofbeauty.com\/it\/prodotto\/elleebana-brow-henne-startkit\/#breadcrumb"},"inLanguage":"it-IT","potentialAction":[{"@type":"ReadAction","target":["https:\/\/cocohouseofbeauty.com\/it\/prodotto\/elleebana-brow-henne-startkit\/"]}]},{"@type":"ImageObject","inLanguage":"it-IT","@id":"https:\/\/cocohouseofbeauty.com\/it\/prodotto\/elleebana-brow-henne-startkit\/#primaryimage","url":"https:\/\/cocohouseofbeauty.com\/wp-content\/uploads\/2024\/03\/Elleeplex-ProFusion-FULL-TINT-kit.png","contentUrl":"https:\/\/cocohouseofbeauty.com\/wp-content\/uploads\/2024\/03\/Elleeplex-ProFusion-FULL-TINT-kit.png","width":500,"height":500},{"@type":"BreadcrumbList","@id":"https:\/\/cocohouseofbeauty.com\/it\/prodotto\/elleebana-brow-henne-startkit\/#breadcrumb","itemListElement":[{"@type":"ListItem","position":1,"name":"Home","item":"https:\/\/cocohouseofbeauty.com\/it\/"},{"@type":"ListItem","position":2,"name":"Negozio","item":"https:\/\/cocohouseofbeauty.com\/it\/negozio\/"},{"@type":"ListItem","position":3,"name":"Elleeplex ProFusion FULL TINT kit"}]},{"@type":"WebSite","@id":"https:\/\/cocohouseofbeauty.com\/it\/#website","url":"https:\/\/cocohouseofbeauty.com\/it\/","name":"Coco House of Beauty","description":"Your beauty partner for exclusive lash &amp; brow brands","publisher":{"@id":"https:\/\/cocohouseofbeauty.com\/it\/#organization"},"potentialAction":[{"@type":"SearchAction","target":{"@type":"EntryPoint","urlTemplate":"https:\/\/cocohouseofbeauty.com\/it\/?s={search_term_string}"},"query-input":{"@type":"PropertyValueSpecification","valueRequired":true,"valueName":"search_term_string"}}],"inLanguage":"it-IT"},{"@type":"Organization","@id":"https:\/\/cocohouseofbeauty.com\/it\/#organization","name":"Coco House of Beauty","url":"https:\/\/cocohouseofbeauty.com\/it\/","logo":{"@type":"ImageObject","inLanguage":"it-IT","@id":"https:\/\/cocohouseofbeauty.com\/it\/#\/schema\/logo\/image\/","url":"https:\/\/cocohouseofbeauty.com\/wp-content\/uploads\/2024\/03\/cropped-coco-logo-zonder-estb.png","contentUrl":"https:\/\/cocohouseofbeauty.com\/wp-content\/uploads\/2024\/03\/cropped-coco-logo-zonder-estb.png","width":1532,"height":612,"caption":"Coco House of Beauty"},"image":{"@id":"https:\/\/cocohouseofbeauty.com\/it\/#\/schema\/logo\/image\/"},"sameAs":["https:\/\/www.facebook.com\/groups\/388929390727436\/about\/","https:\/\/www.instagram.com\/cocohouse.of.beauty\/","https:\/\/www.tiktok.com\/@cocohouseofbeauty"],"foundingDate":"2024-04-05","numberOfEmployees":{"@type":"QuantitativeValue","minValue":"11","maxValue":"50"}}]},"product_price_amount":"175.00","product_price_currency":"EUR","og_availability":"out of stock","product_availability":"out of stock","product_retailer_item_id":"COCO-2035","product_condition":"new"},"taxonomy_info":{"product_brand":[{"value":1655,"label":"Elleebana"}],"product_cat":[{"value":131,"label":"Elleebana"},{"value":108,"label":"Formazione e corsi"},{"value":133,"label":"Profusione"},{"value":2101,"label":"Tinta"}],"product_tag":[{"value":560,"label":"ciglia"},{"value":533,"label":"color"},{"value":136,"label":"elleebana"},{"value":370,"label":"henna"},{"value":264,"label":"lashlift"},{"value":559,"label":"startkit"},{"value":447,"label":"training"}]},"featured_image_src_large":["https:\/\/cocohouseofbeauty.com\/wp-content\/uploads\/2024\/03\/Elleeplex-ProFusion-FULL-TINT-kit.png",500,500,false],"author_info":[],"comment_info":0,"jetpack_sharing_enabled":true,"_links":{"self":[{"href":"https:\/\/cocohouseofbeauty.com\/it\/wp-json\/wp\/v2\/product\/9948","targetHints":{"allow":["GET"]}}],"collection":[{"href":"https:\/\/cocohouseofbeauty.com\/it\/wp-json\/wp\/v2\/product"}],"about":[{"href":"https:\/\/cocohouseofbeauty.com\/it\/wp-json\/wp\/v2\/types\/product"}],"replies":[{"embeddable":true,"href":"https:\/\/cocohouseofbeauty.com\/it\/wp-json\/wp\/v2\/comments?post=9948"}],"wp:featuredmedia":[{"embeddable":true,"href":"https:\/\/cocohouseofbeauty.com\/it\/wp-json\/wp\/v2\/media\/11575"}],"wp:attachment":[{"href":"https:\/\/cocohouseofbeauty.com\/it\/wp-json\/wp\/v2\/media?parent=9948"}],"wp:term":[{"taxonomy":"product_brand","embeddable":true,"href":"https:\/\/cocohouseofbeauty.com\/it\/wp-json\/wp\/v2\/product_brand?post=9948"},{"taxonomy":"product_cat","embeddable":true,"href":"https:\/\/cocohouseofbeauty.com\/it\/wp-json\/wp\/v2\/product_cat?post=9948"},{"taxonomy":"product_tag","embeddable":true,"href":"https:\/\/cocohouseofbeauty.com\/it\/wp-json\/wp\/v2\/product_tag?post=9948"}],"curies":[{"name":"wp","href":"https:\/\/api.w.org\/{rel}","templated":true}]}}