{"id":26629,"date":"2025-06-30T15:24:11","date_gmt":"2025-06-30T13:24:11","guid":{"rendered":"https:\/\/cocohouseofbeauty.com\/?post_type=product&#038;p=26629"},"modified":"2025-06-30T15:59:32","modified_gmt":"2025-06-30T13:59:32","slug":"webinar-online-eleva-la-tua-attivita-di-lash-brow-con-amy-carnelley-e-abi-draycott-copy","status":"publish","type":"product","link":"https:\/\/cocohouseofbeauty.com\/it\/prodotto\/webinar-online-eleva-la-tua-attivita-di-lash-brow-con-amy-carnelley-e-abi-draycott-copy\/","title":{"rendered":"Webinar online | Sbloccare i metodi di ciglia freestyle, coreane e senza colla Elleebana"},"content":{"rendered":"<p data-start=\"205\" data-end=\"812\">Eleva la tua arte delle ciglia con il Webinar Korean Lash Lift Elleebana, un&#8217;esclusiva formazione online pensata per i professionisti della bellezza desiderosi di padroneggiare tecniche avanzate per le ciglia. Questo corso completo ti guida passo dopo passo attraverso l&#8217;innovativo processo di sollevamento delle ciglia coreano, insegnandoti come ottenere riccioli meravigliosi e duraturi che esaltano la bellezza naturale delle ciglia delle tue clienti. Il webinar Elleebana sul lifting coreano delle ciglia copre tutti gli aspetti, dalla conoscenza dei prodotti e dei metodi di applicazione ai consigli essenziali per la cura delle ciglia, assicurandoti una preparazione completa per offrire questo servizio ricercato nel tuo salone.  <\/p>\n<p data-start=\"814\" data-end=\"1214\">Perfetto sia per i principianti che per i tecnici delle ciglia pi\u00f9 esperti, questo corso di formazione online fornisce preziose informazioni sui prodotti e sui metodi di fiducia di Elleebana, dandoti la sicurezza di ottenere sempre risultati eccezionali. La comodit\u00e0 dell&#8217;accesso on-demand ti permette di imparare al tuo ritmo, da qualsiasi parte del mondo, rendendo pi\u00f9 facile l&#8217;inserimento della formazione professionale nei tuoi impegni. <\/p>\n<p data-start=\"1216\" data-end=\"1594\">Approfitta dell&#8217;esclusiva offerta 3 per 2 e amplia le tue competenze senza sforare il tuo budget. Investire in questa formazione di alta qualit\u00e0 distinguer\u00e0 il tuo salone e aumenter\u00e0 la soddisfazione dei clienti. Non perdere l&#8217;opportunit\u00e0 di potenziare i tuoi servizi e di essere all&#8217;avanguardia nel settore della bellezza con il Webinar Korean Lash Lift Elleebana, disponibile ora presso Adam &amp; Eve Distribution.  <\/p>\n<p data-start=\"2236\" data-end=\"2319\"><strong data-start=\"2240\" data-end=\"2319\" data-is-last-node=\"\">Investi nella tua formazione e padroneggia le tue abilit\u00e0 nel campo delle ciglia e delle sopracciglia con Elleebana!<\/strong><\/p>\n","protected":false},"excerpt":{"rendered":"<p class=\"ai-optimize-32\" data-start=\"496\" data-end=\"659\">Il webinar Korean Lash Lift Elleebana insegna le tecniche avanzate per creare ciglia meravigliosamente sollevate. Approfitta dell&#8217;esclusiva offerta 3 per 2 e migliora i tuoi servizi per le ciglia oggi stesso! <\/p>\n<p><strong>Cosa imparerai:<\/strong><\/p>\n<ul>\n<li>I segreti delle tecniche freestyle per clienti con modelli di ciglia impegnativi<\/li>\n<li>Come avvolgere efficacemente le ciglia pi\u00f9 difficili o ostinate per un effetto lifting impeccabile<\/li>\n<li>I fondamenti dei metodi coreani e delle ciglia senza colla per risultati naturali e duraturi<\/li>\n<li>I consigli dei professionisti per curare le ciglia troppo lavorate e mantenere la salute delle ciglia<\/li>\n<\/ul>\n<p><strong>IL WEBINAR INCLUDE:<\/strong><\/p>\n<p>Con l&#8217;acquisto di un e-book gratuito da conservare per sempre.<br \/>\nAccesso Replay: 3 mesi<\/p>\n","protected":false},"featured_media":26635,"comment_status":"open","ping_status":"closed","template":"","meta":{"_kad_blocks_custom_css":"","_kad_blocks_head_custom_js":"","_kad_blocks_body_custom_js":"","_kad_blocks_footer_custom_js":"","_kadence_starter_templates_imported_post":false,"_kad_post_transparent":"default","_kad_post_title":"","_kad_post_layout":"default","_kad_post_sidebar_id":"","_kad_post_content_style":"default","_kad_post_vertical_padding":"default","_kad_post_feature":"","_kad_post_feature_position":"","_kad_post_header":false,"_kad_post_footer":false,"_kad_post_classname":""},"product_brand":[],"product_cat":[1594],"product_tag":[4770,4766,136,1596,4768,4765,4769,2225,2226,4767,1595,4764],"class_list":{"0":"post-26629","1":"product","2":"type-product","3":"status-publish","4":"has-post-thumbnail","6":"product_cat-corsi-online","7":"product_tag-corso-di-sollevamento-ciglia","8":"product_tag-corso-professionale-di-ciglia","9":"product_tag-elleebana-it","10":"product_tag-formazione-online-elleebana","11":"product_tag-formazione-online-sulla-bellezza","12":"product_tag-formazione-online-sulle-ciglia","13":"product_tag-formazione-per-artisti-delle-ciglia","14":"product_tag-lifting-coreano-delle-ciglia","15":"product_tag-sollevatore-di-ciglia-senza-colla","16":"product_tag-tecniche-di-sollevamento-delle-ciglia","17":"product_tag-webinar-elleebana","18":"product_tag-webinar-sul-lifting-delle-ciglia","20":"first","21":"instock","22":"virtual","23":"taxable","24":"purchasable","25":"product-type-simple","26":"entry","27":"content-bg","28":"loop-entry"},"yoast_head":"<!-- This site is optimized with the Yoast SEO Premium plugin v27.2 (Yoast SEO v27.2) - https:\/\/yoast.com\/product\/yoast-seo-premium-wordpress\/ -->\n<title>Webinar Elleebana Korean Lash Lift - Formazione professionale sulle ciglia<\/title>\n<meta name=\"description\" content=\"Partecipa al webinar di Elleebana sul lifting coreano delle ciglia e sblocca il tuo potenziale nel settore della bellezza! Eleva le tue competenze con una guida esperta oggi stesso!\" \/>\n<meta name=\"robots\" content=\"index, follow, max-snippet:-1, max-image-preview:large, max-video-preview:-1\" \/>\n<link rel=\"canonical\" href=\"https:\/\/cocohouseofbeauty.com\/it\/prodotto\/webinar-online-eleva-la-tua-attivita-di-lash-brow-con-amy-carnelley-e-abi-draycott-copy\/\" \/>\n<meta property=\"og:locale\" content=\"it_IT\" \/>\n<meta property=\"og:type\" content=\"article\" \/>\n<meta property=\"og:title\" content=\"Webinar online | Sbloccare i metodi di ciglia freestyle, coreane e senza colla Elleebana\" \/>\n<meta property=\"og:description\" content=\"Partecipa al webinar di Elleebana sul lifting coreano delle ciglia e sblocca il tuo potenziale nel settore della bellezza! Eleva le tue competenze con una guida esperta oggi stesso!\" \/>\n<meta property=\"og:url\" content=\"https:\/\/cocohouseofbeauty.com\/it\/prodotto\/webinar-online-eleva-la-tua-attivita-di-lash-brow-con-amy-carnelley-e-abi-draycott-copy\/\" \/>\n<meta property=\"og:site_name\" content=\"Coco House of Beauty\" \/>\n<meta property=\"article:publisher\" content=\"https:\/\/www.facebook.com\/groups\/388929390727436\/about\/\" \/>\n<meta property=\"article:modified_time\" content=\"2025-06-30T13:59:32+00:00\" \/>\n<meta property=\"og:image\" content=\"https:\/\/cocohouseofbeauty.com\/wp-content\/uploads\/2025\/06\/Elleebana-webinar-Korean-Lashlift-.jpg\" \/>\n\t<meta property=\"og:image:width\" content=\"697\" \/>\n\t<meta property=\"og:image:height\" content=\"691\" \/>\n\t<meta property=\"og:image:type\" content=\"image\/jpeg\" \/>\n<meta name=\"twitter:card\" content=\"summary_large_image\" \/>\n<meta name=\"twitter:label1\" content=\"Prezzo\" \/>\n\t<meta name=\"twitter:data1\" content=\"&euro;&nbsp;49,00\" \/>\n\t<meta name=\"twitter:label2\" content=\"Disponibilit\u00e0\" \/>\n\t<meta name=\"twitter:data2\" content=\"In stock\" \/>\n<script type=\"application\/ld+json\" class=\"yoast-schema-graph\">{\"@context\":\"https:\/\/schema.org\",\"@graph\":[{\"@type\":\"WebPage\",\"@id\":\"https:\/\/cocohouseofbeauty.com\/it\/prodotto\/webinar-online-eleva-la-tua-attivita-di-lash-brow-con-amy-carnelley-e-abi-draycott-copy\/\",\"url\":\"https:\/\/cocohouseofbeauty.com\/it\/prodotto\/webinar-online-eleva-la-tua-attivita-di-lash-brow-con-amy-carnelley-e-abi-draycott-copy\/\",\"name\":\"Webinar Elleebana Korean Lash Lift - Formazione professionale sulle ciglia\",\"isPartOf\":{\"@id\":\"https:\/\/cocohouseofbeauty.com\/it\/#website\"},\"primaryImageOfPage\":{\"@id\":\"https:\/\/cocohouseofbeauty.com\/it\/prodotto\/webinar-online-eleva-la-tua-attivita-di-lash-brow-con-amy-carnelley-e-abi-draycott-copy\/#primaryimage\"},\"image\":{\"@id\":\"https:\/\/cocohouseofbeauty.com\/it\/prodotto\/webinar-online-eleva-la-tua-attivita-di-lash-brow-con-amy-carnelley-e-abi-draycott-copy\/#primaryimage\"},\"thumbnailUrl\":\"https:\/\/cocohouseofbeauty.com\/wp-content\/uploads\/2025\/06\/Elleebana-webinar-Korean-Lashlift-.jpg\",\"datePublished\":\"2025-06-30T13:24:11+00:00\",\"dateModified\":\"2025-06-30T13:59:32+00:00\",\"description\":\"Partecipa al webinar di Elleebana sul lifting coreano delle ciglia e sblocca il tuo potenziale nel settore della bellezza! Eleva le tue competenze con una guida esperta oggi stesso!\",\"breadcrumb\":{\"@id\":\"https:\/\/cocohouseofbeauty.com\/it\/prodotto\/webinar-online-eleva-la-tua-attivita-di-lash-brow-con-amy-carnelley-e-abi-draycott-copy\/#breadcrumb\"},\"inLanguage\":\"it-IT\",\"potentialAction\":[{\"@type\":\"ReadAction\",\"target\":[\"https:\/\/cocohouseofbeauty.com\/it\/prodotto\/webinar-online-eleva-la-tua-attivita-di-lash-brow-con-amy-carnelley-e-abi-draycott-copy\/\"]}]},{\"@type\":\"ImageObject\",\"inLanguage\":\"it-IT\",\"@id\":\"https:\/\/cocohouseofbeauty.com\/it\/prodotto\/webinar-online-eleva-la-tua-attivita-di-lash-brow-con-amy-carnelley-e-abi-draycott-copy\/#primaryimage\",\"url\":\"https:\/\/cocohouseofbeauty.com\/wp-content\/uploads\/2025\/06\/Elleebana-webinar-Korean-Lashlift-.jpg\",\"contentUrl\":\"https:\/\/cocohouseofbeauty.com\/wp-content\/uploads\/2025\/06\/Elleebana-webinar-Korean-Lashlift-.jpg\",\"width\":697,\"height\":691,\"caption\":\"Elleebana webinar lifting coreano\"},{\"@type\":\"BreadcrumbList\",\"@id\":\"https:\/\/cocohouseofbeauty.com\/it\/prodotto\/webinar-online-eleva-la-tua-attivita-di-lash-brow-con-amy-carnelley-e-abi-draycott-copy\/#breadcrumb\",\"itemListElement\":[{\"@type\":\"ListItem\",\"position\":1,\"name\":\"Home\",\"item\":\"https:\/\/cocohouseofbeauty.com\/it\/\"},{\"@type\":\"ListItem\",\"position\":2,\"name\":\"Negozio\",\"item\":\"https:\/\/cocohouseofbeauty.com\/it\/negozio\/\"},{\"@type\":\"ListItem\",\"position\":3,\"name\":\"Webinar online | Sbloccare i metodi di ciglia freestyle, coreane e senza colla Elleebana\"}]},{\"@type\":\"WebSite\",\"@id\":\"https:\/\/cocohouseofbeauty.com\/it\/#website\",\"url\":\"https:\/\/cocohouseofbeauty.com\/it\/\",\"name\":\"Coco House of Beauty\",\"description\":\"Your beauty partner for exclusive lash &amp; brow brands\",\"publisher\":{\"@id\":\"https:\/\/cocohouseofbeauty.com\/it\/#organization\"},\"potentialAction\":[{\"@type\":\"SearchAction\",\"target\":{\"@type\":\"EntryPoint\",\"urlTemplate\":\"https:\/\/cocohouseofbeauty.com\/it\/?s={search_term_string}\"},\"query-input\":{\"@type\":\"PropertyValueSpecification\",\"valueRequired\":true,\"valueName\":\"search_term_string\"}}],\"inLanguage\":\"it-IT\"},{\"@type\":\"Organization\",\"@id\":\"https:\/\/cocohouseofbeauty.com\/it\/#organization\",\"name\":\"Coco House of Beauty\",\"url\":\"https:\/\/cocohouseofbeauty.com\/it\/\",\"logo\":{\"@type\":\"ImageObject\",\"inLanguage\":\"it-IT\",\"@id\":\"https:\/\/cocohouseofbeauty.com\/it\/#\/schema\/logo\/image\/\",\"url\":\"https:\/\/cocohouseofbeauty.com\/wp-content\/uploads\/2024\/03\/cropped-coco-logo-zonder-estb.png\",\"contentUrl\":\"https:\/\/cocohouseofbeauty.com\/wp-content\/uploads\/2024\/03\/cropped-coco-logo-zonder-estb.png\",\"width\":1532,\"height\":612,\"caption\":\"Coco House of Beauty\"},\"image\":{\"@id\":\"https:\/\/cocohouseofbeauty.com\/it\/#\/schema\/logo\/image\/\"},\"sameAs\":[\"https:\/\/www.facebook.com\/groups\/388929390727436\/about\/\",\"https:\/\/www.instagram.com\/cocohouse.of.beauty\/\",\"https:\/\/www.tiktok.com\/@cocohouseofbeauty\"],\"foundingDate\":\"2024-04-05\",\"numberOfEmployees\":{\"@type\":\"QuantitativeValue\",\"minValue\":\"11\",\"maxValue\":\"50\"}}]}<\/script>\n<meta property=\"product:price:amount\" content=\"49.00\" \/>\n<meta property=\"product:price:currency\" content=\"EUR\" \/>\n<meta property=\"og:availability\" content=\"instock\" \/>\n<meta property=\"product:availability\" content=\"instock\" \/>\n<meta property=\"product:retailer_item_id\" content=\"COCO-2702\" \/>\n<meta property=\"product:condition\" content=\"new\" \/>\n<!-- \/ Yoast SEO Premium plugin. -->","yoast_head_json":{"title":"Webinar Elleebana Korean Lash Lift - Formazione professionale sulle ciglia","description":"Partecipa al webinar di Elleebana sul lifting coreano delle ciglia e sblocca il tuo potenziale nel settore della bellezza! Eleva le tue competenze con una guida esperta oggi stesso!","robots":{"index":"index","follow":"follow","max-snippet":"max-snippet:-1","max-image-preview":"max-image-preview:large","max-video-preview":"max-video-preview:-1"},"canonical":"https:\/\/cocohouseofbeauty.com\/it\/prodotto\/webinar-online-eleva-la-tua-attivita-di-lash-brow-con-amy-carnelley-e-abi-draycott-copy\/","og_locale":"it_IT","og_type":"article","og_title":"Webinar online | Sbloccare i metodi di ciglia freestyle, coreane e senza colla Elleebana","og_description":"Partecipa al webinar di Elleebana sul lifting coreano delle ciglia e sblocca il tuo potenziale nel settore della bellezza! Eleva le tue competenze con una guida esperta oggi stesso!","og_url":"https:\/\/cocohouseofbeauty.com\/it\/prodotto\/webinar-online-eleva-la-tua-attivita-di-lash-brow-con-amy-carnelley-e-abi-draycott-copy\/","og_site_name":"Coco House of Beauty","article_publisher":"https:\/\/www.facebook.com\/groups\/388929390727436\/about\/","article_modified_time":"2025-06-30T13:59:32+00:00","og_image":[{"width":697,"height":691,"url":"https:\/\/cocohouseofbeauty.com\/wp-content\/uploads\/2025\/06\/Elleebana-webinar-Korean-Lashlift-.jpg","type":"image\/jpeg"}],"twitter_card":"summary_large_image","twitter_misc":{"Prezzo":"&euro;&nbsp;49,00","Disponibilit\u00e0":"In stock"},"schema":{"@context":"https:\/\/schema.org","@graph":[{"@type":"WebPage","@id":"https:\/\/cocohouseofbeauty.com\/it\/prodotto\/webinar-online-eleva-la-tua-attivita-di-lash-brow-con-amy-carnelley-e-abi-draycott-copy\/","url":"https:\/\/cocohouseofbeauty.com\/it\/prodotto\/webinar-online-eleva-la-tua-attivita-di-lash-brow-con-amy-carnelley-e-abi-draycott-copy\/","name":"Webinar Elleebana Korean Lash Lift - Formazione professionale sulle ciglia","isPartOf":{"@id":"https:\/\/cocohouseofbeauty.com\/it\/#website"},"primaryImageOfPage":{"@id":"https:\/\/cocohouseofbeauty.com\/it\/prodotto\/webinar-online-eleva-la-tua-attivita-di-lash-brow-con-amy-carnelley-e-abi-draycott-copy\/#primaryimage"},"image":{"@id":"https:\/\/cocohouseofbeauty.com\/it\/prodotto\/webinar-online-eleva-la-tua-attivita-di-lash-brow-con-amy-carnelley-e-abi-draycott-copy\/#primaryimage"},"thumbnailUrl":"https:\/\/cocohouseofbeauty.com\/wp-content\/uploads\/2025\/06\/Elleebana-webinar-Korean-Lashlift-.jpg","datePublished":"2025-06-30T13:24:11+00:00","dateModified":"2025-06-30T13:59:32+00:00","description":"Partecipa al webinar di Elleebana sul lifting coreano delle ciglia e sblocca il tuo potenziale nel settore della bellezza! Eleva le tue competenze con una guida esperta oggi stesso!","breadcrumb":{"@id":"https:\/\/cocohouseofbeauty.com\/it\/prodotto\/webinar-online-eleva-la-tua-attivita-di-lash-brow-con-amy-carnelley-e-abi-draycott-copy\/#breadcrumb"},"inLanguage":"it-IT","potentialAction":[{"@type":"ReadAction","target":["https:\/\/cocohouseofbeauty.com\/it\/prodotto\/webinar-online-eleva-la-tua-attivita-di-lash-brow-con-amy-carnelley-e-abi-draycott-copy\/"]}]},{"@type":"ImageObject","inLanguage":"it-IT","@id":"https:\/\/cocohouseofbeauty.com\/it\/prodotto\/webinar-online-eleva-la-tua-attivita-di-lash-brow-con-amy-carnelley-e-abi-draycott-copy\/#primaryimage","url":"https:\/\/cocohouseofbeauty.com\/wp-content\/uploads\/2025\/06\/Elleebana-webinar-Korean-Lashlift-.jpg","contentUrl":"https:\/\/cocohouseofbeauty.com\/wp-content\/uploads\/2025\/06\/Elleebana-webinar-Korean-Lashlift-.jpg","width":697,"height":691,"caption":"Elleebana webinar lifting coreano"},{"@type":"BreadcrumbList","@id":"https:\/\/cocohouseofbeauty.com\/it\/prodotto\/webinar-online-eleva-la-tua-attivita-di-lash-brow-con-amy-carnelley-e-abi-draycott-copy\/#breadcrumb","itemListElement":[{"@type":"ListItem","position":1,"name":"Home","item":"https:\/\/cocohouseofbeauty.com\/it\/"},{"@type":"ListItem","position":2,"name":"Negozio","item":"https:\/\/cocohouseofbeauty.com\/it\/negozio\/"},{"@type":"ListItem","position":3,"name":"Webinar online | Sbloccare i metodi di ciglia freestyle, coreane e senza colla Elleebana"}]},{"@type":"WebSite","@id":"https:\/\/cocohouseofbeauty.com\/it\/#website","url":"https:\/\/cocohouseofbeauty.com\/it\/","name":"Coco House of Beauty","description":"Your beauty partner for exclusive lash &amp; brow brands","publisher":{"@id":"https:\/\/cocohouseofbeauty.com\/it\/#organization"},"potentialAction":[{"@type":"SearchAction","target":{"@type":"EntryPoint","urlTemplate":"https:\/\/cocohouseofbeauty.com\/it\/?s={search_term_string}"},"query-input":{"@type":"PropertyValueSpecification","valueRequired":true,"valueName":"search_term_string"}}],"inLanguage":"it-IT"},{"@type":"Organization","@id":"https:\/\/cocohouseofbeauty.com\/it\/#organization","name":"Coco House of Beauty","url":"https:\/\/cocohouseofbeauty.com\/it\/","logo":{"@type":"ImageObject","inLanguage":"it-IT","@id":"https:\/\/cocohouseofbeauty.com\/it\/#\/schema\/logo\/image\/","url":"https:\/\/cocohouseofbeauty.com\/wp-content\/uploads\/2024\/03\/cropped-coco-logo-zonder-estb.png","contentUrl":"https:\/\/cocohouseofbeauty.com\/wp-content\/uploads\/2024\/03\/cropped-coco-logo-zonder-estb.png","width":1532,"height":612,"caption":"Coco House of Beauty"},"image":{"@id":"https:\/\/cocohouseofbeauty.com\/it\/#\/schema\/logo\/image\/"},"sameAs":["https:\/\/www.facebook.com\/groups\/388929390727436\/about\/","https:\/\/www.instagram.com\/cocohouse.of.beauty\/","https:\/\/www.tiktok.com\/@cocohouseofbeauty"],"foundingDate":"2024-04-05","numberOfEmployees":{"@type":"QuantitativeValue","minValue":"11","maxValue":"50"}}]},"product_price_amount":"49.00","product_price_currency":"EUR","og_availability":"instock","product_availability":"instock","product_retailer_item_id":"COCO-2702","product_condition":"new"},"taxonomy_info":{"product_cat":[{"value":1594,"label":"Corsi online"}],"product_tag":[{"value":4770,"label":"Corso di sollevamento ciglia"},{"value":4766,"label":"corso professionale di ciglia"},{"value":136,"label":"elleebana"},{"value":1596,"label":"Formazione online elleebana"},{"value":4768,"label":"formazione online sulla bellezza"},{"value":4765,"label":"Formazione online sulle ciglia"},{"value":4769,"label":"Formazione per artisti delle ciglia"},{"value":2225,"label":"lifting coreano delle ciglia"},{"value":2226,"label":"Sollevatore di ciglia senza colla"},{"value":4767,"label":"Tecniche di sollevamento delle ciglia"},{"value":1595,"label":"webinar elleebana"},{"value":4764,"label":"webinar sul lifting delle ciglia"}]},"featured_image_src_large":["https:\/\/cocohouseofbeauty.com\/wp-content\/uploads\/2025\/06\/Elleebana-webinar-Korean-Lashlift-.jpg",697,691,false],"author_info":[],"comment_info":0,"jetpack_sharing_enabled":true,"_links":{"self":[{"href":"https:\/\/cocohouseofbeauty.com\/it\/wp-json\/wp\/v2\/product\/26629","targetHints":{"allow":["GET"]}}],"collection":[{"href":"https:\/\/cocohouseofbeauty.com\/it\/wp-json\/wp\/v2\/product"}],"about":[{"href":"https:\/\/cocohouseofbeauty.com\/it\/wp-json\/wp\/v2\/types\/product"}],"replies":[{"embeddable":true,"href":"https:\/\/cocohouseofbeauty.com\/it\/wp-json\/wp\/v2\/comments?post=26629"}],"wp:featuredmedia":[{"embeddable":true,"href":"https:\/\/cocohouseofbeauty.com\/it\/wp-json\/wp\/v2\/media\/26635"}],"wp:attachment":[{"href":"https:\/\/cocohouseofbeauty.com\/it\/wp-json\/wp\/v2\/media?parent=26629"}],"wp:term":[{"taxonomy":"product_brand","embeddable":true,"href":"https:\/\/cocohouseofbeauty.com\/it\/wp-json\/wp\/v2\/product_brand?post=26629"},{"taxonomy":"product_cat","embeddable":true,"href":"https:\/\/cocohouseofbeauty.com\/it\/wp-json\/wp\/v2\/product_cat?post=26629"},{"taxonomy":"product_tag","embeddable":true,"href":"https:\/\/cocohouseofbeauty.com\/it\/wp-json\/wp\/v2\/product_tag?post=26629"}],"curies":[{"name":"wp","href":"https:\/\/api.w.org\/{rel}","templated":true}]}}