{"id":22686,"date":"2025-04-24T21:56:30","date_gmt":"2025-04-24T19:56:30","guid":{"rendered":"https:\/\/cocohouseofbeauty.com\/?post_type=product&#038;p=22686"},"modified":"2025-12-09T11:59:50","modified_gmt":"2025-12-09T09:59:50","slug":"elleebana-helyx-hybrid-zucchero-dacero-marrone-chiaro","status":"publish","type":"product","link":"https:\/\/cocohouseofbeauty.com\/it\/prodotto\/elleebana-helyx-hybrid-zucchero-dacero-marrone-chiaro\/","title":{"rendered":"Elleebana Helyx Hybrid | Zucchero d&#8217;acero (marrone chiaro)"},"content":{"rendered":"<p class=\"ai-optimize-53 ai-optimize-introduction\" data-start=\"630\" data-end=\"947\">L&#8217;<strong data-start=\"634\" data-end=\"672\">Elleebana Helyx Hybrid Maple Sugar<\/strong> \u00e8 una tinta per sopracciglia ibrida, calda e di colore marrone chiaro, pensata per i clienti che preferiscono risultati morbidi e naturali con un pizzico di calore dorato. Fa parte della gamma avanzata Helyx Hybrid ed \u00e8 diventata rapidamente una delle tonalit\u00e0 preferite dagli artisti delle sopracciglia che lavorano con toni di capelli dal castano chiaro al biondo scuro.<\/p>\n<p class=\"ai-optimize-54\" data-start=\"949\" data-end=\"1254\">Infusa con KeraVeg 18 e ingredienti botanici, la formula rafforza e nutre i peli delle sopracciglia e offre un colore di lunga durata. L&#8217;<strong data-start=\"1094\" data-end=\"1132\">Elleebana Helyx Hybrid Maple Sugar<\/strong> crea una macchia sottile ma visibile sulla pelle che dura fino a 10 giorni e una tinta vibrante sui capelli che pu\u00f2 rimanere fino a 6 settimane. <\/p>\n<p class=\"ai-optimize-55\" data-start=\"1256\" data-end=\"1554\">Questa tonalit\u00e0 \u00e8 particolarmente utile per i clienti che trovano le tonalit\u00e0 pi\u00f9 scure troppo dure o invecchiate e che cercano un effetto sopracciglia pi\u00f9 giovane e baciato dal sole. La tintura si mescola facilmente, ha una consistenza morbida e funziona meravigliosamente da sola o mescolata con tonalit\u00e0 pi\u00f9 fredde o pi\u00f9 scure per personalizzare lo styling delle sopracciglia. <\/p>\n<p class=\"ai-optimize-56\" data-start=\"1556\" data-end=\"1719\">Affidata dai professionisti di tutto il mondo, Elleebana continua a stabilire lo standard per le soluzioni innovative per le sopracciglia e Maple Sugar \u00e8 un must della tua collezione di tinte.<\/p>\n<p class=\"ai-optimize-51\" data-start=\"2509\" data-end=\"2657\">SKU: COCO-2662<\/p>\n","protected":false},"excerpt":{"rendered":"<p class=\"ai-optimize-32\" data-start=\"424\" data-end=\"567\">Elleebana Helyx Hybrid Maple Sugar \u00e8 la tinta ibrida marrone chiaro per sopracciglia morbide e calde. Macchia di lunga durata e tono splendidamente bilanciato. <\/p>\n","protected":false},"featured_media":22876,"comment_status":"open","ping_status":"closed","template":"","meta":{"_kad_blocks_custom_css":"","_kad_blocks_head_custom_js":"","_kad_blocks_body_custom_js":"","_kad_blocks_footer_custom_js":"","_kadence_starter_templates_imported_post":false,"_kad_post_transparent":"default","_kad_post_title":"","_kad_post_layout":"default","_kad_post_sidebar_id":"","_kad_post_content_style":"default","_kad_post_vertical_padding":"default","_kad_post_feature":"","_kad_post_feature_position":"","_kad_post_header":false,"_kad_post_footer":false,"_kad_post_classname":""},"product_brand":[1655],"product_cat":[2047,2008],"product_tag":[967,2398,2012,930,2010,2009],"class_list":{"0":"post-22686","1":"product","2":"type-product","3":"status-publish","4":"has-post-thumbnail","6":"product_brand-elleebana-lash-lift-brow-lamination-exclusive-supplier-for-elleebana-fastest-processing-times-a-household-name-worldwide-for-30-years-otto-mitter","7":"product_cat-aerografo","8":"product_cat-helyx-ibrido","9":"product_tag-aerografo-per-sopracciglia","10":"product_tag-hybride-wenkbrauwverf-it","11":"product_tag-ibrido-di-elleebana-helyx","12":"product_tag-sopracciglia-ibride","13":"product_tag-tinta-ibrida","14":"product_tag-tintura-ibrida","16":"first","17":"instock","18":"taxable","19":"shipping-taxable","20":"purchasable","21":"product-type-simple","22":"entry","23":"content-bg","24":"loop-entry"},"yoast_head":"<!-- This site is optimized with the Yoast SEO Premium plugin v27.2 (Yoast SEO v27.2) - https:\/\/yoast.com\/product\/yoast-seo-premium-wordpress\/ -->\n<title>Zucchero d&#039;acero ibrido Elleebana Helyx - Tinta castana chiara<\/title>\n<meta name=\"description\" content=\"Ottieni sopracciglia morbide e naturali con Elleebana Helyx Hybrid Maple Sugar. Infuso con sostanze botaniche per un effetto giovane e baciato dal sole. Provalo subito!\" \/>\n<meta name=\"robots\" content=\"index, follow, max-snippet:-1, max-image-preview:large, max-video-preview:-1\" \/>\n<link rel=\"canonical\" href=\"https:\/\/cocohouseofbeauty.com\/it\/prodotto\/elleebana-helyx-hybrid-zucchero-dacero-marrone-chiaro\/\" \/>\n<meta property=\"og:locale\" content=\"it_IT\" \/>\n<meta property=\"og:type\" content=\"article\" \/>\n<meta property=\"og:title\" content=\"Elleebana Helyx Hybrid | Zucchero d&#039;acero (marrone chiaro)\" \/>\n<meta property=\"og:description\" content=\"Ottieni sopracciglia morbide e naturali con Elleebana Helyx Hybrid Maple Sugar. Infuso con sostanze botaniche per un effetto giovane e baciato dal sole. Provalo subito!\" \/>\n<meta property=\"og:url\" content=\"https:\/\/cocohouseofbeauty.com\/it\/prodotto\/elleebana-helyx-hybrid-zucchero-dacero-marrone-chiaro\/\" \/>\n<meta property=\"og:site_name\" content=\"Coco House of Beauty\" \/>\n<meta property=\"article:publisher\" content=\"https:\/\/www.facebook.com\/groups\/388929390727436\/about\/\" \/>\n<meta property=\"article:modified_time\" content=\"2025-12-09T09:59:50+00:00\" \/>\n<meta property=\"og:image\" content=\"https:\/\/cocohouseofbeauty.com\/wp-content\/uploads\/2025\/04\/HelyxHybrid-MapleSugar-Foil-scaled.jpg\" \/>\n\t<meta property=\"og:image:width\" content=\"2560\" \/>\n\t<meta property=\"og:image:height\" content=\"2375\" \/>\n\t<meta property=\"og:image:type\" content=\"image\/jpeg\" \/>\n<meta name=\"twitter:card\" content=\"summary_large_image\" \/>\n<meta name=\"twitter:label1\" content=\"Prezzo\" \/>\n\t<meta name=\"twitter:data1\" content=\"&euro;&nbsp;17,95\" \/>\n\t<meta name=\"twitter:label2\" content=\"Disponibilit\u00e0\" \/>\n\t<meta name=\"twitter:data2\" content=\"In stock\" \/>\n<script type=\"application\/ld+json\" class=\"yoast-schema-graph\">{\"@context\":\"https:\/\/schema.org\",\"@graph\":[{\"@type\":\"WebPage\",\"@id\":\"https:\/\/cocohouseofbeauty.com\/it\/prodotto\/elleebana-helyx-hybrid-zucchero-dacero-marrone-chiaro\/\",\"url\":\"https:\/\/cocohouseofbeauty.com\/it\/prodotto\/elleebana-helyx-hybrid-zucchero-dacero-marrone-chiaro\/\",\"name\":\"Zucchero d'acero ibrido Elleebana Helyx - Tinta castana chiara\",\"isPartOf\":{\"@id\":\"https:\/\/cocohouseofbeauty.com\/it\/#website\"},\"primaryImageOfPage\":{\"@id\":\"https:\/\/cocohouseofbeauty.com\/it\/prodotto\/elleebana-helyx-hybrid-zucchero-dacero-marrone-chiaro\/#primaryimage\"},\"image\":{\"@id\":\"https:\/\/cocohouseofbeauty.com\/it\/prodotto\/elleebana-helyx-hybrid-zucchero-dacero-marrone-chiaro\/#primaryimage\"},\"thumbnailUrl\":\"https:\/\/cocohouseofbeauty.com\/wp-content\/uploads\/2025\/04\/HelyxHybrid-MapleSugar-Foil-scaled.jpg\",\"datePublished\":\"2025-04-24T19:56:30+00:00\",\"dateModified\":\"2025-12-09T09:59:50+00:00\",\"description\":\"Ottieni sopracciglia morbide e naturali con Elleebana Helyx Hybrid Maple Sugar. Infuso con sostanze botaniche per un effetto giovane e baciato dal sole. Provalo subito!\",\"breadcrumb\":{\"@id\":\"https:\/\/cocohouseofbeauty.com\/it\/prodotto\/elleebana-helyx-hybrid-zucchero-dacero-marrone-chiaro\/#breadcrumb\"},\"inLanguage\":\"it-IT\",\"potentialAction\":[{\"@type\":\"ReadAction\",\"target\":[\"https:\/\/cocohouseofbeauty.com\/it\/prodotto\/elleebana-helyx-hybrid-zucchero-dacero-marrone-chiaro\/\"]}]},{\"@type\":\"ImageObject\",\"inLanguage\":\"it-IT\",\"@id\":\"https:\/\/cocohouseofbeauty.com\/it\/prodotto\/elleebana-helyx-hybrid-zucchero-dacero-marrone-chiaro\/#primaryimage\",\"url\":\"https:\/\/cocohouseofbeauty.com\/wp-content\/uploads\/2025\/04\/HelyxHybrid-MapleSugar-Foil-scaled.jpg\",\"contentUrl\":\"https:\/\/cocohouseofbeauty.com\/wp-content\/uploads\/2025\/04\/HelyxHybrid-MapleSugar-Foil-scaled.jpg\",\"width\":2560,\"height\":2375,\"caption\":\"Elleebana Helyx Tinta Ibrida Zucchero d'Acero Tintura Liquida\"},{\"@type\":\"BreadcrumbList\",\"@id\":\"https:\/\/cocohouseofbeauty.com\/it\/prodotto\/elleebana-helyx-hybrid-zucchero-dacero-marrone-chiaro\/#breadcrumb\",\"itemListElement\":[{\"@type\":\"ListItem\",\"position\":1,\"name\":\"Home\",\"item\":\"https:\/\/cocohouseofbeauty.com\/it\/\"},{\"@type\":\"ListItem\",\"position\":2,\"name\":\"Negozio\",\"item\":\"https:\/\/cocohouseofbeauty.com\/it\/negozio\/\"},{\"@type\":\"ListItem\",\"position\":3,\"name\":\"Elleebana Helyx Hybrid | Zucchero d&#8217;acero (marrone chiaro)\"}]},{\"@type\":\"WebSite\",\"@id\":\"https:\/\/cocohouseofbeauty.com\/it\/#website\",\"url\":\"https:\/\/cocohouseofbeauty.com\/it\/\",\"name\":\"Coco House of Beauty\",\"description\":\"Your beauty partner for exclusive lash &amp; brow brands\",\"publisher\":{\"@id\":\"https:\/\/cocohouseofbeauty.com\/it\/#organization\"},\"potentialAction\":[{\"@type\":\"SearchAction\",\"target\":{\"@type\":\"EntryPoint\",\"urlTemplate\":\"https:\/\/cocohouseofbeauty.com\/it\/?s={search_term_string}\"},\"query-input\":{\"@type\":\"PropertyValueSpecification\",\"valueRequired\":true,\"valueName\":\"search_term_string\"}}],\"inLanguage\":\"it-IT\"},{\"@type\":\"Organization\",\"@id\":\"https:\/\/cocohouseofbeauty.com\/it\/#organization\",\"name\":\"Coco House of Beauty\",\"url\":\"https:\/\/cocohouseofbeauty.com\/it\/\",\"logo\":{\"@type\":\"ImageObject\",\"inLanguage\":\"it-IT\",\"@id\":\"https:\/\/cocohouseofbeauty.com\/it\/#\/schema\/logo\/image\/\",\"url\":\"https:\/\/cocohouseofbeauty.com\/wp-content\/uploads\/2024\/03\/cropped-coco-logo-zonder-estb.png\",\"contentUrl\":\"https:\/\/cocohouseofbeauty.com\/wp-content\/uploads\/2024\/03\/cropped-coco-logo-zonder-estb.png\",\"width\":1532,\"height\":612,\"caption\":\"Coco House of Beauty\"},\"image\":{\"@id\":\"https:\/\/cocohouseofbeauty.com\/it\/#\/schema\/logo\/image\/\"},\"sameAs\":[\"https:\/\/www.facebook.com\/groups\/388929390727436\/about\/\",\"https:\/\/www.instagram.com\/cocohouse.of.beauty\/\",\"https:\/\/www.tiktok.com\/@cocohouseofbeauty\"],\"foundingDate\":\"2024-04-05\",\"numberOfEmployees\":{\"@type\":\"QuantitativeValue\",\"minValue\":\"11\",\"maxValue\":\"50\"}}]}<\/script>\n<meta property=\"product:price:amount\" content=\"17.95\" \/>\n<meta property=\"product:price:currency\" content=\"EUR\" \/>\n<meta property=\"og:availability\" content=\"instock\" \/>\n<meta property=\"product:availability\" content=\"instock\" \/>\n<meta property=\"product:retailer_item_id\" content=\"COCO-2662\" \/>\n<meta property=\"product:condition\" content=\"new\" \/>\n<!-- \/ Yoast SEO Premium plugin. -->","yoast_head_json":{"title":"Zucchero d'acero ibrido Elleebana Helyx - Tinta castana chiara","description":"Ottieni sopracciglia morbide e naturali con Elleebana Helyx Hybrid Maple Sugar. Infuso con sostanze botaniche per un effetto giovane e baciato dal sole. Provalo subito!","robots":{"index":"index","follow":"follow","max-snippet":"max-snippet:-1","max-image-preview":"max-image-preview:large","max-video-preview":"max-video-preview:-1"},"canonical":"https:\/\/cocohouseofbeauty.com\/it\/prodotto\/elleebana-helyx-hybrid-zucchero-dacero-marrone-chiaro\/","og_locale":"it_IT","og_type":"article","og_title":"Elleebana Helyx Hybrid | Zucchero d'acero (marrone chiaro)","og_description":"Ottieni sopracciglia morbide e naturali con Elleebana Helyx Hybrid Maple Sugar. Infuso con sostanze botaniche per un effetto giovane e baciato dal sole. Provalo subito!","og_url":"https:\/\/cocohouseofbeauty.com\/it\/prodotto\/elleebana-helyx-hybrid-zucchero-dacero-marrone-chiaro\/","og_site_name":"Coco House of Beauty","article_publisher":"https:\/\/www.facebook.com\/groups\/388929390727436\/about\/","article_modified_time":"2025-12-09T09:59:50+00:00","og_image":[{"width":2560,"height":2375,"url":"https:\/\/cocohouseofbeauty.com\/wp-content\/uploads\/2025\/04\/HelyxHybrid-MapleSugar-Foil-scaled.jpg","type":"image\/jpeg"}],"twitter_card":"summary_large_image","twitter_misc":{"Prezzo":"&euro;&nbsp;17,95","Disponibilit\u00e0":"In stock"},"schema":{"@context":"https:\/\/schema.org","@graph":[{"@type":"WebPage","@id":"https:\/\/cocohouseofbeauty.com\/it\/prodotto\/elleebana-helyx-hybrid-zucchero-dacero-marrone-chiaro\/","url":"https:\/\/cocohouseofbeauty.com\/it\/prodotto\/elleebana-helyx-hybrid-zucchero-dacero-marrone-chiaro\/","name":"Zucchero d'acero ibrido Elleebana Helyx - Tinta castana chiara","isPartOf":{"@id":"https:\/\/cocohouseofbeauty.com\/it\/#website"},"primaryImageOfPage":{"@id":"https:\/\/cocohouseofbeauty.com\/it\/prodotto\/elleebana-helyx-hybrid-zucchero-dacero-marrone-chiaro\/#primaryimage"},"image":{"@id":"https:\/\/cocohouseofbeauty.com\/it\/prodotto\/elleebana-helyx-hybrid-zucchero-dacero-marrone-chiaro\/#primaryimage"},"thumbnailUrl":"https:\/\/cocohouseofbeauty.com\/wp-content\/uploads\/2025\/04\/HelyxHybrid-MapleSugar-Foil-scaled.jpg","datePublished":"2025-04-24T19:56:30+00:00","dateModified":"2025-12-09T09:59:50+00:00","description":"Ottieni sopracciglia morbide e naturali con Elleebana Helyx Hybrid Maple Sugar. Infuso con sostanze botaniche per un effetto giovane e baciato dal sole. Provalo subito!","breadcrumb":{"@id":"https:\/\/cocohouseofbeauty.com\/it\/prodotto\/elleebana-helyx-hybrid-zucchero-dacero-marrone-chiaro\/#breadcrumb"},"inLanguage":"it-IT","potentialAction":[{"@type":"ReadAction","target":["https:\/\/cocohouseofbeauty.com\/it\/prodotto\/elleebana-helyx-hybrid-zucchero-dacero-marrone-chiaro\/"]}]},{"@type":"ImageObject","inLanguage":"it-IT","@id":"https:\/\/cocohouseofbeauty.com\/it\/prodotto\/elleebana-helyx-hybrid-zucchero-dacero-marrone-chiaro\/#primaryimage","url":"https:\/\/cocohouseofbeauty.com\/wp-content\/uploads\/2025\/04\/HelyxHybrid-MapleSugar-Foil-scaled.jpg","contentUrl":"https:\/\/cocohouseofbeauty.com\/wp-content\/uploads\/2025\/04\/HelyxHybrid-MapleSugar-Foil-scaled.jpg","width":2560,"height":2375,"caption":"Elleebana Helyx Tinta Ibrida Zucchero d'Acero Tintura Liquida"},{"@type":"BreadcrumbList","@id":"https:\/\/cocohouseofbeauty.com\/it\/prodotto\/elleebana-helyx-hybrid-zucchero-dacero-marrone-chiaro\/#breadcrumb","itemListElement":[{"@type":"ListItem","position":1,"name":"Home","item":"https:\/\/cocohouseofbeauty.com\/it\/"},{"@type":"ListItem","position":2,"name":"Negozio","item":"https:\/\/cocohouseofbeauty.com\/it\/negozio\/"},{"@type":"ListItem","position":3,"name":"Elleebana Helyx Hybrid | Zucchero d&#8217;acero (marrone chiaro)"}]},{"@type":"WebSite","@id":"https:\/\/cocohouseofbeauty.com\/it\/#website","url":"https:\/\/cocohouseofbeauty.com\/it\/","name":"Coco House of Beauty","description":"Your beauty partner for exclusive lash &amp; brow brands","publisher":{"@id":"https:\/\/cocohouseofbeauty.com\/it\/#organization"},"potentialAction":[{"@type":"SearchAction","target":{"@type":"EntryPoint","urlTemplate":"https:\/\/cocohouseofbeauty.com\/it\/?s={search_term_string}"},"query-input":{"@type":"PropertyValueSpecification","valueRequired":true,"valueName":"search_term_string"}}],"inLanguage":"it-IT"},{"@type":"Organization","@id":"https:\/\/cocohouseofbeauty.com\/it\/#organization","name":"Coco House of Beauty","url":"https:\/\/cocohouseofbeauty.com\/it\/","logo":{"@type":"ImageObject","inLanguage":"it-IT","@id":"https:\/\/cocohouseofbeauty.com\/it\/#\/schema\/logo\/image\/","url":"https:\/\/cocohouseofbeauty.com\/wp-content\/uploads\/2024\/03\/cropped-coco-logo-zonder-estb.png","contentUrl":"https:\/\/cocohouseofbeauty.com\/wp-content\/uploads\/2024\/03\/cropped-coco-logo-zonder-estb.png","width":1532,"height":612,"caption":"Coco House of Beauty"},"image":{"@id":"https:\/\/cocohouseofbeauty.com\/it\/#\/schema\/logo\/image\/"},"sameAs":["https:\/\/www.facebook.com\/groups\/388929390727436\/about\/","https:\/\/www.instagram.com\/cocohouse.of.beauty\/","https:\/\/www.tiktok.com\/@cocohouseofbeauty"],"foundingDate":"2024-04-05","numberOfEmployees":{"@type":"QuantitativeValue","minValue":"11","maxValue":"50"}}]},"product_price_amount":"17.95","product_price_currency":"EUR","og_availability":"instock","product_availability":"instock","product_retailer_item_id":"COCO-2662","product_condition":"new"},"taxonomy_info":{"product_brand":[{"value":1655,"label":"Elleebana"}],"product_cat":[{"value":2047,"label":"Aerografo"},{"value":2008,"label":"Helyx Ibrido"}],"product_tag":[{"value":967,"label":"aerografo per sopracciglia"},{"value":2398,"label":"hybride wenkbrauwverf"},{"value":2012,"label":"Ibrido di Elleebana Helyx"},{"value":930,"label":"sopracciglia ibride"},{"value":2010,"label":"tinta ibrida"},{"value":2009,"label":"tintura ibrida"}]},"featured_image_src_large":["https:\/\/cocohouseofbeauty.com\/wp-content\/uploads\/2025\/04\/HelyxHybrid-MapleSugar-Foil-1024x950.jpg",1024,950,true],"author_info":[],"comment_info":0,"jetpack_sharing_enabled":true,"_links":{"self":[{"href":"https:\/\/cocohouseofbeauty.com\/it\/wp-json\/wp\/v2\/product\/22686","targetHints":{"allow":["GET"]}}],"collection":[{"href":"https:\/\/cocohouseofbeauty.com\/it\/wp-json\/wp\/v2\/product"}],"about":[{"href":"https:\/\/cocohouseofbeauty.com\/it\/wp-json\/wp\/v2\/types\/product"}],"replies":[{"embeddable":true,"href":"https:\/\/cocohouseofbeauty.com\/it\/wp-json\/wp\/v2\/comments?post=22686"}],"wp:featuredmedia":[{"embeddable":true,"href":"https:\/\/cocohouseofbeauty.com\/it\/wp-json\/wp\/v2\/media\/22876"}],"wp:attachment":[{"href":"https:\/\/cocohouseofbeauty.com\/it\/wp-json\/wp\/v2\/media?parent=22686"}],"wp:term":[{"taxonomy":"product_brand","embeddable":true,"href":"https:\/\/cocohouseofbeauty.com\/it\/wp-json\/wp\/v2\/product_brand?post=22686"},{"taxonomy":"product_cat","embeddable":true,"href":"https:\/\/cocohouseofbeauty.com\/it\/wp-json\/wp\/v2\/product_cat?post=22686"},{"taxonomy":"product_tag","embeddable":true,"href":"https:\/\/cocohouseofbeauty.com\/it\/wp-json\/wp\/v2\/product_tag?post=22686"}],"curies":[{"name":"wp","href":"https:\/\/api.w.org\/{rel}","templated":true}]}}