{"id":18598,"date":"2025-03-08T10:05:18","date_gmt":"2025-03-08T08:05:18","guid":{"rendered":"https:\/\/cocohouseofbeauty.com\/product\/kit-infinity-aqua-drops-kit-argento\/"},"modified":"2025-09-11T13:44:42","modified_gmt":"2025-09-11T11:44:42","slug":"kit-infinity-aqua-drops-kit-argento","status":"publish","type":"product","link":"https:\/\/cocohouseofbeauty.com\/it\/prodotto\/kit-infinity-aqua-drops-kit-argento\/","title":{"rendered":"Kit Infinity Aqua Drops &#8211; KIT ARGENTO"},"content":{"rendered":"<p><strong style=\"font-weight: bolder\">Infinity Aqua Drops HYBRID STAIN Kit &#8211; Tutte le 7 tonalit\u00e0 &#8211; Argento<\/strong><\/p>\n<p>Il<span>&nbsp;<\/span><strong style=\"font-weight: bolder\">Infinity Aqua Drops<span> <\/span><\/strong>\u00e8 il primo colorante ibrido liquido per sopracciglia senza henn\u00e9 al mondo, con propriet\u00e0 di costruzione del legame. Con una formulazione senza henn\u00e9 in attesa di brevetto, aiuta a creare una tinta ibrida dall&#8217;aspetto pieno e naturale. Questa tintura ibrida liquida per sopracciglia contiene peptidi per la creazione di legami con i capelli, infusi in una formula innovativa che crea risultati straordinari.  <\/p>\n<p>Vegano e cruelty-free, ogni tubo pu\u00f2 offrire fino a 60 trattamenti. Ottieni tutte le 7 tonalit\u00e0 e scegli tra i nostri kit Bronzo, Argento o Oro per ottenere le migliori sopracciglia ibride. <\/p>\n<ul>\n<li>Nemesis (nero)<\/li>\n<li>Ares (Rosso)<\/li>\n<li>Electra (marrone scuro)<\/li>\n<li>Apollo (Marrone medio)<\/li>\n<li>Afrodite (Marrone pi\u00f9 chiaro)<\/li>\n<li>Zeus (toner freddo)<\/li>\n<li>Selene (bionda)<\/li>\n<\/ul>\n<p><strong style=\"font-weight: bolder\">KIT ARGENTO:<span><span class=\"Apple-converted-space\">&nbsp;<\/span><\/span><span>Contiene tutte e sette le tonalit\u00e0 in tubetti da 15 mL, fino a 60 trattamenti per ogni tubetto, oltre al nostro sviluppatore a pompa, alla palette trasparente per il lifting e la colorazione, alla borsa per il trasporto e al pennello per lucidare e sfumare.  <\/span><\/strong><\/p>\n","protected":false},"excerpt":{"rendered":"<p class=\"ai-optimize-28\"><strong style=\"font-weight: bolder\">Infinity Aqua Drops HYBRID STAIN Kit &#8211; Tutte le 7 tonalit\u00e0 &#8211; Argento<\/strong><\/p>\n<p class=\"ai-optimize-29\"><strong style=\"font-weight: bolder\">Infinity Aqua Drops <\/strong>\u00e8 il primo colorante ibrido liquido per sopracciglia senza henn\u00e9 al mondo, con propriet\u00e0 di costruzione del legame. Con una formulazione senza henn\u00e9 in attesa di brevetto, aiuta a creare una tinta ibrida dall&#8217;aspetto pieno e naturale. Questa tintura ibrida liquida per sopracciglia contiene peptidi per la creazione di legami con i capelli, infusi in una formula innovativa che crea risultati straordinari.  <\/p>\n<p class=\"ai-optimize-30\">Vegano e cruelty-free, ogni tubo pu\u00f2 offrire fino a 60 trattamenti. Ottieni tutte le 7 tonalit\u00e0 e scegli tra i nostri kit Bronzo, Argento o Oro per ottenere le migliori sopracciglia ibride. <\/p>\n<ul>\n<li class=\"ai-optimize-31\">Nemesis (nero)<\/li>\n<li class=\"ai-optimize-32\">Ares (Rosso)<\/li>\n<li class=\"ai-optimize-33\">Electra (marrone scuro)<\/li>\n<li class=\"ai-optimize-34\">Apollo (Marrone medio)<\/li>\n<li class=\"ai-optimize-35\">Afrodite (Marrone pi\u00f9 chiaro)<\/li>\n<li class=\"ai-optimize-36\">Zeus (toner freddo)<\/li>\n<li class=\"ai-optimize-37\">Selene (bionda)<\/li>\n<\/ul>\n<p class=\"ai-optimize-38\"><strong style=\"font-weight: bolder\">KIT ARGENTO:<span class=\"Apple-converted-space\"> <\/span>Contiene tutte e sette le tonalit\u00e0 in tubetti da 15 mL, fino a 60 trattamenti per ogni tubetto, oltre al nostro sviluppatore a pompa, alla palette trasparente per il lifting e la colorazione, alla borsa per il trasporto e al pennello per lucidare e sfumare.  <\/strong><\/p>\n<p class=\"ai-optimize-39\">SKU: COCO-2371<\/p>\n","protected":false},"featured_media":17506,"comment_status":"open","ping_status":"closed","template":"","meta":{"_kad_blocks_custom_css":"","_kad_blocks_head_custom_js":"","_kad_blocks_body_custom_js":"","_kad_blocks_footer_custom_js":"","_kadence_starter_templates_imported_post":false,"_kad_post_transparent":"","_kad_post_title":"","_kad_post_layout":"","_kad_post_sidebar_id":"","_kad_post_content_style":"","_kad_post_vertical_padding":"","_kad_post_feature":"","_kad_post_feature_position":"","_kad_post_header":false,"_kad_post_footer":false,"_kad_post_classname":""},"product_brand":[3263],"product_cat":[2047,108,2100,155],"product_tag":[692,2823,559,2824],"class_list":{"0":"post-18598","1":"product","2":"type-product","3":"status-publish","4":"has-post-thumbnail","6":"product_brand-infinity-hybrid","7":"product_cat-aerografo","8":"product_cat-formazione-e-corsi","9":"product_cat-henne-per-le-sopracciglia","10":"product_cat-infinity-hybrid-it","11":"product_tag-infinityhybrid-it","12":"product_tag-kit-it","13":"product_tag-startkit-it","14":"product_tag-tinte-it","15":"product_shipping_class-piccolo-pacchetto","17":"first","18":"instock","19":"taxable","20":"shipping-taxable","21":"purchasable","22":"product-type-simple","23":"entry","24":"content-bg","25":"loop-entry"},"yoast_head":"<!-- This site is optimized with the Yoast SEO Premium plugin v27.2 (Yoast SEO v27.2) - https:\/\/yoast.com\/product\/yoast-seo-premium-wordpress\/ -->\n<title>Kit Infinity Aqua Drops - Kit Argento | Colorante ibrido per sopracciglia senza henn\u00e9<\/title>\n<meta name=\"description\" content=\"Trasforma le tue sopracciglia con il kit Infinity Aqua Drops - SILVER KIT. Approfitta di 7 splendide tonalit\u00e0 per sopracciglia bellissime e ibride!\" \/>\n<meta name=\"robots\" content=\"index, follow, max-snippet:-1, max-image-preview:large, max-video-preview:-1\" \/>\n<link rel=\"canonical\" href=\"https:\/\/cocohouseofbeauty.com\/it\/prodotto\/kit-infinity-aqua-drops-kit-argento\/\" \/>\n<meta property=\"og:locale\" content=\"it_IT\" \/>\n<meta property=\"og:type\" content=\"article\" \/>\n<meta property=\"og:title\" content=\"Kit Infinity Aqua Drops - KIT ARGENTO\" \/>\n<meta property=\"og:description\" content=\"Trasforma le tue sopracciglia con il kit Infinity Aqua Drops - SILVER KIT. Approfitta di 7 splendide tonalit\u00e0 per sopracciglia bellissime e ibride!\" \/>\n<meta property=\"og:url\" content=\"https:\/\/cocohouseofbeauty.com\/it\/prodotto\/kit-infinity-aqua-drops-kit-argento\/\" \/>\n<meta property=\"og:site_name\" content=\"Coco House of Beauty\" \/>\n<meta property=\"article:publisher\" content=\"https:\/\/www.facebook.com\/groups\/388929390727436\/about\/\" \/>\n<meta property=\"article:modified_time\" content=\"2025-09-11T11:44:42+00:00\" \/>\n<meta property=\"og:image\" content=\"https:\/\/cocohouseofbeauty.com\/wp-content\/uploads\/2025\/03\/img_4158.jpeg\" \/>\n\t<meta property=\"og:image:width\" content=\"1584\" \/>\n\t<meta property=\"og:image:height\" content=\"1600\" \/>\n\t<meta property=\"og:image:type\" content=\"image\/jpeg\" \/>\n<meta name=\"twitter:card\" content=\"summary_large_image\" \/>\n<meta name=\"twitter:label1\" content=\"Prezzo\" \/>\n\t<meta name=\"twitter:data1\" content=\"&euro;&nbsp;109,95\" \/>\n\t<meta name=\"twitter:label2\" content=\"Disponibilit\u00e0\" \/>\n\t<meta name=\"twitter:data2\" content=\"In stock\" \/>\n<script type=\"application\/ld+json\" class=\"yoast-schema-graph\">{\"@context\":\"https:\/\/schema.org\",\"@graph\":[{\"@type\":\"WebPage\",\"@id\":\"https:\/\/cocohouseofbeauty.com\/it\/prodotto\/kit-infinity-aqua-drops-kit-argento\/\",\"url\":\"https:\/\/cocohouseofbeauty.com\/it\/prodotto\/kit-infinity-aqua-drops-kit-argento\/\",\"name\":\"Kit Infinity Aqua Drops - Kit Argento | Colorante ibrido per sopracciglia senza henn\u00e9\",\"isPartOf\":{\"@id\":\"https:\/\/cocohouseofbeauty.com\/it\/#website\"},\"primaryImageOfPage\":{\"@id\":\"https:\/\/cocohouseofbeauty.com\/it\/prodotto\/kit-infinity-aqua-drops-kit-argento\/#primaryimage\"},\"image\":{\"@id\":\"https:\/\/cocohouseofbeauty.com\/it\/prodotto\/kit-infinity-aqua-drops-kit-argento\/#primaryimage\"},\"thumbnailUrl\":\"https:\/\/cocohouseofbeauty.com\/wp-content\/uploads\/2025\/03\/img_4158.jpeg\",\"datePublished\":\"2025-03-08T08:05:18+00:00\",\"dateModified\":\"2025-09-11T11:44:42+00:00\",\"description\":\"Trasforma le tue sopracciglia con il kit Infinity Aqua Drops - SILVER KIT. Approfitta di 7 splendide tonalit\u00e0 per sopracciglia bellissime e ibride!\",\"breadcrumb\":{\"@id\":\"https:\/\/cocohouseofbeauty.com\/it\/prodotto\/kit-infinity-aqua-drops-kit-argento\/#breadcrumb\"},\"inLanguage\":\"it-IT\",\"potentialAction\":[{\"@type\":\"ReadAction\",\"target\":[\"https:\/\/cocohouseofbeauty.com\/it\/prodotto\/kit-infinity-aqua-drops-kit-argento\/\"]}]},{\"@type\":\"ImageObject\",\"inLanguage\":\"it-IT\",\"@id\":\"https:\/\/cocohouseofbeauty.com\/it\/prodotto\/kit-infinity-aqua-drops-kit-argento\/#primaryimage\",\"url\":\"https:\/\/cocohouseofbeauty.com\/wp-content\/uploads\/2025\/03\/img_4158.jpeg\",\"contentUrl\":\"https:\/\/cocohouseofbeauty.com\/wp-content\/uploads\/2025\/03\/img_4158.jpeg\",\"width\":1584,\"height\":1600},{\"@type\":\"BreadcrumbList\",\"@id\":\"https:\/\/cocohouseofbeauty.com\/it\/prodotto\/kit-infinity-aqua-drops-kit-argento\/#breadcrumb\",\"itemListElement\":[{\"@type\":\"ListItem\",\"position\":1,\"name\":\"Home\",\"item\":\"https:\/\/cocohouseofbeauty.com\/it\/\"},{\"@type\":\"ListItem\",\"position\":2,\"name\":\"Negozio\",\"item\":\"https:\/\/cocohouseofbeauty.com\/it\/negozio\/\"},{\"@type\":\"ListItem\",\"position\":3,\"name\":\"Kit Infinity Aqua Drops &#8211; KIT ARGENTO\"}]},{\"@type\":\"WebSite\",\"@id\":\"https:\/\/cocohouseofbeauty.com\/it\/#website\",\"url\":\"https:\/\/cocohouseofbeauty.com\/it\/\",\"name\":\"Coco House of Beauty\",\"description\":\"Your beauty partner for exclusive lash &amp; brow brands\",\"publisher\":{\"@id\":\"https:\/\/cocohouseofbeauty.com\/it\/#organization\"},\"potentialAction\":[{\"@type\":\"SearchAction\",\"target\":{\"@type\":\"EntryPoint\",\"urlTemplate\":\"https:\/\/cocohouseofbeauty.com\/it\/?s={search_term_string}\"},\"query-input\":{\"@type\":\"PropertyValueSpecification\",\"valueRequired\":true,\"valueName\":\"search_term_string\"}}],\"inLanguage\":\"it-IT\"},{\"@type\":\"Organization\",\"@id\":\"https:\/\/cocohouseofbeauty.com\/it\/#organization\",\"name\":\"Coco House of Beauty\",\"url\":\"https:\/\/cocohouseofbeauty.com\/it\/\",\"logo\":{\"@type\":\"ImageObject\",\"inLanguage\":\"it-IT\",\"@id\":\"https:\/\/cocohouseofbeauty.com\/it\/#\/schema\/logo\/image\/\",\"url\":\"https:\/\/cocohouseofbeauty.com\/wp-content\/uploads\/2024\/03\/cropped-coco-logo-zonder-estb.png\",\"contentUrl\":\"https:\/\/cocohouseofbeauty.com\/wp-content\/uploads\/2024\/03\/cropped-coco-logo-zonder-estb.png\",\"width\":1532,\"height\":612,\"caption\":\"Coco House of Beauty\"},\"image\":{\"@id\":\"https:\/\/cocohouseofbeauty.com\/it\/#\/schema\/logo\/image\/\"},\"sameAs\":[\"https:\/\/www.facebook.com\/groups\/388929390727436\/about\/\",\"https:\/\/www.instagram.com\/cocohouse.of.beauty\/\",\"https:\/\/www.tiktok.com\/@cocohouseofbeauty\"],\"foundingDate\":\"2024-04-05\",\"numberOfEmployees\":{\"@type\":\"QuantitativeValue\",\"minValue\":\"11\",\"maxValue\":\"50\"}}]}<\/script>\n<meta property=\"product:price:amount\" content=\"109.95\" \/>\n<meta property=\"product:price:currency\" content=\"EUR\" \/>\n<meta property=\"og:availability\" content=\"instock\" \/>\n<meta property=\"product:availability\" content=\"instock\" \/>\n<meta property=\"product:retailer_item_id\" content=\"COCO-2371\" \/>\n<meta property=\"product:condition\" content=\"new\" \/>\n<!-- \/ Yoast SEO Premium plugin. -->","yoast_head_json":{"title":"Kit Infinity Aqua Drops - Kit Argento | Colorante ibrido per sopracciglia senza henn\u00e9","description":"Trasforma le tue sopracciglia con il kit Infinity Aqua Drops - SILVER KIT. Approfitta di 7 splendide tonalit\u00e0 per sopracciglia bellissime e ibride!","robots":{"index":"index","follow":"follow","max-snippet":"max-snippet:-1","max-image-preview":"max-image-preview:large","max-video-preview":"max-video-preview:-1"},"canonical":"https:\/\/cocohouseofbeauty.com\/it\/prodotto\/kit-infinity-aqua-drops-kit-argento\/","og_locale":"it_IT","og_type":"article","og_title":"Kit Infinity Aqua Drops - KIT ARGENTO","og_description":"Trasforma le tue sopracciglia con il kit Infinity Aqua Drops - SILVER KIT. Approfitta di 7 splendide tonalit\u00e0 per sopracciglia bellissime e ibride!","og_url":"https:\/\/cocohouseofbeauty.com\/it\/prodotto\/kit-infinity-aqua-drops-kit-argento\/","og_site_name":"Coco House of Beauty","article_publisher":"https:\/\/www.facebook.com\/groups\/388929390727436\/about\/","article_modified_time":"2025-09-11T11:44:42+00:00","og_image":[{"width":1584,"height":1600,"url":"https:\/\/cocohouseofbeauty.com\/wp-content\/uploads\/2025\/03\/img_4158.jpeg","type":"image\/jpeg"}],"twitter_card":"summary_large_image","twitter_misc":{"Prezzo":"&euro;&nbsp;109,95","Disponibilit\u00e0":"In stock"},"schema":{"@context":"https:\/\/schema.org","@graph":[{"@type":"WebPage","@id":"https:\/\/cocohouseofbeauty.com\/it\/prodotto\/kit-infinity-aqua-drops-kit-argento\/","url":"https:\/\/cocohouseofbeauty.com\/it\/prodotto\/kit-infinity-aqua-drops-kit-argento\/","name":"Kit Infinity Aqua Drops - Kit Argento | Colorante ibrido per sopracciglia senza henn\u00e9","isPartOf":{"@id":"https:\/\/cocohouseofbeauty.com\/it\/#website"},"primaryImageOfPage":{"@id":"https:\/\/cocohouseofbeauty.com\/it\/prodotto\/kit-infinity-aqua-drops-kit-argento\/#primaryimage"},"image":{"@id":"https:\/\/cocohouseofbeauty.com\/it\/prodotto\/kit-infinity-aqua-drops-kit-argento\/#primaryimage"},"thumbnailUrl":"https:\/\/cocohouseofbeauty.com\/wp-content\/uploads\/2025\/03\/img_4158.jpeg","datePublished":"2025-03-08T08:05:18+00:00","dateModified":"2025-09-11T11:44:42+00:00","description":"Trasforma le tue sopracciglia con il kit Infinity Aqua Drops - SILVER KIT. Approfitta di 7 splendide tonalit\u00e0 per sopracciglia bellissime e ibride!","breadcrumb":{"@id":"https:\/\/cocohouseofbeauty.com\/it\/prodotto\/kit-infinity-aqua-drops-kit-argento\/#breadcrumb"},"inLanguage":"it-IT","potentialAction":[{"@type":"ReadAction","target":["https:\/\/cocohouseofbeauty.com\/it\/prodotto\/kit-infinity-aqua-drops-kit-argento\/"]}]},{"@type":"ImageObject","inLanguage":"it-IT","@id":"https:\/\/cocohouseofbeauty.com\/it\/prodotto\/kit-infinity-aqua-drops-kit-argento\/#primaryimage","url":"https:\/\/cocohouseofbeauty.com\/wp-content\/uploads\/2025\/03\/img_4158.jpeg","contentUrl":"https:\/\/cocohouseofbeauty.com\/wp-content\/uploads\/2025\/03\/img_4158.jpeg","width":1584,"height":1600},{"@type":"BreadcrumbList","@id":"https:\/\/cocohouseofbeauty.com\/it\/prodotto\/kit-infinity-aqua-drops-kit-argento\/#breadcrumb","itemListElement":[{"@type":"ListItem","position":1,"name":"Home","item":"https:\/\/cocohouseofbeauty.com\/it\/"},{"@type":"ListItem","position":2,"name":"Negozio","item":"https:\/\/cocohouseofbeauty.com\/it\/negozio\/"},{"@type":"ListItem","position":3,"name":"Kit Infinity Aqua Drops &#8211; KIT ARGENTO"}]},{"@type":"WebSite","@id":"https:\/\/cocohouseofbeauty.com\/it\/#website","url":"https:\/\/cocohouseofbeauty.com\/it\/","name":"Coco House of Beauty","description":"Your beauty partner for exclusive lash &amp; brow brands","publisher":{"@id":"https:\/\/cocohouseofbeauty.com\/it\/#organization"},"potentialAction":[{"@type":"SearchAction","target":{"@type":"EntryPoint","urlTemplate":"https:\/\/cocohouseofbeauty.com\/it\/?s={search_term_string}"},"query-input":{"@type":"PropertyValueSpecification","valueRequired":true,"valueName":"search_term_string"}}],"inLanguage":"it-IT"},{"@type":"Organization","@id":"https:\/\/cocohouseofbeauty.com\/it\/#organization","name":"Coco House of Beauty","url":"https:\/\/cocohouseofbeauty.com\/it\/","logo":{"@type":"ImageObject","inLanguage":"it-IT","@id":"https:\/\/cocohouseofbeauty.com\/it\/#\/schema\/logo\/image\/","url":"https:\/\/cocohouseofbeauty.com\/wp-content\/uploads\/2024\/03\/cropped-coco-logo-zonder-estb.png","contentUrl":"https:\/\/cocohouseofbeauty.com\/wp-content\/uploads\/2024\/03\/cropped-coco-logo-zonder-estb.png","width":1532,"height":612,"caption":"Coco House of Beauty"},"image":{"@id":"https:\/\/cocohouseofbeauty.com\/it\/#\/schema\/logo\/image\/"},"sameAs":["https:\/\/www.facebook.com\/groups\/388929390727436\/about\/","https:\/\/www.instagram.com\/cocohouse.of.beauty\/","https:\/\/www.tiktok.com\/@cocohouseofbeauty"],"foundingDate":"2024-04-05","numberOfEmployees":{"@type":"QuantitativeValue","minValue":"11","maxValue":"50"}}]},"product_price_amount":"109.95","product_price_currency":"EUR","og_availability":"instock","product_availability":"instock","product_retailer_item_id":"COCO-2371","product_condition":"new"},"taxonomy_info":{"product_brand":[{"value":3263,"label":"Infinity Hybrid"}],"product_cat":[{"value":2047,"label":"Aerografo"},{"value":108,"label":"Formazione e corsi"},{"value":2100,"label":"Henn\u00e9 per le sopracciglia"},{"value":155,"label":"Infinity hybrid"}],"product_tag":[{"value":692,"label":"infinityhybrid"},{"value":2823,"label":"Kit"},{"value":559,"label":"startkit"},{"value":2824,"label":"tinte"}]},"featured_image_src_large":["https:\/\/cocohouseofbeauty.com\/wp-content\/uploads\/2025\/03\/img_4158-1014x1024.jpeg",1014,1024,true],"author_info":[],"comment_info":0,"jetpack_sharing_enabled":true,"_links":{"self":[{"href":"https:\/\/cocohouseofbeauty.com\/it\/wp-json\/wp\/v2\/product\/18598","targetHints":{"allow":["GET"]}}],"collection":[{"href":"https:\/\/cocohouseofbeauty.com\/it\/wp-json\/wp\/v2\/product"}],"about":[{"href":"https:\/\/cocohouseofbeauty.com\/it\/wp-json\/wp\/v2\/types\/product"}],"replies":[{"embeddable":true,"href":"https:\/\/cocohouseofbeauty.com\/it\/wp-json\/wp\/v2\/comments?post=18598"}],"wp:featuredmedia":[{"embeddable":true,"href":"https:\/\/cocohouseofbeauty.com\/it\/wp-json\/wp\/v2\/media\/17506"}],"wp:attachment":[{"href":"https:\/\/cocohouseofbeauty.com\/it\/wp-json\/wp\/v2\/media?parent=18598"}],"wp:term":[{"taxonomy":"product_brand","embeddable":true,"href":"https:\/\/cocohouseofbeauty.com\/it\/wp-json\/wp\/v2\/product_brand?post=18598"},{"taxonomy":"product_cat","embeddable":true,"href":"https:\/\/cocohouseofbeauty.com\/it\/wp-json\/wp\/v2\/product_cat?post=18598"},{"taxonomy":"product_tag","embeddable":true,"href":"https:\/\/cocohouseofbeauty.com\/it\/wp-json\/wp\/v2\/product_tag?post=18598"}],"curies":[{"name":"wp","href":"https:\/\/api.w.org\/{rel}","templated":true}]}}