{"id":9877,"date":"2024-03-26T15:27:13","date_gmt":"2024-03-26T13:27:13","guid":{"rendered":"https:\/\/cocohouseofbeauty.com\/product\/belmacil-oxy-3\/"},"modified":"2025-09-26T13:53:08","modified_gmt":"2025-09-26T11:53:08","slug":"belmacil-oxy-3","status":"publish","type":"product","link":"https:\/\/cocohouseofbeauty.com\/fr\/produit\/belmacil-oxy-3\/","title":{"rendered":"Belmacil Oxy 3"},"content":{"rendered":"<p class=\"ai-optimize-26 ai-optimize-introduction\" data-start=\"423\" data-end=\"499\"><span class=\"relative -mx-px my-[-0.2rem] rounded px-px py-[0.2rem] transition-colors duration-100 ease-in-out\">Obtenez des r\u00e9sultats de teinture de qualit\u00e9 sup\u00e9rieure avec <strong data-start=\"33\" data-end=\"52\">Belmacil Oxy 3%<\/strong>, un activateur en cr\u00e8me de qualit\u00e9 professionnelle con\u00e7u pour les artistes des cils et des sourcils. Ce flacon de 100 ml contient une base de peroxyde d&#8217;hydrog\u00e8ne \u00e0 3%, \u00e0 la fois douce et puissante, stabilis\u00e9e dans une formule cr\u00e9meuse qui am\u00e9liore la consistance et la performance de la teinte. Contrairement aux r\u00e9v\u00e9lateurs liquides qui peuvent couler ou \u00e9clabousser les yeux des clients, la texture \u00e9paisse de la cr\u00e8me reste en place, ce qui rend vos m\u00e9langes de teintes lisses, faciles \u00e0 distribuer et moins susceptibles de provoquer des accidents.  <\/span><\/p>\n<p class=\"ai-optimize-27\" data-start=\"501\" data-end=\"615\"><span class=\"relative -mx-px my-[-0.2rem] rounded px-px py-[0.2rem] transition-colors duration-100 ease-in-out\">Chaque flacon compressible offre plus de 1 000 applications, avec un embout fin et pr\u00e9cis qui vous permet de compter les gouttes exactes et de r\u00e9duire le gaspillage de produit. Une caract\u00e9ristique pratique que vous et votre portefeuille appr\u00e9cierez.   <\/span><span class=\"relative -mx-px my-[-0.2rem] rounded px-px py-[0.2rem] transition-colors duration-100 ease-in-out\">Id\u00e9ale pour les clients sensibles, cette cr\u00e8me r\u00e9v\u00e9latrice est \u00e0 la fois ultra-douce et efficace. Elle permet d&#8217;obtenir une teinte vibrante et durable tout en pr\u00e9servant le confort de la peau pendant toute la dur\u00e9e du service.<\/span><\/p>\n<p class=\"ai-optimize-28\" data-start=\"617\" data-end=\"836\"><span class=\"relative -mx-px my-[-0.2rem] rounded px-px py-[0.2rem] transition-colors duration-100 ease-in-out\">Que vous travailliez avec des clients apr\u00e8s le pelliculage ou que vous offriez des services de teinture autonomes, <strong data-start=\"91\" data-end=\"110\">Belmacil Oxy 3%<\/strong> garantit un d\u00e9veloppement et une r\u00e9tention optimaux de la couleur. Il est officiellement r\u00e9serv\u00e9 aux professionnels et fabriqu\u00e9 en Suisse, ce qui garantit la fiabilit\u00e9 et la qualit\u00e9 de chaque goutte.   <\/span>Pour les techniciens des sourcils et des cils \u00e0 la recherche d&#8217;un r\u00e9v\u00e9lateur fiable et facile \u00e0 utiliser, cette cr\u00e8me activatrice est un produit essentiel dans la trousse de votre salon.<\/p>\n","protected":false},"excerpt":{"rendered":"<p class=\"ai-optimize-29\" data-start=\"337\" data-end=\"374\"><span class=\"relative -mx-px my-[-0.2rem] rounded px-px py-[0.2rem] transition-colors duration-100 ease-in-out\">Belmacil Oxy 3% Cream Developer est un activateur stabilis\u00e9 et doux con\u00e7u pour am\u00e9liorer la performance des teintures pour cils et sourcils Belmacil. Sa formulation cr\u00e9meuse permet un m\u00e9lange doux, une distribution pr\u00e9cise et plus de 1 000 applications par flacon de 100 ml. <\/span><\/p>\n<p class=\"ai-optimize-24\">SKU : COCO-2089<\/p>\n","protected":false},"featured_media":26065,"comment_status":"closed","ping_status":"closed","template":"","meta":{"_kad_blocks_custom_css":"","_kad_blocks_head_custom_js":"","_kad_blocks_body_custom_js":"","_kad_blocks_footer_custom_js":"","_kadence_starter_templates_imported_post":false,"_kad_post_transparent":"default","_kad_post_title":"","_kad_post_layout":"default","_kad_post_sidebar_id":"","_kad_post_content_style":"default","_kad_post_vertical_padding":"default","_kad_post_feature":"","_kad_post_feature_position":"","_kad_post_header":false,"_kad_post_footer":false,"_kad_post_classname":""},"product_brand":[],"product_cat":[211,119,2089],"product_tag":[3905,3910,3903,3906,3907,3911,3904,3908,3912,3909],"class_list":{"0":"post-9877","1":"product","2":"type-product","3":"status-publish","4":"has-post-thumbnail","6":"product_cat-belmacil-tint-fr","7":"product_cat-elleebana-fr","8":"product_cat-teinte","9":"product_tag-activateur-de-teinte-des-cils","10":"product_tag-activateur-de-teinte-suisse","11":"product_tag-belmacil-oxy-3-fr","12":"product_tag-creme-de-developpement-3","13":"product_tag-developpeur-belmacil","14":"product_tag-developpeur-de-cils-et-sourcils","15":"product_tag-developpeur-de-teinte-a-sourcils","16":"product_tag-developpeur-de-teintes-professionnel","17":"product_tag-melange-precis-des-teintes","18":"product_tag-oxydant-doux","19":"product_shipping_class-colis-postal","21":"first","22":"instock","23":"taxable","24":"shipping-taxable","25":"purchasable","26":"product-type-simple","27":"entry","28":"content-bg","29":"loop-entry"},"yoast_head":"<!-- This site is optimized with the Yoast SEO Premium plugin v27.2 (Yoast SEO v27.2) - https:\/\/yoast.com\/product\/yoast-seo-premium-wordpress\/ -->\n<title>Belmacil Oxy 3% Developer - Cr\u00e8me activatrice pour la teinture des cils et des sourcils<\/title>\n<meta name=\"description\" content=\"Obtenez des cils magnifiques avec Belmacil Oxy 3%. Cette teinture de 100 ml est parfaite pour un look magnifique et durable. Commandez d\u00e8s maintenant !\" \/>\n<meta name=\"robots\" content=\"index, follow, max-snippet:-1, max-image-preview:large, max-video-preview:-1\" \/>\n<link rel=\"canonical\" href=\"https:\/\/cocohouseofbeauty.com\/fr\/produit\/belmacil-oxy-3\/\" \/>\n<meta property=\"og:locale\" content=\"fr_FR\" \/>\n<meta property=\"og:type\" content=\"article\" \/>\n<meta property=\"og:title\" content=\"Belmacil Oxy 3\" \/>\n<meta property=\"og:description\" content=\"Obtenez des cils magnifiques avec Belmacil Oxy 3%. Cette teinture de 100 ml est parfaite pour un look magnifique et durable. Commandez d\u00e8s maintenant !\" \/>\n<meta property=\"og:url\" content=\"https:\/\/cocohouseofbeauty.com\/fr\/produit\/belmacil-oxy-3\/\" \/>\n<meta property=\"og:site_name\" content=\"Coco House of Beauty\" \/>\n<meta property=\"article:publisher\" content=\"https:\/\/www.facebook.com\/groups\/388929390727436\/about\/\" \/>\n<meta property=\"article:modified_time\" content=\"2025-09-26T11:53:08+00:00\" \/>\n<meta property=\"og:image\" content=\"https:\/\/cocohouseofbeauty.com\/wp-content\/uploads\/2024\/03\/BELMACIL-CREME-OXYDANT-100ml.png\" \/>\n\t<meta property=\"og:image:width\" content=\"1080\" \/>\n\t<meta property=\"og:image:height\" content=\"1080\" \/>\n\t<meta property=\"og:image:type\" content=\"image\/png\" \/>\n<meta name=\"twitter:card\" content=\"summary_large_image\" \/>\n<meta name=\"twitter:label1\" content=\"Prix\" \/>\n\t<meta name=\"twitter:data1\" content=\"&euro;&nbsp;6,95\" \/>\n\t<meta name=\"twitter:label2\" content=\"Disponibilit\u00e9\" \/>\n\t<meta name=\"twitter:data2\" content=\"En stock\" \/>\n<script type=\"application\/ld+json\" class=\"yoast-schema-graph\">{\"@context\":\"https:\/\/schema.org\",\"@graph\":[{\"@type\":\"WebPage\",\"@id\":\"https:\/\/cocohouseofbeauty.com\/fr\/produit\/belmacil-oxy-3\/\",\"url\":\"https:\/\/cocohouseofbeauty.com\/fr\/produit\/belmacil-oxy-3\/\",\"name\":\"Belmacil Oxy 3% Developer - Cr\u00e8me activatrice pour la teinture des cils et des sourcils\",\"isPartOf\":{\"@id\":\"https:\/\/cocohouseofbeauty.com\/fr\/#website\"},\"primaryImageOfPage\":{\"@id\":\"https:\/\/cocohouseofbeauty.com\/fr\/produit\/belmacil-oxy-3\/#primaryimage\"},\"image\":{\"@id\":\"https:\/\/cocohouseofbeauty.com\/fr\/produit\/belmacil-oxy-3\/#primaryimage\"},\"thumbnailUrl\":\"https:\/\/cocohouseofbeauty.com\/wp-content\/uploads\/2024\/03\/BELMACIL-CREME-OXYDANT-100ml.png\",\"datePublished\":\"2024-03-26T13:27:13+00:00\",\"dateModified\":\"2025-09-26T11:53:08+00:00\",\"description\":\"Obtenez des cils magnifiques avec Belmacil Oxy 3%. Cette teinture de 100 ml est parfaite pour un look magnifique et durable. Commandez d\u00e8s maintenant !\",\"breadcrumb\":{\"@id\":\"https:\/\/cocohouseofbeauty.com\/fr\/produit\/belmacil-oxy-3\/#breadcrumb\"},\"inLanguage\":\"fr-FR\",\"potentialAction\":[{\"@type\":\"ReadAction\",\"target\":[\"https:\/\/cocohouseofbeauty.com\/fr\/produit\/belmacil-oxy-3\/\"]}]},{\"@type\":\"ImageObject\",\"inLanguage\":\"fr-FR\",\"@id\":\"https:\/\/cocohouseofbeauty.com\/fr\/produit\/belmacil-oxy-3\/#primaryimage\",\"url\":\"https:\/\/cocohouseofbeauty.com\/wp-content\/uploads\/2024\/03\/BELMACIL-CREME-OXYDANT-100ml.png\",\"contentUrl\":\"https:\/\/cocohouseofbeauty.com\/wp-content\/uploads\/2024\/03\/BELMACIL-CREME-OXYDANT-100ml.png\",\"width\":1080,\"height\":1080,\"caption\":\"BELMACIL CREME OXYDANT 100ml\"},{\"@type\":\"BreadcrumbList\",\"@id\":\"https:\/\/cocohouseofbeauty.com\/fr\/produit\/belmacil-oxy-3\/#breadcrumb\",\"itemListElement\":[{\"@type\":\"ListItem\",\"position\":1,\"name\":\"Home\",\"item\":\"https:\/\/cocohouseofbeauty.com\/fr\/\"},{\"@type\":\"ListItem\",\"position\":2,\"name\":\"Boutique\",\"item\":\"https:\/\/cocohouseofbeauty.com\/fr\/boutique\/\"},{\"@type\":\"ListItem\",\"position\":3,\"name\":\"Belmacil Oxy 3\"}]},{\"@type\":\"WebSite\",\"@id\":\"https:\/\/cocohouseofbeauty.com\/fr\/#website\",\"url\":\"https:\/\/cocohouseofbeauty.com\/fr\/\",\"name\":\"Coco House of Beauty\",\"description\":\"Your beauty partner for exclusive lash &amp; brow brands\",\"publisher\":{\"@id\":\"https:\/\/cocohouseofbeauty.com\/fr\/#organization\"},\"potentialAction\":[{\"@type\":\"SearchAction\",\"target\":{\"@type\":\"EntryPoint\",\"urlTemplate\":\"https:\/\/cocohouseofbeauty.com\/fr\/?s={search_term_string}\"},\"query-input\":{\"@type\":\"PropertyValueSpecification\",\"valueRequired\":true,\"valueName\":\"search_term_string\"}}],\"inLanguage\":\"fr-FR\"},{\"@type\":\"Organization\",\"@id\":\"https:\/\/cocohouseofbeauty.com\/fr\/#organization\",\"name\":\"Coco House of Beauty\",\"url\":\"https:\/\/cocohouseofbeauty.com\/fr\/\",\"logo\":{\"@type\":\"ImageObject\",\"inLanguage\":\"fr-FR\",\"@id\":\"https:\/\/cocohouseofbeauty.com\/fr\/#\/schema\/logo\/image\/\",\"url\":\"https:\/\/cocohouseofbeauty.com\/wp-content\/uploads\/2024\/03\/cropped-coco-logo-zonder-estb.png\",\"contentUrl\":\"https:\/\/cocohouseofbeauty.com\/wp-content\/uploads\/2024\/03\/cropped-coco-logo-zonder-estb.png\",\"width\":1532,\"height\":612,\"caption\":\"Coco House of Beauty\"},\"image\":{\"@id\":\"https:\/\/cocohouseofbeauty.com\/fr\/#\/schema\/logo\/image\/\"},\"sameAs\":[\"https:\/\/www.facebook.com\/groups\/388929390727436\/about\/\",\"https:\/\/www.instagram.com\/cocohouse.of.beauty\/\",\"https:\/\/www.tiktok.com\/@cocohouseofbeauty\"],\"foundingDate\":\"2024-04-05\",\"numberOfEmployees\":{\"@type\":\"QuantitativeValue\",\"minValue\":\"11\",\"maxValue\":\"50\"}}]}<\/script>\n<meta property=\"product:price:amount\" content=\"6.95\" \/>\n<meta property=\"product:price:currency\" content=\"EUR\" \/>\n<meta property=\"og:availability\" content=\"instock\" \/>\n<meta property=\"product:availability\" content=\"instock\" \/>\n<meta property=\"product:retailer_item_id\" content=\"COCO-2089\" \/>\n<meta property=\"product:condition\" content=\"new\" \/>\n<!-- \/ Yoast SEO Premium plugin. -->","yoast_head_json":{"title":"Belmacil Oxy 3% Developer - Cr\u00e8me activatrice pour la teinture des cils et des sourcils","description":"Obtenez des cils magnifiques avec Belmacil Oxy 3%. Cette teinture de 100 ml est parfaite pour un look magnifique et durable. Commandez d\u00e8s maintenant !","robots":{"index":"index","follow":"follow","max-snippet":"max-snippet:-1","max-image-preview":"max-image-preview:large","max-video-preview":"max-video-preview:-1"},"canonical":"https:\/\/cocohouseofbeauty.com\/fr\/produit\/belmacil-oxy-3\/","og_locale":"fr_FR","og_type":"article","og_title":"Belmacil Oxy 3","og_description":"Obtenez des cils magnifiques avec Belmacil Oxy 3%. Cette teinture de 100 ml est parfaite pour un look magnifique et durable. Commandez d\u00e8s maintenant !","og_url":"https:\/\/cocohouseofbeauty.com\/fr\/produit\/belmacil-oxy-3\/","og_site_name":"Coco House of Beauty","article_publisher":"https:\/\/www.facebook.com\/groups\/388929390727436\/about\/","article_modified_time":"2025-09-26T11:53:08+00:00","og_image":[{"width":1080,"height":1080,"url":"https:\/\/cocohouseofbeauty.com\/wp-content\/uploads\/2024\/03\/BELMACIL-CREME-OXYDANT-100ml.png","type":"image\/png"}],"twitter_card":"summary_large_image","twitter_misc":{"Prix":"&euro;&nbsp;6,95","Disponibilit\u00e9":"En stock"},"schema":{"@context":"https:\/\/schema.org","@graph":[{"@type":"WebPage","@id":"https:\/\/cocohouseofbeauty.com\/fr\/produit\/belmacil-oxy-3\/","url":"https:\/\/cocohouseofbeauty.com\/fr\/produit\/belmacil-oxy-3\/","name":"Belmacil Oxy 3% Developer - Cr\u00e8me activatrice pour la teinture des cils et des sourcils","isPartOf":{"@id":"https:\/\/cocohouseofbeauty.com\/fr\/#website"},"primaryImageOfPage":{"@id":"https:\/\/cocohouseofbeauty.com\/fr\/produit\/belmacil-oxy-3\/#primaryimage"},"image":{"@id":"https:\/\/cocohouseofbeauty.com\/fr\/produit\/belmacil-oxy-3\/#primaryimage"},"thumbnailUrl":"https:\/\/cocohouseofbeauty.com\/wp-content\/uploads\/2024\/03\/BELMACIL-CREME-OXYDANT-100ml.png","datePublished":"2024-03-26T13:27:13+00:00","dateModified":"2025-09-26T11:53:08+00:00","description":"Obtenez des cils magnifiques avec Belmacil Oxy 3%. Cette teinture de 100 ml est parfaite pour un look magnifique et durable. Commandez d\u00e8s maintenant !","breadcrumb":{"@id":"https:\/\/cocohouseofbeauty.com\/fr\/produit\/belmacil-oxy-3\/#breadcrumb"},"inLanguage":"fr-FR","potentialAction":[{"@type":"ReadAction","target":["https:\/\/cocohouseofbeauty.com\/fr\/produit\/belmacil-oxy-3\/"]}]},{"@type":"ImageObject","inLanguage":"fr-FR","@id":"https:\/\/cocohouseofbeauty.com\/fr\/produit\/belmacil-oxy-3\/#primaryimage","url":"https:\/\/cocohouseofbeauty.com\/wp-content\/uploads\/2024\/03\/BELMACIL-CREME-OXYDANT-100ml.png","contentUrl":"https:\/\/cocohouseofbeauty.com\/wp-content\/uploads\/2024\/03\/BELMACIL-CREME-OXYDANT-100ml.png","width":1080,"height":1080,"caption":"BELMACIL CREME OXYDANT 100ml"},{"@type":"BreadcrumbList","@id":"https:\/\/cocohouseofbeauty.com\/fr\/produit\/belmacil-oxy-3\/#breadcrumb","itemListElement":[{"@type":"ListItem","position":1,"name":"Home","item":"https:\/\/cocohouseofbeauty.com\/fr\/"},{"@type":"ListItem","position":2,"name":"Boutique","item":"https:\/\/cocohouseofbeauty.com\/fr\/boutique\/"},{"@type":"ListItem","position":3,"name":"Belmacil Oxy 3"}]},{"@type":"WebSite","@id":"https:\/\/cocohouseofbeauty.com\/fr\/#website","url":"https:\/\/cocohouseofbeauty.com\/fr\/","name":"Coco House of Beauty","description":"Your beauty partner for exclusive lash &amp; brow brands","publisher":{"@id":"https:\/\/cocohouseofbeauty.com\/fr\/#organization"},"potentialAction":[{"@type":"SearchAction","target":{"@type":"EntryPoint","urlTemplate":"https:\/\/cocohouseofbeauty.com\/fr\/?s={search_term_string}"},"query-input":{"@type":"PropertyValueSpecification","valueRequired":true,"valueName":"search_term_string"}}],"inLanguage":"fr-FR"},{"@type":"Organization","@id":"https:\/\/cocohouseofbeauty.com\/fr\/#organization","name":"Coco House of Beauty","url":"https:\/\/cocohouseofbeauty.com\/fr\/","logo":{"@type":"ImageObject","inLanguage":"fr-FR","@id":"https:\/\/cocohouseofbeauty.com\/fr\/#\/schema\/logo\/image\/","url":"https:\/\/cocohouseofbeauty.com\/wp-content\/uploads\/2024\/03\/cropped-coco-logo-zonder-estb.png","contentUrl":"https:\/\/cocohouseofbeauty.com\/wp-content\/uploads\/2024\/03\/cropped-coco-logo-zonder-estb.png","width":1532,"height":612,"caption":"Coco House of Beauty"},"image":{"@id":"https:\/\/cocohouseofbeauty.com\/fr\/#\/schema\/logo\/image\/"},"sameAs":["https:\/\/www.facebook.com\/groups\/388929390727436\/about\/","https:\/\/www.instagram.com\/cocohouse.of.beauty\/","https:\/\/www.tiktok.com\/@cocohouseofbeauty"],"foundingDate":"2024-04-05","numberOfEmployees":{"@type":"QuantitativeValue","minValue":"11","maxValue":"50"}}]},"product_price_amount":"6.95","product_price_currency":"EUR","og_availability":"instock","product_availability":"instock","product_retailer_item_id":"COCO-2089","product_condition":"new"},"taxonomy_info":{"product_cat":[{"value":211,"label":"Belmacil Tint"},{"value":119,"label":"Elleebana"},{"value":2089,"label":"Teinte"}],"product_tag":[{"value":3905,"label":"Activateur de teinte des cils"},{"value":3910,"label":"Activateur de teinte suisse"},{"value":3903,"label":"Belmacil Oxy 3"},{"value":3906,"label":"Cr\u00e8me de d\u00e9veloppement 3"},{"value":3907,"label":"D\u00e9veloppeur Belmacil"},{"value":3911,"label":"D\u00e9veloppeur de cils et sourcils"},{"value":3904,"label":"D\u00e9veloppeur de teinte \u00e0 sourcils"},{"value":3908,"label":"D\u00e9veloppeur de teintes professionnel"},{"value":3912,"label":"M\u00e9lange pr\u00e9cis des teintes"},{"value":3909,"label":"Oxydant doux"}]},"featured_image_src_large":["https:\/\/cocohouseofbeauty.com\/wp-content\/uploads\/2024\/03\/BELMACIL-CREME-OXYDANT-100ml-1024x1024.png",1024,1024,true],"author_info":[],"comment_info":0,"jetpack_sharing_enabled":true,"_links":{"self":[{"href":"https:\/\/cocohouseofbeauty.com\/fr\/wp-json\/wp\/v2\/product\/9877","targetHints":{"allow":["GET"]}}],"collection":[{"href":"https:\/\/cocohouseofbeauty.com\/fr\/wp-json\/wp\/v2\/product"}],"about":[{"href":"https:\/\/cocohouseofbeauty.com\/fr\/wp-json\/wp\/v2\/types\/product"}],"replies":[{"embeddable":true,"href":"https:\/\/cocohouseofbeauty.com\/fr\/wp-json\/wp\/v2\/comments?post=9877"}],"wp:featuredmedia":[{"embeddable":true,"href":"https:\/\/cocohouseofbeauty.com\/fr\/wp-json\/wp\/v2\/media\/26065"}],"wp:attachment":[{"href":"https:\/\/cocohouseofbeauty.com\/fr\/wp-json\/wp\/v2\/media?parent=9877"}],"wp:term":[{"taxonomy":"product_brand","embeddable":true,"href":"https:\/\/cocohouseofbeauty.com\/fr\/wp-json\/wp\/v2\/product_brand?post=9877"},{"taxonomy":"product_cat","embeddable":true,"href":"https:\/\/cocohouseofbeauty.com\/fr\/wp-json\/wp\/v2\/product_cat?post=9877"},{"taxonomy":"product_tag","embeddable":true,"href":"https:\/\/cocohouseofbeauty.com\/fr\/wp-json\/wp\/v2\/product_tag?post=9877"}],"curies":[{"name":"wp","href":"https:\/\/api.w.org\/{rel}","templated":true}]}}