{"id":9685,"date":"2024-03-26T15:27:14","date_gmt":"2024-03-26T13:27:14","guid":{"rendered":"https:\/\/cocohouseofbeauty.com\/product\/elleeplex-par-elleebana\/"},"modified":"2025-10-02T16:10:34","modified_gmt":"2025-10-02T14:10:34","slug":"elleeplex-par-elleebana","status":"publish","type":"product","link":"https:\/\/cocohouseofbeauty.com\/fr\/produit\/elleeplex-par-elleebana\/","title":{"rendered":"Elleeplex par Elleebana"},"content":{"rendered":"<p data-start=\"1194\" data-end=\"1543\">Le mascara transparent <strong data-start=\"1198\" data-end=\"1224\">Elleeplex by Elleebana<\/strong> est bien plus qu&#8217;un simple regard, c&#8217;est un h\u00e9ros du soin quotidien pour les cils et les sourcils. Enrichie en k\u00e9ratine, allanto\u00efne, panth\u00e9nol, acides amin\u00e9s, extrait d&#8217;huile de tournesol et antioxydants, cette formule travaille dur pour restaurer les prot\u00e9ines, am\u00e9liorer la r\u00e9g\u00e9n\u00e9ration des cellules capillaires et augmenter l&#8217;hydratation des cheveux. <\/p>\n<p data-start=\"1545\" data-end=\"1915\">Ainsi, les cils et les sourcils paraissent plus sains, sont plus r\u00e9sistants et conservent leur teinte plus longtemps. De plus, ce traitement nourrissant prot\u00e8ge \u00e9galement les cheveux color\u00e9s, garantissant que les r\u00e9sultats de la teinture restent \u00e9clatants plus longtemps. Qu&#8217;il soit utilis\u00e9 comme \u00e9tape finale apr\u00e8s un lifting des cils ou une lamination des sourcils, ou qu&#8217;il fasse partie de la routine de beaut\u00e9 nocturne, il apporte un soin continu que les clients appr\u00e9cieront.  <\/p>\n<p data-start=\"1917\" data-end=\"2264\">De plus, son gel transparent et l\u00e9ger s&#8217;absorbe rapidement, ce qui signifie qu&#8217;il n&#8217;y a pas de bavures, pas de d\u00e9sordre, juste des cheveux sains et magnifiques. Utilisez-le avant d&#8217;appliquer le mascara, ou appliquez-le simplement avant de vous coucher pour que sa magie op\u00e8re pendant la nuit. Avec <strong data-start=\"2131\" data-end=\"2157\">Elleeplex d&#8217;Elleebana<\/strong>, vous offrez plus que du style, vous offrez de la force, de l&#8217;hydratation et de la long\u00e9vit\u00e9 \u00e0 chaque utilisation.  <\/p>\n","protected":false},"excerpt":{"rendered":"<div>\n<p data-start=\"616\" data-end=\"834\">Le mascara transparent <strong data-start=\"620\" data-end=\"646\">Elleeplex by Elleebana<\/strong> est un soin quotidien essentiel qui contient des prot\u00e9ines, des vitamines et des ingr\u00e9dients hydratants.<br data-start=\"758\" data-end=\"761\">Il prolonge les r\u00e9sultats de la teinte et du lift tout en gardant les cils et les sourcils en bonne sant\u00e9.<\/p>\n<ul data-start=\"836\" data-end=\"1150\">\n<li data-start=\"836\" data-end=\"905\">\n<p data-start=\"838\" data-end=\"905\">Formul\u00e9 avec de la k\u00e9ratine, de l&#8217;allanto\u00efne, du panth\u00e9nol, des acides amin\u00e9s, etc.<\/p>\n<\/li>\n<li data-start=\"906\" data-end=\"960\">\n<p data-start=\"908\" data-end=\"960\">Restaure les prot\u00e9ines et acc\u00e9l\u00e8re le renouvellement des cellules capillaires<\/p>\n<\/li>\n<li data-start=\"961\" data-end=\"1026\">\n<p data-start=\"963\" data-end=\"1026\">Renforce l&#8217;hydratation et prot\u00e8ge contre les dommages gr\u00e2ce aux antioxydants<\/p>\n<\/li>\n<li data-start=\"1027\" data-end=\"1084\">\n<p data-start=\"1029\" data-end=\"1084\">Id\u00e9al comme touche finale apr\u00e8s un lifting des cils ou une plastification.<\/p>\n<\/li>\n<li data-start=\"1085\" data-end=\"1150\">\n<p data-start=\"1087\" data-end=\"1150\">Id\u00e9al pour un usage quotidien, \u00e0 appliquer avant le mascara ou comme soin de nuit.<\/p>\n<\/li>\n<\/ul>\n<p><strong>Prix de vente recommand\u00e9 :<\/strong> 47,95<\/p>\n<\/div>\n<p><strong>SKU : <\/strong>COCO-2011<\/p>\n","protected":false},"featured_media":6003,"comment_status":"open","ping_status":"closed","template":"","meta":{"_kad_blocks_custom_css":"","_kad_blocks_head_custom_js":"","_kad_blocks_body_custom_js":"","_kad_blocks_footer_custom_js":"","_kadence_starter_templates_imported_post":false,"_kad_post_transparent":"default","_kad_post_title":"","_kad_post_layout":"default","_kad_post_sidebar_id":"","_kad_post_content_style":"default","_kad_post_vertical_padding":"default","_kad_post_feature":"","_kad_post_feature_position":"","_kad_post_header":false,"_kad_post_footer":false,"_kad_post_classname":""},"product_brand":[],"product_cat":[2293,149,119,2150,4995],"product_tag":[6867,6871,6875,6868,6870,6869,1178,6872,6874,6873],"class_list":{"0":"post-9685","1":"product","2":"type-product","3":"status-publish","4":"has-post-thumbnail","6":"product_cat-apres-les-soins","7":"product_cat-care","8":"product_cat-elleebana-fr","9":"product_cat-pour-les-cils","10":"product_cat-vente-au-detail","11":"product_tag-elleeplex-par-elleebana","12":"product_tag-gel-de-keratine","13":"product_tag-mascara-clair-hydratant","14":"product_tag-mascara-transparent","15":"product_tag-serum-riche-en-proteines","16":"product_tag-soin-des-cils","17":"product_tag-soin-des-sourcils","18":"product_tag-soin-quotidien-des-cils","19":"product_tag-soins-post-lifting","20":"product_tag-traitement-antioxydant-pour-les-cils","21":"product_shipping_class-boite-aux-lettres","23":"first","24":"instock","25":"taxable","26":"shipping-taxable","27":"purchasable","28":"product-type-simple","29":"entry","30":"content-bg","31":"loop-entry"},"yoast_head":"<!-- This site is optimized with the Yoast SEO Premium plugin v27.2 (Yoast SEO v27.2) - https:\/\/yoast.com\/product\/yoast-seo-premium-wordpress\/ -->\n<title>Elleeplex de Elleebana : Restaure et prot\u00e8ge vos cils<\/title>\n<meta name=\"description\" content=\"Conservez des cils lift\u00e9s et des teintes \u00e9clatantes avec Elleeplex d&#039;Elleebana. Un mascara transparent riche en nutriments pour un soin quotidien et des r\u00e9sultats am\u00e9lior\u00e9s.\" \/>\n<meta name=\"robots\" content=\"index, follow, max-snippet:-1, max-image-preview:large, max-video-preview:-1\" \/>\n<link rel=\"canonical\" href=\"https:\/\/cocohouseofbeauty.com\/fr\/produit\/elleeplex-par-elleebana\/\" \/>\n<meta property=\"og:locale\" content=\"fr_FR\" \/>\n<meta property=\"og:type\" content=\"article\" \/>\n<meta property=\"og:title\" content=\"Elleeplex par Elleebana\" \/>\n<meta property=\"og:description\" content=\"Conservez des cils lift\u00e9s et des teintes \u00e9clatantes avec Elleeplex d&#039;Elleebana. Un mascara transparent riche en nutriments pour un soin quotidien et des r\u00e9sultats am\u00e9lior\u00e9s.\" \/>\n<meta property=\"og:url\" content=\"https:\/\/cocohouseofbeauty.com\/fr\/produit\/elleeplex-par-elleebana\/\" \/>\n<meta property=\"og:site_name\" content=\"Coco House of Beauty\" \/>\n<meta property=\"article:publisher\" content=\"https:\/\/www.facebook.com\/groups\/388929390727436\/about\/\" \/>\n<meta property=\"article:modified_time\" content=\"2025-10-02T14:10:34+00:00\" \/>\n<meta property=\"og:image\" content=\"https:\/\/cocohouseofbeauty.com\/wp-content\/uploads\/2024\/03\/IMG-0628-scaled.jpg\" \/>\n\t<meta property=\"og:image:width\" content=\"2560\" \/>\n\t<meta property=\"og:image:height\" content=\"2560\" \/>\n\t<meta property=\"og:image:type\" content=\"image\/jpeg\" \/>\n<meta name=\"twitter:card\" content=\"summary_large_image\" \/>\n<meta name=\"twitter:label1\" content=\"Prix\" \/>\n\t<meta name=\"twitter:data1\" content=\"&euro;&nbsp;29,95\" \/>\n\t<meta name=\"twitter:label2\" content=\"Disponibilit\u00e9\" \/>\n\t<meta name=\"twitter:data2\" content=\"En stock\" \/>\n<script type=\"application\/ld+json\" class=\"yoast-schema-graph\">{\"@context\":\"https:\/\/schema.org\",\"@graph\":[{\"@type\":\"WebPage\",\"@id\":\"https:\/\/cocohouseofbeauty.com\/fr\/produit\/elleeplex-par-elleebana\/\",\"url\":\"https:\/\/cocohouseofbeauty.com\/fr\/produit\/elleeplex-par-elleebana\/\",\"name\":\"Elleeplex de Elleebana : Restaure et prot\u00e8ge vos cils\",\"isPartOf\":{\"@id\":\"https:\/\/cocohouseofbeauty.com\/fr\/#website\"},\"primaryImageOfPage\":{\"@id\":\"https:\/\/cocohouseofbeauty.com\/fr\/produit\/elleeplex-par-elleebana\/#primaryimage\"},\"image\":{\"@id\":\"https:\/\/cocohouseofbeauty.com\/fr\/produit\/elleeplex-par-elleebana\/#primaryimage\"},\"thumbnailUrl\":\"https:\/\/cocohouseofbeauty.com\/wp-content\/uploads\/2024\/03\/IMG-0628-scaled.jpg\",\"datePublished\":\"2024-03-26T13:27:14+00:00\",\"dateModified\":\"2025-10-02T14:10:34+00:00\",\"description\":\"Conservez des cils lift\u00e9s et des teintes \u00e9clatantes avec Elleeplex d'Elleebana. Un mascara transparent riche en nutriments pour un soin quotidien et des r\u00e9sultats am\u00e9lior\u00e9s.\",\"breadcrumb\":{\"@id\":\"https:\/\/cocohouseofbeauty.com\/fr\/produit\/elleeplex-par-elleebana\/#breadcrumb\"},\"inLanguage\":\"fr-FR\",\"potentialAction\":[{\"@type\":\"ReadAction\",\"target\":[\"https:\/\/cocohouseofbeauty.com\/fr\/produit\/elleeplex-par-elleebana\/\"]}]},{\"@type\":\"ImageObject\",\"inLanguage\":\"fr-FR\",\"@id\":\"https:\/\/cocohouseofbeauty.com\/fr\/produit\/elleeplex-par-elleebana\/#primaryimage\",\"url\":\"https:\/\/cocohouseofbeauty.com\/wp-content\/uploads\/2024\/03\/IMG-0628-scaled.jpg\",\"contentUrl\":\"https:\/\/cocohouseofbeauty.com\/wp-content\/uploads\/2024\/03\/IMG-0628-scaled.jpg\",\"width\":2560,\"height\":2560},{\"@type\":\"BreadcrumbList\",\"@id\":\"https:\/\/cocohouseofbeauty.com\/fr\/produit\/elleeplex-par-elleebana\/#breadcrumb\",\"itemListElement\":[{\"@type\":\"ListItem\",\"position\":1,\"name\":\"Home\",\"item\":\"https:\/\/cocohouseofbeauty.com\/fr\/\"},{\"@type\":\"ListItem\",\"position\":2,\"name\":\"Boutique\",\"item\":\"https:\/\/cocohouseofbeauty.com\/fr\/boutique\/\"},{\"@type\":\"ListItem\",\"position\":3,\"name\":\"Elleeplex par Elleebana\"}]},{\"@type\":\"WebSite\",\"@id\":\"https:\/\/cocohouseofbeauty.com\/fr\/#website\",\"url\":\"https:\/\/cocohouseofbeauty.com\/fr\/\",\"name\":\"Coco House of Beauty\",\"description\":\"Your beauty partner for exclusive lash &amp; brow brands\",\"publisher\":{\"@id\":\"https:\/\/cocohouseofbeauty.com\/fr\/#organization\"},\"potentialAction\":[{\"@type\":\"SearchAction\",\"target\":{\"@type\":\"EntryPoint\",\"urlTemplate\":\"https:\/\/cocohouseofbeauty.com\/fr\/?s={search_term_string}\"},\"query-input\":{\"@type\":\"PropertyValueSpecification\",\"valueRequired\":true,\"valueName\":\"search_term_string\"}}],\"inLanguage\":\"fr-FR\"},{\"@type\":\"Organization\",\"@id\":\"https:\/\/cocohouseofbeauty.com\/fr\/#organization\",\"name\":\"Coco House of Beauty\",\"url\":\"https:\/\/cocohouseofbeauty.com\/fr\/\",\"logo\":{\"@type\":\"ImageObject\",\"inLanguage\":\"fr-FR\",\"@id\":\"https:\/\/cocohouseofbeauty.com\/fr\/#\/schema\/logo\/image\/\",\"url\":\"https:\/\/cocohouseofbeauty.com\/wp-content\/uploads\/2024\/03\/cropped-coco-logo-zonder-estb.png\",\"contentUrl\":\"https:\/\/cocohouseofbeauty.com\/wp-content\/uploads\/2024\/03\/cropped-coco-logo-zonder-estb.png\",\"width\":1532,\"height\":612,\"caption\":\"Coco House of Beauty\"},\"image\":{\"@id\":\"https:\/\/cocohouseofbeauty.com\/fr\/#\/schema\/logo\/image\/\"},\"sameAs\":[\"https:\/\/www.facebook.com\/groups\/388929390727436\/about\/\",\"https:\/\/www.instagram.com\/cocohouse.of.beauty\/\",\"https:\/\/www.tiktok.com\/@cocohouseofbeauty\"],\"foundingDate\":\"2024-04-05\",\"numberOfEmployees\":{\"@type\":\"QuantitativeValue\",\"minValue\":\"11\",\"maxValue\":\"50\"}}]}<\/script>\n<meta property=\"product:price:amount\" content=\"29.95\" \/>\n<meta property=\"product:price:currency\" content=\"EUR\" \/>\n<meta property=\"og:availability\" content=\"instock\" \/>\n<meta property=\"product:availability\" content=\"instock\" \/>\n<meta property=\"product:retailer_item_id\" content=\"COCO-2011\" \/>\n<meta property=\"product:condition\" content=\"new\" \/>\n<!-- \/ Yoast SEO Premium plugin. -->","yoast_head_json":{"title":"Elleeplex de Elleebana : Restaure et prot\u00e8ge vos cils","description":"Conservez des cils lift\u00e9s et des teintes \u00e9clatantes avec Elleeplex d'Elleebana. Un mascara transparent riche en nutriments pour un soin quotidien et des r\u00e9sultats am\u00e9lior\u00e9s.","robots":{"index":"index","follow":"follow","max-snippet":"max-snippet:-1","max-image-preview":"max-image-preview:large","max-video-preview":"max-video-preview:-1"},"canonical":"https:\/\/cocohouseofbeauty.com\/fr\/produit\/elleeplex-par-elleebana\/","og_locale":"fr_FR","og_type":"article","og_title":"Elleeplex par Elleebana","og_description":"Conservez des cils lift\u00e9s et des teintes \u00e9clatantes avec Elleeplex d'Elleebana. Un mascara transparent riche en nutriments pour un soin quotidien et des r\u00e9sultats am\u00e9lior\u00e9s.","og_url":"https:\/\/cocohouseofbeauty.com\/fr\/produit\/elleeplex-par-elleebana\/","og_site_name":"Coco House of Beauty","article_publisher":"https:\/\/www.facebook.com\/groups\/388929390727436\/about\/","article_modified_time":"2025-10-02T14:10:34+00:00","og_image":[{"width":2560,"height":2560,"url":"https:\/\/cocohouseofbeauty.com\/wp-content\/uploads\/2024\/03\/IMG-0628-scaled.jpg","type":"image\/jpeg"}],"twitter_card":"summary_large_image","twitter_misc":{"Prix":"&euro;&nbsp;29,95","Disponibilit\u00e9":"En stock"},"schema":{"@context":"https:\/\/schema.org","@graph":[{"@type":"WebPage","@id":"https:\/\/cocohouseofbeauty.com\/fr\/produit\/elleeplex-par-elleebana\/","url":"https:\/\/cocohouseofbeauty.com\/fr\/produit\/elleeplex-par-elleebana\/","name":"Elleeplex de Elleebana : Restaure et prot\u00e8ge vos cils","isPartOf":{"@id":"https:\/\/cocohouseofbeauty.com\/fr\/#website"},"primaryImageOfPage":{"@id":"https:\/\/cocohouseofbeauty.com\/fr\/produit\/elleeplex-par-elleebana\/#primaryimage"},"image":{"@id":"https:\/\/cocohouseofbeauty.com\/fr\/produit\/elleeplex-par-elleebana\/#primaryimage"},"thumbnailUrl":"https:\/\/cocohouseofbeauty.com\/wp-content\/uploads\/2024\/03\/IMG-0628-scaled.jpg","datePublished":"2024-03-26T13:27:14+00:00","dateModified":"2025-10-02T14:10:34+00:00","description":"Conservez des cils lift\u00e9s et des teintes \u00e9clatantes avec Elleeplex d'Elleebana. Un mascara transparent riche en nutriments pour un soin quotidien et des r\u00e9sultats am\u00e9lior\u00e9s.","breadcrumb":{"@id":"https:\/\/cocohouseofbeauty.com\/fr\/produit\/elleeplex-par-elleebana\/#breadcrumb"},"inLanguage":"fr-FR","potentialAction":[{"@type":"ReadAction","target":["https:\/\/cocohouseofbeauty.com\/fr\/produit\/elleeplex-par-elleebana\/"]}]},{"@type":"ImageObject","inLanguage":"fr-FR","@id":"https:\/\/cocohouseofbeauty.com\/fr\/produit\/elleeplex-par-elleebana\/#primaryimage","url":"https:\/\/cocohouseofbeauty.com\/wp-content\/uploads\/2024\/03\/IMG-0628-scaled.jpg","contentUrl":"https:\/\/cocohouseofbeauty.com\/wp-content\/uploads\/2024\/03\/IMG-0628-scaled.jpg","width":2560,"height":2560},{"@type":"BreadcrumbList","@id":"https:\/\/cocohouseofbeauty.com\/fr\/produit\/elleeplex-par-elleebana\/#breadcrumb","itemListElement":[{"@type":"ListItem","position":1,"name":"Home","item":"https:\/\/cocohouseofbeauty.com\/fr\/"},{"@type":"ListItem","position":2,"name":"Boutique","item":"https:\/\/cocohouseofbeauty.com\/fr\/boutique\/"},{"@type":"ListItem","position":3,"name":"Elleeplex par Elleebana"}]},{"@type":"WebSite","@id":"https:\/\/cocohouseofbeauty.com\/fr\/#website","url":"https:\/\/cocohouseofbeauty.com\/fr\/","name":"Coco House of Beauty","description":"Your beauty partner for exclusive lash &amp; brow brands","publisher":{"@id":"https:\/\/cocohouseofbeauty.com\/fr\/#organization"},"potentialAction":[{"@type":"SearchAction","target":{"@type":"EntryPoint","urlTemplate":"https:\/\/cocohouseofbeauty.com\/fr\/?s={search_term_string}"},"query-input":{"@type":"PropertyValueSpecification","valueRequired":true,"valueName":"search_term_string"}}],"inLanguage":"fr-FR"},{"@type":"Organization","@id":"https:\/\/cocohouseofbeauty.com\/fr\/#organization","name":"Coco House of Beauty","url":"https:\/\/cocohouseofbeauty.com\/fr\/","logo":{"@type":"ImageObject","inLanguage":"fr-FR","@id":"https:\/\/cocohouseofbeauty.com\/fr\/#\/schema\/logo\/image\/","url":"https:\/\/cocohouseofbeauty.com\/wp-content\/uploads\/2024\/03\/cropped-coco-logo-zonder-estb.png","contentUrl":"https:\/\/cocohouseofbeauty.com\/wp-content\/uploads\/2024\/03\/cropped-coco-logo-zonder-estb.png","width":1532,"height":612,"caption":"Coco House of Beauty"},"image":{"@id":"https:\/\/cocohouseofbeauty.com\/fr\/#\/schema\/logo\/image\/"},"sameAs":["https:\/\/www.facebook.com\/groups\/388929390727436\/about\/","https:\/\/www.instagram.com\/cocohouse.of.beauty\/","https:\/\/www.tiktok.com\/@cocohouseofbeauty"],"foundingDate":"2024-04-05","numberOfEmployees":{"@type":"QuantitativeValue","minValue":"11","maxValue":"50"}}]},"product_price_amount":"29.95","product_price_currency":"EUR","og_availability":"instock","product_availability":"instock","product_retailer_item_id":"COCO-2011","product_condition":"new"},"taxonomy_info":{"product_cat":[{"value":2293,"label":"Apr\u00e8s les soins"},{"value":149,"label":"Care"},{"value":119,"label":"Elleebana"},{"value":2150,"label":"Pour les cils"},{"value":4995,"label":"Vente au d\u00e9tail"}],"product_tag":[{"value":6867,"label":"Elleeplex par Elleebana"},{"value":6871,"label":"gel de k\u00e9ratine"},{"value":6875,"label":"mascara clair hydratant"},{"value":6868,"label":"mascara transparent"},{"value":6870,"label":"s\u00e9rum riche en prot\u00e9ines"},{"value":6869,"label":"soin des cils"},{"value":1178,"label":"soin des sourcils"},{"value":6872,"label":"soin quotidien des cils"},{"value":6874,"label":"soins post-lifting"},{"value":6873,"label":"traitement antioxydant pour les cils"}]},"featured_image_src_large":["https:\/\/cocohouseofbeauty.com\/wp-content\/uploads\/2024\/03\/IMG-0628-1024x1024.jpg",1024,1024,true],"author_info":[],"comment_info":0,"jetpack_sharing_enabled":true,"_links":{"self":[{"href":"https:\/\/cocohouseofbeauty.com\/fr\/wp-json\/wp\/v2\/product\/9685","targetHints":{"allow":["GET"]}}],"collection":[{"href":"https:\/\/cocohouseofbeauty.com\/fr\/wp-json\/wp\/v2\/product"}],"about":[{"href":"https:\/\/cocohouseofbeauty.com\/fr\/wp-json\/wp\/v2\/types\/product"}],"replies":[{"embeddable":true,"href":"https:\/\/cocohouseofbeauty.com\/fr\/wp-json\/wp\/v2\/comments?post=9685"}],"wp:featuredmedia":[{"embeddable":true,"href":"https:\/\/cocohouseofbeauty.com\/fr\/wp-json\/wp\/v2\/media\/6003"}],"wp:attachment":[{"href":"https:\/\/cocohouseofbeauty.com\/fr\/wp-json\/wp\/v2\/media?parent=9685"}],"wp:term":[{"taxonomy":"product_brand","embeddable":true,"href":"https:\/\/cocohouseofbeauty.com\/fr\/wp-json\/wp\/v2\/product_brand?post=9685"},{"taxonomy":"product_cat","embeddable":true,"href":"https:\/\/cocohouseofbeauty.com\/fr\/wp-json\/wp\/v2\/product_cat?post=9685"},{"taxonomy":"product_tag","embeddable":true,"href":"https:\/\/cocohouseofbeauty.com\/fr\/wp-json\/wp\/v2\/product_tag?post=9685"}],"curies":[{"name":"wp","href":"https:\/\/api.w.org\/{rel}","templated":true}]}}