{"id":9562,"date":"2024-10-10T14:29:05","date_gmt":"2024-10-10T12:29:05","guid":{"rendered":"https:\/\/cocohouseofbeauty.com\/product\/creme-intensive-developpeur-6\/"},"modified":"2025-06-14T02:41:48","modified_gmt":"2025-06-14T00:41:48","slug":"creme-intensive-developpeur-6","status":"publish","type":"product","link":"https:\/\/cocohouseofbeauty.com\/fr\/produit\/creme-intensive-developpeur-6\/","title":{"rendered":"INTENSIVE CREAM DEVELOPER 6%"},"content":{"rendered":"<p><strong style=\"font-weight: bold; font-family: Merriweather,;\">Cr\u00e8me intensive de d\u00e9veloppement<\/strong><span style=\"font-family: Merriweather,;\"><span class=\"Apple-converted-space\">\u00a0<\/span><\/span><strong style=\"font-weight: bold; font-family: Merriweather,;\">6%<\/strong><span style=\"font-family: Merriweather,;\"><span class=\"Apple-converted-space\">\u00a0<\/span><\/span><span style=\"font-family: Merriweather,;\">pour l&#8217;activation de l&#8217;\u00e9clairage et de l&#8217;\u00e9clairage d&#8217;appoint sur le site\u00a0.<\/span><\/p>\n<p><strong style=\"font-weight: bold; font-family: Merriweather,;\">Cr\u00e8me intensive d\u00e9veloppeur 6<\/strong><span style=\"font-family: Merriweather,;\">%\u00a0 est une solution pour la peau, qui peut \u00eatre irrit\u00e9e et qui peut donc \u00eatre utilis\u00e9e\u00a0pour les peaux sensibles ou allergiques.<\/span><\/p>\n","protected":false},"excerpt":{"rendered":"<p><strong>NOUVELLE FORMULE ! HAIRPEARL CREAM DEVELOPER 6% ENRICHI \u00c0 L&#8217;HUILE DE JOJOBA !   <\/strong><\/p>\n<p><strong>Intensive Cream Developer 6%<\/strong> pour cr\u00e9er la teinture des cils et des sourcils et activer le d\u00e9veloppement de la couleur.<\/p>\n<p>La <strong>cr\u00e8me intensive d\u00e9veloppeur 6%<\/strong> est douce pour la peau, ce qui permet d&#8217;\u00e9viter les irritations et convient donc parfaitement aux peaux sensibles ou allergiques.<\/p>\n<p>SKU : COCO-2178<\/p>\n","protected":false},"featured_media":8991,"comment_status":"open","ping_status":"closed","template":"","meta":{"_kad_blocks_custom_css":"","_kad_blocks_head_custom_js":"","_kad_blocks_body_custom_js":"","_kad_blocks_footer_custom_js":"","_kadence_starter_templates_imported_post":false,"_kad_post_transparent":"default","_kad_post_title":"","_kad_post_layout":"default","_kad_post_sidebar_id":"","_kad_post_content_style":"default","_kad_post_vertical_padding":"default","_kad_post_feature":"","_kad_post_feature_position":"","_kad_post_header":false,"_kad_post_footer":false,"_kad_post_classname":""},"product_brand":[],"product_cat":[221,2089],"product_tag":[],"class_list":{"0":"post-9562","1":"product","2":"type-product","3":"status-publish","4":"has-post-thumbnail","6":"product_cat-intensive-fr-2","7":"product_cat-teinte","8":"product_shipping_class-petit-paquet","10":"first","11":"instock","12":"taxable","13":"shipping-taxable","14":"purchasable","15":"product-type-simple","16":"entry","17":"content-bg","18":"loop-entry"},"yoast_head":"<!-- This site is optimized with the Yoast SEO Premium plugin v27.2 (Yoast SEO v27.2) - https:\/\/yoast.com\/product\/yoast-seo-premium-wordpress\/ -->\n<title>INTENSIVE CREAM DEVELOPER 6% - Coco House of Beauty<\/title>\n<meta name=\"robots\" content=\"index, follow, max-snippet:-1, max-image-preview:large, max-video-preview:-1\" \/>\n<link rel=\"canonical\" href=\"https:\/\/cocohouseofbeauty.com\/fr\/produit\/creme-intensive-developpeur-6\/\" \/>\n<meta property=\"og:locale\" content=\"fr_FR\" \/>\n<meta property=\"og:type\" content=\"article\" \/>\n<meta property=\"og:title\" content=\"INTENSIVE CREAM DEVELOPER 6%\" \/>\n<meta property=\"og:description\" content=\"NOUVELLE FORMULE ! HAIRPEARL CREAM DEVELOPER 6% ENRICHI \u00c0 L&#039;HUILE DE JOJOBA !  Intensive Cream Developer 6% pour cr\u00e9er la teinture des cils et des sourcils et activer le d\u00e9veloppement de la couleur. La cr\u00e8me intensive d\u00e9veloppeur 6% est douce pour la peau, ce qui permet d&#039;\u00e9viter les irritations et convient donc parfaitement aux peaux sensibles ou allergiques. SKU : COCO-2178\" \/>\n<meta property=\"og:url\" content=\"https:\/\/cocohouseofbeauty.com\/fr\/produit\/creme-intensive-developpeur-6\/\" \/>\n<meta property=\"og:site_name\" content=\"Coco House of Beauty\" \/>\n<meta property=\"article:publisher\" content=\"https:\/\/www.facebook.com\/groups\/388929390727436\/about\/\" \/>\n<meta property=\"article:modified_time\" content=\"2025-06-14T00:41:48+00:00\" \/>\n<meta property=\"og:image\" content=\"https:\/\/cocohouseofbeauty.com\/wp-content\/uploads\/2024\/10\/img_8239.jpeg\" \/>\n\t<meta property=\"og:image:width\" content=\"1217\" \/>\n\t<meta property=\"og:image:height\" content=\"1229\" \/>\n\t<meta property=\"og:image:type\" content=\"image\/jpeg\" \/>\n<meta name=\"twitter:card\" content=\"summary_large_image\" \/>\n<meta name=\"twitter:label1\" content=\"Prix\" \/>\n\t<meta name=\"twitter:data1\" content=\"&euro;&nbsp;4,95\" \/>\n\t<meta name=\"twitter:label2\" content=\"Disponibilit\u00e9\" \/>\n\t<meta name=\"twitter:data2\" content=\"En stock\" \/>\n<script type=\"application\/ld+json\" class=\"yoast-schema-graph\">{\"@context\":\"https:\/\/schema.org\",\"@graph\":[{\"@type\":\"WebPage\",\"@id\":\"https:\/\/cocohouseofbeauty.com\/fr\/produit\/creme-intensive-developpeur-6\/\",\"url\":\"https:\/\/cocohouseofbeauty.com\/fr\/produit\/creme-intensive-developpeur-6\/\",\"name\":\"INTENSIVE CREAM DEVELOPER 6% - Coco House of Beauty\",\"isPartOf\":{\"@id\":\"https:\/\/cocohouseofbeauty.com\/fr\/#website\"},\"primaryImageOfPage\":{\"@id\":\"https:\/\/cocohouseofbeauty.com\/fr\/produit\/creme-intensive-developpeur-6\/#primaryimage\"},\"image\":{\"@id\":\"https:\/\/cocohouseofbeauty.com\/fr\/produit\/creme-intensive-developpeur-6\/#primaryimage\"},\"thumbnailUrl\":\"https:\/\/cocohouseofbeauty.com\/wp-content\/uploads\/2024\/10\/img_8239.jpeg\",\"datePublished\":\"2024-10-10T12:29:05+00:00\",\"dateModified\":\"2025-06-14T00:41:48+00:00\",\"breadcrumb\":{\"@id\":\"https:\/\/cocohouseofbeauty.com\/fr\/produit\/creme-intensive-developpeur-6\/#breadcrumb\"},\"inLanguage\":\"fr-FR\",\"potentialAction\":[{\"@type\":\"ReadAction\",\"target\":[\"https:\/\/cocohouseofbeauty.com\/fr\/produit\/creme-intensive-developpeur-6\/\"]}]},{\"@type\":\"ImageObject\",\"inLanguage\":\"fr-FR\",\"@id\":\"https:\/\/cocohouseofbeauty.com\/fr\/produit\/creme-intensive-developpeur-6\/#primaryimage\",\"url\":\"https:\/\/cocohouseofbeauty.com\/wp-content\/uploads\/2024\/10\/img_8239.jpeg\",\"contentUrl\":\"https:\/\/cocohouseofbeauty.com\/wp-content\/uploads\/2024\/10\/img_8239.jpeg\",\"width\":1217,\"height\":1229},{\"@type\":\"BreadcrumbList\",\"@id\":\"https:\/\/cocohouseofbeauty.com\/fr\/produit\/creme-intensive-developpeur-6\/#breadcrumb\",\"itemListElement\":[{\"@type\":\"ListItem\",\"position\":1,\"name\":\"Home\",\"item\":\"https:\/\/cocohouseofbeauty.com\/fr\/\"},{\"@type\":\"ListItem\",\"position\":2,\"name\":\"Boutique\",\"item\":\"https:\/\/cocohouseofbeauty.com\/fr\/boutique\/\"},{\"@type\":\"ListItem\",\"position\":3,\"name\":\"INTENSIVE CREAM DEVELOPER 6%\"}]},{\"@type\":\"WebSite\",\"@id\":\"https:\/\/cocohouseofbeauty.com\/fr\/#website\",\"url\":\"https:\/\/cocohouseofbeauty.com\/fr\/\",\"name\":\"Coco House of Beauty\",\"description\":\"Your beauty partner for exclusive lash &amp; brow brands\",\"publisher\":{\"@id\":\"https:\/\/cocohouseofbeauty.com\/fr\/#organization\"},\"potentialAction\":[{\"@type\":\"SearchAction\",\"target\":{\"@type\":\"EntryPoint\",\"urlTemplate\":\"https:\/\/cocohouseofbeauty.com\/fr\/?s={search_term_string}\"},\"query-input\":{\"@type\":\"PropertyValueSpecification\",\"valueRequired\":true,\"valueName\":\"search_term_string\"}}],\"inLanguage\":\"fr-FR\"},{\"@type\":\"Organization\",\"@id\":\"https:\/\/cocohouseofbeauty.com\/fr\/#organization\",\"name\":\"Coco House of Beauty\",\"url\":\"https:\/\/cocohouseofbeauty.com\/fr\/\",\"logo\":{\"@type\":\"ImageObject\",\"inLanguage\":\"fr-FR\",\"@id\":\"https:\/\/cocohouseofbeauty.com\/fr\/#\/schema\/logo\/image\/\",\"url\":\"https:\/\/cocohouseofbeauty.com\/wp-content\/uploads\/2024\/03\/cropped-coco-logo-zonder-estb.png\",\"contentUrl\":\"https:\/\/cocohouseofbeauty.com\/wp-content\/uploads\/2024\/03\/cropped-coco-logo-zonder-estb.png\",\"width\":1532,\"height\":612,\"caption\":\"Coco House of Beauty\"},\"image\":{\"@id\":\"https:\/\/cocohouseofbeauty.com\/fr\/#\/schema\/logo\/image\/\"},\"sameAs\":[\"https:\/\/www.facebook.com\/groups\/388929390727436\/about\/\",\"https:\/\/www.instagram.com\/cocohouse.of.beauty\/\",\"https:\/\/www.tiktok.com\/@cocohouseofbeauty\"],\"foundingDate\":\"2024-04-05\",\"numberOfEmployees\":{\"@type\":\"QuantitativeValue\",\"minValue\":\"11\",\"maxValue\":\"50\"}}]}<\/script>\n<meta property=\"product:price:amount\" content=\"4.95\" \/>\n<meta property=\"product:price:currency\" content=\"EUR\" \/>\n<meta property=\"og:availability\" content=\"instock\" \/>\n<meta property=\"product:availability\" content=\"instock\" \/>\n<meta property=\"product:retailer_item_id\" content=\"COCO-2178\" \/>\n<meta property=\"product:condition\" content=\"new\" \/>\n<!-- \/ Yoast SEO Premium plugin. -->","yoast_head_json":{"title":"INTENSIVE CREAM DEVELOPER 6% - Coco House of Beauty","robots":{"index":"index","follow":"follow","max-snippet":"max-snippet:-1","max-image-preview":"max-image-preview:large","max-video-preview":"max-video-preview:-1"},"canonical":"https:\/\/cocohouseofbeauty.com\/fr\/produit\/creme-intensive-developpeur-6\/","og_locale":"fr_FR","og_type":"article","og_title":"INTENSIVE CREAM DEVELOPER 6%","og_description":"NOUVELLE FORMULE ! HAIRPEARL CREAM DEVELOPER 6% ENRICHI \u00c0 L'HUILE DE JOJOBA !  Intensive Cream Developer 6% pour cr\u00e9er la teinture des cils et des sourcils et activer le d\u00e9veloppement de la couleur. La cr\u00e8me intensive d\u00e9veloppeur 6% est douce pour la peau, ce qui permet d'\u00e9viter les irritations et convient donc parfaitement aux peaux sensibles ou allergiques. SKU : COCO-2178","og_url":"https:\/\/cocohouseofbeauty.com\/fr\/produit\/creme-intensive-developpeur-6\/","og_site_name":"Coco House of Beauty","article_publisher":"https:\/\/www.facebook.com\/groups\/388929390727436\/about\/","article_modified_time":"2025-06-14T00:41:48+00:00","og_image":[{"width":1217,"height":1229,"url":"https:\/\/cocohouseofbeauty.com\/wp-content\/uploads\/2024\/10\/img_8239.jpeg","type":"image\/jpeg"}],"twitter_card":"summary_large_image","twitter_misc":{"Prix":"&euro;&nbsp;4,95","Disponibilit\u00e9":"En stock"},"schema":{"@context":"https:\/\/schema.org","@graph":[{"@type":"WebPage","@id":"https:\/\/cocohouseofbeauty.com\/fr\/produit\/creme-intensive-developpeur-6\/","url":"https:\/\/cocohouseofbeauty.com\/fr\/produit\/creme-intensive-developpeur-6\/","name":"INTENSIVE CREAM DEVELOPER 6% - Coco House of Beauty","isPartOf":{"@id":"https:\/\/cocohouseofbeauty.com\/fr\/#website"},"primaryImageOfPage":{"@id":"https:\/\/cocohouseofbeauty.com\/fr\/produit\/creme-intensive-developpeur-6\/#primaryimage"},"image":{"@id":"https:\/\/cocohouseofbeauty.com\/fr\/produit\/creme-intensive-developpeur-6\/#primaryimage"},"thumbnailUrl":"https:\/\/cocohouseofbeauty.com\/wp-content\/uploads\/2024\/10\/img_8239.jpeg","datePublished":"2024-10-10T12:29:05+00:00","dateModified":"2025-06-14T00:41:48+00:00","breadcrumb":{"@id":"https:\/\/cocohouseofbeauty.com\/fr\/produit\/creme-intensive-developpeur-6\/#breadcrumb"},"inLanguage":"fr-FR","potentialAction":[{"@type":"ReadAction","target":["https:\/\/cocohouseofbeauty.com\/fr\/produit\/creme-intensive-developpeur-6\/"]}]},{"@type":"ImageObject","inLanguage":"fr-FR","@id":"https:\/\/cocohouseofbeauty.com\/fr\/produit\/creme-intensive-developpeur-6\/#primaryimage","url":"https:\/\/cocohouseofbeauty.com\/wp-content\/uploads\/2024\/10\/img_8239.jpeg","contentUrl":"https:\/\/cocohouseofbeauty.com\/wp-content\/uploads\/2024\/10\/img_8239.jpeg","width":1217,"height":1229},{"@type":"BreadcrumbList","@id":"https:\/\/cocohouseofbeauty.com\/fr\/produit\/creme-intensive-developpeur-6\/#breadcrumb","itemListElement":[{"@type":"ListItem","position":1,"name":"Home","item":"https:\/\/cocohouseofbeauty.com\/fr\/"},{"@type":"ListItem","position":2,"name":"Boutique","item":"https:\/\/cocohouseofbeauty.com\/fr\/boutique\/"},{"@type":"ListItem","position":3,"name":"INTENSIVE CREAM DEVELOPER 6%"}]},{"@type":"WebSite","@id":"https:\/\/cocohouseofbeauty.com\/fr\/#website","url":"https:\/\/cocohouseofbeauty.com\/fr\/","name":"Coco House of Beauty","description":"Your beauty partner for exclusive lash &amp; brow brands","publisher":{"@id":"https:\/\/cocohouseofbeauty.com\/fr\/#organization"},"potentialAction":[{"@type":"SearchAction","target":{"@type":"EntryPoint","urlTemplate":"https:\/\/cocohouseofbeauty.com\/fr\/?s={search_term_string}"},"query-input":{"@type":"PropertyValueSpecification","valueRequired":true,"valueName":"search_term_string"}}],"inLanguage":"fr-FR"},{"@type":"Organization","@id":"https:\/\/cocohouseofbeauty.com\/fr\/#organization","name":"Coco House of Beauty","url":"https:\/\/cocohouseofbeauty.com\/fr\/","logo":{"@type":"ImageObject","inLanguage":"fr-FR","@id":"https:\/\/cocohouseofbeauty.com\/fr\/#\/schema\/logo\/image\/","url":"https:\/\/cocohouseofbeauty.com\/wp-content\/uploads\/2024\/03\/cropped-coco-logo-zonder-estb.png","contentUrl":"https:\/\/cocohouseofbeauty.com\/wp-content\/uploads\/2024\/03\/cropped-coco-logo-zonder-estb.png","width":1532,"height":612,"caption":"Coco House of Beauty"},"image":{"@id":"https:\/\/cocohouseofbeauty.com\/fr\/#\/schema\/logo\/image\/"},"sameAs":["https:\/\/www.facebook.com\/groups\/388929390727436\/about\/","https:\/\/www.instagram.com\/cocohouse.of.beauty\/","https:\/\/www.tiktok.com\/@cocohouseofbeauty"],"foundingDate":"2024-04-05","numberOfEmployees":{"@type":"QuantitativeValue","minValue":"11","maxValue":"50"}}]},"product_price_amount":"4.95","product_price_currency":"EUR","og_availability":"instock","product_availability":"instock","product_retailer_item_id":"COCO-2178","product_condition":"new"},"taxonomy_info":{"product_cat":[{"value":221,"label":"Intensive"},{"value":2089,"label":"Teinte"}]},"featured_image_src_large":["https:\/\/cocohouseofbeauty.com\/wp-content\/uploads\/2024\/10\/img_8239-1014x1024.jpeg",1014,1024,true],"author_info":[],"comment_info":0,"jetpack_sharing_enabled":true,"_links":{"self":[{"href":"https:\/\/cocohouseofbeauty.com\/fr\/wp-json\/wp\/v2\/product\/9562","targetHints":{"allow":["GET"]}}],"collection":[{"href":"https:\/\/cocohouseofbeauty.com\/fr\/wp-json\/wp\/v2\/product"}],"about":[{"href":"https:\/\/cocohouseofbeauty.com\/fr\/wp-json\/wp\/v2\/types\/product"}],"replies":[{"embeddable":true,"href":"https:\/\/cocohouseofbeauty.com\/fr\/wp-json\/wp\/v2\/comments?post=9562"}],"wp:featuredmedia":[{"embeddable":true,"href":"https:\/\/cocohouseofbeauty.com\/fr\/wp-json\/wp\/v2\/media\/8991"}],"wp:attachment":[{"href":"https:\/\/cocohouseofbeauty.com\/fr\/wp-json\/wp\/v2\/media?parent=9562"}],"wp:term":[{"taxonomy":"product_brand","embeddable":true,"href":"https:\/\/cocohouseofbeauty.com\/fr\/wp-json\/wp\/v2\/product_brand?post=9562"},{"taxonomy":"product_cat","embeddable":true,"href":"https:\/\/cocohouseofbeauty.com\/fr\/wp-json\/wp\/v2\/product_cat?post=9562"},{"taxonomy":"product_tag","embeddable":true,"href":"https:\/\/cocohouseofbeauty.com\/fr\/wp-json\/wp\/v2\/product_tag?post=9562"}],"curies":[{"name":"wp","href":"https:\/\/api.w.org\/{rel}","templated":true}]}}