{"id":9536,"date":"2024-10-07T13:55:20","date_gmt":"2024-10-07T11:55:20","guid":{"rendered":"https:\/\/cocohouseofbeauty.com\/product\/jai-trouve-la-cle-de-mon-tube-de-peau\/"},"modified":"2025-12-03T20:38:21","modified_gmt":"2025-12-03T18:38:21","slug":"jai-trouve-la-cle-de-mon-tube-de-peau","status":"publish","type":"product","link":"https:\/\/cocohouseofbeauty.com\/fr\/produit\/jai-trouve-la-cle-de-mon-tube-de-peau\/","title":{"rendered":"J&#8217;AI TROUV\u00c9 LA CL\u00c9 DE MON TUBE DE PEAU"},"content":{"rendered":"<p><strong>Soins solaires sans plastique pour les amoureux de l&#8217;oc\u00e9an !<\/strong><\/p>\n<div class=\"rich-text__text rte\">\n<p>Nous sommes ravis de vous pr\u00e9senter nos deux premiers produits qui sont \u00e0 la fois s\u00fbrs pour vous et pour notre r\u00e9cif. Ce n&#8217;est que le d\u00e9but, alors n&#8217;oubliez pas de vous tenir au courant en vous inscrivant ci-dessous. Nous sommes ravis que vous nous ayez trouv\u00e9s et nous avons h\u00e2te que vous essayiez nos magnifiques produits.  <\/p>\n<p>L&#8217;\u00e9cosyst\u00e8me de nos oc\u00e9ans est sous pression et nous pensons que le changement commence par nous.<br \/>\nC&#8217;est pourquoi nous avons choisi des emballages sans plastique et cr\u00e9\u00e9 des produits sans danger pour les r\u00e9cifs avec des microparticules. Nous nous sommes engag\u00e9s en faveur de l&#8217;environnement, venez rejoindre le mouvement. <\/p>\n<\/div>\n","protected":false},"excerpt":{"rendered":"<p class=\"ai-optimize-28\">Notre cl\u00e9 \u00e0 tube personnalis\u00e9e est l&#8217;accessoire parfait pour vous aider \u00e0 presser chaque petit morceau de votre produit pr\u00e9f\u00e9r\u00e9 sans gaspillage !<\/p>\n<p class=\"ai-optimize-29\"><strong>RTP SUGG\u00c9R\u00c9 : \u20ac 7,95<\/strong><\/p>\n<p class=\"ai-optimize-30\">SKU : COCO-2176<\/p>\n","protected":false},"featured_media":7801,"comment_status":"open","ping_status":"closed","template":"","meta":{"_kad_blocks_custom_css":"","_kad_blocks_head_custom_js":"","_kad_blocks_body_custom_js":"","_kad_blocks_footer_custom_js":"","_kadence_starter_templates_imported_post":false,"_kad_post_transparent":"default","_kad_post_title":"","_kad_post_layout":"default","_kad_post_sidebar_id":"","_kad_post_content_style":"default","_kad_post_vertical_padding":"default","_kad_post_feature":"","_kad_post_feature_position":"","_kad_post_header":false,"_kad_post_footer":false,"_kad_post_classname":""},"product_brand":[2372],"product_cat":[2293,149,304,123,4995],"product_tag":[665,2809,2810],"class_list":{"0":"post-9536","1":"product","2":"type-product","3":"status-publish","4":"has-post-thumbnail","6":"product_brand-found-my-skin","7":"product_cat-apres-les-soins","8":"product_cat-care","9":"product_cat-found-my-skin","10":"product_cat-tools","11":"product_cat-vente-au-detail","12":"product_tag-aftercare-fr","13":"product_tag-creme-solaire","14":"product_tag-soins","15":"product_shipping_class-petit-paquet","17":"first","18":"instock","19":"taxable","20":"shipping-taxable","21":"purchasable","22":"product-type-simple","23":"entry","24":"content-bg","25":"loop-entry"},"yoast_head":"<!-- This site is optimized with the Yoast SEO Premium plugin v27.2 (Yoast SEO v27.2) - https:\/\/yoast.com\/product\/yoast-seo-premium-wordpress\/ -->\n<title>J&#039;AI TROUV\u00c9 LA CL\u00c9 DE MON TUBE DE PEAU - Coco House of Beauty<\/title>\n<meta name=\"description\" content=\"D\u00e9couvrez notre cl\u00e9 FOUND MY SKIN TUBE, con\u00e7ue pour minimiser les d\u00e9chets et vous aider \u00e0 profiter de chaque goutte. Rejoignez le mouvement pour des produits solaires sans plastique d\u00e8s aujourd&#039;hui !\" \/>\n<meta name=\"robots\" content=\"index, follow, max-snippet:-1, max-image-preview:large, max-video-preview:-1\" \/>\n<link rel=\"canonical\" href=\"https:\/\/cocohouseofbeauty.com\/fr\/produit\/jai-trouve-la-cle-de-mon-tube-de-peau\/\" \/>\n<meta property=\"og:locale\" content=\"fr_FR\" \/>\n<meta property=\"og:type\" content=\"article\" \/>\n<meta property=\"og:title\" content=\"J&#039;AI TROUV\u00c9 LA CL\u00c9 DE MON TUBE DE PEAU\" \/>\n<meta property=\"og:description\" content=\"D\u00e9couvrez notre cl\u00e9 FOUND MY SKIN TUBE, con\u00e7ue pour minimiser les d\u00e9chets et vous aider \u00e0 profiter de chaque goutte. Rejoignez le mouvement pour des produits solaires sans plastique d\u00e8s aujourd&#039;hui !\" \/>\n<meta property=\"og:url\" content=\"https:\/\/cocohouseofbeauty.com\/fr\/produit\/jai-trouve-la-cle-de-mon-tube-de-peau\/\" \/>\n<meta property=\"og:site_name\" content=\"Coco House of Beauty\" \/>\n<meta property=\"article:publisher\" content=\"https:\/\/www.facebook.com\/groups\/388929390727436\/about\/\" \/>\n<meta property=\"article:modified_time\" content=\"2025-12-03T18:38:21+00:00\" \/>\n<meta property=\"og:image\" content=\"https:\/\/cocohouseofbeauty.com\/wp-content\/uploads\/2024\/10\/img_8152.jpeg\" \/>\n\t<meta property=\"og:image:width\" content=\"2000\" \/>\n\t<meta property=\"og:image:height\" content=\"2000\" \/>\n\t<meta property=\"og:image:type\" content=\"image\/jpeg\" \/>\n<meta name=\"twitter:card\" content=\"summary_large_image\" \/>\n<meta name=\"twitter:label1\" content=\"Prix\" \/>\n\t<meta name=\"twitter:data1\" content=\"&euro;&nbsp;6,57\" \/>\n\t<meta name=\"twitter:label2\" content=\"Disponibilit\u00e9\" \/>\n\t<meta name=\"twitter:data2\" content=\"En stock\" \/>\n<script type=\"application\/ld+json\" class=\"yoast-schema-graph\">{\"@context\":\"https:\/\/schema.org\",\"@graph\":[{\"@type\":\"WebPage\",\"@id\":\"https:\/\/cocohouseofbeauty.com\/fr\/produit\/jai-trouve-la-cle-de-mon-tube-de-peau\/\",\"url\":\"https:\/\/cocohouseofbeauty.com\/fr\/produit\/jai-trouve-la-cle-de-mon-tube-de-peau\/\",\"name\":\"J'AI TROUV\u00c9 LA CL\u00c9 DE MON TUBE DE PEAU - Coco House of Beauty\",\"isPartOf\":{\"@id\":\"https:\/\/cocohouseofbeauty.com\/fr\/#website\"},\"primaryImageOfPage\":{\"@id\":\"https:\/\/cocohouseofbeauty.com\/fr\/produit\/jai-trouve-la-cle-de-mon-tube-de-peau\/#primaryimage\"},\"image\":{\"@id\":\"https:\/\/cocohouseofbeauty.com\/fr\/produit\/jai-trouve-la-cle-de-mon-tube-de-peau\/#primaryimage\"},\"thumbnailUrl\":\"https:\/\/cocohouseofbeauty.com\/wp-content\/uploads\/2024\/10\/img_8152.jpeg\",\"datePublished\":\"2024-10-07T11:55:20+00:00\",\"dateModified\":\"2025-12-03T18:38:21+00:00\",\"description\":\"D\u00e9couvrez notre cl\u00e9 FOUND MY SKIN TUBE, con\u00e7ue pour minimiser les d\u00e9chets et vous aider \u00e0 profiter de chaque goutte. Rejoignez le mouvement pour des produits solaires sans plastique d\u00e8s aujourd'hui !\",\"breadcrumb\":{\"@id\":\"https:\/\/cocohouseofbeauty.com\/fr\/produit\/jai-trouve-la-cle-de-mon-tube-de-peau\/#breadcrumb\"},\"inLanguage\":\"fr-FR\",\"potentialAction\":[{\"@type\":\"ReadAction\",\"target\":[\"https:\/\/cocohouseofbeauty.com\/fr\/produit\/jai-trouve-la-cle-de-mon-tube-de-peau\/\"]}]},{\"@type\":\"ImageObject\",\"inLanguage\":\"fr-FR\",\"@id\":\"https:\/\/cocohouseofbeauty.com\/fr\/produit\/jai-trouve-la-cle-de-mon-tube-de-peau\/#primaryimage\",\"url\":\"https:\/\/cocohouseofbeauty.com\/wp-content\/uploads\/2024\/10\/img_8152.jpeg\",\"contentUrl\":\"https:\/\/cocohouseofbeauty.com\/wp-content\/uploads\/2024\/10\/img_8152.jpeg\",\"width\":2000,\"height\":2000,\"caption\":\"Found My Skin Tube Key\"},{\"@type\":\"BreadcrumbList\",\"@id\":\"https:\/\/cocohouseofbeauty.com\/fr\/produit\/jai-trouve-la-cle-de-mon-tube-de-peau\/#breadcrumb\",\"itemListElement\":[{\"@type\":\"ListItem\",\"position\":1,\"name\":\"Home\",\"item\":\"https:\/\/cocohouseofbeauty.com\/fr\/\"},{\"@type\":\"ListItem\",\"position\":2,\"name\":\"Boutique\",\"item\":\"https:\/\/cocohouseofbeauty.com\/fr\/boutique\/\"},{\"@type\":\"ListItem\",\"position\":3,\"name\":\"J&rsquo;AI TROUV\u00c9 LA CL\u00c9 DE MON TUBE DE PEAU\"}]},{\"@type\":\"WebSite\",\"@id\":\"https:\/\/cocohouseofbeauty.com\/fr\/#website\",\"url\":\"https:\/\/cocohouseofbeauty.com\/fr\/\",\"name\":\"Coco House of Beauty\",\"description\":\"Your beauty partner for exclusive lash &amp; brow brands\",\"publisher\":{\"@id\":\"https:\/\/cocohouseofbeauty.com\/fr\/#organization\"},\"potentialAction\":[{\"@type\":\"SearchAction\",\"target\":{\"@type\":\"EntryPoint\",\"urlTemplate\":\"https:\/\/cocohouseofbeauty.com\/fr\/?s={search_term_string}\"},\"query-input\":{\"@type\":\"PropertyValueSpecification\",\"valueRequired\":true,\"valueName\":\"search_term_string\"}}],\"inLanguage\":\"fr-FR\"},{\"@type\":\"Organization\",\"@id\":\"https:\/\/cocohouseofbeauty.com\/fr\/#organization\",\"name\":\"Coco House of Beauty\",\"url\":\"https:\/\/cocohouseofbeauty.com\/fr\/\",\"logo\":{\"@type\":\"ImageObject\",\"inLanguage\":\"fr-FR\",\"@id\":\"https:\/\/cocohouseofbeauty.com\/fr\/#\/schema\/logo\/image\/\",\"url\":\"https:\/\/cocohouseofbeauty.com\/wp-content\/uploads\/2024\/03\/cropped-coco-logo-zonder-estb.png\",\"contentUrl\":\"https:\/\/cocohouseofbeauty.com\/wp-content\/uploads\/2024\/03\/cropped-coco-logo-zonder-estb.png\",\"width\":1532,\"height\":612,\"caption\":\"Coco House of Beauty\"},\"image\":{\"@id\":\"https:\/\/cocohouseofbeauty.com\/fr\/#\/schema\/logo\/image\/\"},\"sameAs\":[\"https:\/\/www.facebook.com\/groups\/388929390727436\/about\/\",\"https:\/\/www.instagram.com\/cocohouse.of.beauty\/\",\"https:\/\/www.tiktok.com\/@cocohouseofbeauty\"],\"foundingDate\":\"2024-04-05\",\"numberOfEmployees\":{\"@type\":\"QuantitativeValue\",\"minValue\":\"11\",\"maxValue\":\"50\"}}]}<\/script>\n<meta property=\"product:price:amount\" content=\"6.57\" \/>\n<meta property=\"product:price:currency\" content=\"EUR\" \/>\n<meta property=\"og:availability\" content=\"instock\" \/>\n<meta property=\"product:availability\" content=\"instock\" \/>\n<meta property=\"product:retailer_item_id\" content=\"COCO-2176\" \/>\n<meta property=\"product:condition\" content=\"new\" \/>\n<!-- \/ Yoast SEO Premium plugin. -->","yoast_head_json":{"title":"J'AI TROUV\u00c9 LA CL\u00c9 DE MON TUBE DE PEAU - Coco House of Beauty","description":"D\u00e9couvrez notre cl\u00e9 FOUND MY SKIN TUBE, con\u00e7ue pour minimiser les d\u00e9chets et vous aider \u00e0 profiter de chaque goutte. Rejoignez le mouvement pour des produits solaires sans plastique d\u00e8s aujourd'hui !","robots":{"index":"index","follow":"follow","max-snippet":"max-snippet:-1","max-image-preview":"max-image-preview:large","max-video-preview":"max-video-preview:-1"},"canonical":"https:\/\/cocohouseofbeauty.com\/fr\/produit\/jai-trouve-la-cle-de-mon-tube-de-peau\/","og_locale":"fr_FR","og_type":"article","og_title":"J'AI TROUV\u00c9 LA CL\u00c9 DE MON TUBE DE PEAU","og_description":"D\u00e9couvrez notre cl\u00e9 FOUND MY SKIN TUBE, con\u00e7ue pour minimiser les d\u00e9chets et vous aider \u00e0 profiter de chaque goutte. Rejoignez le mouvement pour des produits solaires sans plastique d\u00e8s aujourd'hui !","og_url":"https:\/\/cocohouseofbeauty.com\/fr\/produit\/jai-trouve-la-cle-de-mon-tube-de-peau\/","og_site_name":"Coco House of Beauty","article_publisher":"https:\/\/www.facebook.com\/groups\/388929390727436\/about\/","article_modified_time":"2025-12-03T18:38:21+00:00","og_image":[{"width":2000,"height":2000,"url":"https:\/\/cocohouseofbeauty.com\/wp-content\/uploads\/2024\/10\/img_8152.jpeg","type":"image\/jpeg"}],"twitter_card":"summary_large_image","twitter_misc":{"Prix":"&euro;&nbsp;6,57","Disponibilit\u00e9":"En stock"},"schema":{"@context":"https:\/\/schema.org","@graph":[{"@type":"WebPage","@id":"https:\/\/cocohouseofbeauty.com\/fr\/produit\/jai-trouve-la-cle-de-mon-tube-de-peau\/","url":"https:\/\/cocohouseofbeauty.com\/fr\/produit\/jai-trouve-la-cle-de-mon-tube-de-peau\/","name":"J'AI TROUV\u00c9 LA CL\u00c9 DE MON TUBE DE PEAU - Coco House of Beauty","isPartOf":{"@id":"https:\/\/cocohouseofbeauty.com\/fr\/#website"},"primaryImageOfPage":{"@id":"https:\/\/cocohouseofbeauty.com\/fr\/produit\/jai-trouve-la-cle-de-mon-tube-de-peau\/#primaryimage"},"image":{"@id":"https:\/\/cocohouseofbeauty.com\/fr\/produit\/jai-trouve-la-cle-de-mon-tube-de-peau\/#primaryimage"},"thumbnailUrl":"https:\/\/cocohouseofbeauty.com\/wp-content\/uploads\/2024\/10\/img_8152.jpeg","datePublished":"2024-10-07T11:55:20+00:00","dateModified":"2025-12-03T18:38:21+00:00","description":"D\u00e9couvrez notre cl\u00e9 FOUND MY SKIN TUBE, con\u00e7ue pour minimiser les d\u00e9chets et vous aider \u00e0 profiter de chaque goutte. Rejoignez le mouvement pour des produits solaires sans plastique d\u00e8s aujourd'hui !","breadcrumb":{"@id":"https:\/\/cocohouseofbeauty.com\/fr\/produit\/jai-trouve-la-cle-de-mon-tube-de-peau\/#breadcrumb"},"inLanguage":"fr-FR","potentialAction":[{"@type":"ReadAction","target":["https:\/\/cocohouseofbeauty.com\/fr\/produit\/jai-trouve-la-cle-de-mon-tube-de-peau\/"]}]},{"@type":"ImageObject","inLanguage":"fr-FR","@id":"https:\/\/cocohouseofbeauty.com\/fr\/produit\/jai-trouve-la-cle-de-mon-tube-de-peau\/#primaryimage","url":"https:\/\/cocohouseofbeauty.com\/wp-content\/uploads\/2024\/10\/img_8152.jpeg","contentUrl":"https:\/\/cocohouseofbeauty.com\/wp-content\/uploads\/2024\/10\/img_8152.jpeg","width":2000,"height":2000,"caption":"Found My Skin Tube Key"},{"@type":"BreadcrumbList","@id":"https:\/\/cocohouseofbeauty.com\/fr\/produit\/jai-trouve-la-cle-de-mon-tube-de-peau\/#breadcrumb","itemListElement":[{"@type":"ListItem","position":1,"name":"Home","item":"https:\/\/cocohouseofbeauty.com\/fr\/"},{"@type":"ListItem","position":2,"name":"Boutique","item":"https:\/\/cocohouseofbeauty.com\/fr\/boutique\/"},{"@type":"ListItem","position":3,"name":"J&rsquo;AI TROUV\u00c9 LA CL\u00c9 DE MON TUBE DE PEAU"}]},{"@type":"WebSite","@id":"https:\/\/cocohouseofbeauty.com\/fr\/#website","url":"https:\/\/cocohouseofbeauty.com\/fr\/","name":"Coco House of Beauty","description":"Your beauty partner for exclusive lash &amp; brow brands","publisher":{"@id":"https:\/\/cocohouseofbeauty.com\/fr\/#organization"},"potentialAction":[{"@type":"SearchAction","target":{"@type":"EntryPoint","urlTemplate":"https:\/\/cocohouseofbeauty.com\/fr\/?s={search_term_string}"},"query-input":{"@type":"PropertyValueSpecification","valueRequired":true,"valueName":"search_term_string"}}],"inLanguage":"fr-FR"},{"@type":"Organization","@id":"https:\/\/cocohouseofbeauty.com\/fr\/#organization","name":"Coco House of Beauty","url":"https:\/\/cocohouseofbeauty.com\/fr\/","logo":{"@type":"ImageObject","inLanguage":"fr-FR","@id":"https:\/\/cocohouseofbeauty.com\/fr\/#\/schema\/logo\/image\/","url":"https:\/\/cocohouseofbeauty.com\/wp-content\/uploads\/2024\/03\/cropped-coco-logo-zonder-estb.png","contentUrl":"https:\/\/cocohouseofbeauty.com\/wp-content\/uploads\/2024\/03\/cropped-coco-logo-zonder-estb.png","width":1532,"height":612,"caption":"Coco House of Beauty"},"image":{"@id":"https:\/\/cocohouseofbeauty.com\/fr\/#\/schema\/logo\/image\/"},"sameAs":["https:\/\/www.facebook.com\/groups\/388929390727436\/about\/","https:\/\/www.instagram.com\/cocohouse.of.beauty\/","https:\/\/www.tiktok.com\/@cocohouseofbeauty"],"foundingDate":"2024-04-05","numberOfEmployees":{"@type":"QuantitativeValue","minValue":"11","maxValue":"50"}}]},"product_price_amount":"6.57","product_price_currency":"EUR","og_availability":"instock","product_availability":"instock","product_retailer_item_id":"COCO-2176","product_condition":"new"},"taxonomy_info":{"product_brand":[{"value":2372,"label":"Found My Skin"}],"product_cat":[{"value":2293,"label":"Apr\u00e8s les soins"},{"value":149,"label":"Care"},{"value":304,"label":"Found my Skin"},{"value":123,"label":"Tools"},{"value":4995,"label":"Vente au d\u00e9tail"}],"product_tag":[{"value":665,"label":"aftercare"},{"value":2809,"label":"cr\u00e8me solaire"},{"value":2810,"label":"soins"}]},"featured_image_src_large":["https:\/\/cocohouseofbeauty.com\/wp-content\/uploads\/2024\/10\/img_8152-1024x1024.jpeg",1024,1024,true],"author_info":[],"comment_info":0,"jetpack_sharing_enabled":true,"_links":{"self":[{"href":"https:\/\/cocohouseofbeauty.com\/fr\/wp-json\/wp\/v2\/product\/9536","targetHints":{"allow":["GET"]}}],"collection":[{"href":"https:\/\/cocohouseofbeauty.com\/fr\/wp-json\/wp\/v2\/product"}],"about":[{"href":"https:\/\/cocohouseofbeauty.com\/fr\/wp-json\/wp\/v2\/types\/product"}],"replies":[{"embeddable":true,"href":"https:\/\/cocohouseofbeauty.com\/fr\/wp-json\/wp\/v2\/comments?post=9536"}],"wp:featuredmedia":[{"embeddable":true,"href":"https:\/\/cocohouseofbeauty.com\/fr\/wp-json\/wp\/v2\/media\/7801"}],"wp:attachment":[{"href":"https:\/\/cocohouseofbeauty.com\/fr\/wp-json\/wp\/v2\/media?parent=9536"}],"wp:term":[{"taxonomy":"product_brand","embeddable":true,"href":"https:\/\/cocohouseofbeauty.com\/fr\/wp-json\/wp\/v2\/product_brand?post=9536"},{"taxonomy":"product_cat","embeddable":true,"href":"https:\/\/cocohouseofbeauty.com\/fr\/wp-json\/wp\/v2\/product_cat?post=9536"},{"taxonomy":"product_tag","embeddable":true,"href":"https:\/\/cocohouseofbeauty.com\/fr\/wp-json\/wp\/v2\/product_tag?post=9536"}],"curies":[{"name":"wp","href":"https:\/\/api.w.org\/{rel}","templated":true}]}}