{"id":9439,"date":"2024-05-31T09:00:15","date_gmt":"2024-05-31T07:00:15","guid":{"rendered":"https:\/\/cocohouseofbeauty.com\/product\/baguettes-magiques-par-elleebana\/"},"modified":"2025-11-04T11:05:01","modified_gmt":"2025-11-04T09:05:01","slug":"baguettes-magiques-par-elleebana","status":"publish","type":"product","link":"https:\/\/cocohouseofbeauty.com\/fr\/produit\/baguettes-magiques-par-elleebana\/","title":{"rendered":"Elleeebana Baguettes magiques"},"content":{"rendered":"<p data-start=\"1415\" data-end=\"1865\">Les <strong data-start=\"1419\" data-end=\"1446\">baguettes magiques Elleeebana<\/strong> ont fait un retour audacieux dans un paquet de 40, dans un contenant r\u00e9utilisable qui s&#8217;ins\u00e8re parfaitement dans le flux de travail du salon. Non seulement ces baguettes permettent d&#8217;organiser les tiges ou les boucliers, mais elles r\u00e9duisent \u00e9galement les d\u00e9chets d&#8217;emballage, ce qui les rend \u00e0 la fois pratiques et respectueuses de l&#8217;environnement. La couleur vive <strong data-start=\"1720\" data-end=\"1735\">Fuzzy Peach<\/strong> correspond aux tendances du design de 2024, alliant une esth\u00e9tique accrocheuse \u00e0 une valeur fonctionnelle.<\/p>\n<p data-start=\"1867\" data-end=\"2163\">De plus, ce kit de baguettes r\u00e9utilisables permet aux salons de coiffure d&#8217;\u00e9conomiser de l&#8217;argent et du temps. Vous pouvez dire adieu au r\u00e9approvisionnement constant en petits paquets \u00e0 usage unique. Au lieu de cela, la collection de 40 baguettes est pr\u00eate \u00e0 l&#8217;emploi dans le conteneur rechargeable, ce qui rend l&#8217;application des outils plus fluide et plus efficace.  <\/p>\n<p data-start=\"2165\" data-end=\"2467\">De plus, ces baguettes ne sont pas seulement utilitaires, elles sont aussi stylistiques. Leur teinte vibrante ressort dans les publications sur les m\u00e9dias sociaux, ajoutant du flair et de la personnalit\u00e9 aux visuels de vos traitements. De plus, le contenant robuste renforce l&#8217;engagement de votre salon en mati\u00e8re de responsabilit\u00e9 environnementale et de conception r\u00e9fl\u00e9chie.  <\/p>\n<p data-start=\"2469\" data-end=\"2700\">En r\u00e9sum\u00e9, les <strong data-start=\"2485\" data-end=\"2512\">baguettes magiques Elleeebana<\/strong> allient style, durabilit\u00e9 et commodit\u00e9. Ils am\u00e9liorent \u00e0 la fois votre flux de travail et l&#8217;attrait visuel de votre salon, renfor\u00e7ant votre marque comme \u00e9tant moderne, attentive et cr\u00e9ativement avant-gardiste.<\/p>\n","protected":false},"excerpt":{"rendered":"<p data-start=\"747\" data-end=\"980\">Les <strong data-start=\"751\" data-end=\"778\">baguettes magiques Elleeebana<\/strong> sont des applicateurs orange vif r\u00e9utilisables vendus par lot de 40 avec un contenant \u00e9cologique pratique.<br data-start=\"881\" data-end=\"884\">Elles permettent de ranger efficacement les outils tels que les baguettes et les boucliers tout en soutenant les pratiques durables des salons de coiffure.<\/p>\n<ul data-start=\"982\" data-end=\"1353\">\n<li data-start=\"982\" data-end=\"1033\">\n<p data-start=\"984\" data-end=\"1033\">40 baguettes r\u00e9utilisables dans une bo\u00eete de transport \u00e9l\u00e9gante<\/p>\n<\/li>\n<li data-start=\"1034\" data-end=\"1128\">\n<p data-start=\"1036\" data-end=\"1128\">Couleur p\u00eache floue lumineuse, tendance et pr\u00eate pour Instagram.<\/p>\n<\/li>\n<li data-start=\"1129\" data-end=\"1195\">\n<p data-start=\"1131\" data-end=\"1195\">Id\u00e9al pour g\u00e9rer les tiges ou les boucliers dans les traitements des sourcils et des cils.<\/p>\n<\/li>\n<li data-start=\"1196\" data-end=\"1291\">\n<p data-start=\"1198\" data-end=\"1291\">Respectueux de l&#8217;environnement &#8211; r\u00e9duit les emballages \u00e0 usage unique<\/p>\n<\/li>\n<li data-start=\"1196\" data-end=\"1291\">\n<p data-start=\"1198\" data-end=\"1291\">Compl\u00e9ment \u00e9l\u00e9gant des pr\u00e9sentoirs de salon et des stations de traitement<\/p>\n<\/li>\n<\/ul>\n<p>COCO-2144<\/p>\n","protected":false},"featured_media":6993,"comment_status":"open","ping_status":"closed","template":"","meta":{"_kad_blocks_custom_css":"","_kad_blocks_head_custom_js":"","_kad_blocks_body_custom_js":"","_kad_blocks_footer_custom_js":"","_kadence_starter_templates_imported_post":false,"_kad_post_transparent":"default","_kad_post_title":"","_kad_post_layout":"default","_kad_post_sidebar_id":"","_kad_post_content_style":"default","_kad_post_vertical_padding":"default","_kad_post_feature":"","_kad_post_feature_position":"","_kad_post_header":false,"_kad_post_footer":false,"_kad_post_classname":""},"product_brand":[1655],"product_cat":[2065,119,120,121,123],"product_tag":[8292,8296,8295,8293,8297,8290,8291,271,124,8289,5464,8294],"class_list":{"0":"post-9439","1":"product","2":"type-product","3":"status-publish","4":"has-post-thumbnail","6":"product_brand-elleebana-lash-lift-brow-lamination-exclusive-supplier-for-elleebana-fastest-processing-times-a-household-name-worldwide-for-30-years-otto-mitter","7":"product_cat-colle-lash-lift","8":"product_cat-elleebana-fr","9":"product_cat-one-shot-fr","10":"product_cat-profusion-fr","11":"product_cat-tools","12":"product_tag-40-jeux-de-baguettes","13":"product_tag-accessoire-de-salon-elegant","14":"product_tag-applicateurs-reutilisables","15":"product_tag-baguettes-de-rangement-doutils","16":"product_tag-baguettes-de-salon-a-la-mode","17":"product_tag-baguettes-de-salon-reutilisables","18":"product_tag-baguettes-fuzzy-peach","19":"product_tag-baguettes-magiques","20":"product_tag-elleebana-fr","21":"product_tag-elleeebana-baguettes-magiques","22":"product_tag-organisateur-doutils-pour-les-sourcils","23":"product_tag-salon-eco-tools-fr","24":"product_shipping_class-boite-aux-lettres","26":"first","27":"instock","28":"taxable","29":"shipping-taxable","30":"purchasable","31":"product-type-simple","32":"entry","33":"content-bg","34":"loop-entry"},"yoast_head":"<!-- This site is optimized with the Yoast SEO Premium plugin v27.2 (Yoast SEO v27.2) - https:\/\/yoast.com\/product\/yoast-seo-premium-wordpress\/ -->\n<title>Elleeebana Baguettes magiques dans des contenants r\u00e9utilisables - lot de 40<\/title>\n<meta name=\"description\" content=\"Elleeebana Wonder Wands - 40 applicateurs r\u00e9utilisables de couleur p\u00eache. Rangez les baguettes ou les boucliers dans des conteneurs \u00e9cologiques \u00e9l\u00e9gants, parfaits pour les salons de coiffure modernes.\" \/>\n<meta name=\"robots\" content=\"index, follow, max-snippet:-1, max-image-preview:large, max-video-preview:-1\" \/>\n<link rel=\"canonical\" href=\"https:\/\/cocohouseofbeauty.com\/fr\/produit\/baguettes-magiques-par-elleebana\/\" \/>\n<meta property=\"og:locale\" content=\"fr_FR\" \/>\n<meta property=\"og:type\" content=\"article\" \/>\n<meta property=\"og:title\" content=\"Elleeebana Baguettes magiques\" \/>\n<meta property=\"og:description\" content=\"Elleeebana Wonder Wands - 40 applicateurs r\u00e9utilisables de couleur p\u00eache. Rangez les baguettes ou les boucliers dans des conteneurs \u00e9cologiques \u00e9l\u00e9gants, parfaits pour les salons de coiffure modernes.\" \/>\n<meta property=\"og:url\" content=\"https:\/\/cocohouseofbeauty.com\/fr\/produit\/baguettes-magiques-par-elleebana\/\" \/>\n<meta property=\"og:site_name\" content=\"Coco House of Beauty\" \/>\n<meta property=\"article:publisher\" content=\"https:\/\/www.facebook.com\/groups\/388929390727436\/about\/\" \/>\n<meta property=\"article:modified_time\" content=\"2025-11-04T09:05:01+00:00\" \/>\n<meta property=\"og:image\" content=\"https:\/\/cocohouseofbeauty.com\/wp-content\/uploads\/2024\/05\/wonder-wands-by-Elleebana.jpg\" \/>\n\t<meta property=\"og:image:width\" content=\"828\" \/>\n\t<meta property=\"og:image:height\" content=\"870\" \/>\n\t<meta property=\"og:image:type\" content=\"image\/jpeg\" \/>\n<meta name=\"twitter:card\" content=\"summary_large_image\" \/>\n<meta name=\"twitter:label1\" content=\"Prix\" \/>\n\t<meta name=\"twitter:data1\" content=\"&euro;&nbsp;22,95\" \/>\n\t<meta name=\"twitter:label2\" content=\"Disponibilit\u00e9\" \/>\n\t<meta name=\"twitter:data2\" content=\"En stock\" \/>\n<script type=\"application\/ld+json\" class=\"yoast-schema-graph\">{\"@context\":\"https:\/\/schema.org\",\"@graph\":[{\"@type\":\"WebPage\",\"@id\":\"https:\/\/cocohouseofbeauty.com\/fr\/produit\/baguettes-magiques-par-elleebana\/\",\"url\":\"https:\/\/cocohouseofbeauty.com\/fr\/produit\/baguettes-magiques-par-elleebana\/\",\"name\":\"Elleeebana Baguettes magiques dans des contenants r\u00e9utilisables - lot de 40\",\"isPartOf\":{\"@id\":\"https:\/\/cocohouseofbeauty.com\/fr\/#website\"},\"primaryImageOfPage\":{\"@id\":\"https:\/\/cocohouseofbeauty.com\/fr\/produit\/baguettes-magiques-par-elleebana\/#primaryimage\"},\"image\":{\"@id\":\"https:\/\/cocohouseofbeauty.com\/fr\/produit\/baguettes-magiques-par-elleebana\/#primaryimage\"},\"thumbnailUrl\":\"https:\/\/cocohouseofbeauty.com\/wp-content\/uploads\/2024\/05\/wonder-wands-by-Elleebana.jpg\",\"datePublished\":\"2024-05-31T07:00:15+00:00\",\"dateModified\":\"2025-11-04T09:05:01+00:00\",\"description\":\"Elleeebana Wonder Wands - 40 applicateurs r\u00e9utilisables de couleur p\u00eache. Rangez les baguettes ou les boucliers dans des conteneurs \u00e9cologiques \u00e9l\u00e9gants, parfaits pour les salons de coiffure modernes.\",\"breadcrumb\":{\"@id\":\"https:\/\/cocohouseofbeauty.com\/fr\/produit\/baguettes-magiques-par-elleebana\/#breadcrumb\"},\"inLanguage\":\"fr-FR\",\"potentialAction\":[{\"@type\":\"ReadAction\",\"target\":[\"https:\/\/cocohouseofbeauty.com\/fr\/produit\/baguettes-magiques-par-elleebana\/\"]}]},{\"@type\":\"ImageObject\",\"inLanguage\":\"fr-FR\",\"@id\":\"https:\/\/cocohouseofbeauty.com\/fr\/produit\/baguettes-magiques-par-elleebana\/#primaryimage\",\"url\":\"https:\/\/cocohouseofbeauty.com\/wp-content\/uploads\/2024\/05\/wonder-wands-by-Elleebana.jpg\",\"contentUrl\":\"https:\/\/cocohouseofbeauty.com\/wp-content\/uploads\/2024\/05\/wonder-wands-by-Elleebana.jpg\",\"width\":828,\"height\":870,\"caption\":\"Elleeebana Wonder Wands, baguettes de salon r\u00e9utilisables, baguettes Fuzzy Peach, ensemble de 40 baguettes, baguettes de rangement, outils \u00e9cologiques de salon, applicateurs r\u00e9utilisables, accessoires de salon \u00e9l\u00e9gants, organisateur d'outils pour les sourcils, baguettes de salon \u00e0 la mode.\"},{\"@type\":\"BreadcrumbList\",\"@id\":\"https:\/\/cocohouseofbeauty.com\/fr\/produit\/baguettes-magiques-par-elleebana\/#breadcrumb\",\"itemListElement\":[{\"@type\":\"ListItem\",\"position\":1,\"name\":\"Home\",\"item\":\"https:\/\/cocohouseofbeauty.com\/fr\/\"},{\"@type\":\"ListItem\",\"position\":2,\"name\":\"Boutique\",\"item\":\"https:\/\/cocohouseofbeauty.com\/fr\/boutique\/\"},{\"@type\":\"ListItem\",\"position\":3,\"name\":\"Elleeebana Baguettes magiques\"}]},{\"@type\":\"WebSite\",\"@id\":\"https:\/\/cocohouseofbeauty.com\/fr\/#website\",\"url\":\"https:\/\/cocohouseofbeauty.com\/fr\/\",\"name\":\"Coco House of Beauty\",\"description\":\"Your beauty partner for exclusive lash &amp; brow brands\",\"publisher\":{\"@id\":\"https:\/\/cocohouseofbeauty.com\/fr\/#organization\"},\"potentialAction\":[{\"@type\":\"SearchAction\",\"target\":{\"@type\":\"EntryPoint\",\"urlTemplate\":\"https:\/\/cocohouseofbeauty.com\/fr\/?s={search_term_string}\"},\"query-input\":{\"@type\":\"PropertyValueSpecification\",\"valueRequired\":true,\"valueName\":\"search_term_string\"}}],\"inLanguage\":\"fr-FR\"},{\"@type\":\"Organization\",\"@id\":\"https:\/\/cocohouseofbeauty.com\/fr\/#organization\",\"name\":\"Coco House of Beauty\",\"url\":\"https:\/\/cocohouseofbeauty.com\/fr\/\",\"logo\":{\"@type\":\"ImageObject\",\"inLanguage\":\"fr-FR\",\"@id\":\"https:\/\/cocohouseofbeauty.com\/fr\/#\/schema\/logo\/image\/\",\"url\":\"https:\/\/cocohouseofbeauty.com\/wp-content\/uploads\/2024\/03\/cropped-coco-logo-zonder-estb.png\",\"contentUrl\":\"https:\/\/cocohouseofbeauty.com\/wp-content\/uploads\/2024\/03\/cropped-coco-logo-zonder-estb.png\",\"width\":1532,\"height\":612,\"caption\":\"Coco House of Beauty\"},\"image\":{\"@id\":\"https:\/\/cocohouseofbeauty.com\/fr\/#\/schema\/logo\/image\/\"},\"sameAs\":[\"https:\/\/www.facebook.com\/groups\/388929390727436\/about\/\",\"https:\/\/www.instagram.com\/cocohouse.of.beauty\/\",\"https:\/\/www.tiktok.com\/@cocohouseofbeauty\"],\"foundingDate\":\"2024-04-05\",\"numberOfEmployees\":{\"@type\":\"QuantitativeValue\",\"minValue\":\"11\",\"maxValue\":\"50\"}}]}<\/script>\n<meta property=\"product:price:amount\" content=\"22.95\" \/>\n<meta property=\"product:price:currency\" content=\"EUR\" \/>\n<meta property=\"og:availability\" content=\"instock\" \/>\n<meta property=\"product:availability\" content=\"instock\" \/>\n<meta property=\"product:retailer_item_id\" content=\"COCO-2144\" \/>\n<meta property=\"product:condition\" content=\"new\" \/>\n<!-- \/ Yoast SEO Premium plugin. -->","yoast_head_json":{"title":"Elleeebana Baguettes magiques dans des contenants r\u00e9utilisables - lot de 40","description":"Elleeebana Wonder Wands - 40 applicateurs r\u00e9utilisables de couleur p\u00eache. Rangez les baguettes ou les boucliers dans des conteneurs \u00e9cologiques \u00e9l\u00e9gants, parfaits pour les salons de coiffure modernes.","robots":{"index":"index","follow":"follow","max-snippet":"max-snippet:-1","max-image-preview":"max-image-preview:large","max-video-preview":"max-video-preview:-1"},"canonical":"https:\/\/cocohouseofbeauty.com\/fr\/produit\/baguettes-magiques-par-elleebana\/","og_locale":"fr_FR","og_type":"article","og_title":"Elleeebana Baguettes magiques","og_description":"Elleeebana Wonder Wands - 40 applicateurs r\u00e9utilisables de couleur p\u00eache. Rangez les baguettes ou les boucliers dans des conteneurs \u00e9cologiques \u00e9l\u00e9gants, parfaits pour les salons de coiffure modernes.","og_url":"https:\/\/cocohouseofbeauty.com\/fr\/produit\/baguettes-magiques-par-elleebana\/","og_site_name":"Coco House of Beauty","article_publisher":"https:\/\/www.facebook.com\/groups\/388929390727436\/about\/","article_modified_time":"2025-11-04T09:05:01+00:00","og_image":[{"width":828,"height":870,"url":"https:\/\/cocohouseofbeauty.com\/wp-content\/uploads\/2024\/05\/wonder-wands-by-Elleebana.jpg","type":"image\/jpeg"}],"twitter_card":"summary_large_image","twitter_misc":{"Prix":"&euro;&nbsp;22,95","Disponibilit\u00e9":"En stock"},"schema":{"@context":"https:\/\/schema.org","@graph":[{"@type":"WebPage","@id":"https:\/\/cocohouseofbeauty.com\/fr\/produit\/baguettes-magiques-par-elleebana\/","url":"https:\/\/cocohouseofbeauty.com\/fr\/produit\/baguettes-magiques-par-elleebana\/","name":"Elleeebana Baguettes magiques dans des contenants r\u00e9utilisables - lot de 40","isPartOf":{"@id":"https:\/\/cocohouseofbeauty.com\/fr\/#website"},"primaryImageOfPage":{"@id":"https:\/\/cocohouseofbeauty.com\/fr\/produit\/baguettes-magiques-par-elleebana\/#primaryimage"},"image":{"@id":"https:\/\/cocohouseofbeauty.com\/fr\/produit\/baguettes-magiques-par-elleebana\/#primaryimage"},"thumbnailUrl":"https:\/\/cocohouseofbeauty.com\/wp-content\/uploads\/2024\/05\/wonder-wands-by-Elleebana.jpg","datePublished":"2024-05-31T07:00:15+00:00","dateModified":"2025-11-04T09:05:01+00:00","description":"Elleeebana Wonder Wands - 40 applicateurs r\u00e9utilisables de couleur p\u00eache. Rangez les baguettes ou les boucliers dans des conteneurs \u00e9cologiques \u00e9l\u00e9gants, parfaits pour les salons de coiffure modernes.","breadcrumb":{"@id":"https:\/\/cocohouseofbeauty.com\/fr\/produit\/baguettes-magiques-par-elleebana\/#breadcrumb"},"inLanguage":"fr-FR","potentialAction":[{"@type":"ReadAction","target":["https:\/\/cocohouseofbeauty.com\/fr\/produit\/baguettes-magiques-par-elleebana\/"]}]},{"@type":"ImageObject","inLanguage":"fr-FR","@id":"https:\/\/cocohouseofbeauty.com\/fr\/produit\/baguettes-magiques-par-elleebana\/#primaryimage","url":"https:\/\/cocohouseofbeauty.com\/wp-content\/uploads\/2024\/05\/wonder-wands-by-Elleebana.jpg","contentUrl":"https:\/\/cocohouseofbeauty.com\/wp-content\/uploads\/2024\/05\/wonder-wands-by-Elleebana.jpg","width":828,"height":870,"caption":"Elleeebana Wonder Wands, baguettes de salon r\u00e9utilisables, baguettes Fuzzy Peach, ensemble de 40 baguettes, baguettes de rangement, outils \u00e9cologiques de salon, applicateurs r\u00e9utilisables, accessoires de salon \u00e9l\u00e9gants, organisateur d'outils pour les sourcils, baguettes de salon \u00e0 la mode."},{"@type":"BreadcrumbList","@id":"https:\/\/cocohouseofbeauty.com\/fr\/produit\/baguettes-magiques-par-elleebana\/#breadcrumb","itemListElement":[{"@type":"ListItem","position":1,"name":"Home","item":"https:\/\/cocohouseofbeauty.com\/fr\/"},{"@type":"ListItem","position":2,"name":"Boutique","item":"https:\/\/cocohouseofbeauty.com\/fr\/boutique\/"},{"@type":"ListItem","position":3,"name":"Elleeebana Baguettes magiques"}]},{"@type":"WebSite","@id":"https:\/\/cocohouseofbeauty.com\/fr\/#website","url":"https:\/\/cocohouseofbeauty.com\/fr\/","name":"Coco House of Beauty","description":"Your beauty partner for exclusive lash &amp; brow brands","publisher":{"@id":"https:\/\/cocohouseofbeauty.com\/fr\/#organization"},"potentialAction":[{"@type":"SearchAction","target":{"@type":"EntryPoint","urlTemplate":"https:\/\/cocohouseofbeauty.com\/fr\/?s={search_term_string}"},"query-input":{"@type":"PropertyValueSpecification","valueRequired":true,"valueName":"search_term_string"}}],"inLanguage":"fr-FR"},{"@type":"Organization","@id":"https:\/\/cocohouseofbeauty.com\/fr\/#organization","name":"Coco House of Beauty","url":"https:\/\/cocohouseofbeauty.com\/fr\/","logo":{"@type":"ImageObject","inLanguage":"fr-FR","@id":"https:\/\/cocohouseofbeauty.com\/fr\/#\/schema\/logo\/image\/","url":"https:\/\/cocohouseofbeauty.com\/wp-content\/uploads\/2024\/03\/cropped-coco-logo-zonder-estb.png","contentUrl":"https:\/\/cocohouseofbeauty.com\/wp-content\/uploads\/2024\/03\/cropped-coco-logo-zonder-estb.png","width":1532,"height":612,"caption":"Coco House of Beauty"},"image":{"@id":"https:\/\/cocohouseofbeauty.com\/fr\/#\/schema\/logo\/image\/"},"sameAs":["https:\/\/www.facebook.com\/groups\/388929390727436\/about\/","https:\/\/www.instagram.com\/cocohouse.of.beauty\/","https:\/\/www.tiktok.com\/@cocohouseofbeauty"],"foundingDate":"2024-04-05","numberOfEmployees":{"@type":"QuantitativeValue","minValue":"11","maxValue":"50"}}]},"product_price_amount":"22.95","product_price_currency":"EUR","og_availability":"instock","product_availability":"instock","product_retailer_item_id":"COCO-2144","product_condition":"new"},"taxonomy_info":{"product_brand":[{"value":1655,"label":"Elleebana"}],"product_cat":[{"value":2065,"label":"Colle Lash Lift"},{"value":119,"label":"Elleebana"},{"value":120,"label":"One Shot"},{"value":121,"label":"Profusion"},{"value":123,"label":"Tools"}],"product_tag":[{"value":8292,"label":"40 jeux de baguettes"},{"value":8296,"label":"accessoire de salon \u00e9l\u00e9gant"},{"value":8295,"label":"applicateurs r\u00e9utilisables"},{"value":8293,"label":"baguettes de rangement d'outils"},{"value":8297,"label":"baguettes de salon \u00e0 la mode"},{"value":8290,"label":"baguettes de salon r\u00e9utilisables"},{"value":8291,"label":"Baguettes Fuzzy Peach"},{"value":271,"label":"baguettes magiques"},{"value":124,"label":"elleebana"},{"value":8289,"label":"Elleeebana Baguettes magiques"},{"value":5464,"label":"organisateur d'outils pour les sourcils"},{"value":8294,"label":"salon eco tools"}]},"featured_image_src_large":["https:\/\/cocohouseofbeauty.com\/wp-content\/uploads\/2024\/05\/wonder-wands-by-Elleebana.jpg",828,870,false],"author_info":[],"comment_info":0,"jetpack_sharing_enabled":true,"_links":{"self":[{"href":"https:\/\/cocohouseofbeauty.com\/fr\/wp-json\/wp\/v2\/product\/9439","targetHints":{"allow":["GET"]}}],"collection":[{"href":"https:\/\/cocohouseofbeauty.com\/fr\/wp-json\/wp\/v2\/product"}],"about":[{"href":"https:\/\/cocohouseofbeauty.com\/fr\/wp-json\/wp\/v2\/types\/product"}],"replies":[{"embeddable":true,"href":"https:\/\/cocohouseofbeauty.com\/fr\/wp-json\/wp\/v2\/comments?post=9439"}],"wp:featuredmedia":[{"embeddable":true,"href":"https:\/\/cocohouseofbeauty.com\/fr\/wp-json\/wp\/v2\/media\/6993"}],"wp:attachment":[{"href":"https:\/\/cocohouseofbeauty.com\/fr\/wp-json\/wp\/v2\/media?parent=9439"}],"wp:term":[{"taxonomy":"product_brand","embeddable":true,"href":"https:\/\/cocohouseofbeauty.com\/fr\/wp-json\/wp\/v2\/product_brand?post=9439"},{"taxonomy":"product_cat","embeddable":true,"href":"https:\/\/cocohouseofbeauty.com\/fr\/wp-json\/wp\/v2\/product_cat?post=9439"},{"taxonomy":"product_tag","embeddable":true,"href":"https:\/\/cocohouseofbeauty.com\/fr\/wp-json\/wp\/v2\/product_tag?post=9439"}],"curies":[{"name":"wp","href":"https:\/\/api.w.org\/{rel}","templated":true}]}}