{"id":9387,"date":"2024-04-04T22:34:39","date_gmt":"2024-04-04T20:34:39","guid":{"rendered":"https:\/\/cocohouseofbeauty.com\/product\/infinity-oxydant-3\/"},"modified":"2025-09-10T15:47:05","modified_gmt":"2025-09-10T13:47:05","slug":"infinity-oxydant-3","status":"publish","type":"product","link":"https:\/\/cocohouseofbeauty.com\/fr\/produit\/infinity-oxydant-3\/","title":{"rendered":"Infinity Hybrid Tint Oxidizer &#8211; 30 ml"},"content":{"rendered":"<p data-start=\"470\" data-end=\"544\"><strong data-start=\"470\" data-end=\"542\">Infinity Oxydant 3% &#8211; le premier oxydant \u00e0 pompe \u00e9tanche sur le march\u00e9 !<\/strong><\/p>\n<p data-start=\"546\" data-end=\"874\">Vous cherchez un moyen plus propre, plus facile et plus pr\u00e9cis de m\u00e9langer vos teintes ? D\u00e9couvrez l&#8217;oxydant <strong data-start=\"626\" data-end=\"657\">Infinity 3% (30 ml)<\/strong>, sp\u00e9cialement con\u00e7u pour les artistes professionnels des sourcils et les techniciens des cils. Gr\u00e2ce \u00e0 son <strong data-start=\"751\" data-end=\"778\">conditionnement<\/strong> unique en <strong data-start=\"751\" data-end=\"778\">pompe herm\u00e9tique<\/strong>, cet oxydant reste frais plus longtemps et vous permet de ne distribuer que la quantit\u00e9 exacte dont vous avez besoin.  <\/p>\n<p data-start=\"876\" data-end=\"1118\">Associ\u00e9e \u00e0 la <strong data-start=\"899\" data-end=\"929\">cr\u00e8me teint\u00e9e Infinity Hybrid<\/strong>, elle cr\u00e9e la formule parfaite pour des r\u00e9sultats \u00e9tonnants et durables. Plus de d\u00e9bordements, plus de gaspillage de produit &#8211; juste un m\u00e9lange doux et homog\u00e8ne qui permet de r\u00e9aliser des traitements de sourcils et de cils impeccables. <\/p>\n<p data-start=\"1120\" data-end=\"1160\"><strong data-start=\"1122\" data-end=\"1158\">Avantages d&#8217;Infinity Oxydant 3% :<\/strong><\/p>\n<ul data-start=\"1161\" data-end=\"1445\">\n<li data-start=\"1161\" data-end=\"1212\">\n<p data-start=\"1163\" data-end=\"1212\">Premier oxydant dans un <strong data-start=\"1183\" data-end=\"1210\">distributeur \u00e0 pompe \u00e9tanche \u00e0 l&#8217;air<\/strong><\/p>\n<\/li>\n<li data-start=\"1213\" data-end=\"1279\">\n<p data-start=\"1215\" data-end=\"1279\"><strong data-start=\"1215\" data-end=\"1227\">Pas de gaspillage<\/strong>: le syst\u00e8me de pompe lib\u00e8re la quantit\u00e9 id\u00e9ale \u00e0 chaque fois<\/p>\n<\/li>\n<li data-start=\"1280\" data-end=\"1334\">\n<p data-start=\"1282\" data-end=\"1334\"><strong data-start=\"1282\" data-end=\"1301\">Partenaire id\u00e9al<\/strong> de la teinte cr\u00e8me Infinity Hybrid<\/p>\n<\/li>\n<li data-start=\"1335\" data-end=\"1386\">\n<p data-start=\"1337\" data-end=\"1386\">Permet d&#8217;obtenir des <strong data-start=\"1351\" data-end=\"1384\">r\u00e9sultats de couleur uniformes et fiables<\/strong><\/p>\n<\/li>\n<li data-start=\"1387\" data-end=\"1445\">\n<p data-start=\"1389\" data-end=\"1445\"><strong data-start=\"1389\" data-end=\"1416\">Format professionnel de 30 ml<\/strong> &#8211; compact et durable<\/p>\n<\/li>\n<\/ul>\n<p data-start=\"1447\" data-end=\"1563\">Faites passer vos traitements de sourcils et de cils au niveau sup\u00e9rieur gr\u00e2ce \u00e0 cet oxydant innovant. Simple, intelligent et pr\u00eat pour le salon. <\/p>\n<p data-start=\"1565\" data-end=\"1606\"><strong data-start=\"1565\" data-end=\"1577\">Contenu :<\/strong> 30 ml<br data-start=\"1583\" data-end=\"1586\"><strong data-start=\"1586\" data-end=\"1594\">SKU :<\/strong> COCO-2092<\/p>\n","protected":false},"excerpt":{"rendered":"<ul>\n<li data-start=\"218\" data-end=\"284\">Premier oxydant dans un <strong data-start=\"238\" data-end=\"262\">flacon-pompe herm\u00e9tique<\/strong> &#8211; pas de d\u00e9sordre, pas de d\u00e9chets<\/li>\n<li data-start=\"285\" data-end=\"340\">\n<p data-start=\"287\" data-end=\"340\">Se m\u00e9lange parfaitement avec la <strong data-start=\"308\" data-end=\"338\">teinte cr\u00e8me hybride Infinity<\/strong><\/p>\n<\/li>\n<li data-start=\"341\" data-end=\"378\">\n<p data-start=\"343\" data-end=\"378\">Maintient la fra\u00eecheur et l&#8217;efficacit\u00e9 du produit<\/p>\n<\/li>\n<li data-start=\"379\" data-end=\"419\">\n<p data-start=\"381\" data-end=\"419\">Facile \u00e0 utiliser et de qualit\u00e9 professionnelle<\/p>\n<\/li>\n<\/ul>\n<p class=\"ai-optimize-27\">\n","protected":false},"featured_media":26342,"comment_status":"open","ping_status":"closed","template":"","meta":{"_kad_blocks_custom_css":"","_kad_blocks_head_custom_js":"","_kad_blocks_body_custom_js":"","_kad_blocks_footer_custom_js":"","_kadence_starter_templates_imported_post":false,"_kad_post_transparent":"default","_kad_post_title":"","_kad_post_layout":"default","_kad_post_sidebar_id":"","_kad_post_content_style":"default","_kad_post_vertical_padding":"default","_kad_post_feature":"","_kad_post_feature_position":"","_kad_post_header":false,"_kad_post_footer":false,"_kad_post_classname":""},"product_brand":[],"product_cat":[2046,147],"product_tag":[],"class_list":{"0":"post-9387","1":"product","2":"type-product","3":"status-publish","4":"has-post-thumbnail","6":"product_cat-aerographe","7":"product_cat-infinity-hybrid-fr-2","8":"product_shipping_class-petit-paquet","10":"first","11":"instock","12":"taxable","13":"shipping-taxable","14":"purchasable","15":"product-type-simple","16":"entry","17":"content-bg","18":"loop-entry"},"yoast_head":"<!-- This site is optimized with the Yoast SEO Premium plugin v27.2 (Yoast SEO v27.2) - https:\/\/yoast.com\/product\/yoast-seo-premium-wordpress\/ -->\n<title>Infinity Oxydant 3% : Pompe \u00e9tanche pour une utilisation facile<\/title>\n<meta name=\"description\" content=\"Faites l&#039;exp\u00e9rience de la r\u00e9volution avec Infinity Oxydant 3% ! Cet emballage herm\u00e9tique garantit une facilit\u00e9 d&#039;utilisation et un m\u00e9lange parfait avec la cr\u00e8me teint\u00e9e hybride d&#039;Infinity.\" \/>\n<meta name=\"robots\" content=\"index, follow, max-snippet:-1, max-image-preview:large, max-video-preview:-1\" \/>\n<link rel=\"canonical\" href=\"https:\/\/cocohouseofbeauty.com\/fr\/produit\/infinity-oxydant-3\/\" \/>\n<meta property=\"og:locale\" content=\"fr_FR\" \/>\n<meta property=\"og:type\" content=\"article\" \/>\n<meta property=\"og:title\" content=\"Infinity Hybrid Tint Oxidizer - 30 ml\" \/>\n<meta property=\"og:description\" content=\"Faites l&#039;exp\u00e9rience de la r\u00e9volution avec Infinity Oxydant 3% ! Cet emballage herm\u00e9tique garantit une facilit\u00e9 d&#039;utilisation et un m\u00e9lange parfait avec la cr\u00e8me teint\u00e9e hybride d&#039;Infinity.\" \/>\n<meta property=\"og:url\" content=\"https:\/\/cocohouseofbeauty.com\/fr\/produit\/infinity-oxydant-3\/\" \/>\n<meta property=\"og:site_name\" content=\"Coco House of Beauty\" \/>\n<meta property=\"article:publisher\" content=\"https:\/\/www.facebook.com\/groups\/388929390727436\/about\/\" \/>\n<meta property=\"article:modified_time\" content=\"2025-09-10T13:47:05+00:00\" \/>\n<meta property=\"og:image\" content=\"https:\/\/cocohouseofbeauty.com\/wp-content\/uploads\/2024\/04\/img_0596.jpeg\" \/>\n\t<meta property=\"og:image:width\" content=\"1117\" \/>\n\t<meta property=\"og:image:height\" content=\"1344\" \/>\n\t<meta property=\"og:image:type\" content=\"image\/jpeg\" \/>\n<meta name=\"twitter:card\" content=\"summary_large_image\" \/>\n<meta name=\"twitter:label1\" content=\"Prix\" \/>\n\t<meta name=\"twitter:data1\" content=\"&euro;&nbsp;9,95\" \/>\n\t<meta name=\"twitter:label2\" content=\"Disponibilit\u00e9\" \/>\n\t<meta name=\"twitter:data2\" content=\"En stock\" \/>\n<script type=\"application\/ld+json\" class=\"yoast-schema-graph\">{\"@context\":\"https:\/\/schema.org\",\"@graph\":[{\"@type\":\"WebPage\",\"@id\":\"https:\/\/cocohouseofbeauty.com\/fr\/produit\/infinity-oxydant-3\/\",\"url\":\"https:\/\/cocohouseofbeauty.com\/fr\/produit\/infinity-oxydant-3\/\",\"name\":\"Infinity Oxydant 3% : Pompe \u00e9tanche pour une utilisation facile\",\"isPartOf\":{\"@id\":\"https:\/\/cocohouseofbeauty.com\/fr\/#website\"},\"primaryImageOfPage\":{\"@id\":\"https:\/\/cocohouseofbeauty.com\/fr\/produit\/infinity-oxydant-3\/#primaryimage\"},\"image\":{\"@id\":\"https:\/\/cocohouseofbeauty.com\/fr\/produit\/infinity-oxydant-3\/#primaryimage\"},\"thumbnailUrl\":\"https:\/\/cocohouseofbeauty.com\/wp-content\/uploads\/2024\/04\/img_0596.jpeg\",\"datePublished\":\"2024-04-04T20:34:39+00:00\",\"dateModified\":\"2025-09-10T13:47:05+00:00\",\"description\":\"Faites l'exp\u00e9rience de la r\u00e9volution avec Infinity Oxydant 3% ! Cet emballage herm\u00e9tique garantit une facilit\u00e9 d'utilisation et un m\u00e9lange parfait avec la cr\u00e8me teint\u00e9e hybride d'Infinity.\",\"breadcrumb\":{\"@id\":\"https:\/\/cocohouseofbeauty.com\/fr\/produit\/infinity-oxydant-3\/#breadcrumb\"},\"inLanguage\":\"fr-FR\",\"potentialAction\":[{\"@type\":\"ReadAction\",\"target\":[\"https:\/\/cocohouseofbeauty.com\/fr\/produit\/infinity-oxydant-3\/\"]}]},{\"@type\":\"ImageObject\",\"inLanguage\":\"fr-FR\",\"@id\":\"https:\/\/cocohouseofbeauty.com\/fr\/produit\/infinity-oxydant-3\/#primaryimage\",\"url\":\"https:\/\/cocohouseofbeauty.com\/wp-content\/uploads\/2024\/04\/img_0596.jpeg\",\"contentUrl\":\"https:\/\/cocohouseofbeauty.com\/wp-content\/uploads\/2024\/04\/img_0596.jpeg\",\"width\":1117,\"height\":1344},{\"@type\":\"BreadcrumbList\",\"@id\":\"https:\/\/cocohouseofbeauty.com\/fr\/produit\/infinity-oxydant-3\/#breadcrumb\",\"itemListElement\":[{\"@type\":\"ListItem\",\"position\":1,\"name\":\"Home\",\"item\":\"https:\/\/cocohouseofbeauty.com\/fr\/\"},{\"@type\":\"ListItem\",\"position\":2,\"name\":\"Boutique\",\"item\":\"https:\/\/cocohouseofbeauty.com\/fr\/boutique\/\"},{\"@type\":\"ListItem\",\"position\":3,\"name\":\"Infinity Hybrid Tint Oxidizer &#8211; 30 ml\"}]},{\"@type\":\"WebSite\",\"@id\":\"https:\/\/cocohouseofbeauty.com\/fr\/#website\",\"url\":\"https:\/\/cocohouseofbeauty.com\/fr\/\",\"name\":\"Coco House of Beauty\",\"description\":\"Your beauty partner for exclusive lash &amp; brow brands\",\"publisher\":{\"@id\":\"https:\/\/cocohouseofbeauty.com\/fr\/#organization\"},\"potentialAction\":[{\"@type\":\"SearchAction\",\"target\":{\"@type\":\"EntryPoint\",\"urlTemplate\":\"https:\/\/cocohouseofbeauty.com\/fr\/?s={search_term_string}\"},\"query-input\":{\"@type\":\"PropertyValueSpecification\",\"valueRequired\":true,\"valueName\":\"search_term_string\"}}],\"inLanguage\":\"fr-FR\"},{\"@type\":\"Organization\",\"@id\":\"https:\/\/cocohouseofbeauty.com\/fr\/#organization\",\"name\":\"Coco House of Beauty\",\"url\":\"https:\/\/cocohouseofbeauty.com\/fr\/\",\"logo\":{\"@type\":\"ImageObject\",\"inLanguage\":\"fr-FR\",\"@id\":\"https:\/\/cocohouseofbeauty.com\/fr\/#\/schema\/logo\/image\/\",\"url\":\"https:\/\/cocohouseofbeauty.com\/wp-content\/uploads\/2024\/03\/cropped-coco-logo-zonder-estb.png\",\"contentUrl\":\"https:\/\/cocohouseofbeauty.com\/wp-content\/uploads\/2024\/03\/cropped-coco-logo-zonder-estb.png\",\"width\":1532,\"height\":612,\"caption\":\"Coco House of Beauty\"},\"image\":{\"@id\":\"https:\/\/cocohouseofbeauty.com\/fr\/#\/schema\/logo\/image\/\"},\"sameAs\":[\"https:\/\/www.facebook.com\/groups\/388929390727436\/about\/\",\"https:\/\/www.instagram.com\/cocohouse.of.beauty\/\",\"https:\/\/www.tiktok.com\/@cocohouseofbeauty\"],\"foundingDate\":\"2024-04-05\",\"numberOfEmployees\":{\"@type\":\"QuantitativeValue\",\"minValue\":\"11\",\"maxValue\":\"50\"}}]}<\/script>\n<meta property=\"product:price:amount\" content=\"9.95\" \/>\n<meta property=\"product:price:currency\" content=\"EUR\" \/>\n<meta property=\"og:availability\" content=\"instock\" \/>\n<meta property=\"product:availability\" content=\"instock\" \/>\n<meta property=\"product:retailer_item_id\" content=\"COCO-2092\" \/>\n<meta property=\"product:condition\" content=\"new\" \/>\n<!-- \/ Yoast SEO Premium plugin. -->","yoast_head_json":{"title":"Infinity Oxydant 3% : Pompe \u00e9tanche pour une utilisation facile","description":"Faites l'exp\u00e9rience de la r\u00e9volution avec Infinity Oxydant 3% ! Cet emballage herm\u00e9tique garantit une facilit\u00e9 d'utilisation et un m\u00e9lange parfait avec la cr\u00e8me teint\u00e9e hybride d'Infinity.","robots":{"index":"index","follow":"follow","max-snippet":"max-snippet:-1","max-image-preview":"max-image-preview:large","max-video-preview":"max-video-preview:-1"},"canonical":"https:\/\/cocohouseofbeauty.com\/fr\/produit\/infinity-oxydant-3\/","og_locale":"fr_FR","og_type":"article","og_title":"Infinity Hybrid Tint Oxidizer - 30 ml","og_description":"Faites l'exp\u00e9rience de la r\u00e9volution avec Infinity Oxydant 3% ! Cet emballage herm\u00e9tique garantit une facilit\u00e9 d'utilisation et un m\u00e9lange parfait avec la cr\u00e8me teint\u00e9e hybride d'Infinity.","og_url":"https:\/\/cocohouseofbeauty.com\/fr\/produit\/infinity-oxydant-3\/","og_site_name":"Coco House of Beauty","article_publisher":"https:\/\/www.facebook.com\/groups\/388929390727436\/about\/","article_modified_time":"2025-09-10T13:47:05+00:00","og_image":[{"width":1117,"height":1344,"url":"https:\/\/cocohouseofbeauty.com\/wp-content\/uploads\/2024\/04\/img_0596.jpeg","type":"image\/jpeg"}],"twitter_card":"summary_large_image","twitter_misc":{"Prix":"&euro;&nbsp;9,95","Disponibilit\u00e9":"En stock"},"schema":{"@context":"https:\/\/schema.org","@graph":[{"@type":"WebPage","@id":"https:\/\/cocohouseofbeauty.com\/fr\/produit\/infinity-oxydant-3\/","url":"https:\/\/cocohouseofbeauty.com\/fr\/produit\/infinity-oxydant-3\/","name":"Infinity Oxydant 3% : Pompe \u00e9tanche pour une utilisation facile","isPartOf":{"@id":"https:\/\/cocohouseofbeauty.com\/fr\/#website"},"primaryImageOfPage":{"@id":"https:\/\/cocohouseofbeauty.com\/fr\/produit\/infinity-oxydant-3\/#primaryimage"},"image":{"@id":"https:\/\/cocohouseofbeauty.com\/fr\/produit\/infinity-oxydant-3\/#primaryimage"},"thumbnailUrl":"https:\/\/cocohouseofbeauty.com\/wp-content\/uploads\/2024\/04\/img_0596.jpeg","datePublished":"2024-04-04T20:34:39+00:00","dateModified":"2025-09-10T13:47:05+00:00","description":"Faites l'exp\u00e9rience de la r\u00e9volution avec Infinity Oxydant 3% ! Cet emballage herm\u00e9tique garantit une facilit\u00e9 d'utilisation et un m\u00e9lange parfait avec la cr\u00e8me teint\u00e9e hybride d'Infinity.","breadcrumb":{"@id":"https:\/\/cocohouseofbeauty.com\/fr\/produit\/infinity-oxydant-3\/#breadcrumb"},"inLanguage":"fr-FR","potentialAction":[{"@type":"ReadAction","target":["https:\/\/cocohouseofbeauty.com\/fr\/produit\/infinity-oxydant-3\/"]}]},{"@type":"ImageObject","inLanguage":"fr-FR","@id":"https:\/\/cocohouseofbeauty.com\/fr\/produit\/infinity-oxydant-3\/#primaryimage","url":"https:\/\/cocohouseofbeauty.com\/wp-content\/uploads\/2024\/04\/img_0596.jpeg","contentUrl":"https:\/\/cocohouseofbeauty.com\/wp-content\/uploads\/2024\/04\/img_0596.jpeg","width":1117,"height":1344},{"@type":"BreadcrumbList","@id":"https:\/\/cocohouseofbeauty.com\/fr\/produit\/infinity-oxydant-3\/#breadcrumb","itemListElement":[{"@type":"ListItem","position":1,"name":"Home","item":"https:\/\/cocohouseofbeauty.com\/fr\/"},{"@type":"ListItem","position":2,"name":"Boutique","item":"https:\/\/cocohouseofbeauty.com\/fr\/boutique\/"},{"@type":"ListItem","position":3,"name":"Infinity Hybrid Tint Oxidizer &#8211; 30 ml"}]},{"@type":"WebSite","@id":"https:\/\/cocohouseofbeauty.com\/fr\/#website","url":"https:\/\/cocohouseofbeauty.com\/fr\/","name":"Coco House of Beauty","description":"Your beauty partner for exclusive lash &amp; brow brands","publisher":{"@id":"https:\/\/cocohouseofbeauty.com\/fr\/#organization"},"potentialAction":[{"@type":"SearchAction","target":{"@type":"EntryPoint","urlTemplate":"https:\/\/cocohouseofbeauty.com\/fr\/?s={search_term_string}"},"query-input":{"@type":"PropertyValueSpecification","valueRequired":true,"valueName":"search_term_string"}}],"inLanguage":"fr-FR"},{"@type":"Organization","@id":"https:\/\/cocohouseofbeauty.com\/fr\/#organization","name":"Coco House of Beauty","url":"https:\/\/cocohouseofbeauty.com\/fr\/","logo":{"@type":"ImageObject","inLanguage":"fr-FR","@id":"https:\/\/cocohouseofbeauty.com\/fr\/#\/schema\/logo\/image\/","url":"https:\/\/cocohouseofbeauty.com\/wp-content\/uploads\/2024\/03\/cropped-coco-logo-zonder-estb.png","contentUrl":"https:\/\/cocohouseofbeauty.com\/wp-content\/uploads\/2024\/03\/cropped-coco-logo-zonder-estb.png","width":1532,"height":612,"caption":"Coco House of Beauty"},"image":{"@id":"https:\/\/cocohouseofbeauty.com\/fr\/#\/schema\/logo\/image\/"},"sameAs":["https:\/\/www.facebook.com\/groups\/388929390727436\/about\/","https:\/\/www.instagram.com\/cocohouse.of.beauty\/","https:\/\/www.tiktok.com\/@cocohouseofbeauty"],"foundingDate":"2024-04-05","numberOfEmployees":{"@type":"QuantitativeValue","minValue":"11","maxValue":"50"}}]},"product_price_amount":"9.95","product_price_currency":"EUR","og_availability":"instock","product_availability":"instock","product_retailer_item_id":"COCO-2092","product_condition":"new"},"taxonomy_info":{"product_cat":[{"value":2046,"label":"A\u00e9rographe"},{"value":147,"label":"Infinity hybrid"}]},"featured_image_src_large":["https:\/\/cocohouseofbeauty.com\/wp-content\/uploads\/2024\/04\/img_0596-851x1024.jpeg",851,1024,true],"author_info":[],"comment_info":0,"jetpack_sharing_enabled":true,"_links":{"self":[{"href":"https:\/\/cocohouseofbeauty.com\/fr\/wp-json\/wp\/v2\/product\/9387","targetHints":{"allow":["GET"]}}],"collection":[{"href":"https:\/\/cocohouseofbeauty.com\/fr\/wp-json\/wp\/v2\/product"}],"about":[{"href":"https:\/\/cocohouseofbeauty.com\/fr\/wp-json\/wp\/v2\/types\/product"}],"replies":[{"embeddable":true,"href":"https:\/\/cocohouseofbeauty.com\/fr\/wp-json\/wp\/v2\/comments?post=9387"}],"wp:featuredmedia":[{"embeddable":true,"href":"https:\/\/cocohouseofbeauty.com\/fr\/wp-json\/wp\/v2\/media\/26342"}],"wp:attachment":[{"href":"https:\/\/cocohouseofbeauty.com\/fr\/wp-json\/wp\/v2\/media?parent=9387"}],"wp:term":[{"taxonomy":"product_brand","embeddable":true,"href":"https:\/\/cocohouseofbeauty.com\/fr\/wp-json\/wp\/v2\/product_brand?post=9387"},{"taxonomy":"product_cat","embeddable":true,"href":"https:\/\/cocohouseofbeauty.com\/fr\/wp-json\/wp\/v2\/product_cat?post=9387"},{"taxonomy":"product_tag","embeddable":true,"href":"https:\/\/cocohouseofbeauty.com\/fr\/wp-json\/wp\/v2\/product_tag?post=9387"}],"curies":[{"name":"wp","href":"https:\/\/api.w.org\/{rel}","templated":true}]}}