{"id":9243,"date":"2024-03-26T15:50:13","date_gmt":"2024-03-26T13:50:13","guid":{"rendered":"https:\/\/cocohouseofbeauty.com\/product\/solution-saline-infinity-100ml\/"},"modified":"2025-09-10T13:15:32","modified_gmt":"2025-09-10T11:15:32","slug":"solution-saline-infinity-100ml","status":"publish","type":"product","link":"https:\/\/cocohouseofbeauty.com\/fr\/produit\/solution-saline-infinity-100ml\/","title":{"rendered":"Solution saline Infinity 100ml"},"content":{"rendered":"","protected":false},"excerpt":{"rendered":"<p data-start=\"386\" data-end=\"466\"><strong>Infinity Saline Solution 100ml &#8211; L&#8217;essentiel multifonctionnel pour les sourcils et les cils !<\/strong><\/p>\n<p data-start=\"468\" data-end=\"816\">La <strong data-start=\"472\" data-end=\"506\">solution saline Infinity 100ml<\/strong> est un v\u00e9ritable produit miracle pour les traitements des sourcils et des cils. Cette formule st\u00e9rile \u00e0 base d&#8217;eau sal\u00e9e nettoie, hydrate et adoucit la peau en douceur. Elle r\u00e9duit ainsi le risque d&#8217;irritation ou d&#8217;infection. En m\u00eame temps, elle favorise l&#8217;absorption des produits pour les sourcils, ce qui garantit un fini uniforme et naturel.   <\/p>\n<p data-start=\"818\" data-end=\"1061\">De plus, la solution saline a un effet apaisant. Elle est donc parfaite pour les clients \u00e0 la peau sensible lors des traitements chimiques des sourcils ou des cils. Il s&#8217;agit d&#8217;un produit indispensable pour tous les professionnels qui accordent de l&#8217;importance \u00e0 l&#8217;hygi\u00e8ne, \u00e0 la pr\u00e9cision et \u00e0 la fiabilit\u00e9 des r\u00e9sultats.  <\/p>\n<p data-start=\"1063\" data-end=\"1109\"><strong>Comment utiliser la solution saline Infinity 100ml<\/strong><\/p>\n<ul data-start=\"1111\" data-end=\"1707\">\n<li data-start=\"1111\" data-end=\"1204\">\n<p data-start=\"1113\" data-end=\"1204\">Tout d&#8217;abord, utilisez-le apr\u00e8s le <strong data-start=\"1137\" data-end=\"1168\">nettoyant hydratant Infinity<\/strong> pour une pr\u00e9paration parfaite de la teinte hybride.<\/p>\n<\/li>\n<li data-start=\"1205\" data-end=\"1275\">\n<p data-start=\"1207\" data-end=\"1275\">Appliquez-le ensuite apr\u00e8s une mousse ou un shampooing pour les sourcils afin d&#8217;\u00e9liminer compl\u00e8tement les huiles.<\/p>\n<\/li>\n<li data-start=\"1276\" data-end=\"1372\">\n<p data-start=\"1278\" data-end=\"1372\">Utilisez-le apr\u00e8s l&#8217;\u00e9tape 2 d&#8217;un lifting des sourcils pour nettoyer et d\u00e9graisser avant d&#8217;appliquer une teinture ou un colorant hybride.<\/p>\n<\/li>\n<li data-start=\"1373\" data-end=\"1446\">\n<p data-start=\"1375\" data-end=\"1446\">Vous pouvez \u00e9galement l&#8217;utiliser en toute s\u00e9curit\u00e9 sur le contour des yeux apr\u00e8s le nettoyage avec la mousse.<\/p>\n<\/li>\n<li data-start=\"1447\" data-end=\"1514\">\n<p data-start=\"1449\" data-end=\"1514\">M\u00e9langez-la \u00e0 de la <strong data-start=\"1461\" data-end=\"1477\">poudre de henn\u00e9<\/strong> pour donner un coup de pouce \u00e0 votre henn\u00e9.<\/p>\n<\/li>\n<li data-start=\"1515\" data-end=\"1605\">\n<p data-start=\"1517\" data-end=\"1605\">Vaporisez-le directement apr\u00e8s une teinte hybride pour stabiliser et arr\u00eater le d\u00e9veloppement de la couleur.<\/p>\n<\/li>\n<li data-start=\"1606\" data-end=\"1707\">\n<p data-start=\"1608\" data-end=\"1707\">Enfin, combinez-le avec le <strong data-start=\"1637\" data-end=\"1662\">kit a\u00e9rographe Infinity<\/strong> pour une application plus douce et plus fluide.<\/p>\n<\/li>\n<\/ul>\n<p data-start=\"1709\" data-end=\"1756\"><strong>Pourquoi choisir la solution saline Infinity 100ml ?<\/strong><\/p>\n<ul data-start=\"1758\" data-end=\"1992\">\n<li data-start=\"1758\" data-end=\"1800\">\n<p data-start=\"1760\" data-end=\"1800\">Nettoie et rafra\u00eechit la peau en douceur<\/p>\n<\/li>\n<li data-start=\"1801\" data-end=\"1846\">\n<p data-start=\"1803\" data-end=\"1846\">Hydrate et adoucit m\u00eame les zones sensibles<\/p>\n<\/li>\n<li data-start=\"1847\" data-end=\"1896\">\n<p data-start=\"1849\" data-end=\"1896\">Am\u00e9liore l&#8217;absorption des produits pour les sourcils et les cils<\/p>\n<\/li>\n<li data-start=\"1897\" data-end=\"1944\">\n<p data-start=\"1899\" data-end=\"1944\">Apaise la peau pendant les traitements chimiques<\/p>\n<\/li>\n<li data-start=\"1945\" data-end=\"1992\">\n<p data-start=\"1947\" data-end=\"1992\">Formule professionnelle v\u00e9g\u00e9talienne et sans cruaut\u00e9<\/p>\n<\/li>\n<\/ul>\n<p data-start=\"1994\" data-end=\"2204\">En conclusion, la <strong data-start=\"2013\" data-end=\"2047\">solution saline Infinity 100ml<\/strong> est un outil essentiel pour tous les artistes des sourcils et des cils. D\u00e9couvrez notre collection compl\u00e8te dans la <a class=\"decorated-link cursor-pointer\" rel=\"noopener\" data-start=\"2137\" data-end=\"2158\">boutique B&#8217;KATE<\/a> et faites passer vos traitements au niveau sup\u00e9rieur. <\/p>\n<p data-start=\"2206\" data-end=\"2226\"><strong data-start=\"2206\" data-end=\"2214\">SKU :<\/strong> COCO-2091<\/p>\n","protected":false},"featured_media":6283,"comment_status":"closed","ping_status":"closed","template":"","meta":{"_kad_blocks_custom_css":"","_kad_blocks_head_custom_js":"","_kad_blocks_body_custom_js":"","_kad_blocks_footer_custom_js":"","_kadence_starter_templates_imported_post":false,"_kad_post_transparent":"default","_kad_post_title":"","_kad_post_layout":"default","_kad_post_sidebar_id":"","_kad_post_content_style":"default","_kad_post_vertical_padding":"default","_kad_post_feature":"","_kad_post_feature_position":"","_kad_post_header":false,"_kad_post_footer":false,"_kad_post_classname":""},"product_brand":[],"product_cat":[2046,147,2091],"product_tag":[693,248,2817],"class_list":{"0":"post-9243","1":"product","2":"type-product","3":"status-publish","4":"has-post-thumbnail","6":"product_cat-aerographe","7":"product_cat-infinity-hybrid-fr-2","8":"product_cat-preparation-des-sourcils","9":"product_tag-infinityhybrid-fr","10":"product_tag-linfini","11":"product_tag-salinesolution-fr","12":"product_shipping_class-petit-paquet","14":"first","15":"instock","16":"taxable","17":"shipping-taxable","18":"purchasable","19":"product-type-simple","20":"entry","21":"content-bg","22":"loop-entry"},"yoast_head":"<!-- This site is optimized with the Yoast SEO Premium plugin v27.2 (Yoast SEO v27.2) - https:\/\/yoast.com\/product\/yoast-seo-premium-wordpress\/ -->\n<title>Solution saline Infinity 100ml : Nettoyer et hydrater - %.<\/title>\n<meta name=\"description\" content=\"Nourrissez votre peau pendant les traitements des sourcils avec la solution saline Infinity 100ml. Cette solution multifonctionnelle est un must-have pour tout le monde !\" \/>\n<meta name=\"robots\" content=\"index, follow, max-snippet:-1, max-image-preview:large, max-video-preview:-1\" \/>\n<link rel=\"canonical\" href=\"https:\/\/cocohouseofbeauty.com\/fr\/produit\/solution-saline-infinity-100ml\/\" \/>\n<meta property=\"og:locale\" content=\"fr_FR\" \/>\n<meta property=\"og:type\" content=\"article\" \/>\n<meta property=\"og:title\" content=\"Solution saline Infinity 100ml\" \/>\n<meta property=\"og:description\" content=\"Nourrissez votre peau pendant les traitements des sourcils avec la solution saline Infinity 100ml. Cette solution multifonctionnelle est un must-have pour tout le monde !\" \/>\n<meta property=\"og:url\" content=\"https:\/\/cocohouseofbeauty.com\/fr\/produit\/solution-saline-infinity-100ml\/\" \/>\n<meta property=\"og:site_name\" content=\"Coco House of Beauty\" \/>\n<meta property=\"article:publisher\" content=\"https:\/\/www.facebook.com\/groups\/388929390727436\/about\/\" \/>\n<meta property=\"article:modified_time\" content=\"2025-09-10T11:15:32+00:00\" \/>\n<meta property=\"og:image\" content=\"https:\/\/cocohouseofbeauty.com\/wp-content\/uploads\/2024\/03\/IMG_5286-1-e1706818822553.png\" \/>\n\t<meta property=\"og:image:width\" content=\"1170\" \/>\n\t<meta property=\"og:image:height\" content=\"1170\" \/>\n\t<meta property=\"og:image:type\" content=\"image\/png\" \/>\n<meta name=\"twitter:card\" content=\"summary_large_image\" \/>\n<meta name=\"twitter:label1\" content=\"Prix\" \/>\n\t<meta name=\"twitter:data1\" content=\"&euro;&nbsp;16,95\" \/>\n\t<meta name=\"twitter:label2\" content=\"Disponibilit\u00e9\" \/>\n\t<meta name=\"twitter:data2\" content=\"En stock\" \/>\n<script type=\"application\/ld+json\" class=\"yoast-schema-graph\">{\"@context\":\"https:\/\/schema.org\",\"@graph\":[{\"@type\":\"WebPage\",\"@id\":\"https:\/\/cocohouseofbeauty.com\/fr\/produit\/solution-saline-infinity-100ml\/\",\"url\":\"https:\/\/cocohouseofbeauty.com\/fr\/produit\/solution-saline-infinity-100ml\/\",\"name\":\"Solution saline Infinity 100ml : Nettoyer et hydrater - %.\",\"isPartOf\":{\"@id\":\"https:\/\/cocohouseofbeauty.com\/fr\/#website\"},\"primaryImageOfPage\":{\"@id\":\"https:\/\/cocohouseofbeauty.com\/fr\/produit\/solution-saline-infinity-100ml\/#primaryimage\"},\"image\":{\"@id\":\"https:\/\/cocohouseofbeauty.com\/fr\/produit\/solution-saline-infinity-100ml\/#primaryimage\"},\"thumbnailUrl\":\"https:\/\/cocohouseofbeauty.com\/wp-content\/uploads\/2024\/03\/IMG_5286-1-e1706818822553.png\",\"datePublished\":\"2024-03-26T13:50:13+00:00\",\"dateModified\":\"2025-09-10T11:15:32+00:00\",\"description\":\"Nourrissez votre peau pendant les traitements des sourcils avec la solution saline Infinity 100ml. Cette solution multifonctionnelle est un must-have pour tout le monde !\",\"breadcrumb\":{\"@id\":\"https:\/\/cocohouseofbeauty.com\/fr\/produit\/solution-saline-infinity-100ml\/#breadcrumb\"},\"inLanguage\":\"fr-FR\",\"potentialAction\":[{\"@type\":\"ReadAction\",\"target\":[\"https:\/\/cocohouseofbeauty.com\/fr\/produit\/solution-saline-infinity-100ml\/\"]}]},{\"@type\":\"ImageObject\",\"inLanguage\":\"fr-FR\",\"@id\":\"https:\/\/cocohouseofbeauty.com\/fr\/produit\/solution-saline-infinity-100ml\/#primaryimage\",\"url\":\"https:\/\/cocohouseofbeauty.com\/wp-content\/uploads\/2024\/03\/IMG_5286-1-e1706818822553.png\",\"contentUrl\":\"https:\/\/cocohouseofbeauty.com\/wp-content\/uploads\/2024\/03\/IMG_5286-1-e1706818822553.png\",\"width\":1170,\"height\":1170},{\"@type\":\"BreadcrumbList\",\"@id\":\"https:\/\/cocohouseofbeauty.com\/fr\/produit\/solution-saline-infinity-100ml\/#breadcrumb\",\"itemListElement\":[{\"@type\":\"ListItem\",\"position\":1,\"name\":\"Home\",\"item\":\"https:\/\/cocohouseofbeauty.com\/fr\/\"},{\"@type\":\"ListItem\",\"position\":2,\"name\":\"Boutique\",\"item\":\"https:\/\/cocohouseofbeauty.com\/fr\/boutique\/\"},{\"@type\":\"ListItem\",\"position\":3,\"name\":\"Solution saline Infinity 100ml\"}]},{\"@type\":\"WebSite\",\"@id\":\"https:\/\/cocohouseofbeauty.com\/fr\/#website\",\"url\":\"https:\/\/cocohouseofbeauty.com\/fr\/\",\"name\":\"Coco House of Beauty\",\"description\":\"Your beauty partner for exclusive lash &amp; brow brands\",\"publisher\":{\"@id\":\"https:\/\/cocohouseofbeauty.com\/fr\/#organization\"},\"potentialAction\":[{\"@type\":\"SearchAction\",\"target\":{\"@type\":\"EntryPoint\",\"urlTemplate\":\"https:\/\/cocohouseofbeauty.com\/fr\/?s={search_term_string}\"},\"query-input\":{\"@type\":\"PropertyValueSpecification\",\"valueRequired\":true,\"valueName\":\"search_term_string\"}}],\"inLanguage\":\"fr-FR\"},{\"@type\":\"Organization\",\"@id\":\"https:\/\/cocohouseofbeauty.com\/fr\/#organization\",\"name\":\"Coco House of Beauty\",\"url\":\"https:\/\/cocohouseofbeauty.com\/fr\/\",\"logo\":{\"@type\":\"ImageObject\",\"inLanguage\":\"fr-FR\",\"@id\":\"https:\/\/cocohouseofbeauty.com\/fr\/#\/schema\/logo\/image\/\",\"url\":\"https:\/\/cocohouseofbeauty.com\/wp-content\/uploads\/2024\/03\/cropped-coco-logo-zonder-estb.png\",\"contentUrl\":\"https:\/\/cocohouseofbeauty.com\/wp-content\/uploads\/2024\/03\/cropped-coco-logo-zonder-estb.png\",\"width\":1532,\"height\":612,\"caption\":\"Coco House of Beauty\"},\"image\":{\"@id\":\"https:\/\/cocohouseofbeauty.com\/fr\/#\/schema\/logo\/image\/\"},\"sameAs\":[\"https:\/\/www.facebook.com\/groups\/388929390727436\/about\/\",\"https:\/\/www.instagram.com\/cocohouse.of.beauty\/\",\"https:\/\/www.tiktok.com\/@cocohouseofbeauty\"],\"foundingDate\":\"2024-04-05\",\"numberOfEmployees\":{\"@type\":\"QuantitativeValue\",\"minValue\":\"11\",\"maxValue\":\"50\"}}]}<\/script>\n<meta property=\"product:price:amount\" content=\"16.95\" \/>\n<meta property=\"product:price:currency\" content=\"EUR\" \/>\n<meta property=\"og:availability\" content=\"instock\" \/>\n<meta property=\"product:availability\" content=\"instock\" \/>\n<meta property=\"product:retailer_item_id\" content=\"COCO-2091\" \/>\n<meta property=\"product:condition\" content=\"new\" \/>\n<!-- \/ Yoast SEO Premium plugin. -->","yoast_head_json":{"title":"Solution saline Infinity 100ml : Nettoyer et hydrater - %.","description":"Nourrissez votre peau pendant les traitements des sourcils avec la solution saline Infinity 100ml. Cette solution multifonctionnelle est un must-have pour tout le monde !","robots":{"index":"index","follow":"follow","max-snippet":"max-snippet:-1","max-image-preview":"max-image-preview:large","max-video-preview":"max-video-preview:-1"},"canonical":"https:\/\/cocohouseofbeauty.com\/fr\/produit\/solution-saline-infinity-100ml\/","og_locale":"fr_FR","og_type":"article","og_title":"Solution saline Infinity 100ml","og_description":"Nourrissez votre peau pendant les traitements des sourcils avec la solution saline Infinity 100ml. Cette solution multifonctionnelle est un must-have pour tout le monde !","og_url":"https:\/\/cocohouseofbeauty.com\/fr\/produit\/solution-saline-infinity-100ml\/","og_site_name":"Coco House of Beauty","article_publisher":"https:\/\/www.facebook.com\/groups\/388929390727436\/about\/","article_modified_time":"2025-09-10T11:15:32+00:00","og_image":[{"width":1170,"height":1170,"url":"https:\/\/cocohouseofbeauty.com\/wp-content\/uploads\/2024\/03\/IMG_5286-1-e1706818822553.png","type":"image\/png"}],"twitter_card":"summary_large_image","twitter_misc":{"Prix":"&euro;&nbsp;16,95","Disponibilit\u00e9":"En stock"},"schema":{"@context":"https:\/\/schema.org","@graph":[{"@type":"WebPage","@id":"https:\/\/cocohouseofbeauty.com\/fr\/produit\/solution-saline-infinity-100ml\/","url":"https:\/\/cocohouseofbeauty.com\/fr\/produit\/solution-saline-infinity-100ml\/","name":"Solution saline Infinity 100ml : Nettoyer et hydrater - %.","isPartOf":{"@id":"https:\/\/cocohouseofbeauty.com\/fr\/#website"},"primaryImageOfPage":{"@id":"https:\/\/cocohouseofbeauty.com\/fr\/produit\/solution-saline-infinity-100ml\/#primaryimage"},"image":{"@id":"https:\/\/cocohouseofbeauty.com\/fr\/produit\/solution-saline-infinity-100ml\/#primaryimage"},"thumbnailUrl":"https:\/\/cocohouseofbeauty.com\/wp-content\/uploads\/2024\/03\/IMG_5286-1-e1706818822553.png","datePublished":"2024-03-26T13:50:13+00:00","dateModified":"2025-09-10T11:15:32+00:00","description":"Nourrissez votre peau pendant les traitements des sourcils avec la solution saline Infinity 100ml. Cette solution multifonctionnelle est un must-have pour tout le monde !","breadcrumb":{"@id":"https:\/\/cocohouseofbeauty.com\/fr\/produit\/solution-saline-infinity-100ml\/#breadcrumb"},"inLanguage":"fr-FR","potentialAction":[{"@type":"ReadAction","target":["https:\/\/cocohouseofbeauty.com\/fr\/produit\/solution-saline-infinity-100ml\/"]}]},{"@type":"ImageObject","inLanguage":"fr-FR","@id":"https:\/\/cocohouseofbeauty.com\/fr\/produit\/solution-saline-infinity-100ml\/#primaryimage","url":"https:\/\/cocohouseofbeauty.com\/wp-content\/uploads\/2024\/03\/IMG_5286-1-e1706818822553.png","contentUrl":"https:\/\/cocohouseofbeauty.com\/wp-content\/uploads\/2024\/03\/IMG_5286-1-e1706818822553.png","width":1170,"height":1170},{"@type":"BreadcrumbList","@id":"https:\/\/cocohouseofbeauty.com\/fr\/produit\/solution-saline-infinity-100ml\/#breadcrumb","itemListElement":[{"@type":"ListItem","position":1,"name":"Home","item":"https:\/\/cocohouseofbeauty.com\/fr\/"},{"@type":"ListItem","position":2,"name":"Boutique","item":"https:\/\/cocohouseofbeauty.com\/fr\/boutique\/"},{"@type":"ListItem","position":3,"name":"Solution saline Infinity 100ml"}]},{"@type":"WebSite","@id":"https:\/\/cocohouseofbeauty.com\/fr\/#website","url":"https:\/\/cocohouseofbeauty.com\/fr\/","name":"Coco House of Beauty","description":"Your beauty partner for exclusive lash &amp; brow brands","publisher":{"@id":"https:\/\/cocohouseofbeauty.com\/fr\/#organization"},"potentialAction":[{"@type":"SearchAction","target":{"@type":"EntryPoint","urlTemplate":"https:\/\/cocohouseofbeauty.com\/fr\/?s={search_term_string}"},"query-input":{"@type":"PropertyValueSpecification","valueRequired":true,"valueName":"search_term_string"}}],"inLanguage":"fr-FR"},{"@type":"Organization","@id":"https:\/\/cocohouseofbeauty.com\/fr\/#organization","name":"Coco House of Beauty","url":"https:\/\/cocohouseofbeauty.com\/fr\/","logo":{"@type":"ImageObject","inLanguage":"fr-FR","@id":"https:\/\/cocohouseofbeauty.com\/fr\/#\/schema\/logo\/image\/","url":"https:\/\/cocohouseofbeauty.com\/wp-content\/uploads\/2024\/03\/cropped-coco-logo-zonder-estb.png","contentUrl":"https:\/\/cocohouseofbeauty.com\/wp-content\/uploads\/2024\/03\/cropped-coco-logo-zonder-estb.png","width":1532,"height":612,"caption":"Coco House of Beauty"},"image":{"@id":"https:\/\/cocohouseofbeauty.com\/fr\/#\/schema\/logo\/image\/"},"sameAs":["https:\/\/www.facebook.com\/groups\/388929390727436\/about\/","https:\/\/www.instagram.com\/cocohouse.of.beauty\/","https:\/\/www.tiktok.com\/@cocohouseofbeauty"],"foundingDate":"2024-04-05","numberOfEmployees":{"@type":"QuantitativeValue","minValue":"11","maxValue":"50"}}]},"product_price_amount":"16.95","product_price_currency":"EUR","og_availability":"instock","product_availability":"instock","product_retailer_item_id":"COCO-2091","product_condition":"new"},"taxonomy_info":{"product_cat":[{"value":2046,"label":"A\u00e9rographe"},{"value":147,"label":"Infinity hybrid"},{"value":2091,"label":"Pr\u00e9paration des sourcils"}],"product_tag":[{"value":693,"label":"infinityhybrid"},{"value":248,"label":"l'infini"},{"value":2817,"label":"salinesolution"}]},"featured_image_src_large":["https:\/\/cocohouseofbeauty.com\/wp-content\/uploads\/2024\/03\/IMG_5286-1-e1706818822553-1024x1024.png",1024,1024,true],"author_info":[],"comment_info":0,"jetpack_sharing_enabled":true,"_links":{"self":[{"href":"https:\/\/cocohouseofbeauty.com\/fr\/wp-json\/wp\/v2\/product\/9243","targetHints":{"allow":["GET"]}}],"collection":[{"href":"https:\/\/cocohouseofbeauty.com\/fr\/wp-json\/wp\/v2\/product"}],"about":[{"href":"https:\/\/cocohouseofbeauty.com\/fr\/wp-json\/wp\/v2\/types\/product"}],"replies":[{"embeddable":true,"href":"https:\/\/cocohouseofbeauty.com\/fr\/wp-json\/wp\/v2\/comments?post=9243"}],"wp:featuredmedia":[{"embeddable":true,"href":"https:\/\/cocohouseofbeauty.com\/fr\/wp-json\/wp\/v2\/media\/6283"}],"wp:attachment":[{"href":"https:\/\/cocohouseofbeauty.com\/fr\/wp-json\/wp\/v2\/media?parent=9243"}],"wp:term":[{"taxonomy":"product_brand","embeddable":true,"href":"https:\/\/cocohouseofbeauty.com\/fr\/wp-json\/wp\/v2\/product_brand?post=9243"},{"taxonomy":"product_cat","embeddable":true,"href":"https:\/\/cocohouseofbeauty.com\/fr\/wp-json\/wp\/v2\/product_cat?post=9243"},{"taxonomy":"product_tag","embeddable":true,"href":"https:\/\/cocohouseofbeauty.com\/fr\/wp-json\/wp\/v2\/product_tag?post=9243"}],"curies":[{"name":"wp","href":"https:\/\/api.w.org\/{rel}","templated":true}]}}