{"id":9189,"date":"2024-03-26T15:27:47","date_gmt":"2024-03-26T13:27:47","guid":{"rendered":"https:\/\/cocohouseofbeauty.com\/product\/elleebana-serum-hyaluronique-boost\/"},"modified":"2025-09-24T18:59:16","modified_gmt":"2025-09-24T16:59:16","slug":"elleebana-serum-hyaluronique-boost","status":"publish","type":"product","link":"https:\/\/cocohouseofbeauty.com\/fr\/produit\/elleebana-serum-hyaluronique-boost\/","title":{"rendered":"Elleeplex Hyaluronic Boost Serum"},"content":{"rendered":"<p data-start=\"832\" data-end=\"1305\">Ce s\u00e9rum constitue la touche finale parfaite apr\u00e8s votre lifting des cils ou des sourcils. Tout d&#8217;abord, il p\u00e9n\u00e8tre la cuticule pour apporter une hydratation intense et reconstruire l&#8217;int\u00e9grit\u00e9 structurelle. Ensuite, il favorise la formation de liaisons transversales disulfures tout en renfor\u00e7ant le collag\u00e8ne et la force des fibres internes. Gr\u00e2ce \u00e0 sa formule soigneusement \u00e9quilibr\u00e9e, il agit en douceur mais efficacement sur les cils et les sourcils d\u00e9licats. Vous r\u00e9duisez ainsi les frisottis, am\u00e9liorez la souplesse et la brillance.    <\/p>\n<p data-start=\"1307\" data-end=\"1699\">La formule contient un riche m\u00e9lange de peptides, de hyaluronate de sodium, de vitamines et d&#8217;extraits de plantes. En outre, elle contient de la provitamine B5 pour fixer l&#8217;humidit\u00e9 et du Kakadu Plus pour stimuler l&#8217;\u00e9lastine et lutter contre le stress environnemental. Par cons\u00e9quent, les cheveux sont souples, hydrat\u00e9s et rajeunis apr\u00e8s chaque utilisation. En outre, son pH est optimis\u00e9 entre 5 et 6 pour pr\u00e9server la sant\u00e9 et l&#8217;int\u00e9grit\u00e9 des cheveux.   <\/p>\n<p data-start=\"1701\" data-end=\"2171\">Les salons de coiffure en tirent d&#8217;\u00e9normes avantages, car les clients b\u00e9n\u00e9ficient de r\u00e9sultats plus durables et d&#8217;un meilleur \u00e9tat des cheveux. Par exemple, nombreux sont ceux qui signalent une diminution des cassures et un plus grand nombre de r\u00e9servations gr\u00e2ce \u00e0 la diff\u00e9rence visible du produit. Pour l&#8217;utiliser, appliquez doucement une petite quantit\u00e9 sur les cils ou les sourcils nettoy\u00e9s tous les soirs, et laissez absorber. Enfin, refermez herm\u00e9tiquement le flacon et remplacez-le dans les trois mois suivant son ouverture. Ce s\u00e9rum garantit que vos traitements restent professionnels, efficaces et fiables.    <\/p>\n","protected":false},"excerpt":{"rendered":"<p data-start=\"485\" data-end=\"611\">Ce <strong data-start=\"490\" data-end=\"526\">s\u00e9rum Elleeplex Hyaluronic Boost<\/strong> est une formule de soin apr\u00e8s-vente de qualit\u00e9 professionnelle qui hydrate et renforce les cils et les sourcils.<\/p>\n<ul data-start=\"612\" data-end=\"735\">\n<li data-start=\"612\" data-end=\"660\">\n<p data-start=\"614\" data-end=\"660\">Infus\u00e9 de peptides et de hyaluronate de sodium<\/p>\n<\/li>\n<li data-start=\"661\" data-end=\"695\">\n<p data-start=\"663\" data-end=\"695\">Restaure l&#8217;\u00e9lasticit\u00e9 et le volume<\/p>\n<\/li>\n<li data-start=\"696\" data-end=\"735\">\n<p data-start=\"698\" data-end=\"735\">Vegan et test\u00e9 sous contr\u00f4le ophtalmologique<\/p>\n<\/li>\n<\/ul>\n<p>Prix de vente conseill\u00e9 \u20ac57.50<\/p>\n<p>SKU : COCO-2076<\/p>\n","protected":false},"featured_media":6218,"comment_status":"open","ping_status":"closed","template":"","meta":{"_kad_blocks_custom_css":"","_kad_blocks_head_custom_js":"","_kad_blocks_body_custom_js":"","_kad_blocks_footer_custom_js":"","_kadence_starter_templates_imported_post":false,"_kad_post_transparent":"default","_kad_post_title":"","_kad_post_layout":"default","_kad_post_sidebar_id":"","_kad_post_content_style":"default","_kad_post_vertical_padding":"default","_kad_post_feature":"","_kad_post_feature_position":"","_kad_post_header":false,"_kad_post_footer":false,"_kad_post_classname":""},"product_brand":[1655],"product_cat":[149,119,2150,4995],"product_tag":[10195,6287,10198,10194,10196,10193,10192,10197,6869,1178],"class_list":{"0":"post-9189","1":"product","2":"type-product","3":"status-publish","4":"has-post-thumbnail","6":"product_brand-elleebana-lash-lift-brow-lamination-exclusive-supplier-for-elleebana-fastest-processing-times-a-household-name-worldwide-for-30-years-otto-mitter","7":"product_cat-care","8":"product_cat-elleebana-fr","9":"product_cat-pour-les-cils","10":"product_cat-vente-au-detail","11":"product_tag-beaute-vegetalienne","12":"product_tag-elleeplex-fr","13":"product_tag-formule-avancee","14":"product_tag-hydratation-fr","15":"product_tag-sante-des-cils-et-des-sourcils","16":"product_tag-serum-aux-peptides","17":"product_tag-serum-hyaluronic-boost","18":"product_tag-service-apres-vente-du-salon","19":"product_tag-soin-des-cils","20":"product_tag-soin-des-sourcils","21":"product_shipping_class-boite-aux-lettres","23":"first","24":"instock","25":"taxable","26":"shipping-taxable","27":"purchasable","28":"product-type-simple","29":"entry","30":"content-bg","31":"loop-entry"},"yoast_head":"<!-- This site is optimized with the Yoast SEO Premium plugin v27.2 (Yoast SEO v27.2) - https:\/\/yoast.com\/product\/yoast-seo-premium-wordpress\/ -->\n<title>Elleeplex Hyaluronic Boost Serum : Restaure la vitalit\u00e9 des cils<\/title>\n<meta name=\"description\" content=\"Elleeplex Hyaluronic Boost Serum offre une hydratation profonde, du volume et de la force. C&#039;est le soin apr\u00e8s-vente id\u00e9al pour les salons de coiffure afin de renforcer la sant\u00e9 des cils et des sourcils.\" \/>\n<meta name=\"robots\" content=\"index, follow, max-snippet:-1, max-image-preview:large, max-video-preview:-1\" \/>\n<link rel=\"canonical\" href=\"https:\/\/cocohouseofbeauty.com\/fr\/produit\/elleebana-serum-hyaluronique-boost\/\" \/>\n<meta property=\"og:locale\" content=\"fr_FR\" \/>\n<meta property=\"og:type\" content=\"article\" \/>\n<meta property=\"og:title\" content=\"Elleeplex Hyaluronic Boost Serum\" \/>\n<meta property=\"og:description\" content=\"Elleeplex Hyaluronic Boost Serum offre une hydratation profonde, du volume et de la force. C&#039;est le soin apr\u00e8s-vente id\u00e9al pour les salons de coiffure afin de renforcer la sant\u00e9 des cils et des sourcils.\" \/>\n<meta property=\"og:url\" content=\"https:\/\/cocohouseofbeauty.com\/fr\/produit\/elleebana-serum-hyaluronique-boost\/\" \/>\n<meta property=\"og:site_name\" content=\"Coco House of Beauty\" \/>\n<meta property=\"article:publisher\" content=\"https:\/\/www.facebook.com\/groups\/388929390727436\/about\/\" \/>\n<meta property=\"article:modified_time\" content=\"2025-09-24T16:59:16+00:00\" \/>\n<meta property=\"og:image\" content=\"https:\/\/cocohouseofbeauty.com\/wp-content\/uploads\/2024\/03\/135961-HYALURONIC-BOOST-WHITE-1.jpg\" \/>\n\t<meta property=\"og:image:width\" content=\"987\" \/>\n\t<meta property=\"og:image:height\" content=\"1200\" \/>\n\t<meta property=\"og:image:type\" content=\"image\/jpeg\" \/>\n<meta name=\"twitter:card\" content=\"summary_large_image\" \/>\n<meta name=\"twitter:label1\" content=\"Prix\" \/>\n\t<meta name=\"twitter:data1\" content=\"&euro;&nbsp;41,95\" \/>\n\t<meta name=\"twitter:label2\" content=\"Disponibilit\u00e9\" \/>\n\t<meta name=\"twitter:data2\" content=\"En stock\" \/>\n<script type=\"application\/ld+json\" class=\"yoast-schema-graph\">{\"@context\":\"https:\/\/schema.org\",\"@graph\":[{\"@type\":\"WebPage\",\"@id\":\"https:\/\/cocohouseofbeauty.com\/fr\/produit\/elleebana-serum-hyaluronique-boost\/\",\"url\":\"https:\/\/cocohouseofbeauty.com\/fr\/produit\/elleebana-serum-hyaluronique-boost\/\",\"name\":\"Elleeplex Hyaluronic Boost Serum : Restaure la vitalit\u00e9 des cils\",\"isPartOf\":{\"@id\":\"https:\/\/cocohouseofbeauty.com\/fr\/#website\"},\"primaryImageOfPage\":{\"@id\":\"https:\/\/cocohouseofbeauty.com\/fr\/produit\/elleebana-serum-hyaluronique-boost\/#primaryimage\"},\"image\":{\"@id\":\"https:\/\/cocohouseofbeauty.com\/fr\/produit\/elleebana-serum-hyaluronique-boost\/#primaryimage\"},\"thumbnailUrl\":\"https:\/\/cocohouseofbeauty.com\/wp-content\/uploads\/2024\/03\/135961-HYALURONIC-BOOST-WHITE-1.jpg\",\"datePublished\":\"2024-03-26T13:27:47+00:00\",\"dateModified\":\"2025-09-24T16:59:16+00:00\",\"description\":\"Elleeplex Hyaluronic Boost Serum offre une hydratation profonde, du volume et de la force. C'est le soin apr\u00e8s-vente id\u00e9al pour les salons de coiffure afin de renforcer la sant\u00e9 des cils et des sourcils.\",\"breadcrumb\":{\"@id\":\"https:\/\/cocohouseofbeauty.com\/fr\/produit\/elleebana-serum-hyaluronique-boost\/#breadcrumb\"},\"inLanguage\":\"fr-FR\",\"potentialAction\":[{\"@type\":\"ReadAction\",\"target\":[\"https:\/\/cocohouseofbeauty.com\/fr\/produit\/elleebana-serum-hyaluronique-boost\/\"]}]},{\"@type\":\"ImageObject\",\"inLanguage\":\"fr-FR\",\"@id\":\"https:\/\/cocohouseofbeauty.com\/fr\/produit\/elleebana-serum-hyaluronique-boost\/#primaryimage\",\"url\":\"https:\/\/cocohouseofbeauty.com\/wp-content\/uploads\/2024\/03\/135961-HYALURONIC-BOOST-WHITE-1.jpg\",\"contentUrl\":\"https:\/\/cocohouseofbeauty.com\/wp-content\/uploads\/2024\/03\/135961-HYALURONIC-BOOST-WHITE-1.jpg\",\"width\":987,\"height\":1200},{\"@type\":\"BreadcrumbList\",\"@id\":\"https:\/\/cocohouseofbeauty.com\/fr\/produit\/elleebana-serum-hyaluronique-boost\/#breadcrumb\",\"itemListElement\":[{\"@type\":\"ListItem\",\"position\":1,\"name\":\"Home\",\"item\":\"https:\/\/cocohouseofbeauty.com\/fr\/\"},{\"@type\":\"ListItem\",\"position\":2,\"name\":\"Boutique\",\"item\":\"https:\/\/cocohouseofbeauty.com\/fr\/boutique\/\"},{\"@type\":\"ListItem\",\"position\":3,\"name\":\"Elleeplex Hyaluronic Boost Serum\"}]},{\"@type\":\"WebSite\",\"@id\":\"https:\/\/cocohouseofbeauty.com\/fr\/#website\",\"url\":\"https:\/\/cocohouseofbeauty.com\/fr\/\",\"name\":\"Coco House of Beauty\",\"description\":\"Your beauty partner for exclusive lash &amp; brow brands\",\"publisher\":{\"@id\":\"https:\/\/cocohouseofbeauty.com\/fr\/#organization\"},\"potentialAction\":[{\"@type\":\"SearchAction\",\"target\":{\"@type\":\"EntryPoint\",\"urlTemplate\":\"https:\/\/cocohouseofbeauty.com\/fr\/?s={search_term_string}\"},\"query-input\":{\"@type\":\"PropertyValueSpecification\",\"valueRequired\":true,\"valueName\":\"search_term_string\"}}],\"inLanguage\":\"fr-FR\"},{\"@type\":\"Organization\",\"@id\":\"https:\/\/cocohouseofbeauty.com\/fr\/#organization\",\"name\":\"Coco House of Beauty\",\"url\":\"https:\/\/cocohouseofbeauty.com\/fr\/\",\"logo\":{\"@type\":\"ImageObject\",\"inLanguage\":\"fr-FR\",\"@id\":\"https:\/\/cocohouseofbeauty.com\/fr\/#\/schema\/logo\/image\/\",\"url\":\"https:\/\/cocohouseofbeauty.com\/wp-content\/uploads\/2024\/03\/cropped-coco-logo-zonder-estb.png\",\"contentUrl\":\"https:\/\/cocohouseofbeauty.com\/wp-content\/uploads\/2024\/03\/cropped-coco-logo-zonder-estb.png\",\"width\":1532,\"height\":612,\"caption\":\"Coco House of Beauty\"},\"image\":{\"@id\":\"https:\/\/cocohouseofbeauty.com\/fr\/#\/schema\/logo\/image\/\"},\"sameAs\":[\"https:\/\/www.facebook.com\/groups\/388929390727436\/about\/\",\"https:\/\/www.instagram.com\/cocohouse.of.beauty\/\",\"https:\/\/www.tiktok.com\/@cocohouseofbeauty\"],\"foundingDate\":\"2024-04-05\",\"numberOfEmployees\":{\"@type\":\"QuantitativeValue\",\"minValue\":\"11\",\"maxValue\":\"50\"}}]}<\/script>\n<meta property=\"product:price:amount\" content=\"41.95\" \/>\n<meta property=\"product:price:currency\" content=\"EUR\" \/>\n<meta property=\"og:availability\" content=\"instock\" \/>\n<meta property=\"product:availability\" content=\"instock\" \/>\n<meta property=\"product:retailer_item_id\" content=\"COCO-2076\" \/>\n<meta property=\"product:condition\" content=\"new\" \/>\n<!-- \/ Yoast SEO Premium plugin. -->","yoast_head_json":{"title":"Elleeplex Hyaluronic Boost Serum : Restaure la vitalit\u00e9 des cils","description":"Elleeplex Hyaluronic Boost Serum offre une hydratation profonde, du volume et de la force. C'est le soin apr\u00e8s-vente id\u00e9al pour les salons de coiffure afin de renforcer la sant\u00e9 des cils et des sourcils.","robots":{"index":"index","follow":"follow","max-snippet":"max-snippet:-1","max-image-preview":"max-image-preview:large","max-video-preview":"max-video-preview:-1"},"canonical":"https:\/\/cocohouseofbeauty.com\/fr\/produit\/elleebana-serum-hyaluronique-boost\/","og_locale":"fr_FR","og_type":"article","og_title":"Elleeplex Hyaluronic Boost Serum","og_description":"Elleeplex Hyaluronic Boost Serum offre une hydratation profonde, du volume et de la force. C'est le soin apr\u00e8s-vente id\u00e9al pour les salons de coiffure afin de renforcer la sant\u00e9 des cils et des sourcils.","og_url":"https:\/\/cocohouseofbeauty.com\/fr\/produit\/elleebana-serum-hyaluronique-boost\/","og_site_name":"Coco House of Beauty","article_publisher":"https:\/\/www.facebook.com\/groups\/388929390727436\/about\/","article_modified_time":"2025-09-24T16:59:16+00:00","og_image":[{"width":987,"height":1200,"url":"https:\/\/cocohouseofbeauty.com\/wp-content\/uploads\/2024\/03\/135961-HYALURONIC-BOOST-WHITE-1.jpg","type":"image\/jpeg"}],"twitter_card":"summary_large_image","twitter_misc":{"Prix":"&euro;&nbsp;41,95","Disponibilit\u00e9":"En stock"},"schema":{"@context":"https:\/\/schema.org","@graph":[{"@type":"WebPage","@id":"https:\/\/cocohouseofbeauty.com\/fr\/produit\/elleebana-serum-hyaluronique-boost\/","url":"https:\/\/cocohouseofbeauty.com\/fr\/produit\/elleebana-serum-hyaluronique-boost\/","name":"Elleeplex Hyaluronic Boost Serum : Restaure la vitalit\u00e9 des cils","isPartOf":{"@id":"https:\/\/cocohouseofbeauty.com\/fr\/#website"},"primaryImageOfPage":{"@id":"https:\/\/cocohouseofbeauty.com\/fr\/produit\/elleebana-serum-hyaluronique-boost\/#primaryimage"},"image":{"@id":"https:\/\/cocohouseofbeauty.com\/fr\/produit\/elleebana-serum-hyaluronique-boost\/#primaryimage"},"thumbnailUrl":"https:\/\/cocohouseofbeauty.com\/wp-content\/uploads\/2024\/03\/135961-HYALURONIC-BOOST-WHITE-1.jpg","datePublished":"2024-03-26T13:27:47+00:00","dateModified":"2025-09-24T16:59:16+00:00","description":"Elleeplex Hyaluronic Boost Serum offre une hydratation profonde, du volume et de la force. C'est le soin apr\u00e8s-vente id\u00e9al pour les salons de coiffure afin de renforcer la sant\u00e9 des cils et des sourcils.","breadcrumb":{"@id":"https:\/\/cocohouseofbeauty.com\/fr\/produit\/elleebana-serum-hyaluronique-boost\/#breadcrumb"},"inLanguage":"fr-FR","potentialAction":[{"@type":"ReadAction","target":["https:\/\/cocohouseofbeauty.com\/fr\/produit\/elleebana-serum-hyaluronique-boost\/"]}]},{"@type":"ImageObject","inLanguage":"fr-FR","@id":"https:\/\/cocohouseofbeauty.com\/fr\/produit\/elleebana-serum-hyaluronique-boost\/#primaryimage","url":"https:\/\/cocohouseofbeauty.com\/wp-content\/uploads\/2024\/03\/135961-HYALURONIC-BOOST-WHITE-1.jpg","contentUrl":"https:\/\/cocohouseofbeauty.com\/wp-content\/uploads\/2024\/03\/135961-HYALURONIC-BOOST-WHITE-1.jpg","width":987,"height":1200},{"@type":"BreadcrumbList","@id":"https:\/\/cocohouseofbeauty.com\/fr\/produit\/elleebana-serum-hyaluronique-boost\/#breadcrumb","itemListElement":[{"@type":"ListItem","position":1,"name":"Home","item":"https:\/\/cocohouseofbeauty.com\/fr\/"},{"@type":"ListItem","position":2,"name":"Boutique","item":"https:\/\/cocohouseofbeauty.com\/fr\/boutique\/"},{"@type":"ListItem","position":3,"name":"Elleeplex Hyaluronic Boost Serum"}]},{"@type":"WebSite","@id":"https:\/\/cocohouseofbeauty.com\/fr\/#website","url":"https:\/\/cocohouseofbeauty.com\/fr\/","name":"Coco House of Beauty","description":"Your beauty partner for exclusive lash &amp; brow brands","publisher":{"@id":"https:\/\/cocohouseofbeauty.com\/fr\/#organization"},"potentialAction":[{"@type":"SearchAction","target":{"@type":"EntryPoint","urlTemplate":"https:\/\/cocohouseofbeauty.com\/fr\/?s={search_term_string}"},"query-input":{"@type":"PropertyValueSpecification","valueRequired":true,"valueName":"search_term_string"}}],"inLanguage":"fr-FR"},{"@type":"Organization","@id":"https:\/\/cocohouseofbeauty.com\/fr\/#organization","name":"Coco House of Beauty","url":"https:\/\/cocohouseofbeauty.com\/fr\/","logo":{"@type":"ImageObject","inLanguage":"fr-FR","@id":"https:\/\/cocohouseofbeauty.com\/fr\/#\/schema\/logo\/image\/","url":"https:\/\/cocohouseofbeauty.com\/wp-content\/uploads\/2024\/03\/cropped-coco-logo-zonder-estb.png","contentUrl":"https:\/\/cocohouseofbeauty.com\/wp-content\/uploads\/2024\/03\/cropped-coco-logo-zonder-estb.png","width":1532,"height":612,"caption":"Coco House of Beauty"},"image":{"@id":"https:\/\/cocohouseofbeauty.com\/fr\/#\/schema\/logo\/image\/"},"sameAs":["https:\/\/www.facebook.com\/groups\/388929390727436\/about\/","https:\/\/www.instagram.com\/cocohouse.of.beauty\/","https:\/\/www.tiktok.com\/@cocohouseofbeauty"],"foundingDate":"2024-04-05","numberOfEmployees":{"@type":"QuantitativeValue","minValue":"11","maxValue":"50"}}]},"product_price_amount":"41.95","product_price_currency":"EUR","og_availability":"instock","product_availability":"instock","product_retailer_item_id":"COCO-2076","product_condition":"new"},"taxonomy_info":{"product_brand":[{"value":1655,"label":"Elleebana"}],"product_cat":[{"value":149,"label":"Care"},{"value":119,"label":"Elleebana"},{"value":2150,"label":"Pour les cils"},{"value":4995,"label":"Vente au d\u00e9tail"}],"product_tag":[{"value":10195,"label":"Beaut\u00e9 v\u00e9g\u00e9talienne"},{"value":6287,"label":"elleeplex"},{"value":10198,"label":"Formule avanc\u00e9e"},{"value":10194,"label":"Hydratation"},{"value":10196,"label":"Sant\u00e9 des cils et des sourcils"},{"value":10193,"label":"S\u00e9rum aux peptides"},{"value":10192,"label":"S\u00e9rum Hyaluronic Boost"},{"value":10197,"label":"Service apr\u00e8s-vente du salon"},{"value":6869,"label":"soin des cils"},{"value":1178,"label":"soin des sourcils"}]},"featured_image_src_large":["https:\/\/cocohouseofbeauty.com\/wp-content\/uploads\/2024\/03\/135961-HYALURONIC-BOOST-WHITE-1-842x1024.jpg",842,1024,true],"author_info":[],"comment_info":0,"jetpack_sharing_enabled":true,"_links":{"self":[{"href":"https:\/\/cocohouseofbeauty.com\/fr\/wp-json\/wp\/v2\/product\/9189","targetHints":{"allow":["GET"]}}],"collection":[{"href":"https:\/\/cocohouseofbeauty.com\/fr\/wp-json\/wp\/v2\/product"}],"about":[{"href":"https:\/\/cocohouseofbeauty.com\/fr\/wp-json\/wp\/v2\/types\/product"}],"replies":[{"embeddable":true,"href":"https:\/\/cocohouseofbeauty.com\/fr\/wp-json\/wp\/v2\/comments?post=9189"}],"wp:featuredmedia":[{"embeddable":true,"href":"https:\/\/cocohouseofbeauty.com\/fr\/wp-json\/wp\/v2\/media\/6218"}],"wp:attachment":[{"href":"https:\/\/cocohouseofbeauty.com\/fr\/wp-json\/wp\/v2\/media?parent=9189"}],"wp:term":[{"taxonomy":"product_brand","embeddable":true,"href":"https:\/\/cocohouseofbeauty.com\/fr\/wp-json\/wp\/v2\/product_brand?post=9189"},{"taxonomy":"product_cat","embeddable":true,"href":"https:\/\/cocohouseofbeauty.com\/fr\/wp-json\/wp\/v2\/product_cat?post=9189"},{"taxonomy":"product_tag","embeddable":true,"href":"https:\/\/cocohouseofbeauty.com\/fr\/wp-json\/wp\/v2\/product_tag?post=9189"}],"curies":[{"name":"wp","href":"https:\/\/api.w.org\/{rel}","templated":true}]}}