{"id":25851,"date":"2025-06-21T15:47:54","date_gmt":"2025-06-21T13:47:54","guid":{"rendered":"https:\/\/cocohouseofbeauty.com\/product\/lhuile-a-sourcils-shake-glow-au-miel-de-browgeek-30ml\/"},"modified":"2025-10-15T00:14:33","modified_gmt":"2025-10-14T22:14:33","slug":"lhuile-a-sourcils-shake-glow-au-miel-de-browgeek-30ml","status":"publish","type":"product","link":"https:\/\/cocohouseofbeauty.com\/fr\/produit\/lhuile-a-sourcils-shake-glow-au-miel-de-browgeek-30ml\/","title":{"rendered":"The Brow Geek Huile \u00e0 sourcils infus\u00e9e au miel Shake &amp; Glow &#8211; 30ml"},"content":{"rendered":"<p data-start=\"339\" data-end=\"380\"><strong>Huile \u00e0 sourcils infus\u00e9e au miel Shake &amp; Glow<\/strong><\/p>\n<p data-start=\"382\" data-end=\"682\">Offrez \u00e0 vos clients le traitement ultime des sourcils avec l&#8217;<strong data-start=\"433\" data-end=\"472\">huile pour sourcils infus\u00e9e au miel de Shake &amp; Glow<\/strong>. Cette huile puissante et polyvalente nourrit, prot\u00e8ge et renforce les sourcils. <strong data-start=\"550\" data-end=\"562\">De plus<\/strong>, elle est infus\u00e9e d&#8217;extrait de miel naturel, d&#8217;antioxydants et de peptides pour offrir des r\u00e9sultats professionnels \u00e0 chaque goutte. <\/p>\n<p data-start=\"684\" data-end=\"956\">Apr\u00e8s avoir agit\u00e9 pour activer l&#8217;infusion de miel, appliquez une goutte apr\u00e8s la teinture hybride ou le laminage. Cette \u00e9tape permet <strong data-start=\"787\" data-end=\"806\">de fixer la couleur<\/strong>, de <strong data-start=\"808\" data-end=\"824\">renforcer la brillance<\/strong> et de <strong data-start=\"830\" data-end=\"849\">prolonger les r\u00e9sultats<\/strong>. En <strong data-start=\"851\" data-end=\"866\">outre<\/strong>, elle fonctionne parfaitement comme un revitalisant quotidien qui r\u00e9tablit l&#8217;hydratation et r\u00e9duit les cassures. <\/p>\n<p data-start=\"958\" data-end=\"976\">Principaux avantages<\/p>\n<ul data-start=\"977\" data-end=\"1260\">\n<li data-start=\"977\" data-end=\"1040\">\n<p data-start=\"979\" data-end=\"1040\"><strong data-start=\"979\" data-end=\"1004\">Hydrate et prot\u00e8ge les<\/strong> sourcils gr\u00e2ce au miel et aux antioxydants.<\/p>\n<\/li>\n<li data-start=\"1041\" data-end=\"1106\">\n<p data-start=\"1043\" data-end=\"1106\"><strong data-start=\"1043\" data-end=\"1059\">Renforce la brillance<\/strong> et rehausse la couleur apr\u00e8s teinture ou pelliculage<\/p>\n<\/li>\n<li data-start=\"1107\" data-end=\"1156\">\n<p data-start=\"1109\" data-end=\"1156\"><strong data-start=\"1109\" data-end=\"1129\">Renforce les cheveux<\/strong> et pr\u00e9vient leur fragilit\u00e9<\/p>\n<\/li>\n<li data-start=\"1157\" data-end=\"1201\">\n<p data-start=\"1159\" data-end=\"1201\"><strong data-start=\"1159\" data-end=\"1181\">Nourrit la peau<\/strong> sous les sourcils<\/p>\n<\/li>\n<li data-start=\"1202\" data-end=\"1260\">\n<p data-start=\"1204\" data-end=\"1260\"><strong data-start=\"1204\" data-end=\"1223\">Absorbe rapidement<\/strong> sans laisser de r\u00e9sidus gras<\/p>\n<\/li>\n<\/ul>\n<p data-start=\"1262\" data-end=\"1459\">L&#8217;extrait de miel donne un \u00e9clat naturel gr\u00e2ce \u00e0 la r\u00e9flexion de la lumi\u00e8re, tandis que les ingr\u00e9dients bioactifs renforcent les cheveux. Les sourcils restent <strong data-start=\"1379\" data-end=\"1394\">ainsi<\/strong> plus doux, plus brillants et plus sains entre les traitements.<\/p>\n<p data-start=\"1461\" data-end=\"1477\">Comment l&#8217;utiliser<\/p>\n<ol data-start=\"1478\" data-end=\"1677\">\n<li data-start=\"1478\" data-end=\"1525\">\n<p data-start=\"1481\" data-end=\"1525\">Agitez bien pour activer l&#8217;infusion de miel.<\/p>\n<\/li>\n<li data-start=\"1526\" data-end=\"1586\">\n<p data-start=\"1529\" data-end=\"1586\">Appliquez une goutte sur les sourcils propres apr\u00e8s la teinture ou la plastification.<\/p>\n<\/li>\n<li data-start=\"1587\" data-end=\"1631\">\n<p data-start=\"1590\" data-end=\"1631\">Massez d\u00e9licatement les poils et la peau.<\/p>\n<\/li>\n<li data-start=\"1632\" data-end=\"1677\">\n<p data-start=\"1635\" data-end=\"1677\">Utilisez-le quotidiennement pour une hydratation et une brillance accrues.<\/p>\n<\/li>\n<\/ol>\n<p data-start=\"1679\" data-end=\"1970\">Cette formule propre, v\u00e9g\u00e9talienne et sans cruaut\u00e9 est conforme \u00e0 la philosophie de beaut\u00e9 consciente de <strong data-start=\"1735\" data-end=\"1753\">The BrowGeek<\/strong>. Elle ne contient ni parab\u00e8nes ni additifs agressifs. <strong data-start=\"1830\" data-end=\"1841\">Enfin,<\/strong> c&#8217;est le compl\u00e9ment id\u00e9al \u00e0 tout traitement en salon ou \u00e0 toute offre de vente au d\u00e9tail &#8211; parce que des sourcils \u00e9clatants et sains font des clients heureux \u00e0 chaque fois. <\/p>\n","protected":false},"excerpt":{"rendered":"<p class=\"ai-optimize-29\" data-start=\"357\" data-end=\"394\"><span class=\"relative -mx-px my-[-0.2rem] rounded px-px py-[0.2rem] transition-colors duration-100 ease-in-out\">Restaurez et mettez en valeur les sourcils de vos clientes avec l&#8217;huile pour sourcils infus\u00e9e au miel Shake &amp; Glow, une formule polyvalente et riche en antioxydants qui soigne, prot\u00e8ge la couleur et apporte une brillance naturelle.<\/span><\/p>\n","protected":false},"featured_media":25838,"comment_status":"open","ping_status":"closed","template":"","meta":{"_kad_blocks_custom_css":"","_kad_blocks_head_custom_js":"","_kad_blocks_body_custom_js":"","_kad_blocks_footer_custom_js":"","_kadence_starter_templates_imported_post":false,"_kad_post_transparent":"","_kad_post_title":"","_kad_post_layout":"","_kad_post_sidebar_id":"","_kad_post_content_style":"","_kad_post_vertical_padding":"","_kad_post_feature":"","_kad_post_feature_position":"","_kad_post_header":false,"_kad_post_footer":false,"_kad_post_classname":""},"product_brand":[2401],"product_cat":[2485,2092],"product_tag":[3252,3249,2763,3248,3250,3253,3254,3247,2754,3251],"class_list":{"0":"post-25851","1":"product","2":"type-product","3":"status-publish","4":"has-post-thumbnail","6":"product_brand-the-browgeek","7":"product_cat-le-browgeek","8":"product_cat-soins-des-sourcils","9":"product_tag-huile-a-sourcils-professionnelle","10":"product_tag-huile-antioxydante-pour-les-sourcils","11":"product_tag-huile-de-conditionnement-pour-les-sourcils","12":"product_tag-huile-pour-sourcils-au-miel","13":"product_tag-huile-pour-sourcils-colour-protect","14":"product_tag-huile-rehausseur-de-brillance","15":"product_tag-serum-nourrissant-pour-les-sourcils","16":"product_tag-shake-glow-fr","17":"product_tag-soins-post-laminage","18":"product_tag-traitement-des-sourcils-vegetalien","19":"product_shipping_class-petit-paquet","21":"first","22":"instock","23":"taxable","24":"shipping-taxable","25":"purchasable","26":"product-type-simple","27":"entry","28":"content-bg","29":"loop-entry"},"yoast_head":"<!-- This site is optimized with the Yoast SEO Premium plugin v27.2 (Yoast SEO v27.2) - https:\/\/yoast.com\/product\/yoast-seo-premium-wordpress\/ -->\n<title>Huile pour sourcils infus\u00e9e au miel Shake &amp; Glow - Nourrir, prot\u00e9ger et faire briller<\/title>\n<meta name=\"description\" content=\"D\u00e9couvrez la sant\u00e9 ultime des sourcils avec l&#039;huile pour sourcils infus\u00e9e au miel de Shake &amp; Glow. Appliquez-la pour hydrater et prot\u00e9ger vos sourcils, les laissant fabuleusement brillants.\" \/>\n<meta name=\"robots\" content=\"index, follow, max-snippet:-1, max-image-preview:large, max-video-preview:-1\" \/>\n<link rel=\"canonical\" href=\"https:\/\/cocohouseofbeauty.com\/fr\/produit\/lhuile-a-sourcils-shake-glow-au-miel-de-browgeek-30ml\/\" \/>\n<meta property=\"og:locale\" content=\"fr_FR\" \/>\n<meta property=\"og:type\" content=\"article\" \/>\n<meta property=\"og:title\" content=\"The Brow Geek Huile \u00e0 sourcils infus\u00e9e au miel Shake &amp; Glow - 30ml\" \/>\n<meta property=\"og:description\" content=\"D\u00e9couvrez la sant\u00e9 ultime des sourcils avec l&#039;huile pour sourcils infus\u00e9e au miel de Shake &amp; Glow. Appliquez-la pour hydrater et prot\u00e9ger vos sourcils, les laissant fabuleusement brillants.\" \/>\n<meta property=\"og:url\" content=\"https:\/\/cocohouseofbeauty.com\/fr\/produit\/lhuile-a-sourcils-shake-glow-au-miel-de-browgeek-30ml\/\" \/>\n<meta property=\"og:site_name\" content=\"Coco House of Beauty\" \/>\n<meta property=\"article:publisher\" content=\"https:\/\/www.facebook.com\/groups\/388929390727436\/about\/\" \/>\n<meta property=\"article:modified_time\" content=\"2025-10-14T22:14:33+00:00\" \/>\n<meta property=\"og:image\" content=\"https:\/\/cocohouseofbeauty.com\/wp-content\/uploads\/2025\/06\/Shake-Glow-Honey-Infused-Oil-1-scaled.jpg\" \/>\n\t<meta property=\"og:image:width\" content=\"2438\" \/>\n\t<meta property=\"og:image:height\" content=\"2560\" \/>\n\t<meta property=\"og:image:type\" content=\"image\/jpeg\" \/>\n<meta name=\"twitter:card\" content=\"summary_large_image\" \/>\n<meta name=\"twitter:label1\" content=\"Prix\" \/>\n\t<meta name=\"twitter:data1\" content=\"&euro;&nbsp;34,95\" \/>\n\t<meta name=\"twitter:label2\" content=\"Disponibilit\u00e9\" \/>\n\t<meta name=\"twitter:data2\" content=\"En stock\" \/>\n<script type=\"application\/ld+json\" class=\"yoast-schema-graph\">{\"@context\":\"https:\/\/schema.org\",\"@graph\":[{\"@type\":\"WebPage\",\"@id\":\"https:\/\/cocohouseofbeauty.com\/fr\/produit\/lhuile-a-sourcils-shake-glow-au-miel-de-browgeek-30ml\/\",\"url\":\"https:\/\/cocohouseofbeauty.com\/fr\/produit\/lhuile-a-sourcils-shake-glow-au-miel-de-browgeek-30ml\/\",\"name\":\"Huile pour sourcils infus\u00e9e au miel Shake & Glow - Nourrir, prot\u00e9ger et faire briller\",\"isPartOf\":{\"@id\":\"https:\/\/cocohouseofbeauty.com\/fr\/#website\"},\"primaryImageOfPage\":{\"@id\":\"https:\/\/cocohouseofbeauty.com\/fr\/produit\/lhuile-a-sourcils-shake-glow-au-miel-de-browgeek-30ml\/#primaryimage\"},\"image\":{\"@id\":\"https:\/\/cocohouseofbeauty.com\/fr\/produit\/lhuile-a-sourcils-shake-glow-au-miel-de-browgeek-30ml\/#primaryimage\"},\"thumbnailUrl\":\"https:\/\/cocohouseofbeauty.com\/wp-content\/uploads\/2025\/06\/Shake-Glow-Honey-Infused-Oil-1-scaled.jpg\",\"datePublished\":\"2025-06-21T13:47:54+00:00\",\"dateModified\":\"2025-10-14T22:14:33+00:00\",\"description\":\"D\u00e9couvrez la sant\u00e9 ultime des sourcils avec l'huile pour sourcils infus\u00e9e au miel de Shake & Glow. Appliquez-la pour hydrater et prot\u00e9ger vos sourcils, les laissant fabuleusement brillants.\",\"breadcrumb\":{\"@id\":\"https:\/\/cocohouseofbeauty.com\/fr\/produit\/lhuile-a-sourcils-shake-glow-au-miel-de-browgeek-30ml\/#breadcrumb\"},\"inLanguage\":\"fr-FR\",\"potentialAction\":[{\"@type\":\"ReadAction\",\"target\":[\"https:\/\/cocohouseofbeauty.com\/fr\/produit\/lhuile-a-sourcils-shake-glow-au-miel-de-browgeek-30ml\/\"]}]},{\"@type\":\"ImageObject\",\"inLanguage\":\"fr-FR\",\"@id\":\"https:\/\/cocohouseofbeauty.com\/fr\/produit\/lhuile-a-sourcils-shake-glow-au-miel-de-browgeek-30ml\/#primaryimage\",\"url\":\"https:\/\/cocohouseofbeauty.com\/wp-content\/uploads\/2025\/06\/Shake-Glow-Honey-Infused-Oil-1-scaled.jpg\",\"contentUrl\":\"https:\/\/cocohouseofbeauty.com\/wp-content\/uploads\/2025\/06\/Shake-Glow-Honey-Infused-Oil-1-scaled.jpg\",\"width\":2438,\"height\":2560,\"caption\":\"L'huile \u00e0 sourcils Shake &amp; Glow au miel de Browgeek\"},{\"@type\":\"BreadcrumbList\",\"@id\":\"https:\/\/cocohouseofbeauty.com\/fr\/produit\/lhuile-a-sourcils-shake-glow-au-miel-de-browgeek-30ml\/#breadcrumb\",\"itemListElement\":[{\"@type\":\"ListItem\",\"position\":1,\"name\":\"Home\",\"item\":\"https:\/\/cocohouseofbeauty.com\/fr\/\"},{\"@type\":\"ListItem\",\"position\":2,\"name\":\"Boutique\",\"item\":\"https:\/\/cocohouseofbeauty.com\/fr\/boutique\/\"},{\"@type\":\"ListItem\",\"position\":3,\"name\":\"The Brow Geek Huile \u00e0 sourcils infus\u00e9e au miel Shake &amp; Glow &#8211; 30ml\"}]},{\"@type\":\"WebSite\",\"@id\":\"https:\/\/cocohouseofbeauty.com\/fr\/#website\",\"url\":\"https:\/\/cocohouseofbeauty.com\/fr\/\",\"name\":\"Coco House of Beauty\",\"description\":\"Your beauty partner for exclusive lash &amp; brow brands\",\"publisher\":{\"@id\":\"https:\/\/cocohouseofbeauty.com\/fr\/#organization\"},\"potentialAction\":[{\"@type\":\"SearchAction\",\"target\":{\"@type\":\"EntryPoint\",\"urlTemplate\":\"https:\/\/cocohouseofbeauty.com\/fr\/?s={search_term_string}\"},\"query-input\":{\"@type\":\"PropertyValueSpecification\",\"valueRequired\":true,\"valueName\":\"search_term_string\"}}],\"inLanguage\":\"fr-FR\"},{\"@type\":\"Organization\",\"@id\":\"https:\/\/cocohouseofbeauty.com\/fr\/#organization\",\"name\":\"Coco House of Beauty\",\"url\":\"https:\/\/cocohouseofbeauty.com\/fr\/\",\"logo\":{\"@type\":\"ImageObject\",\"inLanguage\":\"fr-FR\",\"@id\":\"https:\/\/cocohouseofbeauty.com\/fr\/#\/schema\/logo\/image\/\",\"url\":\"https:\/\/cocohouseofbeauty.com\/wp-content\/uploads\/2024\/03\/cropped-coco-logo-zonder-estb.png\",\"contentUrl\":\"https:\/\/cocohouseofbeauty.com\/wp-content\/uploads\/2024\/03\/cropped-coco-logo-zonder-estb.png\",\"width\":1532,\"height\":612,\"caption\":\"Coco House of Beauty\"},\"image\":{\"@id\":\"https:\/\/cocohouseofbeauty.com\/fr\/#\/schema\/logo\/image\/\"},\"sameAs\":[\"https:\/\/www.facebook.com\/groups\/388929390727436\/about\/\",\"https:\/\/www.instagram.com\/cocohouse.of.beauty\/\",\"https:\/\/www.tiktok.com\/@cocohouseofbeauty\"],\"foundingDate\":\"2024-04-05\",\"numberOfEmployees\":{\"@type\":\"QuantitativeValue\",\"minValue\":\"11\",\"maxValue\":\"50\"}}]}<\/script>\n<meta property=\"product:price:amount\" content=\"34.95\" \/>\n<meta property=\"product:price:currency\" content=\"EUR\" \/>\n<meta property=\"og:availability\" content=\"instock\" \/>\n<meta property=\"product:availability\" content=\"instock\" \/>\n<meta property=\"product:retailer_item_id\" content=\"COCO-2688\" \/>\n<meta property=\"product:condition\" content=\"new\" \/>\n<!-- \/ Yoast SEO Premium plugin. -->","yoast_head_json":{"title":"Huile pour sourcils infus\u00e9e au miel Shake & Glow - Nourrir, prot\u00e9ger et faire briller","description":"D\u00e9couvrez la sant\u00e9 ultime des sourcils avec l'huile pour sourcils infus\u00e9e au miel de Shake & Glow. Appliquez-la pour hydrater et prot\u00e9ger vos sourcils, les laissant fabuleusement brillants.","robots":{"index":"index","follow":"follow","max-snippet":"max-snippet:-1","max-image-preview":"max-image-preview:large","max-video-preview":"max-video-preview:-1"},"canonical":"https:\/\/cocohouseofbeauty.com\/fr\/produit\/lhuile-a-sourcils-shake-glow-au-miel-de-browgeek-30ml\/","og_locale":"fr_FR","og_type":"article","og_title":"The Brow Geek Huile \u00e0 sourcils infus\u00e9e au miel Shake &amp; Glow - 30ml","og_description":"D\u00e9couvrez la sant\u00e9 ultime des sourcils avec l'huile pour sourcils infus\u00e9e au miel de Shake & Glow. Appliquez-la pour hydrater et prot\u00e9ger vos sourcils, les laissant fabuleusement brillants.","og_url":"https:\/\/cocohouseofbeauty.com\/fr\/produit\/lhuile-a-sourcils-shake-glow-au-miel-de-browgeek-30ml\/","og_site_name":"Coco House of Beauty","article_publisher":"https:\/\/www.facebook.com\/groups\/388929390727436\/about\/","article_modified_time":"2025-10-14T22:14:33+00:00","og_image":[{"width":2438,"height":2560,"url":"https:\/\/cocohouseofbeauty.com\/wp-content\/uploads\/2025\/06\/Shake-Glow-Honey-Infused-Oil-1-scaled.jpg","type":"image\/jpeg"}],"twitter_card":"summary_large_image","twitter_misc":{"Prix":"&euro;&nbsp;34,95","Disponibilit\u00e9":"En stock"},"schema":{"@context":"https:\/\/schema.org","@graph":[{"@type":"WebPage","@id":"https:\/\/cocohouseofbeauty.com\/fr\/produit\/lhuile-a-sourcils-shake-glow-au-miel-de-browgeek-30ml\/","url":"https:\/\/cocohouseofbeauty.com\/fr\/produit\/lhuile-a-sourcils-shake-glow-au-miel-de-browgeek-30ml\/","name":"Huile pour sourcils infus\u00e9e au miel Shake & Glow - Nourrir, prot\u00e9ger et faire briller","isPartOf":{"@id":"https:\/\/cocohouseofbeauty.com\/fr\/#website"},"primaryImageOfPage":{"@id":"https:\/\/cocohouseofbeauty.com\/fr\/produit\/lhuile-a-sourcils-shake-glow-au-miel-de-browgeek-30ml\/#primaryimage"},"image":{"@id":"https:\/\/cocohouseofbeauty.com\/fr\/produit\/lhuile-a-sourcils-shake-glow-au-miel-de-browgeek-30ml\/#primaryimage"},"thumbnailUrl":"https:\/\/cocohouseofbeauty.com\/wp-content\/uploads\/2025\/06\/Shake-Glow-Honey-Infused-Oil-1-scaled.jpg","datePublished":"2025-06-21T13:47:54+00:00","dateModified":"2025-10-14T22:14:33+00:00","description":"D\u00e9couvrez la sant\u00e9 ultime des sourcils avec l'huile pour sourcils infus\u00e9e au miel de Shake & Glow. Appliquez-la pour hydrater et prot\u00e9ger vos sourcils, les laissant fabuleusement brillants.","breadcrumb":{"@id":"https:\/\/cocohouseofbeauty.com\/fr\/produit\/lhuile-a-sourcils-shake-glow-au-miel-de-browgeek-30ml\/#breadcrumb"},"inLanguage":"fr-FR","potentialAction":[{"@type":"ReadAction","target":["https:\/\/cocohouseofbeauty.com\/fr\/produit\/lhuile-a-sourcils-shake-glow-au-miel-de-browgeek-30ml\/"]}]},{"@type":"ImageObject","inLanguage":"fr-FR","@id":"https:\/\/cocohouseofbeauty.com\/fr\/produit\/lhuile-a-sourcils-shake-glow-au-miel-de-browgeek-30ml\/#primaryimage","url":"https:\/\/cocohouseofbeauty.com\/wp-content\/uploads\/2025\/06\/Shake-Glow-Honey-Infused-Oil-1-scaled.jpg","contentUrl":"https:\/\/cocohouseofbeauty.com\/wp-content\/uploads\/2025\/06\/Shake-Glow-Honey-Infused-Oil-1-scaled.jpg","width":2438,"height":2560,"caption":"L'huile \u00e0 sourcils Shake &amp; Glow au miel de Browgeek"},{"@type":"BreadcrumbList","@id":"https:\/\/cocohouseofbeauty.com\/fr\/produit\/lhuile-a-sourcils-shake-glow-au-miel-de-browgeek-30ml\/#breadcrumb","itemListElement":[{"@type":"ListItem","position":1,"name":"Home","item":"https:\/\/cocohouseofbeauty.com\/fr\/"},{"@type":"ListItem","position":2,"name":"Boutique","item":"https:\/\/cocohouseofbeauty.com\/fr\/boutique\/"},{"@type":"ListItem","position":3,"name":"The Brow Geek Huile \u00e0 sourcils infus\u00e9e au miel Shake &amp; Glow &#8211; 30ml"}]},{"@type":"WebSite","@id":"https:\/\/cocohouseofbeauty.com\/fr\/#website","url":"https:\/\/cocohouseofbeauty.com\/fr\/","name":"Coco House of Beauty","description":"Your beauty partner for exclusive lash &amp; brow brands","publisher":{"@id":"https:\/\/cocohouseofbeauty.com\/fr\/#organization"},"potentialAction":[{"@type":"SearchAction","target":{"@type":"EntryPoint","urlTemplate":"https:\/\/cocohouseofbeauty.com\/fr\/?s={search_term_string}"},"query-input":{"@type":"PropertyValueSpecification","valueRequired":true,"valueName":"search_term_string"}}],"inLanguage":"fr-FR"},{"@type":"Organization","@id":"https:\/\/cocohouseofbeauty.com\/fr\/#organization","name":"Coco House of Beauty","url":"https:\/\/cocohouseofbeauty.com\/fr\/","logo":{"@type":"ImageObject","inLanguage":"fr-FR","@id":"https:\/\/cocohouseofbeauty.com\/fr\/#\/schema\/logo\/image\/","url":"https:\/\/cocohouseofbeauty.com\/wp-content\/uploads\/2024\/03\/cropped-coco-logo-zonder-estb.png","contentUrl":"https:\/\/cocohouseofbeauty.com\/wp-content\/uploads\/2024\/03\/cropped-coco-logo-zonder-estb.png","width":1532,"height":612,"caption":"Coco House of Beauty"},"image":{"@id":"https:\/\/cocohouseofbeauty.com\/fr\/#\/schema\/logo\/image\/"},"sameAs":["https:\/\/www.facebook.com\/groups\/388929390727436\/about\/","https:\/\/www.instagram.com\/cocohouse.of.beauty\/","https:\/\/www.tiktok.com\/@cocohouseofbeauty"],"foundingDate":"2024-04-05","numberOfEmployees":{"@type":"QuantitativeValue","minValue":"11","maxValue":"50"}}]},"product_price_amount":"34.95","product_price_currency":"EUR","og_availability":"instock","product_availability":"instock","product_retailer_item_id":"COCO-2688","product_condition":"new"},"taxonomy_info":{"product_brand":[{"value":2401,"label":"The Browgeek"}],"product_cat":[{"value":2485,"label":"Le Browgeek"},{"value":2092,"label":"Soins des sourcils"}],"product_tag":[{"value":3252,"label":"Huile \u00e0 sourcils professionnelle"},{"value":3249,"label":"Huile antioxydante pour les sourcils"},{"value":2763,"label":"Huile de conditionnement pour les sourcils"},{"value":3248,"label":"Huile pour sourcils au miel"},{"value":3250,"label":"Huile pour sourcils Colour Protect"},{"value":3253,"label":"Huile rehausseur de brillance"},{"value":3254,"label":"S\u00e9rum nourrissant pour les sourcils"},{"value":3247,"label":"Shake &amp; Glow"},{"value":2754,"label":"Soins post-laminage"},{"value":3251,"label":"Traitement des sourcils v\u00e9g\u00e9talien"}]},"featured_image_src_large":["https:\/\/cocohouseofbeauty.com\/wp-content\/uploads\/2025\/06\/Shake-Glow-Honey-Infused-Oil-1-975x1024.jpg",975,1024,true],"author_info":[],"comment_info":0,"jetpack_sharing_enabled":true,"_links":{"self":[{"href":"https:\/\/cocohouseofbeauty.com\/fr\/wp-json\/wp\/v2\/product\/25851","targetHints":{"allow":["GET"]}}],"collection":[{"href":"https:\/\/cocohouseofbeauty.com\/fr\/wp-json\/wp\/v2\/product"}],"about":[{"href":"https:\/\/cocohouseofbeauty.com\/fr\/wp-json\/wp\/v2\/types\/product"}],"replies":[{"embeddable":true,"href":"https:\/\/cocohouseofbeauty.com\/fr\/wp-json\/wp\/v2\/comments?post=25851"}],"wp:featuredmedia":[{"embeddable":true,"href":"https:\/\/cocohouseofbeauty.com\/fr\/wp-json\/wp\/v2\/media\/25838"}],"wp:attachment":[{"href":"https:\/\/cocohouseofbeauty.com\/fr\/wp-json\/wp\/v2\/media?parent=25851"}],"wp:term":[{"taxonomy":"product_brand","embeddable":true,"href":"https:\/\/cocohouseofbeauty.com\/fr\/wp-json\/wp\/v2\/product_brand?post=25851"},{"taxonomy":"product_cat","embeddable":true,"href":"https:\/\/cocohouseofbeauty.com\/fr\/wp-json\/wp\/v2\/product_cat?post=25851"},{"taxonomy":"product_tag","embeddable":true,"href":"https:\/\/cocohouseofbeauty.com\/fr\/wp-json\/wp\/v2\/product_tag?post=25851"}],"curies":[{"name":"wp","href":"https:\/\/api.w.org\/{rel}","templated":true}]}}