{"id":24585,"date":"2025-06-10T20:43:50","date_gmt":"2025-06-10T18:43:50","guid":{"rendered":"https:\/\/cocohouseofbeauty.com\/product\/everlasting-pigments-pour-sourcils-10ml-pmu-microblading\/"},"modified":"2025-06-10T20:43:50","modified_gmt":"2025-06-10T18:43:50","slug":"everlasting-pigments-pour-sourcils-10ml-pmu-microblading","status":"publish","type":"product","link":"https:\/\/cocohouseofbeauty.com\/fr\/produit\/everlasting-pigments-pour-sourcils-10ml-pmu-microblading\/","title":{"rendered":"Everlasting | Pigments pour sourcils 10ml | PMU &amp; Microblading"},"content":{"rendered":"","protected":false},"excerpt":{"rendered":"<p>\u2713 Les pigments Everlasting Brows sont cr\u00e9meux et hautement concentr\u00e9s, ce qui garantit que vos traits restent nets et que l&#8217;ombrage reste correct<br \/>\n\u2713 Chez Everlasting, nous pensons qu&#8217;il n&#8217;est pas n\u00e9cessaire de stocker plus de 50 nuances, il suffit d&#8217;en avoir quelques unes de bonnes. Tous nos pigments sont parfaits utilis\u00e9s seuls ou en combinaison avec d&#8217;autres pour d\u00e9bloquer plus d&#8217;options de couleur<br \/>\n\u2713 Les pigments gu\u00e9rissent fid\u00e8lement \u00e0 la couleur et n&#8217;ont pas besoin de modificateur<br \/>\n\u2713 Les pigments Everlasting Brows sont produits en Allemagne<br \/>\n\u2713 La formulation stable des pigments signifie qu&#8217;ils ne s&#8217;estompent pas dans des tons ind\u00e9sirables<br \/>\n\u2713 Les pigments Everlasting contiennent uniquement des ingr\u00e9dients bruts de la plus haute qualit\u00e9<br \/>\n\u2713 Chaque lot de pigments est test\u00e9 pour les impuret\u00e9s et les m\u00e9taux lourds et est approuv\u00e9 par InkCert ; il r\u00e9pond \u00e0 toutes les exigences toxicologiques de la CoE ResAp. Moins d&#8217;impuret\u00e9s signifie que la peau sera plus r\u00e9ceptive aux pigments, ce qui cr\u00e9era de meilleurs r\u00e9sultats de cicatrisation<br \/>\n\u2713 La formule garantit une forte saturation des pigments, sans ajout d&#8217;eau<br \/>\n\u2713 Non toxique, non corrosif, non irritant, non photo-toxique ; conforme \u00e0 toutes les normes sanitaires<br \/>\n\u2713 St\u00e9rilis\u00e9 conform\u00e9ment \u00e0 la directive sur les dispositifs m\u00e9dicaux, ce qui signifie une tranquillit\u00e9 d&#8217;esprit suppl\u00e9mentaire pour vos clients qui savent que vous avez choisi ce qu&#8217;il y a de mieux pour leur bien-\u00eatre et leur beaut\u00e9.  <\/p>\n","protected":false},"featured_media":0,"comment_status":"open","ping_status":"closed","template":"","meta":{"_kad_blocks_custom_css":"","_kad_blocks_head_custom_js":"","_kad_blocks_body_custom_js":"","_kad_blocks_footer_custom_js":"","_kadence_starter_templates_imported_post":false,"_kad_post_transparent":"","_kad_post_title":"","_kad_post_layout":"","_kad_post_sidebar_id":"","_kad_post_content_style":"","_kad_post_vertical_padding":"","_kad_post_feature":"","_kad_post_feature_position":"","_kad_post_header":false,"_kad_post_footer":false,"_kad_post_classname":""},"product_brand":[],"product_cat":[106,16],"product_tag":[],"class_list":{"0":"post-24585","1":"product","2":"type-product","3":"status-publish","5":"product_cat-formations-et-cours","6":"product_cat-startkits","8":"first","9":"instock","10":"taxable","11":"shipping-taxable","12":"purchasable","13":"product-type-variable","14":"entry","15":"content-bg","16":"loop-entry"},"yoast_head":"<!-- This site is optimized with the Yoast SEO Premium plugin v27.2 (Yoast SEO v27.2) - https:\/\/yoast.com\/product\/yoast-seo-premium-wordpress\/ -->\n<title>Everlasting | Pigments pour sourcils 10ml | PMU &amp; Microblading - Coco House of Beauty<\/title>\n<meta name=\"robots\" content=\"index, follow, max-snippet:-1, max-image-preview:large, max-video-preview:-1\" \/>\n<link rel=\"canonical\" href=\"https:\/\/cocohouseofbeauty.com\/fr\/produit\/everlasting-pigments-pour-sourcils-10ml-pmu-microblading\/\" \/>\n<meta property=\"og:locale\" content=\"fr_FR\" \/>\n<meta property=\"og:type\" content=\"article\" \/>\n<meta property=\"og:title\" content=\"Everlasting | Pigments pour sourcils 10ml | PMU &amp; Microblading\" \/>\n<meta property=\"og:description\" content=\"\u2713 Les pigments Everlasting Brows sont cr\u00e9meux et hautement concentr\u00e9s, ce qui garantit que vos traits restent nets et que l&#039;ombrage reste correct \u2713 Chez Everlasting, nous pensons qu&#039;il n&#039;est pas n\u00e9cessaire de stocker plus de 50 nuances, il suffit d&#039;en avoir quelques unes de bonnes. Tous nos pigments sont parfaits utilis\u00e9s seuls ou en combinaison avec d&#039;autres pour d\u00e9bloquer plus d&#039;options de couleur \u2713 Les pigments gu\u00e9rissent fid\u00e8lement \u00e0 la couleur et n&#039;ont pas besoin de modificateur \u2713 Les pigments Everlasting Brows sont produits en Allemagne \u2713 La formulation stable des pigments signifie qu&#039;ils ne s&#039;estompent pas dans des tons ind\u00e9sirables \u2713 Les pigments Everlasting contiennent uniquement des ingr\u00e9dients bruts de la plus haute qualit\u00e9 \u2713 Chaque lot de pigments est test\u00e9 pour les impuret\u00e9s et les m\u00e9taux lourds et est approuv\u00e9 par InkCert ; il r\u00e9pond \u00e0 toutes les exigences toxicologiques de la CoE ResAp. Moins d&#039;impuret\u00e9s signifie que la peau sera plus r\u00e9ceptive aux pigments, ce qui cr\u00e9era de meilleurs r\u00e9sultats de cicatrisation \u2713 La formule garantit une forte saturation des pigments, sans ajout d&#039;eau \u2713 Non toxique, non corrosif, non irritant, non photo-toxique ; conforme \u00e0 toutes les normes sanitaires \u2713 St\u00e9rilis\u00e9 conform\u00e9ment \u00e0 la directive sur les dispositifs m\u00e9dicaux, ce qui signifie une tranquillit\u00e9 d&#039;esprit suppl\u00e9mentaire pour vos clients qui savent que vous avez choisi ce qu&#039;il y a de mieux pour leur bien-\u00eatre et leur beaut\u00e9.\" \/>\n<meta property=\"og:url\" content=\"https:\/\/cocohouseofbeauty.com\/fr\/produit\/everlasting-pigments-pour-sourcils-10ml-pmu-microblading\/\" \/>\n<meta property=\"og:site_name\" content=\"Coco House of Beauty\" \/>\n<meta property=\"article:publisher\" content=\"https:\/\/www.facebook.com\/groups\/388929390727436\/about\/\" \/>\n<meta name=\"twitter:card\" content=\"summary_large_image\" \/>\n<meta name=\"twitter:label1\" content=\"Disponibilit\u00e9\" \/>\n\t<meta name=\"twitter:data1\" content=\"En stock\" \/>\n<script type=\"application\/ld+json\" class=\"yoast-schema-graph\">{\"@context\":\"https:\/\/schema.org\",\"@graph\":[{\"@type\":\"WebPage\",\"@id\":\"https:\/\/cocohouseofbeauty.com\/fr\/produit\/everlasting-pigments-pour-sourcils-10ml-pmu-microblading\/\",\"url\":\"https:\/\/cocohouseofbeauty.com\/fr\/produit\/everlasting-pigments-pour-sourcils-10ml-pmu-microblading\/\",\"name\":\"Everlasting | Pigments pour sourcils 10ml | PMU &amp; Microblading - Coco House of Beauty\",\"isPartOf\":{\"@id\":\"https:\/\/cocohouseofbeauty.com\/fr\/#website\"},\"datePublished\":\"2025-06-10T18:43:50+00:00\",\"breadcrumb\":{\"@id\":\"https:\/\/cocohouseofbeauty.com\/fr\/produit\/everlasting-pigments-pour-sourcils-10ml-pmu-microblading\/#breadcrumb\"},\"inLanguage\":\"fr-FR\",\"potentialAction\":[{\"@type\":\"ReadAction\",\"target\":[\"https:\/\/cocohouseofbeauty.com\/fr\/produit\/everlasting-pigments-pour-sourcils-10ml-pmu-microblading\/\"]}]},{\"@type\":\"BreadcrumbList\",\"@id\":\"https:\/\/cocohouseofbeauty.com\/fr\/produit\/everlasting-pigments-pour-sourcils-10ml-pmu-microblading\/#breadcrumb\",\"itemListElement\":[{\"@type\":\"ListItem\",\"position\":1,\"name\":\"Home\",\"item\":\"https:\/\/cocohouseofbeauty.com\/fr\/\"},{\"@type\":\"ListItem\",\"position\":2,\"name\":\"Boutique\",\"item\":\"https:\/\/cocohouseofbeauty.com\/fr\/boutique\/\"},{\"@type\":\"ListItem\",\"position\":3,\"name\":\"Everlasting | Pigments pour sourcils 10ml | PMU &amp; Microblading\"}]},{\"@type\":\"WebSite\",\"@id\":\"https:\/\/cocohouseofbeauty.com\/fr\/#website\",\"url\":\"https:\/\/cocohouseofbeauty.com\/fr\/\",\"name\":\"Coco House of Beauty\",\"description\":\"Your beauty partner for exclusive lash &amp; brow brands\",\"publisher\":{\"@id\":\"https:\/\/cocohouseofbeauty.com\/fr\/#organization\"},\"potentialAction\":[{\"@type\":\"SearchAction\",\"target\":{\"@type\":\"EntryPoint\",\"urlTemplate\":\"https:\/\/cocohouseofbeauty.com\/fr\/?s={search_term_string}\"},\"query-input\":{\"@type\":\"PropertyValueSpecification\",\"valueRequired\":true,\"valueName\":\"search_term_string\"}}],\"inLanguage\":\"fr-FR\"},{\"@type\":\"Organization\",\"@id\":\"https:\/\/cocohouseofbeauty.com\/fr\/#organization\",\"name\":\"Coco House of Beauty\",\"url\":\"https:\/\/cocohouseofbeauty.com\/fr\/\",\"logo\":{\"@type\":\"ImageObject\",\"inLanguage\":\"fr-FR\",\"@id\":\"https:\/\/cocohouseofbeauty.com\/fr\/#\/schema\/logo\/image\/\",\"url\":\"https:\/\/cocohouseofbeauty.com\/wp-content\/uploads\/2024\/03\/cropped-coco-logo-zonder-estb.png\",\"contentUrl\":\"https:\/\/cocohouseofbeauty.com\/wp-content\/uploads\/2024\/03\/cropped-coco-logo-zonder-estb.png\",\"width\":1532,\"height\":612,\"caption\":\"Coco House of Beauty\"},\"image\":{\"@id\":\"https:\/\/cocohouseofbeauty.com\/fr\/#\/schema\/logo\/image\/\"},\"sameAs\":[\"https:\/\/www.facebook.com\/groups\/388929390727436\/about\/\",\"https:\/\/www.instagram.com\/cocohouse.of.beauty\/\",\"https:\/\/www.tiktok.com\/@cocohouseofbeauty\"],\"foundingDate\":\"2024-04-05\",\"numberOfEmployees\":{\"@type\":\"QuantitativeValue\",\"minValue\":\"11\",\"maxValue\":\"50\"}}]}<\/script>\n<meta property=\"og:availability\" content=\"instock\" \/>\n<meta property=\"product:availability\" content=\"instock\" \/>\n<meta property=\"product:condition\" content=\"new\" \/>\n<!-- \/ Yoast SEO Premium plugin. -->","yoast_head_json":{"title":"Everlasting | Pigments pour sourcils 10ml | PMU &amp; Microblading - Coco House of Beauty","robots":{"index":"index","follow":"follow","max-snippet":"max-snippet:-1","max-image-preview":"max-image-preview:large","max-video-preview":"max-video-preview:-1"},"canonical":"https:\/\/cocohouseofbeauty.com\/fr\/produit\/everlasting-pigments-pour-sourcils-10ml-pmu-microblading\/","og_locale":"fr_FR","og_type":"article","og_title":"Everlasting | Pigments pour sourcils 10ml | PMU &amp; Microblading","og_description":"\u2713 Les pigments Everlasting Brows sont cr\u00e9meux et hautement concentr\u00e9s, ce qui garantit que vos traits restent nets et que l'ombrage reste correct \u2713 Chez Everlasting, nous pensons qu'il n'est pas n\u00e9cessaire de stocker plus de 50 nuances, il suffit d'en avoir quelques unes de bonnes. Tous nos pigments sont parfaits utilis\u00e9s seuls ou en combinaison avec d'autres pour d\u00e9bloquer plus d'options de couleur \u2713 Les pigments gu\u00e9rissent fid\u00e8lement \u00e0 la couleur et n'ont pas besoin de modificateur \u2713 Les pigments Everlasting Brows sont produits en Allemagne \u2713 La formulation stable des pigments signifie qu'ils ne s'estompent pas dans des tons ind\u00e9sirables \u2713 Les pigments Everlasting contiennent uniquement des ingr\u00e9dients bruts de la plus haute qualit\u00e9 \u2713 Chaque lot de pigments est test\u00e9 pour les impuret\u00e9s et les m\u00e9taux lourds et est approuv\u00e9 par InkCert ; il r\u00e9pond \u00e0 toutes les exigences toxicologiques de la CoE ResAp. Moins d'impuret\u00e9s signifie que la peau sera plus r\u00e9ceptive aux pigments, ce qui cr\u00e9era de meilleurs r\u00e9sultats de cicatrisation \u2713 La formule garantit une forte saturation des pigments, sans ajout d'eau \u2713 Non toxique, non corrosif, non irritant, non photo-toxique ; conforme \u00e0 toutes les normes sanitaires \u2713 St\u00e9rilis\u00e9 conform\u00e9ment \u00e0 la directive sur les dispositifs m\u00e9dicaux, ce qui signifie une tranquillit\u00e9 d'esprit suppl\u00e9mentaire pour vos clients qui savent que vous avez choisi ce qu'il y a de mieux pour leur bien-\u00eatre et leur beaut\u00e9.","og_url":"https:\/\/cocohouseofbeauty.com\/fr\/produit\/everlasting-pigments-pour-sourcils-10ml-pmu-microblading\/","og_site_name":"Coco House of Beauty","article_publisher":"https:\/\/www.facebook.com\/groups\/388929390727436\/about\/","twitter_card":"summary_large_image","twitter_misc":{"Disponibilit\u00e9":"En stock"},"schema":{"@context":"https:\/\/schema.org","@graph":[{"@type":"WebPage","@id":"https:\/\/cocohouseofbeauty.com\/fr\/produit\/everlasting-pigments-pour-sourcils-10ml-pmu-microblading\/","url":"https:\/\/cocohouseofbeauty.com\/fr\/produit\/everlasting-pigments-pour-sourcils-10ml-pmu-microblading\/","name":"Everlasting | Pigments pour sourcils 10ml | PMU &amp; Microblading - Coco House of Beauty","isPartOf":{"@id":"https:\/\/cocohouseofbeauty.com\/fr\/#website"},"datePublished":"2025-06-10T18:43:50+00:00","breadcrumb":{"@id":"https:\/\/cocohouseofbeauty.com\/fr\/produit\/everlasting-pigments-pour-sourcils-10ml-pmu-microblading\/#breadcrumb"},"inLanguage":"fr-FR","potentialAction":[{"@type":"ReadAction","target":["https:\/\/cocohouseofbeauty.com\/fr\/produit\/everlasting-pigments-pour-sourcils-10ml-pmu-microblading\/"]}]},{"@type":"BreadcrumbList","@id":"https:\/\/cocohouseofbeauty.com\/fr\/produit\/everlasting-pigments-pour-sourcils-10ml-pmu-microblading\/#breadcrumb","itemListElement":[{"@type":"ListItem","position":1,"name":"Home","item":"https:\/\/cocohouseofbeauty.com\/fr\/"},{"@type":"ListItem","position":2,"name":"Boutique","item":"https:\/\/cocohouseofbeauty.com\/fr\/boutique\/"},{"@type":"ListItem","position":3,"name":"Everlasting | Pigments pour sourcils 10ml | PMU &amp; Microblading"}]},{"@type":"WebSite","@id":"https:\/\/cocohouseofbeauty.com\/fr\/#website","url":"https:\/\/cocohouseofbeauty.com\/fr\/","name":"Coco House of Beauty","description":"Your beauty partner for exclusive lash &amp; brow brands","publisher":{"@id":"https:\/\/cocohouseofbeauty.com\/fr\/#organization"},"potentialAction":[{"@type":"SearchAction","target":{"@type":"EntryPoint","urlTemplate":"https:\/\/cocohouseofbeauty.com\/fr\/?s={search_term_string}"},"query-input":{"@type":"PropertyValueSpecification","valueRequired":true,"valueName":"search_term_string"}}],"inLanguage":"fr-FR"},{"@type":"Organization","@id":"https:\/\/cocohouseofbeauty.com\/fr\/#organization","name":"Coco House of Beauty","url":"https:\/\/cocohouseofbeauty.com\/fr\/","logo":{"@type":"ImageObject","inLanguage":"fr-FR","@id":"https:\/\/cocohouseofbeauty.com\/fr\/#\/schema\/logo\/image\/","url":"https:\/\/cocohouseofbeauty.com\/wp-content\/uploads\/2024\/03\/cropped-coco-logo-zonder-estb.png","contentUrl":"https:\/\/cocohouseofbeauty.com\/wp-content\/uploads\/2024\/03\/cropped-coco-logo-zonder-estb.png","width":1532,"height":612,"caption":"Coco House of Beauty"},"image":{"@id":"https:\/\/cocohouseofbeauty.com\/fr\/#\/schema\/logo\/image\/"},"sameAs":["https:\/\/www.facebook.com\/groups\/388929390727436\/about\/","https:\/\/www.instagram.com\/cocohouse.of.beauty\/","https:\/\/www.tiktok.com\/@cocohouseofbeauty"],"foundingDate":"2024-04-05","numberOfEmployees":{"@type":"QuantitativeValue","minValue":"11","maxValue":"50"}}]},"og_availability":"instock","product_availability":"instock","product_condition":"new"},"taxonomy_info":{"product_cat":[{"value":106,"label":"Formations et cours"},{"value":16,"label":"Startkits"}]},"featured_image_src_large":false,"author_info":[],"comment_info":0,"jetpack_sharing_enabled":true,"_links":{"self":[{"href":"https:\/\/cocohouseofbeauty.com\/fr\/wp-json\/wp\/v2\/product\/24585","targetHints":{"allow":["GET"]}}],"collection":[{"href":"https:\/\/cocohouseofbeauty.com\/fr\/wp-json\/wp\/v2\/product"}],"about":[{"href":"https:\/\/cocohouseofbeauty.com\/fr\/wp-json\/wp\/v2\/types\/product"}],"replies":[{"embeddable":true,"href":"https:\/\/cocohouseofbeauty.com\/fr\/wp-json\/wp\/v2\/comments?post=24585"}],"wp:attachment":[{"href":"https:\/\/cocohouseofbeauty.com\/fr\/wp-json\/wp\/v2\/media?parent=24585"}],"wp:term":[{"taxonomy":"product_brand","embeddable":true,"href":"https:\/\/cocohouseofbeauty.com\/fr\/wp-json\/wp\/v2\/product_brand?post=24585"},{"taxonomy":"product_cat","embeddable":true,"href":"https:\/\/cocohouseofbeauty.com\/fr\/wp-json\/wp\/v2\/product_cat?post=24585"},{"taxonomy":"product_tag","embeddable":true,"href":"https:\/\/cocohouseofbeauty.com\/fr\/wp-json\/wp\/v2\/product_tag?post=24585"}],"curies":[{"name":"wp","href":"https:\/\/api.w.org\/{rel}","templated":true}]}}