{"id":24491,"date":"2025-06-10T20:45:32","date_gmt":"2025-06-10T18:45:32","guid":{"rendered":"https:\/\/cocohouseofbeauty.com\/product\/everlasting-lames-infaillibles-u-0-18-20-pack\/"},"modified":"2025-06-10T20:45:32","modified_gmt":"2025-06-10T18:45:32","slug":"everlasting-lames-infaillibles-u-0-18-20-pack","status":"publish","type":"product","link":"https:\/\/cocohouseofbeauty.com\/fr\/produit\/everlasting-lames-infaillibles-u-0-18-20-pack\/","title":{"rendered":"Everlasting | Lames infaillibles U 0.18 (20 pack)"},"content":{"rendered":"","protected":false},"excerpt":{"rendered":"<h3 class=\"\" data-start=\"138\" data-end=\"223\"><strong data-start=\"142\" data-end=\"223\">Pr\u00e9cision in\u00e9gal\u00e9e, contr\u00f4le ultime<\/strong><\/h3>\n<p class=\"\" data-start=\"225\" data-end=\"577\">R\u00e9alisez chaque trait en toute confiance avec les <strong data-start=\"266\" data-end=\"307\">lames de microblading Everlasting Brows<\/strong> &#8211; con\u00e7ues pour les artistes des sourcils qui exigent des r\u00e9sultats nets et pr\u00e9cis et une r\u00e9tention sup\u00e9rieure des pigments. Que vous cr\u00e9iez des traits de coiffure, des ombres ou des combinaisons de sourcils, nos lames fabriqu\u00e9es avec pr\u00e9cision offrent une profondeur, un angle et un glissement optimaux pour des r\u00e9sultats impeccables et d&#8217;apparence naturelle. <\/p>\n<p class=\"\" data-start=\"579\" data-end=\"1042\"><strong data-start=\"581\" data-end=\"620\">Aiguilles ultra-pointues en acier inoxydable<\/strong> &#8211; Con\u00e7ues pour p\u00e9n\u00e9trer la peau sans effort et r\u00e9duire les traumatismes<br data-start=\"676\" data-end=\"679\"><strong data-start=\"681\" data-end=\"713\">Configuration parfaite des aiguilles<\/strong> &#8211; Largeur de trait et saturation des pigments constantes<br data-start=\"762\" data-end=\"765\"><strong data-start=\"767\" data-end=\"791\">St\u00e9riles et jetables<\/strong> &#8211; Emball\u00e9es individuellement pour plus de s\u00e9curit\u00e9 et d&#8217;hygi\u00e8ne<br data-start=\"836\" data-end=\"839\"><strong data-start=\"841\" data-end=\"867\" data-is-only-node=\"\">Grande vari\u00e9t\u00e9 de styles<\/strong> &#8211; Disponibles en forme de U, inclin\u00e9es et configurations nano pour s&#8217;adapter \u00e0 toutes les techniques<br data-start=\"954\" data-end=\"957\"><strong data-start=\"959\" data-end=\"1008\">Compatible avec les outils jetables Everlasting Majestic<\/strong> &#8211; Ajustement s\u00fbr pour un contr\u00f4le ultime<\/p>\n<p class=\"\" data-start=\"1044\" data-end=\"1174\">Approuv\u00e9es par les meilleurs professionnels des sourcils du monde entier, ces lames sont votre arme secr\u00e8te pour des r\u00e9sultats de microblading magnifiques et durables.<\/p>\n<h4 data-start=\"204\" data-end=\"259\"><strong data-start=\"211\" data-end=\"259\">Lames en U &#8211; Pour des coiffures souples et naturelles<\/strong><\/h4>\n<h4 data-start=\"261\" data-end=\"282\"><\/h4>\n<p>&nbsp;<\/p>\n<h4 class=\"\" data-start=\"261\" data-end=\"282\"><a href=\"https:\/\/thehouseofbeauty.ae\/product\/everlasting-brows-infallible-blades-20-pack\/\"><strong data-start=\"266\" data-end=\"282\">Lame U 0,15<\/strong><\/a><\/h4>\n<p class=\"\" data-start=\"283\" data-end=\"437\">La plus fine de notre gamme de lames en U, la <strong data-start=\"320\" data-end=\"328\">0.15<\/strong> est ultra nette et pr\u00e9cise, id\u00e9ale pour les <strong data-start=\"366\" data-end=\"396\">coiffures fines et d\u00e9licates<\/strong> et pour les clients \u00e0 la peau fine ou sensible.<\/p>\n<ul data-start=\"438\" data-end=\"545\">\n<li class=\"\" data-start=\"438\" data-end=\"464\">\n<p class=\"\" data-start=\"440\" data-end=\"464\">  Traits extr\u00eamement fins<\/p>\n<\/li>\n<li class=\"\" data-start=\"465\" data-end=\"512\">\n<p class=\"\" data-start=\"467\" data-end=\"512\">  Recommand\u00e9 pour des r\u00e9sultats d\u00e9taill\u00e9s et r\u00e9alistes<\/p>\n<\/li>\n<li class=\"\" data-start=\"513\" data-end=\"545\">\n<p class=\"\" data-start=\"515\" data-end=\"545\">  Id\u00e9al pour les artistes exp\u00e9riment\u00e9s<\/p>\n<\/li>\n<\/ul>\n<h4 class=\"\" data-start=\"547\" data-end=\"568\"><strong data-start=\"552\" data-end=\"568\">Lame U 0,18<\/strong><\/h4>\n<p class=\"\" data-start=\"569\" data-end=\"700\">\u00c9quilibre parfait entre <strong data-start=\"595\" data-end=\"629\">pr\u00e9cision et diffusion du pigment<\/strong>, la <strong data-start=\"635\" data-end=\"651\">lame 0,18 U<\/strong> est polyvalente et s&#8217;adapte \u00e0 la plupart des types de peau et des techniques.<\/p>\n<ul data-start=\"701\" data-end=\"805\">\n<li class=\"\" data-start=\"701\" data-end=\"730\">\n<p class=\"\" data-start=\"703\" data-end=\"730\">  Des coups de pinceau nets et coh\u00e9rents<\/p>\n<\/li>\n<li class=\"\" data-start=\"731\" data-end=\"766\">\n<p class=\"\" data-start=\"733\" data-end=\"766\">  Id\u00e9al pour le microblading quotidien<\/p>\n<\/li>\n<li class=\"\" data-start=\"767\" data-end=\"805\">\n<p class=\"\" data-start=\"769\" data-end=\"805\">  Un outil polyvalent pour la plupart des artistes<\/p>\n<\/li>\n<\/ul>\n<h4 class=\"\" data-start=\"807\" data-end=\"828\"><a href=\"https:\/\/thehouseofbeauty.ae\/product\/everlasting-brows-infallible-blades-u-0-25-20-pack\/\"><strong data-start=\"812\" data-end=\"828\">Lame U 0,25<\/strong><\/a><\/h4>\n<p class=\"\" data-start=\"829\" data-end=\"979\">La plus \u00e9paisse des lames en U, la <strong data-start=\"863\" data-end=\"871\">0.25<\/strong>, permet de r\u00e9aliser <strong data-start=\"881\" data-end=\"910\">des coiffures audacieuses et d\u00e9finies<\/strong> avec une excellente r\u00e9tention des pigments, en particulier sur les peaux grasses ou matures.<\/p>\n<ul data-start=\"980\" data-end=\"1073\">\n<li class=\"\" data-start=\"980\" data-end=\"1008\">\n<p class=\"\" data-start=\"982\" data-end=\"1008\">  D\u00e9p\u00f4t de pigments plus fort<\/p>\n<\/li>\n<li class=\"\" data-start=\"1009\" data-end=\"1045\">\n<p class=\"\" data-start=\"1011\" data-end=\"1045\">  Mieux pour les peaux textur\u00e9es ou grasses<\/p>\n<\/li>\n<li class=\"\" data-start=\"1046\" data-end=\"1073\">\n<p class=\"\" data-start=\"1048\" data-end=\"1073\">  Des r\u00e9sultats un peu plus audacieux<\/p>\n<\/li>\n<\/ul>\n<hr class=\"\" data-start=\"1176\" data-end=\"1179\">\n<p class=\"\" data-start=\"1181\" data-end=\"1332\"><strong data-start=\"1181\" data-end=\"1193\">Conseil de pro :<\/strong> Utilisez nos<strong data-start=\"1232\" data-end=\"1250\"> outils<\/strong> jetables Majestic pour un maximum de pr\u00e9cision et de confort pour le client.<\/p>\n","protected":false},"featured_media":0,"comment_status":"open","ping_status":"closed","template":"","meta":{"_kad_blocks_custom_css":"","_kad_blocks_head_custom_js":"","_kad_blocks_body_custom_js":"","_kad_blocks_footer_custom_js":"","_kadence_starter_templates_imported_post":false,"_kad_post_transparent":"","_kad_post_title":"","_kad_post_layout":"","_kad_post_sidebar_id":"","_kad_post_content_style":"","_kad_post_vertical_padding":"","_kad_post_feature":"","_kad_post_feature_position":"","_kad_post_header":false,"_kad_post_footer":false,"_kad_post_classname":""},"product_brand":[],"product_cat":[106,16],"product_tag":[],"class_list":{"0":"post-24491","1":"product","2":"type-product","3":"status-publish","5":"product_cat-formations-et-cours","6":"product_cat-startkits","8":"first","9":"instock","10":"taxable","11":"shipping-taxable","12":"purchasable","13":"product-type-simple","14":"entry","15":"content-bg","16":"loop-entry"},"yoast_head":"<!-- This site is optimized with the Yoast SEO Premium plugin v27.2 (Yoast SEO v27.2) - https:\/\/yoast.com\/product\/yoast-seo-premium-wordpress\/ -->\n<title>Everlasting | Lames infaillibles U 0.18 (20 pack) - Coco House of Beauty<\/title>\n<meta name=\"robots\" content=\"index, follow, max-snippet:-1, max-image-preview:large, max-video-preview:-1\" \/>\n<link rel=\"canonical\" href=\"https:\/\/cocohouseofbeauty.com\/fr\/produit\/everlasting-lames-infaillibles-u-0-18-20-pack\/\" \/>\n<meta property=\"og:locale\" content=\"fr_FR\" \/>\n<meta property=\"og:type\" content=\"article\" \/>\n<meta property=\"og:title\" content=\"Everlasting | Lames infaillibles U 0.18 (20 pack)\" \/>\n<meta property=\"og:description\" content=\"Pr\u00e9cision in\u00e9gal\u00e9e, contr\u00f4le ultime R\u00e9alisez chaque trait en toute confiance avec les lames de microblading Everlasting Brows - con\u00e7ues pour les artistes des sourcils qui exigent des r\u00e9sultats nets et pr\u00e9cis et une r\u00e9tention sup\u00e9rieure des pigments. Que vous cr\u00e9iez des traits de coiffure, des ombres ou des combinaisons de sourcils, nos lames fabriqu\u00e9es avec pr\u00e9cision offrent une profondeur, un angle et un glissement optimaux pour des r\u00e9sultats impeccables et d&#039;apparence naturelle. Aiguilles ultra-pointues en acier inoxydable - Con\u00e7ues pour p\u00e9n\u00e9trer la peau sans effort et r\u00e9duire les traumatismesConfiguration parfaite des aiguilles - Largeur de trait et saturation des pigments constantesSt\u00e9riles et jetables - Emball\u00e9es individuellement pour plus de s\u00e9curit\u00e9 et d&#039;hygi\u00e8neGrande vari\u00e9t\u00e9 de styles - Disponibles en forme de U, inclin\u00e9es et configurations nano pour s&#039;adapter \u00e0 toutes les techniquesCompatible avec les outils jetables Everlasting Majestic - Ajustement s\u00fbr pour un contr\u00f4le ultime Approuv\u00e9es par les meilleurs professionnels des sourcils du monde entier, ces lames sont votre arme secr\u00e8te pour des r\u00e9sultats de microblading magnifiques et durables. Lames en U - Pour des coiffures souples et naturelles &nbsp; Lame U 0,15 La plus fine de notre gamme de lames en U, la 0.15 est ultra nette et pr\u00e9cise, id\u00e9ale pour les coiffures fines et d\u00e9licates et pour les clients \u00e0 la peau fine ou sensible.    Traits extr\u00eamement fins    Recommand\u00e9 pour des r\u00e9sultats d\u00e9taill\u00e9s et r\u00e9alistes    Id\u00e9al pour les artistes exp\u00e9riment\u00e9s  Lame U 0,18 \u00c9quilibre parfait entre pr\u00e9cision et diffusion du pigment, la lame 0,18 U est polyvalente et s&#039;adapte \u00e0 la plupart des types de peau et des techniques.    Des coups de pinceau nets et coh\u00e9rents    Id\u00e9al pour le microblading quotidien    Un outil polyvalent pour la plupart des artistes  Lame U 0,25 La plus \u00e9paisse des lames en U, la 0.25, permet de r\u00e9aliser des coiffures audacieuses et d\u00e9finies avec une excellente r\u00e9tention des pigments, en particulier sur les peaux grasses ou matures.    D\u00e9p\u00f4t de pigments plus fort    Mieux pour les peaux textur\u00e9es ou grasses    Des r\u00e9sultats un peu plus audacieux   Conseil de pro : Utilisez nos outils jetables Majestic pour un maximum de pr\u00e9cision et de confort pour le client.\" \/>\n<meta property=\"og:url\" content=\"https:\/\/cocohouseofbeauty.com\/fr\/produit\/everlasting-lames-infaillibles-u-0-18-20-pack\/\" \/>\n<meta property=\"og:site_name\" content=\"Coco House of Beauty\" \/>\n<meta property=\"article:publisher\" content=\"https:\/\/www.facebook.com\/groups\/388929390727436\/about\/\" \/>\n<meta name=\"twitter:card\" content=\"summary_large_image\" \/>\n<meta name=\"twitter:label1\" content=\"Prix\" \/>\n\t<meta name=\"twitter:data1\" content=\"&euro;&nbsp;100,00\" \/>\n\t<meta name=\"twitter:label2\" content=\"Disponibilit\u00e9\" \/>\n\t<meta name=\"twitter:data2\" content=\"En stock\" \/>\n<script type=\"application\/ld+json\" class=\"yoast-schema-graph\">{\"@context\":\"https:\/\/schema.org\",\"@graph\":[{\"@type\":\"WebPage\",\"@id\":\"https:\/\/cocohouseofbeauty.com\/fr\/produit\/everlasting-lames-infaillibles-u-0-18-20-pack\/\",\"url\":\"https:\/\/cocohouseofbeauty.com\/fr\/produit\/everlasting-lames-infaillibles-u-0-18-20-pack\/\",\"name\":\"Everlasting | Lames infaillibles U 0.18 (20 pack) - Coco House of Beauty\",\"isPartOf\":{\"@id\":\"https:\/\/cocohouseofbeauty.com\/fr\/#website\"},\"datePublished\":\"2025-06-10T18:45:32+00:00\",\"breadcrumb\":{\"@id\":\"https:\/\/cocohouseofbeauty.com\/fr\/produit\/everlasting-lames-infaillibles-u-0-18-20-pack\/#breadcrumb\"},\"inLanguage\":\"fr-FR\",\"potentialAction\":[{\"@type\":\"ReadAction\",\"target\":[\"https:\/\/cocohouseofbeauty.com\/fr\/produit\/everlasting-lames-infaillibles-u-0-18-20-pack\/\"]}]},{\"@type\":\"BreadcrumbList\",\"@id\":\"https:\/\/cocohouseofbeauty.com\/fr\/produit\/everlasting-lames-infaillibles-u-0-18-20-pack\/#breadcrumb\",\"itemListElement\":[{\"@type\":\"ListItem\",\"position\":1,\"name\":\"Home\",\"item\":\"https:\/\/cocohouseofbeauty.com\/fr\/\"},{\"@type\":\"ListItem\",\"position\":2,\"name\":\"Boutique\",\"item\":\"https:\/\/cocohouseofbeauty.com\/fr\/boutique\/\"},{\"@type\":\"ListItem\",\"position\":3,\"name\":\"Everlasting | Lames infaillibles U 0.18 (20 pack)\"}]},{\"@type\":\"WebSite\",\"@id\":\"https:\/\/cocohouseofbeauty.com\/fr\/#website\",\"url\":\"https:\/\/cocohouseofbeauty.com\/fr\/\",\"name\":\"Coco House of Beauty\",\"description\":\"Your beauty partner for exclusive lash &amp; brow brands\",\"publisher\":{\"@id\":\"https:\/\/cocohouseofbeauty.com\/fr\/#organization\"},\"potentialAction\":[{\"@type\":\"SearchAction\",\"target\":{\"@type\":\"EntryPoint\",\"urlTemplate\":\"https:\/\/cocohouseofbeauty.com\/fr\/?s={search_term_string}\"},\"query-input\":{\"@type\":\"PropertyValueSpecification\",\"valueRequired\":true,\"valueName\":\"search_term_string\"}}],\"inLanguage\":\"fr-FR\"},{\"@type\":\"Organization\",\"@id\":\"https:\/\/cocohouseofbeauty.com\/fr\/#organization\",\"name\":\"Coco House of Beauty\",\"url\":\"https:\/\/cocohouseofbeauty.com\/fr\/\",\"logo\":{\"@type\":\"ImageObject\",\"inLanguage\":\"fr-FR\",\"@id\":\"https:\/\/cocohouseofbeauty.com\/fr\/#\/schema\/logo\/image\/\",\"url\":\"https:\/\/cocohouseofbeauty.com\/wp-content\/uploads\/2024\/03\/cropped-coco-logo-zonder-estb.png\",\"contentUrl\":\"https:\/\/cocohouseofbeauty.com\/wp-content\/uploads\/2024\/03\/cropped-coco-logo-zonder-estb.png\",\"width\":1532,\"height\":612,\"caption\":\"Coco House of Beauty\"},\"image\":{\"@id\":\"https:\/\/cocohouseofbeauty.com\/fr\/#\/schema\/logo\/image\/\"},\"sameAs\":[\"https:\/\/www.facebook.com\/groups\/388929390727436\/about\/\",\"https:\/\/www.instagram.com\/cocohouse.of.beauty\/\",\"https:\/\/www.tiktok.com\/@cocohouseofbeauty\"],\"foundingDate\":\"2024-04-05\",\"numberOfEmployees\":{\"@type\":\"QuantitativeValue\",\"minValue\":\"11\",\"maxValue\":\"50\"}}]}<\/script>\n<meta property=\"product:price:amount\" content=\"100.00\" \/>\n<meta property=\"product:price:currency\" content=\"EUR\" \/>\n<meta property=\"og:availability\" content=\"instock\" \/>\n<meta property=\"product:availability\" content=\"instock\" \/>\n<meta property=\"product:retailer_item_id\" content=\"HOB-0030-\" \/>\n<meta property=\"product:condition\" content=\"new\" \/>\n<!-- \/ Yoast SEO Premium plugin. -->","yoast_head_json":{"title":"Everlasting | Lames infaillibles U 0.18 (20 pack) - Coco House of Beauty","robots":{"index":"index","follow":"follow","max-snippet":"max-snippet:-1","max-image-preview":"max-image-preview:large","max-video-preview":"max-video-preview:-1"},"canonical":"https:\/\/cocohouseofbeauty.com\/fr\/produit\/everlasting-lames-infaillibles-u-0-18-20-pack\/","og_locale":"fr_FR","og_type":"article","og_title":"Everlasting | Lames infaillibles U 0.18 (20 pack)","og_description":"Pr\u00e9cision in\u00e9gal\u00e9e, contr\u00f4le ultime R\u00e9alisez chaque trait en toute confiance avec les lames de microblading Everlasting Brows - con\u00e7ues pour les artistes des sourcils qui exigent des r\u00e9sultats nets et pr\u00e9cis et une r\u00e9tention sup\u00e9rieure des pigments. Que vous cr\u00e9iez des traits de coiffure, des ombres ou des combinaisons de sourcils, nos lames fabriqu\u00e9es avec pr\u00e9cision offrent une profondeur, un angle et un glissement optimaux pour des r\u00e9sultats impeccables et d'apparence naturelle. Aiguilles ultra-pointues en acier inoxydable - Con\u00e7ues pour p\u00e9n\u00e9trer la peau sans effort et r\u00e9duire les traumatismesConfiguration parfaite des aiguilles - Largeur de trait et saturation des pigments constantesSt\u00e9riles et jetables - Emball\u00e9es individuellement pour plus de s\u00e9curit\u00e9 et d'hygi\u00e8neGrande vari\u00e9t\u00e9 de styles - Disponibles en forme de U, inclin\u00e9es et configurations nano pour s'adapter \u00e0 toutes les techniquesCompatible avec les outils jetables Everlasting Majestic - Ajustement s\u00fbr pour un contr\u00f4le ultime Approuv\u00e9es par les meilleurs professionnels des sourcils du monde entier, ces lames sont votre arme secr\u00e8te pour des r\u00e9sultats de microblading magnifiques et durables. Lames en U - Pour des coiffures souples et naturelles &nbsp; Lame U 0,15 La plus fine de notre gamme de lames en U, la 0.15 est ultra nette et pr\u00e9cise, id\u00e9ale pour les coiffures fines et d\u00e9licates et pour les clients \u00e0 la peau fine ou sensible.    Traits extr\u00eamement fins    Recommand\u00e9 pour des r\u00e9sultats d\u00e9taill\u00e9s et r\u00e9alistes    Id\u00e9al pour les artistes exp\u00e9riment\u00e9s  Lame U 0,18 \u00c9quilibre parfait entre pr\u00e9cision et diffusion du pigment, la lame 0,18 U est polyvalente et s'adapte \u00e0 la plupart des types de peau et des techniques.    Des coups de pinceau nets et coh\u00e9rents    Id\u00e9al pour le microblading quotidien    Un outil polyvalent pour la plupart des artistes  Lame U 0,25 La plus \u00e9paisse des lames en U, la 0.25, permet de r\u00e9aliser des coiffures audacieuses et d\u00e9finies avec une excellente r\u00e9tention des pigments, en particulier sur les peaux grasses ou matures.    D\u00e9p\u00f4t de pigments plus fort    Mieux pour les peaux textur\u00e9es ou grasses    Des r\u00e9sultats un peu plus audacieux   Conseil de pro : Utilisez nos outils jetables Majestic pour un maximum de pr\u00e9cision et de confort pour le client.","og_url":"https:\/\/cocohouseofbeauty.com\/fr\/produit\/everlasting-lames-infaillibles-u-0-18-20-pack\/","og_site_name":"Coco House of Beauty","article_publisher":"https:\/\/www.facebook.com\/groups\/388929390727436\/about\/","twitter_card":"summary_large_image","twitter_misc":{"Prix":"&euro;&nbsp;100,00","Disponibilit\u00e9":"En stock"},"schema":{"@context":"https:\/\/schema.org","@graph":[{"@type":"WebPage","@id":"https:\/\/cocohouseofbeauty.com\/fr\/produit\/everlasting-lames-infaillibles-u-0-18-20-pack\/","url":"https:\/\/cocohouseofbeauty.com\/fr\/produit\/everlasting-lames-infaillibles-u-0-18-20-pack\/","name":"Everlasting | Lames infaillibles U 0.18 (20 pack) - Coco House of Beauty","isPartOf":{"@id":"https:\/\/cocohouseofbeauty.com\/fr\/#website"},"datePublished":"2025-06-10T18:45:32+00:00","breadcrumb":{"@id":"https:\/\/cocohouseofbeauty.com\/fr\/produit\/everlasting-lames-infaillibles-u-0-18-20-pack\/#breadcrumb"},"inLanguage":"fr-FR","potentialAction":[{"@type":"ReadAction","target":["https:\/\/cocohouseofbeauty.com\/fr\/produit\/everlasting-lames-infaillibles-u-0-18-20-pack\/"]}]},{"@type":"BreadcrumbList","@id":"https:\/\/cocohouseofbeauty.com\/fr\/produit\/everlasting-lames-infaillibles-u-0-18-20-pack\/#breadcrumb","itemListElement":[{"@type":"ListItem","position":1,"name":"Home","item":"https:\/\/cocohouseofbeauty.com\/fr\/"},{"@type":"ListItem","position":2,"name":"Boutique","item":"https:\/\/cocohouseofbeauty.com\/fr\/boutique\/"},{"@type":"ListItem","position":3,"name":"Everlasting | Lames infaillibles U 0.18 (20 pack)"}]},{"@type":"WebSite","@id":"https:\/\/cocohouseofbeauty.com\/fr\/#website","url":"https:\/\/cocohouseofbeauty.com\/fr\/","name":"Coco House of Beauty","description":"Your beauty partner for exclusive lash &amp; brow brands","publisher":{"@id":"https:\/\/cocohouseofbeauty.com\/fr\/#organization"},"potentialAction":[{"@type":"SearchAction","target":{"@type":"EntryPoint","urlTemplate":"https:\/\/cocohouseofbeauty.com\/fr\/?s={search_term_string}"},"query-input":{"@type":"PropertyValueSpecification","valueRequired":true,"valueName":"search_term_string"}}],"inLanguage":"fr-FR"},{"@type":"Organization","@id":"https:\/\/cocohouseofbeauty.com\/fr\/#organization","name":"Coco House of Beauty","url":"https:\/\/cocohouseofbeauty.com\/fr\/","logo":{"@type":"ImageObject","inLanguage":"fr-FR","@id":"https:\/\/cocohouseofbeauty.com\/fr\/#\/schema\/logo\/image\/","url":"https:\/\/cocohouseofbeauty.com\/wp-content\/uploads\/2024\/03\/cropped-coco-logo-zonder-estb.png","contentUrl":"https:\/\/cocohouseofbeauty.com\/wp-content\/uploads\/2024\/03\/cropped-coco-logo-zonder-estb.png","width":1532,"height":612,"caption":"Coco House of Beauty"},"image":{"@id":"https:\/\/cocohouseofbeauty.com\/fr\/#\/schema\/logo\/image\/"},"sameAs":["https:\/\/www.facebook.com\/groups\/388929390727436\/about\/","https:\/\/www.instagram.com\/cocohouse.of.beauty\/","https:\/\/www.tiktok.com\/@cocohouseofbeauty"],"foundingDate":"2024-04-05","numberOfEmployees":{"@type":"QuantitativeValue","minValue":"11","maxValue":"50"}}]},"product_price_amount":"100.00","product_price_currency":"EUR","og_availability":"instock","product_availability":"instock","product_retailer_item_id":"HOB-0030-","product_condition":"new"},"taxonomy_info":{"product_cat":[{"value":106,"label":"Formations et cours"},{"value":16,"label":"Startkits"}]},"featured_image_src_large":false,"author_info":[],"comment_info":0,"jetpack_sharing_enabled":true,"_links":{"self":[{"href":"https:\/\/cocohouseofbeauty.com\/fr\/wp-json\/wp\/v2\/product\/24491","targetHints":{"allow":["GET"]}}],"collection":[{"href":"https:\/\/cocohouseofbeauty.com\/fr\/wp-json\/wp\/v2\/product"}],"about":[{"href":"https:\/\/cocohouseofbeauty.com\/fr\/wp-json\/wp\/v2\/types\/product"}],"replies":[{"embeddable":true,"href":"https:\/\/cocohouseofbeauty.com\/fr\/wp-json\/wp\/v2\/comments?post=24491"}],"wp:attachment":[{"href":"https:\/\/cocohouseofbeauty.com\/fr\/wp-json\/wp\/v2\/media?parent=24491"}],"wp:term":[{"taxonomy":"product_brand","embeddable":true,"href":"https:\/\/cocohouseofbeauty.com\/fr\/wp-json\/wp\/v2\/product_brand?post=24491"},{"taxonomy":"product_cat","embeddable":true,"href":"https:\/\/cocohouseofbeauty.com\/fr\/wp-json\/wp\/v2\/product_cat?post=24491"},{"taxonomy":"product_tag","embeddable":true,"href":"https:\/\/cocohouseofbeauty.com\/fr\/wp-json\/wp\/v2\/product_tag?post=24491"}],"curies":[{"name":"wp","href":"https:\/\/api.w.org\/{rel}","templated":true}]}}