{"id":22682,"date":"2025-04-24T21:56:30","date_gmt":"2025-04-24T19:56:30","guid":{"rendered":"https:\/\/cocohouseofbeauty.com\/?post_type=product&#038;p=22682"},"modified":"2025-12-09T11:59:53","modified_gmt":"2025-12-09T09:59:53","slug":"elleebana-helyx-hybrid-maple-sugar-light-brown","status":"publish","type":"product","link":"https:\/\/cocohouseofbeauty.com\/fr\/produit\/elleebana-helyx-hybrid-maple-sugar-light-brown\/","title":{"rendered":"Elleebana Helyx Hybrid | Maple Sugar (Light Brown)"},"content":{"rendered":"<p class=\"ai-optimize-53 ai-optimize-introduction\" data-start=\"630\" data-end=\"947\">La teinte de sourcils <strong data-start=\"634\" data-end=\"672\">Elleebana Helyx Hybrid Maple Sugar<\/strong> est une teinte de sourcils hybride, chaude et brun clair, con\u00e7ue pour les clientes qui pr\u00e9f\u00e8rent des r\u00e9sultats doux et naturels avec un soup\u00e7on de chaleur dor\u00e9e. Elle fait partie de la gamme avanc\u00e9e Helyx Hybrid et est rapidement devenue une teinte de choix pour les artistes des sourcils travaillant avec des tons de cheveux allant du brun clair au blond fonc\u00e9.<\/p>\n<p class=\"ai-optimize-54\" data-start=\"949\" data-end=\"1254\">Infus\u00e9e de KeraVeg 18 et d&#8217;ingr\u00e9dients botaniques, la formule renforce et nourrit les poils des sourcils tout en offrant une couleur longue dur\u00e9e. Le produit <strong data-start=\"1094\" data-end=\"1132\">Elleebana Helyx Hybrid Maple Sugar<\/strong> cr\u00e9e une coloration subtile mais visible qui dure jusqu \u00ab \u00e0 10 jours, et une teinte vibrante pour les cheveux qui peut rester jusqu \u00bb \u00e0 6 semaines. <\/p>\n<p class=\"ai-optimize-55\" data-start=\"1256\" data-end=\"1554\">Cette teinte est particuli\u00e8rement utile pour les clientes qui trouvent les tons plus fonc\u00e9s trop durs ou vieillissants, et qui recherchent un effet de sourcils plus jeunes et plus ensoleill\u00e9s. La teinture se m\u00e9lange facilement, a une texture douce et fonctionne merveilleusement bien seule ou m\u00e9lang\u00e9e \u00e0 des teintes plus froides ou plus fonc\u00e9es pour personnaliser le style de vos sourcils. <\/p>\n<p class=\"ai-optimize-56\" data-start=\"1556\" data-end=\"1719\">Reconnue par les professionnels du monde entier, Elleebana continue d&#8217;\u00e9tablir la norme en mati\u00e8re de solutions innovantes pour les sourcils et Maple Sugar est un must dans votre collection de teintures.<\/p>\n<p class=\"ai-optimize-51\" data-start=\"2509\" data-end=\"2657\">SKU : COCO-2662<\/p>\n","protected":false},"excerpt":{"rendered":"<p class=\"ai-optimize-32\" data-start=\"424\" data-end=\"567\">Elleebana Helyx Hybrid Maple Sugar est la teinte hybride brun clair par excellence pour des sourcils doux et chauds. Une teinte longue dur\u00e9e et un ton magnifiquement \u00e9quilibr\u00e9. <\/p>\n","protected":false},"featured_media":22874,"comment_status":"open","ping_status":"closed","template":"","meta":{"_kad_blocks_custom_css":"","_kad_blocks_head_custom_js":"","_kad_blocks_body_custom_js":"","_kad_blocks_footer_custom_js":"","_kadence_starter_templates_imported_post":false,"_kad_post_transparent":"default","_kad_post_title":"","_kad_post_layout":"default","_kad_post_sidebar_id":"","_kad_post_content_style":"default","_kad_post_vertical_padding":"default","_kad_post_feature":"","_kad_post_feature_position":"","_kad_post_header":false,"_kad_post_footer":false,"_kad_post_classname":""},"product_brand":[1655],"product_cat":[2046,2011],"product_tag":[2013,2016,2399,961,920,2014],"class_list":{"0":"post-22682","1":"product","2":"type-product","3":"status-publish","4":"has-post-thumbnail","6":"product_brand-elleebana-lash-lift-brow-lamination-exclusive-supplier-for-elleebana-fastest-processing-times-a-household-name-worldwide-for-30-years-otto-mitter","7":"product_cat-aerographe","8":"product_cat-hybride-helyx","9":"product_tag-colorant-hybride","10":"product_tag-elleebana-helyx-hybride-fr","11":"product_tag-hybride-wenkbrauwverf-fr","12":"product_tag-sourcils-a-laerographe","13":"product_tag-sourcils-hybrides","14":"product_tag-teinte-hybride","16":"first","17":"instock","18":"taxable","19":"shipping-taxable","20":"purchasable","21":"product-type-simple","22":"entry","23":"content-bg","24":"loop-entry"},"yoast_head":"<!-- This site is optimized with the Yoast SEO Premium plugin v27.2 (Yoast SEO v27.2) - https:\/\/yoast.com\/product\/yoast-seo-premium-wordpress\/ -->\n<title>Elleebana Helyx Hybrid Maple Sugar - Teinte de sourcils brun clair<\/title>\n<meta name=\"description\" content=\"Obtenez des sourcils doux et naturels avec Elleebana Helyx Hybrid Maple Sugar. Infus\u00e9 de plantes pour un effet jeune et ensoleill\u00e9. Essayez-le maintenant !\" \/>\n<meta name=\"robots\" content=\"index, follow, max-snippet:-1, max-image-preview:large, max-video-preview:-1\" \/>\n<link rel=\"canonical\" href=\"https:\/\/cocohouseofbeauty.com\/fr\/produit\/elleebana-helyx-hybrid-maple-sugar-light-brown\/\" \/>\n<meta property=\"og:locale\" content=\"fr_FR\" \/>\n<meta property=\"og:type\" content=\"article\" \/>\n<meta property=\"og:title\" content=\"Elleebana Helyx Hybrid | Maple Sugar (Light Brown)\" \/>\n<meta property=\"og:description\" content=\"Obtenez des sourcils doux et naturels avec Elleebana Helyx Hybrid Maple Sugar. Infus\u00e9 de plantes pour un effet jeune et ensoleill\u00e9. Essayez-le maintenant !\" \/>\n<meta property=\"og:url\" content=\"https:\/\/cocohouseofbeauty.com\/fr\/produit\/elleebana-helyx-hybrid-maple-sugar-light-brown\/\" \/>\n<meta property=\"og:site_name\" content=\"Coco House of Beauty\" \/>\n<meta property=\"article:publisher\" content=\"https:\/\/www.facebook.com\/groups\/388929390727436\/about\/\" \/>\n<meta property=\"article:modified_time\" content=\"2025-12-09T09:59:53+00:00\" \/>\n<meta property=\"og:image\" content=\"https:\/\/cocohouseofbeauty.com\/wp-content\/uploads\/2025\/04\/HelyxHybrid-MapleSugar-Foil-scaled.jpg\" \/>\n\t<meta property=\"og:image:width\" content=\"2560\" \/>\n\t<meta property=\"og:image:height\" content=\"2375\" \/>\n\t<meta property=\"og:image:type\" content=\"image\/jpeg\" \/>\n<meta name=\"twitter:card\" content=\"summary_large_image\" \/>\n<meta name=\"twitter:label1\" content=\"Prix\" \/>\n\t<meta name=\"twitter:data1\" content=\"&euro;&nbsp;17,95\" \/>\n\t<meta name=\"twitter:label2\" content=\"Disponibilit\u00e9\" \/>\n\t<meta name=\"twitter:data2\" content=\"En stock\" \/>\n<script type=\"application\/ld+json\" class=\"yoast-schema-graph\">{\"@context\":\"https:\/\/schema.org\",\"@graph\":[{\"@type\":\"WebPage\",\"@id\":\"https:\/\/cocohouseofbeauty.com\/fr\/produit\/elleebana-helyx-hybrid-maple-sugar-light-brown\/\",\"url\":\"https:\/\/cocohouseofbeauty.com\/fr\/produit\/elleebana-helyx-hybrid-maple-sugar-light-brown\/\",\"name\":\"Elleebana Helyx Hybrid Maple Sugar - Teinte de sourcils brun clair\",\"isPartOf\":{\"@id\":\"https:\/\/cocohouseofbeauty.com\/fr\/#website\"},\"primaryImageOfPage\":{\"@id\":\"https:\/\/cocohouseofbeauty.com\/fr\/produit\/elleebana-helyx-hybrid-maple-sugar-light-brown\/#primaryimage\"},\"image\":{\"@id\":\"https:\/\/cocohouseofbeauty.com\/fr\/produit\/elleebana-helyx-hybrid-maple-sugar-light-brown\/#primaryimage\"},\"thumbnailUrl\":\"https:\/\/cocohouseofbeauty.com\/wp-content\/uploads\/2025\/04\/HelyxHybrid-MapleSugar-Foil-scaled.jpg\",\"datePublished\":\"2025-04-24T19:56:30+00:00\",\"dateModified\":\"2025-12-09T09:59:53+00:00\",\"description\":\"Obtenez des sourcils doux et naturels avec Elleebana Helyx Hybrid Maple Sugar. Infus\u00e9 de plantes pour un effet jeune et ensoleill\u00e9. Essayez-le maintenant !\",\"breadcrumb\":{\"@id\":\"https:\/\/cocohouseofbeauty.com\/fr\/produit\/elleebana-helyx-hybrid-maple-sugar-light-brown\/#breadcrumb\"},\"inLanguage\":\"fr-FR\",\"potentialAction\":[{\"@type\":\"ReadAction\",\"target\":[\"https:\/\/cocohouseofbeauty.com\/fr\/produit\/elleebana-helyx-hybrid-maple-sugar-light-brown\/\"]}]},{\"@type\":\"ImageObject\",\"inLanguage\":\"fr-FR\",\"@id\":\"https:\/\/cocohouseofbeauty.com\/fr\/produit\/elleebana-helyx-hybrid-maple-sugar-light-brown\/#primaryimage\",\"url\":\"https:\/\/cocohouseofbeauty.com\/wp-content\/uploads\/2025\/04\/HelyxHybrid-MapleSugar-Foil-scaled.jpg\",\"contentUrl\":\"https:\/\/cocohouseofbeauty.com\/wp-content\/uploads\/2025\/04\/HelyxHybrid-MapleSugar-Foil-scaled.jpg\",\"width\":2560,\"height\":2375,\"caption\":\"Elleebana Helyx Hybrid Tint Maple Sugar Liquid Dye (teinture liquide)\"},{\"@type\":\"BreadcrumbList\",\"@id\":\"https:\/\/cocohouseofbeauty.com\/fr\/produit\/elleebana-helyx-hybrid-maple-sugar-light-brown\/#breadcrumb\",\"itemListElement\":[{\"@type\":\"ListItem\",\"position\":1,\"name\":\"Home\",\"item\":\"https:\/\/cocohouseofbeauty.com\/fr\/\"},{\"@type\":\"ListItem\",\"position\":2,\"name\":\"Boutique\",\"item\":\"https:\/\/cocohouseofbeauty.com\/fr\/boutique\/\"},{\"@type\":\"ListItem\",\"position\":3,\"name\":\"Elleebana Helyx Hybrid | Maple Sugar (Light Brown)\"}]},{\"@type\":\"WebSite\",\"@id\":\"https:\/\/cocohouseofbeauty.com\/fr\/#website\",\"url\":\"https:\/\/cocohouseofbeauty.com\/fr\/\",\"name\":\"Coco House of Beauty\",\"description\":\"Your beauty partner for exclusive lash &amp; brow brands\",\"publisher\":{\"@id\":\"https:\/\/cocohouseofbeauty.com\/fr\/#organization\"},\"potentialAction\":[{\"@type\":\"SearchAction\",\"target\":{\"@type\":\"EntryPoint\",\"urlTemplate\":\"https:\/\/cocohouseofbeauty.com\/fr\/?s={search_term_string}\"},\"query-input\":{\"@type\":\"PropertyValueSpecification\",\"valueRequired\":true,\"valueName\":\"search_term_string\"}}],\"inLanguage\":\"fr-FR\"},{\"@type\":\"Organization\",\"@id\":\"https:\/\/cocohouseofbeauty.com\/fr\/#organization\",\"name\":\"Coco House of Beauty\",\"url\":\"https:\/\/cocohouseofbeauty.com\/fr\/\",\"logo\":{\"@type\":\"ImageObject\",\"inLanguage\":\"fr-FR\",\"@id\":\"https:\/\/cocohouseofbeauty.com\/fr\/#\/schema\/logo\/image\/\",\"url\":\"https:\/\/cocohouseofbeauty.com\/wp-content\/uploads\/2024\/03\/cropped-coco-logo-zonder-estb.png\",\"contentUrl\":\"https:\/\/cocohouseofbeauty.com\/wp-content\/uploads\/2024\/03\/cropped-coco-logo-zonder-estb.png\",\"width\":1532,\"height\":612,\"caption\":\"Coco House of Beauty\"},\"image\":{\"@id\":\"https:\/\/cocohouseofbeauty.com\/fr\/#\/schema\/logo\/image\/\"},\"sameAs\":[\"https:\/\/www.facebook.com\/groups\/388929390727436\/about\/\",\"https:\/\/www.instagram.com\/cocohouse.of.beauty\/\",\"https:\/\/www.tiktok.com\/@cocohouseofbeauty\"],\"foundingDate\":\"2024-04-05\",\"numberOfEmployees\":{\"@type\":\"QuantitativeValue\",\"minValue\":\"11\",\"maxValue\":\"50\"}}]}<\/script>\n<meta property=\"product:price:amount\" content=\"17.95\" \/>\n<meta property=\"product:price:currency\" content=\"EUR\" \/>\n<meta property=\"og:availability\" content=\"instock\" \/>\n<meta property=\"product:availability\" content=\"instock\" \/>\n<meta property=\"product:retailer_item_id\" content=\"COCO-2662\" \/>\n<meta property=\"product:condition\" content=\"new\" \/>\n<!-- \/ Yoast SEO Premium plugin. -->","yoast_head_json":{"title":"Elleebana Helyx Hybrid Maple Sugar - Teinte de sourcils brun clair","description":"Obtenez des sourcils doux et naturels avec Elleebana Helyx Hybrid Maple Sugar. Infus\u00e9 de plantes pour un effet jeune et ensoleill\u00e9. Essayez-le maintenant !","robots":{"index":"index","follow":"follow","max-snippet":"max-snippet:-1","max-image-preview":"max-image-preview:large","max-video-preview":"max-video-preview:-1"},"canonical":"https:\/\/cocohouseofbeauty.com\/fr\/produit\/elleebana-helyx-hybrid-maple-sugar-light-brown\/","og_locale":"fr_FR","og_type":"article","og_title":"Elleebana Helyx Hybrid | Maple Sugar (Light Brown)","og_description":"Obtenez des sourcils doux et naturels avec Elleebana Helyx Hybrid Maple Sugar. Infus\u00e9 de plantes pour un effet jeune et ensoleill\u00e9. Essayez-le maintenant !","og_url":"https:\/\/cocohouseofbeauty.com\/fr\/produit\/elleebana-helyx-hybrid-maple-sugar-light-brown\/","og_site_name":"Coco House of Beauty","article_publisher":"https:\/\/www.facebook.com\/groups\/388929390727436\/about\/","article_modified_time":"2025-12-09T09:59:53+00:00","og_image":[{"width":2560,"height":2375,"url":"https:\/\/cocohouseofbeauty.com\/wp-content\/uploads\/2025\/04\/HelyxHybrid-MapleSugar-Foil-scaled.jpg","type":"image\/jpeg"}],"twitter_card":"summary_large_image","twitter_misc":{"Prix":"&euro;&nbsp;17,95","Disponibilit\u00e9":"En stock"},"schema":{"@context":"https:\/\/schema.org","@graph":[{"@type":"WebPage","@id":"https:\/\/cocohouseofbeauty.com\/fr\/produit\/elleebana-helyx-hybrid-maple-sugar-light-brown\/","url":"https:\/\/cocohouseofbeauty.com\/fr\/produit\/elleebana-helyx-hybrid-maple-sugar-light-brown\/","name":"Elleebana Helyx Hybrid Maple Sugar - Teinte de sourcils brun clair","isPartOf":{"@id":"https:\/\/cocohouseofbeauty.com\/fr\/#website"},"primaryImageOfPage":{"@id":"https:\/\/cocohouseofbeauty.com\/fr\/produit\/elleebana-helyx-hybrid-maple-sugar-light-brown\/#primaryimage"},"image":{"@id":"https:\/\/cocohouseofbeauty.com\/fr\/produit\/elleebana-helyx-hybrid-maple-sugar-light-brown\/#primaryimage"},"thumbnailUrl":"https:\/\/cocohouseofbeauty.com\/wp-content\/uploads\/2025\/04\/HelyxHybrid-MapleSugar-Foil-scaled.jpg","datePublished":"2025-04-24T19:56:30+00:00","dateModified":"2025-12-09T09:59:53+00:00","description":"Obtenez des sourcils doux et naturels avec Elleebana Helyx Hybrid Maple Sugar. Infus\u00e9 de plantes pour un effet jeune et ensoleill\u00e9. Essayez-le maintenant !","breadcrumb":{"@id":"https:\/\/cocohouseofbeauty.com\/fr\/produit\/elleebana-helyx-hybrid-maple-sugar-light-brown\/#breadcrumb"},"inLanguage":"fr-FR","potentialAction":[{"@type":"ReadAction","target":["https:\/\/cocohouseofbeauty.com\/fr\/produit\/elleebana-helyx-hybrid-maple-sugar-light-brown\/"]}]},{"@type":"ImageObject","inLanguage":"fr-FR","@id":"https:\/\/cocohouseofbeauty.com\/fr\/produit\/elleebana-helyx-hybrid-maple-sugar-light-brown\/#primaryimage","url":"https:\/\/cocohouseofbeauty.com\/wp-content\/uploads\/2025\/04\/HelyxHybrid-MapleSugar-Foil-scaled.jpg","contentUrl":"https:\/\/cocohouseofbeauty.com\/wp-content\/uploads\/2025\/04\/HelyxHybrid-MapleSugar-Foil-scaled.jpg","width":2560,"height":2375,"caption":"Elleebana Helyx Hybrid Tint Maple Sugar Liquid Dye (teinture liquide)"},{"@type":"BreadcrumbList","@id":"https:\/\/cocohouseofbeauty.com\/fr\/produit\/elleebana-helyx-hybrid-maple-sugar-light-brown\/#breadcrumb","itemListElement":[{"@type":"ListItem","position":1,"name":"Home","item":"https:\/\/cocohouseofbeauty.com\/fr\/"},{"@type":"ListItem","position":2,"name":"Boutique","item":"https:\/\/cocohouseofbeauty.com\/fr\/boutique\/"},{"@type":"ListItem","position":3,"name":"Elleebana Helyx Hybrid | Maple Sugar (Light Brown)"}]},{"@type":"WebSite","@id":"https:\/\/cocohouseofbeauty.com\/fr\/#website","url":"https:\/\/cocohouseofbeauty.com\/fr\/","name":"Coco House of Beauty","description":"Your beauty partner for exclusive lash &amp; brow brands","publisher":{"@id":"https:\/\/cocohouseofbeauty.com\/fr\/#organization"},"potentialAction":[{"@type":"SearchAction","target":{"@type":"EntryPoint","urlTemplate":"https:\/\/cocohouseofbeauty.com\/fr\/?s={search_term_string}"},"query-input":{"@type":"PropertyValueSpecification","valueRequired":true,"valueName":"search_term_string"}}],"inLanguage":"fr-FR"},{"@type":"Organization","@id":"https:\/\/cocohouseofbeauty.com\/fr\/#organization","name":"Coco House of Beauty","url":"https:\/\/cocohouseofbeauty.com\/fr\/","logo":{"@type":"ImageObject","inLanguage":"fr-FR","@id":"https:\/\/cocohouseofbeauty.com\/fr\/#\/schema\/logo\/image\/","url":"https:\/\/cocohouseofbeauty.com\/wp-content\/uploads\/2024\/03\/cropped-coco-logo-zonder-estb.png","contentUrl":"https:\/\/cocohouseofbeauty.com\/wp-content\/uploads\/2024\/03\/cropped-coco-logo-zonder-estb.png","width":1532,"height":612,"caption":"Coco House of Beauty"},"image":{"@id":"https:\/\/cocohouseofbeauty.com\/fr\/#\/schema\/logo\/image\/"},"sameAs":["https:\/\/www.facebook.com\/groups\/388929390727436\/about\/","https:\/\/www.instagram.com\/cocohouse.of.beauty\/","https:\/\/www.tiktok.com\/@cocohouseofbeauty"],"foundingDate":"2024-04-05","numberOfEmployees":{"@type":"QuantitativeValue","minValue":"11","maxValue":"50"}}]},"product_price_amount":"17.95","product_price_currency":"EUR","og_availability":"instock","product_availability":"instock","product_retailer_item_id":"COCO-2662","product_condition":"new"},"taxonomy_info":{"product_brand":[{"value":1655,"label":"Elleebana"}],"product_cat":[{"value":2046,"label":"A\u00e9rographe"},{"value":2011,"label":"Hybride Helyx"}],"product_tag":[{"value":2013,"label":"colorant hybride"},{"value":2016,"label":"Elleebana Helyx Hybride"},{"value":2399,"label":"hybride wenkbrauwverf"},{"value":961,"label":"sourcils \u00e0 l'a\u00e9rographe"},{"value":920,"label":"sourcils hybrides"},{"value":2014,"label":"teinte hybride"}]},"featured_image_src_large":["https:\/\/cocohouseofbeauty.com\/wp-content\/uploads\/2025\/04\/HelyxHybrid-MapleSugar-Foil-1024x950.jpg",1024,950,true],"author_info":[],"comment_info":0,"jetpack_sharing_enabled":true,"_links":{"self":[{"href":"https:\/\/cocohouseofbeauty.com\/fr\/wp-json\/wp\/v2\/product\/22682","targetHints":{"allow":["GET"]}}],"collection":[{"href":"https:\/\/cocohouseofbeauty.com\/fr\/wp-json\/wp\/v2\/product"}],"about":[{"href":"https:\/\/cocohouseofbeauty.com\/fr\/wp-json\/wp\/v2\/types\/product"}],"replies":[{"embeddable":true,"href":"https:\/\/cocohouseofbeauty.com\/fr\/wp-json\/wp\/v2\/comments?post=22682"}],"wp:featuredmedia":[{"embeddable":true,"href":"https:\/\/cocohouseofbeauty.com\/fr\/wp-json\/wp\/v2\/media\/22874"}],"wp:attachment":[{"href":"https:\/\/cocohouseofbeauty.com\/fr\/wp-json\/wp\/v2\/media?parent=22682"}],"wp:term":[{"taxonomy":"product_brand","embeddable":true,"href":"https:\/\/cocohouseofbeauty.com\/fr\/wp-json\/wp\/v2\/product_brand?post=22682"},{"taxonomy":"product_cat","embeddable":true,"href":"https:\/\/cocohouseofbeauty.com\/fr\/wp-json\/wp\/v2\/product_cat?post=22682"},{"taxonomy":"product_tag","embeddable":true,"href":"https:\/\/cocohouseofbeauty.com\/fr\/wp-json\/wp\/v2\/product_tag?post=22682"}],"curies":[{"name":"wp","href":"https:\/\/api.w.org\/{rel}","templated":true}]}}