{"id":18594,"date":"2025-03-08T09:36:16","date_gmt":"2025-03-08T07:36:16","guid":{"rendered":"https:\/\/cocohouseofbeauty.com\/product\/pinceau-infinity-buff-and-blend\/"},"modified":"2025-12-15T17:02:23","modified_gmt":"2025-12-15T15:02:23","slug":"pinceau-infinity-buff-and-blend","status":"publish","type":"product","link":"https:\/\/cocohouseofbeauty.com\/fr\/produit\/pinceau-infinity-buff-and-blend\/","title":{"rendered":"Pinceau Infinity Buff and Blend"},"content":{"rendered":"<p><strong style=\"font-weight: bolder\">BROSSE \u00c0 POLIR ET \u00c0 ESTOMPER INFINIE POUR UNE COLORATION PARFAITE DES SOURCILS<\/strong><\/p>\n<p>R\u00e9alisez une application parfaite de la teinte hybride sur les sourcils \u00e0 l&#8217;aide de notre<span>&nbsp;<\/span><strong style=\"font-weight: bolder\">Brosse Infinity Buff and Blend<\/strong>. Cette brosse \u00e0 sourcils innovante est dot\u00e9e de deux t\u00eates sp\u00e9cialement con\u00e7ues pour des usages multiples, ce qui vous permet de cr\u00e9er les meilleurs sourcils hybrides pour vos clients. Fabriqu\u00e9e avec des mat\u00e9riaux de la plus haute qualit\u00e9, notre extraordinaire brosse \u00e0 sourcils pr\u00e9sente un design ergonomique extra-\u00e9pais, garantissant une facilit\u00e9 d&#8217;utilisation, une prise en main confortable et une durabilit\u00e9 \u00e0 long terme.  <\/p>\n<p>La premi\u00e8re t\u00eate de notre brosse \u00e0 sourcils a un design arrondi qui est parfait pour estomper et lisser les lignes et les bords de votre ligne de surbrillance. Cette t\u00eate de brosse est douce et moelleuse pour vous permettre d&#8217;estomper le maquillage de mani\u00e8re transparente pour un look naturel et soign\u00e9. <\/p>\n<p>La seconde t\u00eate est une brosse droite, id\u00e9ale pour appliquer avec pr\u00e9cision un \u00e9claircissement ou une teinte. Les poils fermes de cette t\u00eate de brosse facilitent l&#8217;application de la teinte pour sourcils exactement l\u00e0 o\u00f9 vous le souhaitez, vous donnant le contr\u00f4le dont vous avez besoin pour cr\u00e9er un beau sourcil. <\/p>\n<p>Que vous soyez un d\u00e9butant en mati\u00e8re de sourcils ou un professionnel chevronn\u00e9, le<span>&nbsp;<\/span>Le <strong style=\"font-weight: bolder\">pinceau Infinity Buff and Blend<\/strong>est un outil indispensable \u00e0 votre collection. Gr\u00e2ce \u00e0 ses deux t\u00eates de brosse uniques, vous pouvez obtenir une vari\u00e9t\u00e9 de looks avec facilit\u00e9 et confiance. <\/p>\n<p><strong style=\"font-weight: bolder\">Ce que nous aimons dans cette brosse \u00e0 sourcils pour polir et estomper :<\/strong><\/p>\n<ul>\n<li>Conception ergonomique pour une prise en main confortable<\/li>\n<li>Double t\u00eate de brosse pour polir et estomper les sourcils<\/li>\n<li>Poils doux et moelleux \u00e0 une extr\u00e9mit\u00e9 et poils fermes \u00e0 l&#8217;autre extr\u00e9mit\u00e9<\/li>\n<li>Id\u00e9al pour les proc\u00e9dures personnelles ou professionnelles<\/li>\n<\/ul>\n","protected":false},"excerpt":{"rendered":"<p data-start=\"506\" data-end=\"567\"><strong data-start=\"506\" data-end=\"567\">BROSSE INFINIE POUR DES SOURCILS PARFAITEMENT DESSIN\u00c9S<\/strong><\/p>\n<p data-start=\"569\" data-end=\"801\">R\u00e9alisez une application parfaite de la teinte hybride avec notre <strong data-start=\"619\" data-end=\"652\">pinceau Infinity Buff and Blend<\/strong>. Cet outil pour les sourcils poss\u00e8de deux t\u00eates uniques, chacune con\u00e7ue pour un usage sp\u00e9cifique. Vous pouvez ainsi cr\u00e9er les meilleurs sourcils hybrides pour chaque client.<\/p>\n<p data-start=\"803\" data-end=\"953\">Fabriqu\u00e9e avec des mat\u00e9riaux de haute qualit\u00e9, cette brosse est dot\u00e9e d&#8217;un manche ergonomique \u00e9pais. Elle offre ainsi une prise en main confortable et une grande durabilit\u00e9. <\/p>\n<p data-start=\"955\" data-end=\"1148\">La premi\u00e8re t\u00eate est arrondie, ce qui la rend id\u00e9ale pour estomper et polir. Elle adoucit les lignes dures autour de la ligne de surbrillance. De plus, les poils duveteux garantissent une finition naturelle et soign\u00e9e.  <\/p>\n<p data-start=\"1150\" data-end=\"1344\">La deuxi\u00e8me t\u00eate est droite et ferme. Elle vous permet d&#8217;appliquer une teinte ou un \u00e9claircissement avec pr\u00e9cision. De plus, les poils vous donnent le contr\u00f4le n\u00e9cessaire pour placer la couleur exactement l\u00e0 o\u00f9 vous le souhaitez.  <\/p>\n<p data-start=\"1346\" data-end=\"1497\">Que vous soyez d\u00e9butante ou professionnelle, cette brosse est indispensable. Avec deux t\u00eates diff\u00e9rentes, vous pouvez r\u00e9aliser de nombreux looks avec facilit\u00e9 et confiance. <\/p>\n<p data-start=\"1499\" data-end=\"1558\"><strong data-start=\"1499\" data-end=\"1556\">Ce que nous aimons dans le pinceau Infinity Buff and Blend :<\/strong><\/p>\n<ul data-start=\"1559\" data-end=\"1775\">\n<li data-start=\"1559\" data-end=\"1602\">\n<p data-start=\"1561\" data-end=\"1602\">Conception ergonomique pour une prise en main confortable<\/p>\n<\/li>\n<li data-start=\"1603\" data-end=\"1647\">\n<p data-start=\"1605\" data-end=\"1647\">Deux t\u00eates de brosse pour polir et estomper<\/p>\n<\/li>\n<li data-start=\"1648\" data-end=\"1684\">\n<p data-start=\"1650\" data-end=\"1684\">Poils doux et moelleux \u00e0 une extr\u00e9mit\u00e9<\/p>\n<\/li>\n<li data-start=\"1685\" data-end=\"1728\">\n<p data-start=\"1687\" data-end=\"1728\">Des poils fermes et pr\u00e9cis \u00e0 l&#8217;autre extr\u00e9mit\u00e9<\/p>\n<\/li>\n<li data-start=\"1729\" data-end=\"1775\">\n<p data-start=\"1731\" data-end=\"1775\">Convient \u00e0 un usage personnel et professionnel<\/p>\n<\/li>\n<\/ul>\n<p data-start=\"1777\" data-end=\"1797\"><strong data-start=\"1777\" data-end=\"1785\">SKU :<\/strong> COCO-2369<\/p>\n","protected":false},"featured_media":17436,"comment_status":"open","ping_status":"closed","template":"","meta":{"_kad_blocks_custom_css":"","_kad_blocks_head_custom_js":"","_kad_blocks_body_custom_js":"","_kad_blocks_footer_custom_js":"","_kadence_starter_templates_imported_post":false,"_kad_post_transparent":"","_kad_post_title":"","_kad_post_layout":"","_kad_post_sidebar_id":"","_kad_post_content_style":"","_kad_post_vertical_padding":"","_kad_post_feature":"","_kad_post_feature_position":"","_kad_post_header":false,"_kad_post_footer":false,"_kad_post_classname":""},"product_brand":[3263],"product_cat":[147,2090,123],"product_tag":[],"class_list":{"0":"post-18594","1":"product","2":"type-product","3":"status-publish","4":"has-post-thumbnail","6":"product_brand-infinity-hybrid","7":"product_cat-infinity-hybrid-fr-2","8":"product_cat-pinceaux-et-outils","9":"product_cat-tools","10":"product_shipping_class-boite-aux-lettres","12":"first","13":"instock","14":"taxable","15":"shipping-taxable","16":"purchasable","17":"product-type-simple","18":"entry","19":"content-bg","20":"loop-entry"},"yoast_head":"<!-- This site is optimized with the Yoast SEO Premium plugin v27.2 (Yoast SEO v27.2) - https:\/\/yoast.com\/product\/yoast-seo-premium-wordpress\/ -->\n<title>Pinceau Infinity Buff and Blend - Coco House of Beauty<\/title>\n<meta name=\"description\" content=\"Obtenez des sourcils magnifiquement dessin\u00e9s sans effort avec notre pinceau Infinity Buff and Blend. Am\u00e9liorez votre routine de maquillage d\u00e8s aujourd&#039;hui pour des r\u00e9sultats \u00e9poustouflants !\" \/>\n<meta name=\"robots\" content=\"index, follow, max-snippet:-1, max-image-preview:large, max-video-preview:-1\" \/>\n<link rel=\"canonical\" href=\"https:\/\/cocohouseofbeauty.com\/fr\/produit\/pinceau-infinity-buff-and-blend\/\" \/>\n<meta property=\"og:locale\" content=\"fr_FR\" \/>\n<meta property=\"og:type\" content=\"article\" \/>\n<meta property=\"og:title\" content=\"Pinceau Infinity Buff and Blend\" \/>\n<meta property=\"og:description\" content=\"Obtenez des sourcils magnifiquement dessin\u00e9s sans effort avec notre pinceau Infinity Buff and Blend. Am\u00e9liorez votre routine de maquillage d\u00e8s aujourd&#039;hui pour des r\u00e9sultats \u00e9poustouflants !\" \/>\n<meta property=\"og:url\" content=\"https:\/\/cocohouseofbeauty.com\/fr\/produit\/pinceau-infinity-buff-and-blend\/\" \/>\n<meta property=\"og:site_name\" content=\"Coco House of Beauty\" \/>\n<meta property=\"article:publisher\" content=\"https:\/\/www.facebook.com\/groups\/388929390727436\/about\/\" \/>\n<meta property=\"article:modified_time\" content=\"2025-12-15T15:02:23+00:00\" \/>\n<meta property=\"og:image\" content=\"https:\/\/cocohouseofbeauty.com\/wp-content\/uploads\/2025\/03\/img_4146.jpeg\" \/>\n\t<meta property=\"og:image:width\" content=\"1600\" \/>\n\t<meta property=\"og:image:height\" content=\"1221\" \/>\n\t<meta property=\"og:image:type\" content=\"image\/jpeg\" \/>\n<meta name=\"twitter:card\" content=\"summary_large_image\" \/>\n<meta name=\"twitter:label1\" content=\"Prix\" \/>\n\t<meta name=\"twitter:data1\" content=\"&euro;&nbsp;12,95\" \/>\n\t<meta name=\"twitter:label2\" content=\"Disponibilit\u00e9\" \/>\n\t<meta name=\"twitter:data2\" content=\"En stock\" \/>\n<script type=\"application\/ld+json\" class=\"yoast-schema-graph\">{\"@context\":\"https:\/\/schema.org\",\"@graph\":[{\"@type\":\"WebPage\",\"@id\":\"https:\/\/cocohouseofbeauty.com\/fr\/produit\/pinceau-infinity-buff-and-blend\/\",\"url\":\"https:\/\/cocohouseofbeauty.com\/fr\/produit\/pinceau-infinity-buff-and-blend\/\",\"name\":\"Pinceau Infinity Buff and Blend - Coco House of Beauty\",\"isPartOf\":{\"@id\":\"https:\/\/cocohouseofbeauty.com\/fr\/#website\"},\"primaryImageOfPage\":{\"@id\":\"https:\/\/cocohouseofbeauty.com\/fr\/produit\/pinceau-infinity-buff-and-blend\/#primaryimage\"},\"image\":{\"@id\":\"https:\/\/cocohouseofbeauty.com\/fr\/produit\/pinceau-infinity-buff-and-blend\/#primaryimage\"},\"thumbnailUrl\":\"https:\/\/cocohouseofbeauty.com\/wp-content\/uploads\/2025\/03\/img_4146.jpeg\",\"datePublished\":\"2025-03-08T07:36:16+00:00\",\"dateModified\":\"2025-12-15T15:02:23+00:00\",\"description\":\"Obtenez des sourcils magnifiquement dessin\u00e9s sans effort avec notre pinceau Infinity Buff and Blend. Am\u00e9liorez votre routine de maquillage d\u00e8s aujourd'hui pour des r\u00e9sultats \u00e9poustouflants !\",\"breadcrumb\":{\"@id\":\"https:\/\/cocohouseofbeauty.com\/fr\/produit\/pinceau-infinity-buff-and-blend\/#breadcrumb\"},\"inLanguage\":\"fr-FR\",\"potentialAction\":[{\"@type\":\"ReadAction\",\"target\":[\"https:\/\/cocohouseofbeauty.com\/fr\/produit\/pinceau-infinity-buff-and-blend\/\"]}]},{\"@type\":\"ImageObject\",\"inLanguage\":\"fr-FR\",\"@id\":\"https:\/\/cocohouseofbeauty.com\/fr\/produit\/pinceau-infinity-buff-and-blend\/#primaryimage\",\"url\":\"https:\/\/cocohouseofbeauty.com\/wp-content\/uploads\/2025\/03\/img_4146.jpeg\",\"contentUrl\":\"https:\/\/cocohouseofbeauty.com\/wp-content\/uploads\/2025\/03\/img_4146.jpeg\",\"width\":1600,\"height\":1221},{\"@type\":\"BreadcrumbList\",\"@id\":\"https:\/\/cocohouseofbeauty.com\/fr\/produit\/pinceau-infinity-buff-and-blend\/#breadcrumb\",\"itemListElement\":[{\"@type\":\"ListItem\",\"position\":1,\"name\":\"Home\",\"item\":\"https:\/\/cocohouseofbeauty.com\/fr\/\"},{\"@type\":\"ListItem\",\"position\":2,\"name\":\"Boutique\",\"item\":\"https:\/\/cocohouseofbeauty.com\/fr\/boutique\/\"},{\"@type\":\"ListItem\",\"position\":3,\"name\":\"Pinceau Infinity Buff and Blend\"}]},{\"@type\":\"WebSite\",\"@id\":\"https:\/\/cocohouseofbeauty.com\/fr\/#website\",\"url\":\"https:\/\/cocohouseofbeauty.com\/fr\/\",\"name\":\"Coco House of Beauty\",\"description\":\"Your beauty partner for exclusive lash &amp; brow brands\",\"publisher\":{\"@id\":\"https:\/\/cocohouseofbeauty.com\/fr\/#organization\"},\"potentialAction\":[{\"@type\":\"SearchAction\",\"target\":{\"@type\":\"EntryPoint\",\"urlTemplate\":\"https:\/\/cocohouseofbeauty.com\/fr\/?s={search_term_string}\"},\"query-input\":{\"@type\":\"PropertyValueSpecification\",\"valueRequired\":true,\"valueName\":\"search_term_string\"}}],\"inLanguage\":\"fr-FR\"},{\"@type\":\"Organization\",\"@id\":\"https:\/\/cocohouseofbeauty.com\/fr\/#organization\",\"name\":\"Coco House of Beauty\",\"url\":\"https:\/\/cocohouseofbeauty.com\/fr\/\",\"logo\":{\"@type\":\"ImageObject\",\"inLanguage\":\"fr-FR\",\"@id\":\"https:\/\/cocohouseofbeauty.com\/fr\/#\/schema\/logo\/image\/\",\"url\":\"https:\/\/cocohouseofbeauty.com\/wp-content\/uploads\/2024\/03\/cropped-coco-logo-zonder-estb.png\",\"contentUrl\":\"https:\/\/cocohouseofbeauty.com\/wp-content\/uploads\/2024\/03\/cropped-coco-logo-zonder-estb.png\",\"width\":1532,\"height\":612,\"caption\":\"Coco House of Beauty\"},\"image\":{\"@id\":\"https:\/\/cocohouseofbeauty.com\/fr\/#\/schema\/logo\/image\/\"},\"sameAs\":[\"https:\/\/www.facebook.com\/groups\/388929390727436\/about\/\",\"https:\/\/www.instagram.com\/cocohouse.of.beauty\/\",\"https:\/\/www.tiktok.com\/@cocohouseofbeauty\"],\"foundingDate\":\"2024-04-05\",\"numberOfEmployees\":{\"@type\":\"QuantitativeValue\",\"minValue\":\"11\",\"maxValue\":\"50\"}}]}<\/script>\n<meta property=\"product:price:amount\" content=\"12.95\" \/>\n<meta property=\"product:price:currency\" content=\"EUR\" \/>\n<meta property=\"og:availability\" content=\"instock\" \/>\n<meta property=\"product:availability\" content=\"instock\" \/>\n<meta property=\"product:retailer_item_id\" content=\"COCO-2369\" \/>\n<meta property=\"product:condition\" content=\"new\" \/>\n<!-- \/ Yoast SEO Premium plugin. -->","yoast_head_json":{"title":"Pinceau Infinity Buff and Blend - Coco House of Beauty","description":"Obtenez des sourcils magnifiquement dessin\u00e9s sans effort avec notre pinceau Infinity Buff and Blend. Am\u00e9liorez votre routine de maquillage d\u00e8s aujourd'hui pour des r\u00e9sultats \u00e9poustouflants !","robots":{"index":"index","follow":"follow","max-snippet":"max-snippet:-1","max-image-preview":"max-image-preview:large","max-video-preview":"max-video-preview:-1"},"canonical":"https:\/\/cocohouseofbeauty.com\/fr\/produit\/pinceau-infinity-buff-and-blend\/","og_locale":"fr_FR","og_type":"article","og_title":"Pinceau Infinity Buff and Blend","og_description":"Obtenez des sourcils magnifiquement dessin\u00e9s sans effort avec notre pinceau Infinity Buff and Blend. Am\u00e9liorez votre routine de maquillage d\u00e8s aujourd'hui pour des r\u00e9sultats \u00e9poustouflants !","og_url":"https:\/\/cocohouseofbeauty.com\/fr\/produit\/pinceau-infinity-buff-and-blend\/","og_site_name":"Coco House of Beauty","article_publisher":"https:\/\/www.facebook.com\/groups\/388929390727436\/about\/","article_modified_time":"2025-12-15T15:02:23+00:00","og_image":[{"width":1600,"height":1221,"url":"https:\/\/cocohouseofbeauty.com\/wp-content\/uploads\/2025\/03\/img_4146.jpeg","type":"image\/jpeg"}],"twitter_card":"summary_large_image","twitter_misc":{"Prix":"&euro;&nbsp;12,95","Disponibilit\u00e9":"En stock"},"schema":{"@context":"https:\/\/schema.org","@graph":[{"@type":"WebPage","@id":"https:\/\/cocohouseofbeauty.com\/fr\/produit\/pinceau-infinity-buff-and-blend\/","url":"https:\/\/cocohouseofbeauty.com\/fr\/produit\/pinceau-infinity-buff-and-blend\/","name":"Pinceau Infinity Buff and Blend - Coco House of Beauty","isPartOf":{"@id":"https:\/\/cocohouseofbeauty.com\/fr\/#website"},"primaryImageOfPage":{"@id":"https:\/\/cocohouseofbeauty.com\/fr\/produit\/pinceau-infinity-buff-and-blend\/#primaryimage"},"image":{"@id":"https:\/\/cocohouseofbeauty.com\/fr\/produit\/pinceau-infinity-buff-and-blend\/#primaryimage"},"thumbnailUrl":"https:\/\/cocohouseofbeauty.com\/wp-content\/uploads\/2025\/03\/img_4146.jpeg","datePublished":"2025-03-08T07:36:16+00:00","dateModified":"2025-12-15T15:02:23+00:00","description":"Obtenez des sourcils magnifiquement dessin\u00e9s sans effort avec notre pinceau Infinity Buff and Blend. Am\u00e9liorez votre routine de maquillage d\u00e8s aujourd'hui pour des r\u00e9sultats \u00e9poustouflants !","breadcrumb":{"@id":"https:\/\/cocohouseofbeauty.com\/fr\/produit\/pinceau-infinity-buff-and-blend\/#breadcrumb"},"inLanguage":"fr-FR","potentialAction":[{"@type":"ReadAction","target":["https:\/\/cocohouseofbeauty.com\/fr\/produit\/pinceau-infinity-buff-and-blend\/"]}]},{"@type":"ImageObject","inLanguage":"fr-FR","@id":"https:\/\/cocohouseofbeauty.com\/fr\/produit\/pinceau-infinity-buff-and-blend\/#primaryimage","url":"https:\/\/cocohouseofbeauty.com\/wp-content\/uploads\/2025\/03\/img_4146.jpeg","contentUrl":"https:\/\/cocohouseofbeauty.com\/wp-content\/uploads\/2025\/03\/img_4146.jpeg","width":1600,"height":1221},{"@type":"BreadcrumbList","@id":"https:\/\/cocohouseofbeauty.com\/fr\/produit\/pinceau-infinity-buff-and-blend\/#breadcrumb","itemListElement":[{"@type":"ListItem","position":1,"name":"Home","item":"https:\/\/cocohouseofbeauty.com\/fr\/"},{"@type":"ListItem","position":2,"name":"Boutique","item":"https:\/\/cocohouseofbeauty.com\/fr\/boutique\/"},{"@type":"ListItem","position":3,"name":"Pinceau Infinity Buff and Blend"}]},{"@type":"WebSite","@id":"https:\/\/cocohouseofbeauty.com\/fr\/#website","url":"https:\/\/cocohouseofbeauty.com\/fr\/","name":"Coco House of Beauty","description":"Your beauty partner for exclusive lash &amp; brow brands","publisher":{"@id":"https:\/\/cocohouseofbeauty.com\/fr\/#organization"},"potentialAction":[{"@type":"SearchAction","target":{"@type":"EntryPoint","urlTemplate":"https:\/\/cocohouseofbeauty.com\/fr\/?s={search_term_string}"},"query-input":{"@type":"PropertyValueSpecification","valueRequired":true,"valueName":"search_term_string"}}],"inLanguage":"fr-FR"},{"@type":"Organization","@id":"https:\/\/cocohouseofbeauty.com\/fr\/#organization","name":"Coco House of Beauty","url":"https:\/\/cocohouseofbeauty.com\/fr\/","logo":{"@type":"ImageObject","inLanguage":"fr-FR","@id":"https:\/\/cocohouseofbeauty.com\/fr\/#\/schema\/logo\/image\/","url":"https:\/\/cocohouseofbeauty.com\/wp-content\/uploads\/2024\/03\/cropped-coco-logo-zonder-estb.png","contentUrl":"https:\/\/cocohouseofbeauty.com\/wp-content\/uploads\/2024\/03\/cropped-coco-logo-zonder-estb.png","width":1532,"height":612,"caption":"Coco House of Beauty"},"image":{"@id":"https:\/\/cocohouseofbeauty.com\/fr\/#\/schema\/logo\/image\/"},"sameAs":["https:\/\/www.facebook.com\/groups\/388929390727436\/about\/","https:\/\/www.instagram.com\/cocohouse.of.beauty\/","https:\/\/www.tiktok.com\/@cocohouseofbeauty"],"foundingDate":"2024-04-05","numberOfEmployees":{"@type":"QuantitativeValue","minValue":"11","maxValue":"50"}}]},"product_price_amount":"12.95","product_price_currency":"EUR","og_availability":"instock","product_availability":"instock","product_retailer_item_id":"COCO-2369","product_condition":"new"},"taxonomy_info":{"product_brand":[{"value":3263,"label":"Infinity Hybrid"}],"product_cat":[{"value":147,"label":"Infinity hybrid"},{"value":2090,"label":"Pinceaux et outils"},{"value":123,"label":"Tools"}]},"featured_image_src_large":["https:\/\/cocohouseofbeauty.com\/wp-content\/uploads\/2025\/03\/img_4146-1024x781.jpeg",1024,781,true],"author_info":[],"comment_info":0,"jetpack_sharing_enabled":true,"_links":{"self":[{"href":"https:\/\/cocohouseofbeauty.com\/fr\/wp-json\/wp\/v2\/product\/18594","targetHints":{"allow":["GET"]}}],"collection":[{"href":"https:\/\/cocohouseofbeauty.com\/fr\/wp-json\/wp\/v2\/product"}],"about":[{"href":"https:\/\/cocohouseofbeauty.com\/fr\/wp-json\/wp\/v2\/types\/product"}],"replies":[{"embeddable":true,"href":"https:\/\/cocohouseofbeauty.com\/fr\/wp-json\/wp\/v2\/comments?post=18594"}],"wp:featuredmedia":[{"embeddable":true,"href":"https:\/\/cocohouseofbeauty.com\/fr\/wp-json\/wp\/v2\/media\/17436"}],"wp:attachment":[{"href":"https:\/\/cocohouseofbeauty.com\/fr\/wp-json\/wp\/v2\/media?parent=18594"}],"wp:term":[{"taxonomy":"product_brand","embeddable":true,"href":"https:\/\/cocohouseofbeauty.com\/fr\/wp-json\/wp\/v2\/product_brand?post=18594"},{"taxonomy":"product_cat","embeddable":true,"href":"https:\/\/cocohouseofbeauty.com\/fr\/wp-json\/wp\/v2\/product_cat?post=18594"},{"taxonomy":"product_tag","embeddable":true,"href":"https:\/\/cocohouseofbeauty.com\/fr\/wp-json\/wp\/v2\/product_tag?post=18594"}],"curies":[{"name":"wp","href":"https:\/\/api.w.org\/{rel}","templated":true}]}}