{"id":18539,"date":"2025-04-11T08:32:14","date_gmt":"2025-04-11T06:32:14","guid":{"rendered":"https:\/\/cocohouseofbeauty.com\/?post_type=product&#038;p=18539"},"modified":"2025-07-23T14:16:24","modified_gmt":"2025-07-23T12:16:24","slug":"hairpearl-teinture-pour-sourcils-sans-ppd","status":"publish","type":"product","link":"https:\/\/cocohouseofbeauty.com\/fr\/produit\/hairpearl-teinture-pour-sourcils-sans-ppd\/","title":{"rendered":"Hairpearl | Teinture pour sourcils sans PPD"},"content":{"rendered":"<p class=\"\" data-start=\"1163\" data-end=\"1337\">\u2714 Sans PPD &#8211; avec la technologie de coloration PDS\/TDS plus douce<br data-start=\"1213\" data-end=\"1216\">\u2714 R\u00e9sultats durables &#8211; jusqu&#8217;\u00e0 5 semaines<br data-start=\"1254\" data-end=\"1257\">\u2714 Formule de qualit\u00e9 professionnelle &#8211; fabriqu\u00e9e en Allemagne<br data-start=\"1303\" data-end=\"1306\">\u2714 Convient aux cils et aux sourcils<\/p>\n<p data-start=\"1163\" data-end=\"1337\"><strong><a href=\"https:\/\/www.hairpearl.com\/wp-content\/uploads\/2021\/05\/2020-Hairpearl-Tinting-Lashes-Quick-Guide-Step-by-Step.pdf\" target=\"_blank\" rel=\"noopener\">T\u00e9l\u00e9chargez le Guide rapide de la teinture :<\/a><\/strong><\/p>\n<p class=\"\" data-start=\"1339\" data-end=\"1463\"><strong data-start=\"1339\" data-end=\"1351\">Contenu :<\/strong> 20ml par tube<\/p>\n<blockquote data-start=\"1465\" data-end=\"1493\">\n<p class=\"\" data-start=\"1467\" data-end=\"1493\">Pour un usage professionnel uniquement.<\/p>\n<\/blockquote>\n<p data-start=\"1467\" data-end=\"1493\">SKU : COCO-2380, COCO-2381, COCO-2382, COCO-2383, COCO-2384, COCO-2385, COCO-2393<\/p>\n","protected":false},"excerpt":{"rendered":"<p class=\"ai-optimize-28\" data-start=\"191\" data-end=\"628\">La collection <strong data-start=\"195\" data-end=\"217\">Hairpearl PPD-Free<\/strong> a \u00e9t\u00e9 sp\u00e9cialement con\u00e7ue pour une coloration plus douce et plus respectueuse de la peau, sans <strong data-start=\"317\" data-end=\"348\">paraph\u00e9nyl\u00e8nediamine (PPD<\/strong> ) &#8211; un ingr\u00e9dient courant auquel certaines personnes sont allergiques, que l&#8217;on trouve dans les teintures pour cils, pour sourcils et pour cheveux ordinaires. \u00c0 la place, cette ligne contient du <strong data-start=\"477\" data-end=\"518\">PDS\/TDS (Toluene-2,5-Diamine Sulfate)<\/strong>, une alternative moins agressive qui est souvent mieux tol\u00e9r\u00e9e par les personnes sensibles ou allergiques. <\/p>\n<p class=\"ai-optimize-29\" data-start=\"630\" data-end=\"877\">Cette teinture de haute qualit\u00e9 offre une couleur riche et durable pour des cils plus fournis et des sourcils plus expressifs, avec une brillance naturelle. La formule se caract\u00e9rise par un temps de traitement rapide (4-5 minutes pour les sourcils, 10 minutes pour les cils) et un rapport de m\u00e9lange 1:1. <\/p>\n","protected":false},"featured_media":18288,"comment_status":"open","ping_status":"closed","template":"","meta":{"_kad_blocks_custom_css":"","_kad_blocks_head_custom_js":"","_kad_blocks_body_custom_js":"","_kad_blocks_footer_custom_js":"","_kadence_starter_templates_imported_post":false,"_kad_post_transparent":"default","_kad_post_title":"","_kad_post_layout":"default","_kad_post_sidebar_id":"","_kad_post_content_style":"default","_kad_post_vertical_padding":"default","_kad_post_feature":"","_kad_post_feature_position":"","_kad_post_header":false,"_kad_post_footer":false,"_kad_post_classname":""},"product_brand":[1657],"product_cat":[1661,2089],"product_tag":[1870,1878,1874],"class_list":{"0":"post-18539","1":"product","2":"type-product","3":"status-publish","4":"has-post-thumbnail","6":"product_brand-hairpearl-the-ppd-free-eyebrow-tint","7":"product_cat-hairpearl-teinture-sans-ppd","8":"product_cat-teinte","9":"product_tag-teinte-sans-ppd","10":"product_tag-teinture-pour-cils-sans-ppd","11":"product_tag-teinture-pour-sourcils-sans-ppd","13":"first","14":"instock","15":"taxable","16":"shipping-taxable","17":"purchasable","18":"product-type-variable","19":"entry","20":"content-bg","21":"loop-entry"},"yoast_head":"<!-- This site is optimized with the Yoast SEO Premium plugin v27.2 (Yoast SEO v27.2) - https:\/\/yoast.com\/product\/yoast-seo-premium-wordpress\/ -->\n<title>Hairpearl | Teinture pour sourcils sans PPD - Coco House of Beauty<\/title>\n<meta name=\"description\" content=\"Hairpearl Teinture pour sourcils sans PPD - couleur douce, s\u00fbre et durable pour les peaux sensibles. Des r\u00e9sultats professionnels sans produits chimiques agressifs.\" \/>\n<meta name=\"robots\" content=\"index, follow, max-snippet:-1, max-image-preview:large, max-video-preview:-1\" \/>\n<link rel=\"canonical\" href=\"https:\/\/cocohouseofbeauty.com\/fr\/produit\/hairpearl-teinture-pour-sourcils-sans-ppd\/\" \/>\n<meta property=\"og:locale\" content=\"fr_FR\" \/>\n<meta property=\"og:type\" content=\"article\" \/>\n<meta property=\"og:title\" content=\"Hairpearl | Teinture pour sourcils sans PPD\" \/>\n<meta property=\"og:description\" content=\"Hairpearl Teinture pour sourcils sans PPD - couleur douce, s\u00fbre et durable pour les peaux sensibles. Des r\u00e9sultats professionnels sans produits chimiques agressifs.\" \/>\n<meta property=\"og:url\" content=\"https:\/\/cocohouseofbeauty.com\/fr\/produit\/hairpearl-teinture-pour-sourcils-sans-ppd\/\" \/>\n<meta property=\"og:site_name\" content=\"Coco House of Beauty\" \/>\n<meta property=\"article:publisher\" content=\"https:\/\/www.facebook.com\/groups\/388929390727436\/about\/\" \/>\n<meta property=\"article:modified_time\" content=\"2025-07-23T12:16:24+00:00\" \/>\n<meta property=\"og:image\" content=\"https:\/\/cocohouseofbeauty.com\/wp-content\/uploads\/2025\/04\/New-Look-same-great-formula-CHOCOLATE-BROWN.jpg\" \/>\n\t<meta property=\"og:image:width\" content=\"2000\" \/>\n\t<meta property=\"og:image:height\" content=\"2000\" \/>\n\t<meta property=\"og:image:type\" content=\"image\/jpeg\" \/>\n<meta name=\"twitter:card\" content=\"summary_large_image\" \/>\n<meta name=\"twitter:label1\" content=\"Disponibilit\u00e9\" \/>\n\t<meta name=\"twitter:data1\" content=\"En stock\" \/>\n<script type=\"application\/ld+json\" class=\"yoast-schema-graph\">{\"@context\":\"https:\/\/schema.org\",\"@graph\":[{\"@type\":\"WebPage\",\"@id\":\"https:\/\/cocohouseofbeauty.com\/fr\/produit\/hairpearl-teinture-pour-sourcils-sans-ppd\/\",\"url\":\"https:\/\/cocohouseofbeauty.com\/fr\/produit\/hairpearl-teinture-pour-sourcils-sans-ppd\/\",\"name\":\"Hairpearl | Teinture pour sourcils sans PPD - Coco House of Beauty\",\"isPartOf\":{\"@id\":\"https:\/\/cocohouseofbeauty.com\/fr\/#website\"},\"primaryImageOfPage\":{\"@id\":\"https:\/\/cocohouseofbeauty.com\/fr\/produit\/hairpearl-teinture-pour-sourcils-sans-ppd\/#primaryimage\"},\"image\":{\"@id\":\"https:\/\/cocohouseofbeauty.com\/fr\/produit\/hairpearl-teinture-pour-sourcils-sans-ppd\/#primaryimage\"},\"thumbnailUrl\":\"https:\/\/cocohouseofbeauty.com\/wp-content\/uploads\/2025\/04\/New-Look-same-great-formula-CHOCOLATE-BROWN.jpg\",\"datePublished\":\"2025-04-11T06:32:14+00:00\",\"dateModified\":\"2025-07-23T12:16:24+00:00\",\"description\":\"Hairpearl Teinture pour sourcils sans PPD - couleur douce, s\u00fbre et durable pour les peaux sensibles. Des r\u00e9sultats professionnels sans produits chimiques agressifs.\",\"breadcrumb\":{\"@id\":\"https:\/\/cocohouseofbeauty.com\/fr\/produit\/hairpearl-teinture-pour-sourcils-sans-ppd\/#breadcrumb\"},\"inLanguage\":\"fr-FR\",\"potentialAction\":[{\"@type\":\"ReadAction\",\"target\":[\"https:\/\/cocohouseofbeauty.com\/fr\/produit\/hairpearl-teinture-pour-sourcils-sans-ppd\/\"]}]},{\"@type\":\"ImageObject\",\"inLanguage\":\"fr-FR\",\"@id\":\"https:\/\/cocohouseofbeauty.com\/fr\/produit\/hairpearl-teinture-pour-sourcils-sans-ppd\/#primaryimage\",\"url\":\"https:\/\/cocohouseofbeauty.com\/wp-content\/uploads\/2025\/04\/New-Look-same-great-formula-CHOCOLATE-BROWN.jpg\",\"contentUrl\":\"https:\/\/cocohouseofbeauty.com\/wp-content\/uploads\/2025\/04\/New-Look-same-great-formula-CHOCOLATE-BROWN.jpg\",\"width\":2000,\"height\":2000},{\"@type\":\"BreadcrumbList\",\"@id\":\"https:\/\/cocohouseofbeauty.com\/fr\/produit\/hairpearl-teinture-pour-sourcils-sans-ppd\/#breadcrumb\",\"itemListElement\":[{\"@type\":\"ListItem\",\"position\":1,\"name\":\"Home\",\"item\":\"https:\/\/cocohouseofbeauty.com\/fr\/\"},{\"@type\":\"ListItem\",\"position\":2,\"name\":\"Boutique\",\"item\":\"https:\/\/cocohouseofbeauty.com\/fr\/boutique\/\"},{\"@type\":\"ListItem\",\"position\":3,\"name\":\"Hairpearl | Teinture pour sourcils sans PPD\"}]},{\"@type\":\"WebSite\",\"@id\":\"https:\/\/cocohouseofbeauty.com\/fr\/#website\",\"url\":\"https:\/\/cocohouseofbeauty.com\/fr\/\",\"name\":\"Coco House of Beauty\",\"description\":\"Your beauty partner for exclusive lash &amp; brow brands\",\"publisher\":{\"@id\":\"https:\/\/cocohouseofbeauty.com\/fr\/#organization\"},\"potentialAction\":[{\"@type\":\"SearchAction\",\"target\":{\"@type\":\"EntryPoint\",\"urlTemplate\":\"https:\/\/cocohouseofbeauty.com\/fr\/?s={search_term_string}\"},\"query-input\":{\"@type\":\"PropertyValueSpecification\",\"valueRequired\":true,\"valueName\":\"search_term_string\"}}],\"inLanguage\":\"fr-FR\"},{\"@type\":\"Organization\",\"@id\":\"https:\/\/cocohouseofbeauty.com\/fr\/#organization\",\"name\":\"Coco House of Beauty\",\"url\":\"https:\/\/cocohouseofbeauty.com\/fr\/\",\"logo\":{\"@type\":\"ImageObject\",\"inLanguage\":\"fr-FR\",\"@id\":\"https:\/\/cocohouseofbeauty.com\/fr\/#\/schema\/logo\/image\/\",\"url\":\"https:\/\/cocohouseofbeauty.com\/wp-content\/uploads\/2024\/03\/cropped-coco-logo-zonder-estb.png\",\"contentUrl\":\"https:\/\/cocohouseofbeauty.com\/wp-content\/uploads\/2024\/03\/cropped-coco-logo-zonder-estb.png\",\"width\":1532,\"height\":612,\"caption\":\"Coco House of Beauty\"},\"image\":{\"@id\":\"https:\/\/cocohouseofbeauty.com\/fr\/#\/schema\/logo\/image\/\"},\"sameAs\":[\"https:\/\/www.facebook.com\/groups\/388929390727436\/about\/\",\"https:\/\/www.instagram.com\/cocohouse.of.beauty\/\",\"https:\/\/www.tiktok.com\/@cocohouseofbeauty\"],\"foundingDate\":\"2024-04-05\",\"numberOfEmployees\":{\"@type\":\"QuantitativeValue\",\"minValue\":\"11\",\"maxValue\":\"50\"}}]}<\/script>\n<meta property=\"og:availability\" content=\"instock\" \/>\n<meta property=\"product:availability\" content=\"instock\" \/>\n<meta property=\"product:condition\" content=\"new\" \/>\n<!-- \/ Yoast SEO Premium plugin. -->","yoast_head_json":{"title":"Hairpearl | Teinture pour sourcils sans PPD - Coco House of Beauty","description":"Hairpearl Teinture pour sourcils sans PPD - couleur douce, s\u00fbre et durable pour les peaux sensibles. Des r\u00e9sultats professionnels sans produits chimiques agressifs.","robots":{"index":"index","follow":"follow","max-snippet":"max-snippet:-1","max-image-preview":"max-image-preview:large","max-video-preview":"max-video-preview:-1"},"canonical":"https:\/\/cocohouseofbeauty.com\/fr\/produit\/hairpearl-teinture-pour-sourcils-sans-ppd\/","og_locale":"fr_FR","og_type":"article","og_title":"Hairpearl | Teinture pour sourcils sans PPD","og_description":"Hairpearl Teinture pour sourcils sans PPD - couleur douce, s\u00fbre et durable pour les peaux sensibles. Des r\u00e9sultats professionnels sans produits chimiques agressifs.","og_url":"https:\/\/cocohouseofbeauty.com\/fr\/produit\/hairpearl-teinture-pour-sourcils-sans-ppd\/","og_site_name":"Coco House of Beauty","article_publisher":"https:\/\/www.facebook.com\/groups\/388929390727436\/about\/","article_modified_time":"2025-07-23T12:16:24+00:00","og_image":[{"width":2000,"height":2000,"url":"https:\/\/cocohouseofbeauty.com\/wp-content\/uploads\/2025\/04\/New-Look-same-great-formula-CHOCOLATE-BROWN.jpg","type":"image\/jpeg"}],"twitter_card":"summary_large_image","twitter_misc":{"Disponibilit\u00e9":"En stock"},"schema":{"@context":"https:\/\/schema.org","@graph":[{"@type":"WebPage","@id":"https:\/\/cocohouseofbeauty.com\/fr\/produit\/hairpearl-teinture-pour-sourcils-sans-ppd\/","url":"https:\/\/cocohouseofbeauty.com\/fr\/produit\/hairpearl-teinture-pour-sourcils-sans-ppd\/","name":"Hairpearl | Teinture pour sourcils sans PPD - Coco House of Beauty","isPartOf":{"@id":"https:\/\/cocohouseofbeauty.com\/fr\/#website"},"primaryImageOfPage":{"@id":"https:\/\/cocohouseofbeauty.com\/fr\/produit\/hairpearl-teinture-pour-sourcils-sans-ppd\/#primaryimage"},"image":{"@id":"https:\/\/cocohouseofbeauty.com\/fr\/produit\/hairpearl-teinture-pour-sourcils-sans-ppd\/#primaryimage"},"thumbnailUrl":"https:\/\/cocohouseofbeauty.com\/wp-content\/uploads\/2025\/04\/New-Look-same-great-formula-CHOCOLATE-BROWN.jpg","datePublished":"2025-04-11T06:32:14+00:00","dateModified":"2025-07-23T12:16:24+00:00","description":"Hairpearl Teinture pour sourcils sans PPD - couleur douce, s\u00fbre et durable pour les peaux sensibles. Des r\u00e9sultats professionnels sans produits chimiques agressifs.","breadcrumb":{"@id":"https:\/\/cocohouseofbeauty.com\/fr\/produit\/hairpearl-teinture-pour-sourcils-sans-ppd\/#breadcrumb"},"inLanguage":"fr-FR","potentialAction":[{"@type":"ReadAction","target":["https:\/\/cocohouseofbeauty.com\/fr\/produit\/hairpearl-teinture-pour-sourcils-sans-ppd\/"]}]},{"@type":"ImageObject","inLanguage":"fr-FR","@id":"https:\/\/cocohouseofbeauty.com\/fr\/produit\/hairpearl-teinture-pour-sourcils-sans-ppd\/#primaryimage","url":"https:\/\/cocohouseofbeauty.com\/wp-content\/uploads\/2025\/04\/New-Look-same-great-formula-CHOCOLATE-BROWN.jpg","contentUrl":"https:\/\/cocohouseofbeauty.com\/wp-content\/uploads\/2025\/04\/New-Look-same-great-formula-CHOCOLATE-BROWN.jpg","width":2000,"height":2000},{"@type":"BreadcrumbList","@id":"https:\/\/cocohouseofbeauty.com\/fr\/produit\/hairpearl-teinture-pour-sourcils-sans-ppd\/#breadcrumb","itemListElement":[{"@type":"ListItem","position":1,"name":"Home","item":"https:\/\/cocohouseofbeauty.com\/fr\/"},{"@type":"ListItem","position":2,"name":"Boutique","item":"https:\/\/cocohouseofbeauty.com\/fr\/boutique\/"},{"@type":"ListItem","position":3,"name":"Hairpearl | Teinture pour sourcils sans PPD"}]},{"@type":"WebSite","@id":"https:\/\/cocohouseofbeauty.com\/fr\/#website","url":"https:\/\/cocohouseofbeauty.com\/fr\/","name":"Coco House of Beauty","description":"Your beauty partner for exclusive lash &amp; brow brands","publisher":{"@id":"https:\/\/cocohouseofbeauty.com\/fr\/#organization"},"potentialAction":[{"@type":"SearchAction","target":{"@type":"EntryPoint","urlTemplate":"https:\/\/cocohouseofbeauty.com\/fr\/?s={search_term_string}"},"query-input":{"@type":"PropertyValueSpecification","valueRequired":true,"valueName":"search_term_string"}}],"inLanguage":"fr-FR"},{"@type":"Organization","@id":"https:\/\/cocohouseofbeauty.com\/fr\/#organization","name":"Coco House of Beauty","url":"https:\/\/cocohouseofbeauty.com\/fr\/","logo":{"@type":"ImageObject","inLanguage":"fr-FR","@id":"https:\/\/cocohouseofbeauty.com\/fr\/#\/schema\/logo\/image\/","url":"https:\/\/cocohouseofbeauty.com\/wp-content\/uploads\/2024\/03\/cropped-coco-logo-zonder-estb.png","contentUrl":"https:\/\/cocohouseofbeauty.com\/wp-content\/uploads\/2024\/03\/cropped-coco-logo-zonder-estb.png","width":1532,"height":612,"caption":"Coco House of Beauty"},"image":{"@id":"https:\/\/cocohouseofbeauty.com\/fr\/#\/schema\/logo\/image\/"},"sameAs":["https:\/\/www.facebook.com\/groups\/388929390727436\/about\/","https:\/\/www.instagram.com\/cocohouse.of.beauty\/","https:\/\/www.tiktok.com\/@cocohouseofbeauty"],"foundingDate":"2024-04-05","numberOfEmployees":{"@type":"QuantitativeValue","minValue":"11","maxValue":"50"}}]},"og_availability":"instock","product_availability":"instock","product_condition":"new"},"taxonomy_info":{"product_brand":[{"value":1657,"label":"Hairpearl"}],"product_cat":[{"value":1661,"label":"Hairpearl - Teinture sans PPD"},{"value":2089,"label":"Teinte"}],"product_tag":[{"value":1870,"label":"teinte sans ppd"},{"value":1878,"label":"teinture pour cils sans ppd"},{"value":1874,"label":"teinture pour sourcils sans ppd"}]},"featured_image_src_large":["https:\/\/cocohouseofbeauty.com\/wp-content\/uploads\/2025\/04\/New-Look-same-great-formula-CHOCOLATE-BROWN-1024x1024.jpg",1024,1024,true],"author_info":[],"comment_info":0,"jetpack_sharing_enabled":true,"_links":{"self":[{"href":"https:\/\/cocohouseofbeauty.com\/fr\/wp-json\/wp\/v2\/product\/18539","targetHints":{"allow":["GET"]}}],"collection":[{"href":"https:\/\/cocohouseofbeauty.com\/fr\/wp-json\/wp\/v2\/product"}],"about":[{"href":"https:\/\/cocohouseofbeauty.com\/fr\/wp-json\/wp\/v2\/types\/product"}],"replies":[{"embeddable":true,"href":"https:\/\/cocohouseofbeauty.com\/fr\/wp-json\/wp\/v2\/comments?post=18539"}],"wp:featuredmedia":[{"embeddable":true,"href":"https:\/\/cocohouseofbeauty.com\/fr\/wp-json\/wp\/v2\/media\/18288"}],"wp:attachment":[{"href":"https:\/\/cocohouseofbeauty.com\/fr\/wp-json\/wp\/v2\/media?parent=18539"}],"wp:term":[{"taxonomy":"product_brand","embeddable":true,"href":"https:\/\/cocohouseofbeauty.com\/fr\/wp-json\/wp\/v2\/product_brand?post=18539"},{"taxonomy":"product_cat","embeddable":true,"href":"https:\/\/cocohouseofbeauty.com\/fr\/wp-json\/wp\/v2\/product_cat?post=18539"},{"taxonomy":"product_tag","embeddable":true,"href":"https:\/\/cocohouseofbeauty.com\/fr\/wp-json\/wp\/v2\/product_tag?post=18539"}],"curies":[{"name":"wp","href":"https:\/\/api.w.org\/{rel}","templated":true}]}}