{"id":16091,"date":"2024-11-30T10:48:33","date_gmt":"2024-11-30T08:48:33","guid":{"rendered":"https:\/\/cocohouseofbeauty.com\/product\/hollywood-brows-bubble-brow-shampoo\/"},"modified":"2025-04-09T10:34:04","modified_gmt":"2025-04-09T08:34:04","slug":"hollywood-brows-bubble-brow-shampoo","status":"publish","type":"product","link":"https:\/\/cocohouseofbeauty.com\/fr\/produit\/hollywood-brows-bubble-brow-shampoo\/","title":{"rendered":"Hollywood Brows | SHAMPOOING BUBBLE BROW"},"content":{"rendered":"","protected":false},"excerpt":{"rendered":"<p style=\"font-family: Futura, sans-serif;font-size: 14px;font-style: normal;font-weight: 300;letter-spacing: normal;text-align: start;text-indent: 0px;text-transform: none;text-decoration: none\">Notre shampooing \u00e0 bulles pour sourcils est tr\u00e8s doux car il est sans formald\u00e9hyde. Il est parfait pour nettoyer les sourcils, \u00e9liminer la salet\u00e9, les huiles naturelles et le maquillage. Gr\u00e2ce \u00e0 sa formule sans huile, notre Bubble Brow Shampoo est id\u00e9al pour obtenir une meilleure coloration de la peau &#8211; il ne laisse pas de barri\u00e8re d&#8217;huile sur la peau -. Notre shampooing pour sourcils contient des acides amin\u00e9s, excellents pour la peau et les cheveux.   <\/p>\n<p style=\"font-family: Futura, sans-serif;font-size: 14px;font-style: normal;font-weight: 300;letter-spacing: normal;text-align: start;text-indent: 0px;text-transform: none;text-decoration: none\">Nous vous recommandons d&#8217;utiliser notre shampooing pour sourcils sans huile en combinaison avec notre gommage pour sourcils sans huile pour une pr\u00e9paration parfaite de la peau.<\/p>\n<p style=\"font-family: Futura, sans-serif;font-size: 14px;font-style: normal;font-weight: 300;letter-spacing: normal;text-align: start;text-indent: 0px;text-transform: none;text-decoration: none\">Agitez bien avant l&#8217;utilisation. Le pigment peut provoquer des taches sur les meubles clairs. <\/p>\n<p style=\"font-family: Futura, sans-serif;font-size: 14px;font-style: normal;font-weight: 300;letter-spacing: normal;text-align: start;text-indent: 0px;text-transform: none;text-decoration: none\">SKU : COCO- 2215, COCO-2238<\/p>\n","protected":false},"featured_media":12775,"comment_status":"open","ping_status":"closed","template":"","meta":{"_kad_blocks_custom_css":"","_kad_blocks_head_custom_js":"","_kad_blocks_body_custom_js":"","_kad_blocks_footer_custom_js":"","_kadence_starter_templates_imported_post":false,"_kad_post_transparent":"","_kad_post_title":"","_kad_post_layout":"","_kad_post_sidebar_id":"","_kad_post_content_style":"","_kad_post_vertical_padding":"","_kad_post_feature":"","_kad_post_feature_position":"","_kad_post_header":false,"_kad_post_footer":false,"_kad_post_classname":""},"product_brand":[],"product_cat":[149,580,2128,2150,2091,4995],"product_tag":[],"class_list":{"0":"post-16091","1":"product","2":"type-product","3":"status-publish","4":"has-post-thumbnail","6":"product_cat-care","7":"product_cat-hollywood-brows-fr-2","8":"product_cat-maquillage","9":"product_cat-pour-les-cils","10":"product_cat-preparation-des-sourcils","11":"product_cat-vente-au-detail","13":"first","14":"instock","15":"taxable","16":"shipping-taxable","17":"purchasable","18":"product-type-variable","19":"entry","20":"content-bg","21":"loop-entry"},"yoast_head":"<!-- This site is optimized with the Yoast SEO Premium plugin v27.2 (Yoast SEO v27.2) - https:\/\/yoast.com\/product\/yoast-seo-premium-wordpress\/ -->\n<title>Hollywood Brows | SHAMPOOING BUBBLE BROW - Coco House of Beauty<\/title>\n<meta name=\"robots\" content=\"index, follow, max-snippet:-1, max-image-preview:large, max-video-preview:-1\" \/>\n<link rel=\"canonical\" href=\"https:\/\/cocohouseofbeauty.com\/fr\/produit\/hollywood-brows-bubble-brow-shampoo\/\" \/>\n<meta property=\"og:locale\" content=\"fr_FR\" \/>\n<meta property=\"og:type\" content=\"article\" \/>\n<meta property=\"og:title\" content=\"Hollywood Brows | SHAMPOOING BUBBLE BROW\" \/>\n<meta property=\"og:description\" content=\"Notre shampooing \u00e0 bulles pour sourcils est tr\u00e8s doux car il est sans formald\u00e9hyde. Il est parfait pour nettoyer les sourcils, \u00e9liminer la salet\u00e9, les huiles naturelles et le maquillage. Gr\u00e2ce \u00e0 sa formule sans huile, notre Bubble Brow Shampoo est id\u00e9al pour obtenir une meilleure coloration de la peau - il ne laisse pas de barri\u00e8re d&#039;huile sur la peau -. Notre shampooing pour sourcils contient des acides amin\u00e9s, excellents pour la peau et les cheveux.  Nous vous recommandons d&#039;utiliser notre shampooing pour sourcils sans huile en combinaison avec notre gommage pour sourcils sans huile pour une pr\u00e9paration parfaite de la peau. Agitez bien avant l&#039;utilisation. Le pigment peut provoquer des taches sur les meubles clairs. SKU : COCO- 2215, COCO-2238\" \/>\n<meta property=\"og:url\" content=\"https:\/\/cocohouseofbeauty.com\/fr\/produit\/hollywood-brows-bubble-brow-shampoo\/\" \/>\n<meta property=\"og:site_name\" content=\"Coco House of Beauty\" \/>\n<meta property=\"article:publisher\" content=\"https:\/\/www.facebook.com\/groups\/388929390727436\/about\/\" \/>\n<meta property=\"article:modified_time\" content=\"2025-04-09T08:34:04+00:00\" \/>\n<meta property=\"og:image\" content=\"https:\/\/cocohouseofbeauty.com\/wp-content\/uploads\/2024\/11\/img_0109.jpeg\" \/>\n\t<meta property=\"og:image:width\" content=\"1215\" \/>\n\t<meta property=\"og:image:height\" content=\"1239\" \/>\n\t<meta property=\"og:image:type\" content=\"image\/jpeg\" \/>\n<meta name=\"twitter:card\" content=\"summary_large_image\" \/>\n<meta name=\"twitter:label1\" content=\"Disponibilit\u00e9\" \/>\n\t<meta name=\"twitter:data1\" content=\"En stock\" \/>\n<script type=\"application\/ld+json\" class=\"yoast-schema-graph\">{\"@context\":\"https:\/\/schema.org\",\"@graph\":[{\"@type\":\"WebPage\",\"@id\":\"https:\/\/cocohouseofbeauty.com\/fr\/produit\/hollywood-brows-bubble-brow-shampoo\/\",\"url\":\"https:\/\/cocohouseofbeauty.com\/fr\/produit\/hollywood-brows-bubble-brow-shampoo\/\",\"name\":\"Hollywood Brows | SHAMPOOING BUBBLE BROW - Coco House of Beauty\",\"isPartOf\":{\"@id\":\"https:\/\/cocohouseofbeauty.com\/fr\/#website\"},\"primaryImageOfPage\":{\"@id\":\"https:\/\/cocohouseofbeauty.com\/fr\/produit\/hollywood-brows-bubble-brow-shampoo\/#primaryimage\"},\"image\":{\"@id\":\"https:\/\/cocohouseofbeauty.com\/fr\/produit\/hollywood-brows-bubble-brow-shampoo\/#primaryimage\"},\"thumbnailUrl\":\"https:\/\/cocohouseofbeauty.com\/wp-content\/uploads\/2024\/11\/img_0109.jpeg\",\"datePublished\":\"2024-11-30T08:48:33+00:00\",\"dateModified\":\"2025-04-09T08:34:04+00:00\",\"breadcrumb\":{\"@id\":\"https:\/\/cocohouseofbeauty.com\/fr\/produit\/hollywood-brows-bubble-brow-shampoo\/#breadcrumb\"},\"inLanguage\":\"fr-FR\",\"potentialAction\":[{\"@type\":\"ReadAction\",\"target\":[\"https:\/\/cocohouseofbeauty.com\/fr\/produit\/hollywood-brows-bubble-brow-shampoo\/\"]}]},{\"@type\":\"ImageObject\",\"inLanguage\":\"fr-FR\",\"@id\":\"https:\/\/cocohouseofbeauty.com\/fr\/produit\/hollywood-brows-bubble-brow-shampoo\/#primaryimage\",\"url\":\"https:\/\/cocohouseofbeauty.com\/wp-content\/uploads\/2024\/11\/img_0109.jpeg\",\"contentUrl\":\"https:\/\/cocohouseofbeauty.com\/wp-content\/uploads\/2024\/11\/img_0109.jpeg\",\"width\":1215,\"height\":1239},{\"@type\":\"BreadcrumbList\",\"@id\":\"https:\/\/cocohouseofbeauty.com\/fr\/produit\/hollywood-brows-bubble-brow-shampoo\/#breadcrumb\",\"itemListElement\":[{\"@type\":\"ListItem\",\"position\":1,\"name\":\"Home\",\"item\":\"https:\/\/cocohouseofbeauty.com\/fr\/\"},{\"@type\":\"ListItem\",\"position\":2,\"name\":\"Boutique\",\"item\":\"https:\/\/cocohouseofbeauty.com\/fr\/boutique\/\"},{\"@type\":\"ListItem\",\"position\":3,\"name\":\"Hollywood Brows | SHAMPOOING BUBBLE BROW\"}]},{\"@type\":\"WebSite\",\"@id\":\"https:\/\/cocohouseofbeauty.com\/fr\/#website\",\"url\":\"https:\/\/cocohouseofbeauty.com\/fr\/\",\"name\":\"Coco House of Beauty\",\"description\":\"Your beauty partner for exclusive lash &amp; brow brands\",\"publisher\":{\"@id\":\"https:\/\/cocohouseofbeauty.com\/fr\/#organization\"},\"potentialAction\":[{\"@type\":\"SearchAction\",\"target\":{\"@type\":\"EntryPoint\",\"urlTemplate\":\"https:\/\/cocohouseofbeauty.com\/fr\/?s={search_term_string}\"},\"query-input\":{\"@type\":\"PropertyValueSpecification\",\"valueRequired\":true,\"valueName\":\"search_term_string\"}}],\"inLanguage\":\"fr-FR\"},{\"@type\":\"Organization\",\"@id\":\"https:\/\/cocohouseofbeauty.com\/fr\/#organization\",\"name\":\"Coco House of Beauty\",\"url\":\"https:\/\/cocohouseofbeauty.com\/fr\/\",\"logo\":{\"@type\":\"ImageObject\",\"inLanguage\":\"fr-FR\",\"@id\":\"https:\/\/cocohouseofbeauty.com\/fr\/#\/schema\/logo\/image\/\",\"url\":\"https:\/\/cocohouseofbeauty.com\/wp-content\/uploads\/2024\/03\/cropped-coco-logo-zonder-estb.png\",\"contentUrl\":\"https:\/\/cocohouseofbeauty.com\/wp-content\/uploads\/2024\/03\/cropped-coco-logo-zonder-estb.png\",\"width\":1532,\"height\":612,\"caption\":\"Coco House of Beauty\"},\"image\":{\"@id\":\"https:\/\/cocohouseofbeauty.com\/fr\/#\/schema\/logo\/image\/\"},\"sameAs\":[\"https:\/\/www.facebook.com\/groups\/388929390727436\/about\/\",\"https:\/\/www.instagram.com\/cocohouse.of.beauty\/\",\"https:\/\/www.tiktok.com\/@cocohouseofbeauty\"],\"foundingDate\":\"2024-04-05\",\"numberOfEmployees\":{\"@type\":\"QuantitativeValue\",\"minValue\":\"11\",\"maxValue\":\"50\"}}]}<\/script>\n<meta property=\"og:availability\" content=\"instock\" \/>\n<meta property=\"product:availability\" content=\"instock\" \/>\n<meta property=\"product:condition\" content=\"new\" \/>\n<!-- \/ Yoast SEO Premium plugin. -->","yoast_head_json":{"title":"Hollywood Brows | SHAMPOOING BUBBLE BROW - Coco House of Beauty","robots":{"index":"index","follow":"follow","max-snippet":"max-snippet:-1","max-image-preview":"max-image-preview:large","max-video-preview":"max-video-preview:-1"},"canonical":"https:\/\/cocohouseofbeauty.com\/fr\/produit\/hollywood-brows-bubble-brow-shampoo\/","og_locale":"fr_FR","og_type":"article","og_title":"Hollywood Brows | SHAMPOOING BUBBLE BROW","og_description":"Notre shampooing \u00e0 bulles pour sourcils est tr\u00e8s doux car il est sans formald\u00e9hyde. Il est parfait pour nettoyer les sourcils, \u00e9liminer la salet\u00e9, les huiles naturelles et le maquillage. Gr\u00e2ce \u00e0 sa formule sans huile, notre Bubble Brow Shampoo est id\u00e9al pour obtenir une meilleure coloration de la peau - il ne laisse pas de barri\u00e8re d'huile sur la peau -. Notre shampooing pour sourcils contient des acides amin\u00e9s, excellents pour la peau et les cheveux.  Nous vous recommandons d'utiliser notre shampooing pour sourcils sans huile en combinaison avec notre gommage pour sourcils sans huile pour une pr\u00e9paration parfaite de la peau. Agitez bien avant l'utilisation. Le pigment peut provoquer des taches sur les meubles clairs. SKU : COCO- 2215, COCO-2238","og_url":"https:\/\/cocohouseofbeauty.com\/fr\/produit\/hollywood-brows-bubble-brow-shampoo\/","og_site_name":"Coco House of Beauty","article_publisher":"https:\/\/www.facebook.com\/groups\/388929390727436\/about\/","article_modified_time":"2025-04-09T08:34:04+00:00","og_image":[{"width":1215,"height":1239,"url":"https:\/\/cocohouseofbeauty.com\/wp-content\/uploads\/2024\/11\/img_0109.jpeg","type":"image\/jpeg"}],"twitter_card":"summary_large_image","twitter_misc":{"Disponibilit\u00e9":"En stock"},"schema":{"@context":"https:\/\/schema.org","@graph":[{"@type":"WebPage","@id":"https:\/\/cocohouseofbeauty.com\/fr\/produit\/hollywood-brows-bubble-brow-shampoo\/","url":"https:\/\/cocohouseofbeauty.com\/fr\/produit\/hollywood-brows-bubble-brow-shampoo\/","name":"Hollywood Brows | SHAMPOOING BUBBLE BROW - Coco House of Beauty","isPartOf":{"@id":"https:\/\/cocohouseofbeauty.com\/fr\/#website"},"primaryImageOfPage":{"@id":"https:\/\/cocohouseofbeauty.com\/fr\/produit\/hollywood-brows-bubble-brow-shampoo\/#primaryimage"},"image":{"@id":"https:\/\/cocohouseofbeauty.com\/fr\/produit\/hollywood-brows-bubble-brow-shampoo\/#primaryimage"},"thumbnailUrl":"https:\/\/cocohouseofbeauty.com\/wp-content\/uploads\/2024\/11\/img_0109.jpeg","datePublished":"2024-11-30T08:48:33+00:00","dateModified":"2025-04-09T08:34:04+00:00","breadcrumb":{"@id":"https:\/\/cocohouseofbeauty.com\/fr\/produit\/hollywood-brows-bubble-brow-shampoo\/#breadcrumb"},"inLanguage":"fr-FR","potentialAction":[{"@type":"ReadAction","target":["https:\/\/cocohouseofbeauty.com\/fr\/produit\/hollywood-brows-bubble-brow-shampoo\/"]}]},{"@type":"ImageObject","inLanguage":"fr-FR","@id":"https:\/\/cocohouseofbeauty.com\/fr\/produit\/hollywood-brows-bubble-brow-shampoo\/#primaryimage","url":"https:\/\/cocohouseofbeauty.com\/wp-content\/uploads\/2024\/11\/img_0109.jpeg","contentUrl":"https:\/\/cocohouseofbeauty.com\/wp-content\/uploads\/2024\/11\/img_0109.jpeg","width":1215,"height":1239},{"@type":"BreadcrumbList","@id":"https:\/\/cocohouseofbeauty.com\/fr\/produit\/hollywood-brows-bubble-brow-shampoo\/#breadcrumb","itemListElement":[{"@type":"ListItem","position":1,"name":"Home","item":"https:\/\/cocohouseofbeauty.com\/fr\/"},{"@type":"ListItem","position":2,"name":"Boutique","item":"https:\/\/cocohouseofbeauty.com\/fr\/boutique\/"},{"@type":"ListItem","position":3,"name":"Hollywood Brows | SHAMPOOING BUBBLE BROW"}]},{"@type":"WebSite","@id":"https:\/\/cocohouseofbeauty.com\/fr\/#website","url":"https:\/\/cocohouseofbeauty.com\/fr\/","name":"Coco House of Beauty","description":"Your beauty partner for exclusive lash &amp; brow brands","publisher":{"@id":"https:\/\/cocohouseofbeauty.com\/fr\/#organization"},"potentialAction":[{"@type":"SearchAction","target":{"@type":"EntryPoint","urlTemplate":"https:\/\/cocohouseofbeauty.com\/fr\/?s={search_term_string}"},"query-input":{"@type":"PropertyValueSpecification","valueRequired":true,"valueName":"search_term_string"}}],"inLanguage":"fr-FR"},{"@type":"Organization","@id":"https:\/\/cocohouseofbeauty.com\/fr\/#organization","name":"Coco House of Beauty","url":"https:\/\/cocohouseofbeauty.com\/fr\/","logo":{"@type":"ImageObject","inLanguage":"fr-FR","@id":"https:\/\/cocohouseofbeauty.com\/fr\/#\/schema\/logo\/image\/","url":"https:\/\/cocohouseofbeauty.com\/wp-content\/uploads\/2024\/03\/cropped-coco-logo-zonder-estb.png","contentUrl":"https:\/\/cocohouseofbeauty.com\/wp-content\/uploads\/2024\/03\/cropped-coco-logo-zonder-estb.png","width":1532,"height":612,"caption":"Coco House of Beauty"},"image":{"@id":"https:\/\/cocohouseofbeauty.com\/fr\/#\/schema\/logo\/image\/"},"sameAs":["https:\/\/www.facebook.com\/groups\/388929390727436\/about\/","https:\/\/www.instagram.com\/cocohouse.of.beauty\/","https:\/\/www.tiktok.com\/@cocohouseofbeauty"],"foundingDate":"2024-04-05","numberOfEmployees":{"@type":"QuantitativeValue","minValue":"11","maxValue":"50"}}]},"og_availability":"instock","product_availability":"instock","product_condition":"new"},"taxonomy_info":{"product_cat":[{"value":149,"label":"Care"},{"value":580,"label":"Hollywood Brows"},{"value":2128,"label":"Maquillage"},{"value":2150,"label":"Pour les cils"},{"value":2091,"label":"Pr\u00e9paration des sourcils"},{"value":4995,"label":"Vente au d\u00e9tail"}]},"featured_image_src_large":["https:\/\/cocohouseofbeauty.com\/wp-content\/uploads\/2024\/11\/img_0109-1004x1024.jpeg",1004,1024,true],"author_info":[],"comment_info":0,"jetpack_sharing_enabled":true,"_links":{"self":[{"href":"https:\/\/cocohouseofbeauty.com\/fr\/wp-json\/wp\/v2\/product\/16091","targetHints":{"allow":["GET"]}}],"collection":[{"href":"https:\/\/cocohouseofbeauty.com\/fr\/wp-json\/wp\/v2\/product"}],"about":[{"href":"https:\/\/cocohouseofbeauty.com\/fr\/wp-json\/wp\/v2\/types\/product"}],"replies":[{"embeddable":true,"href":"https:\/\/cocohouseofbeauty.com\/fr\/wp-json\/wp\/v2\/comments?post=16091"}],"wp:featuredmedia":[{"embeddable":true,"href":"https:\/\/cocohouseofbeauty.com\/fr\/wp-json\/wp\/v2\/media\/12775"}],"wp:attachment":[{"href":"https:\/\/cocohouseofbeauty.com\/fr\/wp-json\/wp\/v2\/media?parent=16091"}],"wp:term":[{"taxonomy":"product_brand","embeddable":true,"href":"https:\/\/cocohouseofbeauty.com\/fr\/wp-json\/wp\/v2\/product_brand?post=16091"},{"taxonomy":"product_cat","embeddable":true,"href":"https:\/\/cocohouseofbeauty.com\/fr\/wp-json\/wp\/v2\/product_cat?post=16091"},{"taxonomy":"product_tag","embeddable":true,"href":"https:\/\/cocohouseofbeauty.com\/fr\/wp-json\/wp\/v2\/product_tag?post=16091"}],"curies":[{"name":"wp","href":"https:\/\/api.w.org\/{rel}","templated":true}]}}