{"id":15341,"date":"2025-01-14T15:41:57","date_gmt":"2025-01-14T13:41:57","guid":{"rendered":"https:\/\/cocohouseofbeauty.com\/product\/starpil-pure-vegan-emulsion-200-ml\/"},"modified":"2025-11-25T11:41:22","modified_gmt":"2025-11-25T09:41:22","slug":"starpil-pure-vegan-emulsion-200-ml","status":"publish","type":"product","link":"https:\/\/cocohouseofbeauty.com\/fr\/produit\/starpil-pure-vegan-emulsion-200-ml\/","title":{"rendered":"Starpil Pure Vegan Emulsion 200 ml"},"content":{"rendered":"<p>Cette formule l\u00e9g\u00e8re et non grasse p\u00e9n\u00e8tre rapidement dans la peau sans laisser de r\u00e9sidus. Elle aide \u00e0 r\u00e9tablir l&#8217;\u00e9quilibre naturel de l&#8217;hydratation de la peau, lui donnant une apparence rafra\u00eechie et rajeunie. <\/p>\n<p>L&#8217;application est facile : il suffit de masser une petite quantit\u00e9 sur la zone \u00e9pil\u00e9e jusqu&#8217;\u00e0 absorption compl\u00e8te. Votre peau sera instantan\u00e9ment hydrat\u00e9e, apais\u00e9e et r\u00e9g\u00e9n\u00e9r\u00e9e. <\/p>\n<p>Avec Starpil Pure Vegan Emulsion, vous b\u00e9n\u00e9ficierez d&#8217;un traitement post-\u00e9pilation professionnel, efficace et respectueux de la peau. C&#8217;est le choix id\u00e9al pour tous ceux qui appr\u00e9cient les produits v\u00e9g\u00e9taliens, naturels et doux dans leur routine de beaut\u00e9. <\/p>\n","protected":false},"excerpt":{"rendered":"<p><strong>Nourrissez votre peau avec l&#8217;\u00e9mulsion Starpil Pure Vegan<\/strong><\/p>\n<p>Choyez votre peau apr\u00e8s l&#8217;\u00e9pilation avec la luxueuse \u00e9mulsion Starpil Pure Vegan. \u00c9labor\u00e9 \u00e0 partir d&#8217;ingr\u00e9dients 100 % v\u00e9g\u00e9taliens, ce produit de soin de premi\u00e8re qualit\u00e9 offre une hydratation et une nutrition intenses pour apaiser et restaurer votre peau apr\u00e8s l&#8217;\u00e9pilation \u00e0 la cire. <\/p>\n<p>L&#8217;\u00e9mulsion Starpil Pure Vegan est sp\u00e9cialement con\u00e7ue pour calmer la peau et r\u00e9duire l&#8217;inconfort li\u00e9 \u00e0 l&#8217;\u00e9pilation \u00e0 la cire. Compos\u00e9e d&#8217;ingr\u00e9dients naturels et respectueux de la peau, elle hydrate et adoucit en profondeur, laissant votre peau lisse, souple et revitalis\u00e9e. <\/p>\n<p><span style=\"border-style: solid;border-width: 0px;display: inline-block;margin-block-end: 0px !important\">SKU : COCO-2295<\/span><\/p>\n","protected":false},"featured_media":15335,"comment_status":"open","ping_status":"closed","template":"","meta":{"_kad_blocks_custom_css":"","_kad_blocks_head_custom_js":"","_kad_blocks_body_custom_js":"","_kad_blocks_footer_custom_js":"","_kadence_starter_templates_imported_post":false,"_kad_post_transparent":"default","_kad_post_title":"","_kad_post_layout":"default","_kad_post_sidebar_id":"","_kad_post_content_style":"default","_kad_post_vertical_padding":"default","_kad_post_feature":"","_kad_post_feature_position":"","_kad_post_header":false,"_kad_post_footer":false,"_kad_post_classname":""},"product_brand":[3266],"product_cat":[1054,2145],"product_tag":[1058,290,1151,1125,291,1055],"class_list":{"0":"post-15341","1":"product","2":"type-product","3":"status-publish","4":"has-post-thumbnail","6":"product_brand-starpil","7":"product_cat-cire","8":"product_cat-cire-et-pince-a-epiler","9":"product_tag-browwax-fr","10":"product_tag-cire","11":"product_tag-cire-a-sourcils","12":"product_tag-cire-starpil","13":"product_tag-epilation-a-la-cire","14":"product_tag-starpil-fr","16":"first","17":"instock","18":"taxable","19":"shipping-taxable","20":"purchasable","21":"product-type-simple","22":"entry","23":"content-bg","24":"loop-entry"},"yoast_head":"<!-- This site is optimized with the Yoast SEO Premium plugin v27.2 (Yoast SEO v27.2) - https:\/\/yoast.com\/product\/yoast-seo-premium-wordpress\/ -->\n<title>Starpil Pure Vegan Emulsion 200 ml - Coco House of Beauty<\/title>\n<meta name=\"robots\" content=\"index, follow, max-snippet:-1, max-image-preview:large, max-video-preview:-1\" \/>\n<link rel=\"canonical\" href=\"https:\/\/cocohouseofbeauty.com\/fr\/produit\/starpil-pure-vegan-emulsion-200-ml\/\" \/>\n<meta property=\"og:locale\" content=\"fr_FR\" \/>\n<meta property=\"og:type\" content=\"article\" \/>\n<meta property=\"og:title\" content=\"Starpil Pure Vegan Emulsion 200 ml\" \/>\n<meta property=\"og:description\" content=\"Nourrissez votre peau avec l&#039;\u00e9mulsion Starpil Pure Vegan Choyez votre peau apr\u00e8s l&#039;\u00e9pilation avec la luxueuse \u00e9mulsion Starpil Pure Vegan. \u00c9labor\u00e9 \u00e0 partir d&#039;ingr\u00e9dients 100 % v\u00e9g\u00e9taliens, ce produit de soin de premi\u00e8re qualit\u00e9 offre une hydratation et une nutrition intenses pour apaiser et restaurer votre peau apr\u00e8s l&#039;\u00e9pilation \u00e0 la cire.  L&#039;\u00e9mulsion Starpil Pure Vegan est sp\u00e9cialement con\u00e7ue pour calmer la peau et r\u00e9duire l&#039;inconfort li\u00e9 \u00e0 l&#039;\u00e9pilation \u00e0 la cire. Compos\u00e9e d&#039;ingr\u00e9dients naturels et respectueux de la peau, elle hydrate et adoucit en profondeur, laissant votre peau lisse, souple et revitalis\u00e9e.  SKU : COCO-2295\" \/>\n<meta property=\"og:url\" content=\"https:\/\/cocohouseofbeauty.com\/fr\/produit\/starpil-pure-vegan-emulsion-200-ml\/\" \/>\n<meta property=\"og:site_name\" content=\"Coco House of Beauty\" \/>\n<meta property=\"article:publisher\" content=\"https:\/\/www.facebook.com\/groups\/388929390727436\/about\/\" \/>\n<meta property=\"article:modified_time\" content=\"2025-11-25T09:41:22+00:00\" \/>\n<meta property=\"og:image\" content=\"https:\/\/cocohouseofbeauty.com\/wp-content\/uploads\/2025\/01\/vegan_post_epil_emulsion-600x600-1.jpg\" \/>\n\t<meta property=\"og:image:width\" content=\"600\" \/>\n\t<meta property=\"og:image:height\" content=\"600\" \/>\n\t<meta property=\"og:image:type\" content=\"image\/jpeg\" \/>\n<meta name=\"twitter:card\" content=\"summary_large_image\" \/>\n<meta name=\"twitter:label1\" content=\"Prix\" \/>\n\t<meta name=\"twitter:data1\" content=\"&euro;&nbsp;19,39\" \/>\n\t<meta name=\"twitter:label2\" content=\"Disponibilit\u00e9\" \/>\n\t<meta name=\"twitter:data2\" content=\"En stock\" \/>\n<script type=\"application\/ld+json\" class=\"yoast-schema-graph\">{\"@context\":\"https:\/\/schema.org\",\"@graph\":[{\"@type\":\"WebPage\",\"@id\":\"https:\/\/cocohouseofbeauty.com\/fr\/produit\/starpil-pure-vegan-emulsion-200-ml\/\",\"url\":\"https:\/\/cocohouseofbeauty.com\/fr\/produit\/starpil-pure-vegan-emulsion-200-ml\/\",\"name\":\"Starpil Pure Vegan Emulsion 200 ml - Coco House of Beauty\",\"isPartOf\":{\"@id\":\"https:\/\/cocohouseofbeauty.com\/fr\/#website\"},\"primaryImageOfPage\":{\"@id\":\"https:\/\/cocohouseofbeauty.com\/fr\/produit\/starpil-pure-vegan-emulsion-200-ml\/#primaryimage\"},\"image\":{\"@id\":\"https:\/\/cocohouseofbeauty.com\/fr\/produit\/starpil-pure-vegan-emulsion-200-ml\/#primaryimage\"},\"thumbnailUrl\":\"https:\/\/cocohouseofbeauty.com\/wp-content\/uploads\/2025\/01\/vegan_post_epil_emulsion-600x600-1.jpg\",\"datePublished\":\"2025-01-14T13:41:57+00:00\",\"dateModified\":\"2025-11-25T09:41:22+00:00\",\"breadcrumb\":{\"@id\":\"https:\/\/cocohouseofbeauty.com\/fr\/produit\/starpil-pure-vegan-emulsion-200-ml\/#breadcrumb\"},\"inLanguage\":\"fr-FR\",\"potentialAction\":[{\"@type\":\"ReadAction\",\"target\":[\"https:\/\/cocohouseofbeauty.com\/fr\/produit\/starpil-pure-vegan-emulsion-200-ml\/\"]}]},{\"@type\":\"ImageObject\",\"inLanguage\":\"fr-FR\",\"@id\":\"https:\/\/cocohouseofbeauty.com\/fr\/produit\/starpil-pure-vegan-emulsion-200-ml\/#primaryimage\",\"url\":\"https:\/\/cocohouseofbeauty.com\/wp-content\/uploads\/2025\/01\/vegan_post_epil_emulsion-600x600-1.jpg\",\"contentUrl\":\"https:\/\/cocohouseofbeauty.com\/wp-content\/uploads\/2025\/01\/vegan_post_epil_emulsion-600x600-1.jpg\",\"width\":600,\"height\":600},{\"@type\":\"BreadcrumbList\",\"@id\":\"https:\/\/cocohouseofbeauty.com\/fr\/produit\/starpil-pure-vegan-emulsion-200-ml\/#breadcrumb\",\"itemListElement\":[{\"@type\":\"ListItem\",\"position\":1,\"name\":\"Home\",\"item\":\"https:\/\/cocohouseofbeauty.com\/fr\/\"},{\"@type\":\"ListItem\",\"position\":2,\"name\":\"Boutique\",\"item\":\"https:\/\/cocohouseofbeauty.com\/fr\/boutique\/\"},{\"@type\":\"ListItem\",\"position\":3,\"name\":\"Starpil Pure Vegan Emulsion 200 ml\"}]},{\"@type\":\"WebSite\",\"@id\":\"https:\/\/cocohouseofbeauty.com\/fr\/#website\",\"url\":\"https:\/\/cocohouseofbeauty.com\/fr\/\",\"name\":\"Coco House of Beauty\",\"description\":\"Your beauty partner for exclusive lash &amp; brow brands\",\"publisher\":{\"@id\":\"https:\/\/cocohouseofbeauty.com\/fr\/#organization\"},\"potentialAction\":[{\"@type\":\"SearchAction\",\"target\":{\"@type\":\"EntryPoint\",\"urlTemplate\":\"https:\/\/cocohouseofbeauty.com\/fr\/?s={search_term_string}\"},\"query-input\":{\"@type\":\"PropertyValueSpecification\",\"valueRequired\":true,\"valueName\":\"search_term_string\"}}],\"inLanguage\":\"fr-FR\"},{\"@type\":\"Organization\",\"@id\":\"https:\/\/cocohouseofbeauty.com\/fr\/#organization\",\"name\":\"Coco House of Beauty\",\"url\":\"https:\/\/cocohouseofbeauty.com\/fr\/\",\"logo\":{\"@type\":\"ImageObject\",\"inLanguage\":\"fr-FR\",\"@id\":\"https:\/\/cocohouseofbeauty.com\/fr\/#\/schema\/logo\/image\/\",\"url\":\"https:\/\/cocohouseofbeauty.com\/wp-content\/uploads\/2024\/03\/cropped-coco-logo-zonder-estb.png\",\"contentUrl\":\"https:\/\/cocohouseofbeauty.com\/wp-content\/uploads\/2024\/03\/cropped-coco-logo-zonder-estb.png\",\"width\":1532,\"height\":612,\"caption\":\"Coco House of Beauty\"},\"image\":{\"@id\":\"https:\/\/cocohouseofbeauty.com\/fr\/#\/schema\/logo\/image\/\"},\"sameAs\":[\"https:\/\/www.facebook.com\/groups\/388929390727436\/about\/\",\"https:\/\/www.instagram.com\/cocohouse.of.beauty\/\",\"https:\/\/www.tiktok.com\/@cocohouseofbeauty\"],\"foundingDate\":\"2024-04-05\",\"numberOfEmployees\":{\"@type\":\"QuantitativeValue\",\"minValue\":\"11\",\"maxValue\":\"50\"}}]}<\/script>\n<meta property=\"product:price:amount\" content=\"19.39\" \/>\n<meta property=\"product:price:currency\" content=\"EUR\" \/>\n<meta property=\"og:availability\" content=\"instock\" \/>\n<meta property=\"product:availability\" content=\"instock\" \/>\n<meta property=\"product:retailer_item_id\" content=\"COCO-2295\" \/>\n<meta property=\"product:condition\" content=\"new\" \/>\n<!-- \/ Yoast SEO Premium plugin. -->","yoast_head_json":{"title":"Starpil Pure Vegan Emulsion 200 ml - Coco House of Beauty","robots":{"index":"index","follow":"follow","max-snippet":"max-snippet:-1","max-image-preview":"max-image-preview:large","max-video-preview":"max-video-preview:-1"},"canonical":"https:\/\/cocohouseofbeauty.com\/fr\/produit\/starpil-pure-vegan-emulsion-200-ml\/","og_locale":"fr_FR","og_type":"article","og_title":"Starpil Pure Vegan Emulsion 200 ml","og_description":"Nourrissez votre peau avec l'\u00e9mulsion Starpil Pure Vegan Choyez votre peau apr\u00e8s l'\u00e9pilation avec la luxueuse \u00e9mulsion Starpil Pure Vegan. \u00c9labor\u00e9 \u00e0 partir d'ingr\u00e9dients 100 % v\u00e9g\u00e9taliens, ce produit de soin de premi\u00e8re qualit\u00e9 offre une hydratation et une nutrition intenses pour apaiser et restaurer votre peau apr\u00e8s l'\u00e9pilation \u00e0 la cire.  L'\u00e9mulsion Starpil Pure Vegan est sp\u00e9cialement con\u00e7ue pour calmer la peau et r\u00e9duire l'inconfort li\u00e9 \u00e0 l'\u00e9pilation \u00e0 la cire. Compos\u00e9e d'ingr\u00e9dients naturels et respectueux de la peau, elle hydrate et adoucit en profondeur, laissant votre peau lisse, souple et revitalis\u00e9e.  SKU : COCO-2295","og_url":"https:\/\/cocohouseofbeauty.com\/fr\/produit\/starpil-pure-vegan-emulsion-200-ml\/","og_site_name":"Coco House of Beauty","article_publisher":"https:\/\/www.facebook.com\/groups\/388929390727436\/about\/","article_modified_time":"2025-11-25T09:41:22+00:00","og_image":[{"width":600,"height":600,"url":"https:\/\/cocohouseofbeauty.com\/wp-content\/uploads\/2025\/01\/vegan_post_epil_emulsion-600x600-1.jpg","type":"image\/jpeg"}],"twitter_card":"summary_large_image","twitter_misc":{"Prix":"&euro;&nbsp;19,39","Disponibilit\u00e9":"En stock"},"schema":{"@context":"https:\/\/schema.org","@graph":[{"@type":"WebPage","@id":"https:\/\/cocohouseofbeauty.com\/fr\/produit\/starpil-pure-vegan-emulsion-200-ml\/","url":"https:\/\/cocohouseofbeauty.com\/fr\/produit\/starpil-pure-vegan-emulsion-200-ml\/","name":"Starpil Pure Vegan Emulsion 200 ml - Coco House of Beauty","isPartOf":{"@id":"https:\/\/cocohouseofbeauty.com\/fr\/#website"},"primaryImageOfPage":{"@id":"https:\/\/cocohouseofbeauty.com\/fr\/produit\/starpil-pure-vegan-emulsion-200-ml\/#primaryimage"},"image":{"@id":"https:\/\/cocohouseofbeauty.com\/fr\/produit\/starpil-pure-vegan-emulsion-200-ml\/#primaryimage"},"thumbnailUrl":"https:\/\/cocohouseofbeauty.com\/wp-content\/uploads\/2025\/01\/vegan_post_epil_emulsion-600x600-1.jpg","datePublished":"2025-01-14T13:41:57+00:00","dateModified":"2025-11-25T09:41:22+00:00","breadcrumb":{"@id":"https:\/\/cocohouseofbeauty.com\/fr\/produit\/starpil-pure-vegan-emulsion-200-ml\/#breadcrumb"},"inLanguage":"fr-FR","potentialAction":[{"@type":"ReadAction","target":["https:\/\/cocohouseofbeauty.com\/fr\/produit\/starpil-pure-vegan-emulsion-200-ml\/"]}]},{"@type":"ImageObject","inLanguage":"fr-FR","@id":"https:\/\/cocohouseofbeauty.com\/fr\/produit\/starpil-pure-vegan-emulsion-200-ml\/#primaryimage","url":"https:\/\/cocohouseofbeauty.com\/wp-content\/uploads\/2025\/01\/vegan_post_epil_emulsion-600x600-1.jpg","contentUrl":"https:\/\/cocohouseofbeauty.com\/wp-content\/uploads\/2025\/01\/vegan_post_epil_emulsion-600x600-1.jpg","width":600,"height":600},{"@type":"BreadcrumbList","@id":"https:\/\/cocohouseofbeauty.com\/fr\/produit\/starpil-pure-vegan-emulsion-200-ml\/#breadcrumb","itemListElement":[{"@type":"ListItem","position":1,"name":"Home","item":"https:\/\/cocohouseofbeauty.com\/fr\/"},{"@type":"ListItem","position":2,"name":"Boutique","item":"https:\/\/cocohouseofbeauty.com\/fr\/boutique\/"},{"@type":"ListItem","position":3,"name":"Starpil Pure Vegan Emulsion 200 ml"}]},{"@type":"WebSite","@id":"https:\/\/cocohouseofbeauty.com\/fr\/#website","url":"https:\/\/cocohouseofbeauty.com\/fr\/","name":"Coco House of Beauty","description":"Your beauty partner for exclusive lash &amp; brow brands","publisher":{"@id":"https:\/\/cocohouseofbeauty.com\/fr\/#organization"},"potentialAction":[{"@type":"SearchAction","target":{"@type":"EntryPoint","urlTemplate":"https:\/\/cocohouseofbeauty.com\/fr\/?s={search_term_string}"},"query-input":{"@type":"PropertyValueSpecification","valueRequired":true,"valueName":"search_term_string"}}],"inLanguage":"fr-FR"},{"@type":"Organization","@id":"https:\/\/cocohouseofbeauty.com\/fr\/#organization","name":"Coco House of Beauty","url":"https:\/\/cocohouseofbeauty.com\/fr\/","logo":{"@type":"ImageObject","inLanguage":"fr-FR","@id":"https:\/\/cocohouseofbeauty.com\/fr\/#\/schema\/logo\/image\/","url":"https:\/\/cocohouseofbeauty.com\/wp-content\/uploads\/2024\/03\/cropped-coco-logo-zonder-estb.png","contentUrl":"https:\/\/cocohouseofbeauty.com\/wp-content\/uploads\/2024\/03\/cropped-coco-logo-zonder-estb.png","width":1532,"height":612,"caption":"Coco House of Beauty"},"image":{"@id":"https:\/\/cocohouseofbeauty.com\/fr\/#\/schema\/logo\/image\/"},"sameAs":["https:\/\/www.facebook.com\/groups\/388929390727436\/about\/","https:\/\/www.instagram.com\/cocohouse.of.beauty\/","https:\/\/www.tiktok.com\/@cocohouseofbeauty"],"foundingDate":"2024-04-05","numberOfEmployees":{"@type":"QuantitativeValue","minValue":"11","maxValue":"50"}}]},"product_price_amount":"19.39","product_price_currency":"EUR","og_availability":"instock","product_availability":"instock","product_retailer_item_id":"COCO-2295","product_condition":"new"},"taxonomy_info":{"product_brand":[{"value":3266,"label":"Starpil"}],"product_cat":[{"value":1054,"label":"Cire"},{"value":2145,"label":"Cire et pince \u00e0 \u00e9piler"}],"product_tag":[{"value":1058,"label":"browwax"},{"value":290,"label":"cire"},{"value":1151,"label":"cire \u00e0 sourcils"},{"value":1125,"label":"cire Starpil"},{"value":291,"label":"\u00e9pilation \u00e0 la cire"},{"value":1055,"label":"starpil"}]},"featured_image_src_large":["https:\/\/cocohouseofbeauty.com\/wp-content\/uploads\/2025\/01\/vegan_post_epil_emulsion-600x600-1.jpg",600,600,false],"author_info":[],"comment_info":0,"jetpack_sharing_enabled":true,"_links":{"self":[{"href":"https:\/\/cocohouseofbeauty.com\/fr\/wp-json\/wp\/v2\/product\/15341","targetHints":{"allow":["GET"]}}],"collection":[{"href":"https:\/\/cocohouseofbeauty.com\/fr\/wp-json\/wp\/v2\/product"}],"about":[{"href":"https:\/\/cocohouseofbeauty.com\/fr\/wp-json\/wp\/v2\/types\/product"}],"replies":[{"embeddable":true,"href":"https:\/\/cocohouseofbeauty.com\/fr\/wp-json\/wp\/v2\/comments?post=15341"}],"wp:featuredmedia":[{"embeddable":true,"href":"https:\/\/cocohouseofbeauty.com\/fr\/wp-json\/wp\/v2\/media\/15335"}],"wp:attachment":[{"href":"https:\/\/cocohouseofbeauty.com\/fr\/wp-json\/wp\/v2\/media?parent=15341"}],"wp:term":[{"taxonomy":"product_brand","embeddable":true,"href":"https:\/\/cocohouseofbeauty.com\/fr\/wp-json\/wp\/v2\/product_brand?post=15341"},{"taxonomy":"product_cat","embeddable":true,"href":"https:\/\/cocohouseofbeauty.com\/fr\/wp-json\/wp\/v2\/product_cat?post=15341"},{"taxonomy":"product_tag","embeddable":true,"href":"https:\/\/cocohouseofbeauty.com\/fr\/wp-json\/wp\/v2\/product_tag?post=15341"}],"curies":[{"name":"wp","href":"https:\/\/api.w.org\/{rel}","templated":true}]}}