{"id":13930,"date":"2025-01-07T12:25:36","date_gmt":"2025-01-07T10:25:36","guid":{"rendered":"https:\/\/cocohouseofbeauty.com\/product\/cocos-lash-lift-reverse-pads-coussinets-inverses\/"},"modified":"2025-09-16T15:53:59","modified_gmt":"2025-09-16T13:53:59","slug":"cocos-lash-lift-reverse-pads-coussinets-inverses","status":"publish","type":"product","link":"https:\/\/cocohouseofbeauty.com\/fr\/produit\/cocos-lash-lift-reverse-pads-coussinets-inverses\/","title":{"rendered":"Coco&#8217;s Lash Lift Reverse Pads (coussinets invers\u00e9s)"},"content":{"rendered":"<p><strong>Coco Lash Lift Pads &#8211; L&#8217;outil ultime pour des cils parfaits<\/strong><\/p>\n<p>Vous \u00eates \u00e0 la recherche d&#8217;un outil multifonctionnel pour am\u00e9liorer vos traitements des cils ? Les <strong>tampons Coco Lift Reverse<\/strong> sont votre solution ! Ces tampons de qualit\u00e9 sup\u00e9rieure sont parfaits pour d\u00e9tendre un lifting des cils, effectuer un lifting cor\u00e9en des cils, teinter les cils, nettoyer en profondeur ou appliquer un masque nourrissant pour les cils.  <\/p>\n<p>Con\u00e7us pour la pr\u00e9cision et le confort, les coussinets Coco Lash Lift vous aident \u00e0 obtenir des r\u00e9sultats professionnels et impeccables \u00e0 chaque fois. Que vous soyez une technicienne des cils ou une passionn\u00e9e de beaut\u00e9, ces coussinets sont essentiels pour cr\u00e9er des cils magnifiquement relev\u00e9s, teint\u00e9s et bien entretenus. <\/p>\n","protected":false},"excerpt":{"rendered":"<p><strong>Coco Lash Lift Pads<\/strong><\/p>\n<p>(Vendu par pi\u00e8ce)<\/p>\n<p>Les Coco Lash Lift Pads polyvalents sont parfaits pour de multiples traitements des cils. Utilisez-les pour d\u00e9tendre un lifting des cils, effectuer un lifting cor\u00e9en des cils, teinter ou nettoyer les cils, ou appliquer un masque pour les cils. Con\u00e7us pour la pr\u00e9cision et le confort, ces tampons sont un outil essentiel pour obtenir des r\u00e9sultats impeccables sur les cils.  <\/p>\n<p>SKU : COCO-2270, COCO-2271, COCO-2272<\/p>\n","protected":false},"featured_media":13987,"comment_status":"open","ping_status":"closed","template":"","meta":{"_kad_blocks_custom_css":"","_kad_blocks_head_custom_js":"","_kad_blocks_body_custom_js":"","_kad_blocks_footer_custom_js":"","_kadence_starter_templates_imported_post":false,"_kad_post_transparent":"default","_kad_post_title":"","_kad_post_layout":"default","_kad_post_sidebar_id":"","_kad_post_content_style":"default","_kad_post_vertical_padding":"default","_kad_post_feature":"","_kad_post_feature_position":"","_kad_post_header":false,"_kad_post_footer":false,"_kad_post_classname":""},"product_brand":[],"product_cat":[123],"product_tag":[],"class_list":{"0":"post-13930","1":"product","2":"type-product","3":"status-publish","4":"has-post-thumbnail","6":"product_cat-tools","7":"product_shipping_class-boite-aux-lettres","9":"first","10":"instock","11":"taxable","12":"shipping-taxable","13":"purchasable","14":"product-type-variable","15":"entry","16":"content-bg","17":"loop-entry"},"yoast_head":"<!-- This site is optimized with the Yoast SEO Premium plugin v27.2 (Yoast SEO v27.2) - https:\/\/yoast.com\/product\/yoast-seo-premium-wordpress\/ -->\n<title>Obtenez des cils impeccables avec Coco Lash Lift Reverse Pads : Lift de cils cor\u00e9en, teinture - Coco House of Beauty<\/title>\n<meta name=\"description\" content=\"D\u00e9couvrez l&#039;outil ultime pour des cils parfaits - Coco Lash Lift Reverse Pads. Obtenez des r\u00e9sultats professionnels et impeccables gr\u00e2ce \u00e0 nos tampons con\u00e7us avec pr\u00e9cision pour les liftings de cils, les liftings de cils cor\u00e9ens, les teintures, les nettoyages ou les traitements nourrissants. Procurez-vous les v\u00f4tres d\u00e8s maintenant !\" \/>\n<meta name=\"robots\" content=\"index, follow, max-snippet:-1, max-image-preview:large, max-video-preview:-1\" \/>\n<link rel=\"canonical\" href=\"https:\/\/cocohouseofbeauty.com\/fr\/produit\/cocos-lash-lift-reverse-pads-coussinets-inverses\/\" \/>\n<meta property=\"og:locale\" content=\"fr_FR\" \/>\n<meta property=\"og:type\" content=\"article\" \/>\n<meta property=\"og:title\" content=\"Coco&#039;s Lash Lift Reverse Pads (coussinets invers\u00e9s)\" \/>\n<meta property=\"og:description\" content=\"D\u00e9couvrez l&#039;outil ultime pour des cils parfaits - Coco Lash Lift Reverse Pads. Obtenez des r\u00e9sultats professionnels et impeccables gr\u00e2ce \u00e0 nos tampons con\u00e7us avec pr\u00e9cision pour les liftings de cils, les liftings de cils cor\u00e9ens, les teintures, les nettoyages ou les traitements nourrissants. Procurez-vous les v\u00f4tres d\u00e8s maintenant !\" \/>\n<meta property=\"og:url\" content=\"https:\/\/cocohouseofbeauty.com\/fr\/produit\/cocos-lash-lift-reverse-pads-coussinets-inverses\/\" \/>\n<meta property=\"og:site_name\" content=\"Coco House of Beauty\" \/>\n<meta property=\"article:publisher\" content=\"https:\/\/www.facebook.com\/groups\/388929390727436\/about\/\" \/>\n<meta property=\"article:modified_time\" content=\"2025-09-16T13:53:59+00:00\" \/>\n<meta property=\"og:image\" content=\"https:\/\/cocohouseofbeauty.com\/wp-content\/uploads\/2025\/01\/Coco_Lash_Lift_Pad_pink-removebg-preview.png\" \/>\n\t<meta property=\"og:image:width\" content=\"524\" \/>\n\t<meta property=\"og:image:height\" content=\"477\" \/>\n\t<meta property=\"og:image:type\" content=\"image\/png\" \/>\n<meta name=\"twitter:card\" content=\"summary_large_image\" \/>\n<meta name=\"twitter:label1\" content=\"Disponibilit\u00e9\" \/>\n\t<meta name=\"twitter:data1\" content=\"En stock\" \/>\n<script type=\"application\/ld+json\" class=\"yoast-schema-graph\">{\"@context\":\"https:\/\/schema.org\",\"@graph\":[{\"@type\":\"WebPage\",\"@id\":\"https:\/\/cocohouseofbeauty.com\/fr\/produit\/cocos-lash-lift-reverse-pads-coussinets-inverses\/\",\"url\":\"https:\/\/cocohouseofbeauty.com\/fr\/produit\/cocos-lash-lift-reverse-pads-coussinets-inverses\/\",\"name\":\"Obtenez des cils impeccables avec Coco Lash Lift Reverse Pads : Lift de cils cor\u00e9en, teinture - Coco House of Beauty\",\"isPartOf\":{\"@id\":\"https:\/\/cocohouseofbeauty.com\/fr\/#website\"},\"primaryImageOfPage\":{\"@id\":\"https:\/\/cocohouseofbeauty.com\/fr\/produit\/cocos-lash-lift-reverse-pads-coussinets-inverses\/#primaryimage\"},\"image\":{\"@id\":\"https:\/\/cocohouseofbeauty.com\/fr\/produit\/cocos-lash-lift-reverse-pads-coussinets-inverses\/#primaryimage\"},\"thumbnailUrl\":\"https:\/\/cocohouseofbeauty.com\/wp-content\/uploads\/2025\/01\/Coco_Lash_Lift_Pad_pink-removebg-preview.png\",\"datePublished\":\"2025-01-07T10:25:36+00:00\",\"dateModified\":\"2025-09-16T13:53:59+00:00\",\"description\":\"D\u00e9couvrez l'outil ultime pour des cils parfaits - Coco Lash Lift Reverse Pads. Obtenez des r\u00e9sultats professionnels et impeccables gr\u00e2ce \u00e0 nos tampons con\u00e7us avec pr\u00e9cision pour les liftings de cils, les liftings de cils cor\u00e9ens, les teintures, les nettoyages ou les traitements nourrissants. Procurez-vous les v\u00f4tres d\u00e8s maintenant !\",\"breadcrumb\":{\"@id\":\"https:\/\/cocohouseofbeauty.com\/fr\/produit\/cocos-lash-lift-reverse-pads-coussinets-inverses\/#breadcrumb\"},\"inLanguage\":\"fr-FR\",\"potentialAction\":[{\"@type\":\"ReadAction\",\"target\":[\"https:\/\/cocohouseofbeauty.com\/fr\/produit\/cocos-lash-lift-reverse-pads-coussinets-inverses\/\"]}]},{\"@type\":\"ImageObject\",\"inLanguage\":\"fr-FR\",\"@id\":\"https:\/\/cocohouseofbeauty.com\/fr\/produit\/cocos-lash-lift-reverse-pads-coussinets-inverses\/#primaryimage\",\"url\":\"https:\/\/cocohouseofbeauty.com\/wp-content\/uploads\/2025\/01\/Coco_Lash_Lift_Pad_pink-removebg-preview.png\",\"contentUrl\":\"https:\/\/cocohouseofbeauty.com\/wp-content\/uploads\/2025\/01\/Coco_Lash_Lift_Pad_pink-removebg-preview.png\",\"width\":524,\"height\":477,\"caption\":\"Coco Lash Lift Reverse pad rose\"},{\"@type\":\"BreadcrumbList\",\"@id\":\"https:\/\/cocohouseofbeauty.com\/fr\/produit\/cocos-lash-lift-reverse-pads-coussinets-inverses\/#breadcrumb\",\"itemListElement\":[{\"@type\":\"ListItem\",\"position\":1,\"name\":\"Home\",\"item\":\"https:\/\/cocohouseofbeauty.com\/fr\/\"},{\"@type\":\"ListItem\",\"position\":2,\"name\":\"Boutique\",\"item\":\"https:\/\/cocohouseofbeauty.com\/fr\/boutique\/\"},{\"@type\":\"ListItem\",\"position\":3,\"name\":\"Coco&rsquo;s Lash Lift Reverse Pads (coussinets invers\u00e9s)\"}]},{\"@type\":\"WebSite\",\"@id\":\"https:\/\/cocohouseofbeauty.com\/fr\/#website\",\"url\":\"https:\/\/cocohouseofbeauty.com\/fr\/\",\"name\":\"Coco House of Beauty\",\"description\":\"Your beauty partner for exclusive lash &amp; brow brands\",\"publisher\":{\"@id\":\"https:\/\/cocohouseofbeauty.com\/fr\/#organization\"},\"potentialAction\":[{\"@type\":\"SearchAction\",\"target\":{\"@type\":\"EntryPoint\",\"urlTemplate\":\"https:\/\/cocohouseofbeauty.com\/fr\/?s={search_term_string}\"},\"query-input\":{\"@type\":\"PropertyValueSpecification\",\"valueRequired\":true,\"valueName\":\"search_term_string\"}}],\"inLanguage\":\"fr-FR\"},{\"@type\":\"Organization\",\"@id\":\"https:\/\/cocohouseofbeauty.com\/fr\/#organization\",\"name\":\"Coco House of Beauty\",\"url\":\"https:\/\/cocohouseofbeauty.com\/fr\/\",\"logo\":{\"@type\":\"ImageObject\",\"inLanguage\":\"fr-FR\",\"@id\":\"https:\/\/cocohouseofbeauty.com\/fr\/#\/schema\/logo\/image\/\",\"url\":\"https:\/\/cocohouseofbeauty.com\/wp-content\/uploads\/2024\/03\/cropped-coco-logo-zonder-estb.png\",\"contentUrl\":\"https:\/\/cocohouseofbeauty.com\/wp-content\/uploads\/2024\/03\/cropped-coco-logo-zonder-estb.png\",\"width\":1532,\"height\":612,\"caption\":\"Coco House of Beauty\"},\"image\":{\"@id\":\"https:\/\/cocohouseofbeauty.com\/fr\/#\/schema\/logo\/image\/\"},\"sameAs\":[\"https:\/\/www.facebook.com\/groups\/388929390727436\/about\/\",\"https:\/\/www.instagram.com\/cocohouse.of.beauty\/\",\"https:\/\/www.tiktok.com\/@cocohouseofbeauty\"],\"foundingDate\":\"2024-04-05\",\"numberOfEmployees\":{\"@type\":\"QuantitativeValue\",\"minValue\":\"11\",\"maxValue\":\"50\"}}]}<\/script>\n<meta property=\"og:availability\" content=\"instock\" \/>\n<meta property=\"product:availability\" content=\"instock\" \/>\n<meta property=\"product:condition\" content=\"new\" \/>\n<!-- \/ Yoast SEO Premium plugin. -->","yoast_head_json":{"title":"Obtenez des cils impeccables avec Coco Lash Lift Reverse Pads : Lift de cils cor\u00e9en, teinture - Coco House of Beauty","description":"D\u00e9couvrez l'outil ultime pour des cils parfaits - Coco Lash Lift Reverse Pads. Obtenez des r\u00e9sultats professionnels et impeccables gr\u00e2ce \u00e0 nos tampons con\u00e7us avec pr\u00e9cision pour les liftings de cils, les liftings de cils cor\u00e9ens, les teintures, les nettoyages ou les traitements nourrissants. Procurez-vous les v\u00f4tres d\u00e8s maintenant !","robots":{"index":"index","follow":"follow","max-snippet":"max-snippet:-1","max-image-preview":"max-image-preview:large","max-video-preview":"max-video-preview:-1"},"canonical":"https:\/\/cocohouseofbeauty.com\/fr\/produit\/cocos-lash-lift-reverse-pads-coussinets-inverses\/","og_locale":"fr_FR","og_type":"article","og_title":"Coco's Lash Lift Reverse Pads (coussinets invers\u00e9s)","og_description":"D\u00e9couvrez l'outil ultime pour des cils parfaits - Coco Lash Lift Reverse Pads. Obtenez des r\u00e9sultats professionnels et impeccables gr\u00e2ce \u00e0 nos tampons con\u00e7us avec pr\u00e9cision pour les liftings de cils, les liftings de cils cor\u00e9ens, les teintures, les nettoyages ou les traitements nourrissants. Procurez-vous les v\u00f4tres d\u00e8s maintenant !","og_url":"https:\/\/cocohouseofbeauty.com\/fr\/produit\/cocos-lash-lift-reverse-pads-coussinets-inverses\/","og_site_name":"Coco House of Beauty","article_publisher":"https:\/\/www.facebook.com\/groups\/388929390727436\/about\/","article_modified_time":"2025-09-16T13:53:59+00:00","og_image":[{"width":524,"height":477,"url":"https:\/\/cocohouseofbeauty.com\/wp-content\/uploads\/2025\/01\/Coco_Lash_Lift_Pad_pink-removebg-preview.png","type":"image\/png"}],"twitter_card":"summary_large_image","twitter_misc":{"Disponibilit\u00e9":"En stock"},"schema":{"@context":"https:\/\/schema.org","@graph":[{"@type":"WebPage","@id":"https:\/\/cocohouseofbeauty.com\/fr\/produit\/cocos-lash-lift-reverse-pads-coussinets-inverses\/","url":"https:\/\/cocohouseofbeauty.com\/fr\/produit\/cocos-lash-lift-reverse-pads-coussinets-inverses\/","name":"Obtenez des cils impeccables avec Coco Lash Lift Reverse Pads : Lift de cils cor\u00e9en, teinture - Coco House of Beauty","isPartOf":{"@id":"https:\/\/cocohouseofbeauty.com\/fr\/#website"},"primaryImageOfPage":{"@id":"https:\/\/cocohouseofbeauty.com\/fr\/produit\/cocos-lash-lift-reverse-pads-coussinets-inverses\/#primaryimage"},"image":{"@id":"https:\/\/cocohouseofbeauty.com\/fr\/produit\/cocos-lash-lift-reverse-pads-coussinets-inverses\/#primaryimage"},"thumbnailUrl":"https:\/\/cocohouseofbeauty.com\/wp-content\/uploads\/2025\/01\/Coco_Lash_Lift_Pad_pink-removebg-preview.png","datePublished":"2025-01-07T10:25:36+00:00","dateModified":"2025-09-16T13:53:59+00:00","description":"D\u00e9couvrez l'outil ultime pour des cils parfaits - Coco Lash Lift Reverse Pads. Obtenez des r\u00e9sultats professionnels et impeccables gr\u00e2ce \u00e0 nos tampons con\u00e7us avec pr\u00e9cision pour les liftings de cils, les liftings de cils cor\u00e9ens, les teintures, les nettoyages ou les traitements nourrissants. Procurez-vous les v\u00f4tres d\u00e8s maintenant !","breadcrumb":{"@id":"https:\/\/cocohouseofbeauty.com\/fr\/produit\/cocos-lash-lift-reverse-pads-coussinets-inverses\/#breadcrumb"},"inLanguage":"fr-FR","potentialAction":[{"@type":"ReadAction","target":["https:\/\/cocohouseofbeauty.com\/fr\/produit\/cocos-lash-lift-reverse-pads-coussinets-inverses\/"]}]},{"@type":"ImageObject","inLanguage":"fr-FR","@id":"https:\/\/cocohouseofbeauty.com\/fr\/produit\/cocos-lash-lift-reverse-pads-coussinets-inverses\/#primaryimage","url":"https:\/\/cocohouseofbeauty.com\/wp-content\/uploads\/2025\/01\/Coco_Lash_Lift_Pad_pink-removebg-preview.png","contentUrl":"https:\/\/cocohouseofbeauty.com\/wp-content\/uploads\/2025\/01\/Coco_Lash_Lift_Pad_pink-removebg-preview.png","width":524,"height":477,"caption":"Coco Lash Lift Reverse pad rose"},{"@type":"BreadcrumbList","@id":"https:\/\/cocohouseofbeauty.com\/fr\/produit\/cocos-lash-lift-reverse-pads-coussinets-inverses\/#breadcrumb","itemListElement":[{"@type":"ListItem","position":1,"name":"Home","item":"https:\/\/cocohouseofbeauty.com\/fr\/"},{"@type":"ListItem","position":2,"name":"Boutique","item":"https:\/\/cocohouseofbeauty.com\/fr\/boutique\/"},{"@type":"ListItem","position":3,"name":"Coco&rsquo;s Lash Lift Reverse Pads (coussinets invers\u00e9s)"}]},{"@type":"WebSite","@id":"https:\/\/cocohouseofbeauty.com\/fr\/#website","url":"https:\/\/cocohouseofbeauty.com\/fr\/","name":"Coco House of Beauty","description":"Your beauty partner for exclusive lash &amp; brow brands","publisher":{"@id":"https:\/\/cocohouseofbeauty.com\/fr\/#organization"},"potentialAction":[{"@type":"SearchAction","target":{"@type":"EntryPoint","urlTemplate":"https:\/\/cocohouseofbeauty.com\/fr\/?s={search_term_string}"},"query-input":{"@type":"PropertyValueSpecification","valueRequired":true,"valueName":"search_term_string"}}],"inLanguage":"fr-FR"},{"@type":"Organization","@id":"https:\/\/cocohouseofbeauty.com\/fr\/#organization","name":"Coco House of Beauty","url":"https:\/\/cocohouseofbeauty.com\/fr\/","logo":{"@type":"ImageObject","inLanguage":"fr-FR","@id":"https:\/\/cocohouseofbeauty.com\/fr\/#\/schema\/logo\/image\/","url":"https:\/\/cocohouseofbeauty.com\/wp-content\/uploads\/2024\/03\/cropped-coco-logo-zonder-estb.png","contentUrl":"https:\/\/cocohouseofbeauty.com\/wp-content\/uploads\/2024\/03\/cropped-coco-logo-zonder-estb.png","width":1532,"height":612,"caption":"Coco House of Beauty"},"image":{"@id":"https:\/\/cocohouseofbeauty.com\/fr\/#\/schema\/logo\/image\/"},"sameAs":["https:\/\/www.facebook.com\/groups\/388929390727436\/about\/","https:\/\/www.instagram.com\/cocohouse.of.beauty\/","https:\/\/www.tiktok.com\/@cocohouseofbeauty"],"foundingDate":"2024-04-05","numberOfEmployees":{"@type":"QuantitativeValue","minValue":"11","maxValue":"50"}}]},"og_availability":"instock","product_availability":"instock","product_condition":"new"},"taxonomy_info":{"product_cat":[{"value":123,"label":"Tools"}]},"featured_image_src_large":["https:\/\/cocohouseofbeauty.com\/wp-content\/uploads\/2025\/01\/Coco_Lash_Lift_Pad_pink-removebg-preview.png",524,477,false],"author_info":[],"comment_info":0,"jetpack_sharing_enabled":true,"_links":{"self":[{"href":"https:\/\/cocohouseofbeauty.com\/fr\/wp-json\/wp\/v2\/product\/13930","targetHints":{"allow":["GET"]}}],"collection":[{"href":"https:\/\/cocohouseofbeauty.com\/fr\/wp-json\/wp\/v2\/product"}],"about":[{"href":"https:\/\/cocohouseofbeauty.com\/fr\/wp-json\/wp\/v2\/types\/product"}],"replies":[{"embeddable":true,"href":"https:\/\/cocohouseofbeauty.com\/fr\/wp-json\/wp\/v2\/comments?post=13930"}],"wp:featuredmedia":[{"embeddable":true,"href":"https:\/\/cocohouseofbeauty.com\/fr\/wp-json\/wp\/v2\/media\/13987"}],"wp:attachment":[{"href":"https:\/\/cocohouseofbeauty.com\/fr\/wp-json\/wp\/v2\/media?parent=13930"}],"wp:term":[{"taxonomy":"product_brand","embeddable":true,"href":"https:\/\/cocohouseofbeauty.com\/fr\/wp-json\/wp\/v2\/product_brand?post=13930"},{"taxonomy":"product_cat","embeddable":true,"href":"https:\/\/cocohouseofbeauty.com\/fr\/wp-json\/wp\/v2\/product_cat?post=13930"},{"taxonomy":"product_tag","embeddable":true,"href":"https:\/\/cocohouseofbeauty.com\/fr\/wp-json\/wp\/v2\/product_tag?post=13930"}],"curies":[{"name":"wp","href":"https:\/\/api.w.org\/{rel}","templated":true}]}}