{"id":10428,"date":"2024-10-07T21:27:18","date_gmt":"2024-10-07T19:27:18","guid":{"rendered":"https:\/\/cocohouseofbeauty.com\/product\/bkate-crayon-fin\/"},"modified":"2026-01-22T12:11:49","modified_gmt":"2026-01-22T10:11:49","slug":"bkate-crayon-fin","status":"publish","type":"product","link":"https:\/\/cocohouseofbeauty.com\/fr\/produit\/bkate-crayon-fin\/","title":{"rendered":"B&#8217;KATE Crayon Fine Liner"},"content":{"rendered":"<p data-start=\"930\" data-end=\"969\"><span class=\"relative -mx-px my-[-0.2rem] rounded px-px py-[0.2rem] transition-colors duration-100 ease-in-out\">Le <strong data-start=\"4\" data-end=\"32\">crayon Fine Liner B&#8217;KATE<\/strong> offre une pr\u00e9cision exceptionnelle gr\u00e2ce \u00e0 sa pointe r\u00e9tractable ultra-fine. Tout d&#8217;abord, il vous permet de dessiner des traits r\u00e9alistes ressemblant \u00e0 des cheveux, m\u00eame dans les zones de sourcils clairsem\u00e9s. Ainsi, vos sourcils paraissent naturels et soign\u00e9s avec un minimum d&#8217;effort.<\/span><\/p>\n<p data-start=\"971\" data-end=\"1010\"><span class=\"relative -mx-px my-[-0.2rem] rounded px-px py-[0.2rem] transition-colors duration-100 ease-in-out\">De plus, chaque crayon comprend une bobine int\u00e9gr\u00e9e pour adoucir les lignes et estomper les couleurs de mani\u00e8re transparente. Vous pouvez choisir parmi trois nuances polyvalentes : Xander (blond), Ed (brun clair \u00e0 moyen) et Ray (brun moyen \u00e0 fonc\u00e9) pour s&#8217;adapter \u00e0 la tonalit\u00e9 et \u00e0 la profondeur de vos sourcils. Comme la formule est r\u00e9sistante aux bavures et longue tenue, elle reste intacte m\u00eame au cours d&#8217;une journ\u00e9e bien remplie.  <\/span><\/p>\n<p data-start=\"1012\" data-end=\"1051\"><span class=\"relative -mx-px my-[-0.2rem] rounded px-px py-[0.2rem] transition-colors duration-100 ease-in-out\">De plus, le crayon est fabriqu\u00e9 \u00e0 partir d&#8217;ingr\u00e9dients v\u00e9g\u00e9taliens, sans cruaut\u00e9 et sans gluten. Il respecte \u00e0 la fois l&#8217;\u00e9thique de la beaut\u00e9 et la sensibilit\u00e9 de la peau. Lorsque vous appliquez les teintes, la texture cr\u00e9meuse mais contr\u00f4l\u00e9e garantit une application transparente, sans glisser ni sauter.  <\/span><\/p>\n<p data-start=\"1053\" data-end=\"1092\"><span class=\"relative -mx-px my-[-0.2rem] rounded px-px py-[0.2rem] transition-colors duration-100 ease-in-out\">Que vous remplissiez des sections clairsem\u00e9es ou que vous d\u00e9finissiez des bords nets, le <strong data-start=\"71\" data-end=\"99\">crayon Fine Liner de B&#8217;KATE<\/strong> permet de r\u00e9aliser des travaux artistiques d\u00e9taill\u00e9s. Vous pouvez augmenter l&#8217;intensit\u00e9 graduellement ou la superposer \u00e0 la p\u00e2te \u00e0 sourcils pour plus de dimension. En outre, il conserve bien sa forme sans se casser, m\u00eame apr\u00e8s une utilisation r\u00e9p\u00e9t\u00e9e en torsion.<\/span><\/p>\n<p data-start=\"1094\" data-end=\"1133\"><span class=\"relative -mx-px my-[-0.2rem] rounded px-px py-[0.2rem] transition-colors duration-100 ease-in-out\">En conclusion, ce crayon allie pr\u00e9cision, confort et formulation \u00e9thique. Ajoutez-le \u00e0 votre trousse \u00e0 outils et profitez de sourcils d\u00e9taill\u00e9s et d\u00e9finis qui durent du matin au soir. <\/span><\/p>\n","protected":false},"excerpt":{"rendered":"<p data-start=\"555\" data-end=\"592\"><span class=\"relative -mx-px my-[-0.2rem] rounded px-px py-[0.2rem] transition-colors duration-100 ease-in-out\">D\u00e9finissez et rehaussez les sourcils avec une pr\u00e9cision ultra-fine gr\u00e2ce \u00e0 ce crayon r\u00e9tractable. De plus, sa formule r\u00e9sistante aux bavures reste impeccable toute la journ\u00e9e. <\/span><\/p>\n<ul data-start=\"594\" data-end=\"807\">\n<li data-start=\"594\" data-end=\"635\">\n<p data-start=\"596\" data-end=\"635\"><span class=\"relative -mx-px my-[-0.2rem] rounded px-px py-[0.2rem] transition-colors duration-100 ease-in-out\">La pointe ultra-fine permet des mouvements r\u00e9alistes semblables \u00e0 ceux d&#8217;un cheveu<\/span><\/p>\n<\/li>\n<li data-start=\"636\" data-end=\"677\">\n<p data-start=\"638\" data-end=\"677\"><span class=\"relative -mx-px my-[-0.2rem] rounded px-px py-[0.2rem] transition-colors duration-100 ease-in-out\">Bobine int\u00e9gr\u00e9e pour un m\u00e9lange en douceur<\/span><\/p>\n<\/li>\n<li data-start=\"678\" data-end=\"721\">\n<p data-start=\"680\" data-end=\"721\"><span class=\"relative -mx-px my-[-0.2rem] rounded px-px py-[0.2rem] transition-colors duration-100 ease-in-out\">Trois teintes longue tenue : Xander, Ed, Ray<\/span><\/p>\n<\/li>\n<li data-start=\"722\" data-end=\"765\">\n<p data-start=\"724\" data-end=\"765\"><span class=\"relative -mx-px my-[-0.2rem] rounded px-px py-[0.2rem] transition-colors duration-100 ease-in-out\">Vegan, sans cruaut\u00e9 et sans gluten<\/span><\/p>\n<\/li>\n<li data-start=\"766\" data-end=\"807\">\n<p data-start=\"768\" data-end=\"807\"><span class=\"relative -mx-px my-[-0.2rem] rounded px-px py-[0.2rem] transition-colors duration-100 ease-in-out\">Compact et facile \u00e0 utiliser<\/span><\/p>\n<\/li>\n<\/ul>\n<p><strong>Prix de vente conseill\u00e9 :<\/strong> 22,99<\/p>\n<h6>INGR\u00c9DIENTS<\/h6>\n<p>Cire microcristalline, cire synth\u00e9tique, isononyl. isononanoate, cire d&#8217;abeille synth\u00e9tique, cire de fruit de rhus succedanea, ci 77492, dioxyde de titane, ozok\u00e9rite, triglyc\u00e9ride caprylique\/caprique, cyclopentasiloxane, trimellitate de trid\u00e9cyle, polyisobut\u00e8ne hydrog\u00e9n\u00e9, ci 77491, ci 77499, triglyc\u00e9ride d&#8217;acide c12-18, dim\u00e9thicone, trim\u00e9thylsiloxysilicate, st\u00e9arate de glyc\u00e9ryle, tocoph\u00e9rol. <\/p>\n<p>SKU : Q0-10215, Q0-10216, Q0-10217<\/p>\n<h6 style=\"font-weight: 400\">COMMENT FAIRE ?<\/h6>\n<p><img loading=\"lazy\" decoding=\"async\" class=\"alignnone size-medium wp-image-3904\" src=\"https:\/\/b-kate.com\/wp-content\/uploads\/2023\/11\/BKATE-COSMETICS-HOW-TO-USE-THE-FINE-LINER-PENCIL-300x300.png\" alt=\"\" width=\"300\" height=\"300\"><\/p>\n","protected":false},"featured_media":7908,"comment_status":"open","ping_status":"closed","template":"","meta":{"_kad_blocks_custom_css":"","_kad_blocks_head_custom_js":"","_kad_blocks_body_custom_js":"","_kad_blocks_footer_custom_js":"","_kadence_starter_templates_imported_post":false,"_kad_post_transparent":"default","_kad_post_title":"","_kad_post_layout":"default","_kad_post_sidebar_id":"","_kad_post_content_style":"default","_kad_post_vertical_padding":"default","_kad_post_feature":"","_kad_post_feature_position":"","_kad_post_header":false,"_kad_post_footer":false,"_kad_post_classname":""},"product_brand":[2264],"product_cat":[312,2128,4995],"product_tag":[339,340,338,5815,5814,5816,5817,5819,5820,5783,5813,444,5818],"class_list":{"0":"post-10428","1":"product","2":"type-product","3":"status-publish","4":"has-post-thumbnail","6":"product_brand-bkate-cosmetics","7":"product_cat-b-kate-fr","8":"product_cat-maquillage","9":"product_cat-vente-au-detail","10":"product_tag-bkate-fr-2","11":"product_tag-bkatecosmetics-fr-2","12":"product_tag-browpencil-fr-2","13":"product_tag-crayon-a-sourcils-en-forme-de-cheveux","14":"product_tag-crayon-a-sourcils-precision","15":"product_tag-crayon-a-sourcils-resistant-aux-bavures","16":"product_tag-crayon-a-sourcils-retractable","17":"product_tag-crayon-a-sourcils-sans-gluten-fr","18":"product_tag-crayon-a-sourcils-spoolie","19":"product_tag-crayon-a-sourcils-vegetalien","20":"product_tag-crayon-fin","21":"product_tag-lashlift-fr","22":"product_tag-liner-sans-cruaute","24":"first","25":"instock","26":"taxable","27":"shipping-taxable","28":"purchasable","29":"product-type-variable","30":"entry","31":"content-bg","32":"loop-entry"},"yoast_head":"<!-- This site is optimized with the Yoast SEO Premium plugin v27.2 (Yoast SEO v27.2) - https:\/\/yoast.com\/product\/yoast-seo-premium-wordpress\/ -->\n<title>Crayon Fine Liner B&#039;KATE pour une pr\u00e9cision parfaite \u00e0 chaque fois<\/title>\n<meta name=\"description\" content=\"Obtenez la pr\u00e9cision d&#039;un cheveu avec le crayon Fine Liner de B&#039;KATE, dot\u00e9 d&#039;une micro-pointe ultra-fine. Estompez et coiffez sans effort d\u00e8s aujourd&#039;hui !\" \/>\n<meta name=\"robots\" content=\"index, follow, max-snippet:-1, max-image-preview:large, max-video-preview:-1\" \/>\n<link rel=\"canonical\" href=\"https:\/\/cocohouseofbeauty.com\/fr\/produit\/bkate-crayon-fin\/\" \/>\n<meta property=\"og:locale\" content=\"fr_FR\" \/>\n<meta property=\"og:type\" content=\"article\" \/>\n<meta property=\"og:title\" content=\"B&#039;KATE Crayon Fine Liner\" \/>\n<meta property=\"og:description\" content=\"Obtenez la pr\u00e9cision d&#039;un cheveu avec le crayon Fine Liner de B&#039;KATE, dot\u00e9 d&#039;une micro-pointe ultra-fine. Estompez et coiffez sans effort d\u00e8s aujourd&#039;hui !\" \/>\n<meta property=\"og:url\" content=\"https:\/\/cocohouseofbeauty.com\/fr\/produit\/bkate-crayon-fin\/\" \/>\n<meta property=\"og:site_name\" content=\"Coco House of Beauty\" \/>\n<meta property=\"article:publisher\" content=\"https:\/\/www.facebook.com\/groups\/388929390727436\/about\/\" \/>\n<meta property=\"article:modified_time\" content=\"2026-01-22T10:11:49+00:00\" \/>\n<meta property=\"og:image\" content=\"https:\/\/cocohouseofbeauty.com\/wp-content\/uploads\/2024\/10\/BKATE-138-scaled-1.jpg\" \/>\n\t<meta property=\"og:image:width\" content=\"2560\" \/>\n\t<meta property=\"og:image:height\" content=\"2560\" \/>\n\t<meta property=\"og:image:type\" content=\"image\/jpeg\" \/>\n<meta name=\"twitter:card\" content=\"summary_large_image\" \/>\n<meta name=\"twitter:label1\" content=\"Disponibilit\u00e9\" \/>\n\t<meta name=\"twitter:data1\" content=\"En stock\" \/>\n<script type=\"application\/ld+json\" class=\"yoast-schema-graph\">{\"@context\":\"https:\/\/schema.org\",\"@graph\":[{\"@type\":\"WebPage\",\"@id\":\"https:\/\/cocohouseofbeauty.com\/fr\/produit\/bkate-crayon-fin\/\",\"url\":\"https:\/\/cocohouseofbeauty.com\/fr\/produit\/bkate-crayon-fin\/\",\"name\":\"Crayon Fine Liner B'KATE pour une pr\u00e9cision parfaite \u00e0 chaque fois\",\"isPartOf\":{\"@id\":\"https:\/\/cocohouseofbeauty.com\/fr\/#website\"},\"primaryImageOfPage\":{\"@id\":\"https:\/\/cocohouseofbeauty.com\/fr\/produit\/bkate-crayon-fin\/#primaryimage\"},\"image\":{\"@id\":\"https:\/\/cocohouseofbeauty.com\/fr\/produit\/bkate-crayon-fin\/#primaryimage\"},\"thumbnailUrl\":\"https:\/\/cocohouseofbeauty.com\/wp-content\/uploads\/2024\/10\/BKATE-138-scaled-1.jpg\",\"datePublished\":\"2024-10-07T19:27:18+00:00\",\"dateModified\":\"2026-01-22T10:11:49+00:00\",\"description\":\"Obtenez la pr\u00e9cision d'un cheveu avec le crayon Fine Liner de B'KATE, dot\u00e9 d'une micro-pointe ultra-fine. Estompez et coiffez sans effort d\u00e8s aujourd'hui !\",\"breadcrumb\":{\"@id\":\"https:\/\/cocohouseofbeauty.com\/fr\/produit\/bkate-crayon-fin\/#breadcrumb\"},\"inLanguage\":\"fr-FR\",\"potentialAction\":[{\"@type\":\"ReadAction\",\"target\":[\"https:\/\/cocohouseofbeauty.com\/fr\/produit\/bkate-crayon-fin\/\"]}]},{\"@type\":\"ImageObject\",\"inLanguage\":\"fr-FR\",\"@id\":\"https:\/\/cocohouseofbeauty.com\/fr\/produit\/bkate-crayon-fin\/#primaryimage\",\"url\":\"https:\/\/cocohouseofbeauty.com\/wp-content\/uploads\/2024\/10\/BKATE-138-scaled-1.jpg\",\"contentUrl\":\"https:\/\/cocohouseofbeauty.com\/wp-content\/uploads\/2024\/10\/BKATE-138-scaled-1.jpg\",\"width\":2560,\"height\":2560,\"caption\":\"bkate, fijn wenkbrauwpotlood, wenkbrauwpotlood precisie, haarachtig wenkbrauwpotlood, veegvast wenkbrauwpotlood, intrekbaar wenkbrauwpotlood, veganistisch wenkbrauwpotlood, cruelty-free liner, glutenvrij wenkbrauwpotlood, spoolie wenkbrauwpotlood\"},{\"@type\":\"BreadcrumbList\",\"@id\":\"https:\/\/cocohouseofbeauty.com\/fr\/produit\/bkate-crayon-fin\/#breadcrumb\",\"itemListElement\":[{\"@type\":\"ListItem\",\"position\":1,\"name\":\"Home\",\"item\":\"https:\/\/cocohouseofbeauty.com\/fr\/\"},{\"@type\":\"ListItem\",\"position\":2,\"name\":\"Boutique\",\"item\":\"https:\/\/cocohouseofbeauty.com\/fr\/boutique\/\"},{\"@type\":\"ListItem\",\"position\":3,\"name\":\"B&#8217;KATE Crayon Fine Liner\"}]},{\"@type\":\"WebSite\",\"@id\":\"https:\/\/cocohouseofbeauty.com\/fr\/#website\",\"url\":\"https:\/\/cocohouseofbeauty.com\/fr\/\",\"name\":\"Coco House of Beauty\",\"description\":\"Your beauty partner for exclusive lash &amp; brow brands\",\"publisher\":{\"@id\":\"https:\/\/cocohouseofbeauty.com\/fr\/#organization\"},\"potentialAction\":[{\"@type\":\"SearchAction\",\"target\":{\"@type\":\"EntryPoint\",\"urlTemplate\":\"https:\/\/cocohouseofbeauty.com\/fr\/?s={search_term_string}\"},\"query-input\":{\"@type\":\"PropertyValueSpecification\",\"valueRequired\":true,\"valueName\":\"search_term_string\"}}],\"inLanguage\":\"fr-FR\"},{\"@type\":\"Organization\",\"@id\":\"https:\/\/cocohouseofbeauty.com\/fr\/#organization\",\"name\":\"Coco House of Beauty\",\"url\":\"https:\/\/cocohouseofbeauty.com\/fr\/\",\"logo\":{\"@type\":\"ImageObject\",\"inLanguage\":\"fr-FR\",\"@id\":\"https:\/\/cocohouseofbeauty.com\/fr\/#\/schema\/logo\/image\/\",\"url\":\"https:\/\/cocohouseofbeauty.com\/wp-content\/uploads\/2024\/03\/cropped-coco-logo-zonder-estb.png\",\"contentUrl\":\"https:\/\/cocohouseofbeauty.com\/wp-content\/uploads\/2024\/03\/cropped-coco-logo-zonder-estb.png\",\"width\":1532,\"height\":612,\"caption\":\"Coco House of Beauty\"},\"image\":{\"@id\":\"https:\/\/cocohouseofbeauty.com\/fr\/#\/schema\/logo\/image\/\"},\"sameAs\":[\"https:\/\/www.facebook.com\/groups\/388929390727436\/about\/\",\"https:\/\/www.instagram.com\/cocohouse.of.beauty\/\",\"https:\/\/www.tiktok.com\/@cocohouseofbeauty\"],\"foundingDate\":\"2024-04-05\",\"numberOfEmployees\":{\"@type\":\"QuantitativeValue\",\"minValue\":\"11\",\"maxValue\":\"50\"}}]}<\/script>\n<meta property=\"og:availability\" content=\"instock\" \/>\n<meta property=\"product:availability\" content=\"instock\" \/>\n<meta property=\"product:condition\" content=\"new\" \/>\n<!-- \/ Yoast SEO Premium plugin. -->","yoast_head_json":{"title":"Crayon Fine Liner B'KATE pour une pr\u00e9cision parfaite \u00e0 chaque fois","description":"Obtenez la pr\u00e9cision d'un cheveu avec le crayon Fine Liner de B'KATE, dot\u00e9 d'une micro-pointe ultra-fine. Estompez et coiffez sans effort d\u00e8s aujourd'hui !","robots":{"index":"index","follow":"follow","max-snippet":"max-snippet:-1","max-image-preview":"max-image-preview:large","max-video-preview":"max-video-preview:-1"},"canonical":"https:\/\/cocohouseofbeauty.com\/fr\/produit\/bkate-crayon-fin\/","og_locale":"fr_FR","og_type":"article","og_title":"B'KATE Crayon Fine Liner","og_description":"Obtenez la pr\u00e9cision d'un cheveu avec le crayon Fine Liner de B'KATE, dot\u00e9 d'une micro-pointe ultra-fine. Estompez et coiffez sans effort d\u00e8s aujourd'hui !","og_url":"https:\/\/cocohouseofbeauty.com\/fr\/produit\/bkate-crayon-fin\/","og_site_name":"Coco House of Beauty","article_publisher":"https:\/\/www.facebook.com\/groups\/388929390727436\/about\/","article_modified_time":"2026-01-22T10:11:49+00:00","og_image":[{"width":2560,"height":2560,"url":"https:\/\/cocohouseofbeauty.com\/wp-content\/uploads\/2024\/10\/BKATE-138-scaled-1.jpg","type":"image\/jpeg"}],"twitter_card":"summary_large_image","twitter_misc":{"Disponibilit\u00e9":"En stock"},"schema":{"@context":"https:\/\/schema.org","@graph":[{"@type":"WebPage","@id":"https:\/\/cocohouseofbeauty.com\/fr\/produit\/bkate-crayon-fin\/","url":"https:\/\/cocohouseofbeauty.com\/fr\/produit\/bkate-crayon-fin\/","name":"Crayon Fine Liner B'KATE pour une pr\u00e9cision parfaite \u00e0 chaque fois","isPartOf":{"@id":"https:\/\/cocohouseofbeauty.com\/fr\/#website"},"primaryImageOfPage":{"@id":"https:\/\/cocohouseofbeauty.com\/fr\/produit\/bkate-crayon-fin\/#primaryimage"},"image":{"@id":"https:\/\/cocohouseofbeauty.com\/fr\/produit\/bkate-crayon-fin\/#primaryimage"},"thumbnailUrl":"https:\/\/cocohouseofbeauty.com\/wp-content\/uploads\/2024\/10\/BKATE-138-scaled-1.jpg","datePublished":"2024-10-07T19:27:18+00:00","dateModified":"2026-01-22T10:11:49+00:00","description":"Obtenez la pr\u00e9cision d'un cheveu avec le crayon Fine Liner de B'KATE, dot\u00e9 d'une micro-pointe ultra-fine. Estompez et coiffez sans effort d\u00e8s aujourd'hui !","breadcrumb":{"@id":"https:\/\/cocohouseofbeauty.com\/fr\/produit\/bkate-crayon-fin\/#breadcrumb"},"inLanguage":"fr-FR","potentialAction":[{"@type":"ReadAction","target":["https:\/\/cocohouseofbeauty.com\/fr\/produit\/bkate-crayon-fin\/"]}]},{"@type":"ImageObject","inLanguage":"fr-FR","@id":"https:\/\/cocohouseofbeauty.com\/fr\/produit\/bkate-crayon-fin\/#primaryimage","url":"https:\/\/cocohouseofbeauty.com\/wp-content\/uploads\/2024\/10\/BKATE-138-scaled-1.jpg","contentUrl":"https:\/\/cocohouseofbeauty.com\/wp-content\/uploads\/2024\/10\/BKATE-138-scaled-1.jpg","width":2560,"height":2560,"caption":"bkate, fijn wenkbrauwpotlood, wenkbrauwpotlood precisie, haarachtig wenkbrauwpotlood, veegvast wenkbrauwpotlood, intrekbaar wenkbrauwpotlood, veganistisch wenkbrauwpotlood, cruelty-free liner, glutenvrij wenkbrauwpotlood, spoolie wenkbrauwpotlood"},{"@type":"BreadcrumbList","@id":"https:\/\/cocohouseofbeauty.com\/fr\/produit\/bkate-crayon-fin\/#breadcrumb","itemListElement":[{"@type":"ListItem","position":1,"name":"Home","item":"https:\/\/cocohouseofbeauty.com\/fr\/"},{"@type":"ListItem","position":2,"name":"Boutique","item":"https:\/\/cocohouseofbeauty.com\/fr\/boutique\/"},{"@type":"ListItem","position":3,"name":"B&#8217;KATE Crayon Fine Liner"}]},{"@type":"WebSite","@id":"https:\/\/cocohouseofbeauty.com\/fr\/#website","url":"https:\/\/cocohouseofbeauty.com\/fr\/","name":"Coco House of Beauty","description":"Your beauty partner for exclusive lash &amp; brow brands","publisher":{"@id":"https:\/\/cocohouseofbeauty.com\/fr\/#organization"},"potentialAction":[{"@type":"SearchAction","target":{"@type":"EntryPoint","urlTemplate":"https:\/\/cocohouseofbeauty.com\/fr\/?s={search_term_string}"},"query-input":{"@type":"PropertyValueSpecification","valueRequired":true,"valueName":"search_term_string"}}],"inLanguage":"fr-FR"},{"@type":"Organization","@id":"https:\/\/cocohouseofbeauty.com\/fr\/#organization","name":"Coco House of Beauty","url":"https:\/\/cocohouseofbeauty.com\/fr\/","logo":{"@type":"ImageObject","inLanguage":"fr-FR","@id":"https:\/\/cocohouseofbeauty.com\/fr\/#\/schema\/logo\/image\/","url":"https:\/\/cocohouseofbeauty.com\/wp-content\/uploads\/2024\/03\/cropped-coco-logo-zonder-estb.png","contentUrl":"https:\/\/cocohouseofbeauty.com\/wp-content\/uploads\/2024\/03\/cropped-coco-logo-zonder-estb.png","width":1532,"height":612,"caption":"Coco House of Beauty"},"image":{"@id":"https:\/\/cocohouseofbeauty.com\/fr\/#\/schema\/logo\/image\/"},"sameAs":["https:\/\/www.facebook.com\/groups\/388929390727436\/about\/","https:\/\/www.instagram.com\/cocohouse.of.beauty\/","https:\/\/www.tiktok.com\/@cocohouseofbeauty"],"foundingDate":"2024-04-05","numberOfEmployees":{"@type":"QuantitativeValue","minValue":"11","maxValue":"50"}}]},"og_availability":"instock","product_availability":"instock","product_condition":"new"},"taxonomy_info":{"product_brand":[{"value":2264,"label":"B'KATE COSMETICS"}],"product_cat":[{"value":312,"label":"B-Kate"},{"value":2128,"label":"Maquillage"},{"value":4995,"label":"Vente au d\u00e9tail"}],"product_tag":[{"value":339,"label":"Bkate"},{"value":340,"label":"bkatecosmetics"},{"value":338,"label":"browpencil"},{"value":5815,"label":"crayon \u00e0 sourcils en forme de cheveux"},{"value":5814,"label":"crayon \u00e0 sourcils pr\u00e9cision"},{"value":5816,"label":"crayon \u00e0 sourcils r\u00e9sistant aux bavures"},{"value":5817,"label":"crayon \u00e0 sourcils r\u00e9tractable"},{"value":5819,"label":"crayon \u00e0 sourcils sans gluten"},{"value":5820,"label":"crayon \u00e0 sourcils spoolie"},{"value":5783,"label":"crayon \u00e0 sourcils v\u00e9g\u00e9talien"},{"value":5813,"label":"crayon fin"},{"value":444,"label":"lashlift"},{"value":5818,"label":"liner sans cruaut\u00e9"}]},"featured_image_src_large":["https:\/\/cocohouseofbeauty.com\/wp-content\/uploads\/2024\/10\/BKATE-138-scaled-1-1024x1024.jpg",1024,1024,true],"author_info":[],"comment_info":0,"jetpack_sharing_enabled":true,"_links":{"self":[{"href":"https:\/\/cocohouseofbeauty.com\/fr\/wp-json\/wp\/v2\/product\/10428","targetHints":{"allow":["GET"]}}],"collection":[{"href":"https:\/\/cocohouseofbeauty.com\/fr\/wp-json\/wp\/v2\/product"}],"about":[{"href":"https:\/\/cocohouseofbeauty.com\/fr\/wp-json\/wp\/v2\/types\/product"}],"replies":[{"embeddable":true,"href":"https:\/\/cocohouseofbeauty.com\/fr\/wp-json\/wp\/v2\/comments?post=10428"}],"wp:featuredmedia":[{"embeddable":true,"href":"https:\/\/cocohouseofbeauty.com\/fr\/wp-json\/wp\/v2\/media\/7908"}],"wp:attachment":[{"href":"https:\/\/cocohouseofbeauty.com\/fr\/wp-json\/wp\/v2\/media?parent=10428"}],"wp:term":[{"taxonomy":"product_brand","embeddable":true,"href":"https:\/\/cocohouseofbeauty.com\/fr\/wp-json\/wp\/v2\/product_brand?post=10428"},{"taxonomy":"product_cat","embeddable":true,"href":"https:\/\/cocohouseofbeauty.com\/fr\/wp-json\/wp\/v2\/product_cat?post=10428"},{"taxonomy":"product_tag","embeddable":true,"href":"https:\/\/cocohouseofbeauty.com\/fr\/wp-json\/wp\/v2\/product_tag?post=10428"}],"curies":[{"name":"wp","href":"https:\/\/api.w.org\/{rel}","templated":true}]}}