{"id":9881,"date":"2024-03-26T15:27:13","date_gmt":"2024-03-26T13:27:13","guid":{"rendered":"https:\/\/cocohouseofbeauty.com\/product\/cepillo-de-la-mascara-de-pestanas-10-stuks\/"},"modified":"2025-09-15T19:53:52","modified_gmt":"2025-09-15T17:53:52","slug":"cepillo-de-la-mascara-de-pestanas-10-stuks","status":"publish","type":"product","link":"https:\/\/cocohouseofbeauty.com\/es\/producto\/cepillo-de-la-mascara-de-pestanas-10-stuks\/","title":{"rendered":"Pinceles para m\u00e1scara de pesta\u00f1as Coco&#8217;s |10 uds."},"content":{"rendered":"<p class=\"ai-optimize-26 ai-optimize-introduction\" data-start=\"693\" data-end=\"1014\">Mant\u00e9n tus servicios de pesta\u00f1as y cejas frescos, limpios y eficaces con nuestro <strong data-start=\"763\" data-end=\"788\">pack de 10 cepillos<\/strong> para m\u00e1scara de Coco House of Beauty. Dise\u00f1ados para uso profesional, estos cepillos desechables en espiral son esenciales para las rutinas posteriores a los tratamientos, ya sea para aplicar la m\u00e1scara, separar las pesta\u00f1as despu\u00e9s de un lifting o dar forma a los pelos de las cejas. <\/p>\n<p class=\"ai-optimize-27\" data-start=\"1016\" data-end=\"1399\">Cada cepillo tiene cerdas de nailon densamente compactas para una aplicaci\u00f3n suave del producto, y una varilla flexible que se adapta f\u00e1cilmente durante el peinado de pesta\u00f1as y cejas. El dise\u00f1o desechable garantiza una higiene perfecta (sin riesgo de transferencia bacteriana) y es ideal para un solo uso por cliente o sesi\u00f3n. Esto no s\u00f3lo favorece la higiene, sino que aumenta la profesionalidad de tu sal\u00f3n y la confianza de los clientes.  <\/p>\n<p class=\"ai-optimize-28\" data-start=\"1401\" data-end=\"1731\">Estos cepillos son f\u00e1ciles de transportar y vienen en c\u00f3modos paquetes de 10 unidades, lo que los hace adecuados para salones de gran volumen, kits de retoque o para incluirlos en los neceseres de cuidado posterior. Ligeros y f\u00e1ciles de usar, tambi\u00e9n funcionan de maravilla para acicalarse en lugar de utilizar peines o los dedos, ayudando a mantener unas l\u00edneas n\u00edtidas y unos resultados impecables durante todo el d\u00eda. <\/p>\n<p class=\"ai-optimize-29\" data-start=\"1733\" data-end=\"2024\">Ya est\u00e9s aplicando una m\u00e1scara voluminizadora o afinando los rizos tras el lifting de pesta\u00f1as, el <strong data-start=\"1814\" data-end=\"1839\">pack de 10 cepillos para m\u00e1scaras<\/strong> ofrece resultados pr\u00e1cticos y de calidad profesional a un precio excelente. A\u00f1\u00e1delos a tu sala de tratamiento o a tu l\u00ednea de venta al por menor, y eleva la calidad de tus servicios y ofertas postratamiento. <\/p>\n","protected":false},"excerpt":{"rendered":"<p class=\"ai-optimize-30\" data-start=\"432\" data-end=\"644\">Este pack de 10 cepillos para m\u00e1scara de pesta\u00f1as incluye carretes desechables de alta calidad, ideales para la aplicaci\u00f3n higi\u00e9nica de la m\u00e1scara de pesta\u00f1as, el mantenimiento del lifting de pesta\u00f1as y el cuidado de las cejas. Perfectos para uso profesional en salones de belleza o para mantenimiento personal. <\/p>\n<p class=\"ai-optimize-24\">SKU: COCO-2114<\/p>\n","protected":false},"featured_media":5951,"comment_status":"closed","ping_status":"closed","template":"","meta":{"_kad_blocks_custom_css":"","_kad_blocks_head_custom_js":"","_kad_blocks_body_custom_js":"","_kad_blocks_footer_custom_js":"","_kadence_starter_templates_imported_post":false,"_kad_post_transparent":"default","_kad_post_title":"","_kad_post_layout":"default","_kad_post_sidebar_id":"","_kad_post_content_style":"default","_kad_post_vertical_padding":"default","_kad_post_feature":"","_kad_post_feature_position":"","_kad_post_header":false,"_kad_post_footer":false,"_kad_post_classname":""},"product_brand":[],"product_cat":[137,141],"product_tag":[3594,3713,3709,3716,3437,3712,3714,3715,3711,3710],"class_list":{"0":"post-9881","1":"product","2":"type-product","3":"status-publish","4":"has-post-thumbnail","6":"product_cat-elleebana-es","7":"product_cat-tools","8":"product_tag-accesorio-elevador-de-pestanas","9":"product_tag-carretes-profesionales","10":"product_tag-cepillo-para-mascara-de-pestanas","11":"product_tag-cuidado-de-pestanas-y-cejas","12":"product_tag-esenciales-para-el-salon","13":"product_tag-herramientas-para-el-cuidado-de-las-cejas","14":"product_tag-higiene-herramienta-de-belleza","15":"product_tag-paquete-de-10-bobinas","16":"product_tag-pinceles-desechables-para-pestanas","17":"product_tag-pinceles-spoolie","18":"product_shipping_class-tarifas-buzon","20":"first","21":"instock","22":"taxable","23":"shipping-taxable","24":"purchasable","25":"product-type-simple","26":"entry","27":"content-bg","28":"loop-entry"},"yoast_head":"<!-- This site is optimized with the Yoast SEO Premium plugin v27.2 (Yoast SEO v27.2) - https:\/\/yoast.com\/product\/yoast-seo-premium-wordpress\/ -->\n<title>Pack de cepillos para m\u00e1scara de pesta\u00f1as - 10 cepillos desechables para pesta\u00f1as y cejas<\/title>\n<meta name=\"description\" content=\"Compra nuestro pack de cepillos para m\u00e1scara de pesta\u00f1as - 10 cepillos desechables en espiral para el mantenimiento higi\u00e9nico del levantamiento de pesta\u00f1as, la aplicaci\u00f3n de m\u00e1scara de pesta\u00f1as y el arreglo de cejas en salones de belleza.\" \/>\n<meta name=\"robots\" content=\"index, follow, max-snippet:-1, max-image-preview:large, max-video-preview:-1\" \/>\n<link rel=\"canonical\" href=\"https:\/\/cocohouseofbeauty.com\/es\/producto\/cepillo-de-la-mascara-de-pestanas-10-stuks\/\" \/>\n<meta property=\"og:locale\" content=\"es_ES\" \/>\n<meta property=\"og:type\" content=\"article\" \/>\n<meta property=\"og:title\" content=\"Pinceles para m\u00e1scara de pesta\u00f1as Coco&#039;s |10 uds.\" \/>\n<meta property=\"og:description\" content=\"Compra nuestro pack de cepillos para m\u00e1scara de pesta\u00f1as - 10 cepillos desechables en espiral para el mantenimiento higi\u00e9nico del levantamiento de pesta\u00f1as, la aplicaci\u00f3n de m\u00e1scara de pesta\u00f1as y el arreglo de cejas en salones de belleza.\" \/>\n<meta property=\"og:url\" content=\"https:\/\/cocohouseofbeauty.com\/es\/producto\/cepillo-de-la-mascara-de-pestanas-10-stuks\/\" \/>\n<meta property=\"og:site_name\" content=\"Coco House of Beauty\" \/>\n<meta property=\"article:publisher\" content=\"https:\/\/www.facebook.com\/groups\/388929390727436\/about\/\" \/>\n<meta property=\"article:modified_time\" content=\"2025-09-15T17:53:52+00:00\" \/>\n<meta property=\"og:image\" content=\"https:\/\/cocohouseofbeauty.com\/wp-content\/uploads\/2024\/03\/unnamed-4.jpg\" \/>\n\t<meta property=\"og:image:width\" content=\"400\" \/>\n\t<meta property=\"og:image:height\" content=\"400\" \/>\n\t<meta property=\"og:image:type\" content=\"image\/jpeg\" \/>\n<meta name=\"twitter:card\" content=\"summary_large_image\" \/>\n<meta name=\"twitter:label1\" content=\"Precio\" \/>\n\t<meta name=\"twitter:data1\" content=\"&euro;&nbsp;2,95\" \/>\n\t<meta name=\"twitter:label2\" content=\"Disponibilidad\" \/>\n\t<meta name=\"twitter:data2\" content=\"Disponible\" \/>\n<script type=\"application\/ld+json\" class=\"yoast-schema-graph\">{\"@context\":\"https:\/\/schema.org\",\"@graph\":[{\"@type\":\"WebPage\",\"@id\":\"https:\/\/cocohouseofbeauty.com\/es\/producto\/cepillo-de-la-mascara-de-pestanas-10-stuks\/\",\"url\":\"https:\/\/cocohouseofbeauty.com\/es\/producto\/cepillo-de-la-mascara-de-pestanas-10-stuks\/\",\"name\":\"Pack de cepillos para m\u00e1scara de pesta\u00f1as - 10 cepillos desechables para pesta\u00f1as y cejas\",\"isPartOf\":{\"@id\":\"https:\/\/cocohouseofbeauty.com\/es\/#website\"},\"primaryImageOfPage\":{\"@id\":\"https:\/\/cocohouseofbeauty.com\/es\/producto\/cepillo-de-la-mascara-de-pestanas-10-stuks\/#primaryimage\"},\"image\":{\"@id\":\"https:\/\/cocohouseofbeauty.com\/es\/producto\/cepillo-de-la-mascara-de-pestanas-10-stuks\/#primaryimage\"},\"thumbnailUrl\":\"https:\/\/cocohouseofbeauty.com\/wp-content\/uploads\/2024\/03\/unnamed-4.jpg\",\"datePublished\":\"2024-03-26T13:27:13+00:00\",\"dateModified\":\"2025-09-15T17:53:52+00:00\",\"description\":\"Compra nuestro pack de cepillos para m\u00e1scara de pesta\u00f1as - 10 cepillos desechables en espiral para el mantenimiento higi\u00e9nico del levantamiento de pesta\u00f1as, la aplicaci\u00f3n de m\u00e1scara de pesta\u00f1as y el arreglo de cejas en salones de belleza.\",\"breadcrumb\":{\"@id\":\"https:\/\/cocohouseofbeauty.com\/es\/producto\/cepillo-de-la-mascara-de-pestanas-10-stuks\/#breadcrumb\"},\"inLanguage\":\"es\",\"potentialAction\":[{\"@type\":\"ReadAction\",\"target\":[\"https:\/\/cocohouseofbeauty.com\/es\/producto\/cepillo-de-la-mascara-de-pestanas-10-stuks\/\"]}]},{\"@type\":\"ImageObject\",\"inLanguage\":\"es\",\"@id\":\"https:\/\/cocohouseofbeauty.com\/es\/producto\/cepillo-de-la-mascara-de-pestanas-10-stuks\/#primaryimage\",\"url\":\"https:\/\/cocohouseofbeauty.com\/wp-content\/uploads\/2024\/03\/unnamed-4.jpg\",\"contentUrl\":\"https:\/\/cocohouseofbeauty.com\/wp-content\/uploads\/2024\/03\/unnamed-4.jpg\",\"width\":400,\"height\":400,\"caption\":\"Cepillos desechables para m\u00e1scaras de pesta\u00f1as 50 unidades, cepillos desechables para m\u00e1scaras de pesta\u00f1as, cepillos desechables para pesta\u00f1as, cepillos desechables para cejas, cepillos higi\u00e9nicos para pesta\u00f1as, aplicadores de m\u00e1scaras de pesta\u00f1as para salones de belleza, cepillos desechables para pesta\u00f1as, cepillos de un solo uso, accesorios profesionales para pesta\u00f1as\"},{\"@type\":\"BreadcrumbList\",\"@id\":\"https:\/\/cocohouseofbeauty.com\/es\/producto\/cepillo-de-la-mascara-de-pestanas-10-stuks\/#breadcrumb\",\"itemListElement\":[{\"@type\":\"ListItem\",\"position\":1,\"name\":\"Home\",\"item\":\"https:\/\/cocohouseofbeauty.com\/es\/\"},{\"@type\":\"ListItem\",\"position\":2,\"name\":\"Tienda\",\"item\":\"https:\/\/cocohouseofbeauty.com\/es\/tienda\/\"},{\"@type\":\"ListItem\",\"position\":3,\"name\":\"Pinceles para m\u00e1scara de pesta\u00f1as Coco&#8217;s |10 uds.\"}]},{\"@type\":\"WebSite\",\"@id\":\"https:\/\/cocohouseofbeauty.com\/es\/#website\",\"url\":\"https:\/\/cocohouseofbeauty.com\/es\/\",\"name\":\"Coco House of Beauty\",\"description\":\"Your beauty partner for exclusive lash &amp; brow brands\",\"publisher\":{\"@id\":\"https:\/\/cocohouseofbeauty.com\/es\/#organization\"},\"potentialAction\":[{\"@type\":\"SearchAction\",\"target\":{\"@type\":\"EntryPoint\",\"urlTemplate\":\"https:\/\/cocohouseofbeauty.com\/es\/?s={search_term_string}\"},\"query-input\":{\"@type\":\"PropertyValueSpecification\",\"valueRequired\":true,\"valueName\":\"search_term_string\"}}],\"inLanguage\":\"es\"},{\"@type\":\"Organization\",\"@id\":\"https:\/\/cocohouseofbeauty.com\/es\/#organization\",\"name\":\"Coco House of Beauty\",\"url\":\"https:\/\/cocohouseofbeauty.com\/es\/\",\"logo\":{\"@type\":\"ImageObject\",\"inLanguage\":\"es\",\"@id\":\"https:\/\/cocohouseofbeauty.com\/es\/#\/schema\/logo\/image\/\",\"url\":\"https:\/\/cocohouseofbeauty.com\/wp-content\/uploads\/2024\/03\/cropped-coco-logo-zonder-estb.png\",\"contentUrl\":\"https:\/\/cocohouseofbeauty.com\/wp-content\/uploads\/2024\/03\/cropped-coco-logo-zonder-estb.png\",\"width\":1532,\"height\":612,\"caption\":\"Coco House of Beauty\"},\"image\":{\"@id\":\"https:\/\/cocohouseofbeauty.com\/es\/#\/schema\/logo\/image\/\"},\"sameAs\":[\"https:\/\/www.facebook.com\/groups\/388929390727436\/about\/\",\"https:\/\/www.instagram.com\/cocohouse.of.beauty\/\",\"https:\/\/www.tiktok.com\/@cocohouseofbeauty\"],\"foundingDate\":\"2024-04-05\",\"numberOfEmployees\":{\"@type\":\"QuantitativeValue\",\"minValue\":\"11\",\"maxValue\":\"50\"}}]}<\/script>\n<meta property=\"product:price:amount\" content=\"2.95\" \/>\n<meta property=\"product:price:currency\" content=\"EUR\" \/>\n<meta property=\"og:availability\" content=\"instock\" \/>\n<meta property=\"product:availability\" content=\"instock\" \/>\n<meta property=\"product:retailer_item_id\" content=\"COCO-2114\" \/>\n<meta property=\"product:condition\" content=\"new\" \/>\n<!-- \/ Yoast SEO Premium plugin. -->","yoast_head_json":{"title":"Pack de cepillos para m\u00e1scara de pesta\u00f1as - 10 cepillos desechables para pesta\u00f1as y cejas","description":"Compra nuestro pack de cepillos para m\u00e1scara de pesta\u00f1as - 10 cepillos desechables en espiral para el mantenimiento higi\u00e9nico del levantamiento de pesta\u00f1as, la aplicaci\u00f3n de m\u00e1scara de pesta\u00f1as y el arreglo de cejas en salones de belleza.","robots":{"index":"index","follow":"follow","max-snippet":"max-snippet:-1","max-image-preview":"max-image-preview:large","max-video-preview":"max-video-preview:-1"},"canonical":"https:\/\/cocohouseofbeauty.com\/es\/producto\/cepillo-de-la-mascara-de-pestanas-10-stuks\/","og_locale":"es_ES","og_type":"article","og_title":"Pinceles para m\u00e1scara de pesta\u00f1as Coco's |10 uds.","og_description":"Compra nuestro pack de cepillos para m\u00e1scara de pesta\u00f1as - 10 cepillos desechables en espiral para el mantenimiento higi\u00e9nico del levantamiento de pesta\u00f1as, la aplicaci\u00f3n de m\u00e1scara de pesta\u00f1as y el arreglo de cejas en salones de belleza.","og_url":"https:\/\/cocohouseofbeauty.com\/es\/producto\/cepillo-de-la-mascara-de-pestanas-10-stuks\/","og_site_name":"Coco House of Beauty","article_publisher":"https:\/\/www.facebook.com\/groups\/388929390727436\/about\/","article_modified_time":"2025-09-15T17:53:52+00:00","og_image":[{"width":400,"height":400,"url":"https:\/\/cocohouseofbeauty.com\/wp-content\/uploads\/2024\/03\/unnamed-4.jpg","type":"image\/jpeg"}],"twitter_card":"summary_large_image","twitter_misc":{"Precio":"&euro;&nbsp;2,95","Disponibilidad":"Disponible"},"schema":{"@context":"https:\/\/schema.org","@graph":[{"@type":"WebPage","@id":"https:\/\/cocohouseofbeauty.com\/es\/producto\/cepillo-de-la-mascara-de-pestanas-10-stuks\/","url":"https:\/\/cocohouseofbeauty.com\/es\/producto\/cepillo-de-la-mascara-de-pestanas-10-stuks\/","name":"Pack de cepillos para m\u00e1scara de pesta\u00f1as - 10 cepillos desechables para pesta\u00f1as y cejas","isPartOf":{"@id":"https:\/\/cocohouseofbeauty.com\/es\/#website"},"primaryImageOfPage":{"@id":"https:\/\/cocohouseofbeauty.com\/es\/producto\/cepillo-de-la-mascara-de-pestanas-10-stuks\/#primaryimage"},"image":{"@id":"https:\/\/cocohouseofbeauty.com\/es\/producto\/cepillo-de-la-mascara-de-pestanas-10-stuks\/#primaryimage"},"thumbnailUrl":"https:\/\/cocohouseofbeauty.com\/wp-content\/uploads\/2024\/03\/unnamed-4.jpg","datePublished":"2024-03-26T13:27:13+00:00","dateModified":"2025-09-15T17:53:52+00:00","description":"Compra nuestro pack de cepillos para m\u00e1scara de pesta\u00f1as - 10 cepillos desechables en espiral para el mantenimiento higi\u00e9nico del levantamiento de pesta\u00f1as, la aplicaci\u00f3n de m\u00e1scara de pesta\u00f1as y el arreglo de cejas en salones de belleza.","breadcrumb":{"@id":"https:\/\/cocohouseofbeauty.com\/es\/producto\/cepillo-de-la-mascara-de-pestanas-10-stuks\/#breadcrumb"},"inLanguage":"es","potentialAction":[{"@type":"ReadAction","target":["https:\/\/cocohouseofbeauty.com\/es\/producto\/cepillo-de-la-mascara-de-pestanas-10-stuks\/"]}]},{"@type":"ImageObject","inLanguage":"es","@id":"https:\/\/cocohouseofbeauty.com\/es\/producto\/cepillo-de-la-mascara-de-pestanas-10-stuks\/#primaryimage","url":"https:\/\/cocohouseofbeauty.com\/wp-content\/uploads\/2024\/03\/unnamed-4.jpg","contentUrl":"https:\/\/cocohouseofbeauty.com\/wp-content\/uploads\/2024\/03\/unnamed-4.jpg","width":400,"height":400,"caption":"Cepillos desechables para m\u00e1scaras de pesta\u00f1as 50 unidades, cepillos desechables para m\u00e1scaras de pesta\u00f1as, cepillos desechables para pesta\u00f1as, cepillos desechables para cejas, cepillos higi\u00e9nicos para pesta\u00f1as, aplicadores de m\u00e1scaras de pesta\u00f1as para salones de belleza, cepillos desechables para pesta\u00f1as, cepillos de un solo uso, accesorios profesionales para pesta\u00f1as"},{"@type":"BreadcrumbList","@id":"https:\/\/cocohouseofbeauty.com\/es\/producto\/cepillo-de-la-mascara-de-pestanas-10-stuks\/#breadcrumb","itemListElement":[{"@type":"ListItem","position":1,"name":"Home","item":"https:\/\/cocohouseofbeauty.com\/es\/"},{"@type":"ListItem","position":2,"name":"Tienda","item":"https:\/\/cocohouseofbeauty.com\/es\/tienda\/"},{"@type":"ListItem","position":3,"name":"Pinceles para m\u00e1scara de pesta\u00f1as Coco&#8217;s |10 uds."}]},{"@type":"WebSite","@id":"https:\/\/cocohouseofbeauty.com\/es\/#website","url":"https:\/\/cocohouseofbeauty.com\/es\/","name":"Coco House of Beauty","description":"Your beauty partner for exclusive lash &amp; brow brands","publisher":{"@id":"https:\/\/cocohouseofbeauty.com\/es\/#organization"},"potentialAction":[{"@type":"SearchAction","target":{"@type":"EntryPoint","urlTemplate":"https:\/\/cocohouseofbeauty.com\/es\/?s={search_term_string}"},"query-input":{"@type":"PropertyValueSpecification","valueRequired":true,"valueName":"search_term_string"}}],"inLanguage":"es"},{"@type":"Organization","@id":"https:\/\/cocohouseofbeauty.com\/es\/#organization","name":"Coco House of Beauty","url":"https:\/\/cocohouseofbeauty.com\/es\/","logo":{"@type":"ImageObject","inLanguage":"es","@id":"https:\/\/cocohouseofbeauty.com\/es\/#\/schema\/logo\/image\/","url":"https:\/\/cocohouseofbeauty.com\/wp-content\/uploads\/2024\/03\/cropped-coco-logo-zonder-estb.png","contentUrl":"https:\/\/cocohouseofbeauty.com\/wp-content\/uploads\/2024\/03\/cropped-coco-logo-zonder-estb.png","width":1532,"height":612,"caption":"Coco House of Beauty"},"image":{"@id":"https:\/\/cocohouseofbeauty.com\/es\/#\/schema\/logo\/image\/"},"sameAs":["https:\/\/www.facebook.com\/groups\/388929390727436\/about\/","https:\/\/www.instagram.com\/cocohouse.of.beauty\/","https:\/\/www.tiktok.com\/@cocohouseofbeauty"],"foundingDate":"2024-04-05","numberOfEmployees":{"@type":"QuantitativeValue","minValue":"11","maxValue":"50"}}]},"product_price_amount":"2.95","product_price_currency":"EUR","og_availability":"instock","product_availability":"instock","product_retailer_item_id":"COCO-2114","product_condition":"new"},"taxonomy_info":{"product_cat":[{"value":137,"label":"Elleebana"},{"value":141,"label":"Tools"}],"product_tag":[{"value":3594,"label":"Accesorio elevador de pesta\u00f1as"},{"value":3713,"label":"Carretes profesionales"},{"value":3709,"label":"Cepillo para m\u00e1scara de pesta\u00f1as"},{"value":3716,"label":"Cuidado de pesta\u00f1as y cejas"},{"value":3437,"label":"Esenciales para el sal\u00f3n"},{"value":3712,"label":"Herramientas para el cuidado de las cejas"},{"value":3714,"label":"Higiene Herramienta de Belleza"},{"value":3715,"label":"Paquete de 10 bobinas"},{"value":3711,"label":"Pinceles desechables para pesta\u00f1as"},{"value":3710,"label":"Pinceles Spoolie"}]},"featured_image_src_large":["https:\/\/cocohouseofbeauty.com\/wp-content\/uploads\/2024\/03\/unnamed-4.jpg",400,400,false],"author_info":[],"comment_info":0,"jetpack_sharing_enabled":true,"_links":{"self":[{"href":"https:\/\/cocohouseofbeauty.com\/es\/wp-json\/wp\/v2\/product\/9881","targetHints":{"allow":["GET"]}}],"collection":[{"href":"https:\/\/cocohouseofbeauty.com\/es\/wp-json\/wp\/v2\/product"}],"about":[{"href":"https:\/\/cocohouseofbeauty.com\/es\/wp-json\/wp\/v2\/types\/product"}],"replies":[{"embeddable":true,"href":"https:\/\/cocohouseofbeauty.com\/es\/wp-json\/wp\/v2\/comments?post=9881"}],"wp:featuredmedia":[{"embeddable":true,"href":"https:\/\/cocohouseofbeauty.com\/es\/wp-json\/wp\/v2\/media\/5951"}],"wp:attachment":[{"href":"https:\/\/cocohouseofbeauty.com\/es\/wp-json\/wp\/v2\/media?parent=9881"}],"wp:term":[{"taxonomy":"product_brand","embeddable":true,"href":"https:\/\/cocohouseofbeauty.com\/es\/wp-json\/wp\/v2\/product_brand?post=9881"},{"taxonomy":"product_cat","embeddable":true,"href":"https:\/\/cocohouseofbeauty.com\/es\/wp-json\/wp\/v2\/product_cat?post=9881"},{"taxonomy":"product_tag","embeddable":true,"href":"https:\/\/cocohouseofbeauty.com\/es\/wp-json\/wp\/v2\/product_tag?post=9881"}],"curies":[{"name":"wp","href":"https:\/\/api.w.org\/{rel}","templated":true}]}}