{"id":9839,"date":"2024-03-26T15:27:13","date_gmt":"2024-03-26T13:27:13","guid":{"rendered":"https:\/\/cocohouseofbeauty.com\/product\/elleebana-elevador-de-pestanas-herramienta-aislante-de-precision\/"},"modified":"2025-10-28T10:46:35","modified_gmt":"2025-10-28T08:46:35","slug":"elleebana-elevador-de-pestanas-herramienta-aislante-de-precision","status":"publish","type":"product","link":"https:\/\/cocohouseofbeauty.com\/es\/producto\/elleebana-elevador-de-pestanas-herramienta-aislante-de-precision\/","title":{"rendered":"Elleebana Elevador de pesta\u00f1as Herramienta aislante de precisi\u00f3n"},"content":{"rendered":"<p class=\"ai-optimize-31 ai-optimize-introduction\" data-start=\"728\" data-end=\"1174\">Consigue unos levantamientos de pesta\u00f1as impecables con la <strong data-start=\"765\" data-end=\"795\">herramienta de levantamiento de pesta\u00f1as Elleebana<\/strong>, meticulosamente elaborada para ofrecer a los t\u00e9cnicos de pesta\u00f1as un control y una precisi\u00f3n totales durante el proceso de levantamiento. Esta herramienta ergon\u00f3mica cuenta con un borde de punta fina que se adhiere suavemente a los pelos de las pesta\u00f1as, gui\u00e1ndolos sin problemas hacia el escudo de silicona sin pellizcar ni tirar. Es el compa\u00f1ero de confianza de los artistas profesionales que trabajan con las f\u00f3rmulas elevadoras de pesta\u00f1as l\u00edderes del sector de Elleebana.<\/p>\n<p class=\"ai-optimize-32\" data-start=\"1176\" data-end=\"1632\">Cuando te esfuerzas en crear unas pesta\u00f1as hermosamente rizadas, las peque\u00f1as imperfecciones en la colocaci\u00f3n pueden alterar el resultado final. La <strong data-start=\"1301\" data-end=\"1331\">herramienta elevadora de pesta\u00f1as Elleebana<\/strong> resuelve ese reto. Su punta suave te permite separar y alinear las pesta\u00f1as con precisi\u00f3n y cuidado, asegurando que cada pelo se levanta y esculpe uniformemente. Tanto si se trata de pesta\u00f1as cortas y rebeldes como de pelos finos y finos, esta herramienta te da la delicadeza que necesitas para conseguir una perfecci\u00f3n de sal\u00f3n.   <\/p>\n<p class=\"ai-optimize-33\" data-start=\"1634\" data-end=\"1965\">Fabricada con acero duradero y f\u00e1cil de limpiar, y con un mango ligero, esta herramienta es higi\u00e9nica, c\u00f3moda y est\u00e1 hecha para durar. Complementa a la perfecci\u00f3n las soluciones de Elevador de Pesta\u00f1as de Elleebana, dando a tus tratamientos un toque profesional. Util\u00edzala con tu kit de elevaci\u00f3n de pesta\u00f1as existente o ll\u00e9vala como herramienta heroica independiente en tu kit profesional.  <\/p>\n<p class=\"ai-optimize-34\" data-start=\"1967\" data-end=\"2148\">Para los t\u00e9cnicos centrados en la constancia, la comodidad y la aplicaci\u00f3n limpia, la <strong data-start=\"2043\" data-end=\"2073\">herramienta elevadora de pesta\u00f1as Elleebana<\/strong> es una inversi\u00f3n indispensable en resultados de calidad y satisfacci\u00f3n del cliente.<\/p>\n","protected":false},"excerpt":{"rendered":"<p class=\"ai-optimize-26\" data-start=\"433\" data-end=\"657\">Transforma las pesta\u00f1as de forma natural con el Elevador de Pesta\u00f1as Elleebana, un kit profesional todo en uno dise\u00f1ado para elevar, rizar y realzar las pesta\u00f1as con resultados duraderos y sin crueldad. Perfecto para uso en salones de belleza y suave con los ojos sensibles. <\/p>\n<p class=\"ai-optimize-24\">SKU: COCO-2010<\/p>\n","protected":false},"featured_media":5926,"comment_status":"closed","ping_status":"closed","template":"","meta":{"_kad_blocks_custom_css":"","_kad_blocks_head_custom_js":"","_kad_blocks_body_custom_js":"","_kad_blocks_footer_custom_js":"","_kadence_starter_templates_imported_post":false,"_kad_post_transparent":"default","_kad_post_title":"","_kad_post_layout":"default","_kad_post_sidebar_id":"","_kad_post_content_style":"default","_kad_post_vertical_padding":"default","_kad_post_feature":"","_kad_post_feature_position":"","_kad_post_header":false,"_kad_post_footer":false,"_kad_post_classname":""},"product_brand":[],"product_cat":[137,2073,139,138],"product_tag":[4002,3999,3994,3995,4001,3993,3997,4000,3996,3998],"class_list":{"0":"post-9839","1":"product","2":"type-product","3":"status-publish","4":"has-post-thumbnail","6":"product_cat-elleebana-es","7":"product_cat-herramientas-para-levantar-las-pestanas","8":"product_cat-profusion-es","9":"product_cat-un-disparo","10":"product_tag-accesorio-lash-tech","11":"product_tag-elevador-de-pestanas-higienico","12":"product_tag-herramienta-de-colocacion-de-pestanas","13":"product_tag-herramienta-de-silicona-para-pestanas","14":"product_tag-herramienta-elleebana","15":"product_tag-herramienta-lifter-de-pestanas-elleebana","16":"product_tag-herramienta-para-esculpir-pestanas","17":"product_tag-herramienta-para-pestanas-de-salon","18":"product_tag-herramienta-profesional-para-levantar-las-pestanas","19":"product_tag-instrumento-de-precision-para-pestanas","20":"product_shipping_class-pakketpost-es","22":"first","23":"instock","24":"taxable","25":"shipping-taxable","26":"purchasable","27":"product-type-simple","28":"entry","29":"content-bg","30":"loop-entry"},"yoast_head":"<!-- This site is optimized with the Yoast SEO Premium plugin v27.2 (Yoast SEO v27.2) - https:\/\/yoast.com\/product\/yoast-seo-premium-wordpress\/ -->\n<title>Elevador de pesta\u00f1as Elleebana para un posicionamiento perfecto de las pesta\u00f1as<\/title>\n<meta name=\"description\" content=\"Experimenta el control definitivo con el elevador de pesta\u00f1as Elleebana, dise\u00f1ado para profesionales que buscan la perfecci\u00f3n de un sal\u00f3n de belleza. \u00a1Transforma tus pesta\u00f1as hoy mismo!\" \/>\n<meta name=\"robots\" content=\"index, follow, max-snippet:-1, max-image-preview:large, max-video-preview:-1\" \/>\n<link rel=\"canonical\" href=\"https:\/\/cocohouseofbeauty.com\/es\/producto\/elleebana-elevador-de-pestanas-herramienta-aislante-de-precision\/\" \/>\n<meta property=\"og:locale\" content=\"es_ES\" \/>\n<meta property=\"og:type\" content=\"article\" \/>\n<meta property=\"og:title\" content=\"Elleebana Elevador de pesta\u00f1as Herramienta aislante de precisi\u00f3n\" \/>\n<meta property=\"og:description\" content=\"Experimenta el control definitivo con el elevador de pesta\u00f1as Elleebana, dise\u00f1ado para profesionales que buscan la perfecci\u00f3n de un sal\u00f3n de belleza. \u00a1Transforma tus pesta\u00f1as hoy mismo!\" \/>\n<meta property=\"og:url\" content=\"https:\/\/cocohouseofbeauty.com\/es\/producto\/elleebana-elevador-de-pestanas-herramienta-aislante-de-precision\/\" \/>\n<meta property=\"og:site_name\" content=\"Coco House of Beauty\" \/>\n<meta property=\"article:publisher\" content=\"https:\/\/www.facebook.com\/groups\/388929390727436\/about\/\" \/>\n<meta property=\"article:modified_time\" content=\"2025-10-28T08:46:35+00:00\" \/>\n<meta property=\"og:image\" content=\"https:\/\/cocohouseofbeauty.com\/wp-content\/uploads\/2024\/03\/1363-LashLifter.jpg\" \/>\n\t<meta property=\"og:image:width\" content=\"400\" \/>\n\t<meta property=\"og:image:height\" content=\"190\" \/>\n\t<meta property=\"og:image:type\" content=\"image\/jpeg\" \/>\n<meta name=\"twitter:card\" content=\"summary_large_image\" \/>\n<meta name=\"twitter:label1\" content=\"Precio\" \/>\n\t<meta name=\"twitter:data1\" content=\"&euro;&nbsp;17,95\" \/>\n\t<meta name=\"twitter:label2\" content=\"Disponibilidad\" \/>\n\t<meta name=\"twitter:data2\" content=\"Disponible\" \/>\n<script type=\"application\/ld+json\" class=\"yoast-schema-graph\">{\"@context\":\"https:\/\/schema.org\",\"@graph\":[{\"@type\":\"WebPage\",\"@id\":\"https:\/\/cocohouseofbeauty.com\/es\/producto\/elleebana-elevador-de-pestanas-herramienta-aislante-de-precision\/\",\"url\":\"https:\/\/cocohouseofbeauty.com\/es\/producto\/elleebana-elevador-de-pestanas-herramienta-aislante-de-precision\/\",\"name\":\"Elevador de pesta\u00f1as Elleebana para un posicionamiento perfecto de las pesta\u00f1as\",\"isPartOf\":{\"@id\":\"https:\/\/cocohouseofbeauty.com\/es\/#website\"},\"primaryImageOfPage\":{\"@id\":\"https:\/\/cocohouseofbeauty.com\/es\/producto\/elleebana-elevador-de-pestanas-herramienta-aislante-de-precision\/#primaryimage\"},\"image\":{\"@id\":\"https:\/\/cocohouseofbeauty.com\/es\/producto\/elleebana-elevador-de-pestanas-herramienta-aislante-de-precision\/#primaryimage\"},\"thumbnailUrl\":\"https:\/\/cocohouseofbeauty.com\/wp-content\/uploads\/2024\/03\/1363-LashLifter.jpg\",\"datePublished\":\"2024-03-26T13:27:13+00:00\",\"dateModified\":\"2025-10-28T08:46:35+00:00\",\"description\":\"Experimenta el control definitivo con el elevador de pesta\u00f1as Elleebana, dise\u00f1ado para profesionales que buscan la perfecci\u00f3n de un sal\u00f3n de belleza. \u00a1Transforma tus pesta\u00f1as hoy mismo!\",\"breadcrumb\":{\"@id\":\"https:\/\/cocohouseofbeauty.com\/es\/producto\/elleebana-elevador-de-pestanas-herramienta-aislante-de-precision\/#breadcrumb\"},\"inLanguage\":\"es\",\"potentialAction\":[{\"@type\":\"ReadAction\",\"target\":[\"https:\/\/cocohouseofbeauty.com\/es\/producto\/elleebana-elevador-de-pestanas-herramienta-aislante-de-precision\/\"]}]},{\"@type\":\"ImageObject\",\"inLanguage\":\"es\",\"@id\":\"https:\/\/cocohouseofbeauty.com\/es\/producto\/elleebana-elevador-de-pestanas-herramienta-aislante-de-precision\/#primaryimage\",\"url\":\"https:\/\/cocohouseofbeauty.com\/wp-content\/uploads\/2024\/03\/1363-LashLifter.jpg\",\"contentUrl\":\"https:\/\/cocohouseofbeauty.com\/wp-content\/uploads\/2024\/03\/1363-LashLifter.jpg\",\"width\":400,\"height\":190,\"caption\":\"Herramienta para levantar las pesta\u00f1as Elleebana, Herramienta para colocar las pesta\u00f1as, Herramienta de silicona para pesta\u00f1as, Herramienta profesional para levantar las pesta\u00f1as, Herramienta para esculpir las pesta\u00f1as, Instrumento de precisi\u00f3n para pesta\u00f1as, Herramienta higi\u00e9nica para levantar las pesta\u00f1as, Herramienta para pesta\u00f1as de sal\u00f3n, Herramienta Elleebana, Accesorio Lash Tech\"},{\"@type\":\"BreadcrumbList\",\"@id\":\"https:\/\/cocohouseofbeauty.com\/es\/producto\/elleebana-elevador-de-pestanas-herramienta-aislante-de-precision\/#breadcrumb\",\"itemListElement\":[{\"@type\":\"ListItem\",\"position\":1,\"name\":\"Home\",\"item\":\"https:\/\/cocohouseofbeauty.com\/es\/\"},{\"@type\":\"ListItem\",\"position\":2,\"name\":\"Tienda\",\"item\":\"https:\/\/cocohouseofbeauty.com\/es\/tienda\/\"},{\"@type\":\"ListItem\",\"position\":3,\"name\":\"Elleebana Elevador de pesta\u00f1as Herramienta aislante de precisi\u00f3n\"}]},{\"@type\":\"WebSite\",\"@id\":\"https:\/\/cocohouseofbeauty.com\/es\/#website\",\"url\":\"https:\/\/cocohouseofbeauty.com\/es\/\",\"name\":\"Coco House of Beauty\",\"description\":\"Your beauty partner for exclusive lash &amp; brow brands\",\"publisher\":{\"@id\":\"https:\/\/cocohouseofbeauty.com\/es\/#organization\"},\"potentialAction\":[{\"@type\":\"SearchAction\",\"target\":{\"@type\":\"EntryPoint\",\"urlTemplate\":\"https:\/\/cocohouseofbeauty.com\/es\/?s={search_term_string}\"},\"query-input\":{\"@type\":\"PropertyValueSpecification\",\"valueRequired\":true,\"valueName\":\"search_term_string\"}}],\"inLanguage\":\"es\"},{\"@type\":\"Organization\",\"@id\":\"https:\/\/cocohouseofbeauty.com\/es\/#organization\",\"name\":\"Coco House of Beauty\",\"url\":\"https:\/\/cocohouseofbeauty.com\/es\/\",\"logo\":{\"@type\":\"ImageObject\",\"inLanguage\":\"es\",\"@id\":\"https:\/\/cocohouseofbeauty.com\/es\/#\/schema\/logo\/image\/\",\"url\":\"https:\/\/cocohouseofbeauty.com\/wp-content\/uploads\/2024\/03\/cropped-coco-logo-zonder-estb.png\",\"contentUrl\":\"https:\/\/cocohouseofbeauty.com\/wp-content\/uploads\/2024\/03\/cropped-coco-logo-zonder-estb.png\",\"width\":1532,\"height\":612,\"caption\":\"Coco House of Beauty\"},\"image\":{\"@id\":\"https:\/\/cocohouseofbeauty.com\/es\/#\/schema\/logo\/image\/\"},\"sameAs\":[\"https:\/\/www.facebook.com\/groups\/388929390727436\/about\/\",\"https:\/\/www.instagram.com\/cocohouse.of.beauty\/\",\"https:\/\/www.tiktok.com\/@cocohouseofbeauty\"],\"foundingDate\":\"2024-04-05\",\"numberOfEmployees\":{\"@type\":\"QuantitativeValue\",\"minValue\":\"11\",\"maxValue\":\"50\"}}]}<\/script>\n<meta property=\"product:price:amount\" content=\"17.95\" \/>\n<meta property=\"product:price:currency\" content=\"EUR\" \/>\n<meta property=\"og:availability\" content=\"instock\" \/>\n<meta property=\"product:availability\" content=\"instock\" \/>\n<meta property=\"product:retailer_item_id\" content=\"COCO-2010\" \/>\n<meta property=\"product:condition\" content=\"new\" \/>\n<!-- \/ Yoast SEO Premium plugin. -->","yoast_head_json":{"title":"Elevador de pesta\u00f1as Elleebana para un posicionamiento perfecto de las pesta\u00f1as","description":"Experimenta el control definitivo con el elevador de pesta\u00f1as Elleebana, dise\u00f1ado para profesionales que buscan la perfecci\u00f3n de un sal\u00f3n de belleza. \u00a1Transforma tus pesta\u00f1as hoy mismo!","robots":{"index":"index","follow":"follow","max-snippet":"max-snippet:-1","max-image-preview":"max-image-preview:large","max-video-preview":"max-video-preview:-1"},"canonical":"https:\/\/cocohouseofbeauty.com\/es\/producto\/elleebana-elevador-de-pestanas-herramienta-aislante-de-precision\/","og_locale":"es_ES","og_type":"article","og_title":"Elleebana Elevador de pesta\u00f1as Herramienta aislante de precisi\u00f3n","og_description":"Experimenta el control definitivo con el elevador de pesta\u00f1as Elleebana, dise\u00f1ado para profesionales que buscan la perfecci\u00f3n de un sal\u00f3n de belleza. \u00a1Transforma tus pesta\u00f1as hoy mismo!","og_url":"https:\/\/cocohouseofbeauty.com\/es\/producto\/elleebana-elevador-de-pestanas-herramienta-aislante-de-precision\/","og_site_name":"Coco House of Beauty","article_publisher":"https:\/\/www.facebook.com\/groups\/388929390727436\/about\/","article_modified_time":"2025-10-28T08:46:35+00:00","og_image":[{"width":400,"height":190,"url":"https:\/\/cocohouseofbeauty.com\/wp-content\/uploads\/2024\/03\/1363-LashLifter.jpg","type":"image\/jpeg"}],"twitter_card":"summary_large_image","twitter_misc":{"Precio":"&euro;&nbsp;17,95","Disponibilidad":"Disponible"},"schema":{"@context":"https:\/\/schema.org","@graph":[{"@type":"WebPage","@id":"https:\/\/cocohouseofbeauty.com\/es\/producto\/elleebana-elevador-de-pestanas-herramienta-aislante-de-precision\/","url":"https:\/\/cocohouseofbeauty.com\/es\/producto\/elleebana-elevador-de-pestanas-herramienta-aislante-de-precision\/","name":"Elevador de pesta\u00f1as Elleebana para un posicionamiento perfecto de las pesta\u00f1as","isPartOf":{"@id":"https:\/\/cocohouseofbeauty.com\/es\/#website"},"primaryImageOfPage":{"@id":"https:\/\/cocohouseofbeauty.com\/es\/producto\/elleebana-elevador-de-pestanas-herramienta-aislante-de-precision\/#primaryimage"},"image":{"@id":"https:\/\/cocohouseofbeauty.com\/es\/producto\/elleebana-elevador-de-pestanas-herramienta-aislante-de-precision\/#primaryimage"},"thumbnailUrl":"https:\/\/cocohouseofbeauty.com\/wp-content\/uploads\/2024\/03\/1363-LashLifter.jpg","datePublished":"2024-03-26T13:27:13+00:00","dateModified":"2025-10-28T08:46:35+00:00","description":"Experimenta el control definitivo con el elevador de pesta\u00f1as Elleebana, dise\u00f1ado para profesionales que buscan la perfecci\u00f3n de un sal\u00f3n de belleza. \u00a1Transforma tus pesta\u00f1as hoy mismo!","breadcrumb":{"@id":"https:\/\/cocohouseofbeauty.com\/es\/producto\/elleebana-elevador-de-pestanas-herramienta-aislante-de-precision\/#breadcrumb"},"inLanguage":"es","potentialAction":[{"@type":"ReadAction","target":["https:\/\/cocohouseofbeauty.com\/es\/producto\/elleebana-elevador-de-pestanas-herramienta-aislante-de-precision\/"]}]},{"@type":"ImageObject","inLanguage":"es","@id":"https:\/\/cocohouseofbeauty.com\/es\/producto\/elleebana-elevador-de-pestanas-herramienta-aislante-de-precision\/#primaryimage","url":"https:\/\/cocohouseofbeauty.com\/wp-content\/uploads\/2024\/03\/1363-LashLifter.jpg","contentUrl":"https:\/\/cocohouseofbeauty.com\/wp-content\/uploads\/2024\/03\/1363-LashLifter.jpg","width":400,"height":190,"caption":"Herramienta para levantar las pesta\u00f1as Elleebana, Herramienta para colocar las pesta\u00f1as, Herramienta de silicona para pesta\u00f1as, Herramienta profesional para levantar las pesta\u00f1as, Herramienta para esculpir las pesta\u00f1as, Instrumento de precisi\u00f3n para pesta\u00f1as, Herramienta higi\u00e9nica para levantar las pesta\u00f1as, Herramienta para pesta\u00f1as de sal\u00f3n, Herramienta Elleebana, Accesorio Lash Tech"},{"@type":"BreadcrumbList","@id":"https:\/\/cocohouseofbeauty.com\/es\/producto\/elleebana-elevador-de-pestanas-herramienta-aislante-de-precision\/#breadcrumb","itemListElement":[{"@type":"ListItem","position":1,"name":"Home","item":"https:\/\/cocohouseofbeauty.com\/es\/"},{"@type":"ListItem","position":2,"name":"Tienda","item":"https:\/\/cocohouseofbeauty.com\/es\/tienda\/"},{"@type":"ListItem","position":3,"name":"Elleebana Elevador de pesta\u00f1as Herramienta aislante de precisi\u00f3n"}]},{"@type":"WebSite","@id":"https:\/\/cocohouseofbeauty.com\/es\/#website","url":"https:\/\/cocohouseofbeauty.com\/es\/","name":"Coco House of Beauty","description":"Your beauty partner for exclusive lash &amp; brow brands","publisher":{"@id":"https:\/\/cocohouseofbeauty.com\/es\/#organization"},"potentialAction":[{"@type":"SearchAction","target":{"@type":"EntryPoint","urlTemplate":"https:\/\/cocohouseofbeauty.com\/es\/?s={search_term_string}"},"query-input":{"@type":"PropertyValueSpecification","valueRequired":true,"valueName":"search_term_string"}}],"inLanguage":"es"},{"@type":"Organization","@id":"https:\/\/cocohouseofbeauty.com\/es\/#organization","name":"Coco House of Beauty","url":"https:\/\/cocohouseofbeauty.com\/es\/","logo":{"@type":"ImageObject","inLanguage":"es","@id":"https:\/\/cocohouseofbeauty.com\/es\/#\/schema\/logo\/image\/","url":"https:\/\/cocohouseofbeauty.com\/wp-content\/uploads\/2024\/03\/cropped-coco-logo-zonder-estb.png","contentUrl":"https:\/\/cocohouseofbeauty.com\/wp-content\/uploads\/2024\/03\/cropped-coco-logo-zonder-estb.png","width":1532,"height":612,"caption":"Coco House of Beauty"},"image":{"@id":"https:\/\/cocohouseofbeauty.com\/es\/#\/schema\/logo\/image\/"},"sameAs":["https:\/\/www.facebook.com\/groups\/388929390727436\/about\/","https:\/\/www.instagram.com\/cocohouse.of.beauty\/","https:\/\/www.tiktok.com\/@cocohouseofbeauty"],"foundingDate":"2024-04-05","numberOfEmployees":{"@type":"QuantitativeValue","minValue":"11","maxValue":"50"}}]},"product_price_amount":"17.95","product_price_currency":"EUR","og_availability":"instock","product_availability":"instock","product_retailer_item_id":"COCO-2010","product_condition":"new"},"taxonomy_info":{"product_cat":[{"value":137,"label":"Elleebana"},{"value":2073,"label":"Herramientas para levantar las pesta\u00f1as"},{"value":139,"label":"Profusi\u00f3n"},{"value":138,"label":"Un disparo"}],"product_tag":[{"value":4002,"label":"Accesorio Lash Tech"},{"value":3999,"label":"Elevador de pesta\u00f1as higi\u00e9nico"},{"value":3994,"label":"Herramienta de colocaci\u00f3n de pesta\u00f1as"},{"value":3995,"label":"Herramienta de silicona para pesta\u00f1as"},{"value":4001,"label":"Herramienta Elleebana"},{"value":3993,"label":"Herramienta Lifter de pesta\u00f1as Elleebana"},{"value":3997,"label":"Herramienta para esculpir pesta\u00f1as"},{"value":4000,"label":"Herramienta para pesta\u00f1as de sal\u00f3n"},{"value":3996,"label":"Herramienta profesional para levantar las pesta\u00f1as"},{"value":3998,"label":"Instrumento de precisi\u00f3n para pesta\u00f1as"}]},"featured_image_src_large":["https:\/\/cocohouseofbeauty.com\/wp-content\/uploads\/2024\/03\/1363-LashLifter.jpg",400,190,false],"author_info":[],"comment_info":0,"jetpack_sharing_enabled":true,"_links":{"self":[{"href":"https:\/\/cocohouseofbeauty.com\/es\/wp-json\/wp\/v2\/product\/9839","targetHints":{"allow":["GET"]}}],"collection":[{"href":"https:\/\/cocohouseofbeauty.com\/es\/wp-json\/wp\/v2\/product"}],"about":[{"href":"https:\/\/cocohouseofbeauty.com\/es\/wp-json\/wp\/v2\/types\/product"}],"replies":[{"embeddable":true,"href":"https:\/\/cocohouseofbeauty.com\/es\/wp-json\/wp\/v2\/comments?post=9839"}],"wp:featuredmedia":[{"embeddable":true,"href":"https:\/\/cocohouseofbeauty.com\/es\/wp-json\/wp\/v2\/media\/5926"}],"wp:attachment":[{"href":"https:\/\/cocohouseofbeauty.com\/es\/wp-json\/wp\/v2\/media?parent=9839"}],"wp:term":[{"taxonomy":"product_brand","embeddable":true,"href":"https:\/\/cocohouseofbeauty.com\/es\/wp-json\/wp\/v2\/product_brand?post=9839"},{"taxonomy":"product_cat","embeddable":true,"href":"https:\/\/cocohouseofbeauty.com\/es\/wp-json\/wp\/v2\/product_cat?post=9839"},{"taxonomy":"product_tag","embeddable":true,"href":"https:\/\/cocohouseofbeauty.com\/es\/wp-json\/wp\/v2\/product_tag?post=9839"}],"curies":[{"name":"wp","href":"https:\/\/api.w.org\/{rel}","templated":true}]}}