{"id":9768,"date":"2024-03-26T15:27:47","date_gmt":"2024-03-26T13:27:47","guid":{"rendered":"https:\/\/cocohouseofbeauty.com\/product\/elleebana-one-shot-lash-lift-locion-unica-1-envase-de-10\/"},"modified":"2025-09-22T20:56:55","modified_gmt":"2025-09-22T18:56:55","slug":"elleebana-one-shot-lash-lift-locion-unica-1-envase-de-10","status":"publish","type":"product","link":"https:\/\/cocohouseofbeauty.com\/es\/producto\/elleebana-one-shot-lash-lift-locion-unica-1-envase-de-10\/","title":{"rendered":"Elleebana One Shot SINGLE Loci\u00f3n 1 | Paquete de 10"},"content":{"rendered":"<h3 data-start=\"1046\" data-end=\"1062\">Qu\u00e9 es<\/h3>\n<p data-start=\"1063\" data-end=\"1421\">La Loci\u00f3n One Shot 1 de este envase de 10 unidades realiza el primer paso del procedimiento de Elevaci\u00f3n de Pesta\u00f1as con fiabilidad y fuerza. Dise\u00f1ada para funcionar bien en pesta\u00f1as gruesas o fuertes, esta loci\u00f3n eleva eficazmente manteniendo la integridad de las pesta\u00f1as. Como el envase contiene diez unidades, los salones de belleza pueden mantener un rendimiento constante en varias clientas sin cambiar de lote.  <\/p>\n<h3 data-start=\"1423\" data-end=\"1441\">Beneficios clave<\/h3>\n<p data-start=\"1442\" data-end=\"1790\">Utilizar esta loci\u00f3n ayuda a que los rizos comiencen suavemente. Favorece un levantamiento uniforme al preparar las pesta\u00f1as antes de neutralizarlas. Adem\u00e1s, las pesta\u00f1as gruesas responden bien a su f\u00f3rmula, que penetra uniformemente. Su formato envasado significa menos tiempo de inactividad esperando suministros. Adem\u00e1s, la uniformidad mejora la satisfacci\u00f3n de la clienta, ya que cada elevaci\u00f3n sigue la misma norma.    <\/p>\n<h3 data-start=\"1792\" data-end=\"1823\">C\u00f3mo utilizarlo y mejores resultados<\/h3>\n<p data-start=\"1824\" data-end=\"2238\">Empieza limpiando bien las pesta\u00f1as. Aplica la Loci\u00f3n 1 utilizando la varilla o el protector adecuados, asegur\u00e1ndote de que las pesta\u00f1as se colocan rectas. Deja actuar durante el tiempo sugerido, ajustando ligeramente en caso de pesta\u00f1as muy gruesas o bastas. Despu\u00e9s del lifting, sigue con el neutralizador y el cuidado posterior para fijar la forma. Haz siempre una prueba con un parche antes del primer uso. Con la t\u00e9cnica adecuada, las clientas disfrutar\u00e1n de unas pesta\u00f1as fuertes, bien elevadas y que mantienen su forma.     <\/p>\n<p>&nbsp;<\/p>\n","protected":false},"excerpt":{"rendered":"<p data-start=\"559\" data-end=\"727\">Elleebana One Shot Loci\u00f3n 1 Paquete de 10 sienta las bases para unas pesta\u00f1as fuertes y bien definidas, incluso en pesta\u00f1as gruesas. Es: <\/p>\n<ul data-start=\"728\" data-end=\"919\">\n<li data-start=\"728\" data-end=\"811\">\n<p data-start=\"730\" data-end=\"811\">proporciona la fuerza correcta para el primer paso de elevaci\u00f3n en el m\u00e9todo One Shot<\/p>\n<\/li>\n<li data-start=\"812\" data-end=\"877\">\n<p data-start=\"814\" data-end=\"877\">permite m\u00faltiples servicios por paquete &#8211; rentable para los salones<\/p>\n<\/li>\n<li data-start=\"878\" data-end=\"919\">\n<p data-start=\"880\" data-end=\"919\">garantiza la coherencia entre los tratamientos<\/p>\n<\/li>\n<\/ul>\n<p>SKU: COCO-2074<\/p>\n","protected":false},"featured_media":27282,"comment_status":"closed","ping_status":"closed","template":"","meta":{"_kad_blocks_custom_css":"","_kad_blocks_head_custom_js":"","_kad_blocks_body_custom_js":"","_kad_blocks_footer_custom_js":"","_kadence_starter_templates_imported_post":false,"_kad_post_transparent":"default","_kad_post_title":"","_kad_post_layout":"default","_kad_post_sidebar_id":"","_kad_post_content_style":"default","_kad_post_vertical_padding":"default","_kad_post_feature":"","_kad_post_feature_position":"","_kad_post_header":false,"_kad_post_footer":false,"_kad_post_classname":""},"product_brand":[],"product_cat":[137,2062,138],"product_tag":[142,10007,4663,10006,10009,10010,10013,10012,10008,10011],"class_list":{"0":"post-9768","1":"product","2":"type-product","3":"status-publish","4":"has-post-thumbnail","6":"product_cat-elleebana-es","7":"product_cat-lociones-elevadoras-de-pestanas","8":"product_cat-un-disparo","9":"product_tag-elleebana-es","10":"product_tag-lifting-de-pestanas-paso-1","11":"product_tag-lifting-profesional-de-pestanas","12":"product_tag-locion-one-shot-1","13":"product_tag-locion-strong-lift","14":"product_tag-pestanas-gruesas","15":"product_tag-primer-paso-elevacion","16":"product_tag-rendimiento-constante","17":"product_tag-solucion-de-10-paquetes","18":"product_tag-suministros-para-salones","19":"product_shipping_class-tarifas-buzon","21":"first","22":"instock","23":"taxable","24":"shipping-taxable","25":"purchasable","26":"product-type-simple","27":"entry","28":"content-bg","29":"loop-entry"},"yoast_head":"<!-- This site is optimized with the Yoast SEO Premium plugin v27.2 (Yoast SEO v27.2) - https:\/\/yoast.com\/product\/yoast-seo-premium-wordpress\/ -->\n<title>Elleebana Loci\u00f3n One Shot 1 - Soluci\u00f3n para levantar las pesta\u00f1as en paquetes de 10<\/title>\n<meta name=\"description\" content=\"Consigue el pack de 10 unidades de Elleebana One Shot Loci\u00f3n 1 para unas pesta\u00f1as consistentes y fuertes. Ideal para pesta\u00f1as gruesas con un rendimiento fiable.\" \/>\n<meta name=\"robots\" content=\"index, follow, max-snippet:-1, max-image-preview:large, max-video-preview:-1\" \/>\n<link rel=\"canonical\" href=\"https:\/\/cocohouseofbeauty.com\/es\/producto\/elleebana-one-shot-lash-lift-locion-unica-1-envase-de-10\/\" \/>\n<meta property=\"og:locale\" content=\"es_ES\" \/>\n<meta property=\"og:type\" content=\"article\" \/>\n<meta property=\"og:title\" content=\"Elleebana One Shot SINGLE Loci\u00f3n 1 | Paquete de 10\" \/>\n<meta property=\"og:description\" content=\"Consigue el pack de 10 unidades de Elleebana One Shot Loci\u00f3n 1 para unas pesta\u00f1as consistentes y fuertes. Ideal para pesta\u00f1as gruesas con un rendimiento fiable.\" \/>\n<meta property=\"og:url\" content=\"https:\/\/cocohouseofbeauty.com\/es\/producto\/elleebana-one-shot-lash-lift-locion-unica-1-envase-de-10\/\" \/>\n<meta property=\"og:site_name\" content=\"Coco House of Beauty\" \/>\n<meta property=\"article:publisher\" content=\"https:\/\/www.facebook.com\/groups\/388929390727436\/about\/\" \/>\n<meta property=\"article:modified_time\" content=\"2025-09-22T18:56:55+00:00\" \/>\n<meta property=\"og:image\" content=\"https:\/\/cocohouseofbeauty.com\/wp-content\/uploads\/2024\/03\/img_0875.jpeg\" \/>\n\t<meta property=\"og:image:width\" content=\"1103\" \/>\n\t<meta property=\"og:image:height\" content=\"1107\" \/>\n\t<meta property=\"og:image:type\" content=\"image\/jpeg\" \/>\n<meta name=\"twitter:card\" content=\"summary_large_image\" \/>\n<meta name=\"twitter:label1\" content=\"Precio\" \/>\n\t<meta name=\"twitter:data1\" content=\"&euro;&nbsp;29,95\" \/>\n\t<meta name=\"twitter:label2\" content=\"Disponibilidad\" \/>\n\t<meta name=\"twitter:data2\" content=\"Disponible\" \/>\n<script type=\"application\/ld+json\" class=\"yoast-schema-graph\">{\"@context\":\"https:\/\/schema.org\",\"@graph\":[{\"@type\":\"WebPage\",\"@id\":\"https:\/\/cocohouseofbeauty.com\/es\/producto\/elleebana-one-shot-lash-lift-locion-unica-1-envase-de-10\/\",\"url\":\"https:\/\/cocohouseofbeauty.com\/es\/producto\/elleebana-one-shot-lash-lift-locion-unica-1-envase-de-10\/\",\"name\":\"Elleebana Loci\u00f3n One Shot 1 - Soluci\u00f3n para levantar las pesta\u00f1as en paquetes de 10\",\"isPartOf\":{\"@id\":\"https:\/\/cocohouseofbeauty.com\/es\/#website\"},\"primaryImageOfPage\":{\"@id\":\"https:\/\/cocohouseofbeauty.com\/es\/producto\/elleebana-one-shot-lash-lift-locion-unica-1-envase-de-10\/#primaryimage\"},\"image\":{\"@id\":\"https:\/\/cocohouseofbeauty.com\/es\/producto\/elleebana-one-shot-lash-lift-locion-unica-1-envase-de-10\/#primaryimage\"},\"thumbnailUrl\":\"https:\/\/cocohouseofbeauty.com\/wp-content\/uploads\/2024\/03\/img_0875.jpeg\",\"datePublished\":\"2024-03-26T13:27:47+00:00\",\"dateModified\":\"2025-09-22T18:56:55+00:00\",\"description\":\"Consigue el pack de 10 unidades de Elleebana One Shot Loci\u00f3n 1 para unas pesta\u00f1as consistentes y fuertes. Ideal para pesta\u00f1as gruesas con un rendimiento fiable.\",\"breadcrumb\":{\"@id\":\"https:\/\/cocohouseofbeauty.com\/es\/producto\/elleebana-one-shot-lash-lift-locion-unica-1-envase-de-10\/#breadcrumb\"},\"inLanguage\":\"es\",\"potentialAction\":[{\"@type\":\"ReadAction\",\"target\":[\"https:\/\/cocohouseofbeauty.com\/es\/producto\/elleebana-one-shot-lash-lift-locion-unica-1-envase-de-10\/\"]}]},{\"@type\":\"ImageObject\",\"inLanguage\":\"es\",\"@id\":\"https:\/\/cocohouseofbeauty.com\/es\/producto\/elleebana-one-shot-lash-lift-locion-unica-1-envase-de-10\/#primaryimage\",\"url\":\"https:\/\/cocohouseofbeauty.com\/wp-content\/uploads\/2024\/03\/img_0875.jpeg\",\"contentUrl\":\"https:\/\/cocohouseofbeauty.com\/wp-content\/uploads\/2024\/03\/img_0875.jpeg\",\"width\":1103,\"height\":1107,\"caption\":\"Elleebana, Loci\u00f3n One Shot 1, Lifting de pesta\u00f1as Paso 1, soluci\u00f3n en envases de 10, loci\u00f3n lifting fuerte, pesta\u00f1as espesas, suministro para salones de belleza, rendimiento constante, lifting de pesta\u00f1as profesional, lifting primer paso\"},{\"@type\":\"BreadcrumbList\",\"@id\":\"https:\/\/cocohouseofbeauty.com\/es\/producto\/elleebana-one-shot-lash-lift-locion-unica-1-envase-de-10\/#breadcrumb\",\"itemListElement\":[{\"@type\":\"ListItem\",\"position\":1,\"name\":\"Home\",\"item\":\"https:\/\/cocohouseofbeauty.com\/es\/\"},{\"@type\":\"ListItem\",\"position\":2,\"name\":\"Tienda\",\"item\":\"https:\/\/cocohouseofbeauty.com\/es\/tienda\/\"},{\"@type\":\"ListItem\",\"position\":3,\"name\":\"Elleebana One Shot SINGLE Loci\u00f3n 1 | Paquete de 10\"}]},{\"@type\":\"WebSite\",\"@id\":\"https:\/\/cocohouseofbeauty.com\/es\/#website\",\"url\":\"https:\/\/cocohouseofbeauty.com\/es\/\",\"name\":\"Coco House of Beauty\",\"description\":\"Your beauty partner for exclusive lash &amp; brow brands\",\"publisher\":{\"@id\":\"https:\/\/cocohouseofbeauty.com\/es\/#organization\"},\"potentialAction\":[{\"@type\":\"SearchAction\",\"target\":{\"@type\":\"EntryPoint\",\"urlTemplate\":\"https:\/\/cocohouseofbeauty.com\/es\/?s={search_term_string}\"},\"query-input\":{\"@type\":\"PropertyValueSpecification\",\"valueRequired\":true,\"valueName\":\"search_term_string\"}}],\"inLanguage\":\"es\"},{\"@type\":\"Organization\",\"@id\":\"https:\/\/cocohouseofbeauty.com\/es\/#organization\",\"name\":\"Coco House of Beauty\",\"url\":\"https:\/\/cocohouseofbeauty.com\/es\/\",\"logo\":{\"@type\":\"ImageObject\",\"inLanguage\":\"es\",\"@id\":\"https:\/\/cocohouseofbeauty.com\/es\/#\/schema\/logo\/image\/\",\"url\":\"https:\/\/cocohouseofbeauty.com\/wp-content\/uploads\/2024\/03\/cropped-coco-logo-zonder-estb.png\",\"contentUrl\":\"https:\/\/cocohouseofbeauty.com\/wp-content\/uploads\/2024\/03\/cropped-coco-logo-zonder-estb.png\",\"width\":1532,\"height\":612,\"caption\":\"Coco House of Beauty\"},\"image\":{\"@id\":\"https:\/\/cocohouseofbeauty.com\/es\/#\/schema\/logo\/image\/\"},\"sameAs\":[\"https:\/\/www.facebook.com\/groups\/388929390727436\/about\/\",\"https:\/\/www.instagram.com\/cocohouse.of.beauty\/\",\"https:\/\/www.tiktok.com\/@cocohouseofbeauty\"],\"foundingDate\":\"2024-04-05\",\"numberOfEmployees\":{\"@type\":\"QuantitativeValue\",\"minValue\":\"11\",\"maxValue\":\"50\"}}]}<\/script>\n<meta property=\"product:price:amount\" content=\"29.95\" \/>\n<meta property=\"product:price:currency\" content=\"EUR\" \/>\n<meta property=\"og:availability\" content=\"instock\" \/>\n<meta property=\"product:availability\" content=\"instock\" \/>\n<meta property=\"product:retailer_item_id\" content=\"COCO-2074\" \/>\n<meta property=\"product:condition\" content=\"new\" \/>\n<!-- \/ Yoast SEO Premium plugin. -->","yoast_head_json":{"title":"Elleebana Loci\u00f3n One Shot 1 - Soluci\u00f3n para levantar las pesta\u00f1as en paquetes de 10","description":"Consigue el pack de 10 unidades de Elleebana One Shot Loci\u00f3n 1 para unas pesta\u00f1as consistentes y fuertes. Ideal para pesta\u00f1as gruesas con un rendimiento fiable.","robots":{"index":"index","follow":"follow","max-snippet":"max-snippet:-1","max-image-preview":"max-image-preview:large","max-video-preview":"max-video-preview:-1"},"canonical":"https:\/\/cocohouseofbeauty.com\/es\/producto\/elleebana-one-shot-lash-lift-locion-unica-1-envase-de-10\/","og_locale":"es_ES","og_type":"article","og_title":"Elleebana One Shot SINGLE Loci\u00f3n 1 | Paquete de 10","og_description":"Consigue el pack de 10 unidades de Elleebana One Shot Loci\u00f3n 1 para unas pesta\u00f1as consistentes y fuertes. Ideal para pesta\u00f1as gruesas con un rendimiento fiable.","og_url":"https:\/\/cocohouseofbeauty.com\/es\/producto\/elleebana-one-shot-lash-lift-locion-unica-1-envase-de-10\/","og_site_name":"Coco House of Beauty","article_publisher":"https:\/\/www.facebook.com\/groups\/388929390727436\/about\/","article_modified_time":"2025-09-22T18:56:55+00:00","og_image":[{"width":1103,"height":1107,"url":"https:\/\/cocohouseofbeauty.com\/wp-content\/uploads\/2024\/03\/img_0875.jpeg","type":"image\/jpeg"}],"twitter_card":"summary_large_image","twitter_misc":{"Precio":"&euro;&nbsp;29,95","Disponibilidad":"Disponible"},"schema":{"@context":"https:\/\/schema.org","@graph":[{"@type":"WebPage","@id":"https:\/\/cocohouseofbeauty.com\/es\/producto\/elleebana-one-shot-lash-lift-locion-unica-1-envase-de-10\/","url":"https:\/\/cocohouseofbeauty.com\/es\/producto\/elleebana-one-shot-lash-lift-locion-unica-1-envase-de-10\/","name":"Elleebana Loci\u00f3n One Shot 1 - Soluci\u00f3n para levantar las pesta\u00f1as en paquetes de 10","isPartOf":{"@id":"https:\/\/cocohouseofbeauty.com\/es\/#website"},"primaryImageOfPage":{"@id":"https:\/\/cocohouseofbeauty.com\/es\/producto\/elleebana-one-shot-lash-lift-locion-unica-1-envase-de-10\/#primaryimage"},"image":{"@id":"https:\/\/cocohouseofbeauty.com\/es\/producto\/elleebana-one-shot-lash-lift-locion-unica-1-envase-de-10\/#primaryimage"},"thumbnailUrl":"https:\/\/cocohouseofbeauty.com\/wp-content\/uploads\/2024\/03\/img_0875.jpeg","datePublished":"2024-03-26T13:27:47+00:00","dateModified":"2025-09-22T18:56:55+00:00","description":"Consigue el pack de 10 unidades de Elleebana One Shot Loci\u00f3n 1 para unas pesta\u00f1as consistentes y fuertes. Ideal para pesta\u00f1as gruesas con un rendimiento fiable.","breadcrumb":{"@id":"https:\/\/cocohouseofbeauty.com\/es\/producto\/elleebana-one-shot-lash-lift-locion-unica-1-envase-de-10\/#breadcrumb"},"inLanguage":"es","potentialAction":[{"@type":"ReadAction","target":["https:\/\/cocohouseofbeauty.com\/es\/producto\/elleebana-one-shot-lash-lift-locion-unica-1-envase-de-10\/"]}]},{"@type":"ImageObject","inLanguage":"es","@id":"https:\/\/cocohouseofbeauty.com\/es\/producto\/elleebana-one-shot-lash-lift-locion-unica-1-envase-de-10\/#primaryimage","url":"https:\/\/cocohouseofbeauty.com\/wp-content\/uploads\/2024\/03\/img_0875.jpeg","contentUrl":"https:\/\/cocohouseofbeauty.com\/wp-content\/uploads\/2024\/03\/img_0875.jpeg","width":1103,"height":1107,"caption":"Elleebana, Loci\u00f3n One Shot 1, Lifting de pesta\u00f1as Paso 1, soluci\u00f3n en envases de 10, loci\u00f3n lifting fuerte, pesta\u00f1as espesas, suministro para salones de belleza, rendimiento constante, lifting de pesta\u00f1as profesional, lifting primer paso"},{"@type":"BreadcrumbList","@id":"https:\/\/cocohouseofbeauty.com\/es\/producto\/elleebana-one-shot-lash-lift-locion-unica-1-envase-de-10\/#breadcrumb","itemListElement":[{"@type":"ListItem","position":1,"name":"Home","item":"https:\/\/cocohouseofbeauty.com\/es\/"},{"@type":"ListItem","position":2,"name":"Tienda","item":"https:\/\/cocohouseofbeauty.com\/es\/tienda\/"},{"@type":"ListItem","position":3,"name":"Elleebana One Shot SINGLE Loci\u00f3n 1 | Paquete de 10"}]},{"@type":"WebSite","@id":"https:\/\/cocohouseofbeauty.com\/es\/#website","url":"https:\/\/cocohouseofbeauty.com\/es\/","name":"Coco House of Beauty","description":"Your beauty partner for exclusive lash &amp; brow brands","publisher":{"@id":"https:\/\/cocohouseofbeauty.com\/es\/#organization"},"potentialAction":[{"@type":"SearchAction","target":{"@type":"EntryPoint","urlTemplate":"https:\/\/cocohouseofbeauty.com\/es\/?s={search_term_string}"},"query-input":{"@type":"PropertyValueSpecification","valueRequired":true,"valueName":"search_term_string"}}],"inLanguage":"es"},{"@type":"Organization","@id":"https:\/\/cocohouseofbeauty.com\/es\/#organization","name":"Coco House of Beauty","url":"https:\/\/cocohouseofbeauty.com\/es\/","logo":{"@type":"ImageObject","inLanguage":"es","@id":"https:\/\/cocohouseofbeauty.com\/es\/#\/schema\/logo\/image\/","url":"https:\/\/cocohouseofbeauty.com\/wp-content\/uploads\/2024\/03\/cropped-coco-logo-zonder-estb.png","contentUrl":"https:\/\/cocohouseofbeauty.com\/wp-content\/uploads\/2024\/03\/cropped-coco-logo-zonder-estb.png","width":1532,"height":612,"caption":"Coco House of Beauty"},"image":{"@id":"https:\/\/cocohouseofbeauty.com\/es\/#\/schema\/logo\/image\/"},"sameAs":["https:\/\/www.facebook.com\/groups\/388929390727436\/about\/","https:\/\/www.instagram.com\/cocohouse.of.beauty\/","https:\/\/www.tiktok.com\/@cocohouseofbeauty"],"foundingDate":"2024-04-05","numberOfEmployees":{"@type":"QuantitativeValue","minValue":"11","maxValue":"50"}}]},"product_price_amount":"29.95","product_price_currency":"EUR","og_availability":"instock","product_availability":"instock","product_retailer_item_id":"COCO-2074","product_condition":"new"},"taxonomy_info":{"product_cat":[{"value":137,"label":"Elleebana"},{"value":2062,"label":"Lociones elevadoras de pesta\u00f1as"},{"value":138,"label":"Un disparo"}],"product_tag":[{"value":142,"label":"elleebana"},{"value":10007,"label":"Lifting de pesta\u00f1as Paso 1"},{"value":4663,"label":"lifting profesional de pesta\u00f1as"},{"value":10006,"label":"Loci\u00f3n One Shot 1"},{"value":10009,"label":"loci\u00f3n strong lift"},{"value":10010,"label":"pesta\u00f1as gruesas"},{"value":10013,"label":"primer paso elevaci\u00f3n"},{"value":10012,"label":"rendimiento constante"},{"value":10008,"label":"Soluci\u00f3n de 10 paquetes"},{"value":10011,"label":"suministros para salones"}]},"featured_image_src_large":["https:\/\/cocohouseofbeauty.com\/wp-content\/uploads\/2024\/03\/img_0875-1020x1024.jpeg",1020,1024,true],"author_info":[],"comment_info":0,"jetpack_sharing_enabled":true,"_links":{"self":[{"href":"https:\/\/cocohouseofbeauty.com\/es\/wp-json\/wp\/v2\/product\/9768","targetHints":{"allow":["GET"]}}],"collection":[{"href":"https:\/\/cocohouseofbeauty.com\/es\/wp-json\/wp\/v2\/product"}],"about":[{"href":"https:\/\/cocohouseofbeauty.com\/es\/wp-json\/wp\/v2\/types\/product"}],"replies":[{"embeddable":true,"href":"https:\/\/cocohouseofbeauty.com\/es\/wp-json\/wp\/v2\/comments?post=9768"}],"wp:featuredmedia":[{"embeddable":true,"href":"https:\/\/cocohouseofbeauty.com\/es\/wp-json\/wp\/v2\/media\/27282"}],"wp:attachment":[{"href":"https:\/\/cocohouseofbeauty.com\/es\/wp-json\/wp\/v2\/media?parent=9768"}],"wp:term":[{"taxonomy":"product_brand","embeddable":true,"href":"https:\/\/cocohouseofbeauty.com\/es\/wp-json\/wp\/v2\/product_brand?post=9768"},{"taxonomy":"product_cat","embeddable":true,"href":"https:\/\/cocohouseofbeauty.com\/es\/wp-json\/wp\/v2\/product_cat?post=9768"},{"taxonomy":"product_tag","embeddable":true,"href":"https:\/\/cocohouseofbeauty.com\/es\/wp-json\/wp\/v2\/product_tag?post=9768"}],"curies":[{"name":"wp","href":"https:\/\/api.w.org\/{rel}","templated":true}]}}