{"id":9708,"date":"2024-03-26T15:27:14","date_gmt":"2024-03-26T13:27:14","guid":{"rendered":"https:\/\/cocohouseofbeauty.com\/product\/henna-para-cejas-elleebana-natural\/"},"modified":"2025-04-07T14:08:59","modified_gmt":"2025-04-07T12:08:59","slug":"henna-para-cejas-elleebana-natural","status":"publish","type":"product","link":"https:\/\/cocohouseofbeauty.com\/es\/producto\/henna-para-cejas-elleebana-natural\/","title":{"rendered":"Henna para cejas Elleebana &#8211; NATURAL"},"content":{"rendered":"<p>&#8211; Color: Marr\u00f3n Natural &#8211; Dise\u00f1ado para clientes con un tono claro a medio claro. Se puede combinar con colores m\u00e1s claros o m\u00e1s oscuros para dar color o crear un tono m\u00e1s claro. Un color muy popular para aumentar la intensidad de la base de color con un buen efecto de color. &#8211; Los colores se pueden combinar &#8211; Coloraci\u00f3n natural con efecto de tatuaje en la piel &#8211; Bajo coste por aplicaci\u00f3n. &#8211; Aprox. 100 aplicaciones por hoja &#8211; F\u00f3rmula elegante e innovadora &#8211; Se aplica de 5 a 14 d\u00edas en la piel y hasta 6 semanas en el cabello. &#8211; Sin amon\u00edaco ni per\u00f3xido &#8211; Vegana y respetuosa con el medio ambiente &#8211; F\u00e1cil de aplicar La Henna para Cejas Elleebana tiene la ventaja de que deja la piel suave. Para un acabado perfecto, recomendamos una aplicaci\u00f3n m\u00ednima de 15 minutos. Se puede aplicar un parche de prueba y la Henna no se ha secado para que no queden pelusas.<\/p>\n","protected":false},"excerpt":{"rendered":"<p>&#8211; Color: Marr\u00f3n Natural<br \/>\n&#8211; Adecuado para clientes con el pelo de casta\u00f1o claro a casta\u00f1o medio. Se puede mezclar con colores m\u00e1s claros u oscuros para intensificar o aclarar el color. Color muy popular para la mayor\u00eda de la clientela con un buen efecto de color.<br \/>\n&#8211; Los colores se pueden mezclar<br \/>\n&#8211; Coloraci\u00f3n natural de cejas con efecto tatuaje en la piel<br \/>\n&#8211; Bajo coste por aplicaci\u00f3n.<br \/>\n&#8211; Aprox. 100 tratamientos por frasco<br \/>\n&#8211; F\u00f3rmula suave e innovadora<br \/>\n&#8211; Permanece en la piel de 5 a 14 d\u00edas y hasta 6 semanas en los pelos.<br \/>\n&#8211; Sin amoniaco ni per\u00f3xido<br \/>\n&#8211; Vegano y no testado en animales<br \/>\n&#8211; Instrucciones breves   <\/p>\n<p>La Henna para Cejas Eleebana tiene la ventaja de que tambi\u00e9n colorea la piel. Para una buena cobertura, recomendamos un tiempo m\u00ednimo de tratamiento de 15 minutos. Se recomienda hacer una prueba con un parche y la Henna no es adecuada para te\u00f1ir las pesta\u00f1as.  <\/p>\n<p>SKU: COCO-2038<\/p>\n","protected":false},"featured_media":6041,"comment_status":"closed","ping_status":"closed","template":"","meta":{"_kad_blocks_custom_css":"","_kad_blocks_head_custom_js":"","_kad_blocks_body_custom_js":"","_kad_blocks_footer_custom_js":"","_kadence_starter_templates_imported_post":false,"_kad_post_transparent":"default","_kad_post_title":"","_kad_post_layout":"default","_kad_post_sidebar_id":"","_kad_post_content_style":"default","_kad_post_vertical_padding":"default","_kad_post_feature":"","_kad_post_feature_position":"","_kad_post_header":false,"_kad_post_footer":false,"_kad_post_classname":""},"product_brand":[],"product_cat":[137,2106],"product_tag":[],"class_list":{"0":"post-9708","1":"product","2":"type-product","3":"status-publish","4":"has-post-thumbnail","6":"product_cat-elleebana-es","7":"product_cat-henna-para-cejas","8":"product_shipping_class-pakketpost-es","10":"first","11":"outofstock","12":"taxable","13":"shipping-taxable","14":"purchasable","15":"product-type-simple","16":"entry","17":"content-bg","18":"loop-entry"},"yoast_head":"<!-- This site is optimized with the Yoast SEO Premium plugin v27.2 (Yoast SEO v27.2) - https:\/\/yoast.com\/product\/yoast-seo-premium-wordpress\/ -->\n<title>Henna para cejas Elleebana - NATURAL - Coco House of Beauty<\/title>\n<meta name=\"robots\" content=\"index, follow, max-snippet:-1, max-image-preview:large, max-video-preview:-1\" \/>\n<link rel=\"canonical\" href=\"https:\/\/cocohouseofbeauty.com\/es\/producto\/henna-para-cejas-elleebana-natural\/\" \/>\n<meta property=\"og:locale\" content=\"es_ES\" \/>\n<meta property=\"og:type\" content=\"article\" \/>\n<meta property=\"og:title\" content=\"Henna para cejas Elleebana - NATURAL\" \/>\n<meta property=\"og:description\" content=\"- Color: Marr\u00f3n Natural - Adecuado para clientes con el pelo de casta\u00f1o claro a casta\u00f1o medio. Se puede mezclar con colores m\u00e1s claros u oscuros para intensificar o aclarar el color. Color muy popular para la mayor\u00eda de la clientela con un buen efecto de color. - Los colores se pueden mezclar - Coloraci\u00f3n natural de cejas con efecto tatuaje en la piel - Bajo coste por aplicaci\u00f3n. - Aprox. 100 tratamientos por frasco - F\u00f3rmula suave e innovadora - Permanece en la piel de 5 a 14 d\u00edas y hasta 6 semanas en los pelos. - Sin amoniaco ni per\u00f3xido - Vegano y no testado en animales - Instrucciones breves   La Henna para Cejas Eleebana tiene la ventaja de que tambi\u00e9n colorea la piel. Para una buena cobertura, recomendamos un tiempo m\u00ednimo de tratamiento de 15 minutos. Se recomienda hacer una prueba con un parche y la Henna no es adecuada para te\u00f1ir las pesta\u00f1as.  SKU: COCO-2038\" \/>\n<meta property=\"og:url\" content=\"https:\/\/cocohouseofbeauty.com\/es\/producto\/henna-para-cejas-elleebana-natural\/\" \/>\n<meta property=\"og:site_name\" content=\"Coco House of Beauty\" \/>\n<meta property=\"article:publisher\" content=\"https:\/\/www.facebook.com\/groups\/388929390727436\/about\/\" \/>\n<meta property=\"article:modified_time\" content=\"2025-04-07T12:08:59+00:00\" \/>\n<meta property=\"og:image\" content=\"https:\/\/cocohouseofbeauty.com\/wp-content\/uploads\/2024\/03\/Brow-Henna-Natural-Brown-ws2-1030x1030-1.jpg\" \/>\n\t<meta property=\"og:image:width\" content=\"1030\" \/>\n\t<meta property=\"og:image:height\" content=\"1030\" \/>\n\t<meta property=\"og:image:type\" content=\"image\/jpeg\" \/>\n<meta name=\"twitter:card\" content=\"summary_large_image\" \/>\n<meta name=\"twitter:label1\" content=\"Precio\" \/>\n\t<meta name=\"twitter:data1\" content=\"&euro;&nbsp;27,25\" \/>\n\t<meta name=\"twitter:label2\" content=\"Disponibilidad\" \/>\n\t<meta name=\"twitter:data2\" content=\"Sin existencias\" \/>\n<script type=\"application\/ld+json\" class=\"yoast-schema-graph\">{\"@context\":\"https:\/\/schema.org\",\"@graph\":[{\"@type\":\"WebPage\",\"@id\":\"https:\/\/cocohouseofbeauty.com\/es\/producto\/henna-para-cejas-elleebana-natural\/\",\"url\":\"https:\/\/cocohouseofbeauty.com\/es\/producto\/henna-para-cejas-elleebana-natural\/\",\"name\":\"Henna para cejas Elleebana - NATURAL - Coco House of Beauty\",\"isPartOf\":{\"@id\":\"https:\/\/cocohouseofbeauty.com\/es\/#website\"},\"primaryImageOfPage\":{\"@id\":\"https:\/\/cocohouseofbeauty.com\/es\/producto\/henna-para-cejas-elleebana-natural\/#primaryimage\"},\"image\":{\"@id\":\"https:\/\/cocohouseofbeauty.com\/es\/producto\/henna-para-cejas-elleebana-natural\/#primaryimage\"},\"thumbnailUrl\":\"https:\/\/cocohouseofbeauty.com\/wp-content\/uploads\/2024\/03\/Brow-Henna-Natural-Brown-ws2-1030x1030-1.jpg\",\"datePublished\":\"2024-03-26T13:27:14+00:00\",\"dateModified\":\"2025-04-07T12:08:59+00:00\",\"breadcrumb\":{\"@id\":\"https:\/\/cocohouseofbeauty.com\/es\/producto\/henna-para-cejas-elleebana-natural\/#breadcrumb\"},\"inLanguage\":\"es\",\"potentialAction\":[{\"@type\":\"ReadAction\",\"target\":[\"https:\/\/cocohouseofbeauty.com\/es\/producto\/henna-para-cejas-elleebana-natural\/\"]}]},{\"@type\":\"ImageObject\",\"inLanguage\":\"es\",\"@id\":\"https:\/\/cocohouseofbeauty.com\/es\/producto\/henna-para-cejas-elleebana-natural\/#primaryimage\",\"url\":\"https:\/\/cocohouseofbeauty.com\/wp-content\/uploads\/2024\/03\/Brow-Henna-Natural-Brown-ws2-1030x1030-1.jpg\",\"contentUrl\":\"https:\/\/cocohouseofbeauty.com\/wp-content\/uploads\/2024\/03\/Brow-Henna-Natural-Brown-ws2-1030x1030-1.jpg\",\"width\":1030,\"height\":1030},{\"@type\":\"BreadcrumbList\",\"@id\":\"https:\/\/cocohouseofbeauty.com\/es\/producto\/henna-para-cejas-elleebana-natural\/#breadcrumb\",\"itemListElement\":[{\"@type\":\"ListItem\",\"position\":1,\"name\":\"Home\",\"item\":\"https:\/\/cocohouseofbeauty.com\/es\/\"},{\"@type\":\"ListItem\",\"position\":2,\"name\":\"Tienda\",\"item\":\"https:\/\/cocohouseofbeauty.com\/es\/tienda\/\"},{\"@type\":\"ListItem\",\"position\":3,\"name\":\"Henna para cejas Elleebana &#8211; NATURAL\"}]},{\"@type\":\"WebSite\",\"@id\":\"https:\/\/cocohouseofbeauty.com\/es\/#website\",\"url\":\"https:\/\/cocohouseofbeauty.com\/es\/\",\"name\":\"Coco House of Beauty\",\"description\":\"Your beauty partner for exclusive lash &amp; brow brands\",\"publisher\":{\"@id\":\"https:\/\/cocohouseofbeauty.com\/es\/#organization\"},\"potentialAction\":[{\"@type\":\"SearchAction\",\"target\":{\"@type\":\"EntryPoint\",\"urlTemplate\":\"https:\/\/cocohouseofbeauty.com\/es\/?s={search_term_string}\"},\"query-input\":{\"@type\":\"PropertyValueSpecification\",\"valueRequired\":true,\"valueName\":\"search_term_string\"}}],\"inLanguage\":\"es\"},{\"@type\":\"Organization\",\"@id\":\"https:\/\/cocohouseofbeauty.com\/es\/#organization\",\"name\":\"Coco House of Beauty\",\"url\":\"https:\/\/cocohouseofbeauty.com\/es\/\",\"logo\":{\"@type\":\"ImageObject\",\"inLanguage\":\"es\",\"@id\":\"https:\/\/cocohouseofbeauty.com\/es\/#\/schema\/logo\/image\/\",\"url\":\"https:\/\/cocohouseofbeauty.com\/wp-content\/uploads\/2024\/03\/cropped-coco-logo-zonder-estb.png\",\"contentUrl\":\"https:\/\/cocohouseofbeauty.com\/wp-content\/uploads\/2024\/03\/cropped-coco-logo-zonder-estb.png\",\"width\":1532,\"height\":612,\"caption\":\"Coco House of Beauty\"},\"image\":{\"@id\":\"https:\/\/cocohouseofbeauty.com\/es\/#\/schema\/logo\/image\/\"},\"sameAs\":[\"https:\/\/www.facebook.com\/groups\/388929390727436\/about\/\",\"https:\/\/www.instagram.com\/cocohouse.of.beauty\/\",\"https:\/\/www.tiktok.com\/@cocohouseofbeauty\"],\"foundingDate\":\"2024-04-05\",\"numberOfEmployees\":{\"@type\":\"QuantitativeValue\",\"minValue\":\"11\",\"maxValue\":\"50\"}}]}<\/script>\n<meta property=\"product:price:amount\" content=\"27.25\" \/>\n<meta property=\"product:price:currency\" content=\"EUR\" \/>\n<meta property=\"og:availability\" content=\"out of stock\" \/>\n<meta property=\"product:availability\" content=\"out of stock\" \/>\n<meta property=\"product:retailer_item_id\" content=\"COCO-2038\" \/>\n<meta property=\"product:condition\" content=\"new\" \/>\n<!-- \/ Yoast SEO Premium plugin. -->","yoast_head_json":{"title":"Henna para cejas Elleebana - NATURAL - Coco House of Beauty","robots":{"index":"index","follow":"follow","max-snippet":"max-snippet:-1","max-image-preview":"max-image-preview:large","max-video-preview":"max-video-preview:-1"},"canonical":"https:\/\/cocohouseofbeauty.com\/es\/producto\/henna-para-cejas-elleebana-natural\/","og_locale":"es_ES","og_type":"article","og_title":"Henna para cejas Elleebana - NATURAL","og_description":"- Color: Marr\u00f3n Natural - Adecuado para clientes con el pelo de casta\u00f1o claro a casta\u00f1o medio. Se puede mezclar con colores m\u00e1s claros u oscuros para intensificar o aclarar el color. Color muy popular para la mayor\u00eda de la clientela con un buen efecto de color. - Los colores se pueden mezclar - Coloraci\u00f3n natural de cejas con efecto tatuaje en la piel - Bajo coste por aplicaci\u00f3n. - Aprox. 100 tratamientos por frasco - F\u00f3rmula suave e innovadora - Permanece en la piel de 5 a 14 d\u00edas y hasta 6 semanas en los pelos. - Sin amoniaco ni per\u00f3xido - Vegano y no testado en animales - Instrucciones breves   La Henna para Cejas Eleebana tiene la ventaja de que tambi\u00e9n colorea la piel. Para una buena cobertura, recomendamos un tiempo m\u00ednimo de tratamiento de 15 minutos. Se recomienda hacer una prueba con un parche y la Henna no es adecuada para te\u00f1ir las pesta\u00f1as.  SKU: COCO-2038","og_url":"https:\/\/cocohouseofbeauty.com\/es\/producto\/henna-para-cejas-elleebana-natural\/","og_site_name":"Coco House of Beauty","article_publisher":"https:\/\/www.facebook.com\/groups\/388929390727436\/about\/","article_modified_time":"2025-04-07T12:08:59+00:00","og_image":[{"width":1030,"height":1030,"url":"https:\/\/cocohouseofbeauty.com\/wp-content\/uploads\/2024\/03\/Brow-Henna-Natural-Brown-ws2-1030x1030-1.jpg","type":"image\/jpeg"}],"twitter_card":"summary_large_image","twitter_misc":{"Precio":"&euro;&nbsp;27,25","Disponibilidad":"Sin existencias"},"schema":{"@context":"https:\/\/schema.org","@graph":[{"@type":"WebPage","@id":"https:\/\/cocohouseofbeauty.com\/es\/producto\/henna-para-cejas-elleebana-natural\/","url":"https:\/\/cocohouseofbeauty.com\/es\/producto\/henna-para-cejas-elleebana-natural\/","name":"Henna para cejas Elleebana - NATURAL - Coco House of Beauty","isPartOf":{"@id":"https:\/\/cocohouseofbeauty.com\/es\/#website"},"primaryImageOfPage":{"@id":"https:\/\/cocohouseofbeauty.com\/es\/producto\/henna-para-cejas-elleebana-natural\/#primaryimage"},"image":{"@id":"https:\/\/cocohouseofbeauty.com\/es\/producto\/henna-para-cejas-elleebana-natural\/#primaryimage"},"thumbnailUrl":"https:\/\/cocohouseofbeauty.com\/wp-content\/uploads\/2024\/03\/Brow-Henna-Natural-Brown-ws2-1030x1030-1.jpg","datePublished":"2024-03-26T13:27:14+00:00","dateModified":"2025-04-07T12:08:59+00:00","breadcrumb":{"@id":"https:\/\/cocohouseofbeauty.com\/es\/producto\/henna-para-cejas-elleebana-natural\/#breadcrumb"},"inLanguage":"es","potentialAction":[{"@type":"ReadAction","target":["https:\/\/cocohouseofbeauty.com\/es\/producto\/henna-para-cejas-elleebana-natural\/"]}]},{"@type":"ImageObject","inLanguage":"es","@id":"https:\/\/cocohouseofbeauty.com\/es\/producto\/henna-para-cejas-elleebana-natural\/#primaryimage","url":"https:\/\/cocohouseofbeauty.com\/wp-content\/uploads\/2024\/03\/Brow-Henna-Natural-Brown-ws2-1030x1030-1.jpg","contentUrl":"https:\/\/cocohouseofbeauty.com\/wp-content\/uploads\/2024\/03\/Brow-Henna-Natural-Brown-ws2-1030x1030-1.jpg","width":1030,"height":1030},{"@type":"BreadcrumbList","@id":"https:\/\/cocohouseofbeauty.com\/es\/producto\/henna-para-cejas-elleebana-natural\/#breadcrumb","itemListElement":[{"@type":"ListItem","position":1,"name":"Home","item":"https:\/\/cocohouseofbeauty.com\/es\/"},{"@type":"ListItem","position":2,"name":"Tienda","item":"https:\/\/cocohouseofbeauty.com\/es\/tienda\/"},{"@type":"ListItem","position":3,"name":"Henna para cejas Elleebana &#8211; NATURAL"}]},{"@type":"WebSite","@id":"https:\/\/cocohouseofbeauty.com\/es\/#website","url":"https:\/\/cocohouseofbeauty.com\/es\/","name":"Coco House of Beauty","description":"Your beauty partner for exclusive lash &amp; brow brands","publisher":{"@id":"https:\/\/cocohouseofbeauty.com\/es\/#organization"},"potentialAction":[{"@type":"SearchAction","target":{"@type":"EntryPoint","urlTemplate":"https:\/\/cocohouseofbeauty.com\/es\/?s={search_term_string}"},"query-input":{"@type":"PropertyValueSpecification","valueRequired":true,"valueName":"search_term_string"}}],"inLanguage":"es"},{"@type":"Organization","@id":"https:\/\/cocohouseofbeauty.com\/es\/#organization","name":"Coco House of Beauty","url":"https:\/\/cocohouseofbeauty.com\/es\/","logo":{"@type":"ImageObject","inLanguage":"es","@id":"https:\/\/cocohouseofbeauty.com\/es\/#\/schema\/logo\/image\/","url":"https:\/\/cocohouseofbeauty.com\/wp-content\/uploads\/2024\/03\/cropped-coco-logo-zonder-estb.png","contentUrl":"https:\/\/cocohouseofbeauty.com\/wp-content\/uploads\/2024\/03\/cropped-coco-logo-zonder-estb.png","width":1532,"height":612,"caption":"Coco House of Beauty"},"image":{"@id":"https:\/\/cocohouseofbeauty.com\/es\/#\/schema\/logo\/image\/"},"sameAs":["https:\/\/www.facebook.com\/groups\/388929390727436\/about\/","https:\/\/www.instagram.com\/cocohouse.of.beauty\/","https:\/\/www.tiktok.com\/@cocohouseofbeauty"],"foundingDate":"2024-04-05","numberOfEmployees":{"@type":"QuantitativeValue","minValue":"11","maxValue":"50"}}]},"product_price_amount":"27.25","product_price_currency":"EUR","og_availability":"out of stock","product_availability":"out of stock","product_retailer_item_id":"COCO-2038","product_condition":"new"},"taxonomy_info":{"product_cat":[{"value":137,"label":"Elleebana"},{"value":2106,"label":"Henna para cejas"}]},"featured_image_src_large":["https:\/\/cocohouseofbeauty.com\/wp-content\/uploads\/2024\/03\/Brow-Henna-Natural-Brown-ws2-1030x1030-1-1024x1024.jpg",1024,1024,true],"author_info":[],"comment_info":0,"jetpack_sharing_enabled":true,"_links":{"self":[{"href":"https:\/\/cocohouseofbeauty.com\/es\/wp-json\/wp\/v2\/product\/9708","targetHints":{"allow":["GET"]}}],"collection":[{"href":"https:\/\/cocohouseofbeauty.com\/es\/wp-json\/wp\/v2\/product"}],"about":[{"href":"https:\/\/cocohouseofbeauty.com\/es\/wp-json\/wp\/v2\/types\/product"}],"replies":[{"embeddable":true,"href":"https:\/\/cocohouseofbeauty.com\/es\/wp-json\/wp\/v2\/comments?post=9708"}],"wp:featuredmedia":[{"embeddable":true,"href":"https:\/\/cocohouseofbeauty.com\/es\/wp-json\/wp\/v2\/media\/6041"}],"wp:attachment":[{"href":"https:\/\/cocohouseofbeauty.com\/es\/wp-json\/wp\/v2\/media?parent=9708"}],"wp:term":[{"taxonomy":"product_brand","embeddable":true,"href":"https:\/\/cocohouseofbeauty.com\/es\/wp-json\/wp\/v2\/product_brand?post=9708"},{"taxonomy":"product_cat","embeddable":true,"href":"https:\/\/cocohouseofbeauty.com\/es\/wp-json\/wp\/v2\/product_cat?post=9708"},{"taxonomy":"product_tag","embeddable":true,"href":"https:\/\/cocohouseofbeauty.com\/es\/wp-json\/wp\/v2\/product_tag?post=9708"}],"curies":[{"name":"wp","href":"https:\/\/api.w.org\/{rel}","templated":true}]}}