{"id":9423,"date":"2024-05-29T18:27:18","date_gmt":"2024-05-29T16:27:18","guid":{"rendered":"https:\/\/cocohouseofbeauty.com\/product\/tarjeta-de-muestra-elleebana-one-shot\/"},"modified":"2025-05-01T17:08:25","modified_gmt":"2025-05-01T15:08:25","slug":"tarjeta-de-muestra-elleebana-one-shot","status":"publish","type":"product","link":"https:\/\/cocohouseofbeauty.com\/es\/producto\/tarjeta-de-muestra-elleebana-one-shot\/","title":{"rendered":"Tarjeta de muestra Elleebana ONE SHOT"},"content":{"rendered":"","protected":false},"excerpt":{"rendered":"<p><strong>Descubre las Lociones Lifting One Shot de Elleebana con nuestra Tarjeta de Muestras de Prueba<\/strong><\/p>\n<p>\u00bfA\u00fan no conoces Elleebana y quieres probar las Lociones Lifting One Shot? Nuestra Tarjeta de Muestra de Prueba es la forma ideal de familiarizarte con este producto de alta calidad. La tarjeta contiene una bolsa de Loci\u00f3n 1 y otra de Loci\u00f3n 2, con los tiempos de remojo.  <\/p>\n<p><strong>Informaci\u00f3n Importante:<\/strong><br \/>\n&#8211; Estas muestras est\u00e1n destinadas a profesionales que practican el wimperlifting.<br \/>\n&#8211; El uso de los productos es totalmente arriesgado.<\/p>\n<p>Apuesta por la calidad y la innovaci\u00f3n con Elleebana. \u00a1Pide ahora tu Tarjeta de Muestra de Prueba y descubre t\u00fa mismo la versi\u00f3n! <\/p>\n<p>COCO-2148<\/p>\n","protected":false},"featured_media":7001,"comment_status":"open","ping_status":"closed","template":"","meta":{"_kad_blocks_custom_css":"","_kad_blocks_head_custom_js":"","_kad_blocks_body_custom_js":"","_kad_blocks_footer_custom_js":"","_kadence_starter_templates_imported_post":false,"_kad_post_transparent":"default","_kad_post_title":"","_kad_post_layout":"default","_kad_post_sidebar_id":"","_kad_post_content_style":"default","_kad_post_vertical_padding":"default","_kad_post_feature":"","_kad_post_feature_position":"","_kad_post_header":false,"_kad_post_footer":false,"_kad_post_classname":""},"product_brand":[],"product_cat":[137,2062,138],"product_tag":[142,1682,1681],"class_list":{"0":"post-9423","1":"product","2":"type-product","3":"status-publish","4":"has-post-thumbnail","6":"product_cat-elleebana-es","7":"product_cat-lociones-elevadoras-de-pestanas","8":"product_cat-un-disparo","9":"product_tag-elleebana-es","10":"product_tag-elleebana-uitproberen-es","11":"product_tag-elleebana-wimperlift-es","12":"product_shipping_class-muestra","14":"first","15":"instock","16":"taxable","17":"shipping-taxable","18":"purchasable","19":"product-type-simple","20":"entry","21":"content-bg","22":"loop-entry"},"yoast_head":"<!-- This site is optimized with the Yoast SEO Premium plugin v27.2 (Yoast SEO v27.2) - https:\/\/yoast.com\/product\/yoast-seo-premium-wordpress\/ -->\n<title>Tarjeta de muestra Elleebana ONE SHOT - Coco House of Beauty<\/title>\n<meta name=\"robots\" content=\"index, follow, max-snippet:-1, max-image-preview:large, max-video-preview:-1\" \/>\n<link rel=\"canonical\" href=\"https:\/\/cocohouseofbeauty.com\/es\/producto\/tarjeta-de-muestra-elleebana-one-shot\/\" \/>\n<meta property=\"og:locale\" content=\"es_ES\" \/>\n<meta property=\"og:type\" content=\"article\" \/>\n<meta property=\"og:title\" content=\"Tarjeta de muestra Elleebana ONE SHOT\" \/>\n<meta property=\"og:description\" content=\"Descubre las Lociones Lifting One Shot de Elleebana con nuestra Tarjeta de Muestras de Prueba \u00bfA\u00fan no conoces Elleebana y quieres probar las Lociones Lifting One Shot? Nuestra Tarjeta de Muestra de Prueba es la forma ideal de familiarizarte con este producto de alta calidad. La tarjeta contiene una bolsa de Loci\u00f3n 1 y otra de Loci\u00f3n 2, con los tiempos de remojo.  Informaci\u00f3n Importante: - Estas muestras est\u00e1n destinadas a profesionales que practican el wimperlifting. - El uso de los productos es totalmente arriesgado. Apuesta por la calidad y la innovaci\u00f3n con Elleebana. \u00a1Pide ahora tu Tarjeta de Muestra de Prueba y descubre t\u00fa mismo la versi\u00f3n!  COCO-2148\" \/>\n<meta property=\"og:url\" content=\"https:\/\/cocohouseofbeauty.com\/es\/producto\/tarjeta-de-muestra-elleebana-one-shot\/\" \/>\n<meta property=\"og:site_name\" content=\"Coco House of Beauty\" \/>\n<meta property=\"article:publisher\" content=\"https:\/\/www.facebook.com\/groups\/388929390727436\/about\/\" \/>\n<meta property=\"article:modified_time\" content=\"2025-05-01T15:08:25+00:00\" \/>\n<meta property=\"og:image\" content=\"https:\/\/cocohouseofbeauty.com\/wp-content\/uploads\/2024\/05\/TRY-OUT-Sample-Card.jpg\" \/>\n\t<meta property=\"og:image:width\" content=\"1080\" \/>\n\t<meta property=\"og:image:height\" content=\"1080\" \/>\n\t<meta property=\"og:image:type\" content=\"image\/jpeg\" \/>\n<meta name=\"twitter:card\" content=\"summary_large_image\" \/>\n<meta name=\"twitter:label1\" content=\"Precio\" \/>\n\t<meta name=\"twitter:data1\" content=\"&euro;&nbsp;6,95\" \/>\n\t<meta name=\"twitter:label2\" content=\"Disponibilidad\" \/>\n\t<meta name=\"twitter:data2\" content=\"Disponible\" \/>\n<script type=\"application\/ld+json\" class=\"yoast-schema-graph\">{\"@context\":\"https:\/\/schema.org\",\"@graph\":[{\"@type\":\"WebPage\",\"@id\":\"https:\/\/cocohouseofbeauty.com\/es\/producto\/tarjeta-de-muestra-elleebana-one-shot\/\",\"url\":\"https:\/\/cocohouseofbeauty.com\/es\/producto\/tarjeta-de-muestra-elleebana-one-shot\/\",\"name\":\"Tarjeta de muestra Elleebana ONE SHOT - Coco House of Beauty\",\"isPartOf\":{\"@id\":\"https:\/\/cocohouseofbeauty.com\/es\/#website\"},\"primaryImageOfPage\":{\"@id\":\"https:\/\/cocohouseofbeauty.com\/es\/producto\/tarjeta-de-muestra-elleebana-one-shot\/#primaryimage\"},\"image\":{\"@id\":\"https:\/\/cocohouseofbeauty.com\/es\/producto\/tarjeta-de-muestra-elleebana-one-shot\/#primaryimage\"},\"thumbnailUrl\":\"https:\/\/cocohouseofbeauty.com\/wp-content\/uploads\/2024\/05\/TRY-OUT-Sample-Card.jpg\",\"datePublished\":\"2024-05-29T16:27:18+00:00\",\"dateModified\":\"2025-05-01T15:08:25+00:00\",\"breadcrumb\":{\"@id\":\"https:\/\/cocohouseofbeauty.com\/es\/producto\/tarjeta-de-muestra-elleebana-one-shot\/#breadcrumb\"},\"inLanguage\":\"es\",\"potentialAction\":[{\"@type\":\"ReadAction\",\"target\":[\"https:\/\/cocohouseofbeauty.com\/es\/producto\/tarjeta-de-muestra-elleebana-one-shot\/\"]}]},{\"@type\":\"ImageObject\",\"inLanguage\":\"es\",\"@id\":\"https:\/\/cocohouseofbeauty.com\/es\/producto\/tarjeta-de-muestra-elleebana-one-shot\/#primaryimage\",\"url\":\"https:\/\/cocohouseofbeauty.com\/wp-content\/uploads\/2024\/05\/TRY-OUT-Sample-Card.jpg\",\"contentUrl\":\"https:\/\/cocohouseofbeauty.com\/wp-content\/uploads\/2024\/05\/TRY-OUT-Sample-Card.jpg\",\"width\":1080,\"height\":1080,\"caption\":\"probadores elleebana\"},{\"@type\":\"BreadcrumbList\",\"@id\":\"https:\/\/cocohouseofbeauty.com\/es\/producto\/tarjeta-de-muestra-elleebana-one-shot\/#breadcrumb\",\"itemListElement\":[{\"@type\":\"ListItem\",\"position\":1,\"name\":\"Home\",\"item\":\"https:\/\/cocohouseofbeauty.com\/es\/\"},{\"@type\":\"ListItem\",\"position\":2,\"name\":\"Tienda\",\"item\":\"https:\/\/cocohouseofbeauty.com\/es\/tienda\/\"},{\"@type\":\"ListItem\",\"position\":3,\"name\":\"Tarjeta de muestra Elleebana ONE SHOT\"}]},{\"@type\":\"WebSite\",\"@id\":\"https:\/\/cocohouseofbeauty.com\/es\/#website\",\"url\":\"https:\/\/cocohouseofbeauty.com\/es\/\",\"name\":\"Coco House of Beauty\",\"description\":\"Your beauty partner for exclusive lash &amp; brow brands\",\"publisher\":{\"@id\":\"https:\/\/cocohouseofbeauty.com\/es\/#organization\"},\"potentialAction\":[{\"@type\":\"SearchAction\",\"target\":{\"@type\":\"EntryPoint\",\"urlTemplate\":\"https:\/\/cocohouseofbeauty.com\/es\/?s={search_term_string}\"},\"query-input\":{\"@type\":\"PropertyValueSpecification\",\"valueRequired\":true,\"valueName\":\"search_term_string\"}}],\"inLanguage\":\"es\"},{\"@type\":\"Organization\",\"@id\":\"https:\/\/cocohouseofbeauty.com\/es\/#organization\",\"name\":\"Coco House of Beauty\",\"url\":\"https:\/\/cocohouseofbeauty.com\/es\/\",\"logo\":{\"@type\":\"ImageObject\",\"inLanguage\":\"es\",\"@id\":\"https:\/\/cocohouseofbeauty.com\/es\/#\/schema\/logo\/image\/\",\"url\":\"https:\/\/cocohouseofbeauty.com\/wp-content\/uploads\/2024\/03\/cropped-coco-logo-zonder-estb.png\",\"contentUrl\":\"https:\/\/cocohouseofbeauty.com\/wp-content\/uploads\/2024\/03\/cropped-coco-logo-zonder-estb.png\",\"width\":1532,\"height\":612,\"caption\":\"Coco House of Beauty\"},\"image\":{\"@id\":\"https:\/\/cocohouseofbeauty.com\/es\/#\/schema\/logo\/image\/\"},\"sameAs\":[\"https:\/\/www.facebook.com\/groups\/388929390727436\/about\/\",\"https:\/\/www.instagram.com\/cocohouse.of.beauty\/\",\"https:\/\/www.tiktok.com\/@cocohouseofbeauty\"],\"foundingDate\":\"2024-04-05\",\"numberOfEmployees\":{\"@type\":\"QuantitativeValue\",\"minValue\":\"11\",\"maxValue\":\"50\"}}]}<\/script>\n<meta property=\"product:price:amount\" content=\"6.95\" \/>\n<meta property=\"product:price:currency\" content=\"EUR\" \/>\n<meta property=\"og:availability\" content=\"instock\" \/>\n<meta property=\"product:availability\" content=\"instock\" \/>\n<meta property=\"product:retailer_item_id\" content=\"COCO-2148\" \/>\n<meta property=\"product:condition\" content=\"new\" \/>\n<!-- \/ Yoast SEO Premium plugin. -->","yoast_head_json":{"title":"Tarjeta de muestra Elleebana ONE SHOT - Coco House of Beauty","robots":{"index":"index","follow":"follow","max-snippet":"max-snippet:-1","max-image-preview":"max-image-preview:large","max-video-preview":"max-video-preview:-1"},"canonical":"https:\/\/cocohouseofbeauty.com\/es\/producto\/tarjeta-de-muestra-elleebana-one-shot\/","og_locale":"es_ES","og_type":"article","og_title":"Tarjeta de muestra Elleebana ONE SHOT","og_description":"Descubre las Lociones Lifting One Shot de Elleebana con nuestra Tarjeta de Muestras de Prueba \u00bfA\u00fan no conoces Elleebana y quieres probar las Lociones Lifting One Shot? Nuestra Tarjeta de Muestra de Prueba es la forma ideal de familiarizarte con este producto de alta calidad. La tarjeta contiene una bolsa de Loci\u00f3n 1 y otra de Loci\u00f3n 2, con los tiempos de remojo.  Informaci\u00f3n Importante: - Estas muestras est\u00e1n destinadas a profesionales que practican el wimperlifting. - El uso de los productos es totalmente arriesgado. Apuesta por la calidad y la innovaci\u00f3n con Elleebana. \u00a1Pide ahora tu Tarjeta de Muestra de Prueba y descubre t\u00fa mismo la versi\u00f3n!  COCO-2148","og_url":"https:\/\/cocohouseofbeauty.com\/es\/producto\/tarjeta-de-muestra-elleebana-one-shot\/","og_site_name":"Coco House of Beauty","article_publisher":"https:\/\/www.facebook.com\/groups\/388929390727436\/about\/","article_modified_time":"2025-05-01T15:08:25+00:00","og_image":[{"width":1080,"height":1080,"url":"https:\/\/cocohouseofbeauty.com\/wp-content\/uploads\/2024\/05\/TRY-OUT-Sample-Card.jpg","type":"image\/jpeg"}],"twitter_card":"summary_large_image","twitter_misc":{"Precio":"&euro;&nbsp;6,95","Disponibilidad":"Disponible"},"schema":{"@context":"https:\/\/schema.org","@graph":[{"@type":"WebPage","@id":"https:\/\/cocohouseofbeauty.com\/es\/producto\/tarjeta-de-muestra-elleebana-one-shot\/","url":"https:\/\/cocohouseofbeauty.com\/es\/producto\/tarjeta-de-muestra-elleebana-one-shot\/","name":"Tarjeta de muestra Elleebana ONE SHOT - Coco House of Beauty","isPartOf":{"@id":"https:\/\/cocohouseofbeauty.com\/es\/#website"},"primaryImageOfPage":{"@id":"https:\/\/cocohouseofbeauty.com\/es\/producto\/tarjeta-de-muestra-elleebana-one-shot\/#primaryimage"},"image":{"@id":"https:\/\/cocohouseofbeauty.com\/es\/producto\/tarjeta-de-muestra-elleebana-one-shot\/#primaryimage"},"thumbnailUrl":"https:\/\/cocohouseofbeauty.com\/wp-content\/uploads\/2024\/05\/TRY-OUT-Sample-Card.jpg","datePublished":"2024-05-29T16:27:18+00:00","dateModified":"2025-05-01T15:08:25+00:00","breadcrumb":{"@id":"https:\/\/cocohouseofbeauty.com\/es\/producto\/tarjeta-de-muestra-elleebana-one-shot\/#breadcrumb"},"inLanguage":"es","potentialAction":[{"@type":"ReadAction","target":["https:\/\/cocohouseofbeauty.com\/es\/producto\/tarjeta-de-muestra-elleebana-one-shot\/"]}]},{"@type":"ImageObject","inLanguage":"es","@id":"https:\/\/cocohouseofbeauty.com\/es\/producto\/tarjeta-de-muestra-elleebana-one-shot\/#primaryimage","url":"https:\/\/cocohouseofbeauty.com\/wp-content\/uploads\/2024\/05\/TRY-OUT-Sample-Card.jpg","contentUrl":"https:\/\/cocohouseofbeauty.com\/wp-content\/uploads\/2024\/05\/TRY-OUT-Sample-Card.jpg","width":1080,"height":1080,"caption":"probadores elleebana"},{"@type":"BreadcrumbList","@id":"https:\/\/cocohouseofbeauty.com\/es\/producto\/tarjeta-de-muestra-elleebana-one-shot\/#breadcrumb","itemListElement":[{"@type":"ListItem","position":1,"name":"Home","item":"https:\/\/cocohouseofbeauty.com\/es\/"},{"@type":"ListItem","position":2,"name":"Tienda","item":"https:\/\/cocohouseofbeauty.com\/es\/tienda\/"},{"@type":"ListItem","position":3,"name":"Tarjeta de muestra Elleebana ONE SHOT"}]},{"@type":"WebSite","@id":"https:\/\/cocohouseofbeauty.com\/es\/#website","url":"https:\/\/cocohouseofbeauty.com\/es\/","name":"Coco House of Beauty","description":"Your beauty partner for exclusive lash &amp; brow brands","publisher":{"@id":"https:\/\/cocohouseofbeauty.com\/es\/#organization"},"potentialAction":[{"@type":"SearchAction","target":{"@type":"EntryPoint","urlTemplate":"https:\/\/cocohouseofbeauty.com\/es\/?s={search_term_string}"},"query-input":{"@type":"PropertyValueSpecification","valueRequired":true,"valueName":"search_term_string"}}],"inLanguage":"es"},{"@type":"Organization","@id":"https:\/\/cocohouseofbeauty.com\/es\/#organization","name":"Coco House of Beauty","url":"https:\/\/cocohouseofbeauty.com\/es\/","logo":{"@type":"ImageObject","inLanguage":"es","@id":"https:\/\/cocohouseofbeauty.com\/es\/#\/schema\/logo\/image\/","url":"https:\/\/cocohouseofbeauty.com\/wp-content\/uploads\/2024\/03\/cropped-coco-logo-zonder-estb.png","contentUrl":"https:\/\/cocohouseofbeauty.com\/wp-content\/uploads\/2024\/03\/cropped-coco-logo-zonder-estb.png","width":1532,"height":612,"caption":"Coco House of Beauty"},"image":{"@id":"https:\/\/cocohouseofbeauty.com\/es\/#\/schema\/logo\/image\/"},"sameAs":["https:\/\/www.facebook.com\/groups\/388929390727436\/about\/","https:\/\/www.instagram.com\/cocohouse.of.beauty\/","https:\/\/www.tiktok.com\/@cocohouseofbeauty"],"foundingDate":"2024-04-05","numberOfEmployees":{"@type":"QuantitativeValue","minValue":"11","maxValue":"50"}}]},"product_price_amount":"6.95","product_price_currency":"EUR","og_availability":"instock","product_availability":"instock","product_retailer_item_id":"COCO-2148","product_condition":"new"},"taxonomy_info":{"product_cat":[{"value":137,"label":"Elleebana"},{"value":2062,"label":"Lociones elevadoras de pesta\u00f1as"},{"value":138,"label":"Un disparo"}],"product_tag":[{"value":142,"label":"elleebana"},{"value":1682,"label":"elleebana uitproberen"},{"value":1681,"label":"Elleebana wimperlift"}]},"featured_image_src_large":["https:\/\/cocohouseofbeauty.com\/wp-content\/uploads\/2024\/05\/TRY-OUT-Sample-Card-1024x1024.jpg",1024,1024,true],"author_info":[],"comment_info":0,"jetpack_sharing_enabled":true,"_links":{"self":[{"href":"https:\/\/cocohouseofbeauty.com\/es\/wp-json\/wp\/v2\/product\/9423","targetHints":{"allow":["GET"]}}],"collection":[{"href":"https:\/\/cocohouseofbeauty.com\/es\/wp-json\/wp\/v2\/product"}],"about":[{"href":"https:\/\/cocohouseofbeauty.com\/es\/wp-json\/wp\/v2\/types\/product"}],"replies":[{"embeddable":true,"href":"https:\/\/cocohouseofbeauty.com\/es\/wp-json\/wp\/v2\/comments?post=9423"}],"wp:featuredmedia":[{"embeddable":true,"href":"https:\/\/cocohouseofbeauty.com\/es\/wp-json\/wp\/v2\/media\/7001"}],"wp:attachment":[{"href":"https:\/\/cocohouseofbeauty.com\/es\/wp-json\/wp\/v2\/media?parent=9423"}],"wp:term":[{"taxonomy":"product_brand","embeddable":true,"href":"https:\/\/cocohouseofbeauty.com\/es\/wp-json\/wp\/v2\/product_brand?post=9423"},{"taxonomy":"product_cat","embeddable":true,"href":"https:\/\/cocohouseofbeauty.com\/es\/wp-json\/wp\/v2\/product_cat?post=9423"},{"taxonomy":"product_tag","embeddable":true,"href":"https:\/\/cocohouseofbeauty.com\/es\/wp-json\/wp\/v2\/product_tag?post=9423"}],"curies":[{"name":"wp","href":"https:\/\/api.w.org\/{rel}","templated":true}]}}