{"id":9333,"date":"2024-04-03T21:19:24","date_gmt":"2024-04-03T19:19:24","guid":{"rendered":"https:\/\/cocohouseofbeauty.com\/product\/elleefix-cera-para-peinar-las-cejas\/"},"modified":"2026-02-28T14:23:00","modified_gmt":"2026-02-28T12:23:00","slug":"elleefix-cera-para-peinar-las-cejas","status":"publish","type":"product","link":"https:\/\/cocohouseofbeauty.com\/es\/producto\/elleefix-cera-para-peinar-las-cejas\/","title":{"rendered":"Elleebana Elleefix Cera para peinar las cejas"},"content":{"rendered":"<div class=\"flex-1 overflow-hidden\">\n<div class=\"react-scroll-to-bottom--css-obrhs-79elbk h-full\">\n<div class=\"react-scroll-to-bottom--css-obrhs-1n7m0yu\">\n<div class=\"flex flex-col text-sm pb-9\">\n<div class=\"w-full text-token-text-primary\" data-testid=\"conversation-turn-27\">\n<div class=\"px-4 py-2 justify-center text-base md:gap-6 m-auto\">\n<div class=\"flex flex-1 text-base mx-auto gap-3 md:px-5 lg:px-1 xl:px-5 md:max-w-3xl lg:max-w-[40rem] xl:max-w-[48rem] group final-completion\">\n<div class=\"relative flex w-full flex-col agent-turn\">\n<div class=\"flex-col gap-1 md:gap-3\">\n<div class=\"flex flex-grow flex-col max-w-full\">\n<div class=\"min-h-[20px] text-message flex flex-col items-start gap-3 whitespace-pre-wrap break-words [.text-message+&amp;]:mt-5 overflow-x-auto\" data-message-author-role=\"assistant\" data-message-id=\"ce2b7299-22f5-436d-985a-d1fdc351b087\">\n<div class=\"markdown prose w-full break-words dark:prose-invert light\">\n<h3 data-start=\"875\" data-end=\"891\">Qu\u00e9 es<\/h3>\n<p data-start=\"892\" data-end=\"1181\">La Cera para Peinar Cejas Elleefix crea un efecto de cejas laminadas para las clientas que desean unas cejas elegantes y estilizadas sin someterse a la laminaci\u00f3n de cejas. La cera mantiene firmes incluso los pelos m\u00e1s rebeldes de las cejas, al tiempo que les da un aspecto natural. Con una f\u00f3rmula vegana y sin crueldad, nutre a la vez que estiliza.  <\/p>\n<h3 data-start=\"1183\" data-end=\"1201\">Beneficios clave<\/h3>\n<p data-start=\"1202\" data-end=\"1525\">Como muchas ceras de peinado dejan residuos aceitosos o apelmazan el vello, \u00e9sta destaca: ofrece una fijaci\u00f3n fuerte sin engrasar. Alisa los pelos sueltos, da forma a las cejas y las mantiene levantadas todo el d\u00eda. Adem\u00e1s, mejora la textura de las cejas gracias a su mezcla de aceites de girasol y arg\u00e1n, y antioxidantes como la vitamina E y B5.  <\/p>\n<h3 data-start=\"1527\" data-end=\"1550\">C\u00f3mo utilizarlo y consejos<\/h3>\n<p data-start=\"1551\" data-end=\"1947\">Utiliza un pincel limpio o un carrete para sacar una peque\u00f1a cantidad de cera. Cali\u00e9ntala ligeramente entre los dedos y p\u00e1sala por las cejas con movimientos ascendentes. Dales forma y deja que se asienten. Si las cejas ya est\u00e1n laminadas, utiliza la cera para reajustar la direcci\u00f3n o domar los pelos sueltos. Despu\u00e9s de usarla, limpia la tapa del envase para evitar que se acumule. Con una aplicaci\u00f3n correcta y en peque\u00f1as cantidades, esta cera proporciona un acabado pulido y duradero.     <\/p>\n<\/div>\n<\/div>\n<\/div>\n<div class=\"pr-2 lg:pr-0\"><\/div>\n<\/div>\n<div class=\"absolute\">\n<div class=\"flex w-full gap-2 items-center justify-center\"><\/div>\n<\/div>\n<\/div>\n<\/div>\n<\/div>\n<\/div>\n<\/div>\n<\/div>\n<\/div>\n<\/div>\n<div class=\"w-full pt-2 md:pt-0 dark:border-white\/20 md:border-transparent md:dark:border-transparent md:w-[calc(100%-.5rem)]\">\n<div class=\"relative flex h-full flex-1 flex-col\">\n<div class=\"absolute bottom-full left-0 right-0\"><\/div>\n<div class=\"flex w-full items-center\"><\/div>\n<\/div>\n<\/div>\n","protected":false},"excerpt":{"rendered":"<p data-start=\"414\" data-end=\"568\">La Cera para Peinar Cejas Elleefix te proporciona el efecto laminador perfecto sin necesidad de un tratamiento completo. Es: <\/p>\n<ul data-start=\"569\" data-end=\"766\">\n<li data-start=\"569\" data-end=\"641\">\n<p data-start=\"571\" data-end=\"641\">proporciona una fijaci\u00f3n fuerte y duradera, incluso en cejas rebeldes y grasas<\/p>\n<\/li>\n<li data-start=\"642\" data-end=\"706\">\n<p data-start=\"644\" data-end=\"706\">deja un acabado natural y no graso que no emborrona el maquillaje<\/p>\n<\/li>\n<li data-start=\"707\" data-end=\"766\">\n<p data-start=\"709\" data-end=\"766\">nutre con aceite de girasol, aceite de arg\u00e1n, vitamina E y B5<\/p>\n<\/li>\n<\/ul>\n<p>Precio de venta recomendado: 37,95<\/p>\n<p>COCO-2062<\/p>\n","protected":false},"featured_media":6726,"comment_status":"open","ping_status":"closed","template":"","meta":{"_kad_blocks_custom_css":"","_kad_blocks_head_custom_js":"","_kad_blocks_body_custom_js":"","_kad_blocks_footer_custom_js":"","_kadence_starter_templates_imported_post":false,"_kad_post_transparent":"default","_kad_post_title":"","_kad_post_layout":"default","_kad_post_sidebar_id":"","_kad_post_content_style":"default","_kad_post_vertical_padding":"default","_kad_post_feature":"","_kad_post_feature_position":"","_kad_post_header":false,"_kad_post_footer":false,"_kad_post_classname":""},"product_brand":[1655],"product_cat":[161,137,2131,4992],"product_tag":[9378,9377,9380,9374,9376,7002,9375,9373,9381,9379],"class_list":{"0":"post-9333","1":"product","2":"type-product","3":"status-publish","4":"has-post-thumbnail","6":"product_brand-elleebana-lash-lift-brow-lamination-exclusive-supplier-for-elleebana-fastest-processing-times-a-household-name-worldwide-for-30-years-otto-mitter","7":"product_cat-care-es","8":"product_cat-elleebana-es","9":"product_cat-maquillaje","10":"product_cat-venta-al-por-menor","11":"product_tag-acabado-no-graso","12":"product_tag-cera-de-fortaleza","13":"product_tag-cera-nutritiva","14":"product_tag-cera-para-cejas-es","15":"product_tag-cera-vegana-para-cejas","16":"product_tag-cuidado-de-las-cejas","17":"product_tag-efecto-laminado","18":"product_tag-elleefix-es","19":"product_tag-look-diario-para-cejas","20":"product_tag-peinado-de-cejas","21":"product_shipping_class-tarifas-buzon","23":"first","24":"instock","25":"taxable","26":"shipping-taxable","27":"purchasable","28":"product-type-simple","29":"entry","30":"content-bg","31":"loop-entry"},"yoast_head":"<!-- This site is optimized with the Yoast SEO Premium plugin v27.2 (Yoast SEO v27.2) - https:\/\/yoast.com\/product\/yoast-seo-premium-wordpress\/ -->\n<title>Elleefix Cera para Cejas - Fijaci\u00f3n Fuerte, Acabado Natural<\/title>\n<meta name=\"description\" content=\"Consigue un look de cejas laminado y atrevido con la Cera para Peinar Cejas Elleefix. Fijaci\u00f3n fuerte, sin grasa, enriquecida con aceites nutritivos y f\u00f3rmula vegana.\" \/>\n<meta name=\"robots\" content=\"index, follow, max-snippet:-1, max-image-preview:large, max-video-preview:-1\" \/>\n<link rel=\"canonical\" href=\"https:\/\/cocohouseofbeauty.com\/es\/producto\/elleefix-cera-para-peinar-las-cejas\/\" \/>\n<meta property=\"og:locale\" content=\"es_ES\" \/>\n<meta property=\"og:type\" content=\"article\" \/>\n<meta property=\"og:title\" content=\"Elleebana Elleefix Cera para peinar las cejas\" \/>\n<meta property=\"og:description\" content=\"Consigue un look de cejas laminado y atrevido con la Cera para Peinar Cejas Elleefix. Fijaci\u00f3n fuerte, sin grasa, enriquecida con aceites nutritivos y f\u00f3rmula vegana.\" \/>\n<meta property=\"og:url\" content=\"https:\/\/cocohouseofbeauty.com\/es\/producto\/elleefix-cera-para-peinar-las-cejas\/\" \/>\n<meta property=\"og:site_name\" content=\"Coco House of Beauty\" \/>\n<meta property=\"article:publisher\" content=\"https:\/\/www.facebook.com\/groups\/388929390727436\/about\/\" \/>\n<meta property=\"article:modified_time\" content=\"2026-02-28T12:23:00+00:00\" \/>\n<meta property=\"og:image\" content=\"https:\/\/cocohouseofbeauty.com\/wp-content\/uploads\/2024\/04\/Elleeflex_-_Brow_Styling_Wax2-removebg-preview.png\" \/>\n\t<meta property=\"og:image:width\" content=\"492\" \/>\n\t<meta property=\"og:image:height\" content=\"508\" \/>\n\t<meta property=\"og:image:type\" content=\"image\/png\" \/>\n<meta name=\"twitter:card\" content=\"summary_large_image\" \/>\n<meta name=\"twitter:label1\" content=\"Precio\" \/>\n\t<meta name=\"twitter:data1\" content=\"&euro;&nbsp;31,36\" \/>\n\t<meta name=\"twitter:label2\" content=\"Disponibilidad\" \/>\n\t<meta name=\"twitter:data2\" content=\"Disponible\" \/>\n<script type=\"application\/ld+json\" class=\"yoast-schema-graph\">{\"@context\":\"https:\/\/schema.org\",\"@graph\":[{\"@type\":\"WebPage\",\"@id\":\"https:\/\/cocohouseofbeauty.com\/es\/producto\/elleefix-cera-para-peinar-las-cejas\/\",\"url\":\"https:\/\/cocohouseofbeauty.com\/es\/producto\/elleefix-cera-para-peinar-las-cejas\/\",\"name\":\"Elleefix Cera para Cejas - Fijaci\u00f3n Fuerte, Acabado Natural\",\"isPartOf\":{\"@id\":\"https:\/\/cocohouseofbeauty.com\/es\/#website\"},\"primaryImageOfPage\":{\"@id\":\"https:\/\/cocohouseofbeauty.com\/es\/producto\/elleefix-cera-para-peinar-las-cejas\/#primaryimage\"},\"image\":{\"@id\":\"https:\/\/cocohouseofbeauty.com\/es\/producto\/elleefix-cera-para-peinar-las-cejas\/#primaryimage\"},\"thumbnailUrl\":\"https:\/\/cocohouseofbeauty.com\/wp-content\/uploads\/2024\/04\/Elleeflex_-_Brow_Styling_Wax2-removebg-preview.png\",\"datePublished\":\"2024-04-03T19:19:24+00:00\",\"dateModified\":\"2026-02-28T12:23:00+00:00\",\"description\":\"Consigue un look de cejas laminado y atrevido con la Cera para Peinar Cejas Elleefix. Fijaci\u00f3n fuerte, sin grasa, enriquecida con aceites nutritivos y f\u00f3rmula vegana.\",\"breadcrumb\":{\"@id\":\"https:\/\/cocohouseofbeauty.com\/es\/producto\/elleefix-cera-para-peinar-las-cejas\/#breadcrumb\"},\"inLanguage\":\"es\",\"potentialAction\":[{\"@type\":\"ReadAction\",\"target\":[\"https:\/\/cocohouseofbeauty.com\/es\/producto\/elleefix-cera-para-peinar-las-cejas\/\"]}]},{\"@type\":\"ImageObject\",\"inLanguage\":\"es\",\"@id\":\"https:\/\/cocohouseofbeauty.com\/es\/producto\/elleefix-cera-para-peinar-las-cejas\/#primaryimage\",\"url\":\"https:\/\/cocohouseofbeauty.com\/wp-content\/uploads\/2024\/04\/Elleeflex_-_Brow_Styling_Wax2-removebg-preview.png\",\"contentUrl\":\"https:\/\/cocohouseofbeauty.com\/wp-content\/uploads\/2024\/04\/Elleeflex_-_Brow_Styling_Wax2-removebg-preview.png\",\"width\":492,\"height\":508},{\"@type\":\"BreadcrumbList\",\"@id\":\"https:\/\/cocohouseofbeauty.com\/es\/producto\/elleefix-cera-para-peinar-las-cejas\/#breadcrumb\",\"itemListElement\":[{\"@type\":\"ListItem\",\"position\":1,\"name\":\"Home\",\"item\":\"https:\/\/cocohouseofbeauty.com\/es\/\"},{\"@type\":\"ListItem\",\"position\":2,\"name\":\"Tienda\",\"item\":\"https:\/\/cocohouseofbeauty.com\/es\/tienda\/\"},{\"@type\":\"ListItem\",\"position\":3,\"name\":\"Elleebana Elleefix Cera para peinar las cejas\"}]},{\"@type\":\"WebSite\",\"@id\":\"https:\/\/cocohouseofbeauty.com\/es\/#website\",\"url\":\"https:\/\/cocohouseofbeauty.com\/es\/\",\"name\":\"Coco House of Beauty\",\"description\":\"Your beauty partner for exclusive lash &amp; brow brands\",\"publisher\":{\"@id\":\"https:\/\/cocohouseofbeauty.com\/es\/#organization\"},\"potentialAction\":[{\"@type\":\"SearchAction\",\"target\":{\"@type\":\"EntryPoint\",\"urlTemplate\":\"https:\/\/cocohouseofbeauty.com\/es\/?s={search_term_string}\"},\"query-input\":{\"@type\":\"PropertyValueSpecification\",\"valueRequired\":true,\"valueName\":\"search_term_string\"}}],\"inLanguage\":\"es\"},{\"@type\":\"Organization\",\"@id\":\"https:\/\/cocohouseofbeauty.com\/es\/#organization\",\"name\":\"Coco House of Beauty\",\"url\":\"https:\/\/cocohouseofbeauty.com\/es\/\",\"logo\":{\"@type\":\"ImageObject\",\"inLanguage\":\"es\",\"@id\":\"https:\/\/cocohouseofbeauty.com\/es\/#\/schema\/logo\/image\/\",\"url\":\"https:\/\/cocohouseofbeauty.com\/wp-content\/uploads\/2024\/03\/cropped-coco-logo-zonder-estb.png\",\"contentUrl\":\"https:\/\/cocohouseofbeauty.com\/wp-content\/uploads\/2024\/03\/cropped-coco-logo-zonder-estb.png\",\"width\":1532,\"height\":612,\"caption\":\"Coco House of Beauty\"},\"image\":{\"@id\":\"https:\/\/cocohouseofbeauty.com\/es\/#\/schema\/logo\/image\/\"},\"sameAs\":[\"https:\/\/www.facebook.com\/groups\/388929390727436\/about\/\",\"https:\/\/www.instagram.com\/cocohouse.of.beauty\/\",\"https:\/\/www.tiktok.com\/@cocohouseofbeauty\"],\"foundingDate\":\"2024-04-05\",\"numberOfEmployees\":{\"@type\":\"QuantitativeValue\",\"minValue\":\"11\",\"maxValue\":\"50\"}}]}<\/script>\n<meta property=\"product:price:amount\" content=\"31.36\" \/>\n<meta property=\"product:price:currency\" content=\"EUR\" \/>\n<meta property=\"og:availability\" content=\"instock\" \/>\n<meta property=\"product:availability\" content=\"instock\" \/>\n<meta property=\"product:retailer_item_id\" content=\"COCO-2062\" \/>\n<meta property=\"product:condition\" content=\"new\" \/>\n<!-- \/ Yoast SEO Premium plugin. -->","yoast_head_json":{"title":"Elleefix Cera para Cejas - Fijaci\u00f3n Fuerte, Acabado Natural","description":"Consigue un look de cejas laminado y atrevido con la Cera para Peinar Cejas Elleefix. Fijaci\u00f3n fuerte, sin grasa, enriquecida con aceites nutritivos y f\u00f3rmula vegana.","robots":{"index":"index","follow":"follow","max-snippet":"max-snippet:-1","max-image-preview":"max-image-preview:large","max-video-preview":"max-video-preview:-1"},"canonical":"https:\/\/cocohouseofbeauty.com\/es\/producto\/elleefix-cera-para-peinar-las-cejas\/","og_locale":"es_ES","og_type":"article","og_title":"Elleebana Elleefix Cera para peinar las cejas","og_description":"Consigue un look de cejas laminado y atrevido con la Cera para Peinar Cejas Elleefix. Fijaci\u00f3n fuerte, sin grasa, enriquecida con aceites nutritivos y f\u00f3rmula vegana.","og_url":"https:\/\/cocohouseofbeauty.com\/es\/producto\/elleefix-cera-para-peinar-las-cejas\/","og_site_name":"Coco House of Beauty","article_publisher":"https:\/\/www.facebook.com\/groups\/388929390727436\/about\/","article_modified_time":"2026-02-28T12:23:00+00:00","og_image":[{"width":492,"height":508,"url":"https:\/\/cocohouseofbeauty.com\/wp-content\/uploads\/2024\/04\/Elleeflex_-_Brow_Styling_Wax2-removebg-preview.png","type":"image\/png"}],"twitter_card":"summary_large_image","twitter_misc":{"Precio":"&euro;&nbsp;31,36","Disponibilidad":"Disponible"},"schema":{"@context":"https:\/\/schema.org","@graph":[{"@type":"WebPage","@id":"https:\/\/cocohouseofbeauty.com\/es\/producto\/elleefix-cera-para-peinar-las-cejas\/","url":"https:\/\/cocohouseofbeauty.com\/es\/producto\/elleefix-cera-para-peinar-las-cejas\/","name":"Elleefix Cera para Cejas - Fijaci\u00f3n Fuerte, Acabado Natural","isPartOf":{"@id":"https:\/\/cocohouseofbeauty.com\/es\/#website"},"primaryImageOfPage":{"@id":"https:\/\/cocohouseofbeauty.com\/es\/producto\/elleefix-cera-para-peinar-las-cejas\/#primaryimage"},"image":{"@id":"https:\/\/cocohouseofbeauty.com\/es\/producto\/elleefix-cera-para-peinar-las-cejas\/#primaryimage"},"thumbnailUrl":"https:\/\/cocohouseofbeauty.com\/wp-content\/uploads\/2024\/04\/Elleeflex_-_Brow_Styling_Wax2-removebg-preview.png","datePublished":"2024-04-03T19:19:24+00:00","dateModified":"2026-02-28T12:23:00+00:00","description":"Consigue un look de cejas laminado y atrevido con la Cera para Peinar Cejas Elleefix. Fijaci\u00f3n fuerte, sin grasa, enriquecida con aceites nutritivos y f\u00f3rmula vegana.","breadcrumb":{"@id":"https:\/\/cocohouseofbeauty.com\/es\/producto\/elleefix-cera-para-peinar-las-cejas\/#breadcrumb"},"inLanguage":"es","potentialAction":[{"@type":"ReadAction","target":["https:\/\/cocohouseofbeauty.com\/es\/producto\/elleefix-cera-para-peinar-las-cejas\/"]}]},{"@type":"ImageObject","inLanguage":"es","@id":"https:\/\/cocohouseofbeauty.com\/es\/producto\/elleefix-cera-para-peinar-las-cejas\/#primaryimage","url":"https:\/\/cocohouseofbeauty.com\/wp-content\/uploads\/2024\/04\/Elleeflex_-_Brow_Styling_Wax2-removebg-preview.png","contentUrl":"https:\/\/cocohouseofbeauty.com\/wp-content\/uploads\/2024\/04\/Elleeflex_-_Brow_Styling_Wax2-removebg-preview.png","width":492,"height":508},{"@type":"BreadcrumbList","@id":"https:\/\/cocohouseofbeauty.com\/es\/producto\/elleefix-cera-para-peinar-las-cejas\/#breadcrumb","itemListElement":[{"@type":"ListItem","position":1,"name":"Home","item":"https:\/\/cocohouseofbeauty.com\/es\/"},{"@type":"ListItem","position":2,"name":"Tienda","item":"https:\/\/cocohouseofbeauty.com\/es\/tienda\/"},{"@type":"ListItem","position":3,"name":"Elleebana Elleefix Cera para peinar las cejas"}]},{"@type":"WebSite","@id":"https:\/\/cocohouseofbeauty.com\/es\/#website","url":"https:\/\/cocohouseofbeauty.com\/es\/","name":"Coco House of Beauty","description":"Your beauty partner for exclusive lash &amp; brow brands","publisher":{"@id":"https:\/\/cocohouseofbeauty.com\/es\/#organization"},"potentialAction":[{"@type":"SearchAction","target":{"@type":"EntryPoint","urlTemplate":"https:\/\/cocohouseofbeauty.com\/es\/?s={search_term_string}"},"query-input":{"@type":"PropertyValueSpecification","valueRequired":true,"valueName":"search_term_string"}}],"inLanguage":"es"},{"@type":"Organization","@id":"https:\/\/cocohouseofbeauty.com\/es\/#organization","name":"Coco House of Beauty","url":"https:\/\/cocohouseofbeauty.com\/es\/","logo":{"@type":"ImageObject","inLanguage":"es","@id":"https:\/\/cocohouseofbeauty.com\/es\/#\/schema\/logo\/image\/","url":"https:\/\/cocohouseofbeauty.com\/wp-content\/uploads\/2024\/03\/cropped-coco-logo-zonder-estb.png","contentUrl":"https:\/\/cocohouseofbeauty.com\/wp-content\/uploads\/2024\/03\/cropped-coco-logo-zonder-estb.png","width":1532,"height":612,"caption":"Coco House of Beauty"},"image":{"@id":"https:\/\/cocohouseofbeauty.com\/es\/#\/schema\/logo\/image\/"},"sameAs":["https:\/\/www.facebook.com\/groups\/388929390727436\/about\/","https:\/\/www.instagram.com\/cocohouse.of.beauty\/","https:\/\/www.tiktok.com\/@cocohouseofbeauty"],"foundingDate":"2024-04-05","numberOfEmployees":{"@type":"QuantitativeValue","minValue":"11","maxValue":"50"}}]},"product_price_amount":"31.36","product_price_currency":"EUR","og_availability":"instock","product_availability":"instock","product_retailer_item_id":"COCO-2062","product_condition":"new"},"taxonomy_info":{"product_brand":[{"value":1655,"label":"Elleebana"}],"product_cat":[{"value":161,"label":"Care"},{"value":137,"label":"Elleebana"},{"value":2131,"label":"Maquillaje"},{"value":4992,"label":"Venta al por menor"}],"product_tag":[{"value":9378,"label":"acabado no graso"},{"value":9377,"label":"cera de fortaleza"},{"value":9380,"label":"cera nutritiva"},{"value":9374,"label":"cera para cejas"},{"value":9376,"label":"cera vegana para cejas"},{"value":7002,"label":"cuidado de las cejas"},{"value":9375,"label":"efecto laminado"},{"value":9373,"label":"Elleefix"},{"value":9381,"label":"look diario para cejas"},{"value":9379,"label":"peinado de cejas"}]},"featured_image_src_large":["https:\/\/cocohouseofbeauty.com\/wp-content\/uploads\/2024\/04\/Elleeflex_-_Brow_Styling_Wax2-removebg-preview.png",492,508,false],"author_info":[],"comment_info":0,"jetpack_sharing_enabled":true,"_links":{"self":[{"href":"https:\/\/cocohouseofbeauty.com\/es\/wp-json\/wp\/v2\/product\/9333","targetHints":{"allow":["GET"]}}],"collection":[{"href":"https:\/\/cocohouseofbeauty.com\/es\/wp-json\/wp\/v2\/product"}],"about":[{"href":"https:\/\/cocohouseofbeauty.com\/es\/wp-json\/wp\/v2\/types\/product"}],"replies":[{"embeddable":true,"href":"https:\/\/cocohouseofbeauty.com\/es\/wp-json\/wp\/v2\/comments?post=9333"}],"wp:featuredmedia":[{"embeddable":true,"href":"https:\/\/cocohouseofbeauty.com\/es\/wp-json\/wp\/v2\/media\/6726"}],"wp:attachment":[{"href":"https:\/\/cocohouseofbeauty.com\/es\/wp-json\/wp\/v2\/media?parent=9333"}],"wp:term":[{"taxonomy":"product_brand","embeddable":true,"href":"https:\/\/cocohouseofbeauty.com\/es\/wp-json\/wp\/v2\/product_brand?post=9333"},{"taxonomy":"product_cat","embeddable":true,"href":"https:\/\/cocohouseofbeauty.com\/es\/wp-json\/wp\/v2\/product_cat?post=9333"},{"taxonomy":"product_tag","embeddable":true,"href":"https:\/\/cocohouseofbeauty.com\/es\/wp-json\/wp\/v2\/product_tag?post=9333"}],"curies":[{"name":"wp","href":"https:\/\/api.w.org\/{rel}","templated":true}]}}