{"id":27441,"date":"2025-07-30T00:54:38","date_gmt":"2025-07-29T22:54:38","guid":{"rendered":"https:\/\/cocohouseofbeauty.com\/product\/elleebana-balsamo-protector-20g\/"},"modified":"2025-09-25T16:32:15","modified_gmt":"2025-09-25T14:32:15","slug":"elleebana-balsamo-protector-20g","status":"publish","type":"product","link":"https:\/\/cocohouseofbeauty.com\/es\/producto\/elleebana-balsamo-protector-20g\/","title":{"rendered":"Elleebana B\u00c1LSAMO PROTECTOR 20g"},"content":{"rendered":"<p data-start=\"983\" data-end=\"1492\">Empieza a crear servicios impecables para pesta\u00f1as y cejas con el <strong data-start=\"1041\" data-end=\"1070\">B\u00e1lsamo Protector Elleebana<\/strong>. En primer lugar, no se trata de tu crema barrera b\u00e1sica, sino que tambi\u00e9n es un h\u00e9roe del cuidado de la piel. No s\u00f3lo protege la piel delicada de las manchas de tinte o la irritaci\u00f3n, sino que tambi\u00e9n aporta ingredientes nutritivos como el hialuronato s\u00f3dico, las ceramidas, la manteca de karit\u00e9 y el aceite de arg\u00e1n. Adem\u00e1s, el Myristoyl Pentapeptide-4 act\u00faa bajo la superficie para mantener la piel m\u00e1s firme y tersa, mientras que el hialur\u00f3nico y la ceramida potencian la hidrataci\u00f3n y la resistencia de la barrera.   <\/p>\n<p data-start=\"1494\" data-end=\"1915\">Adem\u00e1s, su textura ligera y de r\u00e1pida absorci\u00f3n significa que no tendr\u00e1s que luchar con residuos grasos, para que t\u00fa y tu cliente est\u00e9is concentrados, no agitados. Tanto si lo aplicas antes del tratamiento como protector antimanchas o despu\u00e9s para calmar y restaurar la piel tras la laminaci\u00f3n o la depilaci\u00f3n, este b\u00e1lsamo se adapta a tu flujo de trabajo. E incluso los profesionales m\u00e1s experimentados apreciar\u00e1n c\u00f3mo hace que los servicios sean m\u00e1s limpios, r\u00e1pidos y pulidos.  <\/p>\n<p data-start=\"1917\" data-end=\"2057\">En resumen, con el B\u00e1lsamo Protector Elleebana en tu kit, cada sesi\u00f3n ser\u00e1 m\u00e1s precisa, m\u00e1s c\u00f3moda e innegablemente m\u00e1s profesional.<\/p>\n","protected":false},"excerpt":{"rendered":"<p>El B\u00e1lsamo Protector Elleebana forma una barrera no grasa que protege la piel y el pelo durante los tratamientos de pesta\u00f1as y cejas, a la vez que aporta beneficios para el cuidado de la piel. Mantiene a raya el tinte, la irritaci\u00f3n y la sequedad, para que puedas trabajar con confianza y limpieza. <\/p>\n<ul>\n<li data-start=\"111\" data-end=\"177\">\n<p data-start=\"113\" data-end=\"177\">Protege la piel delicada de las manchas de tinte y de la irritaci\u00f3n qu\u00edmica<\/p>\n<\/li>\n<li data-start=\"178\" data-end=\"271\">\n<p data-start=\"180\" data-end=\"271\">Hidrata y refuerza la barrera cut\u00e1nea con hialuronato, ceramidas y manteca de karit\u00e9<\/p>\n<\/li>\n<li data-start=\"272\" data-end=\"350\">\n<p data-start=\"274\" data-end=\"350\">Enriquecido con Myristoyl Pentapeptide-4 y aceite de arg\u00e1n para una piel firme y flexible<\/p>\n<\/li>\n<li data-start=\"351\" data-end=\"428\">\n<p data-start=\"353\" data-end=\"428\">Ligero, no graso y de r\u00e1pida absorci\u00f3n, ideal incluso para pieles sensibles<\/p>\n<\/li>\n<li data-start=\"429\" data-end=\"496\">\n<p data-start=\"431\" data-end=\"496\">Doble funci\u00f3n: protege antes del tratamiento y calma despu\u00e9s del tratamiento<\/p>\n<\/li>\n<\/ul>\n<p>SKU: COCO-2121<\/p>\n","protected":false},"featured_media":27294,"comment_status":"open","ping_status":"closed","template":"","meta":{"_kad_blocks_custom_css":"","_kad_blocks_head_custom_js":"","_kad_blocks_body_custom_js":"","_kad_blocks_footer_custom_js":"","_kadence_starter_templates_imported_post":false,"_kad_post_transparent":"","_kad_post_title":"","_kad_post_layout":"","_kad_post_sidebar_id":"","_kad_post_content_style":"","_kad_post_vertical_padding":"","_kad_post_feature":"","_kad_post_feature_position":"","_kad_post_header":false,"_kad_post_footer":false,"_kad_post_classname":""},"product_brand":[1655],"product_cat":[161,2110,137,2073,197,2109],"product_tag":[6535,6536,142,6531,6530,6537,6534,6532,6529,6533],"class_list":{"0":"post-27441","1":"product","2":"type-product","3":"status-publish","4":"has-post-thumbnail","6":"product_brand-elleebana-lash-lift-brow-lamination-exclusive-supplier-for-elleebana-fastest-processing-times-a-household-name-worldwide-for-30-years-otto-mitter","7":"product_cat-care-es","8":"product_cat-cuidado-de-las-cejas","9":"product_cat-elleebana-es","10":"product_cat-herramientas-para-levantar-las-pestanas","11":"product_cat-otro","12":"product_cat-preparacion-de-cejas","13":"product_tag-balsamo-hidratante","14":"product_tag-barrera-profesional","15":"product_tag-elleebana-es","16":"product_tag-escudo-de-cejas","17":"product_tag-lashbarrier-es","18":"product_tag-no-graso","19":"product_tag-peelshield-es","20":"product_tag-piel-sensible","21":"product_tag-protectorbalm","22":"product_tag-recuperacion-de-la-piel","24":"first","25":"instock","26":"taxable","27":"shipping-taxable","28":"purchasable","29":"product-type-simple","30":"entry","31":"content-bg","32":"loop-entry"},"yoast_head":"<!-- This site is optimized with the Yoast SEO Premium plugin v27.2 (Yoast SEO v27.2) - https:\/\/yoast.com\/product\/yoast-seo-premium-wordpress\/ -->\n<title>Protege y Calma con el B\u00e1lsamo Protector Elleebana 20g<\/title>\n<meta name=\"description\" content=\"Protege tu piel con el B\u00e1lsamo Protector Elleebana durante los tratamientos de tinte y laminaci\u00f3n. \u00a1Esta crema barrera es imprescindible en todos los salones! \ud83c\udf1f\" \/>\n<meta name=\"robots\" content=\"index, follow, max-snippet:-1, max-image-preview:large, max-video-preview:-1\" \/>\n<link rel=\"canonical\" href=\"https:\/\/cocohouseofbeauty.com\/es\/producto\/elleebana-balsamo-protector-20g\/\" \/>\n<meta property=\"og:locale\" content=\"es_ES\" \/>\n<meta property=\"og:type\" content=\"article\" \/>\n<meta property=\"og:title\" content=\"Elleebana B\u00c1LSAMO PROTECTOR 20g\" \/>\n<meta property=\"og:description\" content=\"Protege tu piel con el B\u00e1lsamo Protector Elleebana durante los tratamientos de tinte y laminaci\u00f3n. \u00a1Esta crema barrera es imprescindible en todos los salones! \ud83c\udf1f\" \/>\n<meta property=\"og:url\" content=\"https:\/\/cocohouseofbeauty.com\/es\/producto\/elleebana-balsamo-protector-20g\/\" \/>\n<meta property=\"og:site_name\" content=\"Coco House of Beauty\" \/>\n<meta property=\"article:publisher\" content=\"https:\/\/www.facebook.com\/groups\/388929390727436\/about\/\" \/>\n<meta property=\"article:modified_time\" content=\"2025-09-25T14:32:15+00:00\" \/>\n<meta property=\"og:image\" content=\"https:\/\/cocohouseofbeauty.com\/wp-content\/uploads\/2025\/07\/img_0877.jpeg\" \/>\n\t<meta property=\"og:image:width\" content=\"1109\" \/>\n\t<meta property=\"og:image:height\" content=\"1124\" \/>\n\t<meta property=\"og:image:type\" content=\"image\/jpeg\" \/>\n<meta name=\"twitter:card\" content=\"summary_large_image\" \/>\n<meta name=\"twitter:label1\" content=\"Precio\" \/>\n\t<meta name=\"twitter:data1\" content=\"&euro;&nbsp;24,95\" \/>\n\t<meta name=\"twitter:label2\" content=\"Disponibilidad\" \/>\n\t<meta name=\"twitter:data2\" content=\"Disponible\" \/>\n<script type=\"application\/ld+json\" class=\"yoast-schema-graph\">{\"@context\":\"https:\/\/schema.org\",\"@graph\":[{\"@type\":\"WebPage\",\"@id\":\"https:\/\/cocohouseofbeauty.com\/es\/producto\/elleebana-balsamo-protector-20g\/\",\"url\":\"https:\/\/cocohouseofbeauty.com\/es\/producto\/elleebana-balsamo-protector-20g\/\",\"name\":\"Protege y Calma con el B\u00e1lsamo Protector Elleebana 20g\",\"isPartOf\":{\"@id\":\"https:\/\/cocohouseofbeauty.com\/es\/#website\"},\"primaryImageOfPage\":{\"@id\":\"https:\/\/cocohouseofbeauty.com\/es\/producto\/elleebana-balsamo-protector-20g\/#primaryimage\"},\"image\":{\"@id\":\"https:\/\/cocohouseofbeauty.com\/es\/producto\/elleebana-balsamo-protector-20g\/#primaryimage\"},\"thumbnailUrl\":\"https:\/\/cocohouseofbeauty.com\/wp-content\/uploads\/2025\/07\/img_0877.jpeg\",\"datePublished\":\"2025-07-29T22:54:38+00:00\",\"dateModified\":\"2025-09-25T14:32:15+00:00\",\"description\":\"Protege tu piel con el B\u00e1lsamo Protector Elleebana durante los tratamientos de tinte y laminaci\u00f3n. \u00a1Esta crema barrera es imprescindible en todos los salones! \ud83c\udf1f\",\"breadcrumb\":{\"@id\":\"https:\/\/cocohouseofbeauty.com\/es\/producto\/elleebana-balsamo-protector-20g\/#breadcrumb\"},\"inLanguage\":\"es\",\"potentialAction\":[{\"@type\":\"ReadAction\",\"target\":[\"https:\/\/cocohouseofbeauty.com\/es\/producto\/elleebana-balsamo-protector-20g\/\"]}]},{\"@type\":\"ImageObject\",\"inLanguage\":\"es\",\"@id\":\"https:\/\/cocohouseofbeauty.com\/es\/producto\/elleebana-balsamo-protector-20g\/#primaryimage\",\"url\":\"https:\/\/cocohouseofbeauty.com\/wp-content\/uploads\/2025\/07\/img_0877.jpeg\",\"contentUrl\":\"https:\/\/cocohouseofbeauty.com\/wp-content\/uploads\/2025\/07\/img_0877.jpeg\",\"width\":1109,\"height\":1124},{\"@type\":\"BreadcrumbList\",\"@id\":\"https:\/\/cocohouseofbeauty.com\/es\/producto\/elleebana-balsamo-protector-20g\/#breadcrumb\",\"itemListElement\":[{\"@type\":\"ListItem\",\"position\":1,\"name\":\"Home\",\"item\":\"https:\/\/cocohouseofbeauty.com\/es\/\"},{\"@type\":\"ListItem\",\"position\":2,\"name\":\"Tienda\",\"item\":\"https:\/\/cocohouseofbeauty.com\/es\/tienda\/\"},{\"@type\":\"ListItem\",\"position\":3,\"name\":\"Elleebana B\u00c1LSAMO PROTECTOR 20g\"}]},{\"@type\":\"WebSite\",\"@id\":\"https:\/\/cocohouseofbeauty.com\/es\/#website\",\"url\":\"https:\/\/cocohouseofbeauty.com\/es\/\",\"name\":\"Coco House of Beauty\",\"description\":\"Your beauty partner for exclusive lash &amp; brow brands\",\"publisher\":{\"@id\":\"https:\/\/cocohouseofbeauty.com\/es\/#organization\"},\"potentialAction\":[{\"@type\":\"SearchAction\",\"target\":{\"@type\":\"EntryPoint\",\"urlTemplate\":\"https:\/\/cocohouseofbeauty.com\/es\/?s={search_term_string}\"},\"query-input\":{\"@type\":\"PropertyValueSpecification\",\"valueRequired\":true,\"valueName\":\"search_term_string\"}}],\"inLanguage\":\"es\"},{\"@type\":\"Organization\",\"@id\":\"https:\/\/cocohouseofbeauty.com\/es\/#organization\",\"name\":\"Coco House of Beauty\",\"url\":\"https:\/\/cocohouseofbeauty.com\/es\/\",\"logo\":{\"@type\":\"ImageObject\",\"inLanguage\":\"es\",\"@id\":\"https:\/\/cocohouseofbeauty.com\/es\/#\/schema\/logo\/image\/\",\"url\":\"https:\/\/cocohouseofbeauty.com\/wp-content\/uploads\/2024\/03\/cropped-coco-logo-zonder-estb.png\",\"contentUrl\":\"https:\/\/cocohouseofbeauty.com\/wp-content\/uploads\/2024\/03\/cropped-coco-logo-zonder-estb.png\",\"width\":1532,\"height\":612,\"caption\":\"Coco House of Beauty\"},\"image\":{\"@id\":\"https:\/\/cocohouseofbeauty.com\/es\/#\/schema\/logo\/image\/\"},\"sameAs\":[\"https:\/\/www.facebook.com\/groups\/388929390727436\/about\/\",\"https:\/\/www.instagram.com\/cocohouse.of.beauty\/\",\"https:\/\/www.tiktok.com\/@cocohouseofbeauty\"],\"foundingDate\":\"2024-04-05\",\"numberOfEmployees\":{\"@type\":\"QuantitativeValue\",\"minValue\":\"11\",\"maxValue\":\"50\"}}]}<\/script>\n<meta property=\"product:price:amount\" content=\"24.95\" \/>\n<meta property=\"product:price:currency\" content=\"EUR\" \/>\n<meta property=\"og:availability\" content=\"instock\" \/>\n<meta property=\"product:availability\" content=\"instock\" \/>\n<meta property=\"product:retailer_item_id\" content=\"COCO-2121.\" \/>\n<meta property=\"product:condition\" content=\"new\" \/>\n<!-- \/ Yoast SEO Premium plugin. -->","yoast_head_json":{"title":"Protege y Calma con el B\u00e1lsamo Protector Elleebana 20g","description":"Protege tu piel con el B\u00e1lsamo Protector Elleebana durante los tratamientos de tinte y laminaci\u00f3n. \u00a1Esta crema barrera es imprescindible en todos los salones! \ud83c\udf1f","robots":{"index":"index","follow":"follow","max-snippet":"max-snippet:-1","max-image-preview":"max-image-preview:large","max-video-preview":"max-video-preview:-1"},"canonical":"https:\/\/cocohouseofbeauty.com\/es\/producto\/elleebana-balsamo-protector-20g\/","og_locale":"es_ES","og_type":"article","og_title":"Elleebana B\u00c1LSAMO PROTECTOR 20g","og_description":"Protege tu piel con el B\u00e1lsamo Protector Elleebana durante los tratamientos de tinte y laminaci\u00f3n. \u00a1Esta crema barrera es imprescindible en todos los salones! \ud83c\udf1f","og_url":"https:\/\/cocohouseofbeauty.com\/es\/producto\/elleebana-balsamo-protector-20g\/","og_site_name":"Coco House of Beauty","article_publisher":"https:\/\/www.facebook.com\/groups\/388929390727436\/about\/","article_modified_time":"2025-09-25T14:32:15+00:00","og_image":[{"width":1109,"height":1124,"url":"https:\/\/cocohouseofbeauty.com\/wp-content\/uploads\/2025\/07\/img_0877.jpeg","type":"image\/jpeg"}],"twitter_card":"summary_large_image","twitter_misc":{"Precio":"&euro;&nbsp;24,95","Disponibilidad":"Disponible"},"schema":{"@context":"https:\/\/schema.org","@graph":[{"@type":"WebPage","@id":"https:\/\/cocohouseofbeauty.com\/es\/producto\/elleebana-balsamo-protector-20g\/","url":"https:\/\/cocohouseofbeauty.com\/es\/producto\/elleebana-balsamo-protector-20g\/","name":"Protege y Calma con el B\u00e1lsamo Protector Elleebana 20g","isPartOf":{"@id":"https:\/\/cocohouseofbeauty.com\/es\/#website"},"primaryImageOfPage":{"@id":"https:\/\/cocohouseofbeauty.com\/es\/producto\/elleebana-balsamo-protector-20g\/#primaryimage"},"image":{"@id":"https:\/\/cocohouseofbeauty.com\/es\/producto\/elleebana-balsamo-protector-20g\/#primaryimage"},"thumbnailUrl":"https:\/\/cocohouseofbeauty.com\/wp-content\/uploads\/2025\/07\/img_0877.jpeg","datePublished":"2025-07-29T22:54:38+00:00","dateModified":"2025-09-25T14:32:15+00:00","description":"Protege tu piel con el B\u00e1lsamo Protector Elleebana durante los tratamientos de tinte y laminaci\u00f3n. \u00a1Esta crema barrera es imprescindible en todos los salones! \ud83c\udf1f","breadcrumb":{"@id":"https:\/\/cocohouseofbeauty.com\/es\/producto\/elleebana-balsamo-protector-20g\/#breadcrumb"},"inLanguage":"es","potentialAction":[{"@type":"ReadAction","target":["https:\/\/cocohouseofbeauty.com\/es\/producto\/elleebana-balsamo-protector-20g\/"]}]},{"@type":"ImageObject","inLanguage":"es","@id":"https:\/\/cocohouseofbeauty.com\/es\/producto\/elleebana-balsamo-protector-20g\/#primaryimage","url":"https:\/\/cocohouseofbeauty.com\/wp-content\/uploads\/2025\/07\/img_0877.jpeg","contentUrl":"https:\/\/cocohouseofbeauty.com\/wp-content\/uploads\/2025\/07\/img_0877.jpeg","width":1109,"height":1124},{"@type":"BreadcrumbList","@id":"https:\/\/cocohouseofbeauty.com\/es\/producto\/elleebana-balsamo-protector-20g\/#breadcrumb","itemListElement":[{"@type":"ListItem","position":1,"name":"Home","item":"https:\/\/cocohouseofbeauty.com\/es\/"},{"@type":"ListItem","position":2,"name":"Tienda","item":"https:\/\/cocohouseofbeauty.com\/es\/tienda\/"},{"@type":"ListItem","position":3,"name":"Elleebana B\u00c1LSAMO PROTECTOR 20g"}]},{"@type":"WebSite","@id":"https:\/\/cocohouseofbeauty.com\/es\/#website","url":"https:\/\/cocohouseofbeauty.com\/es\/","name":"Coco House of Beauty","description":"Your beauty partner for exclusive lash &amp; brow brands","publisher":{"@id":"https:\/\/cocohouseofbeauty.com\/es\/#organization"},"potentialAction":[{"@type":"SearchAction","target":{"@type":"EntryPoint","urlTemplate":"https:\/\/cocohouseofbeauty.com\/es\/?s={search_term_string}"},"query-input":{"@type":"PropertyValueSpecification","valueRequired":true,"valueName":"search_term_string"}}],"inLanguage":"es"},{"@type":"Organization","@id":"https:\/\/cocohouseofbeauty.com\/es\/#organization","name":"Coco House of Beauty","url":"https:\/\/cocohouseofbeauty.com\/es\/","logo":{"@type":"ImageObject","inLanguage":"es","@id":"https:\/\/cocohouseofbeauty.com\/es\/#\/schema\/logo\/image\/","url":"https:\/\/cocohouseofbeauty.com\/wp-content\/uploads\/2024\/03\/cropped-coco-logo-zonder-estb.png","contentUrl":"https:\/\/cocohouseofbeauty.com\/wp-content\/uploads\/2024\/03\/cropped-coco-logo-zonder-estb.png","width":1532,"height":612,"caption":"Coco House of Beauty"},"image":{"@id":"https:\/\/cocohouseofbeauty.com\/es\/#\/schema\/logo\/image\/"},"sameAs":["https:\/\/www.facebook.com\/groups\/388929390727436\/about\/","https:\/\/www.instagram.com\/cocohouse.of.beauty\/","https:\/\/www.tiktok.com\/@cocohouseofbeauty"],"foundingDate":"2024-04-05","numberOfEmployees":{"@type":"QuantitativeValue","minValue":"11","maxValue":"50"}}]},"product_price_amount":"24.95","product_price_currency":"EUR","og_availability":"instock","product_availability":"instock","product_retailer_item_id":"COCO-2121.","product_condition":"new"},"taxonomy_info":{"product_brand":[{"value":1655,"label":"Elleebana"}],"product_cat":[{"value":161,"label":"Care"},{"value":2110,"label":"Cuidado de las cejas"},{"value":137,"label":"Elleebana"},{"value":2073,"label":"Herramientas para levantar las pesta\u00f1as"},{"value":197,"label":"Otro"},{"value":2109,"label":"Preparaci\u00f3n de cejas"}],"product_tag":[{"value":6535,"label":"B\u00e1lsamo hidratante"},{"value":6536,"label":"Barrera profesional"},{"value":142,"label":"elleebana"},{"value":6531,"label":"Escudo de cejas"},{"value":6530,"label":"LashBarrier"},{"value":6537,"label":"No graso"},{"value":6534,"label":"PeelShield"},{"value":6532,"label":"Piel Sensible"},{"value":6529,"label":"ProtectorBalm"},{"value":6533,"label":"Recuperaci\u00f3n de la piel"}]},"featured_image_src_large":["https:\/\/cocohouseofbeauty.com\/wp-content\/uploads\/2025\/07\/img_0877-1010x1024.jpeg",1010,1024,true],"author_info":[],"comment_info":0,"jetpack_sharing_enabled":true,"_links":{"self":[{"href":"https:\/\/cocohouseofbeauty.com\/es\/wp-json\/wp\/v2\/product\/27441","targetHints":{"allow":["GET"]}}],"collection":[{"href":"https:\/\/cocohouseofbeauty.com\/es\/wp-json\/wp\/v2\/product"}],"about":[{"href":"https:\/\/cocohouseofbeauty.com\/es\/wp-json\/wp\/v2\/types\/product"}],"replies":[{"embeddable":true,"href":"https:\/\/cocohouseofbeauty.com\/es\/wp-json\/wp\/v2\/comments?post=27441"}],"wp:featuredmedia":[{"embeddable":true,"href":"https:\/\/cocohouseofbeauty.com\/es\/wp-json\/wp\/v2\/media\/27294"}],"wp:attachment":[{"href":"https:\/\/cocohouseofbeauty.com\/es\/wp-json\/wp\/v2\/media?parent=27441"}],"wp:term":[{"taxonomy":"product_brand","embeddable":true,"href":"https:\/\/cocohouseofbeauty.com\/es\/wp-json\/wp\/v2\/product_brand?post=27441"},{"taxonomy":"product_cat","embeddable":true,"href":"https:\/\/cocohouseofbeauty.com\/es\/wp-json\/wp\/v2\/product_cat?post=27441"},{"taxonomy":"product_tag","embeddable":true,"href":"https:\/\/cocohouseofbeauty.com\/es\/wp-json\/wp\/v2\/product_tag?post=27441"}],"curies":[{"name":"wp","href":"https:\/\/api.w.org\/{rel}","templated":true}]}}