{"id":26417,"date":"2025-06-27T08:44:20","date_gmt":"2025-06-27T06:44:20","guid":{"rendered":"https:\/\/cocohouseofbeauty.com\/?post_type=product&#038;p=26417"},"modified":"2025-11-04T15:14:38","modified_gmt":"2025-11-04T13:14:38","slug":"phan-co-tinte-para-cejas-topo-copy","status":"publish","type":"product","link":"https:\/\/cocohouseofbeauty.com\/es\/producto\/phan-co-tinte-para-cejas-topo-copy\/","title":{"rendered":"Phan &amp; Co Tinte para Cejas | Marr\u00f3n Suave"},"content":{"rendered":"<p data-start=\"171\" data-end=\"708\">Transforma tus servicios de cejas con <strong data-start=\"205\" data-end=\"229\">Brow Stain Skin Only<\/strong> de PHAN &amp; CO, una f\u00f3rmula revolucionaria dise\u00f1ada para profesionales que desean un color preciso y duradero sin te\u00f1ir los pelos de las cejas. Este innovador producto s\u00f3lo ti\u00f1e la piel, por lo que es perfecto para crear unas cejas atrevidas y definidas que permanecen n\u00edtidas y vibrantes hasta siete d\u00edas. El <strong data-start=\"517\" data-end=\"541\">tinte de cejas Skin Only<\/strong> es ideal para clientes que desean un aspecto rellenado sin cambiar su color de pelo natural, ofreciendo una opci\u00f3n vers\u00e1til para quienes adoran las formas n\u00edtidas y limpias de las cejas.<\/p>\n<p data-start=\"710\" data-end=\"1125\">La f\u00f3rmula l\u00edquida y ligera de <strong data-start=\"744\" data-end=\"768\">Brow Stain Skin Only<\/strong> es f\u00e1cil de aplicar con pincel, aer\u00f3grafo o plantilla, y te garantiza una cobertura uniforme y unos resultados uniformes en todo momento. Los artistas pueden aplicar el tinte en capas para aumentar la intensidad, desde cejas suaves de aspecto natural hasta estilos dram\u00e1ticos de gran impacto. Su textura de secado r\u00e1pido reduce los borrones y ayuda a mantener un trazo impecable, incluso en condiciones de humedad.<\/p>\n<p data-start=\"1127\" data-end=\"1476\">Tanto si trabajas en un sal\u00f3n muy concurrido como si ofreces servicios m\u00f3viles, este producto encaja perfectamente en tu kit de herramientas para cejas. A los clientes les encantar\u00e1 la comodidad de un color duradero sin mantenimiento diario, mientras que t\u00fa apreciar\u00e1s la eficacia y el acabado profesional que aporta a tu trabajo. Eleva el arte de tus cejas con esta innovaci\u00f3n imprescindible.  <\/p>\n<div class=\"cvGsUA direction-ltr align-center para-style-body\"><strong>-C\u00d3MO USARLO<\/strong><\/div>\n<div>PASO 1: AGITA BIEN y a\u00f1ade el producto en el dosificador de manchas.<\/div>\n<div>PASO 2: Traza las cejas y aplica nuestros bordes perfiladores de cejas, aseg\u00farate de fijar bien los bordes.<\/div>\n<div>PASO 3: Pulveriza el producto con nuestra m\u00e1quina de aerograf\u00eda o apl\u00edcalo con un pincel.<\/div>\n<div>PASO 4: Repite los pasos 3 hasta conseguir el aspecto deseado.<\/div>\n<div>PASO 5: Elimina los bordes de las cejas.<\/div>\n<div><\/div>\n<div><\/div>\n<div>\n<div><strong>&#8211; CONSEJOS &#8211;<\/strong><\/div>\n<ul>\n<li>El producto se oxidar\u00e1<\/li>\n<li>  Utiliza una toallita h\u00fameda para eliminar el producto si es necesario<\/li>\n<li>Deja reposar el producto unos minutos<\/li>\n<li>Recomendamos aproximadamente 1\/3 de producto en el dispensador de manchas<\/li>\n<\/ul>\n<div><\/div>\n<div><strong>  &#8211; AFTERCARE &#8211;<\/strong><\/div>\n<ul>\n<li class=\"cvGsUA direction-ltr align-start para-style-body\"><span class=\"OYPEnA text-decoration-none text-strikethrough-none\">No maquilles las cejas despu\u00e9s del servicio.<\/span><\/li>\n<li class=\"cvGsUA direction-ltr align-start para-style-body\"><span class=\"OYPEnA text-decoration-none text-strikethrough-none\">Evita tocarte o frotarte demasiado las cejas, ya que esto puede hacer que el tinte se desvanezca de forma desigual.<\/span><\/li>\n<li class=\"cvGsUA direction-ltr align-start para-style-body\"><span class=\"OYPEnA text-decoration-none text-strikethrough-none\">Evita el ejercicio y cualquier actividad que provoque una sudoraci\u00f3n vigorosa.<\/span><\/li>\n<li class=\"cvGsUA direction-ltr align-start para-style-body\"><span class=\"OYPEnA text-decoration-none text-strikethrough-none\">Evita el contacto directo con el agua.<\/span><\/li>\n<li class=\"cvGsUA direction-ltr align-start para-style-body\"><span class=\"OYPEnA text-decoration-none text-strikethrough-none\">Evita nadar, los ba\u00f1os de vapor y las saunas.<\/span><\/li>\n<li class=\"cvGsUA direction-ltr align-start para-style-body\"><span class=\"OYPEnA text-decoration-none text-strikethrough-none\">Vuelve a realizar el procedimiento cada 3 semanas para mantener los resultados de la depilaci\u00f3n y el tinte de cejas.<\/span><\/li>\n<li class=\"cvGsUA direction-ltr align-start para-style-body\"><span class=\"OYPEnA text-decoration-none text-strikethrough-none\">Despu\u00e9s del tratamiento, las cejas deben tratarse con cuidado.<\/span><\/li>\n<li class=\"cvGsUA direction-ltr align-start para-style-body\"><span class=\"OYPEnA text-decoration-none text-strikethrough-none\">No restriegues sobre la zona de las cejas  <\/span><\/li>\n<\/ul>\n<div class=\"cvGsUA direction-ltr align-start para-style-body\">\n<div><span class=\"OYPEnA text-decoration-none text-strikethrough-none\">Nuestro producto contiene una Variedad de Extractos Naturales de Frutas y Hierbas, Tocoferol, NO PPD, NO Parabenos y Sulfatos<\/span><\/div>\n<\/div>\n<\/div>\n","protected":false},"excerpt":{"rendered":"<p>Crea unas cejas atrevidas y definidas sin te\u00f1ir el vello utilizando Brow Stain Skin Only de PHAN &amp; CO. Disfruta de hasta 7 d\u00edas de color impecable que ti\u00f1e la piel para un aspecto limpio y preciso. <\/p>\n<p>100 ml<\/p>\n<p>SKU: COCO-2248<\/p>\n","protected":false},"featured_media":26426,"comment_status":"open","ping_status":"closed","template":"","meta":{"_kad_blocks_custom_css":"","_kad_blocks_head_custom_js":"","_kad_blocks_body_custom_js":"","_kad_blocks_footer_custom_js":"","_kadence_starter_templates_imported_post":false,"_kad_post_transparent":"default","_kad_post_title":"","_kad_post_layout":"default","_kad_post_sidebar_id":"","_kad_post_content_style":"default","_kad_post_vertical_padding":"default","_kad_post_feature":"","_kad_post_feature_position":"","_kad_post_header":false,"_kad_post_footer":false,"_kad_post_classname":""},"product_brand":[3478],"product_cat":[2050,932,2107],"product_tag":[4392,4388,4393,4395,3488,4389,934,4429,4394,4390,4391],"class_list":{"0":"post-26417","1":"product","2":"type-product","3":"status-publish","4":"has-post-thumbnail","6":"product_brand-phan-co","7":"product_cat-aerografo-es","8":"product_cat-phan-co-es","9":"product_cat-tinte","10":"product_tag-color-de-cejas-de-larga-duracion","11":"product_tag-mancha-para-cejas-solo-piel","12":"product_tag-mancha-para-el-borde-de-la-ceja","13":"product_tag-manchar-no-tenir","14":"product_tag-phan-co-es","15":"product_tag-solo-mancha-en-la-piel","16":"product_tag-tinte-de-cejas","17":"product_tag-tinte-de-cejas-marron-suave","18":"product_tag-tinte-de-cejas-profesional-es","19":"product_tag-tinte-de-cejas-topo","20":"product_tag-tinte-para-cejas-con-aerografo","22":"first","23":"instock","24":"taxable","25":"shipping-taxable","26":"purchasable","27":"product-type-simple","28":"entry","29":"content-bg","30":"loop-entry"},"yoast_head":"<!-- This site is optimized with the Yoast SEO Premium plugin v27.2 (Yoast SEO v27.2) - https:\/\/yoast.com\/product\/yoast-seo-premium-wordpress\/ -->\n<title>Tinte de Cejas S\u00f3lo Piel - Tinte de Cejas de Larga Duraci\u00f3n PHAN &amp; CO<\/title>\n<meta name=\"description\" content=\"Consigue un color de cejas atrevido y s\u00f3lo para la piel con el Tinte de Cejas PHAN &amp; CO. Hasta 7 d\u00edas de uso impecable, sin tinte, s\u00f3lo definici\u00f3n limpia.\" \/>\n<meta name=\"robots\" content=\"index, follow, max-snippet:-1, max-image-preview:large, max-video-preview:-1\" \/>\n<link rel=\"canonical\" href=\"https:\/\/cocohouseofbeauty.com\/es\/producto\/phan-co-tinte-para-cejas-topo-copy\/\" \/>\n<meta property=\"og:locale\" content=\"es_ES\" \/>\n<meta property=\"og:type\" content=\"article\" \/>\n<meta property=\"og:title\" content=\"Phan &amp; Co Tinte para Cejas | Marr\u00f3n Suave\" \/>\n<meta property=\"og:description\" content=\"Consigue un color de cejas atrevido y s\u00f3lo para la piel con el Tinte de Cejas PHAN &amp; CO. Hasta 7 d\u00edas de uso impecable, sin tinte, s\u00f3lo definici\u00f3n limpia.\" \/>\n<meta property=\"og:url\" content=\"https:\/\/cocohouseofbeauty.com\/es\/producto\/phan-co-tinte-para-cejas-topo-copy\/\" \/>\n<meta property=\"og:site_name\" content=\"Coco House of Beauty\" \/>\n<meta property=\"article:publisher\" content=\"https:\/\/www.facebook.com\/groups\/388929390727436\/about\/\" \/>\n<meta property=\"article:modified_time\" content=\"2025-11-04T13:14:38+00:00\" \/>\n<meta property=\"og:image\" content=\"https:\/\/cocohouseofbeauty.com\/wp-content\/uploads\/2025\/06\/Phan-Co-brow-stain-soft-brown-100ml.jpg\" \/>\n\t<meta property=\"og:image:width\" content=\"857\" \/>\n\t<meta property=\"og:image:height\" content=\"827\" \/>\n\t<meta property=\"og:image:type\" content=\"image\/jpeg\" \/>\n<meta name=\"twitter:card\" content=\"summary_large_image\" \/>\n<meta name=\"twitter:label1\" content=\"Precio\" \/>\n\t<meta name=\"twitter:data1\" content=\"&euro;&nbsp;27,95\" \/>\n\t<meta name=\"twitter:label2\" content=\"Disponibilidad\" \/>\n\t<meta name=\"twitter:data2\" content=\"Disponible\" \/>\n<script type=\"application\/ld+json\" class=\"yoast-schema-graph\">{\"@context\":\"https:\/\/schema.org\",\"@graph\":[{\"@type\":\"WebPage\",\"@id\":\"https:\/\/cocohouseofbeauty.com\/es\/producto\/phan-co-tinte-para-cejas-topo-copy\/\",\"url\":\"https:\/\/cocohouseofbeauty.com\/es\/producto\/phan-co-tinte-para-cejas-topo-copy\/\",\"name\":\"Tinte de Cejas S\u00f3lo Piel - Tinte de Cejas de Larga Duraci\u00f3n PHAN & CO\",\"isPartOf\":{\"@id\":\"https:\/\/cocohouseofbeauty.com\/es\/#website\"},\"primaryImageOfPage\":{\"@id\":\"https:\/\/cocohouseofbeauty.com\/es\/producto\/phan-co-tinte-para-cejas-topo-copy\/#primaryimage\"},\"image\":{\"@id\":\"https:\/\/cocohouseofbeauty.com\/es\/producto\/phan-co-tinte-para-cejas-topo-copy\/#primaryimage\"},\"thumbnailUrl\":\"https:\/\/cocohouseofbeauty.com\/wp-content\/uploads\/2025\/06\/Phan-Co-brow-stain-soft-brown-100ml.jpg\",\"datePublished\":\"2025-06-27T06:44:20+00:00\",\"dateModified\":\"2025-11-04T13:14:38+00:00\",\"description\":\"Consigue un color de cejas atrevido y s\u00f3lo para la piel con el Tinte de Cejas PHAN & CO. Hasta 7 d\u00edas de uso impecable, sin tinte, s\u00f3lo definici\u00f3n limpia.\",\"breadcrumb\":{\"@id\":\"https:\/\/cocohouseofbeauty.com\/es\/producto\/phan-co-tinte-para-cejas-topo-copy\/#breadcrumb\"},\"inLanguage\":\"es\",\"potentialAction\":[{\"@type\":\"ReadAction\",\"target\":[\"https:\/\/cocohouseofbeauty.com\/es\/producto\/phan-co-tinte-para-cejas-topo-copy\/\"]}]},{\"@type\":\"ImageObject\",\"inLanguage\":\"es\",\"@id\":\"https:\/\/cocohouseofbeauty.com\/es\/producto\/phan-co-tinte-para-cejas-topo-copy\/#primaryimage\",\"url\":\"https:\/\/cocohouseofbeauty.com\/wp-content\/uploads\/2025\/06\/Phan-Co-brow-stain-soft-brown-100ml.jpg\",\"contentUrl\":\"https:\/\/cocohouseofbeauty.com\/wp-content\/uploads\/2025\/06\/Phan-Co-brow-stain-soft-brown-100ml.jpg\",\"width\":857,\"height\":827,\"caption\":\"Phan &amp; Co tinte para cejas marr\u00f3n suave 100ml\"},{\"@type\":\"BreadcrumbList\",\"@id\":\"https:\/\/cocohouseofbeauty.com\/es\/producto\/phan-co-tinte-para-cejas-topo-copy\/#breadcrumb\",\"itemListElement\":[{\"@type\":\"ListItem\",\"position\":1,\"name\":\"Home\",\"item\":\"https:\/\/cocohouseofbeauty.com\/es\/\"},{\"@type\":\"ListItem\",\"position\":2,\"name\":\"Tienda\",\"item\":\"https:\/\/cocohouseofbeauty.com\/es\/tienda\/\"},{\"@type\":\"ListItem\",\"position\":3,\"name\":\"Phan &amp; Co Tinte para Cejas | Marr\u00f3n Suave\"}]},{\"@type\":\"WebSite\",\"@id\":\"https:\/\/cocohouseofbeauty.com\/es\/#website\",\"url\":\"https:\/\/cocohouseofbeauty.com\/es\/\",\"name\":\"Coco House of Beauty\",\"description\":\"Your beauty partner for exclusive lash &amp; brow brands\",\"publisher\":{\"@id\":\"https:\/\/cocohouseofbeauty.com\/es\/#organization\"},\"potentialAction\":[{\"@type\":\"SearchAction\",\"target\":{\"@type\":\"EntryPoint\",\"urlTemplate\":\"https:\/\/cocohouseofbeauty.com\/es\/?s={search_term_string}\"},\"query-input\":{\"@type\":\"PropertyValueSpecification\",\"valueRequired\":true,\"valueName\":\"search_term_string\"}}],\"inLanguage\":\"es\"},{\"@type\":\"Organization\",\"@id\":\"https:\/\/cocohouseofbeauty.com\/es\/#organization\",\"name\":\"Coco House of Beauty\",\"url\":\"https:\/\/cocohouseofbeauty.com\/es\/\",\"logo\":{\"@type\":\"ImageObject\",\"inLanguage\":\"es\",\"@id\":\"https:\/\/cocohouseofbeauty.com\/es\/#\/schema\/logo\/image\/\",\"url\":\"https:\/\/cocohouseofbeauty.com\/wp-content\/uploads\/2024\/03\/cropped-coco-logo-zonder-estb.png\",\"contentUrl\":\"https:\/\/cocohouseofbeauty.com\/wp-content\/uploads\/2024\/03\/cropped-coco-logo-zonder-estb.png\",\"width\":1532,\"height\":612,\"caption\":\"Coco House of Beauty\"},\"image\":{\"@id\":\"https:\/\/cocohouseofbeauty.com\/es\/#\/schema\/logo\/image\/\"},\"sameAs\":[\"https:\/\/www.facebook.com\/groups\/388929390727436\/about\/\",\"https:\/\/www.instagram.com\/cocohouse.of.beauty\/\",\"https:\/\/www.tiktok.com\/@cocohouseofbeauty\"],\"foundingDate\":\"2024-04-05\",\"numberOfEmployees\":{\"@type\":\"QuantitativeValue\",\"minValue\":\"11\",\"maxValue\":\"50\"}}]}<\/script>\n<meta property=\"product:price:amount\" content=\"27.95\" \/>\n<meta property=\"product:price:currency\" content=\"EUR\" \/>\n<meta property=\"og:availability\" content=\"instock\" \/>\n<meta property=\"product:availability\" content=\"instock\" \/>\n<meta property=\"product:retailer_item_id\" content=\"COCO-2248\" \/>\n<meta property=\"product:condition\" content=\"new\" \/>\n<!-- \/ Yoast SEO Premium plugin. -->","yoast_head_json":{"title":"Tinte de Cejas S\u00f3lo Piel - Tinte de Cejas de Larga Duraci\u00f3n PHAN & CO","description":"Consigue un color de cejas atrevido y s\u00f3lo para la piel con el Tinte de Cejas PHAN & CO. Hasta 7 d\u00edas de uso impecable, sin tinte, s\u00f3lo definici\u00f3n limpia.","robots":{"index":"index","follow":"follow","max-snippet":"max-snippet:-1","max-image-preview":"max-image-preview:large","max-video-preview":"max-video-preview:-1"},"canonical":"https:\/\/cocohouseofbeauty.com\/es\/producto\/phan-co-tinte-para-cejas-topo-copy\/","og_locale":"es_ES","og_type":"article","og_title":"Phan &amp; Co Tinte para Cejas | Marr\u00f3n Suave","og_description":"Consigue un color de cejas atrevido y s\u00f3lo para la piel con el Tinte de Cejas PHAN & CO. Hasta 7 d\u00edas de uso impecable, sin tinte, s\u00f3lo definici\u00f3n limpia.","og_url":"https:\/\/cocohouseofbeauty.com\/es\/producto\/phan-co-tinte-para-cejas-topo-copy\/","og_site_name":"Coco House of Beauty","article_publisher":"https:\/\/www.facebook.com\/groups\/388929390727436\/about\/","article_modified_time":"2025-11-04T13:14:38+00:00","og_image":[{"width":857,"height":827,"url":"https:\/\/cocohouseofbeauty.com\/wp-content\/uploads\/2025\/06\/Phan-Co-brow-stain-soft-brown-100ml.jpg","type":"image\/jpeg"}],"twitter_card":"summary_large_image","twitter_misc":{"Precio":"&euro;&nbsp;27,95","Disponibilidad":"Disponible"},"schema":{"@context":"https:\/\/schema.org","@graph":[{"@type":"WebPage","@id":"https:\/\/cocohouseofbeauty.com\/es\/producto\/phan-co-tinte-para-cejas-topo-copy\/","url":"https:\/\/cocohouseofbeauty.com\/es\/producto\/phan-co-tinte-para-cejas-topo-copy\/","name":"Tinte de Cejas S\u00f3lo Piel - Tinte de Cejas de Larga Duraci\u00f3n PHAN & CO","isPartOf":{"@id":"https:\/\/cocohouseofbeauty.com\/es\/#website"},"primaryImageOfPage":{"@id":"https:\/\/cocohouseofbeauty.com\/es\/producto\/phan-co-tinte-para-cejas-topo-copy\/#primaryimage"},"image":{"@id":"https:\/\/cocohouseofbeauty.com\/es\/producto\/phan-co-tinte-para-cejas-topo-copy\/#primaryimage"},"thumbnailUrl":"https:\/\/cocohouseofbeauty.com\/wp-content\/uploads\/2025\/06\/Phan-Co-brow-stain-soft-brown-100ml.jpg","datePublished":"2025-06-27T06:44:20+00:00","dateModified":"2025-11-04T13:14:38+00:00","description":"Consigue un color de cejas atrevido y s\u00f3lo para la piel con el Tinte de Cejas PHAN & CO. Hasta 7 d\u00edas de uso impecable, sin tinte, s\u00f3lo definici\u00f3n limpia.","breadcrumb":{"@id":"https:\/\/cocohouseofbeauty.com\/es\/producto\/phan-co-tinte-para-cejas-topo-copy\/#breadcrumb"},"inLanguage":"es","potentialAction":[{"@type":"ReadAction","target":["https:\/\/cocohouseofbeauty.com\/es\/producto\/phan-co-tinte-para-cejas-topo-copy\/"]}]},{"@type":"ImageObject","inLanguage":"es","@id":"https:\/\/cocohouseofbeauty.com\/es\/producto\/phan-co-tinte-para-cejas-topo-copy\/#primaryimage","url":"https:\/\/cocohouseofbeauty.com\/wp-content\/uploads\/2025\/06\/Phan-Co-brow-stain-soft-brown-100ml.jpg","contentUrl":"https:\/\/cocohouseofbeauty.com\/wp-content\/uploads\/2025\/06\/Phan-Co-brow-stain-soft-brown-100ml.jpg","width":857,"height":827,"caption":"Phan &amp; Co tinte para cejas marr\u00f3n suave 100ml"},{"@type":"BreadcrumbList","@id":"https:\/\/cocohouseofbeauty.com\/es\/producto\/phan-co-tinte-para-cejas-topo-copy\/#breadcrumb","itemListElement":[{"@type":"ListItem","position":1,"name":"Home","item":"https:\/\/cocohouseofbeauty.com\/es\/"},{"@type":"ListItem","position":2,"name":"Tienda","item":"https:\/\/cocohouseofbeauty.com\/es\/tienda\/"},{"@type":"ListItem","position":3,"name":"Phan &amp; Co Tinte para Cejas | Marr\u00f3n Suave"}]},{"@type":"WebSite","@id":"https:\/\/cocohouseofbeauty.com\/es\/#website","url":"https:\/\/cocohouseofbeauty.com\/es\/","name":"Coco House of Beauty","description":"Your beauty partner for exclusive lash &amp; brow brands","publisher":{"@id":"https:\/\/cocohouseofbeauty.com\/es\/#organization"},"potentialAction":[{"@type":"SearchAction","target":{"@type":"EntryPoint","urlTemplate":"https:\/\/cocohouseofbeauty.com\/es\/?s={search_term_string}"},"query-input":{"@type":"PropertyValueSpecification","valueRequired":true,"valueName":"search_term_string"}}],"inLanguage":"es"},{"@type":"Organization","@id":"https:\/\/cocohouseofbeauty.com\/es\/#organization","name":"Coco House of Beauty","url":"https:\/\/cocohouseofbeauty.com\/es\/","logo":{"@type":"ImageObject","inLanguage":"es","@id":"https:\/\/cocohouseofbeauty.com\/es\/#\/schema\/logo\/image\/","url":"https:\/\/cocohouseofbeauty.com\/wp-content\/uploads\/2024\/03\/cropped-coco-logo-zonder-estb.png","contentUrl":"https:\/\/cocohouseofbeauty.com\/wp-content\/uploads\/2024\/03\/cropped-coco-logo-zonder-estb.png","width":1532,"height":612,"caption":"Coco House of Beauty"},"image":{"@id":"https:\/\/cocohouseofbeauty.com\/es\/#\/schema\/logo\/image\/"},"sameAs":["https:\/\/www.facebook.com\/groups\/388929390727436\/about\/","https:\/\/www.instagram.com\/cocohouse.of.beauty\/","https:\/\/www.tiktok.com\/@cocohouseofbeauty"],"foundingDate":"2024-04-05","numberOfEmployees":{"@type":"QuantitativeValue","minValue":"11","maxValue":"50"}}]},"product_price_amount":"27.95","product_price_currency":"EUR","og_availability":"instock","product_availability":"instock","product_retailer_item_id":"COCO-2248","product_condition":"new"},"taxonomy_info":{"product_brand":[{"value":3478,"label":"Phan &amp; Co"}],"product_cat":[{"value":2050,"label":"Aer\u00f3grafo"},{"value":932,"label":"Phan &amp; Co"},{"value":2107,"label":"Tinte"}],"product_tag":[{"value":4392,"label":"color de cejas de larga duraci\u00f3n"},{"value":4388,"label":"mancha para cejas s\u00f3lo piel"},{"value":4393,"label":"mancha para el borde de la ceja"},{"value":4395,"label":"manchar no te\u00f1ir"},{"value":3488,"label":"Phan &amp; Co"},{"value":4389,"label":"s\u00f3lo mancha en la piel"},{"value":934,"label":"tinte de cejas"},{"value":4429,"label":"tinte de cejas marr\u00f3n suave"},{"value":4394,"label":"tinte de cejas profesional"},{"value":4390,"label":"tinte de cejas topo"},{"value":4391,"label":"tinte para cejas con aer\u00f3grafo"}]},"featured_image_src_large":["https:\/\/cocohouseofbeauty.com\/wp-content\/uploads\/2025\/06\/Phan-Co-brow-stain-soft-brown-100ml.jpg",857,827,false],"author_info":[],"comment_info":0,"jetpack_sharing_enabled":true,"_links":{"self":[{"href":"https:\/\/cocohouseofbeauty.com\/es\/wp-json\/wp\/v2\/product\/26417","targetHints":{"allow":["GET"]}}],"collection":[{"href":"https:\/\/cocohouseofbeauty.com\/es\/wp-json\/wp\/v2\/product"}],"about":[{"href":"https:\/\/cocohouseofbeauty.com\/es\/wp-json\/wp\/v2\/types\/product"}],"replies":[{"embeddable":true,"href":"https:\/\/cocohouseofbeauty.com\/es\/wp-json\/wp\/v2\/comments?post=26417"}],"wp:featuredmedia":[{"embeddable":true,"href":"https:\/\/cocohouseofbeauty.com\/es\/wp-json\/wp\/v2\/media\/26426"}],"wp:attachment":[{"href":"https:\/\/cocohouseofbeauty.com\/es\/wp-json\/wp\/v2\/media?parent=26417"}],"wp:term":[{"taxonomy":"product_brand","embeddable":true,"href":"https:\/\/cocohouseofbeauty.com\/es\/wp-json\/wp\/v2\/product_brand?post=26417"},{"taxonomy":"product_cat","embeddable":true,"href":"https:\/\/cocohouseofbeauty.com\/es\/wp-json\/wp\/v2\/product_cat?post=26417"},{"taxonomy":"product_tag","embeddable":true,"href":"https:\/\/cocohouseofbeauty.com\/es\/wp-json\/wp\/v2\/product_tag?post=26417"}],"curies":[{"name":"wp","href":"https:\/\/api.w.org\/{rel}","templated":true}]}}