{"id":26272,"date":"2025-06-25T14:37:42","date_gmt":"2025-06-25T12:37:42","guid":{"rendered":"https:\/\/cocohouseofbeauty.com\/product\/kit-para-cejas-phan-co-aerografo\/"},"modified":"2025-06-26T14:42:05","modified_gmt":"2025-06-26T12:42:05","slug":"kit-para-cejas-phan-co-aerografo","status":"publish","type":"product","link":"https:\/\/cocohouseofbeauty.com\/es\/producto\/kit-para-cejas-phan-co-aerografo\/","title":{"rendered":"Kit para cejas Phan &amp; Co + Aer\u00f3grafo"},"content":{"rendered":"<p data-start=\"509\" data-end=\"771\">Aporta precisi\u00f3n y arte de nivel superior a tus tratamientos de cejas con el <strong data-start=\"582\" data-end=\"613\">Kit de Cejas con Aer\u00f3grafo Phan &amp; Co<\/strong>. Este kit de calidad profesional incluye todo lo que necesitas para crear cejas ombr\u00e9 suaves y naturales o formas atrevidas y definidas con la tecnolog\u00eda de vanguardia del aer\u00f3grafo. <\/p>\n<p data-start=\"773\" data-end=\"1146\">El kit incluye una potente y ligera m\u00e1quina de aerograf\u00eda dise\u00f1ada espec\u00edficamente para artistas de las cejas. Tanto si trabajas con un tinte de cejas, un tinte h\u00edbrido o un pigmento espec\u00edfico para aer\u00f3grafo, esta m\u00e1quina proporciona una cobertura suave y uniforme con un control incre\u00edble. Desp\u00eddete de las aplicaciones irregulares y los tonos desiguales y da la bienvenida a unas cejas impecables y listas para la foto.  <\/p>\n<p data-start=\"1148\" data-end=\"1475\">Perfecto para salones de belleza y profesionales de la belleza muy ocupados, el <strong data-start=\"1202\" data-end=\"1233\">Kit de Cejas con Aer\u00f3grafo Phan &amp; Co<\/strong> acelera tu flujo de trabajo sin comprometer la calidad. Te permite conseguir resultados sim\u00e9tricos y uniformes con el m\u00ednimo esfuerzo. A los clientes les encantar\u00e1n los bordes suaves y difuminados y la larga duraci\u00f3n que s\u00f3lo las t\u00e9cnicas de aerograf\u00eda pueden proporcionar.  <\/p>\n<p data-start=\"1477\" data-end=\"1708\">Combina este kit con las plantillas o las herramientas de mapeado de PHAN &amp; CO para una mayor precisi\u00f3n y creatividad. Tanto si eres una profesional experimentada como si acabas de iniciarte en el mundo de las cejas con aer\u00f3grafo, este kit es imprescindible en tu arsenal de belleza. <\/p>\n","protected":false},"excerpt":{"rendered":"<p data-start=\"310\" data-end=\"436\">Eleva tus servicios de cejas con el Kit de Cejas con Aer\u00f3grafo Phan &amp; Co. Precisi\u00f3n, rapidez y resultados impecables en una sola m\u00e1quina elegante. <\/p>\n","protected":false},"featured_media":26271,"comment_status":"open","ping_status":"closed","template":"","meta":{"_kad_blocks_custom_css":"","_kad_blocks_head_custom_js":"","_kad_blocks_body_custom_js":"","_kad_blocks_footer_custom_js":"","_kadence_starter_templates_imported_post":false,"_kad_post_transparent":"","_kad_post_title":"","_kad_post_layout":"","_kad_post_sidebar_id":"","_kad_post_content_style":"","_kad_post_vertical_padding":"","_kad_post_feature":"","_kad_post_feature_position":"","_kad_post_header":false,"_kad_post_footer":false,"_kad_post_classname":""},"product_brand":[3478],"product_cat":[2050,109,932],"product_tag":[4197,4194,970,4192,4196,4191,3176,4193,3488,4195],"class_list":{"0":"post-26272","1":"product","2":"type-product","3":"status-publish","4":"has-post-thumbnail","6":"product_brand-phan-co","7":"product_cat-aerografo-es","8":"product_cat-formacion-y-cursos","9":"product_cat-phan-co-es","10":"product_tag-aerografia-para-salones-de-belleza","11":"product_tag-aerografo-hibrido-de-manchas","12":"product_tag-cejas-con-aerografo","13":"product_tag-cejas-ombre","14":"product_tag-herramienta-para-tenir-las-cejas","15":"product_tag-kit-aerografo-para-cejas","16":"product_tag-kit-profesional-para-cejas","17":"product_tag-maquina-de-cejas","18":"product_tag-phan-co-es","19":"product_tag-sistema-de-cejas-con-aerografo","21":"first","22":"outofstock","23":"taxable","24":"shipping-taxable","25":"purchasable","26":"product-type-simple","27":"entry","28":"content-bg","29":"loop-entry"},"yoast_head":"<!-- This site is optimized with the Yoast SEO Premium plugin v27.2 (Yoast SEO v27.2) - https:\/\/yoast.com\/product\/yoast-seo-premium-wordpress\/ -->\n<title>Kit de cejas con aer\u00f3grafo Phan &amp; Co para unas cejas impecables<\/title>\n<meta name=\"description\" content=\"Crea cejas ombr\u00e9 impecables con el Kit para Cejas con Aer\u00f3grafo Phan &amp; Co. M\u00e1quina ligera de nivel profesional para una aplicaci\u00f3n precisa y suave en todo momento.\" \/>\n<meta name=\"robots\" content=\"index, follow, max-snippet:-1, max-image-preview:large, max-video-preview:-1\" \/>\n<link rel=\"canonical\" href=\"https:\/\/cocohouseofbeauty.com\/es\/producto\/kit-para-cejas-phan-co-aerografo\/\" \/>\n<meta property=\"og:locale\" content=\"es_ES\" \/>\n<meta property=\"og:type\" content=\"article\" \/>\n<meta property=\"og:title\" content=\"Kit para cejas Phan &amp; Co + Aer\u00f3grafo\" \/>\n<meta property=\"og:description\" content=\"Crea cejas ombr\u00e9 impecables con el Kit para Cejas con Aer\u00f3grafo Phan &amp; Co. M\u00e1quina ligera de nivel profesional para una aplicaci\u00f3n precisa y suave en todo momento.\" \/>\n<meta property=\"og:url\" content=\"https:\/\/cocohouseofbeauty.com\/es\/producto\/kit-para-cejas-phan-co-aerografo\/\" \/>\n<meta property=\"og:site_name\" content=\"Coco House of Beauty\" \/>\n<meta property=\"article:publisher\" content=\"https:\/\/www.facebook.com\/groups\/388929390727436\/about\/\" \/>\n<meta property=\"article:modified_time\" content=\"2025-06-26T12:42:05+00:00\" \/>\n<meta property=\"og:image\" content=\"https:\/\/cocohouseofbeauty.com\/wp-content\/uploads\/2025\/06\/Phan-Co-Airbrush-kit.jpg\" \/>\n\t<meta property=\"og:image:width\" content=\"566\" \/>\n\t<meta property=\"og:image:height\" content=\"613\" \/>\n\t<meta property=\"og:image:type\" content=\"image\/jpeg\" \/>\n<meta name=\"twitter:card\" content=\"summary_large_image\" \/>\n<meta name=\"twitter:label1\" content=\"Precio\" \/>\n\t<meta name=\"twitter:data1\" content=\"&euro;&nbsp;295,95\" \/>\n\t<meta name=\"twitter:label2\" content=\"Disponibilidad\" \/>\n\t<meta name=\"twitter:data2\" content=\"Sin existencias\" \/>\n<script type=\"application\/ld+json\" class=\"yoast-schema-graph\">{\"@context\":\"https:\/\/schema.org\",\"@graph\":[{\"@type\":\"WebPage\",\"@id\":\"https:\/\/cocohouseofbeauty.com\/es\/producto\/kit-para-cejas-phan-co-aerografo\/\",\"url\":\"https:\/\/cocohouseofbeauty.com\/es\/producto\/kit-para-cejas-phan-co-aerografo\/\",\"name\":\"Kit de cejas con aer\u00f3grafo Phan & Co para unas cejas impecables\",\"isPartOf\":{\"@id\":\"https:\/\/cocohouseofbeauty.com\/es\/#website\"},\"primaryImageOfPage\":{\"@id\":\"https:\/\/cocohouseofbeauty.com\/es\/producto\/kit-para-cejas-phan-co-aerografo\/#primaryimage\"},\"image\":{\"@id\":\"https:\/\/cocohouseofbeauty.com\/es\/producto\/kit-para-cejas-phan-co-aerografo\/#primaryimage\"},\"thumbnailUrl\":\"https:\/\/cocohouseofbeauty.com\/wp-content\/uploads\/2025\/06\/Phan-Co-Airbrush-kit.jpg\",\"datePublished\":\"2025-06-25T12:37:42+00:00\",\"dateModified\":\"2025-06-26T12:42:05+00:00\",\"description\":\"Crea cejas ombr\u00e9 impecables con el Kit para Cejas con Aer\u00f3grafo Phan & Co. M\u00e1quina ligera de nivel profesional para una aplicaci\u00f3n precisa y suave en todo momento.\",\"breadcrumb\":{\"@id\":\"https:\/\/cocohouseofbeauty.com\/es\/producto\/kit-para-cejas-phan-co-aerografo\/#breadcrumb\"},\"inLanguage\":\"es\",\"potentialAction\":[{\"@type\":\"ReadAction\",\"target\":[\"https:\/\/cocohouseofbeauty.com\/es\/producto\/kit-para-cejas-phan-co-aerografo\/\"]}]},{\"@type\":\"ImageObject\",\"inLanguage\":\"es\",\"@id\":\"https:\/\/cocohouseofbeauty.com\/es\/producto\/kit-para-cejas-phan-co-aerografo\/#primaryimage\",\"url\":\"https:\/\/cocohouseofbeauty.com\/wp-content\/uploads\/2025\/06\/Phan-Co-Airbrush-kit.jpg\",\"contentUrl\":\"https:\/\/cocohouseofbeauty.com\/wp-content\/uploads\/2025\/06\/Phan-Co-Airbrush-kit.jpg\",\"width\":566,\"height\":613,\"caption\":\"Kit de cejas + Phan &amp; co. Aer\u00f3grafo\"},{\"@type\":\"BreadcrumbList\",\"@id\":\"https:\/\/cocohouseofbeauty.com\/es\/producto\/kit-para-cejas-phan-co-aerografo\/#breadcrumb\",\"itemListElement\":[{\"@type\":\"ListItem\",\"position\":1,\"name\":\"Home\",\"item\":\"https:\/\/cocohouseofbeauty.com\/es\/\"},{\"@type\":\"ListItem\",\"position\":2,\"name\":\"Tienda\",\"item\":\"https:\/\/cocohouseofbeauty.com\/es\/tienda\/\"},{\"@type\":\"ListItem\",\"position\":3,\"name\":\"Kit para cejas Phan &amp; Co + Aer\u00f3grafo\"}]},{\"@type\":\"WebSite\",\"@id\":\"https:\/\/cocohouseofbeauty.com\/es\/#website\",\"url\":\"https:\/\/cocohouseofbeauty.com\/es\/\",\"name\":\"Coco House of Beauty\",\"description\":\"Your beauty partner for exclusive lash &amp; brow brands\",\"publisher\":{\"@id\":\"https:\/\/cocohouseofbeauty.com\/es\/#organization\"},\"potentialAction\":[{\"@type\":\"SearchAction\",\"target\":{\"@type\":\"EntryPoint\",\"urlTemplate\":\"https:\/\/cocohouseofbeauty.com\/es\/?s={search_term_string}\"},\"query-input\":{\"@type\":\"PropertyValueSpecification\",\"valueRequired\":true,\"valueName\":\"search_term_string\"}}],\"inLanguage\":\"es\"},{\"@type\":\"Organization\",\"@id\":\"https:\/\/cocohouseofbeauty.com\/es\/#organization\",\"name\":\"Coco House of Beauty\",\"url\":\"https:\/\/cocohouseofbeauty.com\/es\/\",\"logo\":{\"@type\":\"ImageObject\",\"inLanguage\":\"es\",\"@id\":\"https:\/\/cocohouseofbeauty.com\/es\/#\/schema\/logo\/image\/\",\"url\":\"https:\/\/cocohouseofbeauty.com\/wp-content\/uploads\/2024\/03\/cropped-coco-logo-zonder-estb.png\",\"contentUrl\":\"https:\/\/cocohouseofbeauty.com\/wp-content\/uploads\/2024\/03\/cropped-coco-logo-zonder-estb.png\",\"width\":1532,\"height\":612,\"caption\":\"Coco House of Beauty\"},\"image\":{\"@id\":\"https:\/\/cocohouseofbeauty.com\/es\/#\/schema\/logo\/image\/\"},\"sameAs\":[\"https:\/\/www.facebook.com\/groups\/388929390727436\/about\/\",\"https:\/\/www.instagram.com\/cocohouse.of.beauty\/\",\"https:\/\/www.tiktok.com\/@cocohouseofbeauty\"],\"foundingDate\":\"2024-04-05\",\"numberOfEmployees\":{\"@type\":\"QuantitativeValue\",\"minValue\":\"11\",\"maxValue\":\"50\"}}]}<\/script>\n<meta property=\"product:price:amount\" content=\"295.95\" \/>\n<meta property=\"product:price:currency\" content=\"EUR\" \/>\n<meta property=\"og:availability\" content=\"out of stock\" \/>\n<meta property=\"product:availability\" content=\"out of stock\" \/>\n<meta property=\"product:retailer_item_id\" content=\"COCO-2244\" \/>\n<meta property=\"product:condition\" content=\"new\" \/>\n<!-- \/ Yoast SEO Premium plugin. -->","yoast_head_json":{"title":"Kit de cejas con aer\u00f3grafo Phan & Co para unas cejas impecables","description":"Crea cejas ombr\u00e9 impecables con el Kit para Cejas con Aer\u00f3grafo Phan & Co. M\u00e1quina ligera de nivel profesional para una aplicaci\u00f3n precisa y suave en todo momento.","robots":{"index":"index","follow":"follow","max-snippet":"max-snippet:-1","max-image-preview":"max-image-preview:large","max-video-preview":"max-video-preview:-1"},"canonical":"https:\/\/cocohouseofbeauty.com\/es\/producto\/kit-para-cejas-phan-co-aerografo\/","og_locale":"es_ES","og_type":"article","og_title":"Kit para cejas Phan &amp; Co + Aer\u00f3grafo","og_description":"Crea cejas ombr\u00e9 impecables con el Kit para Cejas con Aer\u00f3grafo Phan & Co. M\u00e1quina ligera de nivel profesional para una aplicaci\u00f3n precisa y suave en todo momento.","og_url":"https:\/\/cocohouseofbeauty.com\/es\/producto\/kit-para-cejas-phan-co-aerografo\/","og_site_name":"Coco House of Beauty","article_publisher":"https:\/\/www.facebook.com\/groups\/388929390727436\/about\/","article_modified_time":"2025-06-26T12:42:05+00:00","og_image":[{"width":566,"height":613,"url":"https:\/\/cocohouseofbeauty.com\/wp-content\/uploads\/2025\/06\/Phan-Co-Airbrush-kit.jpg","type":"image\/jpeg"}],"twitter_card":"summary_large_image","twitter_misc":{"Precio":"&euro;&nbsp;295,95","Disponibilidad":"Sin existencias"},"schema":{"@context":"https:\/\/schema.org","@graph":[{"@type":"WebPage","@id":"https:\/\/cocohouseofbeauty.com\/es\/producto\/kit-para-cejas-phan-co-aerografo\/","url":"https:\/\/cocohouseofbeauty.com\/es\/producto\/kit-para-cejas-phan-co-aerografo\/","name":"Kit de cejas con aer\u00f3grafo Phan & Co para unas cejas impecables","isPartOf":{"@id":"https:\/\/cocohouseofbeauty.com\/es\/#website"},"primaryImageOfPage":{"@id":"https:\/\/cocohouseofbeauty.com\/es\/producto\/kit-para-cejas-phan-co-aerografo\/#primaryimage"},"image":{"@id":"https:\/\/cocohouseofbeauty.com\/es\/producto\/kit-para-cejas-phan-co-aerografo\/#primaryimage"},"thumbnailUrl":"https:\/\/cocohouseofbeauty.com\/wp-content\/uploads\/2025\/06\/Phan-Co-Airbrush-kit.jpg","datePublished":"2025-06-25T12:37:42+00:00","dateModified":"2025-06-26T12:42:05+00:00","description":"Crea cejas ombr\u00e9 impecables con el Kit para Cejas con Aer\u00f3grafo Phan & Co. M\u00e1quina ligera de nivel profesional para una aplicaci\u00f3n precisa y suave en todo momento.","breadcrumb":{"@id":"https:\/\/cocohouseofbeauty.com\/es\/producto\/kit-para-cejas-phan-co-aerografo\/#breadcrumb"},"inLanguage":"es","potentialAction":[{"@type":"ReadAction","target":["https:\/\/cocohouseofbeauty.com\/es\/producto\/kit-para-cejas-phan-co-aerografo\/"]}]},{"@type":"ImageObject","inLanguage":"es","@id":"https:\/\/cocohouseofbeauty.com\/es\/producto\/kit-para-cejas-phan-co-aerografo\/#primaryimage","url":"https:\/\/cocohouseofbeauty.com\/wp-content\/uploads\/2025\/06\/Phan-Co-Airbrush-kit.jpg","contentUrl":"https:\/\/cocohouseofbeauty.com\/wp-content\/uploads\/2025\/06\/Phan-Co-Airbrush-kit.jpg","width":566,"height":613,"caption":"Kit de cejas + Phan &amp; co. Aer\u00f3grafo"},{"@type":"BreadcrumbList","@id":"https:\/\/cocohouseofbeauty.com\/es\/producto\/kit-para-cejas-phan-co-aerografo\/#breadcrumb","itemListElement":[{"@type":"ListItem","position":1,"name":"Home","item":"https:\/\/cocohouseofbeauty.com\/es\/"},{"@type":"ListItem","position":2,"name":"Tienda","item":"https:\/\/cocohouseofbeauty.com\/es\/tienda\/"},{"@type":"ListItem","position":3,"name":"Kit para cejas Phan &amp; Co + Aer\u00f3grafo"}]},{"@type":"WebSite","@id":"https:\/\/cocohouseofbeauty.com\/es\/#website","url":"https:\/\/cocohouseofbeauty.com\/es\/","name":"Coco House of Beauty","description":"Your beauty partner for exclusive lash &amp; brow brands","publisher":{"@id":"https:\/\/cocohouseofbeauty.com\/es\/#organization"},"potentialAction":[{"@type":"SearchAction","target":{"@type":"EntryPoint","urlTemplate":"https:\/\/cocohouseofbeauty.com\/es\/?s={search_term_string}"},"query-input":{"@type":"PropertyValueSpecification","valueRequired":true,"valueName":"search_term_string"}}],"inLanguage":"es"},{"@type":"Organization","@id":"https:\/\/cocohouseofbeauty.com\/es\/#organization","name":"Coco House of Beauty","url":"https:\/\/cocohouseofbeauty.com\/es\/","logo":{"@type":"ImageObject","inLanguage":"es","@id":"https:\/\/cocohouseofbeauty.com\/es\/#\/schema\/logo\/image\/","url":"https:\/\/cocohouseofbeauty.com\/wp-content\/uploads\/2024\/03\/cropped-coco-logo-zonder-estb.png","contentUrl":"https:\/\/cocohouseofbeauty.com\/wp-content\/uploads\/2024\/03\/cropped-coco-logo-zonder-estb.png","width":1532,"height":612,"caption":"Coco House of Beauty"},"image":{"@id":"https:\/\/cocohouseofbeauty.com\/es\/#\/schema\/logo\/image\/"},"sameAs":["https:\/\/www.facebook.com\/groups\/388929390727436\/about\/","https:\/\/www.instagram.com\/cocohouse.of.beauty\/","https:\/\/www.tiktok.com\/@cocohouseofbeauty"],"foundingDate":"2024-04-05","numberOfEmployees":{"@type":"QuantitativeValue","minValue":"11","maxValue":"50"}}]},"product_price_amount":"295.95","product_price_currency":"EUR","og_availability":"out of stock","product_availability":"out of stock","product_retailer_item_id":"COCO-2244","product_condition":"new"},"taxonomy_info":{"product_brand":[{"value":3478,"label":"Phan &amp; Co"}],"product_cat":[{"value":2050,"label":"Aer\u00f3grafo"},{"value":109,"label":"Formaci\u00f3n y cursos"},{"value":932,"label":"Phan &amp; Co"}],"product_tag":[{"value":4197,"label":"aerograf\u00eda para salones de belleza"},{"value":4194,"label":"aer\u00f3grafo h\u00edbrido de manchas"},{"value":970,"label":"cejas con aer\u00f3grafo"},{"value":4192,"label":"cejas ombr\u00e9"},{"value":4196,"label":"herramienta para te\u00f1ir las cejas"},{"value":4191,"label":"kit aer\u00f3grafo para cejas"},{"value":3176,"label":"Kit profesional para cejas"},{"value":4193,"label":"m\u00e1quina de cejas"},{"value":3488,"label":"Phan &amp; Co"},{"value":4195,"label":"sistema de cejas con aer\u00f3grafo"}]},"featured_image_src_large":["https:\/\/cocohouseofbeauty.com\/wp-content\/uploads\/2025\/06\/Phan-Co-Airbrush-kit.jpg",566,613,false],"author_info":[],"comment_info":0,"jetpack_sharing_enabled":true,"_links":{"self":[{"href":"https:\/\/cocohouseofbeauty.com\/es\/wp-json\/wp\/v2\/product\/26272","targetHints":{"allow":["GET"]}}],"collection":[{"href":"https:\/\/cocohouseofbeauty.com\/es\/wp-json\/wp\/v2\/product"}],"about":[{"href":"https:\/\/cocohouseofbeauty.com\/es\/wp-json\/wp\/v2\/types\/product"}],"replies":[{"embeddable":true,"href":"https:\/\/cocohouseofbeauty.com\/es\/wp-json\/wp\/v2\/comments?post=26272"}],"wp:featuredmedia":[{"embeddable":true,"href":"https:\/\/cocohouseofbeauty.com\/es\/wp-json\/wp\/v2\/media\/26271"}],"wp:attachment":[{"href":"https:\/\/cocohouseofbeauty.com\/es\/wp-json\/wp\/v2\/media?parent=26272"}],"wp:term":[{"taxonomy":"product_brand","embeddable":true,"href":"https:\/\/cocohouseofbeauty.com\/es\/wp-json\/wp\/v2\/product_brand?post=26272"},{"taxonomy":"product_cat","embeddable":true,"href":"https:\/\/cocohouseofbeauty.com\/es\/wp-json\/wp\/v2\/product_cat?post=26272"},{"taxonomy":"product_tag","embeddable":true,"href":"https:\/\/cocohouseofbeauty.com\/es\/wp-json\/wp\/v2\/product_tag?post=26272"}],"curies":[{"name":"wp","href":"https:\/\/api.w.org\/{rel}","templated":true}]}}