{"id":26186,"date":"2025-06-24T23:35:06","date_gmt":"2025-06-24T21:35:06","guid":{"rendered":"https:\/\/cocohouseofbeauty.com\/product\/oxidante-liquido-en-spray-infinity-60ml\/"},"modified":"2025-09-11T13:44:46","modified_gmt":"2025-09-11T11:44:46","slug":"oxidante-liquido-en-spray-infinity-60ml","status":"publish","type":"product","link":"https:\/\/cocohouseofbeauty.com\/es\/producto\/oxidante-liquido-en-spray-infinity-60ml\/","title":{"rendered":"Oxidante L\u00edquido en Spray Infinity | 60ml"},"content":{"rendered":"<p data-start=\"473\" data-end=\"879\"><strong data-start=\"473\" data-end=\"536\">Presentamos el Revelador L\u00edquido en Spray Infinity al 3% (60 ml),<\/strong> un gran avance en la innovaci\u00f3n del tinte de cejas y pesta\u00f1as. Dise\u00f1ado para uso profesional, este primer oxidante en spray te permite activar f\u00f3rmulas de tinte con precisi\u00f3n y facilidad. En lugar de sucias gotas o derrames, basta con pulverizar una fina niebla sobre las cejas despu\u00e9s de aplicar el tinte. Como resultado, el desarrollo del color es m\u00e1s r\u00e1pido y uniforme.   <\/p>\n<p data-start=\"881\" data-end=\"1197\">Este revelador est\u00e1 formulado para funcionar perfectamente con los productos h\u00edbridos Infinity, como Aqua Drops. Adem\u00e1s, el pulverizador garantiza una distribuci\u00f3n uniforme, reduce los residuos y mantiene el frasco est\u00e9ril y herm\u00e9tico para una dosificaci\u00f3n constante en todo momento. Puedes utilizar un pulverizador para las aplicaciones con pincel o dos para las t\u00e9cnicas con aer\u00f3grafo.  <\/p>\n<p data-start=\"1199\" data-end=\"1230\"><strong data-start=\"1199\" data-end=\"1228\">Principales ventajas de un vistazo:<\/strong><\/p>\n<ul data-start=\"1231\" data-end=\"1532\">\n<li data-start=\"1231\" data-end=\"1291\">\n<p data-start=\"1233\" data-end=\"1291\">Compatible con tintes h\u00edbridos Infinity como Aqua Drops<\/p>\n<\/li>\n<li data-start=\"1292\" data-end=\"1361\">\n<p data-start=\"1294\" data-end=\"1361\">Distribuci\u00f3n uniforme y menos residuos en comparaci\u00f3n con los goteros tradicionales<\/p>\n<\/li>\n<li data-start=\"1362\" data-end=\"1411\">\n<p data-start=\"1364\" data-end=\"1411\">Frasco est\u00e9ril y herm\u00e9tico para resultados fiables<\/p>\n<\/li>\n<li data-start=\"1412\" data-end=\"1465\">\n<p data-start=\"1414\" data-end=\"1465\">Vegano, sin crueldad y suave con la piel sensible<\/p>\n<\/li>\n<li data-start=\"1466\" data-end=\"1532\">\n<p data-start=\"1468\" data-end=\"1532\">C\u00f3modo tama\u00f1o de 60 ml tanto para estuches de viaje como para uso diario en el sal\u00f3n de belleza<\/p>\n<\/li>\n<\/ul>\n<p data-start=\"1534\" data-end=\"1892\">Creada pensando en los profesionales ocupados, la f\u00f3rmula es suave con la piel, vegana y no contiene crueldad. Adem\u00e1s, el tama\u00f1o compacto del frasco lo hace ideal para viajar o para los tratamientos de sal\u00f3n diarios. Por lo tanto, tanto si te ti\u00f1es las cejas como las pesta\u00f1as o realizas t\u00e9cnicas h\u00edbridas, el Revelador L\u00edquido en Spray Infinity 3% ofrece resultados r\u00e1pidos, fiables e higi\u00e9nicos.  <\/p>\n<p data-start=\"1894\" data-end=\"2038\"><strong data-start=\"1894\" data-end=\"1942\">Experimenta la evoluci\u00f3n en la aplicaci\u00f3n del tinte<\/strong> con el m\u00e1ximo control y precisi\u00f3n higi\u00e9nica, desde la primera pulverizaci\u00f3n hasta el revelado final.<\/p>\n","protected":false},"excerpt":{"rendered":"<p class=\"ai-optimize-36\" data-start=\"356\" data-end=\"393\"><span class=\"relative -mx-px my-[-0.2rem] rounded px-px py-[0.2rem] transition-colors duration-100 ease-in-out\">Descubre el primer Revelador L\u00edquido en Spray Infinity al 3%: un oxidante en spray vegano de calidad profesional de 60 ml dise\u00f1ado para el tinte de cejas con aer\u00f3grafo o manual. M\u00e1ximo control, cero residuos y aplicaciones siempre m\u00e1s limpias. <\/span><\/p>\n<p class=\"ai-optimize-30\" data-start=\"460\" data-end=\"652\">SKU: COCO-2695<\/p>\n","protected":false},"featured_media":26181,"comment_status":"open","ping_status":"closed","template":"","meta":{"_kad_blocks_custom_css":"","_kad_blocks_head_custom_js":"","_kad_blocks_body_custom_js":"","_kad_blocks_footer_custom_js":"","_kadence_starter_templates_imported_post":false,"_kad_post_transparent":"","_kad_post_title":"","_kad_post_layout":"","_kad_post_sidebar_id":"","_kad_post_content_style":"","_kad_post_vertical_padding":"","_kad_post_feature":"","_kad_post_feature_position":"","_kad_post_header":false,"_kad_post_footer":false,"_kad_post_classname":""},"product_brand":[3263],"product_cat":[2050,2106,159],"product_tag":[4168,3875,4163,4169,4165,4162,4167,4164,4161,4166],"class_list":{"0":"post-26186","1":"product","2":"type-product","3":"status-publish","4":"has-post-thumbnail","6":"product_brand-infinity-hybrid","7":"product_cat-aerografo-es","8":"product_cat-henna-para-cejas","9":"product_cat-infinity-hybrid-es","10":"product_tag-accesorio-tinte-de-cejas","11":"product_tag-activador-del-tinte-de-pestanas","12":"product_tag-activador-del-tinte-hibrido","13":"product_tag-desarrollador-hibrido-infinity","14":"product_tag-herramienta-de-tinte-para-aerografo","15":"product_tag-oxidante-en-spray-60-ml","16":"product_tag-oxidante-vegano","17":"product_tag-revelador-de-cejas-sin-complicaciones","18":"product_tag-revelador-liquido-en-spray-infinity","19":"product_tag-revelador-profesional-en-spray","20":"product_shipping_class-paquete-pequeno","22":"first","23":"instock","24":"taxable","25":"shipping-taxable","26":"purchasable","27":"product-type-simple","28":"entry","29":"content-bg","30":"loop-entry"},"yoast_head":"<!-- This site is optimized with the Yoast SEO Premium plugin v27.2 (Yoast SEO v27.2) - https:\/\/yoast.com\/product\/yoast-seo-premium-wordpress\/ -->\n<title>Oxidante L\u00edquido en Spray Infinity 60ml - Potenciador del Tinte de Acci\u00f3n R\u00e1pida<\/title>\n<meta name=\"description\" content=\"Desp\u00eddete de las sucias gotas, conoce el Revelador L\u00edquido en Spray Infinity 3% (60 ml): un oxidante en spray vegano y sin residuos para un tinte preciso y profesional de cejas y pesta\u00f1as.\" \/>\n<meta name=\"robots\" content=\"index, follow, max-snippet:-1, max-image-preview:large, max-video-preview:-1\" \/>\n<link rel=\"canonical\" href=\"https:\/\/cocohouseofbeauty.com\/es\/producto\/oxidante-liquido-en-spray-infinity-60ml\/\" \/>\n<meta property=\"og:locale\" content=\"es_ES\" \/>\n<meta property=\"og:type\" content=\"article\" \/>\n<meta property=\"og:title\" content=\"Oxidante L\u00edquido en Spray Infinity | 60ml\" \/>\n<meta property=\"og:description\" content=\"Desp\u00eddete de las sucias gotas, conoce el Revelador L\u00edquido en Spray Infinity 3% (60 ml): un oxidante en spray vegano y sin residuos para un tinte preciso y profesional de cejas y pesta\u00f1as.\" \/>\n<meta property=\"og:url\" content=\"https:\/\/cocohouseofbeauty.com\/es\/producto\/oxidante-liquido-en-spray-infinity-60ml\/\" \/>\n<meta property=\"og:site_name\" content=\"Coco House of Beauty\" \/>\n<meta property=\"article:publisher\" content=\"https:\/\/www.facebook.com\/groups\/388929390727436\/about\/\" \/>\n<meta property=\"article:modified_time\" content=\"2025-09-11T11:44:46+00:00\" \/>\n<meta property=\"og:image\" content=\"https:\/\/cocohouseofbeauty.com\/wp-content\/uploads\/2025\/06\/Infinity-Liquid-Spray-Oxidizer-.png\" \/>\n\t<meta property=\"og:image:width\" content=\"777\" \/>\n\t<meta property=\"og:image:height\" content=\"701\" \/>\n\t<meta property=\"og:image:type\" content=\"image\/png\" \/>\n<meta name=\"twitter:card\" content=\"summary_large_image\" \/>\n<meta name=\"twitter:label1\" content=\"Precio\" \/>\n\t<meta name=\"twitter:data1\" content=\"&euro;&nbsp;12,95\" \/>\n\t<meta name=\"twitter:label2\" content=\"Disponibilidad\" \/>\n\t<meta name=\"twitter:data2\" content=\"Disponible\" \/>\n<script type=\"application\/ld+json\" class=\"yoast-schema-graph\">{\"@context\":\"https:\/\/schema.org\",\"@graph\":[{\"@type\":\"WebPage\",\"@id\":\"https:\/\/cocohouseofbeauty.com\/es\/producto\/oxidante-liquido-en-spray-infinity-60ml\/\",\"url\":\"https:\/\/cocohouseofbeauty.com\/es\/producto\/oxidante-liquido-en-spray-infinity-60ml\/\",\"name\":\"Oxidante L\u00edquido en Spray Infinity 60ml - Potenciador del Tinte de Acci\u00f3n R\u00e1pida\",\"isPartOf\":{\"@id\":\"https:\/\/cocohouseofbeauty.com\/es\/#website\"},\"primaryImageOfPage\":{\"@id\":\"https:\/\/cocohouseofbeauty.com\/es\/producto\/oxidante-liquido-en-spray-infinity-60ml\/#primaryimage\"},\"image\":{\"@id\":\"https:\/\/cocohouseofbeauty.com\/es\/producto\/oxidante-liquido-en-spray-infinity-60ml\/#primaryimage\"},\"thumbnailUrl\":\"https:\/\/cocohouseofbeauty.com\/wp-content\/uploads\/2025\/06\/Infinity-Liquid-Spray-Oxidizer-.png\",\"datePublished\":\"2025-06-24T21:35:06+00:00\",\"dateModified\":\"2025-09-11T11:44:46+00:00\",\"description\":\"Desp\u00eddete de las sucias gotas, conoce el Revelador L\u00edquido en Spray Infinity 3% (60 ml): un oxidante en spray vegano y sin residuos para un tinte preciso y profesional de cejas y pesta\u00f1as.\",\"breadcrumb\":{\"@id\":\"https:\/\/cocohouseofbeauty.com\/es\/producto\/oxidante-liquido-en-spray-infinity-60ml\/#breadcrumb\"},\"inLanguage\":\"es\",\"potentialAction\":[{\"@type\":\"ReadAction\",\"target\":[\"https:\/\/cocohouseofbeauty.com\/es\/producto\/oxidante-liquido-en-spray-infinity-60ml\/\"]}]},{\"@type\":\"ImageObject\",\"inLanguage\":\"es\",\"@id\":\"https:\/\/cocohouseofbeauty.com\/es\/producto\/oxidante-liquido-en-spray-infinity-60ml\/#primaryimage\",\"url\":\"https:\/\/cocohouseofbeauty.com\/wp-content\/uploads\/2025\/06\/Infinity-Liquid-Spray-Oxidizer-.png\",\"contentUrl\":\"https:\/\/cocohouseofbeauty.com\/wp-content\/uploads\/2025\/06\/Infinity-Liquid-Spray-Oxidizer-.png\",\"width\":777,\"height\":701,\"caption\":\"Oxidante L\u00edquido en Spray Infinity | 60ml\"},{\"@type\":\"BreadcrumbList\",\"@id\":\"https:\/\/cocohouseofbeauty.com\/es\/producto\/oxidante-liquido-en-spray-infinity-60ml\/#breadcrumb\",\"itemListElement\":[{\"@type\":\"ListItem\",\"position\":1,\"name\":\"Home\",\"item\":\"https:\/\/cocohouseofbeauty.com\/es\/\"},{\"@type\":\"ListItem\",\"position\":2,\"name\":\"Tienda\",\"item\":\"https:\/\/cocohouseofbeauty.com\/es\/tienda\/\"},{\"@type\":\"ListItem\",\"position\":3,\"name\":\"Oxidante L\u00edquido en Spray Infinity | 60ml\"}]},{\"@type\":\"WebSite\",\"@id\":\"https:\/\/cocohouseofbeauty.com\/es\/#website\",\"url\":\"https:\/\/cocohouseofbeauty.com\/es\/\",\"name\":\"Coco House of Beauty\",\"description\":\"Your beauty partner for exclusive lash &amp; brow brands\",\"publisher\":{\"@id\":\"https:\/\/cocohouseofbeauty.com\/es\/#organization\"},\"potentialAction\":[{\"@type\":\"SearchAction\",\"target\":{\"@type\":\"EntryPoint\",\"urlTemplate\":\"https:\/\/cocohouseofbeauty.com\/es\/?s={search_term_string}\"},\"query-input\":{\"@type\":\"PropertyValueSpecification\",\"valueRequired\":true,\"valueName\":\"search_term_string\"}}],\"inLanguage\":\"es\"},{\"@type\":\"Organization\",\"@id\":\"https:\/\/cocohouseofbeauty.com\/es\/#organization\",\"name\":\"Coco House of Beauty\",\"url\":\"https:\/\/cocohouseofbeauty.com\/es\/\",\"logo\":{\"@type\":\"ImageObject\",\"inLanguage\":\"es\",\"@id\":\"https:\/\/cocohouseofbeauty.com\/es\/#\/schema\/logo\/image\/\",\"url\":\"https:\/\/cocohouseofbeauty.com\/wp-content\/uploads\/2024\/03\/cropped-coco-logo-zonder-estb.png\",\"contentUrl\":\"https:\/\/cocohouseofbeauty.com\/wp-content\/uploads\/2024\/03\/cropped-coco-logo-zonder-estb.png\",\"width\":1532,\"height\":612,\"caption\":\"Coco House of Beauty\"},\"image\":{\"@id\":\"https:\/\/cocohouseofbeauty.com\/es\/#\/schema\/logo\/image\/\"},\"sameAs\":[\"https:\/\/www.facebook.com\/groups\/388929390727436\/about\/\",\"https:\/\/www.instagram.com\/cocohouse.of.beauty\/\",\"https:\/\/www.tiktok.com\/@cocohouseofbeauty\"],\"foundingDate\":\"2024-04-05\",\"numberOfEmployees\":{\"@type\":\"QuantitativeValue\",\"minValue\":\"11\",\"maxValue\":\"50\"}}]}<\/script>\n<meta property=\"product:price:amount\" content=\"12.95\" \/>\n<meta property=\"product:price:currency\" content=\"EUR\" \/>\n<meta property=\"og:availability\" content=\"instock\" \/>\n<meta property=\"product:availability\" content=\"instock\" \/>\n<meta property=\"product:retailer_item_id\" content=\"COCO-2695\" \/>\n<meta property=\"product:condition\" content=\"new\" \/>\n<!-- \/ Yoast SEO Premium plugin. -->","yoast_head_json":{"title":"Oxidante L\u00edquido en Spray Infinity 60ml - Potenciador del Tinte de Acci\u00f3n R\u00e1pida","description":"Desp\u00eddete de las sucias gotas, conoce el Revelador L\u00edquido en Spray Infinity 3% (60 ml): un oxidante en spray vegano y sin residuos para un tinte preciso y profesional de cejas y pesta\u00f1as.","robots":{"index":"index","follow":"follow","max-snippet":"max-snippet:-1","max-image-preview":"max-image-preview:large","max-video-preview":"max-video-preview:-1"},"canonical":"https:\/\/cocohouseofbeauty.com\/es\/producto\/oxidante-liquido-en-spray-infinity-60ml\/","og_locale":"es_ES","og_type":"article","og_title":"Oxidante L\u00edquido en Spray Infinity | 60ml","og_description":"Desp\u00eddete de las sucias gotas, conoce el Revelador L\u00edquido en Spray Infinity 3% (60 ml): un oxidante en spray vegano y sin residuos para un tinte preciso y profesional de cejas y pesta\u00f1as.","og_url":"https:\/\/cocohouseofbeauty.com\/es\/producto\/oxidante-liquido-en-spray-infinity-60ml\/","og_site_name":"Coco House of Beauty","article_publisher":"https:\/\/www.facebook.com\/groups\/388929390727436\/about\/","article_modified_time":"2025-09-11T11:44:46+00:00","og_image":[{"width":777,"height":701,"url":"https:\/\/cocohouseofbeauty.com\/wp-content\/uploads\/2025\/06\/Infinity-Liquid-Spray-Oxidizer-.png","type":"image\/png"}],"twitter_card":"summary_large_image","twitter_misc":{"Precio":"&euro;&nbsp;12,95","Disponibilidad":"Disponible"},"schema":{"@context":"https:\/\/schema.org","@graph":[{"@type":"WebPage","@id":"https:\/\/cocohouseofbeauty.com\/es\/producto\/oxidante-liquido-en-spray-infinity-60ml\/","url":"https:\/\/cocohouseofbeauty.com\/es\/producto\/oxidante-liquido-en-spray-infinity-60ml\/","name":"Oxidante L\u00edquido en Spray Infinity 60ml - Potenciador del Tinte de Acci\u00f3n R\u00e1pida","isPartOf":{"@id":"https:\/\/cocohouseofbeauty.com\/es\/#website"},"primaryImageOfPage":{"@id":"https:\/\/cocohouseofbeauty.com\/es\/producto\/oxidante-liquido-en-spray-infinity-60ml\/#primaryimage"},"image":{"@id":"https:\/\/cocohouseofbeauty.com\/es\/producto\/oxidante-liquido-en-spray-infinity-60ml\/#primaryimage"},"thumbnailUrl":"https:\/\/cocohouseofbeauty.com\/wp-content\/uploads\/2025\/06\/Infinity-Liquid-Spray-Oxidizer-.png","datePublished":"2025-06-24T21:35:06+00:00","dateModified":"2025-09-11T11:44:46+00:00","description":"Desp\u00eddete de las sucias gotas, conoce el Revelador L\u00edquido en Spray Infinity 3% (60 ml): un oxidante en spray vegano y sin residuos para un tinte preciso y profesional de cejas y pesta\u00f1as.","breadcrumb":{"@id":"https:\/\/cocohouseofbeauty.com\/es\/producto\/oxidante-liquido-en-spray-infinity-60ml\/#breadcrumb"},"inLanguage":"es","potentialAction":[{"@type":"ReadAction","target":["https:\/\/cocohouseofbeauty.com\/es\/producto\/oxidante-liquido-en-spray-infinity-60ml\/"]}]},{"@type":"ImageObject","inLanguage":"es","@id":"https:\/\/cocohouseofbeauty.com\/es\/producto\/oxidante-liquido-en-spray-infinity-60ml\/#primaryimage","url":"https:\/\/cocohouseofbeauty.com\/wp-content\/uploads\/2025\/06\/Infinity-Liquid-Spray-Oxidizer-.png","contentUrl":"https:\/\/cocohouseofbeauty.com\/wp-content\/uploads\/2025\/06\/Infinity-Liquid-Spray-Oxidizer-.png","width":777,"height":701,"caption":"Oxidante L\u00edquido en Spray Infinity | 60ml"},{"@type":"BreadcrumbList","@id":"https:\/\/cocohouseofbeauty.com\/es\/producto\/oxidante-liquido-en-spray-infinity-60ml\/#breadcrumb","itemListElement":[{"@type":"ListItem","position":1,"name":"Home","item":"https:\/\/cocohouseofbeauty.com\/es\/"},{"@type":"ListItem","position":2,"name":"Tienda","item":"https:\/\/cocohouseofbeauty.com\/es\/tienda\/"},{"@type":"ListItem","position":3,"name":"Oxidante L\u00edquido en Spray Infinity | 60ml"}]},{"@type":"WebSite","@id":"https:\/\/cocohouseofbeauty.com\/es\/#website","url":"https:\/\/cocohouseofbeauty.com\/es\/","name":"Coco House of Beauty","description":"Your beauty partner for exclusive lash &amp; brow brands","publisher":{"@id":"https:\/\/cocohouseofbeauty.com\/es\/#organization"},"potentialAction":[{"@type":"SearchAction","target":{"@type":"EntryPoint","urlTemplate":"https:\/\/cocohouseofbeauty.com\/es\/?s={search_term_string}"},"query-input":{"@type":"PropertyValueSpecification","valueRequired":true,"valueName":"search_term_string"}}],"inLanguage":"es"},{"@type":"Organization","@id":"https:\/\/cocohouseofbeauty.com\/es\/#organization","name":"Coco House of Beauty","url":"https:\/\/cocohouseofbeauty.com\/es\/","logo":{"@type":"ImageObject","inLanguage":"es","@id":"https:\/\/cocohouseofbeauty.com\/es\/#\/schema\/logo\/image\/","url":"https:\/\/cocohouseofbeauty.com\/wp-content\/uploads\/2024\/03\/cropped-coco-logo-zonder-estb.png","contentUrl":"https:\/\/cocohouseofbeauty.com\/wp-content\/uploads\/2024\/03\/cropped-coco-logo-zonder-estb.png","width":1532,"height":612,"caption":"Coco House of Beauty"},"image":{"@id":"https:\/\/cocohouseofbeauty.com\/es\/#\/schema\/logo\/image\/"},"sameAs":["https:\/\/www.facebook.com\/groups\/388929390727436\/about\/","https:\/\/www.instagram.com\/cocohouse.of.beauty\/","https:\/\/www.tiktok.com\/@cocohouseofbeauty"],"foundingDate":"2024-04-05","numberOfEmployees":{"@type":"QuantitativeValue","minValue":"11","maxValue":"50"}}]},"product_price_amount":"12.95","product_price_currency":"EUR","og_availability":"instock","product_availability":"instock","product_retailer_item_id":"COCO-2695","product_condition":"new"},"taxonomy_info":{"product_brand":[{"value":3263,"label":"Infinity Hybrid"}],"product_cat":[{"value":2050,"label":"Aer\u00f3grafo"},{"value":2106,"label":"Henna para cejas"},{"value":159,"label":"Infinity hybrid"}],"product_tag":[{"value":4168,"label":"Accesorio Tinte de Cejas"},{"value":3875,"label":"Activador del Tinte de Pesta\u00f1as"},{"value":4163,"label":"Activador del Tinte H\u00edbrido"},{"value":4169,"label":"Desarrollador h\u00edbrido Infinity"},{"value":4165,"label":"Herramienta de tinte para aer\u00f3grafo"},{"value":4162,"label":"Oxidante en spray 60 ml"},{"value":4167,"label":"Oxidante vegano"},{"value":4164,"label":"Revelador de cejas sin complicaciones"},{"value":4161,"label":"Revelador L\u00edquido en Spray Infinity"},{"value":4166,"label":"Revelador Profesional en Spray"}]},"featured_image_src_large":["https:\/\/cocohouseofbeauty.com\/wp-content\/uploads\/2025\/06\/Infinity-Liquid-Spray-Oxidizer-.png",777,701,false],"author_info":[],"comment_info":0,"jetpack_sharing_enabled":true,"_links":{"self":[{"href":"https:\/\/cocohouseofbeauty.com\/es\/wp-json\/wp\/v2\/product\/26186","targetHints":{"allow":["GET"]}}],"collection":[{"href":"https:\/\/cocohouseofbeauty.com\/es\/wp-json\/wp\/v2\/product"}],"about":[{"href":"https:\/\/cocohouseofbeauty.com\/es\/wp-json\/wp\/v2\/types\/product"}],"replies":[{"embeddable":true,"href":"https:\/\/cocohouseofbeauty.com\/es\/wp-json\/wp\/v2\/comments?post=26186"}],"wp:featuredmedia":[{"embeddable":true,"href":"https:\/\/cocohouseofbeauty.com\/es\/wp-json\/wp\/v2\/media\/26181"}],"wp:attachment":[{"href":"https:\/\/cocohouseofbeauty.com\/es\/wp-json\/wp\/v2\/media?parent=26186"}],"wp:term":[{"taxonomy":"product_brand","embeddable":true,"href":"https:\/\/cocohouseofbeauty.com\/es\/wp-json\/wp\/v2\/product_brand?post=26186"},{"taxonomy":"product_cat","embeddable":true,"href":"https:\/\/cocohouseofbeauty.com\/es\/wp-json\/wp\/v2\/product_cat?post=26186"},{"taxonomy":"product_tag","embeddable":true,"href":"https:\/\/cocohouseofbeauty.com\/es\/wp-json\/wp\/v2\/product_tag?post=26186"}],"curies":[{"name":"wp","href":"https:\/\/api.w.org\/{rel}","templated":true}]}}