{"id":24495,"date":"2025-06-10T20:45:32","date_gmt":"2025-06-10T18:45:32","guid":{"rendered":"https:\/\/cocohouseofbeauty.com\/product\/everlasting-cartuchos-de-agarre-blando-universal-3r-030-16uds\/"},"modified":"2025-06-10T20:45:32","modified_gmt":"2025-06-10T18:45:32","slug":"everlasting-cartuchos-de-agarre-blando-universal-3r-030-16uds","status":"publish","type":"product","link":"https:\/\/cocohouseofbeauty.com\/es\/producto\/everlasting-cartuchos-de-agarre-blando-universal-3r-030-16uds\/","title":{"rendered":"Everlasting | Cartuchos de agarre blando UNIVERSAL 3R 0,30 (16uds.)"},"content":{"rendered":"","protected":false},"excerpt":{"rendered":"<h3 class=\"\" data-start=\"171\" data-end=\"240\"><strong data-start=\"178\" data-end=\"240\">La precisi\u00f3n se une a la comodidad<\/strong><\/h3>\n<p class=\"\" data-start=\"242\" data-end=\"581\">Experimenta un control superior y comodidad durante todo el d\u00eda con <strong data-start=\"295\" data-end=\"331\">los cartuchos de agarre blando Everlasting<\/strong>, dise\u00f1ados para elevar el rendimiento de tu PMU con cada pasada. Estos <strong data-start=\"400\" data-end=\"435\">cartuchos de aguja de ajuste universal<\/strong> <strong data-start=\"446\" data-end=\"477\">incorporan un suave agarre de silicona<\/strong> que reduce la fatiga de la mano y mejora la precisi\u00f3n, por lo que son ideales para procedimientos cortos y largos. <\/p>\n<p class=\"\" data-start=\"583\" data-end=\"776\">Perfectamente compatibles con <strong data-start=\"613\" data-end=\"647\">el Dispositivo Din\u00e1mico PMU Everlasting<\/strong> y otras m\u00e1quinas que aceptan cartuchos universales, estos cartuchos de alta calidad ofrecen un flujo de pigmento suave y una seguridad \u00f3ptima.<\/p>\n<hr class=\"\" data-start=\"778\" data-end=\"781\">\n<h3 class=\"\" data-start=\"783\" data-end=\"807\"><strong data-start=\"790\" data-end=\"807\">Caracter\u00edsticas principales:<\/strong><\/h3>\n<ul data-start=\"809\" data-end=\"1291\">\n<li class=\"\" data-start=\"809\" data-end=\"889\">\n<p class=\"\" data-start=\"811\" data-end=\"889\"><strong data-start=\"811\" data-end=\"833\">Suave empu\u00f1adura de silicona<\/strong>: acolchada para ofrecer la m\u00e1xima comodidad y reducir las vibraciones<\/p>\n<\/li>\n<li class=\"\" data-start=\"890\" data-end=\"955\">\n<p class=\"\" data-start=\"892\" data-end=\"955\"><strong data-start=\"892\" data-end=\"909\">Ajuste universal<\/strong>: compatible con todas las m\u00e1quinas PMU est\u00e1ndar<\/p>\n<\/li>\n<li class=\"\" data-start=\"956\" data-end=\"1050\">\n<p class=\"\" data-start=\"958\" data-end=\"1050\"><strong data-start=\"958\" data-end=\"990\">Agujas dise\u00f1adas con precisi\u00f3n<\/strong>: administraci\u00f3n uniforme del pigmento y penetraci\u00f3n suave en la piel<\/p>\n<\/li>\n<li class=\"\" data-start=\"1051\" data-end=\"1126\">\n<p class=\"\" data-start=\"1053\" data-end=\"1126\"><strong data-start=\"1053\" data-end=\"1079\">Sistema de membrana de seguridad<\/strong> &#8211; Evita el reflujo y protege tu aparato<\/p>\n<\/li>\n<li class=\"\" data-start=\"1127\" data-end=\"1199\">\n<p class=\"\" data-start=\"1129\" data-end=\"1199\"><strong data-start=\"1129\" data-end=\"1153\">De un solo uso y est\u00e9ril<\/strong> &#8211; Envasado individualmente para una higiene \u00f3ptima<\/p>\n<\/li>\n<li class=\"\" data-start=\"1200\" data-end=\"1291\">\n<p class=\"\" data-start=\"1202\" data-end=\"1291\"><strong data-start=\"1202\" data-end=\"1242\">Disponible en m\u00faltiples configuraciones<\/strong>: elige entre forros, sombreadores, magnums y mucho m\u00e1s<\/p>\n<h3 class=\"\" data-start=\"785\" data-end=\"841\"><strong data-start=\"792\" data-end=\"841\">3R (Liner redondo) &#8211; Disponible en 0,25 y 0,30<\/strong><\/h3>\n<p class=\"\" data-start=\"843\" data-end=\"992\">La <strong data-start=\"847\" data-end=\"853\">3R<\/strong> ofrece un poder de delineado ligeramente m\u00e1s grueso, lo que permite trazar l\u00edneas precisas pero m\u00e1s visibles, ideales para dar forma, estratificar o sombrear suavemente los contornos.<\/p>\n<ul data-start=\"994\" data-end=\"1105\">\n<li class=\"\" data-start=\"994\" data-end=\"1040\">\n<p class=\"\" data-start=\"996\" data-end=\"1040\"><strong data-start=\"996\" data-end=\"1007\">0,25 mm<\/strong> &#8211; L\u00edneas suaves con bordes suaves<\/p>\n<\/li>\n<li class=\"\" data-start=\"1041\" data-end=\"1105\">\n<p class=\"\" data-start=\"1043\" data-end=\"1105\"><strong data-start=\"1043\" data-end=\"1054\">0,30 mm<\/strong> &#8211; Definici\u00f3n m\u00e1s n\u00edtida con mejor dep\u00f3sito de pigmento<\/p>\n<\/li>\n<\/ul>\n<p class=\"\" data-start=\"1107\" data-end=\"1181\">  Lo mejor para: Definici\u00f3n de cejas, delineador de ojos, bordes de labios, peinados estructurados<\/p>\n<\/li>\n<\/ul>\n<hr class=\"\" data-start=\"1293\" data-end=\"1296\">\n<p class=\"\" data-start=\"1298\" data-end=\"1455\"><strong data-start=\"1301\" data-end=\"1313\">Consejo profesional:<\/strong> Para un rendimiento y comodidad inigualables, util\u00edzalo con el <a href=\"https:\/\/thehouseofbeauty.ae\/product\/everlasting-brows-dynamic-pmu-wireless-device\/\"><strong data-start=\"1366\" data-end=\"1400\">Dispositivo PMU Din\u00e1mico Eterno<\/strong><\/a> &#8211; la combinaci\u00f3n perfecta para largas jornadas y trabajos minuciosos.<\/p>\n","protected":false},"featured_media":0,"comment_status":"open","ping_status":"closed","template":"","meta":{"_kad_blocks_custom_css":"","_kad_blocks_head_custom_js":"","_kad_blocks_body_custom_js":"","_kad_blocks_footer_custom_js":"","_kadence_starter_templates_imported_post":false,"_kad_post_transparent":"","_kad_post_title":"","_kad_post_layout":"","_kad_post_sidebar_id":"","_kad_post_content_style":"","_kad_post_vertical_padding":"","_kad_post_feature":"","_kad_post_feature_position":"","_kad_post_header":false,"_kad_post_footer":false,"_kad_post_classname":""},"product_brand":[],"product_cat":[765],"product_tag":[],"class_list":{"0":"post-24495","1":"product","2":"type-product","3":"status-publish","5":"product_cat-everlasting-es","7":"first","8":"instock","9":"taxable","10":"shipping-taxable","11":"purchasable","12":"product-type-simple","13":"entry","14":"content-bg","15":"loop-entry"},"yoast_head":"<!-- This site is optimized with the Yoast SEO Premium plugin v27.2 (Yoast SEO v27.2) - https:\/\/yoast.com\/product\/yoast-seo-premium-wordpress\/ -->\n<title>Everlasting | Cartuchos de agarre blando UNIVERSAL 3R 0,30 (16uds.) - Coco House of Beauty<\/title>\n<meta name=\"robots\" content=\"index, follow, max-snippet:-1, max-image-preview:large, max-video-preview:-1\" \/>\n<link rel=\"canonical\" href=\"https:\/\/cocohouseofbeauty.com\/es\/producto\/everlasting-cartuchos-de-agarre-blando-universal-3r-030-16uds\/\" \/>\n<meta property=\"og:locale\" content=\"es_ES\" \/>\n<meta property=\"og:type\" content=\"article\" \/>\n<meta property=\"og:title\" content=\"Everlasting | Cartuchos de agarre blando UNIVERSAL 3R 0,30 (16uds.)\" \/>\n<meta property=\"og:description\" content=\"La precisi\u00f3n se une a la comodidad Experimenta un control superior y comodidad durante todo el d\u00eda con los cartuchos de agarre blando Everlasting, dise\u00f1ados para elevar el rendimiento de tu PMU con cada pasada. Estos cartuchos de aguja de ajuste universal incorporan un suave agarre de silicona que reduce la fatiga de la mano y mejora la precisi\u00f3n, por lo que son ideales para procedimientos cortos y largos. Perfectamente compatibles con el Dispositivo Din\u00e1mico PMU Everlasting y otras m\u00e1quinas que aceptan cartuchos universales, estos cartuchos de alta calidad ofrecen un flujo de pigmento suave y una seguridad \u00f3ptima.   Caracter\u00edsticas principales:   Suave empu\u00f1adura de silicona: acolchada para ofrecer la m\u00e1xima comodidad y reducir las vibraciones   Ajuste universal: compatible con todas las m\u00e1quinas PMU est\u00e1ndar   Agujas dise\u00f1adas con precisi\u00f3n: administraci\u00f3n uniforme del pigmento y penetraci\u00f3n suave en la piel   Sistema de membrana de seguridad - Evita el reflujo y protege tu aparato   De un solo uso y est\u00e9ril - Envasado individualmente para una higiene \u00f3ptima   Disponible en m\u00faltiples configuraciones: elige entre forros, sombreadores, magnums y mucho m\u00e1s 3R (Liner redondo) - Disponible en 0,25 y 0,30 La 3R ofrece un poder de delineado ligeramente m\u00e1s grueso, lo que permite trazar l\u00edneas precisas pero m\u00e1s visibles, ideales para dar forma, estratificar o sombrear suavemente los contornos.   0,25 mm - L\u00edneas suaves con bordes suaves   0,30 mm - Definici\u00f3n m\u00e1s n\u00edtida con mejor dep\u00f3sito de pigmento   Lo mejor para: Definici\u00f3n de cejas, delineador de ojos, bordes de labios, peinados estructurados   Consejo profesional: Para un rendimiento y comodidad inigualables, util\u00edzalo con el Dispositivo PMU Din\u00e1mico Eterno - la combinaci\u00f3n perfecta para largas jornadas y trabajos minuciosos.\" \/>\n<meta property=\"og:url\" content=\"https:\/\/cocohouseofbeauty.com\/es\/producto\/everlasting-cartuchos-de-agarre-blando-universal-3r-030-16uds\/\" \/>\n<meta property=\"og:site_name\" content=\"Coco House of Beauty\" \/>\n<meta property=\"article:publisher\" content=\"https:\/\/www.facebook.com\/groups\/388929390727436\/about\/\" \/>\n<meta name=\"twitter:card\" content=\"summary_large_image\" \/>\n<meta name=\"twitter:label1\" content=\"Precio\" \/>\n\t<meta name=\"twitter:data1\" content=\"&euro;&nbsp;175,00\" \/>\n\t<meta name=\"twitter:label2\" content=\"Disponibilidad\" \/>\n\t<meta name=\"twitter:data2\" content=\"Disponible\" \/>\n<script type=\"application\/ld+json\" class=\"yoast-schema-graph\">{\"@context\":\"https:\/\/schema.org\",\"@graph\":[{\"@type\":\"WebPage\",\"@id\":\"https:\/\/cocohouseofbeauty.com\/es\/producto\/everlasting-cartuchos-de-agarre-blando-universal-3r-030-16uds\/\",\"url\":\"https:\/\/cocohouseofbeauty.com\/es\/producto\/everlasting-cartuchos-de-agarre-blando-universal-3r-030-16uds\/\",\"name\":\"Everlasting | Cartuchos de agarre blando UNIVERSAL 3R 0,30 (16uds.) - Coco House of Beauty\",\"isPartOf\":{\"@id\":\"https:\/\/cocohouseofbeauty.com\/es\/#website\"},\"datePublished\":\"2025-06-10T18:45:32+00:00\",\"breadcrumb\":{\"@id\":\"https:\/\/cocohouseofbeauty.com\/es\/producto\/everlasting-cartuchos-de-agarre-blando-universal-3r-030-16uds\/#breadcrumb\"},\"inLanguage\":\"es\",\"potentialAction\":[{\"@type\":\"ReadAction\",\"target\":[\"https:\/\/cocohouseofbeauty.com\/es\/producto\/everlasting-cartuchos-de-agarre-blando-universal-3r-030-16uds\/\"]}]},{\"@type\":\"BreadcrumbList\",\"@id\":\"https:\/\/cocohouseofbeauty.com\/es\/producto\/everlasting-cartuchos-de-agarre-blando-universal-3r-030-16uds\/#breadcrumb\",\"itemListElement\":[{\"@type\":\"ListItem\",\"position\":1,\"name\":\"Home\",\"item\":\"https:\/\/cocohouseofbeauty.com\/es\/\"},{\"@type\":\"ListItem\",\"position\":2,\"name\":\"Tienda\",\"item\":\"https:\/\/cocohouseofbeauty.com\/es\/tienda\/\"},{\"@type\":\"ListItem\",\"position\":3,\"name\":\"Everlasting | Cartuchos de agarre blando UNIVERSAL 3R 0,30 (16uds.)\"}]},{\"@type\":\"WebSite\",\"@id\":\"https:\/\/cocohouseofbeauty.com\/es\/#website\",\"url\":\"https:\/\/cocohouseofbeauty.com\/es\/\",\"name\":\"Coco House of Beauty\",\"description\":\"Your beauty partner for exclusive lash &amp; brow brands\",\"publisher\":{\"@id\":\"https:\/\/cocohouseofbeauty.com\/es\/#organization\"},\"potentialAction\":[{\"@type\":\"SearchAction\",\"target\":{\"@type\":\"EntryPoint\",\"urlTemplate\":\"https:\/\/cocohouseofbeauty.com\/es\/?s={search_term_string}\"},\"query-input\":{\"@type\":\"PropertyValueSpecification\",\"valueRequired\":true,\"valueName\":\"search_term_string\"}}],\"inLanguage\":\"es\"},{\"@type\":\"Organization\",\"@id\":\"https:\/\/cocohouseofbeauty.com\/es\/#organization\",\"name\":\"Coco House of Beauty\",\"url\":\"https:\/\/cocohouseofbeauty.com\/es\/\",\"logo\":{\"@type\":\"ImageObject\",\"inLanguage\":\"es\",\"@id\":\"https:\/\/cocohouseofbeauty.com\/es\/#\/schema\/logo\/image\/\",\"url\":\"https:\/\/cocohouseofbeauty.com\/wp-content\/uploads\/2024\/03\/cropped-coco-logo-zonder-estb.png\",\"contentUrl\":\"https:\/\/cocohouseofbeauty.com\/wp-content\/uploads\/2024\/03\/cropped-coco-logo-zonder-estb.png\",\"width\":1532,\"height\":612,\"caption\":\"Coco House of Beauty\"},\"image\":{\"@id\":\"https:\/\/cocohouseofbeauty.com\/es\/#\/schema\/logo\/image\/\"},\"sameAs\":[\"https:\/\/www.facebook.com\/groups\/388929390727436\/about\/\",\"https:\/\/www.instagram.com\/cocohouse.of.beauty\/\",\"https:\/\/www.tiktok.com\/@cocohouseofbeauty\"],\"foundingDate\":\"2024-04-05\",\"numberOfEmployees\":{\"@type\":\"QuantitativeValue\",\"minValue\":\"11\",\"maxValue\":\"50\"}}]}<\/script>\n<meta property=\"product:price:amount\" content=\"175.00\" \/>\n<meta property=\"product:price:currency\" content=\"EUR\" \/>\n<meta property=\"og:availability\" content=\"instock\" \/>\n<meta property=\"product:availability\" content=\"instock\" \/>\n<meta property=\"product:retailer_item_id\" content=\"HOB-0044-\" \/>\n<meta property=\"product:condition\" content=\"new\" \/>\n<!-- \/ Yoast SEO Premium plugin. -->","yoast_head_json":{"title":"Everlasting | Cartuchos de agarre blando UNIVERSAL 3R 0,30 (16uds.) - Coco House of Beauty","robots":{"index":"index","follow":"follow","max-snippet":"max-snippet:-1","max-image-preview":"max-image-preview:large","max-video-preview":"max-video-preview:-1"},"canonical":"https:\/\/cocohouseofbeauty.com\/es\/producto\/everlasting-cartuchos-de-agarre-blando-universal-3r-030-16uds\/","og_locale":"es_ES","og_type":"article","og_title":"Everlasting | Cartuchos de agarre blando UNIVERSAL 3R 0,30 (16uds.)","og_description":"La precisi\u00f3n se une a la comodidad Experimenta un control superior y comodidad durante todo el d\u00eda con los cartuchos de agarre blando Everlasting, dise\u00f1ados para elevar el rendimiento de tu PMU con cada pasada. Estos cartuchos de aguja de ajuste universal incorporan un suave agarre de silicona que reduce la fatiga de la mano y mejora la precisi\u00f3n, por lo que son ideales para procedimientos cortos y largos. Perfectamente compatibles con el Dispositivo Din\u00e1mico PMU Everlasting y otras m\u00e1quinas que aceptan cartuchos universales, estos cartuchos de alta calidad ofrecen un flujo de pigmento suave y una seguridad \u00f3ptima.   Caracter\u00edsticas principales:   Suave empu\u00f1adura de silicona: acolchada para ofrecer la m\u00e1xima comodidad y reducir las vibraciones   Ajuste universal: compatible con todas las m\u00e1quinas PMU est\u00e1ndar   Agujas dise\u00f1adas con precisi\u00f3n: administraci\u00f3n uniforme del pigmento y penetraci\u00f3n suave en la piel   Sistema de membrana de seguridad - Evita el reflujo y protege tu aparato   De un solo uso y est\u00e9ril - Envasado individualmente para una higiene \u00f3ptima   Disponible en m\u00faltiples configuraciones: elige entre forros, sombreadores, magnums y mucho m\u00e1s 3R (Liner redondo) - Disponible en 0,25 y 0,30 La 3R ofrece un poder de delineado ligeramente m\u00e1s grueso, lo que permite trazar l\u00edneas precisas pero m\u00e1s visibles, ideales para dar forma, estratificar o sombrear suavemente los contornos.   0,25 mm - L\u00edneas suaves con bordes suaves   0,30 mm - Definici\u00f3n m\u00e1s n\u00edtida con mejor dep\u00f3sito de pigmento   Lo mejor para: Definici\u00f3n de cejas, delineador de ojos, bordes de labios, peinados estructurados   Consejo profesional: Para un rendimiento y comodidad inigualables, util\u00edzalo con el Dispositivo PMU Din\u00e1mico Eterno - la combinaci\u00f3n perfecta para largas jornadas y trabajos minuciosos.","og_url":"https:\/\/cocohouseofbeauty.com\/es\/producto\/everlasting-cartuchos-de-agarre-blando-universal-3r-030-16uds\/","og_site_name":"Coco House of Beauty","article_publisher":"https:\/\/www.facebook.com\/groups\/388929390727436\/about\/","twitter_card":"summary_large_image","twitter_misc":{"Precio":"&euro;&nbsp;175,00","Disponibilidad":"Disponible"},"schema":{"@context":"https:\/\/schema.org","@graph":[{"@type":"WebPage","@id":"https:\/\/cocohouseofbeauty.com\/es\/producto\/everlasting-cartuchos-de-agarre-blando-universal-3r-030-16uds\/","url":"https:\/\/cocohouseofbeauty.com\/es\/producto\/everlasting-cartuchos-de-agarre-blando-universal-3r-030-16uds\/","name":"Everlasting | Cartuchos de agarre blando UNIVERSAL 3R 0,30 (16uds.) - Coco House of Beauty","isPartOf":{"@id":"https:\/\/cocohouseofbeauty.com\/es\/#website"},"datePublished":"2025-06-10T18:45:32+00:00","breadcrumb":{"@id":"https:\/\/cocohouseofbeauty.com\/es\/producto\/everlasting-cartuchos-de-agarre-blando-universal-3r-030-16uds\/#breadcrumb"},"inLanguage":"es","potentialAction":[{"@type":"ReadAction","target":["https:\/\/cocohouseofbeauty.com\/es\/producto\/everlasting-cartuchos-de-agarre-blando-universal-3r-030-16uds\/"]}]},{"@type":"BreadcrumbList","@id":"https:\/\/cocohouseofbeauty.com\/es\/producto\/everlasting-cartuchos-de-agarre-blando-universal-3r-030-16uds\/#breadcrumb","itemListElement":[{"@type":"ListItem","position":1,"name":"Home","item":"https:\/\/cocohouseofbeauty.com\/es\/"},{"@type":"ListItem","position":2,"name":"Tienda","item":"https:\/\/cocohouseofbeauty.com\/es\/tienda\/"},{"@type":"ListItem","position":3,"name":"Everlasting | Cartuchos de agarre blando UNIVERSAL 3R 0,30 (16uds.)"}]},{"@type":"WebSite","@id":"https:\/\/cocohouseofbeauty.com\/es\/#website","url":"https:\/\/cocohouseofbeauty.com\/es\/","name":"Coco House of Beauty","description":"Your beauty partner for exclusive lash &amp; brow brands","publisher":{"@id":"https:\/\/cocohouseofbeauty.com\/es\/#organization"},"potentialAction":[{"@type":"SearchAction","target":{"@type":"EntryPoint","urlTemplate":"https:\/\/cocohouseofbeauty.com\/es\/?s={search_term_string}"},"query-input":{"@type":"PropertyValueSpecification","valueRequired":true,"valueName":"search_term_string"}}],"inLanguage":"es"},{"@type":"Organization","@id":"https:\/\/cocohouseofbeauty.com\/es\/#organization","name":"Coco House of Beauty","url":"https:\/\/cocohouseofbeauty.com\/es\/","logo":{"@type":"ImageObject","inLanguage":"es","@id":"https:\/\/cocohouseofbeauty.com\/es\/#\/schema\/logo\/image\/","url":"https:\/\/cocohouseofbeauty.com\/wp-content\/uploads\/2024\/03\/cropped-coco-logo-zonder-estb.png","contentUrl":"https:\/\/cocohouseofbeauty.com\/wp-content\/uploads\/2024\/03\/cropped-coco-logo-zonder-estb.png","width":1532,"height":612,"caption":"Coco House of Beauty"},"image":{"@id":"https:\/\/cocohouseofbeauty.com\/es\/#\/schema\/logo\/image\/"},"sameAs":["https:\/\/www.facebook.com\/groups\/388929390727436\/about\/","https:\/\/www.instagram.com\/cocohouse.of.beauty\/","https:\/\/www.tiktok.com\/@cocohouseofbeauty"],"foundingDate":"2024-04-05","numberOfEmployees":{"@type":"QuantitativeValue","minValue":"11","maxValue":"50"}}]},"product_price_amount":"175.00","product_price_currency":"EUR","og_availability":"instock","product_availability":"instock","product_retailer_item_id":"HOB-0044-","product_condition":"new"},"taxonomy_info":{"product_cat":[{"value":765,"label":"Everlasting"}]},"featured_image_src_large":false,"author_info":[],"comment_info":0,"jetpack_sharing_enabled":true,"_links":{"self":[{"href":"https:\/\/cocohouseofbeauty.com\/es\/wp-json\/wp\/v2\/product\/24495","targetHints":{"allow":["GET"]}}],"collection":[{"href":"https:\/\/cocohouseofbeauty.com\/es\/wp-json\/wp\/v2\/product"}],"about":[{"href":"https:\/\/cocohouseofbeauty.com\/es\/wp-json\/wp\/v2\/types\/product"}],"replies":[{"embeddable":true,"href":"https:\/\/cocohouseofbeauty.com\/es\/wp-json\/wp\/v2\/comments?post=24495"}],"wp:attachment":[{"href":"https:\/\/cocohouseofbeauty.com\/es\/wp-json\/wp\/v2\/media?parent=24495"}],"wp:term":[{"taxonomy":"product_brand","embeddable":true,"href":"https:\/\/cocohouseofbeauty.com\/es\/wp-json\/wp\/v2\/product_brand?post=24495"},{"taxonomy":"product_cat","embeddable":true,"href":"https:\/\/cocohouseofbeauty.com\/es\/wp-json\/wp\/v2\/product_cat?post=24495"},{"taxonomy":"product_tag","embeddable":true,"href":"https:\/\/cocohouseofbeauty.com\/es\/wp-json\/wp\/v2\/product_tag?post=24495"}],"curies":[{"name":"wp","href":"https:\/\/api.w.org\/{rel}","templated":true}]}}