{"id":22687,"date":"2025-04-24T21:56:30","date_gmt":"2025-04-24T19:56:30","guid":{"rendered":"https:\/\/cocohouseofbeauty.com\/?post_type=product&#038;p=22687"},"modified":"2025-12-09T11:59:57","modified_gmt":"2025-12-09T09:59:57","slug":"elleebana-hibrido-helyx-azucar-de-arce-marron-claro","status":"publish","type":"product","link":"https:\/\/cocohouseofbeauty.com\/es\/producto\/elleebana-hibrido-helyx-azucar-de-arce-marron-claro\/","title":{"rendered":"Elleebana H\u00edbrido Helyx | Az\u00facar de arce (marr\u00f3n claro)"},"content":{"rendered":"<p class=\"ai-optimize-53 ai-optimize-introduction\" data-start=\"630\" data-end=\"947\"><strong data-start=\"634\" data-end=\"672\">El Elleebana Helyx H\u00edbrido Az\u00facar de Arce<\/strong> es un tinte de cejas h\u00edbrido, marr\u00f3n claro y c\u00e1lido, dise\u00f1ado para clientes que prefieren resultados suaves y naturales con un toque de calidez dorada. Forma parte de la avanzada gama Helyx H\u00edbrido y se ha convertido r\u00e1pidamente en un tono de referencia para los artistas de cejas que trabajan con tonos de pelo casta\u00f1o claro a rubio oscuro.<\/p>\n<p class=\"ai-optimize-54\" data-start=\"949\" data-end=\"1254\">Con una infusi\u00f3n de KeraVeg 18 e ingredientes bot\u00e1nicos, la f\u00f3rmula fortalece y nutre el vello de las cejas a la vez que proporciona un color duradero. <strong data-start=\"1094\" data-end=\"1132\">El H\u00edbrido de Az\u00facar de Arce Elleebana Helyx<\/strong> crea una sutil pero visible mancha en la piel que dura hasta 10 d\u00edas, y un vibrante tinte en el vello que puede permanecer hasta 6 semanas. <\/p>\n<p class=\"ai-optimize-55\" data-start=\"1256\" data-end=\"1554\">Este tono es especialmente \u00fatil para las clientas que encuentran los tonos m\u00e1s oscuros demasiado duros o envejecidos, y buscan un efecto de cejas m\u00e1s juvenil y bronceado. El tinte se difumina f\u00e1cilmente, tiene una textura suave y funciona de maravilla solo o mezclado con tonos m\u00e1s fr\u00edos u oscuros para personalizar el estilo de tus cejas. <\/p>\n<p class=\"ai-optimize-56\" data-start=\"1556\" data-end=\"1719\">Con la confianza de profesionales de todo el mundo, Elleebana sigue marcando la pauta en soluciones innovadoras para las cejas, y Maple Sugar es imprescindible en tu colecci\u00f3n de tintes.<\/p>\n<p class=\"ai-optimize-51\" data-start=\"2509\" data-end=\"2657\">SKU: COCO-2662<\/p>\n","protected":false},"excerpt":{"rendered":"<p class=\"ai-optimize-32\" data-start=\"424\" data-end=\"567\">Elleebana Helyx H\u00edbrido Az\u00facar de Arce es el tinte h\u00edbrido marr\u00f3n claro imprescindible para unas cejas suaves y c\u00e1lidas. Tinte de larga duraci\u00f3n y tono muy equilibrado. <\/p>\n","protected":false},"featured_media":22877,"comment_status":"open","ping_status":"closed","template":"","meta":{"_kad_blocks_custom_css":"","_kad_blocks_head_custom_js":"","_kad_blocks_body_custom_js":"","_kad_blocks_footer_custom_js":"","_kadence_starter_templates_imported_post":false,"_kad_post_transparent":"default","_kad_post_title":"","_kad_post_layout":"default","_kad_post_sidebar_id":"","_kad_post_content_style":"default","_kad_post_vertical_padding":"default","_kad_post_feature":"","_kad_post_feature_position":"","_kad_post_header":false,"_kad_post_footer":false,"_kad_post_classname":""},"product_brand":[1655],"product_cat":[2050,2020],"product_tag":[970,935,2023,2021,2022,2397],"class_list":{"0":"post-22687","1":"product","2":"type-product","3":"status-publish","4":"has-post-thumbnail","6":"product_brand-elleebana-lash-lift-brow-lamination-exclusive-supplier-for-elleebana-fastest-processing-times-a-household-name-worldwide-for-30-years-otto-mitter","7":"product_cat-aerografo-es","8":"product_cat-hibrido-helyx","9":"product_tag-cejas-con-aerografo","10":"product_tag-cejas-hibridas","11":"product_tag-hibrido-elleebana-helyx","12":"product_tag-tinte-hibrido","13":"product_tag-tinte-hibrido-es","14":"product_tag-wenkbrauwverf-hybride","16":"first","17":"instock","18":"taxable","19":"shipping-taxable","20":"purchasable","21":"product-type-simple","22":"entry","23":"content-bg","24":"loop-entry"},"yoast_head":"<!-- This site is optimized with the Yoast SEO Premium plugin v27.2 (Yoast SEO v27.2) - https:\/\/yoast.com\/product\/yoast-seo-premium-wordpress\/ -->\n<title>Elleebana Helyx Az\u00facar de Arce H\u00edbrido - Tinte Casta\u00f1o Claro para Cejas<\/title>\n<meta name=\"description\" content=\"Consigue unas cejas suaves y naturales con el Az\u00facar de Arce H\u00edbrido Elleebana Helyx. Con una infusi\u00f3n de ingredientes bot\u00e1nicos para un efecto juvenil y bronceado. \u00a1Pru\u00e9balo ahora!\" \/>\n<meta name=\"robots\" content=\"index, follow, max-snippet:-1, max-image-preview:large, max-video-preview:-1\" \/>\n<link rel=\"canonical\" href=\"https:\/\/cocohouseofbeauty.com\/es\/producto\/elleebana-hibrido-helyx-azucar-de-arce-marron-claro\/\" \/>\n<meta property=\"og:locale\" content=\"es_ES\" \/>\n<meta property=\"og:type\" content=\"article\" \/>\n<meta property=\"og:title\" content=\"Elleebana H\u00edbrido Helyx | Az\u00facar de arce (marr\u00f3n claro)\" \/>\n<meta property=\"og:description\" content=\"Consigue unas cejas suaves y naturales con el Az\u00facar de Arce H\u00edbrido Elleebana Helyx. Con una infusi\u00f3n de ingredientes bot\u00e1nicos para un efecto juvenil y bronceado. \u00a1Pru\u00e9balo ahora!\" \/>\n<meta property=\"og:url\" content=\"https:\/\/cocohouseofbeauty.com\/es\/producto\/elleebana-hibrido-helyx-azucar-de-arce-marron-claro\/\" \/>\n<meta property=\"og:site_name\" content=\"Coco House of Beauty\" \/>\n<meta property=\"article:publisher\" content=\"https:\/\/www.facebook.com\/groups\/388929390727436\/about\/\" \/>\n<meta property=\"article:modified_time\" content=\"2025-12-09T09:59:57+00:00\" \/>\n<meta property=\"og:image\" content=\"https:\/\/cocohouseofbeauty.com\/wp-content\/uploads\/2025\/04\/HelyxHybrid-MapleSugar-Foil-scaled.jpg\" \/>\n\t<meta property=\"og:image:width\" content=\"2560\" \/>\n\t<meta property=\"og:image:height\" content=\"2375\" \/>\n\t<meta property=\"og:image:type\" content=\"image\/jpeg\" \/>\n<meta name=\"twitter:card\" content=\"summary_large_image\" \/>\n<meta name=\"twitter:label1\" content=\"Precio\" \/>\n\t<meta name=\"twitter:data1\" content=\"&euro;&nbsp;17,95\" \/>\n\t<meta name=\"twitter:label2\" content=\"Disponibilidad\" \/>\n\t<meta name=\"twitter:data2\" content=\"Disponible\" \/>\n<script type=\"application\/ld+json\" class=\"yoast-schema-graph\">{\"@context\":\"https:\/\/schema.org\",\"@graph\":[{\"@type\":\"WebPage\",\"@id\":\"https:\/\/cocohouseofbeauty.com\/es\/producto\/elleebana-hibrido-helyx-azucar-de-arce-marron-claro\/\",\"url\":\"https:\/\/cocohouseofbeauty.com\/es\/producto\/elleebana-hibrido-helyx-azucar-de-arce-marron-claro\/\",\"name\":\"Elleebana Helyx Az\u00facar de Arce H\u00edbrido - Tinte Casta\u00f1o Claro para Cejas\",\"isPartOf\":{\"@id\":\"https:\/\/cocohouseofbeauty.com\/es\/#website\"},\"primaryImageOfPage\":{\"@id\":\"https:\/\/cocohouseofbeauty.com\/es\/producto\/elleebana-hibrido-helyx-azucar-de-arce-marron-claro\/#primaryimage\"},\"image\":{\"@id\":\"https:\/\/cocohouseofbeauty.com\/es\/producto\/elleebana-hibrido-helyx-azucar-de-arce-marron-claro\/#primaryimage\"},\"thumbnailUrl\":\"https:\/\/cocohouseofbeauty.com\/wp-content\/uploads\/2025\/04\/HelyxHybrid-MapleSugar-Foil-scaled.jpg\",\"datePublished\":\"2025-04-24T19:56:30+00:00\",\"dateModified\":\"2025-12-09T09:59:57+00:00\",\"description\":\"Consigue unas cejas suaves y naturales con el Az\u00facar de Arce H\u00edbrido Elleebana Helyx. Con una infusi\u00f3n de ingredientes bot\u00e1nicos para un efecto juvenil y bronceado. \u00a1Pru\u00e9balo ahora!\",\"breadcrumb\":{\"@id\":\"https:\/\/cocohouseofbeauty.com\/es\/producto\/elleebana-hibrido-helyx-azucar-de-arce-marron-claro\/#breadcrumb\"},\"inLanguage\":\"es\",\"potentialAction\":[{\"@type\":\"ReadAction\",\"target\":[\"https:\/\/cocohouseofbeauty.com\/es\/producto\/elleebana-hibrido-helyx-azucar-de-arce-marron-claro\/\"]}]},{\"@type\":\"ImageObject\",\"inLanguage\":\"es\",\"@id\":\"https:\/\/cocohouseofbeauty.com\/es\/producto\/elleebana-hibrido-helyx-azucar-de-arce-marron-claro\/#primaryimage\",\"url\":\"https:\/\/cocohouseofbeauty.com\/wp-content\/uploads\/2025\/04\/HelyxHybrid-MapleSugar-Foil-scaled.jpg\",\"contentUrl\":\"https:\/\/cocohouseofbeauty.com\/wp-content\/uploads\/2025\/04\/HelyxHybrid-MapleSugar-Foil-scaled.jpg\",\"width\":2560,\"height\":2375,\"caption\":\"Tinte L\u00edquido Elleebana Helyx Tinte H\u00edbrido Az\u00facar de Arce\"},{\"@type\":\"BreadcrumbList\",\"@id\":\"https:\/\/cocohouseofbeauty.com\/es\/producto\/elleebana-hibrido-helyx-azucar-de-arce-marron-claro\/#breadcrumb\",\"itemListElement\":[{\"@type\":\"ListItem\",\"position\":1,\"name\":\"Home\",\"item\":\"https:\/\/cocohouseofbeauty.com\/es\/\"},{\"@type\":\"ListItem\",\"position\":2,\"name\":\"Tienda\",\"item\":\"https:\/\/cocohouseofbeauty.com\/es\/tienda\/\"},{\"@type\":\"ListItem\",\"position\":3,\"name\":\"Elleebana H\u00edbrido Helyx | Az\u00facar de arce (marr\u00f3n claro)\"}]},{\"@type\":\"WebSite\",\"@id\":\"https:\/\/cocohouseofbeauty.com\/es\/#website\",\"url\":\"https:\/\/cocohouseofbeauty.com\/es\/\",\"name\":\"Coco House of Beauty\",\"description\":\"Your beauty partner for exclusive lash &amp; brow brands\",\"publisher\":{\"@id\":\"https:\/\/cocohouseofbeauty.com\/es\/#organization\"},\"potentialAction\":[{\"@type\":\"SearchAction\",\"target\":{\"@type\":\"EntryPoint\",\"urlTemplate\":\"https:\/\/cocohouseofbeauty.com\/es\/?s={search_term_string}\"},\"query-input\":{\"@type\":\"PropertyValueSpecification\",\"valueRequired\":true,\"valueName\":\"search_term_string\"}}],\"inLanguage\":\"es\"},{\"@type\":\"Organization\",\"@id\":\"https:\/\/cocohouseofbeauty.com\/es\/#organization\",\"name\":\"Coco House of Beauty\",\"url\":\"https:\/\/cocohouseofbeauty.com\/es\/\",\"logo\":{\"@type\":\"ImageObject\",\"inLanguage\":\"es\",\"@id\":\"https:\/\/cocohouseofbeauty.com\/es\/#\/schema\/logo\/image\/\",\"url\":\"https:\/\/cocohouseofbeauty.com\/wp-content\/uploads\/2024\/03\/cropped-coco-logo-zonder-estb.png\",\"contentUrl\":\"https:\/\/cocohouseofbeauty.com\/wp-content\/uploads\/2024\/03\/cropped-coco-logo-zonder-estb.png\",\"width\":1532,\"height\":612,\"caption\":\"Coco House of Beauty\"},\"image\":{\"@id\":\"https:\/\/cocohouseofbeauty.com\/es\/#\/schema\/logo\/image\/\"},\"sameAs\":[\"https:\/\/www.facebook.com\/groups\/388929390727436\/about\/\",\"https:\/\/www.instagram.com\/cocohouse.of.beauty\/\",\"https:\/\/www.tiktok.com\/@cocohouseofbeauty\"],\"foundingDate\":\"2024-04-05\",\"numberOfEmployees\":{\"@type\":\"QuantitativeValue\",\"minValue\":\"11\",\"maxValue\":\"50\"}}]}<\/script>\n<meta property=\"product:price:amount\" content=\"17.95\" \/>\n<meta property=\"product:price:currency\" content=\"EUR\" \/>\n<meta property=\"og:availability\" content=\"instock\" \/>\n<meta property=\"product:availability\" content=\"instock\" \/>\n<meta property=\"product:retailer_item_id\" content=\"COCO-2662\" \/>\n<meta property=\"product:condition\" content=\"new\" \/>\n<!-- \/ Yoast SEO Premium plugin. -->","yoast_head_json":{"title":"Elleebana Helyx Az\u00facar de Arce H\u00edbrido - Tinte Casta\u00f1o Claro para Cejas","description":"Consigue unas cejas suaves y naturales con el Az\u00facar de Arce H\u00edbrido Elleebana Helyx. Con una infusi\u00f3n de ingredientes bot\u00e1nicos para un efecto juvenil y bronceado. \u00a1Pru\u00e9balo ahora!","robots":{"index":"index","follow":"follow","max-snippet":"max-snippet:-1","max-image-preview":"max-image-preview:large","max-video-preview":"max-video-preview:-1"},"canonical":"https:\/\/cocohouseofbeauty.com\/es\/producto\/elleebana-hibrido-helyx-azucar-de-arce-marron-claro\/","og_locale":"es_ES","og_type":"article","og_title":"Elleebana H\u00edbrido Helyx | Az\u00facar de arce (marr\u00f3n claro)","og_description":"Consigue unas cejas suaves y naturales con el Az\u00facar de Arce H\u00edbrido Elleebana Helyx. Con una infusi\u00f3n de ingredientes bot\u00e1nicos para un efecto juvenil y bronceado. \u00a1Pru\u00e9balo ahora!","og_url":"https:\/\/cocohouseofbeauty.com\/es\/producto\/elleebana-hibrido-helyx-azucar-de-arce-marron-claro\/","og_site_name":"Coco House of Beauty","article_publisher":"https:\/\/www.facebook.com\/groups\/388929390727436\/about\/","article_modified_time":"2025-12-09T09:59:57+00:00","og_image":[{"width":2560,"height":2375,"url":"https:\/\/cocohouseofbeauty.com\/wp-content\/uploads\/2025\/04\/HelyxHybrid-MapleSugar-Foil-scaled.jpg","type":"image\/jpeg"}],"twitter_card":"summary_large_image","twitter_misc":{"Precio":"&euro;&nbsp;17,95","Disponibilidad":"Disponible"},"schema":{"@context":"https:\/\/schema.org","@graph":[{"@type":"WebPage","@id":"https:\/\/cocohouseofbeauty.com\/es\/producto\/elleebana-hibrido-helyx-azucar-de-arce-marron-claro\/","url":"https:\/\/cocohouseofbeauty.com\/es\/producto\/elleebana-hibrido-helyx-azucar-de-arce-marron-claro\/","name":"Elleebana Helyx Az\u00facar de Arce H\u00edbrido - Tinte Casta\u00f1o Claro para Cejas","isPartOf":{"@id":"https:\/\/cocohouseofbeauty.com\/es\/#website"},"primaryImageOfPage":{"@id":"https:\/\/cocohouseofbeauty.com\/es\/producto\/elleebana-hibrido-helyx-azucar-de-arce-marron-claro\/#primaryimage"},"image":{"@id":"https:\/\/cocohouseofbeauty.com\/es\/producto\/elleebana-hibrido-helyx-azucar-de-arce-marron-claro\/#primaryimage"},"thumbnailUrl":"https:\/\/cocohouseofbeauty.com\/wp-content\/uploads\/2025\/04\/HelyxHybrid-MapleSugar-Foil-scaled.jpg","datePublished":"2025-04-24T19:56:30+00:00","dateModified":"2025-12-09T09:59:57+00:00","description":"Consigue unas cejas suaves y naturales con el Az\u00facar de Arce H\u00edbrido Elleebana Helyx. Con una infusi\u00f3n de ingredientes bot\u00e1nicos para un efecto juvenil y bronceado. \u00a1Pru\u00e9balo ahora!","breadcrumb":{"@id":"https:\/\/cocohouseofbeauty.com\/es\/producto\/elleebana-hibrido-helyx-azucar-de-arce-marron-claro\/#breadcrumb"},"inLanguage":"es","potentialAction":[{"@type":"ReadAction","target":["https:\/\/cocohouseofbeauty.com\/es\/producto\/elleebana-hibrido-helyx-azucar-de-arce-marron-claro\/"]}]},{"@type":"ImageObject","inLanguage":"es","@id":"https:\/\/cocohouseofbeauty.com\/es\/producto\/elleebana-hibrido-helyx-azucar-de-arce-marron-claro\/#primaryimage","url":"https:\/\/cocohouseofbeauty.com\/wp-content\/uploads\/2025\/04\/HelyxHybrid-MapleSugar-Foil-scaled.jpg","contentUrl":"https:\/\/cocohouseofbeauty.com\/wp-content\/uploads\/2025\/04\/HelyxHybrid-MapleSugar-Foil-scaled.jpg","width":2560,"height":2375,"caption":"Tinte L\u00edquido Elleebana Helyx Tinte H\u00edbrido Az\u00facar de Arce"},{"@type":"BreadcrumbList","@id":"https:\/\/cocohouseofbeauty.com\/es\/producto\/elleebana-hibrido-helyx-azucar-de-arce-marron-claro\/#breadcrumb","itemListElement":[{"@type":"ListItem","position":1,"name":"Home","item":"https:\/\/cocohouseofbeauty.com\/es\/"},{"@type":"ListItem","position":2,"name":"Tienda","item":"https:\/\/cocohouseofbeauty.com\/es\/tienda\/"},{"@type":"ListItem","position":3,"name":"Elleebana H\u00edbrido Helyx | Az\u00facar de arce (marr\u00f3n claro)"}]},{"@type":"WebSite","@id":"https:\/\/cocohouseofbeauty.com\/es\/#website","url":"https:\/\/cocohouseofbeauty.com\/es\/","name":"Coco House of Beauty","description":"Your beauty partner for exclusive lash &amp; brow brands","publisher":{"@id":"https:\/\/cocohouseofbeauty.com\/es\/#organization"},"potentialAction":[{"@type":"SearchAction","target":{"@type":"EntryPoint","urlTemplate":"https:\/\/cocohouseofbeauty.com\/es\/?s={search_term_string}"},"query-input":{"@type":"PropertyValueSpecification","valueRequired":true,"valueName":"search_term_string"}}],"inLanguage":"es"},{"@type":"Organization","@id":"https:\/\/cocohouseofbeauty.com\/es\/#organization","name":"Coco House of Beauty","url":"https:\/\/cocohouseofbeauty.com\/es\/","logo":{"@type":"ImageObject","inLanguage":"es","@id":"https:\/\/cocohouseofbeauty.com\/es\/#\/schema\/logo\/image\/","url":"https:\/\/cocohouseofbeauty.com\/wp-content\/uploads\/2024\/03\/cropped-coco-logo-zonder-estb.png","contentUrl":"https:\/\/cocohouseofbeauty.com\/wp-content\/uploads\/2024\/03\/cropped-coco-logo-zonder-estb.png","width":1532,"height":612,"caption":"Coco House of Beauty"},"image":{"@id":"https:\/\/cocohouseofbeauty.com\/es\/#\/schema\/logo\/image\/"},"sameAs":["https:\/\/www.facebook.com\/groups\/388929390727436\/about\/","https:\/\/www.instagram.com\/cocohouse.of.beauty\/","https:\/\/www.tiktok.com\/@cocohouseofbeauty"],"foundingDate":"2024-04-05","numberOfEmployees":{"@type":"QuantitativeValue","minValue":"11","maxValue":"50"}}]},"product_price_amount":"17.95","product_price_currency":"EUR","og_availability":"instock","product_availability":"instock","product_retailer_item_id":"COCO-2662","product_condition":"new"},"taxonomy_info":{"product_brand":[{"value":1655,"label":"Elleebana"}],"product_cat":[{"value":2050,"label":"Aer\u00f3grafo"},{"value":2020,"label":"H\u00edbrido Helyx"}],"product_tag":[{"value":970,"label":"cejas con aer\u00f3grafo"},{"value":935,"label":"cejas h\u00edbridas"},{"value":2023,"label":"H\u00edbrido Elleebana Helyx"},{"value":2021,"label":"tinte h\u00edbrido"},{"value":2022,"label":"tinte h\u00edbrido"},{"value":2397,"label":"wenkbrauwverf hybride"}]},"featured_image_src_large":["https:\/\/cocohouseofbeauty.com\/wp-content\/uploads\/2025\/04\/HelyxHybrid-MapleSugar-Foil-1024x950.jpg",1024,950,true],"author_info":[],"comment_info":0,"jetpack_sharing_enabled":true,"_links":{"self":[{"href":"https:\/\/cocohouseofbeauty.com\/es\/wp-json\/wp\/v2\/product\/22687","targetHints":{"allow":["GET"]}}],"collection":[{"href":"https:\/\/cocohouseofbeauty.com\/es\/wp-json\/wp\/v2\/product"}],"about":[{"href":"https:\/\/cocohouseofbeauty.com\/es\/wp-json\/wp\/v2\/types\/product"}],"replies":[{"embeddable":true,"href":"https:\/\/cocohouseofbeauty.com\/es\/wp-json\/wp\/v2\/comments?post=22687"}],"wp:featuredmedia":[{"embeddable":true,"href":"https:\/\/cocohouseofbeauty.com\/es\/wp-json\/wp\/v2\/media\/22877"}],"wp:attachment":[{"href":"https:\/\/cocohouseofbeauty.com\/es\/wp-json\/wp\/v2\/media?parent=22687"}],"wp:term":[{"taxonomy":"product_brand","embeddable":true,"href":"https:\/\/cocohouseofbeauty.com\/es\/wp-json\/wp\/v2\/product_brand?post=22687"},{"taxonomy":"product_cat","embeddable":true,"href":"https:\/\/cocohouseofbeauty.com\/es\/wp-json\/wp\/v2\/product_cat?post=22687"},{"taxonomy":"product_tag","embeddable":true,"href":"https:\/\/cocohouseofbeauty.com\/es\/wp-json\/wp\/v2\/product_tag?post=22687"}],"curies":[{"name":"wp","href":"https:\/\/api.w.org\/{rel}","templated":true}]}}