{"id":22685,"date":"2025-04-24T21:50:31","date_gmt":"2025-04-24T19:50:31","guid":{"rendered":"https:\/\/cocohouseofbeauty.com\/?post_type=product&#038;p=22685"},"modified":"2025-12-09T11:59:11","modified_gmt":"2025-12-09T09:59:11","slug":"elleebana-hibrido-helyx-madera-de-avellano-marron-medio","status":"publish","type":"product","link":"https:\/\/cocohouseofbeauty.com\/es\/producto\/elleebana-hibrido-helyx-madera-de-avellano-marron-medio\/","title":{"rendered":"Elleebana H\u00edbrido Helyx | Madera de Avellano (Marr\u00f3n Medio)"},"content":{"rendered":"<p class=\"ai-optimize-48 ai-optimize-introduction\" data-start=\"650\" data-end=\"948\"><strong data-start=\"654\" data-end=\"691\">El H\u00edbrido de Avellana Elleebana Helyx<\/strong> es un tinte h\u00edbrido marr\u00f3n medio, rico y de tonos c\u00e1lidos, dise\u00f1ado para realzar la definici\u00f3n natural de las cejas a la vez que nutre el vello. Este tono es la mejor opci\u00f3n para las clientas de pelo casta\u00f1o medio a rubio oscuro que quieren unas cejas atrevidas pero equilibradas, sin que sean demasiado oscuras o cenicientas.<\/p>\n<p class=\"ai-optimize-49\" data-start=\"950\" data-end=\"1302\">Parte de la gama de alto rendimiento Helyx H\u00edbrido de Elleebana, este tinte de cejas combina el audaz efecto del color h\u00edbrido con la f\u00f3rmula de cuidado caracter\u00edstica de la marca. Con una infusi\u00f3n de KeraVeg 18 y potentes ingredientes bot\u00e1nicos, <strong data-start=\"1157\" data-end=\"1194\">Elleebana Helyx H\u00edbrido Madera de Avellano<\/strong> no s\u00f3lo proporciona profundidad de color, sino que tambi\u00e9n fortalece la estructura del pelo y favorece unos resultados duraderos. <\/p>\n<p class=\"ai-optimize-50\" data-start=\"1304\" data-end=\"1582\">Puedes esperar una mancha en la piel que dure hasta 10 d\u00edas y un color de pelo que permanezca vibrante hasta 6 semanas. Su suave consistencia permite una f\u00e1cil aplicaci\u00f3n, tanto si lo utilizas solo como si lo mezclas con otros tonos Helyx para crear un dise\u00f1o de cejas a medida para tu cliente. <\/p>\n<p class=\"ai-optimize-51\" data-start=\"1584\" data-end=\"1771\">Tanto si quieres unas cejas de aspecto natural como unas cejas con formas llamativas, este tinte es el tono intermedio perfecto para obtener siempre unos resultados vers\u00e1tiles con calidad de sal\u00f3n.<\/p>\n<p class=\"ai-optimize-46\" data-start=\"2509\" data-end=\"2657\">SKU: COCO-2661<\/p>\n","protected":false},"excerpt":{"rendered":"<p class=\"ai-optimize-27\" data-start=\"427\" data-end=\"587\">Elleebana Helyx H\u00edbrido Avellana Madera es el tinte h\u00edbrido marr\u00f3n medio perfecto para unas cejas definidas y equilibradas. Subtono c\u00e1lido, tinte de larga duraci\u00f3n y alto rendimiento. <\/p>\n","protected":false},"featured_media":22889,"comment_status":"open","ping_status":"closed","template":"","meta":{"_kad_blocks_custom_css":"","_kad_blocks_head_custom_js":"","_kad_blocks_body_custom_js":"","_kad_blocks_footer_custom_js":"","_kadence_starter_templates_imported_post":false,"_kad_post_transparent":"default","_kad_post_title":"","_kad_post_layout":"default","_kad_post_sidebar_id":"","_kad_post_content_style":"default","_kad_post_vertical_padding":"default","_kad_post_feature":"","_kad_post_feature_position":"","_kad_post_header":false,"_kad_post_footer":false,"_kad_post_classname":""},"product_brand":[1655],"product_cat":[2050,2020],"product_tag":[2023,2021,2022],"class_list":{"0":"post-22685","1":"product","2":"type-product","3":"status-publish","4":"has-post-thumbnail","6":"product_brand-elleebana-lash-lift-brow-lamination-exclusive-supplier-for-elleebana-fastest-processing-times-a-household-name-worldwide-for-30-years-otto-mitter","7":"product_cat-aerografo-es","8":"product_cat-hibrido-helyx","9":"product_tag-hibrido-elleebana-helyx","10":"product_tag-tinte-hibrido","11":"product_tag-tinte-hibrido-es","13":"first","14":"instock","15":"taxable","16":"shipping-taxable","17":"purchasable","18":"product-type-simple","19":"entry","20":"content-bg","21":"loop-entry"},"yoast_head":"<!-- This site is optimized with the Yoast SEO Premium plugin v27.2 (Yoast SEO v27.2) - https:\/\/yoast.com\/product\/yoast-seo-premium-wordpress\/ -->\n<title>Elleebana Helyx H\u00edbrido Madera de Avellano - Tinte de cejas marr\u00f3n medio<\/title>\n<meta name=\"description\" content=\"Transforma tus cejas con el H\u00edbrido de Avellana Elleebana Helyx para conseguir un look natural de tonos c\u00e1lidos. \u00a1Disfruta de una definici\u00f3n audaz que dura! \ud83c\udf1f\" \/>\n<meta name=\"robots\" content=\"index, follow, max-snippet:-1, max-image-preview:large, max-video-preview:-1\" \/>\n<link rel=\"canonical\" href=\"https:\/\/cocohouseofbeauty.com\/es\/producto\/elleebana-hibrido-helyx-madera-de-avellano-marron-medio\/\" \/>\n<meta property=\"og:locale\" content=\"es_ES\" \/>\n<meta property=\"og:type\" content=\"article\" \/>\n<meta property=\"og:title\" content=\"Elleebana H\u00edbrido Helyx | Madera de Avellano (Marr\u00f3n Medio)\" \/>\n<meta property=\"og:description\" content=\"Transforma tus cejas con el H\u00edbrido de Avellana Elleebana Helyx para conseguir un look natural de tonos c\u00e1lidos. \u00a1Disfruta de una definici\u00f3n audaz que dura! \ud83c\udf1f\" \/>\n<meta property=\"og:url\" content=\"https:\/\/cocohouseofbeauty.com\/es\/producto\/elleebana-hibrido-helyx-madera-de-avellano-marron-medio\/\" \/>\n<meta property=\"og:site_name\" content=\"Coco House of Beauty\" \/>\n<meta property=\"article:publisher\" content=\"https:\/\/www.facebook.com\/groups\/388929390727436\/about\/\" \/>\n<meta property=\"article:modified_time\" content=\"2025-12-09T09:59:11+00:00\" \/>\n<meta property=\"og:image\" content=\"https:\/\/cocohouseofbeauty.com\/wp-content\/uploads\/2025\/04\/HelyxHybrid-HazelWood-Foil-scaled.jpg\" \/>\n\t<meta property=\"og:image:width\" content=\"2560\" \/>\n\t<meta property=\"og:image:height\" content=\"2375\" \/>\n\t<meta property=\"og:image:type\" content=\"image\/jpeg\" \/>\n<meta name=\"twitter:card\" content=\"summary_large_image\" \/>\n<meta name=\"twitter:label1\" content=\"Precio\" \/>\n\t<meta name=\"twitter:data1\" content=\"&euro;&nbsp;17,95\" \/>\n\t<meta name=\"twitter:label2\" content=\"Disponibilidad\" \/>\n\t<meta name=\"twitter:data2\" content=\"Disponible\" \/>\n<script type=\"application\/ld+json\" class=\"yoast-schema-graph\">{\"@context\":\"https:\/\/schema.org\",\"@graph\":[{\"@type\":\"WebPage\",\"@id\":\"https:\/\/cocohouseofbeauty.com\/es\/producto\/elleebana-hibrido-helyx-madera-de-avellano-marron-medio\/\",\"url\":\"https:\/\/cocohouseofbeauty.com\/es\/producto\/elleebana-hibrido-helyx-madera-de-avellano-marron-medio\/\",\"name\":\"Elleebana Helyx H\u00edbrido Madera de Avellano - Tinte de cejas marr\u00f3n medio\",\"isPartOf\":{\"@id\":\"https:\/\/cocohouseofbeauty.com\/es\/#website\"},\"primaryImageOfPage\":{\"@id\":\"https:\/\/cocohouseofbeauty.com\/es\/producto\/elleebana-hibrido-helyx-madera-de-avellano-marron-medio\/#primaryimage\"},\"image\":{\"@id\":\"https:\/\/cocohouseofbeauty.com\/es\/producto\/elleebana-hibrido-helyx-madera-de-avellano-marron-medio\/#primaryimage\"},\"thumbnailUrl\":\"https:\/\/cocohouseofbeauty.com\/wp-content\/uploads\/2025\/04\/HelyxHybrid-HazelWood-Foil-scaled.jpg\",\"datePublished\":\"2025-04-24T19:50:31+00:00\",\"dateModified\":\"2025-12-09T09:59:11+00:00\",\"description\":\"Transforma tus cejas con el H\u00edbrido de Avellana Elleebana Helyx para conseguir un look natural de tonos c\u00e1lidos. \u00a1Disfruta de una definici\u00f3n audaz que dura! \ud83c\udf1f\",\"breadcrumb\":{\"@id\":\"https:\/\/cocohouseofbeauty.com\/es\/producto\/elleebana-hibrido-helyx-madera-de-avellano-marron-medio\/#breadcrumb\"},\"inLanguage\":\"es\",\"potentialAction\":[{\"@type\":\"ReadAction\",\"target\":[\"https:\/\/cocohouseofbeauty.com\/es\/producto\/elleebana-hibrido-helyx-madera-de-avellano-marron-medio\/\"]}]},{\"@type\":\"ImageObject\",\"inLanguage\":\"es\",\"@id\":\"https:\/\/cocohouseofbeauty.com\/es\/producto\/elleebana-hibrido-helyx-madera-de-avellano-marron-medio\/#primaryimage\",\"url\":\"https:\/\/cocohouseofbeauty.com\/wp-content\/uploads\/2025\/04\/HelyxHybrid-HazelWood-Foil-scaled.jpg\",\"contentUrl\":\"https:\/\/cocohouseofbeauty.com\/wp-content\/uploads\/2025\/04\/HelyxHybrid-HazelWood-Foil-scaled.jpg\",\"width\":2560,\"height\":2375,\"caption\":\"Elleebana Helyx Tinte H\u00edbrido Avellano\"},{\"@type\":\"BreadcrumbList\",\"@id\":\"https:\/\/cocohouseofbeauty.com\/es\/producto\/elleebana-hibrido-helyx-madera-de-avellano-marron-medio\/#breadcrumb\",\"itemListElement\":[{\"@type\":\"ListItem\",\"position\":1,\"name\":\"Home\",\"item\":\"https:\/\/cocohouseofbeauty.com\/es\/\"},{\"@type\":\"ListItem\",\"position\":2,\"name\":\"Tienda\",\"item\":\"https:\/\/cocohouseofbeauty.com\/es\/tienda\/\"},{\"@type\":\"ListItem\",\"position\":3,\"name\":\"Elleebana H\u00edbrido Helyx | Madera de Avellano (Marr\u00f3n Medio)\"}]},{\"@type\":\"WebSite\",\"@id\":\"https:\/\/cocohouseofbeauty.com\/es\/#website\",\"url\":\"https:\/\/cocohouseofbeauty.com\/es\/\",\"name\":\"Coco House of Beauty\",\"description\":\"Your beauty partner for exclusive lash &amp; brow brands\",\"publisher\":{\"@id\":\"https:\/\/cocohouseofbeauty.com\/es\/#organization\"},\"potentialAction\":[{\"@type\":\"SearchAction\",\"target\":{\"@type\":\"EntryPoint\",\"urlTemplate\":\"https:\/\/cocohouseofbeauty.com\/es\/?s={search_term_string}\"},\"query-input\":{\"@type\":\"PropertyValueSpecification\",\"valueRequired\":true,\"valueName\":\"search_term_string\"}}],\"inLanguage\":\"es\"},{\"@type\":\"Organization\",\"@id\":\"https:\/\/cocohouseofbeauty.com\/es\/#organization\",\"name\":\"Coco House of Beauty\",\"url\":\"https:\/\/cocohouseofbeauty.com\/es\/\",\"logo\":{\"@type\":\"ImageObject\",\"inLanguage\":\"es\",\"@id\":\"https:\/\/cocohouseofbeauty.com\/es\/#\/schema\/logo\/image\/\",\"url\":\"https:\/\/cocohouseofbeauty.com\/wp-content\/uploads\/2024\/03\/cropped-coco-logo-zonder-estb.png\",\"contentUrl\":\"https:\/\/cocohouseofbeauty.com\/wp-content\/uploads\/2024\/03\/cropped-coco-logo-zonder-estb.png\",\"width\":1532,\"height\":612,\"caption\":\"Coco House of Beauty\"},\"image\":{\"@id\":\"https:\/\/cocohouseofbeauty.com\/es\/#\/schema\/logo\/image\/\"},\"sameAs\":[\"https:\/\/www.facebook.com\/groups\/388929390727436\/about\/\",\"https:\/\/www.instagram.com\/cocohouse.of.beauty\/\",\"https:\/\/www.tiktok.com\/@cocohouseofbeauty\"],\"foundingDate\":\"2024-04-05\",\"numberOfEmployees\":{\"@type\":\"QuantitativeValue\",\"minValue\":\"11\",\"maxValue\":\"50\"}}]}<\/script>\n<meta property=\"product:price:amount\" content=\"17.95\" \/>\n<meta property=\"product:price:currency\" content=\"EUR\" \/>\n<meta property=\"og:availability\" content=\"instock\" \/>\n<meta property=\"product:availability\" content=\"instock\" \/>\n<meta property=\"product:retailer_item_id\" content=\"COCO-2661\" \/>\n<meta property=\"product:condition\" content=\"new\" \/>\n<!-- \/ Yoast SEO Premium plugin. -->","yoast_head_json":{"title":"Elleebana Helyx H\u00edbrido Madera de Avellano - Tinte de cejas marr\u00f3n medio","description":"Transforma tus cejas con el H\u00edbrido de Avellana Elleebana Helyx para conseguir un look natural de tonos c\u00e1lidos. \u00a1Disfruta de una definici\u00f3n audaz que dura! \ud83c\udf1f","robots":{"index":"index","follow":"follow","max-snippet":"max-snippet:-1","max-image-preview":"max-image-preview:large","max-video-preview":"max-video-preview:-1"},"canonical":"https:\/\/cocohouseofbeauty.com\/es\/producto\/elleebana-hibrido-helyx-madera-de-avellano-marron-medio\/","og_locale":"es_ES","og_type":"article","og_title":"Elleebana H\u00edbrido Helyx | Madera de Avellano (Marr\u00f3n Medio)","og_description":"Transforma tus cejas con el H\u00edbrido de Avellana Elleebana Helyx para conseguir un look natural de tonos c\u00e1lidos. \u00a1Disfruta de una definici\u00f3n audaz que dura! \ud83c\udf1f","og_url":"https:\/\/cocohouseofbeauty.com\/es\/producto\/elleebana-hibrido-helyx-madera-de-avellano-marron-medio\/","og_site_name":"Coco House of Beauty","article_publisher":"https:\/\/www.facebook.com\/groups\/388929390727436\/about\/","article_modified_time":"2025-12-09T09:59:11+00:00","og_image":[{"width":2560,"height":2375,"url":"https:\/\/cocohouseofbeauty.com\/wp-content\/uploads\/2025\/04\/HelyxHybrid-HazelWood-Foil-scaled.jpg","type":"image\/jpeg"}],"twitter_card":"summary_large_image","twitter_misc":{"Precio":"&euro;&nbsp;17,95","Disponibilidad":"Disponible"},"schema":{"@context":"https:\/\/schema.org","@graph":[{"@type":"WebPage","@id":"https:\/\/cocohouseofbeauty.com\/es\/producto\/elleebana-hibrido-helyx-madera-de-avellano-marron-medio\/","url":"https:\/\/cocohouseofbeauty.com\/es\/producto\/elleebana-hibrido-helyx-madera-de-avellano-marron-medio\/","name":"Elleebana Helyx H\u00edbrido Madera de Avellano - Tinte de cejas marr\u00f3n medio","isPartOf":{"@id":"https:\/\/cocohouseofbeauty.com\/es\/#website"},"primaryImageOfPage":{"@id":"https:\/\/cocohouseofbeauty.com\/es\/producto\/elleebana-hibrido-helyx-madera-de-avellano-marron-medio\/#primaryimage"},"image":{"@id":"https:\/\/cocohouseofbeauty.com\/es\/producto\/elleebana-hibrido-helyx-madera-de-avellano-marron-medio\/#primaryimage"},"thumbnailUrl":"https:\/\/cocohouseofbeauty.com\/wp-content\/uploads\/2025\/04\/HelyxHybrid-HazelWood-Foil-scaled.jpg","datePublished":"2025-04-24T19:50:31+00:00","dateModified":"2025-12-09T09:59:11+00:00","description":"Transforma tus cejas con el H\u00edbrido de Avellana Elleebana Helyx para conseguir un look natural de tonos c\u00e1lidos. \u00a1Disfruta de una definici\u00f3n audaz que dura! \ud83c\udf1f","breadcrumb":{"@id":"https:\/\/cocohouseofbeauty.com\/es\/producto\/elleebana-hibrido-helyx-madera-de-avellano-marron-medio\/#breadcrumb"},"inLanguage":"es","potentialAction":[{"@type":"ReadAction","target":["https:\/\/cocohouseofbeauty.com\/es\/producto\/elleebana-hibrido-helyx-madera-de-avellano-marron-medio\/"]}]},{"@type":"ImageObject","inLanguage":"es","@id":"https:\/\/cocohouseofbeauty.com\/es\/producto\/elleebana-hibrido-helyx-madera-de-avellano-marron-medio\/#primaryimage","url":"https:\/\/cocohouseofbeauty.com\/wp-content\/uploads\/2025\/04\/HelyxHybrid-HazelWood-Foil-scaled.jpg","contentUrl":"https:\/\/cocohouseofbeauty.com\/wp-content\/uploads\/2025\/04\/HelyxHybrid-HazelWood-Foil-scaled.jpg","width":2560,"height":2375,"caption":"Elleebana Helyx Tinte H\u00edbrido Avellano"},{"@type":"BreadcrumbList","@id":"https:\/\/cocohouseofbeauty.com\/es\/producto\/elleebana-hibrido-helyx-madera-de-avellano-marron-medio\/#breadcrumb","itemListElement":[{"@type":"ListItem","position":1,"name":"Home","item":"https:\/\/cocohouseofbeauty.com\/es\/"},{"@type":"ListItem","position":2,"name":"Tienda","item":"https:\/\/cocohouseofbeauty.com\/es\/tienda\/"},{"@type":"ListItem","position":3,"name":"Elleebana H\u00edbrido Helyx | Madera de Avellano (Marr\u00f3n Medio)"}]},{"@type":"WebSite","@id":"https:\/\/cocohouseofbeauty.com\/es\/#website","url":"https:\/\/cocohouseofbeauty.com\/es\/","name":"Coco House of Beauty","description":"Your beauty partner for exclusive lash &amp; brow brands","publisher":{"@id":"https:\/\/cocohouseofbeauty.com\/es\/#organization"},"potentialAction":[{"@type":"SearchAction","target":{"@type":"EntryPoint","urlTemplate":"https:\/\/cocohouseofbeauty.com\/es\/?s={search_term_string}"},"query-input":{"@type":"PropertyValueSpecification","valueRequired":true,"valueName":"search_term_string"}}],"inLanguage":"es"},{"@type":"Organization","@id":"https:\/\/cocohouseofbeauty.com\/es\/#organization","name":"Coco House of Beauty","url":"https:\/\/cocohouseofbeauty.com\/es\/","logo":{"@type":"ImageObject","inLanguage":"es","@id":"https:\/\/cocohouseofbeauty.com\/es\/#\/schema\/logo\/image\/","url":"https:\/\/cocohouseofbeauty.com\/wp-content\/uploads\/2024\/03\/cropped-coco-logo-zonder-estb.png","contentUrl":"https:\/\/cocohouseofbeauty.com\/wp-content\/uploads\/2024\/03\/cropped-coco-logo-zonder-estb.png","width":1532,"height":612,"caption":"Coco House of Beauty"},"image":{"@id":"https:\/\/cocohouseofbeauty.com\/es\/#\/schema\/logo\/image\/"},"sameAs":["https:\/\/www.facebook.com\/groups\/388929390727436\/about\/","https:\/\/www.instagram.com\/cocohouse.of.beauty\/","https:\/\/www.tiktok.com\/@cocohouseofbeauty"],"foundingDate":"2024-04-05","numberOfEmployees":{"@type":"QuantitativeValue","minValue":"11","maxValue":"50"}}]},"product_price_amount":"17.95","product_price_currency":"EUR","og_availability":"instock","product_availability":"instock","product_retailer_item_id":"COCO-2661","product_condition":"new"},"taxonomy_info":{"product_brand":[{"value":1655,"label":"Elleebana"}],"product_cat":[{"value":2050,"label":"Aer\u00f3grafo"},{"value":2020,"label":"H\u00edbrido Helyx"}],"product_tag":[{"value":2023,"label":"H\u00edbrido Elleebana Helyx"},{"value":2021,"label":"tinte h\u00edbrido"},{"value":2022,"label":"tinte h\u00edbrido"}]},"featured_image_src_large":["https:\/\/cocohouseofbeauty.com\/wp-content\/uploads\/2025\/04\/HelyxHybrid-HazelWood-Foil-1024x950.jpg",1024,950,true],"author_info":[],"comment_info":0,"jetpack_sharing_enabled":true,"_links":{"self":[{"href":"https:\/\/cocohouseofbeauty.com\/es\/wp-json\/wp\/v2\/product\/22685","targetHints":{"allow":["GET"]}}],"collection":[{"href":"https:\/\/cocohouseofbeauty.com\/es\/wp-json\/wp\/v2\/product"}],"about":[{"href":"https:\/\/cocohouseofbeauty.com\/es\/wp-json\/wp\/v2\/types\/product"}],"replies":[{"embeddable":true,"href":"https:\/\/cocohouseofbeauty.com\/es\/wp-json\/wp\/v2\/comments?post=22685"}],"wp:featuredmedia":[{"embeddable":true,"href":"https:\/\/cocohouseofbeauty.com\/es\/wp-json\/wp\/v2\/media\/22889"}],"wp:attachment":[{"href":"https:\/\/cocohouseofbeauty.com\/es\/wp-json\/wp\/v2\/media?parent=22685"}],"wp:term":[{"taxonomy":"product_brand","embeddable":true,"href":"https:\/\/cocohouseofbeauty.com\/es\/wp-json\/wp\/v2\/product_brand?post=22685"},{"taxonomy":"product_cat","embeddable":true,"href":"https:\/\/cocohouseofbeauty.com\/es\/wp-json\/wp\/v2\/product_cat?post=22685"},{"taxonomy":"product_tag","embeddable":true,"href":"https:\/\/cocohouseofbeauty.com\/es\/wp-json\/wp\/v2\/product_tag?post=22685"}],"curies":[{"name":"wp","href":"https:\/\/api.w.org\/{rel}","templated":true}]}}