{"id":19097,"date":"2025-04-11T09:09:59","date_gmt":"2025-04-11T07:09:59","guid":{"rendered":"https:\/\/cocohouseofbeauty.com\/product\/hairpearl-crema-reveladora-6\/"},"modified":"2025-07-23T13:31:33","modified_gmt":"2025-07-23T11:31:33","slug":"hairpearl-crema-reveladora-6","status":"publish","type":"product","link":"https:\/\/cocohouseofbeauty.com\/es\/producto\/hairpearl-crema-reveladora-6\/","title":{"rendered":"Hairpearl | Crema reveladora 6%."},"content":{"rendered":"<p class=\"ai-optimize-33 ai-optimize-introduction\" data-start=\"710\" data-end=\"937\"><strong data-start=\"710\" data-end=\"733\">Por qu\u00e9 te encantar\u00e1:<\/strong><\/p>\n<p class=\"ai-optimize-34\" data-start=\"710\" data-end=\"937\">\u2714 Suave y nutritivo con extracto de jojoba<br \/>\n\u2714 6% de fuerza: ideal para la cobertura de canas (norma internacional)<br \/>\n\u2714 F\u00e1cil proporci\u00f3n de mezcla 1:1<br \/>\n\u2714 Combinaci\u00f3n perfecta con todos los tintes Hairpearl<br \/>\n\u2714 Resultados de calidad de sal\u00f3n<\/p>\n<p class=\"ai-optimize-35\" data-start=\"939\" data-end=\"958\"><strong data-start=\"939\" data-end=\"956\">Es bueno saberlo:<\/strong><\/p>\n<ul data-start=\"959\" data-end=\"1077\">\n<li class=\"ai-optimize-36\" data-start=\"996\" data-end=\"1025\">\n<p class=\"ai-optimize-37\" data-start=\"998\" data-end=\"1025\"><strong data-start=\"998\" data-end=\"1004\">3%<\/strong> es ideal para las cejas<\/p>\n<\/li>\n<li class=\"ai-optimize-38\" data-start=\"1026\" data-end=\"1077\">\n<p class=\"ai-optimize-39\" data-start=\"1028\" data-end=\"1077\">Se suele utilizar <strong data-start=\"1028\" data-end=\"1034\">un 6%<\/strong> para una cobertura gris \u00f3ptima<\/p>\n<\/li>\n<\/ul>\n<p class=\"ai-optimize-40\"><strong> <a href=\"https:\/\/www.hairpearl.com\/wp-content\/uploads\/2021\/05\/2020-Hairpearl-Tinting-Lashes-Quick-Guide-Step-by-Step.pdf\" target=\"_blank\" rel=\"noopener\">Descargar Gu\u00eda r\u00e1pida de tintado:<\/a><\/strong><\/p>\n<p class=\"ai-optimize-41\" data-start=\"1079\" data-end=\"1128\"><strong data-start=\"1079\" data-end=\"1091\">Contenido:<\/strong> 80ml\/2.71oz<\/p>\n<blockquote data-start=\"1130\" data-end=\"1158\">\n<p class=\"\" data-start=\"1132\" data-end=\"1158\">S\u00f3lo para uso profesional.<\/p>\n<\/blockquote>\n<p class=\"ai-optimize-42\" data-start=\"1132\" data-end=\"1158\">SKU: COCO-2387, COCO-2389<\/p>\n","protected":false},"excerpt":{"rendered":"<p class=\"ai-optimize-28 ai-optimize-introduction\" data-start=\"178\" data-end=\"516\"><strong>\u00a1Nueva f\u00f3rmula de la Crema Intensiva Reveladora 6% enriquecida con aceite de jojoba!  <\/strong><\/p>\n<p class=\"ai-optimize-29\" data-start=\"178\" data-end=\"516\">Da a tus tratamientos de color un toque extra de cuidado con la <strong data-start=\"237\" data-end=\"269\">Crema Reveladora Hairpearl 6%<\/strong>, enriquecida con <strong data-start=\"285\" data-end=\"315\">extracto vegetal de jojoba<\/strong> para una experiencia de coloraci\u00f3n m\u00e1s suave y nutritiva. Conocida por sus propiedades hidratantes y protectoras, la jojoba ayuda a mantener el cabello sano, brillante y de aspecto joven, incluso durante los tratamientos qu\u00edmicos. <\/p>\n<p class=\"ai-optimize-30\" data-start=\"518\" data-end=\"708\">Esta <strong data-start=\"523\" data-end=\"574\">f\u00f3rmula en crema antigoteo a base de per\u00f3xido de hidr\u00f3geno<\/strong> est\u00e1 especialmente dise\u00f1ada para funcionar a la perfecci\u00f3n con toda la gama de tintes Hairpearl, garantizando una mezcla suave y uniforme y unos resultados profesionales.<\/p>\n<p data-start=\"518\" data-end=\"708\"><img loading=\"lazy\" decoding=\"async\" class=\"alignnone wp-image-18949\" src=\"https:\/\/cocohouseofbeauty.com\/wp-content\/uploads\/2025\/04\/Ontwerp-zonder-titel-e1744270866245-300x109.png\" alt=\"\" width=\"165\" height=\"60\" srcset=\"https:\/\/cocohouseofbeauty.com\/wp-content\/uploads\/2025\/04\/Ontwerp-zonder-titel-e1744270866245-300x109.png 300w, https:\/\/cocohouseofbeauty.com\/wp-content\/uploads\/2025\/04\/Ontwerp-zonder-titel-e1744270866245.png 354w\" sizes=\"auto, (max-width: 165px) 100vw, 165px\" \/><\/p>\n<p class=\"ai-optimize-31\" data-start=\"518\" data-end=\"708\">SKU: COCO-2387 &amp; COCO-2389<\/p>\n","protected":false},"featured_media":18864,"comment_status":"open","ping_status":"closed","template":"","meta":{"_kad_blocks_custom_css":"","_kad_blocks_head_custom_js":"","_kad_blocks_body_custom_js":"","_kad_blocks_footer_custom_js":"","_kadence_starter_templates_imported_post":false,"_kad_post_transparent":"default","_kad_post_title":"","_kad_post_layout":"default","_kad_post_sidebar_id":"","_kad_post_content_style":"default","_kad_post_vertical_padding":"default","_kad_post_feature":"","_kad_post_feature_position":"","_kad_post_header":false,"_kad_post_footer":false,"_kad_post_classname":""},"product_brand":[1657],"product_cat":[1658,2107],"product_tag":[541,495,2793,564,2792,486],"class_list":{"0":"post-19097","1":"product","2":"type-product","3":"status-publish","4":"has-post-thumbnail","6":"product_brand-hairpearl-the-ppd-free-eyebrow-tint","7":"product_cat-hairpearl-tinte-sin-ppd","8":"product_cat-tinte","9":"product_tag-cocohouseofbeauty-es","10":"product_tag-frente","11":"product_tag-perla-del-pelo","12":"product_tag-pestana","13":"product_tag-ppd-libre","14":"product_tag-tinte","16":"first","17":"instock","18":"taxable","19":"shipping-taxable","20":"purchasable","21":"product-type-variable","22":"entry","23":"content-bg","24":"loop-entry"},"yoast_head":"<!-- This site is optimized with the Yoast SEO Premium plugin v27.2 (Yoast SEO v27.2) - https:\/\/yoast.com\/product\/yoast-seo-premium-wordpress\/ -->\n<title>Hairpearl - Crema Reveladora 6% - SIN PPD<\/title>\n<meta name=\"description\" content=\"Hairpearl Crema Reveladora 6%: el oxidante perfecto para los tintes de cejas y pesta\u00f1as. Resultados suaves y uniformes en cada aplicaci\u00f3n. Ideal para profesionales.\" \/>\n<meta name=\"robots\" content=\"index, follow, max-snippet:-1, max-image-preview:large, max-video-preview:-1\" \/>\n<link rel=\"canonical\" href=\"https:\/\/cocohouseofbeauty.com\/es\/producto\/hairpearl-crema-reveladora-6\/\" \/>\n<meta property=\"og:locale\" content=\"es_ES\" \/>\n<meta property=\"og:type\" content=\"article\" \/>\n<meta property=\"og:title\" content=\"Hairpearl | Crema reveladora 6%.\" \/>\n<meta property=\"og:description\" content=\"Hairpearl Crema Reveladora 6%: el oxidante perfecto para los tintes de cejas y pesta\u00f1as. Resultados suaves y uniformes en cada aplicaci\u00f3n. Ideal para profesionales.\" \/>\n<meta property=\"og:url\" content=\"https:\/\/cocohouseofbeauty.com\/es\/producto\/hairpearl-crema-reveladora-6\/\" \/>\n<meta property=\"og:site_name\" content=\"Coco House of Beauty\" \/>\n<meta property=\"article:publisher\" content=\"https:\/\/www.facebook.com\/groups\/388929390727436\/about\/\" \/>\n<meta property=\"article:modified_time\" content=\"2025-07-23T11:31:33+00:00\" \/>\n<meta property=\"og:image\" content=\"https:\/\/cocohouseofbeauty.com\/wp-content\/uploads\/2025\/04\/Cream-Developer-Oxidant-6-percent-50ml-transparent-853x1024.png\" \/>\n\t<meta property=\"og:image:width\" content=\"853\" \/>\n\t<meta property=\"og:image:height\" content=\"1024\" \/>\n\t<meta property=\"og:image:type\" content=\"image\/png\" \/>\n<meta name=\"twitter:card\" content=\"summary_large_image\" \/>\n<meta name=\"twitter:label1\" content=\"Disponibilidad\" \/>\n\t<meta name=\"twitter:data1\" content=\"Disponible\" \/>\n<script type=\"application\/ld+json\" class=\"yoast-schema-graph\">{\"@context\":\"https:\/\/schema.org\",\"@graph\":[{\"@type\":\"WebPage\",\"@id\":\"https:\/\/cocohouseofbeauty.com\/es\/producto\/hairpearl-crema-reveladora-6\/\",\"url\":\"https:\/\/cocohouseofbeauty.com\/es\/producto\/hairpearl-crema-reveladora-6\/\",\"name\":\"Hairpearl - Crema Reveladora 6% - SIN PPD\",\"isPartOf\":{\"@id\":\"https:\/\/cocohouseofbeauty.com\/es\/#website\"},\"primaryImageOfPage\":{\"@id\":\"https:\/\/cocohouseofbeauty.com\/es\/producto\/hairpearl-crema-reveladora-6\/#primaryimage\"},\"image\":{\"@id\":\"https:\/\/cocohouseofbeauty.com\/es\/producto\/hairpearl-crema-reveladora-6\/#primaryimage\"},\"thumbnailUrl\":\"https:\/\/cocohouseofbeauty.com\/wp-content\/uploads\/2025\/04\/Cream-Developer-Oxidant-6-percent-50ml-transparent.png\",\"datePublished\":\"2025-04-11T07:09:59+00:00\",\"dateModified\":\"2025-07-23T11:31:33+00:00\",\"description\":\"Hairpearl Crema Reveladora 6%: el oxidante perfecto para los tintes de cejas y pesta\u00f1as. Resultados suaves y uniformes en cada aplicaci\u00f3n. Ideal para profesionales.\",\"breadcrumb\":{\"@id\":\"https:\/\/cocohouseofbeauty.com\/es\/producto\/hairpearl-crema-reveladora-6\/#breadcrumb\"},\"inLanguage\":\"es\",\"potentialAction\":[{\"@type\":\"ReadAction\",\"target\":[\"https:\/\/cocohouseofbeauty.com\/es\/producto\/hairpearl-crema-reveladora-6\/\"]}]},{\"@type\":\"ImageObject\",\"inLanguage\":\"es\",\"@id\":\"https:\/\/cocohouseofbeauty.com\/es\/producto\/hairpearl-crema-reveladora-6\/#primaryimage\",\"url\":\"https:\/\/cocohouseofbeauty.com\/wp-content\/uploads\/2025\/04\/Cream-Developer-Oxidant-6-percent-50ml-transparent.png\",\"contentUrl\":\"https:\/\/cocohouseofbeauty.com\/wp-content\/uploads\/2025\/04\/Cream-Developer-Oxidant-6-percent-50ml-transparent.png\",\"width\":4000,\"height\":4800},{\"@type\":\"BreadcrumbList\",\"@id\":\"https:\/\/cocohouseofbeauty.com\/es\/producto\/hairpearl-crema-reveladora-6\/#breadcrumb\",\"itemListElement\":[{\"@type\":\"ListItem\",\"position\":1,\"name\":\"Home\",\"item\":\"https:\/\/cocohouseofbeauty.com\/es\/\"},{\"@type\":\"ListItem\",\"position\":2,\"name\":\"Tienda\",\"item\":\"https:\/\/cocohouseofbeauty.com\/es\/tienda\/\"},{\"@type\":\"ListItem\",\"position\":3,\"name\":\"Hairpearl | Crema reveladora 6%.\"}]},{\"@type\":\"WebSite\",\"@id\":\"https:\/\/cocohouseofbeauty.com\/es\/#website\",\"url\":\"https:\/\/cocohouseofbeauty.com\/es\/\",\"name\":\"Coco House of Beauty\",\"description\":\"Your beauty partner for exclusive lash &amp; brow brands\",\"publisher\":{\"@id\":\"https:\/\/cocohouseofbeauty.com\/es\/#organization\"},\"potentialAction\":[{\"@type\":\"SearchAction\",\"target\":{\"@type\":\"EntryPoint\",\"urlTemplate\":\"https:\/\/cocohouseofbeauty.com\/es\/?s={search_term_string}\"},\"query-input\":{\"@type\":\"PropertyValueSpecification\",\"valueRequired\":true,\"valueName\":\"search_term_string\"}}],\"inLanguage\":\"es\"},{\"@type\":\"Organization\",\"@id\":\"https:\/\/cocohouseofbeauty.com\/es\/#organization\",\"name\":\"Coco House of Beauty\",\"url\":\"https:\/\/cocohouseofbeauty.com\/es\/\",\"logo\":{\"@type\":\"ImageObject\",\"inLanguage\":\"es\",\"@id\":\"https:\/\/cocohouseofbeauty.com\/es\/#\/schema\/logo\/image\/\",\"url\":\"https:\/\/cocohouseofbeauty.com\/wp-content\/uploads\/2024\/03\/cropped-coco-logo-zonder-estb.png\",\"contentUrl\":\"https:\/\/cocohouseofbeauty.com\/wp-content\/uploads\/2024\/03\/cropped-coco-logo-zonder-estb.png\",\"width\":1532,\"height\":612,\"caption\":\"Coco House of Beauty\"},\"image\":{\"@id\":\"https:\/\/cocohouseofbeauty.com\/es\/#\/schema\/logo\/image\/\"},\"sameAs\":[\"https:\/\/www.facebook.com\/groups\/388929390727436\/about\/\",\"https:\/\/www.instagram.com\/cocohouse.of.beauty\/\",\"https:\/\/www.tiktok.com\/@cocohouseofbeauty\"],\"foundingDate\":\"2024-04-05\",\"numberOfEmployees\":{\"@type\":\"QuantitativeValue\",\"minValue\":\"11\",\"maxValue\":\"50\"}}]}<\/script>\n<meta property=\"og:availability\" content=\"instock\" \/>\n<meta property=\"product:availability\" content=\"instock\" \/>\n<meta property=\"product:condition\" content=\"new\" \/>\n<!-- \/ Yoast SEO Premium plugin. -->","yoast_head_json":{"title":"Hairpearl - Crema Reveladora 6% - SIN PPD","description":"Hairpearl Crema Reveladora 6%: el oxidante perfecto para los tintes de cejas y pesta\u00f1as. Resultados suaves y uniformes en cada aplicaci\u00f3n. Ideal para profesionales.","robots":{"index":"index","follow":"follow","max-snippet":"max-snippet:-1","max-image-preview":"max-image-preview:large","max-video-preview":"max-video-preview:-1"},"canonical":"https:\/\/cocohouseofbeauty.com\/es\/producto\/hairpearl-crema-reveladora-6\/","og_locale":"es_ES","og_type":"article","og_title":"Hairpearl | Crema reveladora 6%.","og_description":"Hairpearl Crema Reveladora 6%: el oxidante perfecto para los tintes de cejas y pesta\u00f1as. Resultados suaves y uniformes en cada aplicaci\u00f3n. Ideal para profesionales.","og_url":"https:\/\/cocohouseofbeauty.com\/es\/producto\/hairpearl-crema-reveladora-6\/","og_site_name":"Coco House of Beauty","article_publisher":"https:\/\/www.facebook.com\/groups\/388929390727436\/about\/","article_modified_time":"2025-07-23T11:31:33+00:00","og_image":[{"width":853,"height":1024,"url":"https:\/\/cocohouseofbeauty.com\/wp-content\/uploads\/2025\/04\/Cream-Developer-Oxidant-6-percent-50ml-transparent-853x1024.png","type":"image\/png"}],"twitter_card":"summary_large_image","twitter_misc":{"Disponibilidad":"Disponible"},"schema":{"@context":"https:\/\/schema.org","@graph":[{"@type":"WebPage","@id":"https:\/\/cocohouseofbeauty.com\/es\/producto\/hairpearl-crema-reveladora-6\/","url":"https:\/\/cocohouseofbeauty.com\/es\/producto\/hairpearl-crema-reveladora-6\/","name":"Hairpearl - Crema Reveladora 6% - SIN PPD","isPartOf":{"@id":"https:\/\/cocohouseofbeauty.com\/es\/#website"},"primaryImageOfPage":{"@id":"https:\/\/cocohouseofbeauty.com\/es\/producto\/hairpearl-crema-reveladora-6\/#primaryimage"},"image":{"@id":"https:\/\/cocohouseofbeauty.com\/es\/producto\/hairpearl-crema-reveladora-6\/#primaryimage"},"thumbnailUrl":"https:\/\/cocohouseofbeauty.com\/wp-content\/uploads\/2025\/04\/Cream-Developer-Oxidant-6-percent-50ml-transparent.png","datePublished":"2025-04-11T07:09:59+00:00","dateModified":"2025-07-23T11:31:33+00:00","description":"Hairpearl Crema Reveladora 6%: el oxidante perfecto para los tintes de cejas y pesta\u00f1as. Resultados suaves y uniformes en cada aplicaci\u00f3n. Ideal para profesionales.","breadcrumb":{"@id":"https:\/\/cocohouseofbeauty.com\/es\/producto\/hairpearl-crema-reveladora-6\/#breadcrumb"},"inLanguage":"es","potentialAction":[{"@type":"ReadAction","target":["https:\/\/cocohouseofbeauty.com\/es\/producto\/hairpearl-crema-reveladora-6\/"]}]},{"@type":"ImageObject","inLanguage":"es","@id":"https:\/\/cocohouseofbeauty.com\/es\/producto\/hairpearl-crema-reveladora-6\/#primaryimage","url":"https:\/\/cocohouseofbeauty.com\/wp-content\/uploads\/2025\/04\/Cream-Developer-Oxidant-6-percent-50ml-transparent.png","contentUrl":"https:\/\/cocohouseofbeauty.com\/wp-content\/uploads\/2025\/04\/Cream-Developer-Oxidant-6-percent-50ml-transparent.png","width":4000,"height":4800},{"@type":"BreadcrumbList","@id":"https:\/\/cocohouseofbeauty.com\/es\/producto\/hairpearl-crema-reveladora-6\/#breadcrumb","itemListElement":[{"@type":"ListItem","position":1,"name":"Home","item":"https:\/\/cocohouseofbeauty.com\/es\/"},{"@type":"ListItem","position":2,"name":"Tienda","item":"https:\/\/cocohouseofbeauty.com\/es\/tienda\/"},{"@type":"ListItem","position":3,"name":"Hairpearl | Crema reveladora 6%."}]},{"@type":"WebSite","@id":"https:\/\/cocohouseofbeauty.com\/es\/#website","url":"https:\/\/cocohouseofbeauty.com\/es\/","name":"Coco House of Beauty","description":"Your beauty partner for exclusive lash &amp; brow brands","publisher":{"@id":"https:\/\/cocohouseofbeauty.com\/es\/#organization"},"potentialAction":[{"@type":"SearchAction","target":{"@type":"EntryPoint","urlTemplate":"https:\/\/cocohouseofbeauty.com\/es\/?s={search_term_string}"},"query-input":{"@type":"PropertyValueSpecification","valueRequired":true,"valueName":"search_term_string"}}],"inLanguage":"es"},{"@type":"Organization","@id":"https:\/\/cocohouseofbeauty.com\/es\/#organization","name":"Coco House of Beauty","url":"https:\/\/cocohouseofbeauty.com\/es\/","logo":{"@type":"ImageObject","inLanguage":"es","@id":"https:\/\/cocohouseofbeauty.com\/es\/#\/schema\/logo\/image\/","url":"https:\/\/cocohouseofbeauty.com\/wp-content\/uploads\/2024\/03\/cropped-coco-logo-zonder-estb.png","contentUrl":"https:\/\/cocohouseofbeauty.com\/wp-content\/uploads\/2024\/03\/cropped-coco-logo-zonder-estb.png","width":1532,"height":612,"caption":"Coco House of Beauty"},"image":{"@id":"https:\/\/cocohouseofbeauty.com\/es\/#\/schema\/logo\/image\/"},"sameAs":["https:\/\/www.facebook.com\/groups\/388929390727436\/about\/","https:\/\/www.instagram.com\/cocohouse.of.beauty\/","https:\/\/www.tiktok.com\/@cocohouseofbeauty"],"foundingDate":"2024-04-05","numberOfEmployees":{"@type":"QuantitativeValue","minValue":"11","maxValue":"50"}}]},"og_availability":"instock","product_availability":"instock","product_condition":"new"},"taxonomy_info":{"product_brand":[{"value":1657,"label":"Hairpearl"}],"product_cat":[{"value":1658,"label":"Hairpearl - Tinte sin PPD"},{"value":2107,"label":"Tinte"}],"product_tag":[{"value":541,"label":"cocohouseofbeauty"},{"value":495,"label":"frente"},{"value":2793,"label":"perla del pelo"},{"value":564,"label":"pesta\u00f1a"},{"value":2792,"label":"ppd libre"},{"value":486,"label":"tinte"}]},"featured_image_src_large":["https:\/\/cocohouseofbeauty.com\/wp-content\/uploads\/2025\/04\/Cream-Developer-Oxidant-6-percent-50ml-transparent-853x1024.png",853,1024,true],"author_info":[],"comment_info":0,"jetpack_sharing_enabled":true,"_links":{"self":[{"href":"https:\/\/cocohouseofbeauty.com\/es\/wp-json\/wp\/v2\/product\/19097","targetHints":{"allow":["GET"]}}],"collection":[{"href":"https:\/\/cocohouseofbeauty.com\/es\/wp-json\/wp\/v2\/product"}],"about":[{"href":"https:\/\/cocohouseofbeauty.com\/es\/wp-json\/wp\/v2\/types\/product"}],"replies":[{"embeddable":true,"href":"https:\/\/cocohouseofbeauty.com\/es\/wp-json\/wp\/v2\/comments?post=19097"}],"wp:featuredmedia":[{"embeddable":true,"href":"https:\/\/cocohouseofbeauty.com\/es\/wp-json\/wp\/v2\/media\/18864"}],"wp:attachment":[{"href":"https:\/\/cocohouseofbeauty.com\/es\/wp-json\/wp\/v2\/media?parent=19097"}],"wp:term":[{"taxonomy":"product_brand","embeddable":true,"href":"https:\/\/cocohouseofbeauty.com\/es\/wp-json\/wp\/v2\/product_brand?post=19097"},{"taxonomy":"product_cat","embeddable":true,"href":"https:\/\/cocohouseofbeauty.com\/es\/wp-json\/wp\/v2\/product_cat?post=19097"},{"taxonomy":"product_tag","embeddable":true,"href":"https:\/\/cocohouseofbeauty.com\/es\/wp-json\/wp\/v2\/product_tag?post=19097"}],"curies":[{"name":"wp","href":"https:\/\/api.w.org\/{rel}","templated":true}]}}