{"id":19083,"date":"2025-04-11T08:32:31","date_gmt":"2025-04-11T06:32:31","guid":{"rendered":"https:\/\/cocohouseofbeauty.com\/product\/suero-growth-biosmetico\/"},"modified":"2025-11-26T14:29:33","modified_gmt":"2025-11-26T12:29:33","slug":"suero-growth-biosmetico","status":"publish","type":"product","link":"https:\/\/cocohouseofbeauty.com\/es\/producto\/suero-growth-biosmetico\/","title":{"rendered":"Suero GROWTH biosm\u00e9tico"},"content":{"rendered":"<p class=\"ai-optimize-42 ai-optimize-introduction\" data-start=\"942\" data-end=\"1003\"><strong data-start=\"945\" data-end=\"959\">C\u00f3mo utilizarlo<\/strong><br data-start=\"959\" data-end=\"962\">Util\u00edzalo una vez al d\u00eda, idealmente por la noche:<\/p>\n<ol data-start=\"1004\" data-end=\"1313\">\n<li class=\"ai-optimize-43\" data-start=\"1004\" data-end=\"1077\">\n<p class=\"ai-optimize-44\" data-start=\"1007\" data-end=\"1077\">Limpia bien la zona con la Espuma de Champ\u00fa para Pesta\u00f1as y Cejas Hairpearl.<\/p>\n<\/li>\n<li class=\"ai-optimize-45\" data-start=\"1078\" data-end=\"1128\">\n<p class=\"ai-optimize-46\" data-start=\"1081\" data-end=\"1128\">Aseg\u00farate de que las pesta\u00f1as o las cejas est\u00e9n completamente secas.<\/p>\n<\/li>\n<li class=\"ai-optimize-47\" data-start=\"1129\" data-end=\"1252\">\n<p class=\"ai-optimize-48\" data-start=\"1132\" data-end=\"1252\">Con el aplicador, aplica una <strong data-start=\"1162\" data-end=\"1178\">peque\u00f1a<\/strong> cantidad de suero en la l\u00ednea superior de las pesta\u00f1as (como si fuera un delineador) o a lo largo de la l\u00ednea de las cejas.<\/p>\n<\/li>\n<li class=\"ai-optimize-49\" data-start=\"1253\" data-end=\"1313\">\n<p class=\"ai-optimize-50\" data-start=\"1256\" data-end=\"1313\">Espera a que se absorba completamente antes de aplicar otros productos.<\/p>\n<\/li>\n<li class=\"ai-optimize-51\" data-start=\"1253\" data-end=\"1313\"><strong>RTP aconsejado: 59,95<\/strong><\/li>\n<\/ol>\n<p class=\"ai-optimize-52\" data-start=\"1315\" data-end=\"1420\"><strong>Consejo:<\/strong> Un poco da para mucho, la cantidad que se adhiere naturalmente al pincel es suficiente para los dos ojos.<\/p>\n<p class=\"ai-optimize-53\" data-start=\"1422\" data-end=\"1556\"><strong data-start=\"1425\" data-end=\"1439\">Importante:<\/strong><br data-start=\"1439\" data-end=\"1442\">Antes de utilizarlo, consulta la normativa local sobre salud y seguridad del consumidor. Lee siempre atentamente el prospecto adjunto.<\/p>\n<p class=\"ai-optimize-54\" data-start=\"1558\" data-end=\"1683\"><strong data-start=\"1561\" data-end=\"1585\">Instrucciones de almacenamiento<\/strong><br data-start=\"1585\" data-end=\"1588\">Conservar en el envase original, en un lugar seco y a temperatura ambiente. Mantener fuera del alcance de los ni\u00f1os.<\/p>\n<p class=\"ai-optimize-55\" data-start=\"1558\" data-end=\"1683\"><strong><a href=\"https:\/\/www.hairpearl.com\/wp-content\/uploads\/2020\/09\/2020-07-22-Leaflet-GROWTH-page-1-DE-FR-EN-NO-PDFX-3.pdf\" target=\"_blank\" rel=\"noopener\">Descargar folleto<\/a><\/strong><\/p>\n<p class=\"ai-optimize-56\" data-start=\"1558\" data-end=\"1683\"><strong>Ingredientes:<\/strong> Agua, butilenglicol, glicerina, extracto de flores de Chamomilla Recutitia, pantenol, PVP, hidroxietilcelulosa, sorbato de potasio, cafe\u00edna, biotina, hialuronato de sodio, \u00e1cido benzoico, \u00e1cido deshidroac\u00e9tico, cloprostenato de isopropilo.<\/p>\n","protected":false},"excerpt":{"rendered":"<p class=\"ai-optimize-28\" data-start=\"241\" data-end=\"409\">\u00bfListo para atraer todas las miradas? Descubre el poder <strong data-start=\"284\" data-end=\"311\">del Suero GROWTH de Biosm\u00e9tica<\/strong>: la soluci\u00f3n definitiva para unas cejas y pesta\u00f1as naturalmente m\u00e1s pobladas, largas y voluminosas. <\/p>\n<p class=\"ai-optimize-29\" data-start=\"411\" data-end=\"700\">Formulado por Biosmetics, este suero cosm\u00e9tico avanzado est\u00e1 dise\u00f1ado para <strong data-start=\"481\" data-end=\"519\">estimular el ciclo de crecimiento natural<\/strong> de tu cabello. Al nutrir las ra\u00edces y prolongar la fase de crecimiento, GROWTH ayuda a mejorar la longitud, densidad y fuerza tanto de las pesta\u00f1as como de las cejas, y todo ello en tan s\u00f3lo 20 d\u00edas.<\/p>\n<p class=\"ai-optimize-30\" data-start=\"702\" data-end=\"723\"><strong data-start=\"705\" data-end=\"721\">Beneficios clave<\/strong><\/p>\n<ul data-start=\"724\" data-end=\"940\">\n<li class=\"ai-optimize-31\" data-start=\"724\" data-end=\"759\">\n<p class=\"ai-optimize-32\" data-start=\"726\" data-end=\"759\">Resultados visibles en s\u00f3lo 20 d\u00edas<\/p>\n<\/li>\n<li class=\"ai-optimize-33\" data-start=\"760\" data-end=\"790\">\n<p class=\"ai-optimize-34\" data-start=\"762\" data-end=\"790\">Estimula el crecimiento natural del cabello<\/p>\n<\/li>\n<li class=\"ai-optimize-35\" data-start=\"791\" data-end=\"849\">\n<p class=\"ai-optimize-36\" data-start=\"793\" data-end=\"849\">Aumenta la longitud, el grosor y la plenitud de las pesta\u00f1as y las cejas<\/p>\n<\/li>\n<li class=\"ai-optimize-37\" data-start=\"850\" data-end=\"893\">\n<p class=\"ai-optimize-38\" data-start=\"852\" data-end=\"893\">Retrasa la ca\u00edda del cabello fortaleciendo las ra\u00edces<\/p>\n<\/li>\n<li class=\"ai-optimize-39\" data-start=\"894\" data-end=\"940\">\n<p class=\"ai-optimize-40\" data-start=\"896\" data-end=\"940\">Ideal tanto para uso profesional como personal<\/p>\n<\/li>\n<\/ul>\n","protected":false},"featured_media":18962,"comment_status":"open","ping_status":"closed","template":"","meta":{"_kad_blocks_custom_css":"","_kad_blocks_head_custom_js":"","_kad_blocks_body_custom_js":"","_kad_blocks_footer_custom_js":"","_kadence_starter_templates_imported_post":false,"_kad_post_transparent":"default","_kad_post_title":"","_kad_post_layout":"default","_kad_post_sidebar_id":"","_kad_post_content_style":"default","_kad_post_vertical_padding":"default","_kad_post_feature":"","_kad_post_feature_position":"","_kad_post_header":false,"_kad_post_footer":false,"_kad_post_classname":""},"product_brand":[1657],"product_cat":[161,1658,219,2131,2154,4992],"product_tag":[483,1934,1888],"class_list":{"0":"post-19083","1":"product","2":"type-product","3":"status-publish","4":"has-post-thumbnail","6":"product_brand-hairpearl-the-ppd-free-eyebrow-tint","7":"product_cat-care-es","8":"product_cat-hairpearl-tinte-sin-ppd","9":"product_cat-intensive-es-2","10":"product_cat-maquillaje","11":"product_cat-para-pestanas","12":"product_cat-venta-al-por-menor","13":"product_tag-pestanas","14":"product_tag-suero","15":"product_tag-suero-de-crecimiento","17":"first","18":"instock","19":"taxable","20":"shipping-taxable","21":"purchasable","22":"product-type-simple","23":"entry","24":"content-bg","25":"loop-entry"},"yoast_head":"<!-- This site is optimized with the Yoast SEO Premium plugin v27.2 (Yoast SEO v27.2) - https:\/\/yoast.com\/product\/yoast-seo-premium-wordpress\/ -->\n<title>Suero GROWTH biosm\u00e9tico - Coco House of Beauty<\/title>\n<meta name=\"description\" content=\"\u00a1Descubre el secreto de la belleza duradera con el Suero Crecimiento Biosm\u00e9tico! S\u00f3lo una peque\u00f1a cantidad diaria realzar\u00e1 tus pesta\u00f1as y cejas. Comprar ahora\" \/>\n<meta name=\"robots\" content=\"index, follow, max-snippet:-1, max-image-preview:large, max-video-preview:-1\" \/>\n<link rel=\"canonical\" href=\"https:\/\/cocohouseofbeauty.com\/es\/producto\/suero-growth-biosmetico\/\" \/>\n<meta property=\"og:locale\" content=\"es_ES\" \/>\n<meta property=\"og:type\" content=\"article\" \/>\n<meta property=\"og:title\" content=\"Suero GROWTH biosm\u00e9tico\" \/>\n<meta property=\"og:description\" content=\"\u00a1Descubre el secreto de la belleza duradera con el Suero Crecimiento Biosm\u00e9tico! S\u00f3lo una peque\u00f1a cantidad diaria realzar\u00e1 tus pesta\u00f1as y cejas. Comprar ahora\" \/>\n<meta property=\"og:url\" content=\"https:\/\/cocohouseofbeauty.com\/es\/producto\/suero-growth-biosmetico\/\" \/>\n<meta property=\"og:site_name\" content=\"Coco House of Beauty\" \/>\n<meta property=\"article:publisher\" content=\"https:\/\/www.facebook.com\/groups\/388929390727436\/about\/\" \/>\n<meta property=\"article:modified_time\" content=\"2025-11-26T12:29:33+00:00\" \/>\n<meta property=\"og:image\" content=\"https:\/\/cocohouseofbeauty.com\/wp-content\/uploads\/2025\/04\/BIOSMETICS-Growth-serum-1024x1024.png\" \/>\n\t<meta property=\"og:image:width\" content=\"1024\" \/>\n\t<meta property=\"og:image:height\" content=\"1024\" \/>\n\t<meta property=\"og:image:type\" content=\"image\/png\" \/>\n<meta name=\"twitter:card\" content=\"summary_large_image\" \/>\n<meta name=\"twitter:label1\" content=\"Precio\" \/>\n\t<meta name=\"twitter:data1\" content=\"&euro;&nbsp;37,95\" \/>\n\t<meta name=\"twitter:label2\" content=\"Disponibilidad\" \/>\n\t<meta name=\"twitter:data2\" content=\"Disponible\" \/>\n<script type=\"application\/ld+json\" class=\"yoast-schema-graph\">{\"@context\":\"https:\/\/schema.org\",\"@graph\":[{\"@type\":\"WebPage\",\"@id\":\"https:\/\/cocohouseofbeauty.com\/es\/producto\/suero-growth-biosmetico\/\",\"url\":\"https:\/\/cocohouseofbeauty.com\/es\/producto\/suero-growth-biosmetico\/\",\"name\":\"Suero GROWTH biosm\u00e9tico - Coco House of Beauty\",\"isPartOf\":{\"@id\":\"https:\/\/cocohouseofbeauty.com\/es\/#website\"},\"primaryImageOfPage\":{\"@id\":\"https:\/\/cocohouseofbeauty.com\/es\/producto\/suero-growth-biosmetico\/#primaryimage\"},\"image\":{\"@id\":\"https:\/\/cocohouseofbeauty.com\/es\/producto\/suero-growth-biosmetico\/#primaryimage\"},\"thumbnailUrl\":\"https:\/\/cocohouseofbeauty.com\/wp-content\/uploads\/2025\/04\/BIOSMETICS-Growth-serum.png\",\"datePublished\":\"2025-04-11T06:32:31+00:00\",\"dateModified\":\"2025-11-26T12:29:33+00:00\",\"description\":\"\u00a1Descubre el secreto de la belleza duradera con el Suero Crecimiento Biosm\u00e9tico! S\u00f3lo una peque\u00f1a cantidad diaria realzar\u00e1 tus pesta\u00f1as y cejas. Comprar ahora\",\"breadcrumb\":{\"@id\":\"https:\/\/cocohouseofbeauty.com\/es\/producto\/suero-growth-biosmetico\/#breadcrumb\"},\"inLanguage\":\"es\",\"potentialAction\":[{\"@type\":\"ReadAction\",\"target\":[\"https:\/\/cocohouseofbeauty.com\/es\/producto\/suero-growth-biosmetico\/\"]}]},{\"@type\":\"ImageObject\",\"inLanguage\":\"es\",\"@id\":\"https:\/\/cocohouseofbeauty.com\/es\/producto\/suero-growth-biosmetico\/#primaryimage\",\"url\":\"https:\/\/cocohouseofbeauty.com\/wp-content\/uploads\/2025\/04\/BIOSMETICS-Growth-serum.png\",\"contentUrl\":\"https:\/\/cocohouseofbeauty.com\/wp-content\/uploads\/2025\/04\/BIOSMETICS-Growth-serum.png\",\"width\":4000,\"height\":4000},{\"@type\":\"BreadcrumbList\",\"@id\":\"https:\/\/cocohouseofbeauty.com\/es\/producto\/suero-growth-biosmetico\/#breadcrumb\",\"itemListElement\":[{\"@type\":\"ListItem\",\"position\":1,\"name\":\"Home\",\"item\":\"https:\/\/cocohouseofbeauty.com\/es\/\"},{\"@type\":\"ListItem\",\"position\":2,\"name\":\"Tienda\",\"item\":\"https:\/\/cocohouseofbeauty.com\/es\/tienda\/\"},{\"@type\":\"ListItem\",\"position\":3,\"name\":\"Suero GROWTH biosm\u00e9tico\"}]},{\"@type\":\"WebSite\",\"@id\":\"https:\/\/cocohouseofbeauty.com\/es\/#website\",\"url\":\"https:\/\/cocohouseofbeauty.com\/es\/\",\"name\":\"Coco House of Beauty\",\"description\":\"Your beauty partner for exclusive lash &amp; brow brands\",\"publisher\":{\"@id\":\"https:\/\/cocohouseofbeauty.com\/es\/#organization\"},\"potentialAction\":[{\"@type\":\"SearchAction\",\"target\":{\"@type\":\"EntryPoint\",\"urlTemplate\":\"https:\/\/cocohouseofbeauty.com\/es\/?s={search_term_string}\"},\"query-input\":{\"@type\":\"PropertyValueSpecification\",\"valueRequired\":true,\"valueName\":\"search_term_string\"}}],\"inLanguage\":\"es\"},{\"@type\":\"Organization\",\"@id\":\"https:\/\/cocohouseofbeauty.com\/es\/#organization\",\"name\":\"Coco House of Beauty\",\"url\":\"https:\/\/cocohouseofbeauty.com\/es\/\",\"logo\":{\"@type\":\"ImageObject\",\"inLanguage\":\"es\",\"@id\":\"https:\/\/cocohouseofbeauty.com\/es\/#\/schema\/logo\/image\/\",\"url\":\"https:\/\/cocohouseofbeauty.com\/wp-content\/uploads\/2024\/03\/cropped-coco-logo-zonder-estb.png\",\"contentUrl\":\"https:\/\/cocohouseofbeauty.com\/wp-content\/uploads\/2024\/03\/cropped-coco-logo-zonder-estb.png\",\"width\":1532,\"height\":612,\"caption\":\"Coco House of Beauty\"},\"image\":{\"@id\":\"https:\/\/cocohouseofbeauty.com\/es\/#\/schema\/logo\/image\/\"},\"sameAs\":[\"https:\/\/www.facebook.com\/groups\/388929390727436\/about\/\",\"https:\/\/www.instagram.com\/cocohouse.of.beauty\/\",\"https:\/\/www.tiktok.com\/@cocohouseofbeauty\"],\"foundingDate\":\"2024-04-05\",\"numberOfEmployees\":{\"@type\":\"QuantitativeValue\",\"minValue\":\"11\",\"maxValue\":\"50\"}}]}<\/script>\n<meta property=\"product:price:amount\" content=\"37.95\" \/>\n<meta property=\"product:price:currency\" content=\"EUR\" \/>\n<meta property=\"og:availability\" content=\"instock\" \/>\n<meta property=\"product:availability\" content=\"instock\" \/>\n<meta property=\"product:retailer_item_id\" content=\"COCO-2391\" \/>\n<meta property=\"product:condition\" content=\"new\" \/>\n<!-- \/ Yoast SEO Premium plugin. -->","yoast_head_json":{"title":"Suero GROWTH biosm\u00e9tico - Coco House of Beauty","description":"\u00a1Descubre el secreto de la belleza duradera con el Suero Crecimiento Biosm\u00e9tico! S\u00f3lo una peque\u00f1a cantidad diaria realzar\u00e1 tus pesta\u00f1as y cejas. Comprar ahora","robots":{"index":"index","follow":"follow","max-snippet":"max-snippet:-1","max-image-preview":"max-image-preview:large","max-video-preview":"max-video-preview:-1"},"canonical":"https:\/\/cocohouseofbeauty.com\/es\/producto\/suero-growth-biosmetico\/","og_locale":"es_ES","og_type":"article","og_title":"Suero GROWTH biosm\u00e9tico","og_description":"\u00a1Descubre el secreto de la belleza duradera con el Suero Crecimiento Biosm\u00e9tico! S\u00f3lo una peque\u00f1a cantidad diaria realzar\u00e1 tus pesta\u00f1as y cejas. Comprar ahora","og_url":"https:\/\/cocohouseofbeauty.com\/es\/producto\/suero-growth-biosmetico\/","og_site_name":"Coco House of Beauty","article_publisher":"https:\/\/www.facebook.com\/groups\/388929390727436\/about\/","article_modified_time":"2025-11-26T12:29:33+00:00","og_image":[{"width":1024,"height":1024,"url":"https:\/\/cocohouseofbeauty.com\/wp-content\/uploads\/2025\/04\/BIOSMETICS-Growth-serum-1024x1024.png","type":"image\/png"}],"twitter_card":"summary_large_image","twitter_misc":{"Precio":"&euro;&nbsp;37,95","Disponibilidad":"Disponible"},"schema":{"@context":"https:\/\/schema.org","@graph":[{"@type":"WebPage","@id":"https:\/\/cocohouseofbeauty.com\/es\/producto\/suero-growth-biosmetico\/","url":"https:\/\/cocohouseofbeauty.com\/es\/producto\/suero-growth-biosmetico\/","name":"Suero GROWTH biosm\u00e9tico - Coco House of Beauty","isPartOf":{"@id":"https:\/\/cocohouseofbeauty.com\/es\/#website"},"primaryImageOfPage":{"@id":"https:\/\/cocohouseofbeauty.com\/es\/producto\/suero-growth-biosmetico\/#primaryimage"},"image":{"@id":"https:\/\/cocohouseofbeauty.com\/es\/producto\/suero-growth-biosmetico\/#primaryimage"},"thumbnailUrl":"https:\/\/cocohouseofbeauty.com\/wp-content\/uploads\/2025\/04\/BIOSMETICS-Growth-serum.png","datePublished":"2025-04-11T06:32:31+00:00","dateModified":"2025-11-26T12:29:33+00:00","description":"\u00a1Descubre el secreto de la belleza duradera con el Suero Crecimiento Biosm\u00e9tico! S\u00f3lo una peque\u00f1a cantidad diaria realzar\u00e1 tus pesta\u00f1as y cejas. Comprar ahora","breadcrumb":{"@id":"https:\/\/cocohouseofbeauty.com\/es\/producto\/suero-growth-biosmetico\/#breadcrumb"},"inLanguage":"es","potentialAction":[{"@type":"ReadAction","target":["https:\/\/cocohouseofbeauty.com\/es\/producto\/suero-growth-biosmetico\/"]}]},{"@type":"ImageObject","inLanguage":"es","@id":"https:\/\/cocohouseofbeauty.com\/es\/producto\/suero-growth-biosmetico\/#primaryimage","url":"https:\/\/cocohouseofbeauty.com\/wp-content\/uploads\/2025\/04\/BIOSMETICS-Growth-serum.png","contentUrl":"https:\/\/cocohouseofbeauty.com\/wp-content\/uploads\/2025\/04\/BIOSMETICS-Growth-serum.png","width":4000,"height":4000},{"@type":"BreadcrumbList","@id":"https:\/\/cocohouseofbeauty.com\/es\/producto\/suero-growth-biosmetico\/#breadcrumb","itemListElement":[{"@type":"ListItem","position":1,"name":"Home","item":"https:\/\/cocohouseofbeauty.com\/es\/"},{"@type":"ListItem","position":2,"name":"Tienda","item":"https:\/\/cocohouseofbeauty.com\/es\/tienda\/"},{"@type":"ListItem","position":3,"name":"Suero GROWTH biosm\u00e9tico"}]},{"@type":"WebSite","@id":"https:\/\/cocohouseofbeauty.com\/es\/#website","url":"https:\/\/cocohouseofbeauty.com\/es\/","name":"Coco House of Beauty","description":"Your beauty partner for exclusive lash &amp; brow brands","publisher":{"@id":"https:\/\/cocohouseofbeauty.com\/es\/#organization"},"potentialAction":[{"@type":"SearchAction","target":{"@type":"EntryPoint","urlTemplate":"https:\/\/cocohouseofbeauty.com\/es\/?s={search_term_string}"},"query-input":{"@type":"PropertyValueSpecification","valueRequired":true,"valueName":"search_term_string"}}],"inLanguage":"es"},{"@type":"Organization","@id":"https:\/\/cocohouseofbeauty.com\/es\/#organization","name":"Coco House of Beauty","url":"https:\/\/cocohouseofbeauty.com\/es\/","logo":{"@type":"ImageObject","inLanguage":"es","@id":"https:\/\/cocohouseofbeauty.com\/es\/#\/schema\/logo\/image\/","url":"https:\/\/cocohouseofbeauty.com\/wp-content\/uploads\/2024\/03\/cropped-coco-logo-zonder-estb.png","contentUrl":"https:\/\/cocohouseofbeauty.com\/wp-content\/uploads\/2024\/03\/cropped-coco-logo-zonder-estb.png","width":1532,"height":612,"caption":"Coco House of Beauty"},"image":{"@id":"https:\/\/cocohouseofbeauty.com\/es\/#\/schema\/logo\/image\/"},"sameAs":["https:\/\/www.facebook.com\/groups\/388929390727436\/about\/","https:\/\/www.instagram.com\/cocohouse.of.beauty\/","https:\/\/www.tiktok.com\/@cocohouseofbeauty"],"foundingDate":"2024-04-05","numberOfEmployees":{"@type":"QuantitativeValue","minValue":"11","maxValue":"50"}}]},"product_price_amount":"37.95","product_price_currency":"EUR","og_availability":"instock","product_availability":"instock","product_retailer_item_id":"COCO-2391","product_condition":"new"},"taxonomy_info":{"product_brand":[{"value":1657,"label":"Hairpearl"}],"product_cat":[{"value":161,"label":"Care"},{"value":1658,"label":"Hairpearl - Tinte sin PPD"},{"value":219,"label":"Intensive"},{"value":2131,"label":"Maquillaje"},{"value":2154,"label":"Para pesta\u00f1as"},{"value":4992,"label":"Venta al por menor"}],"product_tag":[{"value":483,"label":"pesta\u00f1as"},{"value":1934,"label":"suero"},{"value":1888,"label":"suero de crecimiento"}]},"featured_image_src_large":["https:\/\/cocohouseofbeauty.com\/wp-content\/uploads\/2025\/04\/BIOSMETICS-Growth-serum-1024x1024.png",1024,1024,true],"author_info":[],"comment_info":0,"jetpack_sharing_enabled":true,"_links":{"self":[{"href":"https:\/\/cocohouseofbeauty.com\/es\/wp-json\/wp\/v2\/product\/19083","targetHints":{"allow":["GET"]}}],"collection":[{"href":"https:\/\/cocohouseofbeauty.com\/es\/wp-json\/wp\/v2\/product"}],"about":[{"href":"https:\/\/cocohouseofbeauty.com\/es\/wp-json\/wp\/v2\/types\/product"}],"replies":[{"embeddable":true,"href":"https:\/\/cocohouseofbeauty.com\/es\/wp-json\/wp\/v2\/comments?post=19083"}],"wp:featuredmedia":[{"embeddable":true,"href":"https:\/\/cocohouseofbeauty.com\/es\/wp-json\/wp\/v2\/media\/18962"}],"wp:attachment":[{"href":"https:\/\/cocohouseofbeauty.com\/es\/wp-json\/wp\/v2\/media?parent=19083"}],"wp:term":[{"taxonomy":"product_brand","embeddable":true,"href":"https:\/\/cocohouseofbeauty.com\/es\/wp-json\/wp\/v2\/product_brand?post=19083"},{"taxonomy":"product_cat","embeddable":true,"href":"https:\/\/cocohouseofbeauty.com\/es\/wp-json\/wp\/v2\/product_cat?post=19083"},{"taxonomy":"product_tag","embeddable":true,"href":"https:\/\/cocohouseofbeauty.com\/es\/wp-json\/wp\/v2\/product_tag?post=19083"}],"curies":[{"name":"wp","href":"https:\/\/api.w.org\/{rel}","templated":true}]}}