{"id":18620,"date":"2025-03-08T01:26:25","date_gmt":"2025-03-07T23:26:25","guid":{"rendered":"https:\/\/cocohouseofbeauty.com\/product\/kit-de-aceite-de-tratamiento-de-lujo-infinity-para-el-cuero-cabelludo\/"},"modified":"2025-11-25T13:26:28","modified_gmt":"2025-11-25T11:26:28","slug":"kit-de-aceite-de-tratamiento-de-lujo-infinity-para-el-cuero-cabelludo","status":"publish","type":"product","link":"https:\/\/cocohouseofbeauty.com\/es\/producto\/kit-de-aceite-de-tratamiento-de-lujo-infinity-para-el-cuero-cabelludo\/","title":{"rendered":"Kit de aceite de tratamiento de lujo Infinity para el cuero cabelludo"},"content":{"rendered":"<p>Kit de 5 aceites de 60 ml para utilizar junto con nuestra clase de cuero cabelludo<\/p>\n<ul>\n<li>piel escamosa y caspa&nbsp;<\/li>\n<li>de normal a sensible&nbsp;<\/li>\n<li>seco<\/li>\n<li>ca\u00edda del cabello<\/li>\n<li>aceitoso&nbsp;<\/li>\n<\/ul>\n<p>se suministra en una lujosa bolsa de transporte Infinity con relieve y un juego de pipetas para su aplicaci\u00f3n&nbsp;<\/p>\n<p>Fabricado en EE.UU.&nbsp;<\/p>\n<p>36 meses desde la apertura&nbsp;<\/p>\n","protected":false},"excerpt":{"rendered":"<p data-start=\"545\" data-end=\"586\"><strong data-start=\"545\" data-end=\"584\">KIT DE ACEITE SPA INFINITO PARA EL CUERO CABELLUDO (5\u00d760 ML)<\/strong><\/p>\n<p data-start=\"588\" data-end=\"833\">El <strong data-start=\"592\" data-end=\"631\">Kit de aceites de spa para el cuero cabelludo Infinity (5\u00d760 ml)<\/strong> ofrece una lujosa colecci\u00f3n de aceites de tratamiento creados para cada tipo de cuero cabelludo. Este kit profesional complementa nuestra clase para el cuero cabelludo y te ofrece una soluci\u00f3n completa para tratamientos de sal\u00f3n o rituales en casa.<\/p>\n<p data-start=\"835\" data-end=\"891\">Cada aceite de este kit se dirige a un problema espec\u00edfico del cuero cabelludo:<\/p>\n<ul data-start=\"892\" data-end=\"1229\">\n<li data-start=\"892\" data-end=\"960\">\n<p data-start=\"894\" data-end=\"960\"><strong data-start=\"894\" data-end=\"919\">Piel escamosa y caspa<\/strong> &#8211; reduce las escamas y restaura el confort.<\/p>\n<\/li>\n<li data-start=\"961\" data-end=\"1038\">\n<p data-start=\"963\" data-end=\"1038\"><strong data-start=\"963\" data-end=\"992\">Cuero cabelludo normal a sensible<\/strong>: calma la irritaci\u00f3n y mantiene el equilibrio.<\/p>\n<\/li>\n<li data-start=\"1039\" data-end=\"1098\">\n<p data-start=\"1041\" data-end=\"1098\"><strong data-start=\"1041\" data-end=\"1054\">Cuero cabelludo seco<\/strong>: hidrata en profundidad y nutre la piel.<\/p>\n<\/li>\n<li data-start=\"1099\" data-end=\"1157\">\n<p data-start=\"1101\" data-end=\"1157\"><strong data-start=\"1101\" data-end=\"1114\">Ca\u00edda del cabello<\/strong>: refuerza las ra\u00edces y favorece el crecimiento.<\/p>\n<\/li>\n<li data-start=\"1158\" data-end=\"1229\">\n<p data-start=\"1160\" data-end=\"1229\"><strong data-start=\"1160\" data-end=\"1174\">Cuero cabelludo graso<\/strong>: equilibra la producci\u00f3n de sebo para una sensaci\u00f3n de frescor y limpieza.<\/p>\n<\/li>\n<\/ul>\n<p data-start=\"1231\" data-end=\"1462\">Este kit incluye una <strong data-start=\"1251\" data-end=\"1280\">lujosa bolsa de transporte Infinity<\/strong> grabada con nuestro logotipo. Adem\u00e1s, recibir\u00e1s un juego de pipetas para una aplicaci\u00f3n precisa e higi\u00e9nica. El elegante dise\u00f1o mantiene tus productos seguros a la vez que los presenta con estilo.<\/p>\n<p data-start=\"1464\" data-end=\"1704\">Fabricamos estos aceites en <strong data-start=\"1490\" data-end=\"1497\">EE.UU.<\/strong> con ingredientes de alta calidad. Adem\u00e1s, se mantienen frescos hasta 36 meses despu\u00e9s de abrirlos, lo que proporciona valor a largo plazo. Como resultado, puedes confiar en la calidad profesional cada vez que los utilices.<\/p>\n<p data-start=\"1706\" data-end=\"1941\">El <strong data-start=\"1710\" data-end=\"1740\">Kit de aceite para el cuero cabelludo Infinity<\/strong> es perfecto para los profesionales de la belleza y los clientes que desean un cuidado eficaz del cuero cabelludo en casa. Por \u00faltimo, este conjunto compacto pero potente ayuda a mejorar la salud del cuero cabelludo y proporciona una lujosa experiencia tipo spa.<\/p>\n<p data-start=\"1943\" data-end=\"1977\"><strong data-start=\"1943\" data-end=\"1975\">Lo que nos gusta de este kit:<\/strong><\/p>\n<ul data-start=\"1978\" data-end=\"2184\">\n<li data-start=\"1978\" data-end=\"2017\">\n<p data-start=\"1980\" data-end=\"2017\">Cinco aceites para diferentes tipos de cuero cabelludo<\/p>\n<\/li>\n<li data-start=\"2018\" data-end=\"2068\">\n<p data-start=\"2020\" data-end=\"2068\">Bolsa de transporte Infinity de lujo con acabado en relieve<\/p>\n<\/li>\n<li data-start=\"2069\" data-end=\"2111\">\n<p data-start=\"2071\" data-end=\"2111\">Incluye pipetas para facilitar la aplicaci\u00f3n<\/p>\n<\/li>\n<li data-start=\"2112\" data-end=\"2156\">\n<p data-start=\"2114\" data-end=\"2156\">Fabricado en EE.UU. con ingredientes de primera calidad<\/p>\n<\/li>\n<li data-start=\"2157\" data-end=\"2184\">\n<p data-start=\"2159\" data-end=\"2184\">Caducidad de 36 meses<\/p>\n<\/li>\n<\/ul>\n<p data-start=\"2186\" data-end=\"2206\"><strong data-start=\"2186\" data-end=\"2194\">SKU:<\/strong> COCO-2367<\/p>\n","protected":false},"featured_media":17390,"comment_status":"open","ping_status":"closed","template":"","meta":{"_kad_blocks_custom_css":"","_kad_blocks_head_custom_js":"","_kad_blocks_body_custom_js":"","_kad_blocks_footer_custom_js":"","_kadence_starter_templates_imported_post":false,"_kad_post_transparent":"","_kad_post_title":"","_kad_post_layout":"","_kad_post_sidebar_id":"","_kad_post_content_style":"","_kad_post_vertical_padding":"","_kad_post_feature":"","_kad_post_feature_position":"","_kad_post_header":false,"_kad_post_footer":false,"_kad_post_classname":""},"product_brand":[3263],"product_cat":[161,2284,109,159],"product_tag":[],"class_list":{"0":"post-18620","1":"product","2":"type-product","3":"status-publish","4":"has-post-thumbnail","6":"product_brand-infinity-hybrid","7":"product_cat-care-es","8":"product_cat-cuidados-posteriores","9":"product_cat-formacion-y-cursos","10":"product_cat-infinity-hybrid-es","11":"product_shipping_class-paquete-pequeno","13":"first","14":"instock","15":"taxable","16":"shipping-taxable","17":"purchasable","18":"product-type-simple","19":"entry","20":"content-bg","21":"loop-entry"},"yoast_head":"<!-- This site is optimized with the Yoast SEO Premium plugin v27.2 (Yoast SEO v27.2) - https:\/\/yoast.com\/product\/yoast-seo-premium-wordpress\/ -->\n<title>Kit de aceite de tratamiento de lujo Infinity para el cuero cabelludo - Coco House of Beauty<\/title>\n<meta name=\"description\" content=\"Revitaliza tu cabello con el Kit de Aceite de Tratamiento Spa para el Cuero Cabelludo Infinity Luxury, que incluye cinco aceites nutritivos en una bolsa de transporte de primera calidad. \u00a1Pide el tuyo hoy mismo!\" \/>\n<meta name=\"robots\" content=\"index, follow, max-snippet:-1, max-image-preview:large, max-video-preview:-1\" \/>\n<link rel=\"canonical\" href=\"https:\/\/cocohouseofbeauty.com\/es\/producto\/kit-de-aceite-de-tratamiento-de-lujo-infinity-para-el-cuero-cabelludo\/\" \/>\n<meta property=\"og:locale\" content=\"es_ES\" \/>\n<meta property=\"og:type\" content=\"article\" \/>\n<meta property=\"og:title\" content=\"Kit de aceite de tratamiento de lujo Infinity para el cuero cabelludo\" \/>\n<meta property=\"og:description\" content=\"Revitaliza tu cabello con el Kit de Aceite de Tratamiento Spa para el Cuero Cabelludo Infinity Luxury, que incluye cinco aceites nutritivos en una bolsa de transporte de primera calidad. \u00a1Pide el tuyo hoy mismo!\" \/>\n<meta property=\"og:url\" content=\"https:\/\/cocohouseofbeauty.com\/es\/producto\/kit-de-aceite-de-tratamiento-de-lujo-infinity-para-el-cuero-cabelludo\/\" \/>\n<meta property=\"og:site_name\" content=\"Coco House of Beauty\" \/>\n<meta property=\"article:publisher\" content=\"https:\/\/www.facebook.com\/groups\/388929390727436\/about\/\" \/>\n<meta property=\"article:modified_time\" content=\"2025-11-25T11:26:28+00:00\" \/>\n<meta property=\"og:image\" content=\"https:\/\/cocohouseofbeauty.com\/wp-content\/uploads\/2025\/03\/img_4141.jpeg\" \/>\n\t<meta property=\"og:image:width\" content=\"1500\" \/>\n\t<meta property=\"og:image:height\" content=\"1080\" \/>\n\t<meta property=\"og:image:type\" content=\"image\/jpeg\" \/>\n<meta name=\"twitter:card\" content=\"summary_large_image\" \/>\n<meta name=\"twitter:label1\" content=\"Precio\" \/>\n\t<meta name=\"twitter:data1\" content=\"&euro;&nbsp;75,00\" \/>\n\t<meta name=\"twitter:label2\" content=\"Disponibilidad\" \/>\n\t<meta name=\"twitter:data2\" content=\"Disponible\" \/>\n<script type=\"application\/ld+json\" class=\"yoast-schema-graph\">{\"@context\":\"https:\/\/schema.org\",\"@graph\":[{\"@type\":\"WebPage\",\"@id\":\"https:\/\/cocohouseofbeauty.com\/es\/producto\/kit-de-aceite-de-tratamiento-de-lujo-infinity-para-el-cuero-cabelludo\/\",\"url\":\"https:\/\/cocohouseofbeauty.com\/es\/producto\/kit-de-aceite-de-tratamiento-de-lujo-infinity-para-el-cuero-cabelludo\/\",\"name\":\"Kit de aceite de tratamiento de lujo Infinity para el cuero cabelludo - Coco House of Beauty\",\"isPartOf\":{\"@id\":\"https:\/\/cocohouseofbeauty.com\/es\/#website\"},\"primaryImageOfPage\":{\"@id\":\"https:\/\/cocohouseofbeauty.com\/es\/producto\/kit-de-aceite-de-tratamiento-de-lujo-infinity-para-el-cuero-cabelludo\/#primaryimage\"},\"image\":{\"@id\":\"https:\/\/cocohouseofbeauty.com\/es\/producto\/kit-de-aceite-de-tratamiento-de-lujo-infinity-para-el-cuero-cabelludo\/#primaryimage\"},\"thumbnailUrl\":\"https:\/\/cocohouseofbeauty.com\/wp-content\/uploads\/2025\/03\/img_4141.jpeg\",\"datePublished\":\"2025-03-07T23:26:25+00:00\",\"dateModified\":\"2025-11-25T11:26:28+00:00\",\"description\":\"Revitaliza tu cabello con el Kit de Aceite de Tratamiento Spa para el Cuero Cabelludo Infinity Luxury, que incluye cinco aceites nutritivos en una bolsa de transporte de primera calidad. \u00a1Pide el tuyo hoy mismo!\",\"breadcrumb\":{\"@id\":\"https:\/\/cocohouseofbeauty.com\/es\/producto\/kit-de-aceite-de-tratamiento-de-lujo-infinity-para-el-cuero-cabelludo\/#breadcrumb\"},\"inLanguage\":\"es\",\"potentialAction\":[{\"@type\":\"ReadAction\",\"target\":[\"https:\/\/cocohouseofbeauty.com\/es\/producto\/kit-de-aceite-de-tratamiento-de-lujo-infinity-para-el-cuero-cabelludo\/\"]}]},{\"@type\":\"ImageObject\",\"inLanguage\":\"es\",\"@id\":\"https:\/\/cocohouseofbeauty.com\/es\/producto\/kit-de-aceite-de-tratamiento-de-lujo-infinity-para-el-cuero-cabelludo\/#primaryimage\",\"url\":\"https:\/\/cocohouseofbeauty.com\/wp-content\/uploads\/2025\/03\/img_4141.jpeg\",\"contentUrl\":\"https:\/\/cocohouseofbeauty.com\/wp-content\/uploads\/2025\/03\/img_4141.jpeg\",\"width\":1500,\"height\":1080},{\"@type\":\"BreadcrumbList\",\"@id\":\"https:\/\/cocohouseofbeauty.com\/es\/producto\/kit-de-aceite-de-tratamiento-de-lujo-infinity-para-el-cuero-cabelludo\/#breadcrumb\",\"itemListElement\":[{\"@type\":\"ListItem\",\"position\":1,\"name\":\"Home\",\"item\":\"https:\/\/cocohouseofbeauty.com\/es\/\"},{\"@type\":\"ListItem\",\"position\":2,\"name\":\"Tienda\",\"item\":\"https:\/\/cocohouseofbeauty.com\/es\/tienda\/\"},{\"@type\":\"ListItem\",\"position\":3,\"name\":\"Kit de aceite de tratamiento de lujo Infinity para el cuero cabelludo\"}]},{\"@type\":\"WebSite\",\"@id\":\"https:\/\/cocohouseofbeauty.com\/es\/#website\",\"url\":\"https:\/\/cocohouseofbeauty.com\/es\/\",\"name\":\"Coco House of Beauty\",\"description\":\"Your beauty partner for exclusive lash &amp; brow brands\",\"publisher\":{\"@id\":\"https:\/\/cocohouseofbeauty.com\/es\/#organization\"},\"potentialAction\":[{\"@type\":\"SearchAction\",\"target\":{\"@type\":\"EntryPoint\",\"urlTemplate\":\"https:\/\/cocohouseofbeauty.com\/es\/?s={search_term_string}\"},\"query-input\":{\"@type\":\"PropertyValueSpecification\",\"valueRequired\":true,\"valueName\":\"search_term_string\"}}],\"inLanguage\":\"es\"},{\"@type\":\"Organization\",\"@id\":\"https:\/\/cocohouseofbeauty.com\/es\/#organization\",\"name\":\"Coco House of Beauty\",\"url\":\"https:\/\/cocohouseofbeauty.com\/es\/\",\"logo\":{\"@type\":\"ImageObject\",\"inLanguage\":\"es\",\"@id\":\"https:\/\/cocohouseofbeauty.com\/es\/#\/schema\/logo\/image\/\",\"url\":\"https:\/\/cocohouseofbeauty.com\/wp-content\/uploads\/2024\/03\/cropped-coco-logo-zonder-estb.png\",\"contentUrl\":\"https:\/\/cocohouseofbeauty.com\/wp-content\/uploads\/2024\/03\/cropped-coco-logo-zonder-estb.png\",\"width\":1532,\"height\":612,\"caption\":\"Coco House of Beauty\"},\"image\":{\"@id\":\"https:\/\/cocohouseofbeauty.com\/es\/#\/schema\/logo\/image\/\"},\"sameAs\":[\"https:\/\/www.facebook.com\/groups\/388929390727436\/about\/\",\"https:\/\/www.instagram.com\/cocohouse.of.beauty\/\",\"https:\/\/www.tiktok.com\/@cocohouseofbeauty\"],\"foundingDate\":\"2024-04-05\",\"numberOfEmployees\":{\"@type\":\"QuantitativeValue\",\"minValue\":\"11\",\"maxValue\":\"50\"}}]}<\/script>\n<meta property=\"product:price:amount\" content=\"75.00\" \/>\n<meta property=\"product:price:currency\" content=\"EUR\" \/>\n<meta property=\"og:availability\" content=\"instock\" \/>\n<meta property=\"product:availability\" content=\"instock\" \/>\n<meta property=\"product:retailer_item_id\" content=\"COCO-2367\" \/>\n<meta property=\"product:condition\" content=\"new\" \/>\n<!-- \/ Yoast SEO Premium plugin. -->","yoast_head_json":{"title":"Kit de aceite de tratamiento de lujo Infinity para el cuero cabelludo - Coco House of Beauty","description":"Revitaliza tu cabello con el Kit de Aceite de Tratamiento Spa para el Cuero Cabelludo Infinity Luxury, que incluye cinco aceites nutritivos en una bolsa de transporte de primera calidad. \u00a1Pide el tuyo hoy mismo!","robots":{"index":"index","follow":"follow","max-snippet":"max-snippet:-1","max-image-preview":"max-image-preview:large","max-video-preview":"max-video-preview:-1"},"canonical":"https:\/\/cocohouseofbeauty.com\/es\/producto\/kit-de-aceite-de-tratamiento-de-lujo-infinity-para-el-cuero-cabelludo\/","og_locale":"es_ES","og_type":"article","og_title":"Kit de aceite de tratamiento de lujo Infinity para el cuero cabelludo","og_description":"Revitaliza tu cabello con el Kit de Aceite de Tratamiento Spa para el Cuero Cabelludo Infinity Luxury, que incluye cinco aceites nutritivos en una bolsa de transporte de primera calidad. \u00a1Pide el tuyo hoy mismo!","og_url":"https:\/\/cocohouseofbeauty.com\/es\/producto\/kit-de-aceite-de-tratamiento-de-lujo-infinity-para-el-cuero-cabelludo\/","og_site_name":"Coco House of Beauty","article_publisher":"https:\/\/www.facebook.com\/groups\/388929390727436\/about\/","article_modified_time":"2025-11-25T11:26:28+00:00","og_image":[{"width":1500,"height":1080,"url":"https:\/\/cocohouseofbeauty.com\/wp-content\/uploads\/2025\/03\/img_4141.jpeg","type":"image\/jpeg"}],"twitter_card":"summary_large_image","twitter_misc":{"Precio":"&euro;&nbsp;75,00","Disponibilidad":"Disponible"},"schema":{"@context":"https:\/\/schema.org","@graph":[{"@type":"WebPage","@id":"https:\/\/cocohouseofbeauty.com\/es\/producto\/kit-de-aceite-de-tratamiento-de-lujo-infinity-para-el-cuero-cabelludo\/","url":"https:\/\/cocohouseofbeauty.com\/es\/producto\/kit-de-aceite-de-tratamiento-de-lujo-infinity-para-el-cuero-cabelludo\/","name":"Kit de aceite de tratamiento de lujo Infinity para el cuero cabelludo - Coco House of Beauty","isPartOf":{"@id":"https:\/\/cocohouseofbeauty.com\/es\/#website"},"primaryImageOfPage":{"@id":"https:\/\/cocohouseofbeauty.com\/es\/producto\/kit-de-aceite-de-tratamiento-de-lujo-infinity-para-el-cuero-cabelludo\/#primaryimage"},"image":{"@id":"https:\/\/cocohouseofbeauty.com\/es\/producto\/kit-de-aceite-de-tratamiento-de-lujo-infinity-para-el-cuero-cabelludo\/#primaryimage"},"thumbnailUrl":"https:\/\/cocohouseofbeauty.com\/wp-content\/uploads\/2025\/03\/img_4141.jpeg","datePublished":"2025-03-07T23:26:25+00:00","dateModified":"2025-11-25T11:26:28+00:00","description":"Revitaliza tu cabello con el Kit de Aceite de Tratamiento Spa para el Cuero Cabelludo Infinity Luxury, que incluye cinco aceites nutritivos en una bolsa de transporte de primera calidad. \u00a1Pide el tuyo hoy mismo!","breadcrumb":{"@id":"https:\/\/cocohouseofbeauty.com\/es\/producto\/kit-de-aceite-de-tratamiento-de-lujo-infinity-para-el-cuero-cabelludo\/#breadcrumb"},"inLanguage":"es","potentialAction":[{"@type":"ReadAction","target":["https:\/\/cocohouseofbeauty.com\/es\/producto\/kit-de-aceite-de-tratamiento-de-lujo-infinity-para-el-cuero-cabelludo\/"]}]},{"@type":"ImageObject","inLanguage":"es","@id":"https:\/\/cocohouseofbeauty.com\/es\/producto\/kit-de-aceite-de-tratamiento-de-lujo-infinity-para-el-cuero-cabelludo\/#primaryimage","url":"https:\/\/cocohouseofbeauty.com\/wp-content\/uploads\/2025\/03\/img_4141.jpeg","contentUrl":"https:\/\/cocohouseofbeauty.com\/wp-content\/uploads\/2025\/03\/img_4141.jpeg","width":1500,"height":1080},{"@type":"BreadcrumbList","@id":"https:\/\/cocohouseofbeauty.com\/es\/producto\/kit-de-aceite-de-tratamiento-de-lujo-infinity-para-el-cuero-cabelludo\/#breadcrumb","itemListElement":[{"@type":"ListItem","position":1,"name":"Home","item":"https:\/\/cocohouseofbeauty.com\/es\/"},{"@type":"ListItem","position":2,"name":"Tienda","item":"https:\/\/cocohouseofbeauty.com\/es\/tienda\/"},{"@type":"ListItem","position":3,"name":"Kit de aceite de tratamiento de lujo Infinity para el cuero cabelludo"}]},{"@type":"WebSite","@id":"https:\/\/cocohouseofbeauty.com\/es\/#website","url":"https:\/\/cocohouseofbeauty.com\/es\/","name":"Coco House of Beauty","description":"Your beauty partner for exclusive lash &amp; brow brands","publisher":{"@id":"https:\/\/cocohouseofbeauty.com\/es\/#organization"},"potentialAction":[{"@type":"SearchAction","target":{"@type":"EntryPoint","urlTemplate":"https:\/\/cocohouseofbeauty.com\/es\/?s={search_term_string}"},"query-input":{"@type":"PropertyValueSpecification","valueRequired":true,"valueName":"search_term_string"}}],"inLanguage":"es"},{"@type":"Organization","@id":"https:\/\/cocohouseofbeauty.com\/es\/#organization","name":"Coco House of Beauty","url":"https:\/\/cocohouseofbeauty.com\/es\/","logo":{"@type":"ImageObject","inLanguage":"es","@id":"https:\/\/cocohouseofbeauty.com\/es\/#\/schema\/logo\/image\/","url":"https:\/\/cocohouseofbeauty.com\/wp-content\/uploads\/2024\/03\/cropped-coco-logo-zonder-estb.png","contentUrl":"https:\/\/cocohouseofbeauty.com\/wp-content\/uploads\/2024\/03\/cropped-coco-logo-zonder-estb.png","width":1532,"height":612,"caption":"Coco House of Beauty"},"image":{"@id":"https:\/\/cocohouseofbeauty.com\/es\/#\/schema\/logo\/image\/"},"sameAs":["https:\/\/www.facebook.com\/groups\/388929390727436\/about\/","https:\/\/www.instagram.com\/cocohouse.of.beauty\/","https:\/\/www.tiktok.com\/@cocohouseofbeauty"],"foundingDate":"2024-04-05","numberOfEmployees":{"@type":"QuantitativeValue","minValue":"11","maxValue":"50"}}]},"product_price_amount":"75.00","product_price_currency":"EUR","og_availability":"instock","product_availability":"instock","product_retailer_item_id":"COCO-2367","product_condition":"new"},"taxonomy_info":{"product_brand":[{"value":3263,"label":"Infinity Hybrid"}],"product_cat":[{"value":161,"label":"Care"},{"value":2284,"label":"Cuidados posteriores"},{"value":109,"label":"Formaci\u00f3n y cursos"},{"value":159,"label":"Infinity hybrid"}]},"featured_image_src_large":["https:\/\/cocohouseofbeauty.com\/wp-content\/uploads\/2025\/03\/img_4141-1024x737.jpeg",1024,737,true],"author_info":[],"comment_info":0,"jetpack_sharing_enabled":true,"_links":{"self":[{"href":"https:\/\/cocohouseofbeauty.com\/es\/wp-json\/wp\/v2\/product\/18620","targetHints":{"allow":["GET"]}}],"collection":[{"href":"https:\/\/cocohouseofbeauty.com\/es\/wp-json\/wp\/v2\/product"}],"about":[{"href":"https:\/\/cocohouseofbeauty.com\/es\/wp-json\/wp\/v2\/types\/product"}],"replies":[{"embeddable":true,"href":"https:\/\/cocohouseofbeauty.com\/es\/wp-json\/wp\/v2\/comments?post=18620"}],"wp:featuredmedia":[{"embeddable":true,"href":"https:\/\/cocohouseofbeauty.com\/es\/wp-json\/wp\/v2\/media\/17390"}],"wp:attachment":[{"href":"https:\/\/cocohouseofbeauty.com\/es\/wp-json\/wp\/v2\/media?parent=18620"}],"wp:term":[{"taxonomy":"product_brand","embeddable":true,"href":"https:\/\/cocohouseofbeauty.com\/es\/wp-json\/wp\/v2\/product_brand?post=18620"},{"taxonomy":"product_cat","embeddable":true,"href":"https:\/\/cocohouseofbeauty.com\/es\/wp-json\/wp\/v2\/product_cat?post=18620"},{"taxonomy":"product_tag","embeddable":true,"href":"https:\/\/cocohouseofbeauty.com\/es\/wp-json\/wp\/v2\/product_tag?post=18620"}],"curies":[{"name":"wp","href":"https:\/\/api.w.org\/{rel}","templated":true}]}}