{"id":18609,"date":"2025-03-08T01:16:35","date_gmt":"2025-03-07T23:16:35","guid":{"rendered":"https:\/\/cocohouseofbeauty.com\/product\/nuevo-kit-de-aerografia-infinity\/"},"modified":"2025-09-11T13:26:43","modified_gmt":"2025-09-11T11:26:43","slug":"nuevo-kit-de-aerografia-infinity","status":"publish","type":"product","link":"https:\/\/cocohouseofbeauty.com\/es\/producto\/nuevo-kit-de-aerografia-infinity\/","title":{"rendered":"Kit de aerograf\u00eda Infinity"},"content":{"rendered":"<p>ESTE PRODUCTO TAMBI\u00c9N SE PUEDE UTILIZAR CON EL M\u00c9TODO DE CEPILLADO TRADICIONAL \ud83d\udd8c\ufe0f\ud83e\udea5&nbsp;<\/p>\n<p>Aqua Drops Tinte de Cejas H\u00edbrido con Infusi\u00f3n de P\u00e9ptidos y Creador de Enlaces&nbsp;<\/p>\n<p>\ud83e\uddea\ud83e\uddea&nbsp;<\/p>\n<p><strong style=\"font-weight: bolder\">EL HYPE es REAL&nbsp;<\/strong><\/p>\n<p>Hemos creado un kit para la tendencia de aerograf\u00eda que se hizo VIRAL &#8230;<\/p>\n<p><strong style=\"font-weight: bolder\">(no incluye m\u00e1quina de aerograf\u00eda)&nbsp;<\/strong><\/p>\n<p>KIT&nbsp;<\/p>\n<p><strong style=\"font-weight: bolder\">7 tonos de Aqua Drops m\u00e1s Oxidante L\u00edquido de 60 ml, 12 pares de Brow Buddies sin envasar, suero salino y champ\u00fa<\/strong>&nbsp;<\/p>\n<p><strong style=\"font-weight: bolder\">AQUA DROPS LA MEJOR MANCHA L\u00cdQUIDA H\u00cdBRIDA DEL MERCADO&nbsp;<\/strong><\/p>\n<p><strong style=\"font-weight: bolder\">NO OLVIDES VER LA FORMACI\u00d3N GRATUITA PARA NUESTRA L\u00cdNEA H\u00cdBRIDA<span> <\/span><a href=\"https:\/\/www.infinityhybridtraining.com\/\" style=\"color: var(--bs-link-color);text-decoration: underline\"><u>AQU\u00cd<\/u><\/a>&nbsp;<\/strong><\/p>\n","protected":false},"excerpt":{"rendered":"<p data-start=\"1452\" data-end=\"1499\"><strong data-start=\"1452\" data-end=\"1497\">KIT DE TINTE DE CEJAS H\u00cdBRIDO INFINITY AQUA DROPS<\/strong><\/p>\n<p data-start=\"1501\" data-end=\"1786\">El <strong data-start=\"1505\" data-end=\"1550\">Kit de Tinte de Cejas H\u00edbrido Infinity Aqua Drops<\/strong> lleva la tendencia viral del aer\u00f3grafo a tu sal\u00f3n con precisi\u00f3n profesional. Dise\u00f1ado tanto para la aplicaci\u00f3n con pincel tradicional como con aer\u00f3grafo, este kit te ofrece todo lo que necesitas para crear unas cejas h\u00edbridas impresionantes y duraderas. <\/p>\n<p data-start=\"1788\" data-end=\"2215\">Dentro del kit encontrar\u00e1s <strong data-start=\"1815\" data-end=\"1852\">siete tonos vers\u00e1tiles de Aqua Drops<\/strong>, un <strong data-start=\"1856\" data-end=\"1880\">Oxidante L\u00edquido de 60 ml<\/strong>, <strong data-start=\"1882\" data-end=\"1918\">12 pares de Brow Buddies sin envasar<\/strong>, <strong data-start=\"1920\" data-end=\"1930\">suero salino<\/strong> y un <strong data-start=\"1938\" data-end=\"1956\">champ\u00fa suave<\/strong>. Como resultado, podr\u00e1s ofrecer tratamientos personalizados para cada cliente, desde tonos naturales suaves hasta cejas atrevidas y definidas. Adem\u00e1s, la f\u00f3rmula con p\u00e9ptidos act\u00faa como fortalecedor de los pelos de las cejas durante el proceso de tinte.  <\/p>\n<p data-start=\"2217\" data-end=\"2488\">Cada tono de Aqua Drop est\u00e1 formulado para ofrecer precisi\u00f3n y profundidad de color. Adem\u00e1s, su consistencia l\u00edquida facilita su uso tanto con pinceles como con m\u00e1quinas de aerograf\u00eda. Esta flexibilidad te permite estar a la \u00faltima sin dejar de ofrecer t\u00e9cnicas cl\u00e1sicas a tus clientes.  <\/p>\n<p data-start=\"2490\" data-end=\"2772\">El <strong data-start=\"2494\" data-end=\"2539\">Kit h\u00edbrido de tintes para cejas Infinity Aqua Drops<\/strong> es ideal para los profesionales que quieren ahorrar tiempo, reducir residuos y ampliar su men\u00fa de tratamientos. Adem\u00e1s, el kit compacto es f\u00e1cil de transportar y est\u00e1 organizado en una lujosa bolsa de presentaci\u00f3n, lo que lo convierte en una elecci\u00f3n elegante y pr\u00e1ctica. <\/p>\n<p data-start=\"2774\" data-end=\"2984\">Por \u00faltimo, no olvides ver nuestra <a href=\"https:\/\/www.infinityhybridtraining.com\/\"><strong data-start=\"2809\" data-end=\"2833\">formaci\u00f3n h\u00edbrida gratuita<\/strong>,<\/a> que te garantiza que sacar\u00e1s el m\u00e1ximo partido a tu sistema Aqua Drops. Con un uso adecuado, conseguir\u00e1s unas cejas atrevidas, bonitas y duraderas. <\/p>\n<p data-start=\"2986\" data-end=\"3057\"><strong data-start=\"2986\" data-end=\"3055\">Lo que nos gusta del Kit de Tinte de Cejas H\u00edbrido Infinity Aqua Drops:<\/strong><\/p>\n<ul data-start=\"3058\" data-end=\"3286\">\n<li data-start=\"3058\" data-end=\"3100\">\n<p data-start=\"3060\" data-end=\"3100\">Incluye 7 vers\u00e1tiles tonos Aqua Drops<\/p>\n<\/li>\n<li data-start=\"3101\" data-end=\"3145\">\n<p data-start=\"3103\" data-end=\"3145\">Oxidante l\u00edquido de 60 ml para unos resultados perfectos<\/p>\n<\/li>\n<li data-start=\"3146\" data-end=\"3188\">\n<p data-start=\"3148\" data-end=\"3188\">F\u00f3rmula con infusi\u00f3n de p\u00e9ptidos para crear enlaces<\/p>\n<\/li>\n<li data-start=\"3189\" data-end=\"3233\">\n<p data-start=\"3191\" data-end=\"3233\">Funciona con pincel o aer\u00f3grafo<\/p>\n<\/li>\n<li data-start=\"3234\" data-end=\"3286\">\n<p data-start=\"3236\" data-end=\"3286\">Kit completo con Brow Buddies, suero salino y champ\u00fa<\/p>\n<\/li>\n<\/ul>\n<p data-start=\"3288\" data-end=\"3345\"><strong data-start=\"3288\" data-end=\"3296\">SKU:<\/strong> COCO-2365<\/p>\n<p class=\"ai-optimize-35\">\n","protected":false},"featured_media":17359,"comment_status":"open","ping_status":"closed","template":"","meta":{"_kad_blocks_custom_css":"","_kad_blocks_head_custom_js":"","_kad_blocks_body_custom_js":"","_kad_blocks_footer_custom_js":"","_kadence_starter_templates_imported_post":false,"_kad_post_transparent":"","_kad_post_title":"","_kad_post_layout":"","_kad_post_sidebar_id":"","_kad_post_content_style":"","_kad_post_vertical_padding":"","_kad_post_feature":"","_kad_post_feature_position":"","_kad_post_header":false,"_kad_post_footer":false,"_kad_post_classname":""},"product_brand":[3263],"product_cat":[2050,109,159],"product_tag":[],"class_list":{"0":"post-18609","1":"product","2":"type-product","3":"status-publish","4":"has-post-thumbnail","6":"product_brand-infinity-hybrid","7":"product_cat-aerografo-es","8":"product_cat-formacion-y-cursos","9":"product_cat-infinity-hybrid-es","10":"product_shipping_class-pakketpost-es","12":"first","13":"instock","14":"taxable","15":"shipping-taxable","16":"purchasable","17":"product-type-simple","18":"entry","19":"content-bg","20":"loop-entry"},"yoast_head":"<!-- This site is optimized with the Yoast SEO Premium plugin v27.2 (Yoast SEO v27.2) - https:\/\/yoast.com\/product\/yoast-seo-premium-wordpress\/ -->\n<title>Kit Aer\u00f3grafo Infinito: Perfecto para manchar las cejas<\/title>\n<meta name=\"description\" content=\"Transforma tu rutina de belleza con el Kit de Aer\u00f3grafo Infinity, con 7 tonos vibrantes y f\u00e1cil aplicaci\u00f3n. \u00a1Mejora tu maquillaje hoy mismo!\" \/>\n<meta name=\"robots\" content=\"index, follow, max-snippet:-1, max-image-preview:large, max-video-preview:-1\" \/>\n<link rel=\"canonical\" href=\"https:\/\/cocohouseofbeauty.com\/es\/producto\/nuevo-kit-de-aerografia-infinity\/\" \/>\n<meta property=\"og:locale\" content=\"es_ES\" \/>\n<meta property=\"og:type\" content=\"article\" \/>\n<meta property=\"og:title\" content=\"Kit de aerograf\u00eda Infinity\" \/>\n<meta property=\"og:description\" content=\"Transforma tu rutina de belleza con el Kit de Aer\u00f3grafo Infinity, con 7 tonos vibrantes y f\u00e1cil aplicaci\u00f3n. \u00a1Mejora tu maquillaje hoy mismo!\" \/>\n<meta property=\"og:url\" content=\"https:\/\/cocohouseofbeauty.com\/es\/producto\/nuevo-kit-de-aerografia-infinity\/\" \/>\n<meta property=\"og:site_name\" content=\"Coco House of Beauty\" \/>\n<meta property=\"article:publisher\" content=\"https:\/\/www.facebook.com\/groups\/388929390727436\/about\/\" \/>\n<meta property=\"article:modified_time\" content=\"2025-09-11T11:26:43+00:00\" \/>\n<meta property=\"og:image\" content=\"https:\/\/cocohouseofbeauty.com\/wp-content\/uploads\/2025\/03\/img_4133.jpeg\" \/>\n\t<meta property=\"og:image:width\" content=\"1054\" \/>\n\t<meta property=\"og:image:height\" content=\"976\" \/>\n\t<meta property=\"og:image:type\" content=\"image\/jpeg\" \/>\n<meta name=\"twitter:card\" content=\"summary_large_image\" \/>\n<meta name=\"twitter:label1\" content=\"Precio\" \/>\n\t<meta name=\"twitter:data1\" content=\"&euro;&nbsp;129,95\" \/>\n\t<meta name=\"twitter:label2\" content=\"Disponibilidad\" \/>\n\t<meta name=\"twitter:data2\" content=\"Disponible\" \/>\n<script type=\"application\/ld+json\" class=\"yoast-schema-graph\">{\"@context\":\"https:\/\/schema.org\",\"@graph\":[{\"@type\":\"WebPage\",\"@id\":\"https:\/\/cocohouseofbeauty.com\/es\/producto\/nuevo-kit-de-aerografia-infinity\/\",\"url\":\"https:\/\/cocohouseofbeauty.com\/es\/producto\/nuevo-kit-de-aerografia-infinity\/\",\"name\":\"Kit Aer\u00f3grafo Infinito: Perfecto para manchar las cejas\",\"isPartOf\":{\"@id\":\"https:\/\/cocohouseofbeauty.com\/es\/#website\"},\"primaryImageOfPage\":{\"@id\":\"https:\/\/cocohouseofbeauty.com\/es\/producto\/nuevo-kit-de-aerografia-infinity\/#primaryimage\"},\"image\":{\"@id\":\"https:\/\/cocohouseofbeauty.com\/es\/producto\/nuevo-kit-de-aerografia-infinity\/#primaryimage\"},\"thumbnailUrl\":\"https:\/\/cocohouseofbeauty.com\/wp-content\/uploads\/2025\/03\/img_4133.jpeg\",\"datePublished\":\"2025-03-07T23:16:35+00:00\",\"dateModified\":\"2025-09-11T11:26:43+00:00\",\"description\":\"Transforma tu rutina de belleza con el Kit de Aer\u00f3grafo Infinity, con 7 tonos vibrantes y f\u00e1cil aplicaci\u00f3n. \u00a1Mejora tu maquillaje hoy mismo!\",\"breadcrumb\":{\"@id\":\"https:\/\/cocohouseofbeauty.com\/es\/producto\/nuevo-kit-de-aerografia-infinity\/#breadcrumb\"},\"inLanguage\":\"es\",\"potentialAction\":[{\"@type\":\"ReadAction\",\"target\":[\"https:\/\/cocohouseofbeauty.com\/es\/producto\/nuevo-kit-de-aerografia-infinity\/\"]}]},{\"@type\":\"ImageObject\",\"inLanguage\":\"es\",\"@id\":\"https:\/\/cocohouseofbeauty.com\/es\/producto\/nuevo-kit-de-aerografia-infinity\/#primaryimage\",\"url\":\"https:\/\/cocohouseofbeauty.com\/wp-content\/uploads\/2025\/03\/img_4133.jpeg\",\"contentUrl\":\"https:\/\/cocohouseofbeauty.com\/wp-content\/uploads\/2025\/03\/img_4133.jpeg\",\"width\":1054,\"height\":976},{\"@type\":\"BreadcrumbList\",\"@id\":\"https:\/\/cocohouseofbeauty.com\/es\/producto\/nuevo-kit-de-aerografia-infinity\/#breadcrumb\",\"itemListElement\":[{\"@type\":\"ListItem\",\"position\":1,\"name\":\"Home\",\"item\":\"https:\/\/cocohouseofbeauty.com\/es\/\"},{\"@type\":\"ListItem\",\"position\":2,\"name\":\"Tienda\",\"item\":\"https:\/\/cocohouseofbeauty.com\/es\/tienda\/\"},{\"@type\":\"ListItem\",\"position\":3,\"name\":\"Kit de aerograf\u00eda Infinity\"}]},{\"@type\":\"WebSite\",\"@id\":\"https:\/\/cocohouseofbeauty.com\/es\/#website\",\"url\":\"https:\/\/cocohouseofbeauty.com\/es\/\",\"name\":\"Coco House of Beauty\",\"description\":\"Your beauty partner for exclusive lash &amp; brow brands\",\"publisher\":{\"@id\":\"https:\/\/cocohouseofbeauty.com\/es\/#organization\"},\"potentialAction\":[{\"@type\":\"SearchAction\",\"target\":{\"@type\":\"EntryPoint\",\"urlTemplate\":\"https:\/\/cocohouseofbeauty.com\/es\/?s={search_term_string}\"},\"query-input\":{\"@type\":\"PropertyValueSpecification\",\"valueRequired\":true,\"valueName\":\"search_term_string\"}}],\"inLanguage\":\"es\"},{\"@type\":\"Organization\",\"@id\":\"https:\/\/cocohouseofbeauty.com\/es\/#organization\",\"name\":\"Coco House of Beauty\",\"url\":\"https:\/\/cocohouseofbeauty.com\/es\/\",\"logo\":{\"@type\":\"ImageObject\",\"inLanguage\":\"es\",\"@id\":\"https:\/\/cocohouseofbeauty.com\/es\/#\/schema\/logo\/image\/\",\"url\":\"https:\/\/cocohouseofbeauty.com\/wp-content\/uploads\/2024\/03\/cropped-coco-logo-zonder-estb.png\",\"contentUrl\":\"https:\/\/cocohouseofbeauty.com\/wp-content\/uploads\/2024\/03\/cropped-coco-logo-zonder-estb.png\",\"width\":1532,\"height\":612,\"caption\":\"Coco House of Beauty\"},\"image\":{\"@id\":\"https:\/\/cocohouseofbeauty.com\/es\/#\/schema\/logo\/image\/\"},\"sameAs\":[\"https:\/\/www.facebook.com\/groups\/388929390727436\/about\/\",\"https:\/\/www.instagram.com\/cocohouse.of.beauty\/\",\"https:\/\/www.tiktok.com\/@cocohouseofbeauty\"],\"foundingDate\":\"2024-04-05\",\"numberOfEmployees\":{\"@type\":\"QuantitativeValue\",\"minValue\":\"11\",\"maxValue\":\"50\"}}]}<\/script>\n<meta property=\"product:price:amount\" content=\"129.95\" \/>\n<meta property=\"product:price:currency\" content=\"EUR\" \/>\n<meta property=\"og:availability\" content=\"instock\" \/>\n<meta property=\"product:availability\" content=\"instock\" \/>\n<meta property=\"product:retailer_item_id\" content=\"COCO-2365\" \/>\n<meta property=\"product:condition\" content=\"new\" \/>\n<!-- \/ Yoast SEO Premium plugin. -->","yoast_head_json":{"title":"Kit Aer\u00f3grafo Infinito: Perfecto para manchar las cejas","description":"Transforma tu rutina de belleza con el Kit de Aer\u00f3grafo Infinity, con 7 tonos vibrantes y f\u00e1cil aplicaci\u00f3n. \u00a1Mejora tu maquillaje hoy mismo!","robots":{"index":"index","follow":"follow","max-snippet":"max-snippet:-1","max-image-preview":"max-image-preview:large","max-video-preview":"max-video-preview:-1"},"canonical":"https:\/\/cocohouseofbeauty.com\/es\/producto\/nuevo-kit-de-aerografia-infinity\/","og_locale":"es_ES","og_type":"article","og_title":"Kit de aerograf\u00eda Infinity","og_description":"Transforma tu rutina de belleza con el Kit de Aer\u00f3grafo Infinity, con 7 tonos vibrantes y f\u00e1cil aplicaci\u00f3n. \u00a1Mejora tu maquillaje hoy mismo!","og_url":"https:\/\/cocohouseofbeauty.com\/es\/producto\/nuevo-kit-de-aerografia-infinity\/","og_site_name":"Coco House of Beauty","article_publisher":"https:\/\/www.facebook.com\/groups\/388929390727436\/about\/","article_modified_time":"2025-09-11T11:26:43+00:00","og_image":[{"width":1054,"height":976,"url":"https:\/\/cocohouseofbeauty.com\/wp-content\/uploads\/2025\/03\/img_4133.jpeg","type":"image\/jpeg"}],"twitter_card":"summary_large_image","twitter_misc":{"Precio":"&euro;&nbsp;129,95","Disponibilidad":"Disponible"},"schema":{"@context":"https:\/\/schema.org","@graph":[{"@type":"WebPage","@id":"https:\/\/cocohouseofbeauty.com\/es\/producto\/nuevo-kit-de-aerografia-infinity\/","url":"https:\/\/cocohouseofbeauty.com\/es\/producto\/nuevo-kit-de-aerografia-infinity\/","name":"Kit Aer\u00f3grafo Infinito: Perfecto para manchar las cejas","isPartOf":{"@id":"https:\/\/cocohouseofbeauty.com\/es\/#website"},"primaryImageOfPage":{"@id":"https:\/\/cocohouseofbeauty.com\/es\/producto\/nuevo-kit-de-aerografia-infinity\/#primaryimage"},"image":{"@id":"https:\/\/cocohouseofbeauty.com\/es\/producto\/nuevo-kit-de-aerografia-infinity\/#primaryimage"},"thumbnailUrl":"https:\/\/cocohouseofbeauty.com\/wp-content\/uploads\/2025\/03\/img_4133.jpeg","datePublished":"2025-03-07T23:16:35+00:00","dateModified":"2025-09-11T11:26:43+00:00","description":"Transforma tu rutina de belleza con el Kit de Aer\u00f3grafo Infinity, con 7 tonos vibrantes y f\u00e1cil aplicaci\u00f3n. \u00a1Mejora tu maquillaje hoy mismo!","breadcrumb":{"@id":"https:\/\/cocohouseofbeauty.com\/es\/producto\/nuevo-kit-de-aerografia-infinity\/#breadcrumb"},"inLanguage":"es","potentialAction":[{"@type":"ReadAction","target":["https:\/\/cocohouseofbeauty.com\/es\/producto\/nuevo-kit-de-aerografia-infinity\/"]}]},{"@type":"ImageObject","inLanguage":"es","@id":"https:\/\/cocohouseofbeauty.com\/es\/producto\/nuevo-kit-de-aerografia-infinity\/#primaryimage","url":"https:\/\/cocohouseofbeauty.com\/wp-content\/uploads\/2025\/03\/img_4133.jpeg","contentUrl":"https:\/\/cocohouseofbeauty.com\/wp-content\/uploads\/2025\/03\/img_4133.jpeg","width":1054,"height":976},{"@type":"BreadcrumbList","@id":"https:\/\/cocohouseofbeauty.com\/es\/producto\/nuevo-kit-de-aerografia-infinity\/#breadcrumb","itemListElement":[{"@type":"ListItem","position":1,"name":"Home","item":"https:\/\/cocohouseofbeauty.com\/es\/"},{"@type":"ListItem","position":2,"name":"Tienda","item":"https:\/\/cocohouseofbeauty.com\/es\/tienda\/"},{"@type":"ListItem","position":3,"name":"Kit de aerograf\u00eda Infinity"}]},{"@type":"WebSite","@id":"https:\/\/cocohouseofbeauty.com\/es\/#website","url":"https:\/\/cocohouseofbeauty.com\/es\/","name":"Coco House of Beauty","description":"Your beauty partner for exclusive lash &amp; brow brands","publisher":{"@id":"https:\/\/cocohouseofbeauty.com\/es\/#organization"},"potentialAction":[{"@type":"SearchAction","target":{"@type":"EntryPoint","urlTemplate":"https:\/\/cocohouseofbeauty.com\/es\/?s={search_term_string}"},"query-input":{"@type":"PropertyValueSpecification","valueRequired":true,"valueName":"search_term_string"}}],"inLanguage":"es"},{"@type":"Organization","@id":"https:\/\/cocohouseofbeauty.com\/es\/#organization","name":"Coco House of Beauty","url":"https:\/\/cocohouseofbeauty.com\/es\/","logo":{"@type":"ImageObject","inLanguage":"es","@id":"https:\/\/cocohouseofbeauty.com\/es\/#\/schema\/logo\/image\/","url":"https:\/\/cocohouseofbeauty.com\/wp-content\/uploads\/2024\/03\/cropped-coco-logo-zonder-estb.png","contentUrl":"https:\/\/cocohouseofbeauty.com\/wp-content\/uploads\/2024\/03\/cropped-coco-logo-zonder-estb.png","width":1532,"height":612,"caption":"Coco House of Beauty"},"image":{"@id":"https:\/\/cocohouseofbeauty.com\/es\/#\/schema\/logo\/image\/"},"sameAs":["https:\/\/www.facebook.com\/groups\/388929390727436\/about\/","https:\/\/www.instagram.com\/cocohouse.of.beauty\/","https:\/\/www.tiktok.com\/@cocohouseofbeauty"],"foundingDate":"2024-04-05","numberOfEmployees":{"@type":"QuantitativeValue","minValue":"11","maxValue":"50"}}]},"product_price_amount":"129.95","product_price_currency":"EUR","og_availability":"instock","product_availability":"instock","product_retailer_item_id":"COCO-2365","product_condition":"new"},"taxonomy_info":{"product_brand":[{"value":3263,"label":"Infinity Hybrid"}],"product_cat":[{"value":2050,"label":"Aer\u00f3grafo"},{"value":109,"label":"Formaci\u00f3n y cursos"},{"value":159,"label":"Infinity hybrid"}]},"featured_image_src_large":["https:\/\/cocohouseofbeauty.com\/wp-content\/uploads\/2025\/03\/img_4133-1024x948.jpeg",1024,948,true],"author_info":[],"comment_info":0,"jetpack_sharing_enabled":true,"_links":{"self":[{"href":"https:\/\/cocohouseofbeauty.com\/es\/wp-json\/wp\/v2\/product\/18609","targetHints":{"allow":["GET"]}}],"collection":[{"href":"https:\/\/cocohouseofbeauty.com\/es\/wp-json\/wp\/v2\/product"}],"about":[{"href":"https:\/\/cocohouseofbeauty.com\/es\/wp-json\/wp\/v2\/types\/product"}],"replies":[{"embeddable":true,"href":"https:\/\/cocohouseofbeauty.com\/es\/wp-json\/wp\/v2\/comments?post=18609"}],"wp:featuredmedia":[{"embeddable":true,"href":"https:\/\/cocohouseofbeauty.com\/es\/wp-json\/wp\/v2\/media\/17359"}],"wp:attachment":[{"href":"https:\/\/cocohouseofbeauty.com\/es\/wp-json\/wp\/v2\/media?parent=18609"}],"wp:term":[{"taxonomy":"product_brand","embeddable":true,"href":"https:\/\/cocohouseofbeauty.com\/es\/wp-json\/wp\/v2\/product_brand?post=18609"},{"taxonomy":"product_cat","embeddable":true,"href":"https:\/\/cocohouseofbeauty.com\/es\/wp-json\/wp\/v2\/product_cat?post=18609"},{"taxonomy":"product_tag","embeddable":true,"href":"https:\/\/cocohouseofbeauty.com\/es\/wp-json\/wp\/v2\/product_tag?post=18609"}],"curies":[{"name":"wp","href":"https:\/\/api.w.org\/{rel}","templated":true}]}}