{"id":18605,"date":"2025-02-25T22:00:19","date_gmt":"2025-02-25T20:00:19","guid":{"rendered":"https:\/\/cocohouseofbeauty.com\/product\/cocos-sip-see\/"},"modified":"2025-02-25T22:00:19","modified_gmt":"2025-02-25T20:00:19","slug":"cocos-sip-see","status":"publish","type":"product","link":"https:\/\/cocohouseofbeauty.com\/es\/producto\/cocos-sip-see\/","title":{"rendered":"Coco&#8217;s Sip &amp; See"},"content":{"rendered":"<p><strong>Deboragh Hendren<\/strong>, m\u00e1s conocida como <strong>The Brow Geek<\/strong>, es una galardonada pionera de la industria de la belleza. Es la fundadora de <strong>The Brow Geek<\/strong>, <strong>Infinity<\/strong> y <strong>The Brow Awards<\/strong>, y ha inspirado y asesorado a estilistas de todo el mundo. Fue una de las primeras en introducir <strong>la formaci\u00f3n sobre laminaci\u00f3n de cejas<\/strong> en el Reino Unido y la UE, y ha creado la <strong>tecnolog\u00eda de cejas con aer\u00f3grafo h\u00edbrido<\/strong>.  <\/p>\n<p>\u00a1Su inversi\u00f3n es incre\u00edble!<\/p>\n<p>As\u00ed que, \u00bfquieres saberlo todo sobre la creaci\u00f3n de cejas perfectas y dejarte inspirar por una de las mejores del mundo? Te lo aseguro!<\/p>\n","protected":false},"excerpt":{"rendered":"<p data-start=\"0\" data-end=\"37\">\u2728<strong data-start=\"1\" data-end=\"33\">PROFESIONALES DE LA BELLEZA, \u00a1RESERVAD LA FECHA!<\/strong><\/p>\n<p>Op  <strong>22 maart<\/strong>  organizamos nuestro  <strong>eerste Coco Sip &amp; See<\/strong>&#8230; \u00a1y eso no te lo vas a perder!<\/p>\n<p>Nadie menos que <strong>Deboragh Hendren &#8211; The Brow Geek<\/strong> est\u00e1 disponible para un exclusivo <strong>Evento Educativo Brow Geek<\/strong>. Te ense\u00f1ar\u00e1 todo sobre los productos <strong>Infinity Hybride<\/strong>, c\u00f3mo funcionan y c\u00f3mo crear unas cejas perfectas. Y eso no es todo: \u00a1al final de la sesi\u00f3n recibir\u00e1s <strong>un certificado con tu nombre<\/strong>!  <\/p>\n<p>Te ofrecemos una gran variedad de comidas y bebidas. Y&#8230; \u00a1tenemos algo especial para ti! \u00a1Puedes <strong>comprar con un descuento exclusivo del 22%<\/strong> en todos los productos!  <\/p>\n<p>Las <strong>10 primeras personas<\/strong> que compren su entrada recibir\u00e1n una <strong>bonita bolsa de regalos<\/strong> por <strong>65,- \u20ac<\/strong>.<\/p>\n<p>\ud83d\uddd3 <strong>Datum:<\/strong> 22 maart<br \/>\n\ud83d\udd52 <strong>Tijd:<\/strong> 15:00 tot 19:00 uur<br \/>\n\ud83d\udccd <strong>Locatie:<\/strong> Catharinastraat 21, Breda<\/p>\n<p>\ud83c\udf9f \ud835\udde7\ud835\uddf6\ud835\uddf0\ud835\uddf8\ud835\uddf2\ud835\ude01\ud835\ude00<br \/>\n\ud83d\udd39 Early Bird (\ud835\ude35\ud835\ude30\ud835\ude35 \ud835\ude26\ud835\ude2f \ud835\ude2e\ud835\ude26\ud835\ude35 \ud835\udff7\ud835\udff8 \ud835\ude2e\ud835\ude22\ud835\ude22\ud835\ude33\ud835\ude35): 65,- \u20ac sin IVA<br \/>\n\ud83d\udd39 Regulier: 75,- \u20ac sin IVA  <\/p>\n<p><strong>D\u00e9jalo:<\/strong> S\u00f3lo hay sitio para 22 personas, \u00a1as\u00ed que vete pronto!<\/p>\n","protected":false},"featured_media":17564,"comment_status":"open","ping_status":"closed","template":"","meta":{"_kad_blocks_custom_css":"","_kad_blocks_head_custom_js":"","_kad_blocks_body_custom_js":"","_kad_blocks_footer_custom_js":"","_kadence_starter_templates_imported_post":false,"_kad_post_transparent":"","_kad_post_title":"","_kad_post_layout":"","_kad_post_sidebar_id":"","_kad_post_content_style":"","_kad_post_vertical_padding":"","_kad_post_feature":"","_kad_post_feature_position":"","_kad_post_header":false,"_kad_post_footer":false,"_kad_post_classname":""},"product_brand":[],"product_cat":[1702],"product_tag":[1710,1711],"class_list":{"0":"post-18605","1":"product","2":"type-product","3":"status-publish","4":"has-post-thumbnail","6":"product_cat-events-es","7":"product_tag-netwerkborrel-es","8":"product_tag-taller-de-cejas","10":"first","11":"instock","12":"virtual","13":"taxable","14":"purchasable","15":"product-type-simple","16":"entry","17":"content-bg","18":"loop-entry"},"yoast_head":"<!-- This site is optimized with the Yoast SEO Premium plugin v27.2 (Yoast SEO v27.2) - https:\/\/yoast.com\/product\/yoast-seo-premium-wordpress\/ -->\n<title>Coco&#039;s Sip &amp; See - Coco House of Beauty<\/title>\n<meta name=\"robots\" content=\"index, follow, max-snippet:-1, max-image-preview:large, max-video-preview:-1\" \/>\n<link rel=\"canonical\" href=\"https:\/\/cocohouseofbeauty.com\/es\/producto\/cocos-sip-see\/\" \/>\n<meta property=\"og:locale\" content=\"es_ES\" \/>\n<meta property=\"og:type\" content=\"article\" \/>\n<meta property=\"og:title\" content=\"Coco&#039;s Sip &amp; See\" \/>\n<meta property=\"og:description\" content=\"\u2728PROFESIONALES DE LA BELLEZA, \u00a1RESERVAD LA FECHA! Op 22 maart organizamos nuestro eerste Coco Sip &amp; See... \u00a1y eso no te lo vas a perder! Nadie menos que Deboragh Hendren - The Brow Geek est\u00e1 disponible para un exclusivo Evento Educativo Brow Geek. Te ense\u00f1ar\u00e1 todo sobre los productos Infinity Hybride, c\u00f3mo funcionan y c\u00f3mo crear unas cejas perfectas. Y eso no es todo: \u00a1al final de la sesi\u00f3n recibir\u00e1s un certificado con tu nombre!  Te ofrecemos una gran variedad de comidas y bebidas. Y... \u00a1tenemos algo especial para ti! \u00a1Puedes comprar con un descuento exclusivo del 22% en todos los productos!  Las 10 primeras personas que compren su entrada recibir\u00e1n una bonita bolsa de regalos por 65,- \u20ac. \ud83d\uddd3 Datum: 22 maart \ud83d\udd52 Tijd: 15:00 tot 19:00 uur \ud83d\udccd Locatie: Catharinastraat 21, Breda \ud83c\udf9f \ud835\udde7\ud835\uddf6\ud835\uddf0\ud835\uddf8\ud835\uddf2\ud835\ude01\ud835\ude00 \ud83d\udd39 Early Bird (\ud835\ude35\ud835\ude30\ud835\ude35 \ud835\ude26\ud835\ude2f \ud835\ude2e\ud835\ude26\ud835\ude35 \ud835\udff7\ud835\udff8 \ud835\ude2e\ud835\ude22\ud835\ude22\ud835\ude33\ud835\ude35): 65,- \u20ac sin IVA \ud83d\udd39 Regulier: 75,- \u20ac sin IVA  D\u00e9jalo: S\u00f3lo hay sitio para 22 personas, \u00a1as\u00ed que vete pronto!\" \/>\n<meta property=\"og:url\" content=\"https:\/\/cocohouseofbeauty.com\/es\/producto\/cocos-sip-see\/\" \/>\n<meta property=\"og:site_name\" content=\"Coco House of Beauty\" \/>\n<meta property=\"article:publisher\" content=\"https:\/\/www.facebook.com\/groups\/388929390727436\/about\/\" \/>\n<meta property=\"og:image\" content=\"https:\/\/cocohouseofbeauty.com\/wp-content\/uploads\/2025\/02\/IMG_2090.jpeg\" \/>\n\t<meta property=\"og:image:width\" content=\"1414\" \/>\n\t<meta property=\"og:image:height\" content=\"2000\" \/>\n\t<meta property=\"og:image:type\" content=\"image\/jpeg\" \/>\n<meta name=\"twitter:card\" content=\"summary_large_image\" \/>\n<meta name=\"twitter:label1\" content=\"Precio\" \/>\n\t<meta name=\"twitter:data1\" content=\"&euro;&nbsp;75,00\" \/>\n\t<meta name=\"twitter:label2\" content=\"Disponibilidad\" \/>\n\t<meta name=\"twitter:data2\" content=\"Disponible\" \/>\n<script type=\"application\/ld+json\" class=\"yoast-schema-graph\">{\"@context\":\"https:\/\/schema.org\",\"@graph\":[{\"@type\":\"WebPage\",\"@id\":\"https:\/\/cocohouseofbeauty.com\/es\/producto\/cocos-sip-see\/\",\"url\":\"https:\/\/cocohouseofbeauty.com\/es\/producto\/cocos-sip-see\/\",\"name\":\"Coco's Sip &amp; See - Coco House of Beauty\",\"isPartOf\":{\"@id\":\"https:\/\/cocohouseofbeauty.com\/es\/#website\"},\"primaryImageOfPage\":{\"@id\":\"https:\/\/cocohouseofbeauty.com\/es\/producto\/cocos-sip-see\/#primaryimage\"},\"image\":{\"@id\":\"https:\/\/cocohouseofbeauty.com\/es\/producto\/cocos-sip-see\/#primaryimage\"},\"thumbnailUrl\":\"https:\/\/cocohouseofbeauty.com\/wp-content\/uploads\/2025\/02\/IMG_2090.jpeg\",\"datePublished\":\"2025-02-25T20:00:19+00:00\",\"breadcrumb\":{\"@id\":\"https:\/\/cocohouseofbeauty.com\/es\/producto\/cocos-sip-see\/#breadcrumb\"},\"inLanguage\":\"es\",\"potentialAction\":[{\"@type\":\"ReadAction\",\"target\":[\"https:\/\/cocohouseofbeauty.com\/es\/producto\/cocos-sip-see\/\"]}]},{\"@type\":\"ImageObject\",\"inLanguage\":\"es\",\"@id\":\"https:\/\/cocohouseofbeauty.com\/es\/producto\/cocos-sip-see\/#primaryimage\",\"url\":\"https:\/\/cocohouseofbeauty.com\/wp-content\/uploads\/2025\/02\/IMG_2090.jpeg\",\"contentUrl\":\"https:\/\/cocohouseofbeauty.com\/wp-content\/uploads\/2025\/02\/IMG_2090.jpeg\",\"width\":1414,\"height\":2000},{\"@type\":\"BreadcrumbList\",\"@id\":\"https:\/\/cocohouseofbeauty.com\/es\/producto\/cocos-sip-see\/#breadcrumb\",\"itemListElement\":[{\"@type\":\"ListItem\",\"position\":1,\"name\":\"Home\",\"item\":\"https:\/\/cocohouseofbeauty.com\/es\/\"},{\"@type\":\"ListItem\",\"position\":2,\"name\":\"Tienda\",\"item\":\"https:\/\/cocohouseofbeauty.com\/es\/tienda\/\"},{\"@type\":\"ListItem\",\"position\":3,\"name\":\"Coco&#8217;s Sip &amp; See\"}]},{\"@type\":\"WebSite\",\"@id\":\"https:\/\/cocohouseofbeauty.com\/es\/#website\",\"url\":\"https:\/\/cocohouseofbeauty.com\/es\/\",\"name\":\"Coco House of Beauty\",\"description\":\"Your beauty partner for exclusive lash &amp; brow brands\",\"publisher\":{\"@id\":\"https:\/\/cocohouseofbeauty.com\/es\/#organization\"},\"potentialAction\":[{\"@type\":\"SearchAction\",\"target\":{\"@type\":\"EntryPoint\",\"urlTemplate\":\"https:\/\/cocohouseofbeauty.com\/es\/?s={search_term_string}\"},\"query-input\":{\"@type\":\"PropertyValueSpecification\",\"valueRequired\":true,\"valueName\":\"search_term_string\"}}],\"inLanguage\":\"es\"},{\"@type\":\"Organization\",\"@id\":\"https:\/\/cocohouseofbeauty.com\/es\/#organization\",\"name\":\"Coco House of Beauty\",\"url\":\"https:\/\/cocohouseofbeauty.com\/es\/\",\"logo\":{\"@type\":\"ImageObject\",\"inLanguage\":\"es\",\"@id\":\"https:\/\/cocohouseofbeauty.com\/es\/#\/schema\/logo\/image\/\",\"url\":\"https:\/\/cocohouseofbeauty.com\/wp-content\/uploads\/2024\/03\/cropped-coco-logo-zonder-estb.png\",\"contentUrl\":\"https:\/\/cocohouseofbeauty.com\/wp-content\/uploads\/2024\/03\/cropped-coco-logo-zonder-estb.png\",\"width\":1532,\"height\":612,\"caption\":\"Coco House of Beauty\"},\"image\":{\"@id\":\"https:\/\/cocohouseofbeauty.com\/es\/#\/schema\/logo\/image\/\"},\"sameAs\":[\"https:\/\/www.facebook.com\/groups\/388929390727436\/about\/\",\"https:\/\/www.instagram.com\/cocohouse.of.beauty\/\",\"https:\/\/www.tiktok.com\/@cocohouseofbeauty\"],\"foundingDate\":\"2024-04-05\",\"numberOfEmployees\":{\"@type\":\"QuantitativeValue\",\"minValue\":\"11\",\"maxValue\":\"50\"}}]}<\/script>\n<meta property=\"product:price:amount\" content=\"75.00\" \/>\n<meta property=\"product:price:currency\" content=\"EUR\" \/>\n<meta property=\"og:availability\" content=\"instock\" \/>\n<meta property=\"product:availability\" content=\"instock\" \/>\n<meta property=\"product:condition\" content=\"new\" \/>\n<!-- \/ Yoast SEO Premium plugin. -->","yoast_head_json":{"title":"Coco's Sip &amp; See - Coco House of Beauty","robots":{"index":"index","follow":"follow","max-snippet":"max-snippet:-1","max-image-preview":"max-image-preview:large","max-video-preview":"max-video-preview:-1"},"canonical":"https:\/\/cocohouseofbeauty.com\/es\/producto\/cocos-sip-see\/","og_locale":"es_ES","og_type":"article","og_title":"Coco's Sip &amp; See","og_description":"\u2728PROFESIONALES DE LA BELLEZA, \u00a1RESERVAD LA FECHA! Op 22 maart organizamos nuestro eerste Coco Sip &amp; See... \u00a1y eso no te lo vas a perder! Nadie menos que Deboragh Hendren - The Brow Geek est\u00e1 disponible para un exclusivo Evento Educativo Brow Geek. Te ense\u00f1ar\u00e1 todo sobre los productos Infinity Hybride, c\u00f3mo funcionan y c\u00f3mo crear unas cejas perfectas. Y eso no es todo: \u00a1al final de la sesi\u00f3n recibir\u00e1s un certificado con tu nombre!  Te ofrecemos una gran variedad de comidas y bebidas. Y... \u00a1tenemos algo especial para ti! \u00a1Puedes comprar con un descuento exclusivo del 22% en todos los productos!  Las 10 primeras personas que compren su entrada recibir\u00e1n una bonita bolsa de regalos por 65,- \u20ac. \ud83d\uddd3 Datum: 22 maart \ud83d\udd52 Tijd: 15:00 tot 19:00 uur \ud83d\udccd Locatie: Catharinastraat 21, Breda \ud83c\udf9f \ud835\udde7\ud835\uddf6\ud835\uddf0\ud835\uddf8\ud835\uddf2\ud835\ude01\ud835\ude00 \ud83d\udd39 Early Bird (\ud835\ude35\ud835\ude30\ud835\ude35 \ud835\ude26\ud835\ude2f \ud835\ude2e\ud835\ude26\ud835\ude35 \ud835\udff7\ud835\udff8 \ud835\ude2e\ud835\ude22\ud835\ude22\ud835\ude33\ud835\ude35): 65,- \u20ac sin IVA \ud83d\udd39 Regulier: 75,- \u20ac sin IVA  D\u00e9jalo: S\u00f3lo hay sitio para 22 personas, \u00a1as\u00ed que vete pronto!","og_url":"https:\/\/cocohouseofbeauty.com\/es\/producto\/cocos-sip-see\/","og_site_name":"Coco House of Beauty","article_publisher":"https:\/\/www.facebook.com\/groups\/388929390727436\/about\/","og_image":[{"width":1414,"height":2000,"url":"https:\/\/cocohouseofbeauty.com\/wp-content\/uploads\/2025\/02\/IMG_2090.jpeg","type":"image\/jpeg"}],"twitter_card":"summary_large_image","twitter_misc":{"Precio":"&euro;&nbsp;75,00","Disponibilidad":"Disponible"},"schema":{"@context":"https:\/\/schema.org","@graph":[{"@type":"WebPage","@id":"https:\/\/cocohouseofbeauty.com\/es\/producto\/cocos-sip-see\/","url":"https:\/\/cocohouseofbeauty.com\/es\/producto\/cocos-sip-see\/","name":"Coco's Sip &amp; See - Coco House of Beauty","isPartOf":{"@id":"https:\/\/cocohouseofbeauty.com\/es\/#website"},"primaryImageOfPage":{"@id":"https:\/\/cocohouseofbeauty.com\/es\/producto\/cocos-sip-see\/#primaryimage"},"image":{"@id":"https:\/\/cocohouseofbeauty.com\/es\/producto\/cocos-sip-see\/#primaryimage"},"thumbnailUrl":"https:\/\/cocohouseofbeauty.com\/wp-content\/uploads\/2025\/02\/IMG_2090.jpeg","datePublished":"2025-02-25T20:00:19+00:00","breadcrumb":{"@id":"https:\/\/cocohouseofbeauty.com\/es\/producto\/cocos-sip-see\/#breadcrumb"},"inLanguage":"es","potentialAction":[{"@type":"ReadAction","target":["https:\/\/cocohouseofbeauty.com\/es\/producto\/cocos-sip-see\/"]}]},{"@type":"ImageObject","inLanguage":"es","@id":"https:\/\/cocohouseofbeauty.com\/es\/producto\/cocos-sip-see\/#primaryimage","url":"https:\/\/cocohouseofbeauty.com\/wp-content\/uploads\/2025\/02\/IMG_2090.jpeg","contentUrl":"https:\/\/cocohouseofbeauty.com\/wp-content\/uploads\/2025\/02\/IMG_2090.jpeg","width":1414,"height":2000},{"@type":"BreadcrumbList","@id":"https:\/\/cocohouseofbeauty.com\/es\/producto\/cocos-sip-see\/#breadcrumb","itemListElement":[{"@type":"ListItem","position":1,"name":"Home","item":"https:\/\/cocohouseofbeauty.com\/es\/"},{"@type":"ListItem","position":2,"name":"Tienda","item":"https:\/\/cocohouseofbeauty.com\/es\/tienda\/"},{"@type":"ListItem","position":3,"name":"Coco&#8217;s Sip &amp; See"}]},{"@type":"WebSite","@id":"https:\/\/cocohouseofbeauty.com\/es\/#website","url":"https:\/\/cocohouseofbeauty.com\/es\/","name":"Coco House of Beauty","description":"Your beauty partner for exclusive lash &amp; brow brands","publisher":{"@id":"https:\/\/cocohouseofbeauty.com\/es\/#organization"},"potentialAction":[{"@type":"SearchAction","target":{"@type":"EntryPoint","urlTemplate":"https:\/\/cocohouseofbeauty.com\/es\/?s={search_term_string}"},"query-input":{"@type":"PropertyValueSpecification","valueRequired":true,"valueName":"search_term_string"}}],"inLanguage":"es"},{"@type":"Organization","@id":"https:\/\/cocohouseofbeauty.com\/es\/#organization","name":"Coco House of Beauty","url":"https:\/\/cocohouseofbeauty.com\/es\/","logo":{"@type":"ImageObject","inLanguage":"es","@id":"https:\/\/cocohouseofbeauty.com\/es\/#\/schema\/logo\/image\/","url":"https:\/\/cocohouseofbeauty.com\/wp-content\/uploads\/2024\/03\/cropped-coco-logo-zonder-estb.png","contentUrl":"https:\/\/cocohouseofbeauty.com\/wp-content\/uploads\/2024\/03\/cropped-coco-logo-zonder-estb.png","width":1532,"height":612,"caption":"Coco House of Beauty"},"image":{"@id":"https:\/\/cocohouseofbeauty.com\/es\/#\/schema\/logo\/image\/"},"sameAs":["https:\/\/www.facebook.com\/groups\/388929390727436\/about\/","https:\/\/www.instagram.com\/cocohouse.of.beauty\/","https:\/\/www.tiktok.com\/@cocohouseofbeauty"],"foundingDate":"2024-04-05","numberOfEmployees":{"@type":"QuantitativeValue","minValue":"11","maxValue":"50"}}]},"product_price_amount":"75.00","product_price_currency":"EUR","og_availability":"instock","product_availability":"instock","product_condition":"new"},"taxonomy_info":{"product_cat":[{"value":1702,"label":"Events"}],"product_tag":[{"value":1710,"label":"netwerkborrel"},{"value":1711,"label":"taller de cejas"}]},"featured_image_src_large":["https:\/\/cocohouseofbeauty.com\/wp-content\/uploads\/2025\/02\/IMG_2090-724x1024.jpeg",724,1024,true],"author_info":[],"comment_info":0,"jetpack_sharing_enabled":true,"_links":{"self":[{"href":"https:\/\/cocohouseofbeauty.com\/es\/wp-json\/wp\/v2\/product\/18605","targetHints":{"allow":["GET"]}}],"collection":[{"href":"https:\/\/cocohouseofbeauty.com\/es\/wp-json\/wp\/v2\/product"}],"about":[{"href":"https:\/\/cocohouseofbeauty.com\/es\/wp-json\/wp\/v2\/types\/product"}],"replies":[{"embeddable":true,"href":"https:\/\/cocohouseofbeauty.com\/es\/wp-json\/wp\/v2\/comments?post=18605"}],"wp:featuredmedia":[{"embeddable":true,"href":"https:\/\/cocohouseofbeauty.com\/es\/wp-json\/wp\/v2\/media\/17564"}],"wp:attachment":[{"href":"https:\/\/cocohouseofbeauty.com\/es\/wp-json\/wp\/v2\/media?parent=18605"}],"wp:term":[{"taxonomy":"product_brand","embeddable":true,"href":"https:\/\/cocohouseofbeauty.com\/es\/wp-json\/wp\/v2\/product_brand?post=18605"},{"taxonomy":"product_cat","embeddable":true,"href":"https:\/\/cocohouseofbeauty.com\/es\/wp-json\/wp\/v2\/product_cat?post=18605"},{"taxonomy":"product_tag","embeddable":true,"href":"https:\/\/cocohouseofbeauty.com\/es\/wp-json\/wp\/v2\/product_tag?post=18605"}],"curies":[{"name":"wp","href":"https:\/\/api.w.org\/{rel}","templated":true}]}}