{"id":10578,"date":"2024-10-25T09:56:13","date_gmt":"2024-10-25T07:56:13","guid":{"rendered":"https:\/\/cocohouseofbeauty.com\/?post_type=product&#038;p=10578"},"modified":"2026-03-21T12:47:04","modified_gmt":"2026-03-21T10:47:04","slug":"escudos-hibridos-flex","status":"publish","type":"product","link":"https:\/\/cocohouseofbeauty.com\/es\/producto\/escudos-hibridos-flex\/","title":{"rendered":"Pack Combo Escudos H\u00edbridos Elleebana Flex"},"content":{"rendered":"<p data-start=\"1345\" data-end=\"1720\"><strong data-start=\"1349\" data-end=\"1383\">Las Pesta\u00f1as H\u00edbridas Flex Elleeebana<\/strong> ofrecen una inteligente combinaci\u00f3n del rizo de una varilla y la elevaci\u00f3n de una pantalla, lo que da como resultado unas pesta\u00f1as bellamente esculpidas en todo momento. Hechas de silicona ultrasuave, se amoldan sin esfuerzo al p\u00e1rpado y eliminan la necesidad de adhesivo, mejorando tanto la rapidez como la comodidad. De este modo, conseguir\u00e1s unas pesta\u00f1as perfectas y espectaculares, sin rizarlas en exceso ni irritarlas.  <\/p>\n<p data-start=\"1722\" data-end=\"2118\">Adem\u00e1s, su dise\u00f1o \u00fanico incluye una base rizada que pasa a una elevaci\u00f3n recta hacia arriba. Esta arquitectura garantiza que las pesta\u00f1as se extiendan de forma natural, al tiempo que mantiene la estructura perfecta para evitar el problema com\u00fan del rizo que se retrae. Las marcas en cada protector hacen que la selecci\u00f3n de tama\u00f1o sea r\u00e1pida y precisa, mientras que la pesta\u00f1a en forma de \u00e1rbol incorporada ofrece un agarre \u00f3ptimo para su manipulaci\u00f3n, incluso con guantes o pinzas.  <\/p>\n<p data-start=\"2120\" data-end=\"2562\">Adem\u00e1s, estos protectores h\u00edbridos se adaptan a una amplia gama de tipos de pesta\u00f1as, desde las cortas y rectas hasta las m\u00e1s largas o encapuchadas, sin sacrificar los efectos. Son f\u00e1ciles de limpiar y duraderos, siempre que los enjuagues inmediatamente despu\u00e9s de usarlos, los desinfectes adecuadamente y evites un remojo prolongado. En general, <strong data-start=\"2417\" data-end=\"2451\">los Protectores H\u00edbridos Flex Elleeebana<\/strong> son una elecci\u00f3n inteligente y eficaz que eleva la experiencia del lifting de pesta\u00f1as con una precisi\u00f3n pulcra y una comodidad superior.  <\/p>\n","protected":false},"excerpt":{"rendered":"<p data-start=\"828\" data-end=\"1020\">Los <strong data-start=\"832\" data-end=\"866\">Protectores H\u00edbridos Flex Elleeebana<\/strong> combinan el rizado de una barra y la elevaci\u00f3n de un protector en uno.<br data-start=\"925\" data-end=\"928\">Evitan el rizado excesivo y se ajustan perfectamente, proporcionando resultados impecables de elevaci\u00f3n de pesta\u00f1as c\u00f3modamente.<\/p>\n<ul data-start=\"1022\" data-end=\"1280\">\n<li data-start=\"1022\" data-end=\"1075\">\n<p data-start=\"1024\" data-end=\"1075\">Silicona ultrasuave y flexible para un ajuste c\u00f3modo<\/p>\n<\/li>\n<li data-start=\"1076\" data-end=\"1132\">\n<p data-start=\"1078\" data-end=\"1132\">La forma h\u00edbrida combina una base rizada con una elevaci\u00f3n recta<\/p>\n<\/li>\n<li data-start=\"1133\" data-end=\"1181\">\n<p data-start=\"1135\" data-end=\"1181\">Aplicaci\u00f3n sin adhesivo con agarre de leng\u00fceta de \u00e1rbol<\/p>\n<\/li>\n<li data-start=\"1182\" data-end=\"1231\">\n<p data-start=\"1184\" data-end=\"1231\">Disponible en tallas S, M, L, XL (izquierda y derecha)<\/p>\n<\/li>\n<li data-start=\"1232\" data-end=\"1280\">\n<p data-start=\"1234\" data-end=\"1280\">Admite diversas longitudes de pesta\u00f1as y formas de ojos<\/p>\n<\/li>\n<\/ul>\n<p>COCO-2177<\/p>\n","protected":false},"featured_media":10160,"comment_status":"open","ping_status":"closed","template":"","meta":{"_kad_blocks_custom_css":"","_kad_blocks_head_custom_js":"","_kad_blocks_body_custom_js":"","_kad_blocks_footer_custom_js":"","_kadence_starter_templates_imported_post":false,"_kad_post_transparent":"default","_kad_post_title":"","_kad_post_layout":"default","_kad_post_sidebar_id":"","_kad_post_content_style":"default","_kad_post_vertical_padding":"default","_kad_post_feature":"","_kad_post_feature_position":"","_kad_post_header":false,"_kad_post_footer":false,"_kad_post_classname":""},"product_brand":[],"product_cat":[137,139,2052,138],"product_tag":[7631,142,319,323,7633,7632,7626,7629,7634,7628,7355,7630,7627],"class_list":{"0":"post-10578","1":"product","2":"type-product","3":"status-publish","4":"has-post-thumbnail","6":"product_cat-elleebana-es","7":"product_cat-profusion-es","8":"product_cat-protectores-de-pestanas","9":"product_cat-un-disparo","10":"product_tag-accesorios-profesionales-para-pestanas","11":"product_tag-elleebana-es","12":"product_tag-elleebana-flex-shields-es","13":"product_tag-elleebana-hybride-shields-es","14":"product_tag-escudos-de-agarre-de-lengueta-de-arbol","15":"product_tag-escudos-de-silicona-reutilizables","16":"product_tag-escudos-hibridos-elleeebana-flex","17":"product_tag-herramientas-comodas-para-levantar-las-pestanas","18":"product_tag-pestanas-ajustables","19":"product_tag-protectores-de-pestanas-hibridos","20":"product_tag-protectores-de-pestanas-no-adhesivos","21":"product_tag-protectores-de-rizo-m-l","22":"product_tag-protectores-elevadores-de-pestanas-de-silicona","23":"product_shipping_class-tarifas-buzon","25":"first","26":"instock","27":"taxable","28":"shipping-taxable","29":"purchasable","30":"product-type-simple","31":"entry","32":"content-bg","33":"loop-entry"},"yoast_head":"<!-- This site is optimized with the Yoast SEO Premium plugin v27.2 (Yoast SEO v27.2) - https:\/\/yoast.com\/product\/yoast-seo-premium-wordpress\/ -->\n<title>Escudos H\u00edbridos Flex Elleeebana: Soluci\u00f3n que no necesita pegamento<\/title>\n<meta name=\"description\" content=\"Protectores elevadores de pesta\u00f1as de silicona h\u00edbrida de Elleeebana. Evitan el rizado excesivo y crean unas pesta\u00f1as elegantes y elevadas con una aplicaci\u00f3n c\u00f3moda y sin adhesivos.\" \/>\n<meta name=\"robots\" content=\"index, follow, max-snippet:-1, max-image-preview:large, max-video-preview:-1\" \/>\n<link rel=\"canonical\" href=\"https:\/\/cocohouseofbeauty.com\/es\/producto\/escudos-hibridos-flex\/\" \/>\n<meta property=\"og:locale\" content=\"es_ES\" \/>\n<meta property=\"og:type\" content=\"article\" \/>\n<meta property=\"og:title\" content=\"Pack Combo Escudos H\u00edbridos Elleebana Flex\" \/>\n<meta property=\"og:description\" content=\"Protectores elevadores de pesta\u00f1as de silicona h\u00edbrida de Elleeebana. Evitan el rizado excesivo y crean unas pesta\u00f1as elegantes y elevadas con una aplicaci\u00f3n c\u00f3moda y sin adhesivos.\" \/>\n<meta property=\"og:url\" content=\"https:\/\/cocohouseofbeauty.com\/es\/producto\/escudos-hibridos-flex\/\" \/>\n<meta property=\"og:site_name\" content=\"Coco House of Beauty\" \/>\n<meta property=\"article:publisher\" content=\"https:\/\/www.facebook.com\/groups\/388929390727436\/about\/\" \/>\n<meta property=\"article:modified_time\" content=\"2026-03-21T10:47:04+00:00\" \/>\n<meta property=\"og:image\" content=\"https:\/\/cocohouseofbeauty.com\/wp-content\/uploads\/2024\/10\/IMG_0625.png\" \/>\n\t<meta property=\"og:image:width\" content=\"500\" \/>\n\t<meta property=\"og:image:height\" content=\"499\" \/>\n\t<meta property=\"og:image:type\" content=\"image\/png\" \/>\n<meta name=\"twitter:card\" content=\"summary_large_image\" \/>\n<meta name=\"twitter:label1\" content=\"Precio\" \/>\n\t<meta name=\"twitter:data1\" content=\"&euro;&nbsp;29,95\" \/>\n\t<meta name=\"twitter:label2\" content=\"Disponibilidad\" \/>\n\t<meta name=\"twitter:data2\" content=\"Disponible\" \/>\n<script type=\"application\/ld+json\" class=\"yoast-schema-graph\">{\"@context\":\"https:\/\/schema.org\",\"@graph\":[{\"@type\":\"WebPage\",\"@id\":\"https:\/\/cocohouseofbeauty.com\/es\/producto\/escudos-hibridos-flex\/\",\"url\":\"https:\/\/cocohouseofbeauty.com\/es\/producto\/escudos-hibridos-flex\/\",\"name\":\"Escudos H\u00edbridos Flex Elleeebana: Soluci\u00f3n que no necesita pegamento\",\"isPartOf\":{\"@id\":\"https:\/\/cocohouseofbeauty.com\/es\/#website\"},\"primaryImageOfPage\":{\"@id\":\"https:\/\/cocohouseofbeauty.com\/es\/producto\/escudos-hibridos-flex\/#primaryimage\"},\"image\":{\"@id\":\"https:\/\/cocohouseofbeauty.com\/es\/producto\/escudos-hibridos-flex\/#primaryimage\"},\"thumbnailUrl\":\"https:\/\/cocohouseofbeauty.com\/wp-content\/uploads\/2024\/10\/IMG_0625.png\",\"datePublished\":\"2024-10-25T07:56:13+00:00\",\"dateModified\":\"2026-03-21T10:47:04+00:00\",\"description\":\"Protectores elevadores de pesta\u00f1as de silicona h\u00edbrida de Elleeebana. Evitan el rizado excesivo y crean unas pesta\u00f1as elegantes y elevadas con una aplicaci\u00f3n c\u00f3moda y sin adhesivos.\",\"breadcrumb\":{\"@id\":\"https:\/\/cocohouseofbeauty.com\/es\/producto\/escudos-hibridos-flex\/#breadcrumb\"},\"inLanguage\":\"es\",\"potentialAction\":[{\"@type\":\"ReadAction\",\"target\":[\"https:\/\/cocohouseofbeauty.com\/es\/producto\/escudos-hibridos-flex\/\"]}]},{\"@type\":\"ImageObject\",\"inLanguage\":\"es\",\"@id\":\"https:\/\/cocohouseofbeauty.com\/es\/producto\/escudos-hibridos-flex\/#primaryimage\",\"url\":\"https:\/\/cocohouseofbeauty.com\/wp-content\/uploads\/2024\/10\/IMG_0625.png\",\"contentUrl\":\"https:\/\/cocohouseofbeauty.com\/wp-content\/uploads\/2024\/10\/IMG_0625.png\",\"width\":500,\"height\":499,\"caption\":\"Protectores h\u00edbridos Elleeebana Flex, protectores de silicona para levantar las pesta\u00f1as, protectores h\u00edbridos para las pesta\u00f1as, protectores sin adhesivo para las pesta\u00f1as, c\u00f3modas herramientas para levantar las pesta\u00f1as, protectores para rizar M\/L, accesorios profesionales para las pesta\u00f1as, protectores de silicona reutilizables, protectores con agarre de pesta\u00f1a de \u00e1rbol, mechas ajustables para las pesta\u00f1as\"},{\"@type\":\"BreadcrumbList\",\"@id\":\"https:\/\/cocohouseofbeauty.com\/es\/producto\/escudos-hibridos-flex\/#breadcrumb\",\"itemListElement\":[{\"@type\":\"ListItem\",\"position\":1,\"name\":\"Home\",\"item\":\"https:\/\/cocohouseofbeauty.com\/es\/\"},{\"@type\":\"ListItem\",\"position\":2,\"name\":\"Tienda\",\"item\":\"https:\/\/cocohouseofbeauty.com\/es\/tienda\/\"},{\"@type\":\"ListItem\",\"position\":3,\"name\":\"Pack Combo Escudos H\u00edbridos Elleebana Flex\"}]},{\"@type\":\"WebSite\",\"@id\":\"https:\/\/cocohouseofbeauty.com\/es\/#website\",\"url\":\"https:\/\/cocohouseofbeauty.com\/es\/\",\"name\":\"Coco House of Beauty\",\"description\":\"Your beauty partner for exclusive lash &amp; brow brands\",\"publisher\":{\"@id\":\"https:\/\/cocohouseofbeauty.com\/es\/#organization\"},\"potentialAction\":[{\"@type\":\"SearchAction\",\"target\":{\"@type\":\"EntryPoint\",\"urlTemplate\":\"https:\/\/cocohouseofbeauty.com\/es\/?s={search_term_string}\"},\"query-input\":{\"@type\":\"PropertyValueSpecification\",\"valueRequired\":true,\"valueName\":\"search_term_string\"}}],\"inLanguage\":\"es\"},{\"@type\":\"Organization\",\"@id\":\"https:\/\/cocohouseofbeauty.com\/es\/#organization\",\"name\":\"Coco House of Beauty\",\"url\":\"https:\/\/cocohouseofbeauty.com\/es\/\",\"logo\":{\"@type\":\"ImageObject\",\"inLanguage\":\"es\",\"@id\":\"https:\/\/cocohouseofbeauty.com\/es\/#\/schema\/logo\/image\/\",\"url\":\"https:\/\/cocohouseofbeauty.com\/wp-content\/uploads\/2024\/03\/cropped-coco-logo-zonder-estb.png\",\"contentUrl\":\"https:\/\/cocohouseofbeauty.com\/wp-content\/uploads\/2024\/03\/cropped-coco-logo-zonder-estb.png\",\"width\":1532,\"height\":612,\"caption\":\"Coco House of Beauty\"},\"image\":{\"@id\":\"https:\/\/cocohouseofbeauty.com\/es\/#\/schema\/logo\/image\/\"},\"sameAs\":[\"https:\/\/www.facebook.com\/groups\/388929390727436\/about\/\",\"https:\/\/www.instagram.com\/cocohouse.of.beauty\/\",\"https:\/\/www.tiktok.com\/@cocohouseofbeauty\"],\"foundingDate\":\"2024-04-05\",\"numberOfEmployees\":{\"@type\":\"QuantitativeValue\",\"minValue\":\"11\",\"maxValue\":\"50\"}}]}<\/script>\n<meta property=\"product:price:amount\" content=\"29.95\" \/>\n<meta property=\"product:price:currency\" content=\"EUR\" \/>\n<meta property=\"og:availability\" content=\"instock\" \/>\n<meta property=\"product:availability\" content=\"instock\" \/>\n<meta property=\"product:retailer_item_id\" content=\"COCO-2177\" \/>\n<meta property=\"product:condition\" content=\"new\" \/>\n<!-- \/ Yoast SEO Premium plugin. -->","yoast_head_json":{"title":"Escudos H\u00edbridos Flex Elleeebana: Soluci\u00f3n que no necesita pegamento","description":"Protectores elevadores de pesta\u00f1as de silicona h\u00edbrida de Elleeebana. Evitan el rizado excesivo y crean unas pesta\u00f1as elegantes y elevadas con una aplicaci\u00f3n c\u00f3moda y sin adhesivos.","robots":{"index":"index","follow":"follow","max-snippet":"max-snippet:-1","max-image-preview":"max-image-preview:large","max-video-preview":"max-video-preview:-1"},"canonical":"https:\/\/cocohouseofbeauty.com\/es\/producto\/escudos-hibridos-flex\/","og_locale":"es_ES","og_type":"article","og_title":"Pack Combo Escudos H\u00edbridos Elleebana Flex","og_description":"Protectores elevadores de pesta\u00f1as de silicona h\u00edbrida de Elleeebana. Evitan el rizado excesivo y crean unas pesta\u00f1as elegantes y elevadas con una aplicaci\u00f3n c\u00f3moda y sin adhesivos.","og_url":"https:\/\/cocohouseofbeauty.com\/es\/producto\/escudos-hibridos-flex\/","og_site_name":"Coco House of Beauty","article_publisher":"https:\/\/www.facebook.com\/groups\/388929390727436\/about\/","article_modified_time":"2026-03-21T10:47:04+00:00","og_image":[{"width":500,"height":499,"url":"https:\/\/cocohouseofbeauty.com\/wp-content\/uploads\/2024\/10\/IMG_0625.png","type":"image\/png"}],"twitter_card":"summary_large_image","twitter_misc":{"Precio":"&euro;&nbsp;29,95","Disponibilidad":"Disponible"},"schema":{"@context":"https:\/\/schema.org","@graph":[{"@type":"WebPage","@id":"https:\/\/cocohouseofbeauty.com\/es\/producto\/escudos-hibridos-flex\/","url":"https:\/\/cocohouseofbeauty.com\/es\/producto\/escudos-hibridos-flex\/","name":"Escudos H\u00edbridos Flex Elleeebana: Soluci\u00f3n que no necesita pegamento","isPartOf":{"@id":"https:\/\/cocohouseofbeauty.com\/es\/#website"},"primaryImageOfPage":{"@id":"https:\/\/cocohouseofbeauty.com\/es\/producto\/escudos-hibridos-flex\/#primaryimage"},"image":{"@id":"https:\/\/cocohouseofbeauty.com\/es\/producto\/escudos-hibridos-flex\/#primaryimage"},"thumbnailUrl":"https:\/\/cocohouseofbeauty.com\/wp-content\/uploads\/2024\/10\/IMG_0625.png","datePublished":"2024-10-25T07:56:13+00:00","dateModified":"2026-03-21T10:47:04+00:00","description":"Protectores elevadores de pesta\u00f1as de silicona h\u00edbrida de Elleeebana. Evitan el rizado excesivo y crean unas pesta\u00f1as elegantes y elevadas con una aplicaci\u00f3n c\u00f3moda y sin adhesivos.","breadcrumb":{"@id":"https:\/\/cocohouseofbeauty.com\/es\/producto\/escudos-hibridos-flex\/#breadcrumb"},"inLanguage":"es","potentialAction":[{"@type":"ReadAction","target":["https:\/\/cocohouseofbeauty.com\/es\/producto\/escudos-hibridos-flex\/"]}]},{"@type":"ImageObject","inLanguage":"es","@id":"https:\/\/cocohouseofbeauty.com\/es\/producto\/escudos-hibridos-flex\/#primaryimage","url":"https:\/\/cocohouseofbeauty.com\/wp-content\/uploads\/2024\/10\/IMG_0625.png","contentUrl":"https:\/\/cocohouseofbeauty.com\/wp-content\/uploads\/2024\/10\/IMG_0625.png","width":500,"height":499,"caption":"Protectores h\u00edbridos Elleeebana Flex, protectores de silicona para levantar las pesta\u00f1as, protectores h\u00edbridos para las pesta\u00f1as, protectores sin adhesivo para las pesta\u00f1as, c\u00f3modas herramientas para levantar las pesta\u00f1as, protectores para rizar M\/L, accesorios profesionales para las pesta\u00f1as, protectores de silicona reutilizables, protectores con agarre de pesta\u00f1a de \u00e1rbol, mechas ajustables para las pesta\u00f1as"},{"@type":"BreadcrumbList","@id":"https:\/\/cocohouseofbeauty.com\/es\/producto\/escudos-hibridos-flex\/#breadcrumb","itemListElement":[{"@type":"ListItem","position":1,"name":"Home","item":"https:\/\/cocohouseofbeauty.com\/es\/"},{"@type":"ListItem","position":2,"name":"Tienda","item":"https:\/\/cocohouseofbeauty.com\/es\/tienda\/"},{"@type":"ListItem","position":3,"name":"Pack Combo Escudos H\u00edbridos Elleebana Flex"}]},{"@type":"WebSite","@id":"https:\/\/cocohouseofbeauty.com\/es\/#website","url":"https:\/\/cocohouseofbeauty.com\/es\/","name":"Coco House of Beauty","description":"Your beauty partner for exclusive lash &amp; brow brands","publisher":{"@id":"https:\/\/cocohouseofbeauty.com\/es\/#organization"},"potentialAction":[{"@type":"SearchAction","target":{"@type":"EntryPoint","urlTemplate":"https:\/\/cocohouseofbeauty.com\/es\/?s={search_term_string}"},"query-input":{"@type":"PropertyValueSpecification","valueRequired":true,"valueName":"search_term_string"}}],"inLanguage":"es"},{"@type":"Organization","@id":"https:\/\/cocohouseofbeauty.com\/es\/#organization","name":"Coco House of Beauty","url":"https:\/\/cocohouseofbeauty.com\/es\/","logo":{"@type":"ImageObject","inLanguage":"es","@id":"https:\/\/cocohouseofbeauty.com\/es\/#\/schema\/logo\/image\/","url":"https:\/\/cocohouseofbeauty.com\/wp-content\/uploads\/2024\/03\/cropped-coco-logo-zonder-estb.png","contentUrl":"https:\/\/cocohouseofbeauty.com\/wp-content\/uploads\/2024\/03\/cropped-coco-logo-zonder-estb.png","width":1532,"height":612,"caption":"Coco House of Beauty"},"image":{"@id":"https:\/\/cocohouseofbeauty.com\/es\/#\/schema\/logo\/image\/"},"sameAs":["https:\/\/www.facebook.com\/groups\/388929390727436\/about\/","https:\/\/www.instagram.com\/cocohouse.of.beauty\/","https:\/\/www.tiktok.com\/@cocohouseofbeauty"],"foundingDate":"2024-04-05","numberOfEmployees":{"@type":"QuantitativeValue","minValue":"11","maxValue":"50"}}]},"product_price_amount":"29.95","product_price_currency":"EUR","og_availability":"instock","product_availability":"instock","product_retailer_item_id":"COCO-2177","product_condition":"new"},"taxonomy_info":{"product_cat":[{"value":137,"label":"Elleebana"},{"value":139,"label":"Profusi\u00f3n"},{"value":2052,"label":"Protectores de pesta\u00f1as"},{"value":138,"label":"Un disparo"}],"product_tag":[{"value":7631,"label":"accesorios profesionales para pesta\u00f1as"},{"value":142,"label":"elleebana"},{"value":319,"label":"Elleebana flex shields"},{"value":323,"label":"Elleebana hybride shields"},{"value":7633,"label":"escudos de agarre de leng\u00fceta de \u00e1rbol"},{"value":7632,"label":"escudos de silicona reutilizables"},{"value":7626,"label":"Escudos H\u00edbridos Elleeebana Flex"},{"value":7629,"label":"herramientas c\u00f3modas para levantar las pesta\u00f1as"},{"value":7634,"label":"pesta\u00f1as ajustables"},{"value":7628,"label":"protectores de pesta\u00f1as h\u00edbridos"},{"value":7355,"label":"protectores de pesta\u00f1as no adhesivos"},{"value":7630,"label":"Protectores de rizo M\/L"},{"value":7627,"label":"protectores elevadores de pesta\u00f1as de silicona"}]},"featured_image_src_large":["https:\/\/cocohouseofbeauty.com\/wp-content\/uploads\/2024\/10\/IMG_0625.png",500,499,false],"author_info":[],"comment_info":0,"jetpack_sharing_enabled":true,"_links":{"self":[{"href":"https:\/\/cocohouseofbeauty.com\/es\/wp-json\/wp\/v2\/product\/10578","targetHints":{"allow":["GET"]}}],"collection":[{"href":"https:\/\/cocohouseofbeauty.com\/es\/wp-json\/wp\/v2\/product"}],"about":[{"href":"https:\/\/cocohouseofbeauty.com\/es\/wp-json\/wp\/v2\/types\/product"}],"replies":[{"embeddable":true,"href":"https:\/\/cocohouseofbeauty.com\/es\/wp-json\/wp\/v2\/comments?post=10578"}],"wp:featuredmedia":[{"embeddable":true,"href":"https:\/\/cocohouseofbeauty.com\/es\/wp-json\/wp\/v2\/media\/10160"}],"wp:attachment":[{"href":"https:\/\/cocohouseofbeauty.com\/es\/wp-json\/wp\/v2\/media?parent=10578"}],"wp:term":[{"taxonomy":"product_brand","embeddable":true,"href":"https:\/\/cocohouseofbeauty.com\/es\/wp-json\/wp\/v2\/product_brand?post=10578"},{"taxonomy":"product_cat","embeddable":true,"href":"https:\/\/cocohouseofbeauty.com\/es\/wp-json\/wp\/v2\/product_cat?post=10578"},{"taxonomy":"product_tag","embeddable":true,"href":"https:\/\/cocohouseofbeauty.com\/es\/wp-json\/wp\/v2\/product_tag?post=10578"}],"curies":[{"name":"wp","href":"https:\/\/api.w.org\/{rel}","templated":true}]}}