{"id":10266,"date":"2024-10-21T08:00:24","date_gmt":"2024-10-21T06:00:24","guid":{"rendered":"https:\/\/cocohouseofbeauty.com\/product\/cepillo-angular-de-silicona-bkate\/"},"modified":"2026-01-22T15:13:34","modified_gmt":"2026-01-22T13:13:34","slug":"cepillo-angular-de-silicona-bkate","status":"publish","type":"product","link":"https:\/\/cocohouseofbeauty.com\/es\/producto\/cepillo-angular-de-silicona-bkate\/","title":{"rendered":"CEPILLO ANGULAR DE SILICONA B&#8217;KATE"},"content":{"rendered":"<p data-start=\"685\" data-end=\"722\"><span class=\"relative -mx-px my-[-0.2rem] rounded px-px py-[0.2rem] transition-colors duration-100 ease-in-out\">El <strong data-start=\"4\" data-end=\"36\">Pincel angular de silicona B&#8217;KATE<\/strong> es una herramienta profesional dise\u00f1ada para aplicar con precisi\u00f3n los productos de henna o para difuminar las cejas. La punta de silicona en \u00e1ngulo proporciona un control preciso y ayuda a crear l\u00edneas limpias y n\u00edtidas con el m\u00ednimo esfuerzo. Recoge el producto con suavidad y lo deposita sobre la piel o el cabello sin absorberlo.<\/span><\/p>\n<p data-start=\"724\" data-end=\"761\"><span class=\"relative -mx-px my-[-0.2rem] rounded px-px py-[0.2rem] transition-colors duration-100 ease-in-out\">Este cepillo es ideal para los profesionales de la belleza que realizan tratamientos de tinte de cejas o henna. Su dise\u00f1o higi\u00e9nico permite limpiarlo f\u00e1cilmente entre usos. La silicona resiste los l\u00edquidos y evita las acumulaciones: s\u00f3lo tienes que limpiarlo con alcohol o limpiador y estar\u00e1 listo de nuevo.  <\/span><\/p>\n<p data-start=\"763\" data-end=\"802\"><span class=\"relative -mx-px my-[-0.2rem] rounded px-px py-[0.2rem] transition-colors duration-100 ease-in-out\">Como no absorbe producto, aprovechas mejor el ba\u00f1o de cejas o la henna. El cepillo es vegano, no contiene crueldad ni gluten, por lo que es adecuado para pieles sensibles y rutinas de belleza \u00e9ticas. <\/span><\/p>\n<p data-start=\"804\" data-end=\"843\"><span class=\"relative -mx-px my-[-0.2rem] rounded px-px py-[0.2rem] transition-colors duration-100 ease-in-out\">Ligero y duradero, el pincel tiene un agarre c\u00f3modo que permite trabajar con precisi\u00f3n y firmeza. Es perfecto para dar forma detallada, difuminar o trabajar con bordes limpios alrededor de las l\u00edneas del pelo de las cejas. El <strong data-start=\"191\" data-end=\"223\">Pincel Angular de Silicona B&#8217;KATE<\/strong> es un complemento inteligente para cualquier kit de cejas. Mejora la precisi\u00f3n, la higiene y la facilidad de uso con un dise\u00f1o elegante y pr\u00e1ctico.   <\/span><\/p>\n","protected":false},"excerpt":{"rendered":"<p data-start=\"376\" data-end=\"413\"><span class=\"relative -mx-px my-[-0.2rem] rounded px-px py-[0.2rem] transition-colors duration-100 ease-in-out\">Este pincel angulado de silicona te permite aplicar productos de henna o crema para cejas con l\u00edneas limpias y precisi\u00f3n. Es vegano, sin gluten y f\u00e1cil de higienizar. <\/span><\/p>\n<ul data-start=\"415\" data-end=\"582\">\n<li data-start=\"415\" data-end=\"456\">\n<p data-start=\"417\" data-end=\"456\"><span class=\"relative -mx-px my-[-0.2rem] rounded px-px py-[0.2rem] transition-colors duration-100 ease-in-out\">Punta de silicona angulada para una colocaci\u00f3n exacta del producto<\/span><\/p>\n<\/li>\n<li data-start=\"457\" data-end=\"498\">\n<p data-start=\"459\" data-end=\"498\"><span class=\"relative -mx-px my-[-0.2rem] rounded px-px py-[0.2rem] transition-colors duration-100 ease-in-out\">Ideal para el uso de henna para cejas y crema para cejas<\/span><\/p>\n<\/li>\n<li data-start=\"499\" data-end=\"540\">\n<p data-start=\"501\" data-end=\"540\"><span class=\"relative -mx-px my-[-0.2rem] rounded px-px py-[0.2rem] transition-colors duration-100 ease-in-out\">No absorbente y f\u00e1cil de limpiar<\/span><\/p>\n<\/li>\n<li data-start=\"541\" data-end=\"582\">\n<p data-start=\"543\" data-end=\"582\"><span class=\"relative -mx-px my-[-0.2rem] rounded px-px py-[0.2rem] transition-colors duration-100 ease-in-out\">F\u00f3rmula vegana, sin gluten y sin crueldad<\/span><\/p>\n<\/li>\n<\/ul>\n<p class=\"ai-optimize-35\"><strong>Precio de venta recomendado<\/strong>: 11,99<\/p>\n<p class=\"ai-optimize-36\">SKU: Q0-10187<\/p>\n","protected":false},"featured_media":8661,"comment_status":"open","ping_status":"closed","template":"","meta":{"_kad_blocks_custom_css":"","_kad_blocks_head_custom_js":"","_kad_blocks_body_custom_js":"","_kad_blocks_footer_custom_js":"","_kadence_starter_templates_imported_post":false,"_kad_post_transparent":"default","_kad_post_title":"","_kad_post_layout":"default","_kad_post_sidebar_id":"","_kad_post_content_style":"default","_kad_post_vertical_padding":"default","_kad_post_feature":"","_kad_post_feature_position":"","_kad_post_header":false,"_kad_post_footer":false,"_kad_post_classname":""},"product_brand":[2264],"product_cat":[315,2108,4992],"product_tag":[],"class_list":{"0":"post-10266","1":"product","2":"type-product","3":"status-publish","4":"has-post-thumbnail","6":"product_brand-bkate-cosmetics","7":"product_cat-b-kate-es","8":"product_cat-pinceles-y-herramientas","9":"product_cat-venta-al-por-menor","10":"product_shipping_class-tarifas-buzon","12":"first","13":"instock","14":"taxable","15":"shipping-taxable","16":"purchasable","17":"product-type-simple","18":"entry","19":"content-bg","20":"loop-entry"},"yoast_head":"<!-- This site is optimized with the Yoast SEO Premium plugin v27.2 (Yoast SEO v27.2) - https:\/\/yoast.com\/product\/yoast-seo-premium-wordpress\/ -->\n<title>Pincel angular de silicona B&#039;KATE: Precisi\u00f3n y Calidad<\/title>\n<meta name=\"description\" content=\"El Pincel angular de silicona B&#039;KATE es una herramienta de silicona vegana dise\u00f1ada para una aplicaci\u00f3n precisa de la henna y el ba\u00f1o de cejas. Suave, higi\u00e9nico y f\u00e1cil de limpiar.\" \/>\n<meta name=\"robots\" content=\"index, follow, max-snippet:-1, max-image-preview:large, max-video-preview:-1\" \/>\n<link rel=\"canonical\" href=\"https:\/\/cocohouseofbeauty.com\/es\/producto\/cepillo-angular-de-silicona-bkate\/\" \/>\n<meta property=\"og:locale\" content=\"es_ES\" \/>\n<meta property=\"og:type\" content=\"article\" \/>\n<meta property=\"og:title\" content=\"CEPILLO ANGULAR DE SILICONA B&#039;KATE\" \/>\n<meta property=\"og:description\" content=\"El Pincel angular de silicona B&#039;KATE es una herramienta de silicona vegana dise\u00f1ada para una aplicaci\u00f3n precisa de la henna y el ba\u00f1o de cejas. Suave, higi\u00e9nico y f\u00e1cil de limpiar.\" \/>\n<meta property=\"og:url\" content=\"https:\/\/cocohouseofbeauty.com\/es\/producto\/cepillo-angular-de-silicona-bkate\/\" \/>\n<meta property=\"og:site_name\" content=\"Coco House of Beauty\" \/>\n<meta property=\"article:publisher\" content=\"https:\/\/www.facebook.com\/groups\/388929390727436\/about\/\" \/>\n<meta property=\"article:modified_time\" content=\"2026-01-22T13:13:34+00:00\" \/>\n<meta property=\"og:image\" content=\"https:\/\/cocohouseofbeauty.com\/wp-content\/uploads\/2024\/10\/BKATE-057-scaled-1.jpg\" \/>\n\t<meta property=\"og:image:width\" content=\"2560\" \/>\n\t<meta property=\"og:image:height\" content=\"2560\" \/>\n\t<meta property=\"og:image:type\" content=\"image\/jpeg\" \/>\n<meta name=\"twitter:card\" content=\"summary_large_image\" \/>\n<meta name=\"twitter:label1\" content=\"Precio\" \/>\n\t<meta name=\"twitter:data1\" content=\"&euro;&nbsp;9,91\" \/>\n\t<meta name=\"twitter:label2\" content=\"Disponibilidad\" \/>\n\t<meta name=\"twitter:data2\" content=\"Disponible\" \/>\n<script type=\"application\/ld+json\" class=\"yoast-schema-graph\">{\"@context\":\"https:\/\/schema.org\",\"@graph\":[{\"@type\":\"WebPage\",\"@id\":\"https:\/\/cocohouseofbeauty.com\/es\/producto\/cepillo-angular-de-silicona-bkate\/\",\"url\":\"https:\/\/cocohouseofbeauty.com\/es\/producto\/cepillo-angular-de-silicona-bkate\/\",\"name\":\"Pincel angular de silicona B'KATE: Precisi\u00f3n y Calidad\",\"isPartOf\":{\"@id\":\"https:\/\/cocohouseofbeauty.com\/es\/#website\"},\"primaryImageOfPage\":{\"@id\":\"https:\/\/cocohouseofbeauty.com\/es\/producto\/cepillo-angular-de-silicona-bkate\/#primaryimage\"},\"image\":{\"@id\":\"https:\/\/cocohouseofbeauty.com\/es\/producto\/cepillo-angular-de-silicona-bkate\/#primaryimage\"},\"thumbnailUrl\":\"https:\/\/cocohouseofbeauty.com\/wp-content\/uploads\/2024\/10\/BKATE-057-scaled-1.jpg\",\"datePublished\":\"2024-10-21T06:00:24+00:00\",\"dateModified\":\"2026-01-22T13:13:34+00:00\",\"description\":\"El Pincel angular de silicona B'KATE es una herramienta de silicona vegana dise\u00f1ada para una aplicaci\u00f3n precisa de la henna y el ba\u00f1o de cejas. Suave, higi\u00e9nico y f\u00e1cil de limpiar.\",\"breadcrumb\":{\"@id\":\"https:\/\/cocohouseofbeauty.com\/es\/producto\/cepillo-angular-de-silicona-bkate\/#breadcrumb\"},\"inLanguage\":\"es\",\"potentialAction\":[{\"@type\":\"ReadAction\",\"target\":[\"https:\/\/cocohouseofbeauty.com\/es\/producto\/cepillo-angular-de-silicona-bkate\/\"]}]},{\"@type\":\"ImageObject\",\"inLanguage\":\"es\",\"@id\":\"https:\/\/cocohouseofbeauty.com\/es\/producto\/cepillo-angular-de-silicona-bkate\/#primaryimage\",\"url\":\"https:\/\/cocohouseofbeauty.com\/wp-content\/uploads\/2024\/10\/BKATE-057-scaled-1.jpg\",\"contentUrl\":\"https:\/\/cocohouseofbeauty.com\/wp-content\/uploads\/2024\/10\/BKATE-057-scaled-1.jpg\",\"width\":2560,\"height\":2560,\"caption\":\"bkate, aplicador de silicona para cejas, aplicador de henna para cejas, aplicador vegano para cejas, aplicador higi\u00e9nico para cejas, aplicador de silicona para cejas, aplicador precieze para cejas, aplicador sin crueldad, aplicador sin gluten, aplicador para cejas\"},{\"@type\":\"BreadcrumbList\",\"@id\":\"https:\/\/cocohouseofbeauty.com\/es\/producto\/cepillo-angular-de-silicona-bkate\/#breadcrumb\",\"itemListElement\":[{\"@type\":\"ListItem\",\"position\":1,\"name\":\"Home\",\"item\":\"https:\/\/cocohouseofbeauty.com\/es\/\"},{\"@type\":\"ListItem\",\"position\":2,\"name\":\"Tienda\",\"item\":\"https:\/\/cocohouseofbeauty.com\/es\/tienda\/\"},{\"@type\":\"ListItem\",\"position\":3,\"name\":\"CEPILLO ANGULAR DE SILICONA B&#8217;KATE\"}]},{\"@type\":\"WebSite\",\"@id\":\"https:\/\/cocohouseofbeauty.com\/es\/#website\",\"url\":\"https:\/\/cocohouseofbeauty.com\/es\/\",\"name\":\"Coco House of Beauty\",\"description\":\"Your beauty partner for exclusive lash &amp; brow brands\",\"publisher\":{\"@id\":\"https:\/\/cocohouseofbeauty.com\/es\/#organization\"},\"potentialAction\":[{\"@type\":\"SearchAction\",\"target\":{\"@type\":\"EntryPoint\",\"urlTemplate\":\"https:\/\/cocohouseofbeauty.com\/es\/?s={search_term_string}\"},\"query-input\":{\"@type\":\"PropertyValueSpecification\",\"valueRequired\":true,\"valueName\":\"search_term_string\"}}],\"inLanguage\":\"es\"},{\"@type\":\"Organization\",\"@id\":\"https:\/\/cocohouseofbeauty.com\/es\/#organization\",\"name\":\"Coco House of Beauty\",\"url\":\"https:\/\/cocohouseofbeauty.com\/es\/\",\"logo\":{\"@type\":\"ImageObject\",\"inLanguage\":\"es\",\"@id\":\"https:\/\/cocohouseofbeauty.com\/es\/#\/schema\/logo\/image\/\",\"url\":\"https:\/\/cocohouseofbeauty.com\/wp-content\/uploads\/2024\/03\/cropped-coco-logo-zonder-estb.png\",\"contentUrl\":\"https:\/\/cocohouseofbeauty.com\/wp-content\/uploads\/2024\/03\/cropped-coco-logo-zonder-estb.png\",\"width\":1532,\"height\":612,\"caption\":\"Coco House of Beauty\"},\"image\":{\"@id\":\"https:\/\/cocohouseofbeauty.com\/es\/#\/schema\/logo\/image\/\"},\"sameAs\":[\"https:\/\/www.facebook.com\/groups\/388929390727436\/about\/\",\"https:\/\/www.instagram.com\/cocohouse.of.beauty\/\",\"https:\/\/www.tiktok.com\/@cocohouseofbeauty\"],\"foundingDate\":\"2024-04-05\",\"numberOfEmployees\":{\"@type\":\"QuantitativeValue\",\"minValue\":\"11\",\"maxValue\":\"50\"}}]}<\/script>\n<meta property=\"product:price:amount\" content=\"9.91\" \/>\n<meta property=\"product:price:currency\" content=\"EUR\" \/>\n<meta property=\"og:availability\" content=\"instock\" \/>\n<meta property=\"product:availability\" content=\"instock\" \/>\n<meta property=\"product:retailer_item_id\" content=\"Q0-10187\" \/>\n<meta property=\"product:condition\" content=\"new\" \/>\n<!-- \/ Yoast SEO Premium plugin. -->","yoast_head_json":{"title":"Pincel angular de silicona B'KATE: Precisi\u00f3n y Calidad","description":"El Pincel angular de silicona B'KATE es una herramienta de silicona vegana dise\u00f1ada para una aplicaci\u00f3n precisa de la henna y el ba\u00f1o de cejas. Suave, higi\u00e9nico y f\u00e1cil de limpiar.","robots":{"index":"index","follow":"follow","max-snippet":"max-snippet:-1","max-image-preview":"max-image-preview:large","max-video-preview":"max-video-preview:-1"},"canonical":"https:\/\/cocohouseofbeauty.com\/es\/producto\/cepillo-angular-de-silicona-bkate\/","og_locale":"es_ES","og_type":"article","og_title":"CEPILLO ANGULAR DE SILICONA B'KATE","og_description":"El Pincel angular de silicona B'KATE es una herramienta de silicona vegana dise\u00f1ada para una aplicaci\u00f3n precisa de la henna y el ba\u00f1o de cejas. Suave, higi\u00e9nico y f\u00e1cil de limpiar.","og_url":"https:\/\/cocohouseofbeauty.com\/es\/producto\/cepillo-angular-de-silicona-bkate\/","og_site_name":"Coco House of Beauty","article_publisher":"https:\/\/www.facebook.com\/groups\/388929390727436\/about\/","article_modified_time":"2026-01-22T13:13:34+00:00","og_image":[{"width":2560,"height":2560,"url":"https:\/\/cocohouseofbeauty.com\/wp-content\/uploads\/2024\/10\/BKATE-057-scaled-1.jpg","type":"image\/jpeg"}],"twitter_card":"summary_large_image","twitter_misc":{"Precio":"&euro;&nbsp;9,91","Disponibilidad":"Disponible"},"schema":{"@context":"https:\/\/schema.org","@graph":[{"@type":"WebPage","@id":"https:\/\/cocohouseofbeauty.com\/es\/producto\/cepillo-angular-de-silicona-bkate\/","url":"https:\/\/cocohouseofbeauty.com\/es\/producto\/cepillo-angular-de-silicona-bkate\/","name":"Pincel angular de silicona B'KATE: Precisi\u00f3n y Calidad","isPartOf":{"@id":"https:\/\/cocohouseofbeauty.com\/es\/#website"},"primaryImageOfPage":{"@id":"https:\/\/cocohouseofbeauty.com\/es\/producto\/cepillo-angular-de-silicona-bkate\/#primaryimage"},"image":{"@id":"https:\/\/cocohouseofbeauty.com\/es\/producto\/cepillo-angular-de-silicona-bkate\/#primaryimage"},"thumbnailUrl":"https:\/\/cocohouseofbeauty.com\/wp-content\/uploads\/2024\/10\/BKATE-057-scaled-1.jpg","datePublished":"2024-10-21T06:00:24+00:00","dateModified":"2026-01-22T13:13:34+00:00","description":"El Pincel angular de silicona B'KATE es una herramienta de silicona vegana dise\u00f1ada para una aplicaci\u00f3n precisa de la henna y el ba\u00f1o de cejas. Suave, higi\u00e9nico y f\u00e1cil de limpiar.","breadcrumb":{"@id":"https:\/\/cocohouseofbeauty.com\/es\/producto\/cepillo-angular-de-silicona-bkate\/#breadcrumb"},"inLanguage":"es","potentialAction":[{"@type":"ReadAction","target":["https:\/\/cocohouseofbeauty.com\/es\/producto\/cepillo-angular-de-silicona-bkate\/"]}]},{"@type":"ImageObject","inLanguage":"es","@id":"https:\/\/cocohouseofbeauty.com\/es\/producto\/cepillo-angular-de-silicona-bkate\/#primaryimage","url":"https:\/\/cocohouseofbeauty.com\/wp-content\/uploads\/2024\/10\/BKATE-057-scaled-1.jpg","contentUrl":"https:\/\/cocohouseofbeauty.com\/wp-content\/uploads\/2024\/10\/BKATE-057-scaled-1.jpg","width":2560,"height":2560,"caption":"bkate, aplicador de silicona para cejas, aplicador de henna para cejas, aplicador vegano para cejas, aplicador higi\u00e9nico para cejas, aplicador de silicona para cejas, aplicador precieze para cejas, aplicador sin crueldad, aplicador sin gluten, aplicador para cejas"},{"@type":"BreadcrumbList","@id":"https:\/\/cocohouseofbeauty.com\/es\/producto\/cepillo-angular-de-silicona-bkate\/#breadcrumb","itemListElement":[{"@type":"ListItem","position":1,"name":"Home","item":"https:\/\/cocohouseofbeauty.com\/es\/"},{"@type":"ListItem","position":2,"name":"Tienda","item":"https:\/\/cocohouseofbeauty.com\/es\/tienda\/"},{"@type":"ListItem","position":3,"name":"CEPILLO ANGULAR DE SILICONA B&#8217;KATE"}]},{"@type":"WebSite","@id":"https:\/\/cocohouseofbeauty.com\/es\/#website","url":"https:\/\/cocohouseofbeauty.com\/es\/","name":"Coco House of Beauty","description":"Your beauty partner for exclusive lash &amp; brow brands","publisher":{"@id":"https:\/\/cocohouseofbeauty.com\/es\/#organization"},"potentialAction":[{"@type":"SearchAction","target":{"@type":"EntryPoint","urlTemplate":"https:\/\/cocohouseofbeauty.com\/es\/?s={search_term_string}"},"query-input":{"@type":"PropertyValueSpecification","valueRequired":true,"valueName":"search_term_string"}}],"inLanguage":"es"},{"@type":"Organization","@id":"https:\/\/cocohouseofbeauty.com\/es\/#organization","name":"Coco House of Beauty","url":"https:\/\/cocohouseofbeauty.com\/es\/","logo":{"@type":"ImageObject","inLanguage":"es","@id":"https:\/\/cocohouseofbeauty.com\/es\/#\/schema\/logo\/image\/","url":"https:\/\/cocohouseofbeauty.com\/wp-content\/uploads\/2024\/03\/cropped-coco-logo-zonder-estb.png","contentUrl":"https:\/\/cocohouseofbeauty.com\/wp-content\/uploads\/2024\/03\/cropped-coco-logo-zonder-estb.png","width":1532,"height":612,"caption":"Coco House of Beauty"},"image":{"@id":"https:\/\/cocohouseofbeauty.com\/es\/#\/schema\/logo\/image\/"},"sameAs":["https:\/\/www.facebook.com\/groups\/388929390727436\/about\/","https:\/\/www.instagram.com\/cocohouse.of.beauty\/","https:\/\/www.tiktok.com\/@cocohouseofbeauty"],"foundingDate":"2024-04-05","numberOfEmployees":{"@type":"QuantitativeValue","minValue":"11","maxValue":"50"}}]},"product_price_amount":"9.91","product_price_currency":"EUR","og_availability":"instock","product_availability":"instock","product_retailer_item_id":"Q0-10187","product_condition":"new"},"taxonomy_info":{"product_brand":[{"value":2264,"label":"B'KATE COSMETICS"}],"product_cat":[{"value":315,"label":"B-Kate"},{"value":2108,"label":"Pinceles y herramientas"},{"value":4992,"label":"Venta al por menor"}]},"featured_image_src_large":["https:\/\/cocohouseofbeauty.com\/wp-content\/uploads\/2024\/10\/BKATE-057-scaled-1-1024x1024.jpg",1024,1024,true],"author_info":[],"comment_info":0,"jetpack_sharing_enabled":true,"_links":{"self":[{"href":"https:\/\/cocohouseofbeauty.com\/es\/wp-json\/wp\/v2\/product\/10266","targetHints":{"allow":["GET"]}}],"collection":[{"href":"https:\/\/cocohouseofbeauty.com\/es\/wp-json\/wp\/v2\/product"}],"about":[{"href":"https:\/\/cocohouseofbeauty.com\/es\/wp-json\/wp\/v2\/types\/product"}],"replies":[{"embeddable":true,"href":"https:\/\/cocohouseofbeauty.com\/es\/wp-json\/wp\/v2\/comments?post=10266"}],"wp:featuredmedia":[{"embeddable":true,"href":"https:\/\/cocohouseofbeauty.com\/es\/wp-json\/wp\/v2\/media\/8661"}],"wp:attachment":[{"href":"https:\/\/cocohouseofbeauty.com\/es\/wp-json\/wp\/v2\/media?parent=10266"}],"wp:term":[{"taxonomy":"product_brand","embeddable":true,"href":"https:\/\/cocohouseofbeauty.com\/es\/wp-json\/wp\/v2\/product_brand?post=10266"},{"taxonomy":"product_cat","embeddable":true,"href":"https:\/\/cocohouseofbeauty.com\/es\/wp-json\/wp\/v2\/product_cat?post=10266"},{"taxonomy":"product_tag","embeddable":true,"href":"https:\/\/cocohouseofbeauty.com\/es\/wp-json\/wp\/v2\/product_tag?post=10266"}],"curies":[{"name":"wp","href":"https:\/\/api.w.org\/{rel}","templated":true}]}}