{"id":9929,"date":"2024-03-26T15:27:13","date_gmt":"2024-03-26T13:27:13","guid":{"rendered":"https:\/\/cocohouseofbeauty.com\/product\/wimpernlifting-buerste\/"},"modified":"2025-09-30T17:28:33","modified_gmt":"2025-09-30T15:28:33","slug":"wimpernlifting-buerste","status":"publish","type":"product","link":"https:\/\/cocohouseofbeauty.com\/de\/produkt\/wimpernlifting-buerste\/","title":{"rendered":"Coco&#8217;s Wimpernlift-B\u00fcrste"},"content":{"rendered":"<p class=\"ai-optimize-26 ai-optimize-introduction\" data-start=\"423\" data-end=\"460\"><span class=\"relative -mx-px my-[-0.2rem] rounded px-px py-[0.2rem] transition-colors duration-100 ease-in-out\">Erzielen Sie mit der <strong data-start=\"35\" data-end=\"54\">Lash Lift Brush<\/strong> von Coco House of Beauty ein perfektes Ergebnis im Salon. Sie wurde speziell f\u00fcr Wimperntechniker entwickelt, die Schnelligkeit, Hygiene und Pr\u00e4zision in einem Werkzeug w\u00fcnschen. Diese professionelle B\u00fcrste verf\u00fcgt \u00fcber einen flachen B\u00fcrstenkopf an einem Ende, der perfekt ist, um Kleber oder Balsam gleichm\u00e4\u00dfig auf die Wimpern aufzutragen und sie mit Leichtigkeit auf den Lifting-Pads zu fixieren. Das dichte, abgewinkelte Design erm\u00f6glicht eine makellose Platzierung der Wimpern und verhindert ein Ziehen oder Zerren. Wenn Sie ihn umdrehen, finden Sie einen hochwertigen Spoolie, der die Wimpern trennt, das Produkt gleichm\u00e4\u00dfig verteilt und daf\u00fcr sorgt, dass jede Wimper einzeln angehoben und definiert wird.    <\/span><\/p>\n<p class=\"ai-optimize-27\" data-start=\"462\" data-end=\"499\"><span class=\"relative -mx-px my-[-0.2rem] rounded px-px py-[0.2rem] transition-colors duration-100 ease-in-out\">Diese Wimpernb\u00fcrste eignet sich f\u00fcr alle professionellen Techniken, egal ob Sie Kleber, Klebebalsam oder herk\u00f6mmliche Dauerwellenlotion verwenden. Sie hilft Ihnen, Ihren Arbeitsablauf zu rationalisieren und liefert gleichbleibende Ergebnisse. Sie ist aus langlebigen, leicht zu reinigenden Materialien gefertigt, die einer regelm\u00e4\u00dfigen Desinfektion standhalten. Au\u00dferdem bietet der ergonomische Griff vollst\u00e4ndige Kontrolle und Komfort bei detaillierten Anwendungen, so dass Sie auch an langen Arbeitstagen erm\u00fcdungsfrei arbeiten k\u00f6nnen.  <\/span><\/p>\n<p class=\"ai-optimize-28\" data-start=\"501\" data-end=\"538\"><span class=\"relative -mx-px my-[-0.2rem] rounded px-px py-[0.2rem] transition-colors duration-100 ease-in-out\">Die <strong data-start=\"74\" data-end=\"93\">Lash Lift Brush<\/strong> ist kompakt genug f\u00fcr ein Reiseset und robust genug f\u00fcr den t\u00e4glichen Gebrauch im Salon. Sie ist ein unverzichtbares Werkzeug f\u00fcr Wimpernlifting- und F\u00e4rbeprofis, die pr\u00e4zise und hochwertige Ergebnisse f\u00fcr ihre Kunden erzielen m\u00f6chten. Wenn Sie ein Profi sind, der Schnelligkeit, Genauigkeit und Hygiene in einer B\u00fcrste sucht, ist dieses Werkzeug die perfekte Erg\u00e4nzung f\u00fcr Ihr Wimpernlifting-Arsenal. <\/span><\/p>\n","protected":false},"excerpt":{"rendered":"<p class=\"ai-optimize-25\" data-start=\"337\" data-end=\"374\"><span class=\"relative -mx-px my-[-0.2rem] rounded px-px py-[0.2rem] transition-colors duration-100 ease-in-out\">Diese Lash Lift Brush mit zwei Enden verf\u00fcgt \u00fcber eine dichte, flache B\u00fcrste zum Umwickeln der Wimpern mit Kleber oder Balsam sowie ein Spoolie-Ende zum Trennen und Verfeinern jeder einzelnen Wimper. Ein unverzichtbares Pr\u00e4zisionswerkzeug f\u00fcr ein Wimpernlifting in Salonqualit\u00e4t. <\/span><\/p>\n<p>&nbsp;<\/p>\n<p class=\"ai-optimize-23\">SKU: COCO-2117<\/p>\n","protected":false},"featured_media":5964,"comment_status":"closed","ping_status":"closed","template":"","meta":{"_kad_blocks_custom_css":"","_kad_blocks_head_custom_js":"","_kad_blocks_body_custom_js":"","_kad_blocks_footer_custom_js":"","_kadence_starter_templates_imported_post":false,"_kad_post_transparent":"default","_kad_post_title":"","_kad_post_layout":"default","_kad_post_sidebar_id":"","_kad_post_content_style":"default","_kad_post_vertical_padding":"default","_kad_post_feature":"","_kad_post_feature_position":"","_kad_post_header":false,"_kad_post_footer":false,"_kad_post_classname":""},"product_brand":[],"product_cat":[125,129,2072],"product_tag":[3617,3620,3618,3615,3619,3616,3613,3612,3614,3611],"class_list":{"0":"post-9929","1":"product","2":"type-product","3":"status-publish","4":"has-post-thumbnail","6":"product_cat-elleebana-de","7":"product_cat-tools","8":"product_cat-wimpernlifting-tools","9":"product_tag-flacher-wimpernpinsel","10":"product_tag-hygienische-wimpernburste","11":"product_tag-lash-lift-kit-werkzeug","12":"product_tag-professionelle-wimpernburste","13":"product_tag-salon-wimpern-accessoire","14":"product_tag-spoolie-wimpernzange","15":"product_tag-wimpern-trennwerkzeug","16":"product_tag-wimpernburste-mit-zwei-enden","17":"product_tag-wimpernlift-zubehor-de","18":"product_tag-wimpernlifting-burste","19":"product_shipping_class-briefkasten","21":"first","22":"instock","23":"taxable","24":"shipping-taxable","25":"purchasable","26":"product-type-simple","27":"entry","28":"content-bg","29":"loop-entry"},"yoast_head":"<!-- This site is optimized with the Yoast SEO Premium plugin v27.2 (Yoast SEO v27.2) - https:\/\/yoast.com\/product\/yoast-seo-premium-wordpress\/ -->\n<title>Wimpernlift-B\u00fcrste: Unverzichtbares Werkzeug f\u00fcr die Perfektion der Wimpern<\/title>\n<meta name=\"description\" content=\"Erzielen Sie makellose Wimpernergebnisse mit der professionellen Lash Lift B\u00fcrste. Perfekt f\u00fcr jeden Wimperntechniker, der auf Schnelligkeit und Pr\u00e4zision Wert legt! \u2728\" \/>\n<meta name=\"robots\" content=\"index, follow, max-snippet:-1, max-image-preview:large, max-video-preview:-1\" \/>\n<link rel=\"canonical\" href=\"https:\/\/cocohouseofbeauty.com\/de\/produkt\/wimpernlifting-buerste\/\" \/>\n<meta property=\"og:locale\" content=\"de_DE\" \/>\n<meta property=\"og:type\" content=\"article\" \/>\n<meta property=\"og:title\" content=\"Coco&#039;s Wimpernlift-B\u00fcrste\" \/>\n<meta property=\"og:description\" content=\"Erzielen Sie makellose Wimpernergebnisse mit der professionellen Lash Lift B\u00fcrste. Perfekt f\u00fcr jeden Wimperntechniker, der auf Schnelligkeit und Pr\u00e4zision Wert legt! \u2728\" \/>\n<meta property=\"og:url\" content=\"https:\/\/cocohouseofbeauty.com\/de\/produkt\/wimpernlifting-buerste\/\" \/>\n<meta property=\"og:site_name\" content=\"Coco House of Beauty\" \/>\n<meta property=\"article:publisher\" content=\"https:\/\/www.facebook.com\/groups\/388929390727436\/about\/\" \/>\n<meta property=\"article:modified_time\" content=\"2025-09-30T15:28:33+00:00\" \/>\n<meta property=\"og:image\" content=\"https:\/\/cocohouseofbeauty.com\/wp-content\/uploads\/2024\/03\/Copy-of-Kopie-van-Kopie-van-Next-Level-content-4.png\" \/>\n\t<meta property=\"og:image:width\" content=\"1080\" \/>\n\t<meta property=\"og:image:height\" content=\"1080\" \/>\n\t<meta property=\"og:image:type\" content=\"image\/png\" \/>\n<meta name=\"twitter:card\" content=\"summary_large_image\" \/>\n<meta name=\"twitter:label1\" content=\"Preis\" \/>\n\t<meta name=\"twitter:data1\" content=\"&euro;&nbsp;4,75\" \/>\n\t<meta name=\"twitter:label2\" content=\"Verf\u00fcgbarkeit\" \/>\n\t<meta name=\"twitter:data2\" content=\"Auf Lager\" \/>\n<script type=\"application\/ld+json\" class=\"yoast-schema-graph\">{\"@context\":\"https:\/\/schema.org\",\"@graph\":[{\"@type\":\"WebPage\",\"@id\":\"https:\/\/cocohouseofbeauty.com\/de\/produkt\/wimpernlifting-buerste\/\",\"url\":\"https:\/\/cocohouseofbeauty.com\/de\/produkt\/wimpernlifting-buerste\/\",\"name\":\"Wimpernlift-B\u00fcrste: Unverzichtbares Werkzeug f\u00fcr die Perfektion der Wimpern\",\"isPartOf\":{\"@id\":\"https:\/\/cocohouseofbeauty.com\/de\/#website\"},\"primaryImageOfPage\":{\"@id\":\"https:\/\/cocohouseofbeauty.com\/de\/produkt\/wimpernlifting-buerste\/#primaryimage\"},\"image\":{\"@id\":\"https:\/\/cocohouseofbeauty.com\/de\/produkt\/wimpernlifting-buerste\/#primaryimage\"},\"thumbnailUrl\":\"https:\/\/cocohouseofbeauty.com\/wp-content\/uploads\/2024\/03\/Copy-of-Kopie-van-Kopie-van-Next-Level-content-4.png\",\"datePublished\":\"2024-03-26T13:27:13+00:00\",\"dateModified\":\"2025-09-30T15:28:33+00:00\",\"description\":\"Erzielen Sie makellose Wimpernergebnisse mit der professionellen Lash Lift B\u00fcrste. Perfekt f\u00fcr jeden Wimperntechniker, der auf Schnelligkeit und Pr\u00e4zision Wert legt! \u2728\",\"breadcrumb\":{\"@id\":\"https:\/\/cocohouseofbeauty.com\/de\/produkt\/wimpernlifting-buerste\/#breadcrumb\"},\"inLanguage\":\"de-DE\",\"potentialAction\":[{\"@type\":\"ReadAction\",\"target\":[\"https:\/\/cocohouseofbeauty.com\/de\/produkt\/wimpernlifting-buerste\/\"]}]},{\"@type\":\"ImageObject\",\"inLanguage\":\"de-DE\",\"@id\":\"https:\/\/cocohouseofbeauty.com\/de\/produkt\/wimpernlifting-buerste\/#primaryimage\",\"url\":\"https:\/\/cocohouseofbeauty.com\/wp-content\/uploads\/2024\/03\/Copy-of-Kopie-van-Kopie-van-Next-Level-content-4.png\",\"contentUrl\":\"https:\/\/cocohouseofbeauty.com\/wp-content\/uploads\/2024\/03\/Copy-of-Kopie-van-Kopie-van-Next-Level-content-4.png\",\"width\":1080,\"height\":1080,\"caption\":\"Lashlift-Pinsel\"},{\"@type\":\"BreadcrumbList\",\"@id\":\"https:\/\/cocohouseofbeauty.com\/de\/produkt\/wimpernlifting-buerste\/#breadcrumb\",\"itemListElement\":[{\"@type\":\"ListItem\",\"position\":1,\"name\":\"Home\",\"item\":\"https:\/\/cocohouseofbeauty.com\/de\/\"},{\"@type\":\"ListItem\",\"position\":2,\"name\":\"Shop\",\"item\":\"https:\/\/cocohouseofbeauty.com\/de\/shop\/\"},{\"@type\":\"ListItem\",\"position\":3,\"name\":\"Coco&#8217;s Wimpernlift-B\u00fcrste\"}]},{\"@type\":\"WebSite\",\"@id\":\"https:\/\/cocohouseofbeauty.com\/de\/#website\",\"url\":\"https:\/\/cocohouseofbeauty.com\/de\/\",\"name\":\"Coco House of Beauty\",\"description\":\"Your beauty partner for exclusive lash &amp; brow brands\",\"publisher\":{\"@id\":\"https:\/\/cocohouseofbeauty.com\/de\/#organization\"},\"potentialAction\":[{\"@type\":\"SearchAction\",\"target\":{\"@type\":\"EntryPoint\",\"urlTemplate\":\"https:\/\/cocohouseofbeauty.com\/de\/?s={search_term_string}\"},\"query-input\":{\"@type\":\"PropertyValueSpecification\",\"valueRequired\":true,\"valueName\":\"search_term_string\"}}],\"inLanguage\":\"de-DE\"},{\"@type\":\"Organization\",\"@id\":\"https:\/\/cocohouseofbeauty.com\/de\/#organization\",\"name\":\"Coco House of Beauty\",\"url\":\"https:\/\/cocohouseofbeauty.com\/de\/\",\"logo\":{\"@type\":\"ImageObject\",\"inLanguage\":\"de-DE\",\"@id\":\"https:\/\/cocohouseofbeauty.com\/de\/#\/schema\/logo\/image\/\",\"url\":\"https:\/\/cocohouseofbeauty.com\/wp-content\/uploads\/2024\/03\/cropped-coco-logo-zonder-estb.png\",\"contentUrl\":\"https:\/\/cocohouseofbeauty.com\/wp-content\/uploads\/2024\/03\/cropped-coco-logo-zonder-estb.png\",\"width\":1532,\"height\":612,\"caption\":\"Coco House of Beauty\"},\"image\":{\"@id\":\"https:\/\/cocohouseofbeauty.com\/de\/#\/schema\/logo\/image\/\"},\"sameAs\":[\"https:\/\/www.facebook.com\/groups\/388929390727436\/about\/\",\"https:\/\/www.instagram.com\/cocohouse.of.beauty\/\",\"https:\/\/www.tiktok.com\/@cocohouseofbeauty\"],\"foundingDate\":\"2024-04-05\",\"numberOfEmployees\":{\"@type\":\"QuantitativeValue\",\"minValue\":\"11\",\"maxValue\":\"50\"}}]}<\/script>\n<meta property=\"product:price:amount\" content=\"4.75\" \/>\n<meta property=\"product:price:currency\" content=\"EUR\" \/>\n<meta property=\"og:availability\" content=\"instock\" \/>\n<meta property=\"product:availability\" content=\"instock\" \/>\n<meta property=\"product:retailer_item_id\" content=\"COCO-2117\" \/>\n<meta property=\"product:condition\" content=\"new\" \/>\n<!-- \/ Yoast SEO Premium plugin. -->","yoast_head_json":{"title":"Wimpernlift-B\u00fcrste: Unverzichtbares Werkzeug f\u00fcr die Perfektion der Wimpern","description":"Erzielen Sie makellose Wimpernergebnisse mit der professionellen Lash Lift B\u00fcrste. Perfekt f\u00fcr jeden Wimperntechniker, der auf Schnelligkeit und Pr\u00e4zision Wert legt! \u2728","robots":{"index":"index","follow":"follow","max-snippet":"max-snippet:-1","max-image-preview":"max-image-preview:large","max-video-preview":"max-video-preview:-1"},"canonical":"https:\/\/cocohouseofbeauty.com\/de\/produkt\/wimpernlifting-buerste\/","og_locale":"de_DE","og_type":"article","og_title":"Coco's Wimpernlift-B\u00fcrste","og_description":"Erzielen Sie makellose Wimpernergebnisse mit der professionellen Lash Lift B\u00fcrste. Perfekt f\u00fcr jeden Wimperntechniker, der auf Schnelligkeit und Pr\u00e4zision Wert legt! \u2728","og_url":"https:\/\/cocohouseofbeauty.com\/de\/produkt\/wimpernlifting-buerste\/","og_site_name":"Coco House of Beauty","article_publisher":"https:\/\/www.facebook.com\/groups\/388929390727436\/about\/","article_modified_time":"2025-09-30T15:28:33+00:00","og_image":[{"width":1080,"height":1080,"url":"https:\/\/cocohouseofbeauty.com\/wp-content\/uploads\/2024\/03\/Copy-of-Kopie-van-Kopie-van-Next-Level-content-4.png","type":"image\/png"}],"twitter_card":"summary_large_image","twitter_misc":{"Preis":"&euro;&nbsp;4,75","Verf\u00fcgbarkeit":"Auf Lager"},"schema":{"@context":"https:\/\/schema.org","@graph":[{"@type":"WebPage","@id":"https:\/\/cocohouseofbeauty.com\/de\/produkt\/wimpernlifting-buerste\/","url":"https:\/\/cocohouseofbeauty.com\/de\/produkt\/wimpernlifting-buerste\/","name":"Wimpernlift-B\u00fcrste: Unverzichtbares Werkzeug f\u00fcr die Perfektion der Wimpern","isPartOf":{"@id":"https:\/\/cocohouseofbeauty.com\/de\/#website"},"primaryImageOfPage":{"@id":"https:\/\/cocohouseofbeauty.com\/de\/produkt\/wimpernlifting-buerste\/#primaryimage"},"image":{"@id":"https:\/\/cocohouseofbeauty.com\/de\/produkt\/wimpernlifting-buerste\/#primaryimage"},"thumbnailUrl":"https:\/\/cocohouseofbeauty.com\/wp-content\/uploads\/2024\/03\/Copy-of-Kopie-van-Kopie-van-Next-Level-content-4.png","datePublished":"2024-03-26T13:27:13+00:00","dateModified":"2025-09-30T15:28:33+00:00","description":"Erzielen Sie makellose Wimpernergebnisse mit der professionellen Lash Lift B\u00fcrste. Perfekt f\u00fcr jeden Wimperntechniker, der auf Schnelligkeit und Pr\u00e4zision Wert legt! \u2728","breadcrumb":{"@id":"https:\/\/cocohouseofbeauty.com\/de\/produkt\/wimpernlifting-buerste\/#breadcrumb"},"inLanguage":"de-DE","potentialAction":[{"@type":"ReadAction","target":["https:\/\/cocohouseofbeauty.com\/de\/produkt\/wimpernlifting-buerste\/"]}]},{"@type":"ImageObject","inLanguage":"de-DE","@id":"https:\/\/cocohouseofbeauty.com\/de\/produkt\/wimpernlifting-buerste\/#primaryimage","url":"https:\/\/cocohouseofbeauty.com\/wp-content\/uploads\/2024\/03\/Copy-of-Kopie-van-Kopie-van-Next-Level-content-4.png","contentUrl":"https:\/\/cocohouseofbeauty.com\/wp-content\/uploads\/2024\/03\/Copy-of-Kopie-van-Kopie-van-Next-Level-content-4.png","width":1080,"height":1080,"caption":"Lashlift-Pinsel"},{"@type":"BreadcrumbList","@id":"https:\/\/cocohouseofbeauty.com\/de\/produkt\/wimpernlifting-buerste\/#breadcrumb","itemListElement":[{"@type":"ListItem","position":1,"name":"Home","item":"https:\/\/cocohouseofbeauty.com\/de\/"},{"@type":"ListItem","position":2,"name":"Shop","item":"https:\/\/cocohouseofbeauty.com\/de\/shop\/"},{"@type":"ListItem","position":3,"name":"Coco&#8217;s Wimpernlift-B\u00fcrste"}]},{"@type":"WebSite","@id":"https:\/\/cocohouseofbeauty.com\/de\/#website","url":"https:\/\/cocohouseofbeauty.com\/de\/","name":"Coco House of Beauty","description":"Your beauty partner for exclusive lash &amp; brow brands","publisher":{"@id":"https:\/\/cocohouseofbeauty.com\/de\/#organization"},"potentialAction":[{"@type":"SearchAction","target":{"@type":"EntryPoint","urlTemplate":"https:\/\/cocohouseofbeauty.com\/de\/?s={search_term_string}"},"query-input":{"@type":"PropertyValueSpecification","valueRequired":true,"valueName":"search_term_string"}}],"inLanguage":"de-DE"},{"@type":"Organization","@id":"https:\/\/cocohouseofbeauty.com\/de\/#organization","name":"Coco House of Beauty","url":"https:\/\/cocohouseofbeauty.com\/de\/","logo":{"@type":"ImageObject","inLanguage":"de-DE","@id":"https:\/\/cocohouseofbeauty.com\/de\/#\/schema\/logo\/image\/","url":"https:\/\/cocohouseofbeauty.com\/wp-content\/uploads\/2024\/03\/cropped-coco-logo-zonder-estb.png","contentUrl":"https:\/\/cocohouseofbeauty.com\/wp-content\/uploads\/2024\/03\/cropped-coco-logo-zonder-estb.png","width":1532,"height":612,"caption":"Coco House of Beauty"},"image":{"@id":"https:\/\/cocohouseofbeauty.com\/de\/#\/schema\/logo\/image\/"},"sameAs":["https:\/\/www.facebook.com\/groups\/388929390727436\/about\/","https:\/\/www.instagram.com\/cocohouse.of.beauty\/","https:\/\/www.tiktok.com\/@cocohouseofbeauty"],"foundingDate":"2024-04-05","numberOfEmployees":{"@type":"QuantitativeValue","minValue":"11","maxValue":"50"}}]},"product_price_amount":"4.75","product_price_currency":"EUR","og_availability":"instock","product_availability":"instock","product_retailer_item_id":"COCO-2117","product_condition":"new"},"taxonomy_info":{"product_cat":[{"value":125,"label":"Elleebana"},{"value":129,"label":"Tools"},{"value":2072,"label":"Wimpernlifting-Tools"}],"product_tag":[{"value":3617,"label":"Flacher Wimpernpinsel"},{"value":3620,"label":"Hygienische Wimpernb\u00fcrste"},{"value":3618,"label":"Lash Lift Kit Werkzeug"},{"value":3615,"label":"Professionelle Wimpernb\u00fcrste"},{"value":3619,"label":"Salon Wimpern Accessoire"},{"value":3616,"label":"Spoolie Wimpernzange"},{"value":3613,"label":"Wimpern-Trennwerkzeug"},{"value":3612,"label":"Wimpernb\u00fcrste mit zwei Enden"},{"value":3614,"label":"Wimpernlift-Zubeh\u00f6r"},{"value":3611,"label":"Wimpernlifting-B\u00fcrste"}]},"featured_image_src_large":["https:\/\/cocohouseofbeauty.com\/wp-content\/uploads\/2024\/03\/Copy-of-Kopie-van-Kopie-van-Next-Level-content-4-1024x1024.png",1024,1024,true],"author_info":[],"comment_info":0,"jetpack_sharing_enabled":true,"_links":{"self":[{"href":"https:\/\/cocohouseofbeauty.com\/de\/wp-json\/wp\/v2\/product\/9929","targetHints":{"allow":["GET"]}}],"collection":[{"href":"https:\/\/cocohouseofbeauty.com\/de\/wp-json\/wp\/v2\/product"}],"about":[{"href":"https:\/\/cocohouseofbeauty.com\/de\/wp-json\/wp\/v2\/types\/product"}],"replies":[{"embeddable":true,"href":"https:\/\/cocohouseofbeauty.com\/de\/wp-json\/wp\/v2\/comments?post=9929"}],"wp:featuredmedia":[{"embeddable":true,"href":"https:\/\/cocohouseofbeauty.com\/de\/wp-json\/wp\/v2\/media\/5964"}],"wp:attachment":[{"href":"https:\/\/cocohouseofbeauty.com\/de\/wp-json\/wp\/v2\/media?parent=9929"}],"wp:term":[{"taxonomy":"product_brand","embeddable":true,"href":"https:\/\/cocohouseofbeauty.com\/de\/wp-json\/wp\/v2\/product_brand?post=9929"},{"taxonomy":"product_cat","embeddable":true,"href":"https:\/\/cocohouseofbeauty.com\/de\/wp-json\/wp\/v2\/product_cat?post=9929"},{"taxonomy":"product_tag","embeddable":true,"href":"https:\/\/cocohouseofbeauty.com\/de\/wp-json\/wp\/v2\/product_tag?post=9929"}],"curies":[{"name":"wp","href":"https:\/\/api.w.org\/{rel}","templated":true}]}}