{"id":24575,"date":"2025-06-10T20:43:50","date_gmt":"2025-06-10T18:43:50","guid":{"rendered":"https:\/\/cocohouseofbeauty.com\/product\/everlasting-lippenpigmente-10ml-pmu-microblading\/"},"modified":"2025-06-10T20:43:50","modified_gmt":"2025-06-10T18:43:50","slug":"everlasting-lippenpigmente-10ml-pmu-microblading","status":"publish","type":"product","link":"https:\/\/cocohouseofbeauty.com\/de\/produkt\/everlasting-lippenpigmente-10ml-pmu-microblading\/","title":{"rendered":"Everlasting | Lippenpigmente 10ml | PMU &amp; Microblading"},"content":{"rendered":"","protected":false},"excerpt":{"rendered":"<p>\u2713 Everlasting Brows Pigmente sind cremig und hochkonzentriert, so dass Ihre Haarstriche klar und schattiert bleiben<br \/>\n\u2713 Wir bei Everlasting sind der Meinung, dass Sie nicht 50+ Farbt\u00f6ne vorr\u00e4tig haben m\u00fcssen, sondern nur ein paar gute. Alle unsere Pigmente eignen sich hervorragend allein oder in Kombination mit anderen, um mehr Farboptionen zu erschlie\u00dfen<br \/>\n\u2713 Pigment heilt farbgetreu und ben\u00f6tigt keinen Modifikator<br \/>\n\u2713 Everlasting Brows Pigmente werden in Deutschland hergestellt<br \/>\n\u2713 Stabile Pigmentformulierung bedeutet, dass das Pigment nicht zu unerw\u00fcnschten T\u00f6nen verblasst<br \/>\n\u2713 Everlasting Pigmente enthalten nur Rohstoffe h\u00f6chster Qualit\u00e4t<br \/>\n\u2713 Jede Pigmentcharge wird auf Verunreinigungen &#8211; und Schwermetalle &#8211; getestet und von InkCert zugelassen; sie erf\u00fcllt alle toxikologischen Anforderungen des CoE ResAp. Weniger Verunreinigungen bedeuten, dass die Haut die Pigmente besser wahrnimmt, was zu besseren Heilungsergebnissen f\u00fchrt<br \/>\n\u2713 Die Formel gew\u00e4hrleistet eine hohe Pigments\u00e4ttigung, ohne Zusatz von Wasser<br \/>\n\u2713 Nicht giftig, nicht \u00e4tzend, nicht reizend, nicht phototoxisch; erf\u00fcllt alle Gesundheitsstandards<br \/>\n\u2713 Sterilisiert gem\u00e4\u00df der Richtlinie f\u00fcr Medizinprodukte, was bedeutet, dass Ihre Kunden die Gewissheit haben, dass Sie das Beste f\u00fcr ihr Wohlbefinden und ihre Sch\u00f6nheit gew\u00e4hlt haben  <\/p>\n","protected":false},"featured_media":0,"comment_status":"open","ping_status":"closed","template":"","meta":{"_kad_blocks_custom_css":"","_kad_blocks_head_custom_js":"","_kad_blocks_body_custom_js":"","_kad_blocks_footer_custom_js":"","_kadence_starter_templates_imported_post":false,"_kad_post_transparent":"","_kad_post_title":"","_kad_post_layout":"","_kad_post_sidebar_id":"","_kad_post_content_style":"","_kad_post_vertical_padding":"","_kad_post_feature":"","_kad_post_feature_position":"","_kad_post_header":false,"_kad_post_footer":false,"_kad_post_classname":""},"product_brand":[],"product_cat":[107,16],"product_tag":[897,903,898,896],"class_list":{"0":"post-24575","1":"product","2":"type-product","3":"status-publish","5":"product_cat-schulungen-kurse","6":"product_cat-startkits","7":"product_tag-everlasting-brows-de","8":"product_tag-pmu-de","9":"product_tag-pmu-inkt-de","10":"product_tag-pmu-pigment-de","12":"first","13":"instock","14":"taxable","15":"shipping-taxable","16":"purchasable","17":"product-type-variable","18":"entry","19":"content-bg","20":"loop-entry"},"yoast_head":"<!-- This site is optimized with the Yoast SEO Premium plugin v27.2 (Yoast SEO v27.2) - https:\/\/yoast.com\/product\/yoast-seo-premium-wordpress\/ -->\n<title>Everlasting | Lippenpigmente 10ml | PMU &amp; Microblading - Coco House of Beauty<\/title>\n<meta name=\"robots\" content=\"index, follow, max-snippet:-1, max-image-preview:large, max-video-preview:-1\" \/>\n<link rel=\"canonical\" href=\"https:\/\/cocohouseofbeauty.com\/de\/produkt\/everlasting-lippenpigmente-10ml-pmu-microblading\/\" \/>\n<meta property=\"og:locale\" content=\"de_DE\" \/>\n<meta property=\"og:type\" content=\"article\" \/>\n<meta property=\"og:title\" content=\"Everlasting | Lippenpigmente 10ml | PMU &amp; Microblading\" \/>\n<meta property=\"og:description\" content=\"\u2713 Everlasting Brows Pigmente sind cremig und hochkonzentriert, so dass Ihre Haarstriche klar und schattiert bleiben \u2713 Wir bei Everlasting sind der Meinung, dass Sie nicht 50+ Farbt\u00f6ne vorr\u00e4tig haben m\u00fcssen, sondern nur ein paar gute. Alle unsere Pigmente eignen sich hervorragend allein oder in Kombination mit anderen, um mehr Farboptionen zu erschlie\u00dfen \u2713 Pigment heilt farbgetreu und ben\u00f6tigt keinen Modifikator \u2713 Everlasting Brows Pigmente werden in Deutschland hergestellt \u2713 Stabile Pigmentformulierung bedeutet, dass das Pigment nicht zu unerw\u00fcnschten T\u00f6nen verblasst \u2713 Everlasting Pigmente enthalten nur Rohstoffe h\u00f6chster Qualit\u00e4t \u2713 Jede Pigmentcharge wird auf Verunreinigungen - und Schwermetalle - getestet und von InkCert zugelassen; sie erf\u00fcllt alle toxikologischen Anforderungen des CoE ResAp. Weniger Verunreinigungen bedeuten, dass die Haut die Pigmente besser wahrnimmt, was zu besseren Heilungsergebnissen f\u00fchrt \u2713 Die Formel gew\u00e4hrleistet eine hohe Pigments\u00e4ttigung, ohne Zusatz von Wasser \u2713 Nicht giftig, nicht \u00e4tzend, nicht reizend, nicht phototoxisch; erf\u00fcllt alle Gesundheitsstandards \u2713 Sterilisiert gem\u00e4\u00df der Richtlinie f\u00fcr Medizinprodukte, was bedeutet, dass Ihre Kunden die Gewissheit haben, dass Sie das Beste f\u00fcr ihr Wohlbefinden und ihre Sch\u00f6nheit gew\u00e4hlt haben\" \/>\n<meta property=\"og:url\" content=\"https:\/\/cocohouseofbeauty.com\/de\/produkt\/everlasting-lippenpigmente-10ml-pmu-microblading\/\" \/>\n<meta property=\"og:site_name\" content=\"Coco House of Beauty\" \/>\n<meta property=\"article:publisher\" content=\"https:\/\/www.facebook.com\/groups\/388929390727436\/about\/\" \/>\n<meta name=\"twitter:card\" content=\"summary_large_image\" \/>\n<meta name=\"twitter:label1\" content=\"Verf\u00fcgbarkeit\" \/>\n\t<meta name=\"twitter:data1\" content=\"Auf Lager\" \/>\n<script type=\"application\/ld+json\" class=\"yoast-schema-graph\">{\"@context\":\"https:\/\/schema.org\",\"@graph\":[{\"@type\":\"WebPage\",\"@id\":\"https:\/\/cocohouseofbeauty.com\/de\/produkt\/everlasting-lippenpigmente-10ml-pmu-microblading\/\",\"url\":\"https:\/\/cocohouseofbeauty.com\/de\/produkt\/everlasting-lippenpigmente-10ml-pmu-microblading\/\",\"name\":\"Everlasting | Lippenpigmente 10ml | PMU &amp; Microblading - Coco House of Beauty\",\"isPartOf\":{\"@id\":\"https:\/\/cocohouseofbeauty.com\/de\/#website\"},\"datePublished\":\"2025-06-10T18:43:50+00:00\",\"breadcrumb\":{\"@id\":\"https:\/\/cocohouseofbeauty.com\/de\/produkt\/everlasting-lippenpigmente-10ml-pmu-microblading\/#breadcrumb\"},\"inLanguage\":\"de-DE\",\"potentialAction\":[{\"@type\":\"ReadAction\",\"target\":[\"https:\/\/cocohouseofbeauty.com\/de\/produkt\/everlasting-lippenpigmente-10ml-pmu-microblading\/\"]}]},{\"@type\":\"BreadcrumbList\",\"@id\":\"https:\/\/cocohouseofbeauty.com\/de\/produkt\/everlasting-lippenpigmente-10ml-pmu-microblading\/#breadcrumb\",\"itemListElement\":[{\"@type\":\"ListItem\",\"position\":1,\"name\":\"Home\",\"item\":\"https:\/\/cocohouseofbeauty.com\/de\/\"},{\"@type\":\"ListItem\",\"position\":2,\"name\":\"Shop\",\"item\":\"https:\/\/cocohouseofbeauty.com\/de\/shop\/\"},{\"@type\":\"ListItem\",\"position\":3,\"name\":\"Everlasting | Lippenpigmente 10ml | PMU &amp; Microblading\"}]},{\"@type\":\"WebSite\",\"@id\":\"https:\/\/cocohouseofbeauty.com\/de\/#website\",\"url\":\"https:\/\/cocohouseofbeauty.com\/de\/\",\"name\":\"Coco House of Beauty\",\"description\":\"Your beauty partner for exclusive lash &amp; brow brands\",\"publisher\":{\"@id\":\"https:\/\/cocohouseofbeauty.com\/de\/#organization\"},\"potentialAction\":[{\"@type\":\"SearchAction\",\"target\":{\"@type\":\"EntryPoint\",\"urlTemplate\":\"https:\/\/cocohouseofbeauty.com\/de\/?s={search_term_string}\"},\"query-input\":{\"@type\":\"PropertyValueSpecification\",\"valueRequired\":true,\"valueName\":\"search_term_string\"}}],\"inLanguage\":\"de-DE\"},{\"@type\":\"Organization\",\"@id\":\"https:\/\/cocohouseofbeauty.com\/de\/#organization\",\"name\":\"Coco House of Beauty\",\"url\":\"https:\/\/cocohouseofbeauty.com\/de\/\",\"logo\":{\"@type\":\"ImageObject\",\"inLanguage\":\"de-DE\",\"@id\":\"https:\/\/cocohouseofbeauty.com\/de\/#\/schema\/logo\/image\/\",\"url\":\"https:\/\/cocohouseofbeauty.com\/wp-content\/uploads\/2024\/03\/cropped-coco-logo-zonder-estb.png\",\"contentUrl\":\"https:\/\/cocohouseofbeauty.com\/wp-content\/uploads\/2024\/03\/cropped-coco-logo-zonder-estb.png\",\"width\":1532,\"height\":612,\"caption\":\"Coco House of Beauty\"},\"image\":{\"@id\":\"https:\/\/cocohouseofbeauty.com\/de\/#\/schema\/logo\/image\/\"},\"sameAs\":[\"https:\/\/www.facebook.com\/groups\/388929390727436\/about\/\",\"https:\/\/www.instagram.com\/cocohouse.of.beauty\/\",\"https:\/\/www.tiktok.com\/@cocohouseofbeauty\"],\"foundingDate\":\"2024-04-05\",\"numberOfEmployees\":{\"@type\":\"QuantitativeValue\",\"minValue\":\"11\",\"maxValue\":\"50\"}}]}<\/script>\n<meta property=\"og:availability\" content=\"instock\" \/>\n<meta property=\"product:availability\" content=\"instock\" \/>\n<meta property=\"product:condition\" content=\"new\" \/>\n<!-- \/ Yoast SEO Premium plugin. -->","yoast_head_json":{"title":"Everlasting | Lippenpigmente 10ml | PMU &amp; Microblading - Coco House of Beauty","robots":{"index":"index","follow":"follow","max-snippet":"max-snippet:-1","max-image-preview":"max-image-preview:large","max-video-preview":"max-video-preview:-1"},"canonical":"https:\/\/cocohouseofbeauty.com\/de\/produkt\/everlasting-lippenpigmente-10ml-pmu-microblading\/","og_locale":"de_DE","og_type":"article","og_title":"Everlasting | Lippenpigmente 10ml | PMU &amp; Microblading","og_description":"\u2713 Everlasting Brows Pigmente sind cremig und hochkonzentriert, so dass Ihre Haarstriche klar und schattiert bleiben \u2713 Wir bei Everlasting sind der Meinung, dass Sie nicht 50+ Farbt\u00f6ne vorr\u00e4tig haben m\u00fcssen, sondern nur ein paar gute. Alle unsere Pigmente eignen sich hervorragend allein oder in Kombination mit anderen, um mehr Farboptionen zu erschlie\u00dfen \u2713 Pigment heilt farbgetreu und ben\u00f6tigt keinen Modifikator \u2713 Everlasting Brows Pigmente werden in Deutschland hergestellt \u2713 Stabile Pigmentformulierung bedeutet, dass das Pigment nicht zu unerw\u00fcnschten T\u00f6nen verblasst \u2713 Everlasting Pigmente enthalten nur Rohstoffe h\u00f6chster Qualit\u00e4t \u2713 Jede Pigmentcharge wird auf Verunreinigungen - und Schwermetalle - getestet und von InkCert zugelassen; sie erf\u00fcllt alle toxikologischen Anforderungen des CoE ResAp. Weniger Verunreinigungen bedeuten, dass die Haut die Pigmente besser wahrnimmt, was zu besseren Heilungsergebnissen f\u00fchrt \u2713 Die Formel gew\u00e4hrleistet eine hohe Pigments\u00e4ttigung, ohne Zusatz von Wasser \u2713 Nicht giftig, nicht \u00e4tzend, nicht reizend, nicht phototoxisch; erf\u00fcllt alle Gesundheitsstandards \u2713 Sterilisiert gem\u00e4\u00df der Richtlinie f\u00fcr Medizinprodukte, was bedeutet, dass Ihre Kunden die Gewissheit haben, dass Sie das Beste f\u00fcr ihr Wohlbefinden und ihre Sch\u00f6nheit gew\u00e4hlt haben","og_url":"https:\/\/cocohouseofbeauty.com\/de\/produkt\/everlasting-lippenpigmente-10ml-pmu-microblading\/","og_site_name":"Coco House of Beauty","article_publisher":"https:\/\/www.facebook.com\/groups\/388929390727436\/about\/","twitter_card":"summary_large_image","twitter_misc":{"Verf\u00fcgbarkeit":"Auf Lager"},"schema":{"@context":"https:\/\/schema.org","@graph":[{"@type":"WebPage","@id":"https:\/\/cocohouseofbeauty.com\/de\/produkt\/everlasting-lippenpigmente-10ml-pmu-microblading\/","url":"https:\/\/cocohouseofbeauty.com\/de\/produkt\/everlasting-lippenpigmente-10ml-pmu-microblading\/","name":"Everlasting | Lippenpigmente 10ml | PMU &amp; Microblading - Coco House of Beauty","isPartOf":{"@id":"https:\/\/cocohouseofbeauty.com\/de\/#website"},"datePublished":"2025-06-10T18:43:50+00:00","breadcrumb":{"@id":"https:\/\/cocohouseofbeauty.com\/de\/produkt\/everlasting-lippenpigmente-10ml-pmu-microblading\/#breadcrumb"},"inLanguage":"de-DE","potentialAction":[{"@type":"ReadAction","target":["https:\/\/cocohouseofbeauty.com\/de\/produkt\/everlasting-lippenpigmente-10ml-pmu-microblading\/"]}]},{"@type":"BreadcrumbList","@id":"https:\/\/cocohouseofbeauty.com\/de\/produkt\/everlasting-lippenpigmente-10ml-pmu-microblading\/#breadcrumb","itemListElement":[{"@type":"ListItem","position":1,"name":"Home","item":"https:\/\/cocohouseofbeauty.com\/de\/"},{"@type":"ListItem","position":2,"name":"Shop","item":"https:\/\/cocohouseofbeauty.com\/de\/shop\/"},{"@type":"ListItem","position":3,"name":"Everlasting | Lippenpigmente 10ml | PMU &amp; Microblading"}]},{"@type":"WebSite","@id":"https:\/\/cocohouseofbeauty.com\/de\/#website","url":"https:\/\/cocohouseofbeauty.com\/de\/","name":"Coco House of Beauty","description":"Your beauty partner for exclusive lash &amp; brow brands","publisher":{"@id":"https:\/\/cocohouseofbeauty.com\/de\/#organization"},"potentialAction":[{"@type":"SearchAction","target":{"@type":"EntryPoint","urlTemplate":"https:\/\/cocohouseofbeauty.com\/de\/?s={search_term_string}"},"query-input":{"@type":"PropertyValueSpecification","valueRequired":true,"valueName":"search_term_string"}}],"inLanguage":"de-DE"},{"@type":"Organization","@id":"https:\/\/cocohouseofbeauty.com\/de\/#organization","name":"Coco House of Beauty","url":"https:\/\/cocohouseofbeauty.com\/de\/","logo":{"@type":"ImageObject","inLanguage":"de-DE","@id":"https:\/\/cocohouseofbeauty.com\/de\/#\/schema\/logo\/image\/","url":"https:\/\/cocohouseofbeauty.com\/wp-content\/uploads\/2024\/03\/cropped-coco-logo-zonder-estb.png","contentUrl":"https:\/\/cocohouseofbeauty.com\/wp-content\/uploads\/2024\/03\/cropped-coco-logo-zonder-estb.png","width":1532,"height":612,"caption":"Coco House of Beauty"},"image":{"@id":"https:\/\/cocohouseofbeauty.com\/de\/#\/schema\/logo\/image\/"},"sameAs":["https:\/\/www.facebook.com\/groups\/388929390727436\/about\/","https:\/\/www.instagram.com\/cocohouse.of.beauty\/","https:\/\/www.tiktok.com\/@cocohouseofbeauty"],"foundingDate":"2024-04-05","numberOfEmployees":{"@type":"QuantitativeValue","minValue":"11","maxValue":"50"}}]},"og_availability":"instock","product_availability":"instock","product_condition":"new"},"taxonomy_info":{"product_cat":[{"value":107,"label":"Schulungen &amp; Kurse"},{"value":16,"label":"Startkits"}],"product_tag":[{"value":897,"label":"everlasting brows"},{"value":903,"label":"pmu"},{"value":898,"label":"pmu inkt"},{"value":896,"label":"pmu-Pigment"}]},"featured_image_src_large":false,"author_info":[],"comment_info":0,"jetpack_sharing_enabled":true,"_links":{"self":[{"href":"https:\/\/cocohouseofbeauty.com\/de\/wp-json\/wp\/v2\/product\/24575","targetHints":{"allow":["GET"]}}],"collection":[{"href":"https:\/\/cocohouseofbeauty.com\/de\/wp-json\/wp\/v2\/product"}],"about":[{"href":"https:\/\/cocohouseofbeauty.com\/de\/wp-json\/wp\/v2\/types\/product"}],"replies":[{"embeddable":true,"href":"https:\/\/cocohouseofbeauty.com\/de\/wp-json\/wp\/v2\/comments?post=24575"}],"wp:attachment":[{"href":"https:\/\/cocohouseofbeauty.com\/de\/wp-json\/wp\/v2\/media?parent=24575"}],"wp:term":[{"taxonomy":"product_brand","embeddable":true,"href":"https:\/\/cocohouseofbeauty.com\/de\/wp-json\/wp\/v2\/product_brand?post=24575"},{"taxonomy":"product_cat","embeddable":true,"href":"https:\/\/cocohouseofbeauty.com\/de\/wp-json\/wp\/v2\/product_cat?post=24575"},{"taxonomy":"product_tag","embeddable":true,"href":"https:\/\/cocohouseofbeauty.com\/de\/wp-json\/wp\/v2\/product_tag?post=24575"}],"curies":[{"name":"wp","href":"https:\/\/api.w.org\/{rel}","templated":true}]}}