{"id":18599,"date":"2025-03-08T10:05:18","date_gmt":"2025-03-08T08:05:18","guid":{"rendered":"https:\/\/cocohouseofbeauty.com\/product\/infinity-aqua-drops-kit-silber-kit\/"},"modified":"2025-09-11T13:44:42","modified_gmt":"2025-09-11T11:44:42","slug":"infinity-aqua-drops-kit-silber-kit","status":"publish","type":"product","link":"https:\/\/cocohouseofbeauty.com\/de\/produkt\/infinity-aqua-drops-kit-silber-kit\/","title":{"rendered":"Infinity Aqua Drops Kit &#8211; SILBER KIT"},"content":{"rendered":"<p><strong style=\"font-weight: bolder\">Infinity Aqua Drops HYBRID STAIN Kit &#8211; Alle 7 Farbt\u00f6ne &#8211; Silber<\/strong><\/p>\n<p>Die<span>&nbsp;<\/span><strong style=\"font-weight: bolder\">Infinity Aqua Drops<span> <\/span><\/strong>ist die weltweit erste Henna-freie fl\u00fcssige Hybrid-Brauenf\u00e4rbung mit bindungsf\u00f6rdernden Eigenschaften. Die zum Patent angemeldete hennafreie Formulierung sorgt f\u00fcr eine Hybrid-Farbe, die voll und nat\u00fcrlich aussieht. Dieser fl\u00fcssige Hybrid-Farbstoff f\u00fcr die Augenbrauen enth\u00e4lt Peptide, die die Haarbindung aufbauen, in einer bahnbrechenden Formel, die au\u00dfergew\u00f6hnliche Ergebnisse erzielt.  <\/p>\n<p>Vegan und tierversuchsfrei. Jede Tube kann bis zu 60 Behandlungen bieten. Holen Sie sich alle 7 Farbt\u00f6ne und w\u00e4hlen Sie aus unseren Bronze-, Silber- oder Gold-Kits f\u00fcr die besten Hybridbrauen. <\/p>\n<ul>\n<li>Nemesis (Schwarz)<\/li>\n<li>Ares (Rot)<\/li>\n<li>Electra (Dunkelbraun)<\/li>\n<li>Apollo (Mittelbraun)<\/li>\n<li>Aphrodite (Hellstes Braun)<\/li>\n<li>Zeus (k\u00fchler Toner)<\/li>\n<li>Selene (blond)<\/li>\n<\/ul>\n<p><strong style=\"font-weight: bolder\">SILBER KIT:<span><span class=\"Apple-converted-space\">&nbsp;<\/span><\/span><span>Enth\u00e4lt alle sieben Farbt\u00f6ne in 15-mL-Tuben, bis zu 60 Behandlungen in jeder Tube. plus unseren Pumpentwickler. plus klare Palette zum Heben und T\u00f6nen, Tragetasche und Pinsel zum Schwabbeln und Verblenden.  <\/span><\/strong><\/p>\n","protected":false},"excerpt":{"rendered":"<p class=\"ai-optimize-28\"><strong style=\"font-weight: bolder\">Infinity Aqua Drops HYBRID STAIN Kit &#8211; Alle 7 Farbt\u00f6ne &#8211; Silber<\/strong><\/p>\n<p class=\"ai-optimize-29\"><strong style=\"font-weight: bolder\">Infinity Aqua Drops <\/strong>ist die weltweit erste Henna-freie, fl\u00fcssige Hybrid-Brauenmalfarbe mit bindungsaufbauenden Eigenschaften. Die zum Patent angemeldete hennafreie Formulierung sorgt f\u00fcr eine Hybrid-F\u00e4rbung, die voll und nat\u00fcrlich aussieht. Dieser fl\u00fcssige Hybrid-Farbstoff f\u00fcr die Augenbrauen enth\u00e4lt Peptide, die die Haarbindung aufbauen, in einer bahnbrechenden Formel, die au\u00dfergew\u00f6hnliche Ergebnisse erzielt.  <\/p>\n<p class=\"ai-optimize-30\">Vegan und tierversuchsfrei. Jede Tube kann bis zu 60 Behandlungen bieten. Holen Sie sich alle 7 Farbt\u00f6ne und w\u00e4hlen Sie aus unseren Bronze-, Silber- oder Gold-Kits f\u00fcr die besten Hybridbrauen. <\/p>\n<ul>\n<li class=\"ai-optimize-31\">Nemesis (Schwarz)<\/li>\n<li class=\"ai-optimize-32\">Ares (Rot)<\/li>\n<li class=\"ai-optimize-33\">Electra (Dunkelbraun)<\/li>\n<li class=\"ai-optimize-34\">Apollo (Mittelbraun)<\/li>\n<li class=\"ai-optimize-35\">Aphrodite (Hellstes Braun)<\/li>\n<li class=\"ai-optimize-36\">Zeus (k\u00fchler Toner)<\/li>\n<li class=\"ai-optimize-37\">Selene (blond)<\/li>\n<\/ul>\n<p class=\"ai-optimize-38\"><strong style=\"font-weight: bolder\">SILBER KIT:<span class=\"Apple-converted-space\"> <\/span>Enth\u00e4lt alle sieben Farbt\u00f6ne in 15-mL-Tuben, bis zu 60 Behandlungen in jeder Tube. plus unseren Pumpentwickler. plus klare Palette zum Heben und T\u00f6nen, Tragetasche und Pinsel zum Schwabbeln und Verblenden.  <\/strong><\/p>\n<p class=\"ai-optimize-39\">SKU: COCO-2371<\/p>\n","protected":false},"featured_media":17505,"comment_status":"open","ping_status":"closed","template":"","meta":{"_kad_blocks_custom_css":"","_kad_blocks_head_custom_js":"","_kad_blocks_body_custom_js":"","_kad_blocks_footer_custom_js":"","_kadence_starter_templates_imported_post":false,"_kad_post_transparent":"","_kad_post_title":"","_kad_post_layout":"","_kad_post_sidebar_id":"","_kad_post_content_style":"","_kad_post_vertical_padding":"","_kad_post_feature":"","_kad_post_feature_position":"","_kad_post_header":false,"_kad_post_footer":false,"_kad_post_classname":""},"product_brand":[3263],"product_cat":[2048,2094,151,107],"product_tag":[2825,689,556,2826],"class_list":{"0":"post-18599","1":"product","2":"type-product","3":"status-publish","4":"has-post-thumbnail","6":"product_brand-infinity-hybrid","7":"product_cat-airbrush-de","8":"product_cat-brauen-henna","9":"product_cat-infinity-hybrid-de","10":"product_cat-schulungen-kurse","11":"product_tag-bausatz","12":"product_tag-infinityhybrid-de","13":"product_tag-startkit-de","14":"product_tag-tont","15":"product_shipping_class-kleines-paket","17":"first","18":"instock","19":"taxable","20":"shipping-taxable","21":"purchasable","22":"product-type-simple","23":"entry","24":"content-bg","25":"loop-entry"},"yoast_head":"<!-- This site is optimized with the Yoast SEO Premium plugin v27.2 (Yoast SEO v27.2) - https:\/\/yoast.com\/product\/yoast-seo-premium-wordpress\/ -->\n<title>Infinity Aqua Drops Kit - Silber-Kit | Henna-freier Hybrid-Brauenfleck<\/title>\n<meta name=\"description\" content=\"Verwandeln Sie Ihre Brauen mit dem Infinity Aqua Drops Kit - SILBER KIT. Genie\u00dfen Sie noch heute 7 atemberaubende Farbt\u00f6ne f\u00fcr sch\u00f6ne, hybride Brauen!\" \/>\n<meta name=\"robots\" content=\"index, follow, max-snippet:-1, max-image-preview:large, max-video-preview:-1\" \/>\n<link rel=\"canonical\" href=\"https:\/\/cocohouseofbeauty.com\/de\/produkt\/infinity-aqua-drops-kit-silber-kit\/\" \/>\n<meta property=\"og:locale\" content=\"de_DE\" \/>\n<meta property=\"og:type\" content=\"article\" \/>\n<meta property=\"og:title\" content=\"Infinity Aqua Drops Kit - SILBER KIT\" \/>\n<meta property=\"og:description\" content=\"Verwandeln Sie Ihre Brauen mit dem Infinity Aqua Drops Kit - SILBER KIT. Genie\u00dfen Sie noch heute 7 atemberaubende Farbt\u00f6ne f\u00fcr sch\u00f6ne, hybride Brauen!\" \/>\n<meta property=\"og:url\" content=\"https:\/\/cocohouseofbeauty.com\/de\/produkt\/infinity-aqua-drops-kit-silber-kit\/\" \/>\n<meta property=\"og:site_name\" content=\"Coco House of Beauty\" \/>\n<meta property=\"article:publisher\" content=\"https:\/\/www.facebook.com\/groups\/388929390727436\/about\/\" \/>\n<meta property=\"article:modified_time\" content=\"2025-09-11T11:44:42+00:00\" \/>\n<meta property=\"og:image\" content=\"https:\/\/cocohouseofbeauty.com\/wp-content\/uploads\/2025\/03\/img_4158.jpeg\" \/>\n\t<meta property=\"og:image:width\" content=\"1584\" \/>\n\t<meta property=\"og:image:height\" content=\"1600\" \/>\n\t<meta property=\"og:image:type\" content=\"image\/jpeg\" \/>\n<meta name=\"twitter:card\" content=\"summary_large_image\" \/>\n<meta name=\"twitter:label1\" content=\"Preis\" \/>\n\t<meta name=\"twitter:data1\" content=\"&euro;&nbsp;109,95\" \/>\n\t<meta name=\"twitter:label2\" content=\"Verf\u00fcgbarkeit\" \/>\n\t<meta name=\"twitter:data2\" content=\"Auf Lager\" \/>\n<script type=\"application\/ld+json\" class=\"yoast-schema-graph\">{\"@context\":\"https:\/\/schema.org\",\"@graph\":[{\"@type\":\"WebPage\",\"@id\":\"https:\/\/cocohouseofbeauty.com\/de\/produkt\/infinity-aqua-drops-kit-silber-kit\/\",\"url\":\"https:\/\/cocohouseofbeauty.com\/de\/produkt\/infinity-aqua-drops-kit-silber-kit\/\",\"name\":\"Infinity Aqua Drops Kit - Silber-Kit | Henna-freier Hybrid-Brauenfleck\",\"isPartOf\":{\"@id\":\"https:\/\/cocohouseofbeauty.com\/de\/#website\"},\"primaryImageOfPage\":{\"@id\":\"https:\/\/cocohouseofbeauty.com\/de\/produkt\/infinity-aqua-drops-kit-silber-kit\/#primaryimage\"},\"image\":{\"@id\":\"https:\/\/cocohouseofbeauty.com\/de\/produkt\/infinity-aqua-drops-kit-silber-kit\/#primaryimage\"},\"thumbnailUrl\":\"https:\/\/cocohouseofbeauty.com\/wp-content\/uploads\/2025\/03\/img_4158.jpeg\",\"datePublished\":\"2025-03-08T08:05:18+00:00\",\"dateModified\":\"2025-09-11T11:44:42+00:00\",\"description\":\"Verwandeln Sie Ihre Brauen mit dem Infinity Aqua Drops Kit - SILBER KIT. Genie\u00dfen Sie noch heute 7 atemberaubende Farbt\u00f6ne f\u00fcr sch\u00f6ne, hybride Brauen!\",\"breadcrumb\":{\"@id\":\"https:\/\/cocohouseofbeauty.com\/de\/produkt\/infinity-aqua-drops-kit-silber-kit\/#breadcrumb\"},\"inLanguage\":\"de-DE\",\"potentialAction\":[{\"@type\":\"ReadAction\",\"target\":[\"https:\/\/cocohouseofbeauty.com\/de\/produkt\/infinity-aqua-drops-kit-silber-kit\/\"]}]},{\"@type\":\"ImageObject\",\"inLanguage\":\"de-DE\",\"@id\":\"https:\/\/cocohouseofbeauty.com\/de\/produkt\/infinity-aqua-drops-kit-silber-kit\/#primaryimage\",\"url\":\"https:\/\/cocohouseofbeauty.com\/wp-content\/uploads\/2025\/03\/img_4158.jpeg\",\"contentUrl\":\"https:\/\/cocohouseofbeauty.com\/wp-content\/uploads\/2025\/03\/img_4158.jpeg\",\"width\":1584,\"height\":1600},{\"@type\":\"BreadcrumbList\",\"@id\":\"https:\/\/cocohouseofbeauty.com\/de\/produkt\/infinity-aqua-drops-kit-silber-kit\/#breadcrumb\",\"itemListElement\":[{\"@type\":\"ListItem\",\"position\":1,\"name\":\"Home\",\"item\":\"https:\/\/cocohouseofbeauty.com\/de\/\"},{\"@type\":\"ListItem\",\"position\":2,\"name\":\"Shop\",\"item\":\"https:\/\/cocohouseofbeauty.com\/de\/shop\/\"},{\"@type\":\"ListItem\",\"position\":3,\"name\":\"Infinity Aqua Drops Kit &#8211; SILBER KIT\"}]},{\"@type\":\"WebSite\",\"@id\":\"https:\/\/cocohouseofbeauty.com\/de\/#website\",\"url\":\"https:\/\/cocohouseofbeauty.com\/de\/\",\"name\":\"Coco House of Beauty\",\"description\":\"Your beauty partner for exclusive lash &amp; brow brands\",\"publisher\":{\"@id\":\"https:\/\/cocohouseofbeauty.com\/de\/#organization\"},\"potentialAction\":[{\"@type\":\"SearchAction\",\"target\":{\"@type\":\"EntryPoint\",\"urlTemplate\":\"https:\/\/cocohouseofbeauty.com\/de\/?s={search_term_string}\"},\"query-input\":{\"@type\":\"PropertyValueSpecification\",\"valueRequired\":true,\"valueName\":\"search_term_string\"}}],\"inLanguage\":\"de-DE\"},{\"@type\":\"Organization\",\"@id\":\"https:\/\/cocohouseofbeauty.com\/de\/#organization\",\"name\":\"Coco House of Beauty\",\"url\":\"https:\/\/cocohouseofbeauty.com\/de\/\",\"logo\":{\"@type\":\"ImageObject\",\"inLanguage\":\"de-DE\",\"@id\":\"https:\/\/cocohouseofbeauty.com\/de\/#\/schema\/logo\/image\/\",\"url\":\"https:\/\/cocohouseofbeauty.com\/wp-content\/uploads\/2024\/03\/cropped-coco-logo-zonder-estb.png\",\"contentUrl\":\"https:\/\/cocohouseofbeauty.com\/wp-content\/uploads\/2024\/03\/cropped-coco-logo-zonder-estb.png\",\"width\":1532,\"height\":612,\"caption\":\"Coco House of Beauty\"},\"image\":{\"@id\":\"https:\/\/cocohouseofbeauty.com\/de\/#\/schema\/logo\/image\/\"},\"sameAs\":[\"https:\/\/www.facebook.com\/groups\/388929390727436\/about\/\",\"https:\/\/www.instagram.com\/cocohouse.of.beauty\/\",\"https:\/\/www.tiktok.com\/@cocohouseofbeauty\"],\"foundingDate\":\"2024-04-05\",\"numberOfEmployees\":{\"@type\":\"QuantitativeValue\",\"minValue\":\"11\",\"maxValue\":\"50\"}}]}<\/script>\n<meta property=\"product:price:amount\" content=\"109.95\" \/>\n<meta property=\"product:price:currency\" content=\"EUR\" \/>\n<meta property=\"og:availability\" content=\"instock\" \/>\n<meta property=\"product:availability\" content=\"instock\" \/>\n<meta property=\"product:retailer_item_id\" content=\"COCO-2371\" \/>\n<meta property=\"product:condition\" content=\"new\" \/>\n<!-- \/ Yoast SEO Premium plugin. -->","yoast_head_json":{"title":"Infinity Aqua Drops Kit - Silber-Kit | Henna-freier Hybrid-Brauenfleck","description":"Verwandeln Sie Ihre Brauen mit dem Infinity Aqua Drops Kit - SILBER KIT. Genie\u00dfen Sie noch heute 7 atemberaubende Farbt\u00f6ne f\u00fcr sch\u00f6ne, hybride Brauen!","robots":{"index":"index","follow":"follow","max-snippet":"max-snippet:-1","max-image-preview":"max-image-preview:large","max-video-preview":"max-video-preview:-1"},"canonical":"https:\/\/cocohouseofbeauty.com\/de\/produkt\/infinity-aqua-drops-kit-silber-kit\/","og_locale":"de_DE","og_type":"article","og_title":"Infinity Aqua Drops Kit - SILBER KIT","og_description":"Verwandeln Sie Ihre Brauen mit dem Infinity Aqua Drops Kit - SILBER KIT. Genie\u00dfen Sie noch heute 7 atemberaubende Farbt\u00f6ne f\u00fcr sch\u00f6ne, hybride Brauen!","og_url":"https:\/\/cocohouseofbeauty.com\/de\/produkt\/infinity-aqua-drops-kit-silber-kit\/","og_site_name":"Coco House of Beauty","article_publisher":"https:\/\/www.facebook.com\/groups\/388929390727436\/about\/","article_modified_time":"2025-09-11T11:44:42+00:00","og_image":[{"width":1584,"height":1600,"url":"https:\/\/cocohouseofbeauty.com\/wp-content\/uploads\/2025\/03\/img_4158.jpeg","type":"image\/jpeg"}],"twitter_card":"summary_large_image","twitter_misc":{"Preis":"&euro;&nbsp;109,95","Verf\u00fcgbarkeit":"Auf Lager"},"schema":{"@context":"https:\/\/schema.org","@graph":[{"@type":"WebPage","@id":"https:\/\/cocohouseofbeauty.com\/de\/produkt\/infinity-aqua-drops-kit-silber-kit\/","url":"https:\/\/cocohouseofbeauty.com\/de\/produkt\/infinity-aqua-drops-kit-silber-kit\/","name":"Infinity Aqua Drops Kit - Silber-Kit | Henna-freier Hybrid-Brauenfleck","isPartOf":{"@id":"https:\/\/cocohouseofbeauty.com\/de\/#website"},"primaryImageOfPage":{"@id":"https:\/\/cocohouseofbeauty.com\/de\/produkt\/infinity-aqua-drops-kit-silber-kit\/#primaryimage"},"image":{"@id":"https:\/\/cocohouseofbeauty.com\/de\/produkt\/infinity-aqua-drops-kit-silber-kit\/#primaryimage"},"thumbnailUrl":"https:\/\/cocohouseofbeauty.com\/wp-content\/uploads\/2025\/03\/img_4158.jpeg","datePublished":"2025-03-08T08:05:18+00:00","dateModified":"2025-09-11T11:44:42+00:00","description":"Verwandeln Sie Ihre Brauen mit dem Infinity Aqua Drops Kit - SILBER KIT. Genie\u00dfen Sie noch heute 7 atemberaubende Farbt\u00f6ne f\u00fcr sch\u00f6ne, hybride Brauen!","breadcrumb":{"@id":"https:\/\/cocohouseofbeauty.com\/de\/produkt\/infinity-aqua-drops-kit-silber-kit\/#breadcrumb"},"inLanguage":"de-DE","potentialAction":[{"@type":"ReadAction","target":["https:\/\/cocohouseofbeauty.com\/de\/produkt\/infinity-aqua-drops-kit-silber-kit\/"]}]},{"@type":"ImageObject","inLanguage":"de-DE","@id":"https:\/\/cocohouseofbeauty.com\/de\/produkt\/infinity-aqua-drops-kit-silber-kit\/#primaryimage","url":"https:\/\/cocohouseofbeauty.com\/wp-content\/uploads\/2025\/03\/img_4158.jpeg","contentUrl":"https:\/\/cocohouseofbeauty.com\/wp-content\/uploads\/2025\/03\/img_4158.jpeg","width":1584,"height":1600},{"@type":"BreadcrumbList","@id":"https:\/\/cocohouseofbeauty.com\/de\/produkt\/infinity-aqua-drops-kit-silber-kit\/#breadcrumb","itemListElement":[{"@type":"ListItem","position":1,"name":"Home","item":"https:\/\/cocohouseofbeauty.com\/de\/"},{"@type":"ListItem","position":2,"name":"Shop","item":"https:\/\/cocohouseofbeauty.com\/de\/shop\/"},{"@type":"ListItem","position":3,"name":"Infinity Aqua Drops Kit &#8211; SILBER KIT"}]},{"@type":"WebSite","@id":"https:\/\/cocohouseofbeauty.com\/de\/#website","url":"https:\/\/cocohouseofbeauty.com\/de\/","name":"Coco House of Beauty","description":"Your beauty partner for exclusive lash &amp; brow brands","publisher":{"@id":"https:\/\/cocohouseofbeauty.com\/de\/#organization"},"potentialAction":[{"@type":"SearchAction","target":{"@type":"EntryPoint","urlTemplate":"https:\/\/cocohouseofbeauty.com\/de\/?s={search_term_string}"},"query-input":{"@type":"PropertyValueSpecification","valueRequired":true,"valueName":"search_term_string"}}],"inLanguage":"de-DE"},{"@type":"Organization","@id":"https:\/\/cocohouseofbeauty.com\/de\/#organization","name":"Coco House of Beauty","url":"https:\/\/cocohouseofbeauty.com\/de\/","logo":{"@type":"ImageObject","inLanguage":"de-DE","@id":"https:\/\/cocohouseofbeauty.com\/de\/#\/schema\/logo\/image\/","url":"https:\/\/cocohouseofbeauty.com\/wp-content\/uploads\/2024\/03\/cropped-coco-logo-zonder-estb.png","contentUrl":"https:\/\/cocohouseofbeauty.com\/wp-content\/uploads\/2024\/03\/cropped-coco-logo-zonder-estb.png","width":1532,"height":612,"caption":"Coco House of Beauty"},"image":{"@id":"https:\/\/cocohouseofbeauty.com\/de\/#\/schema\/logo\/image\/"},"sameAs":["https:\/\/www.facebook.com\/groups\/388929390727436\/about\/","https:\/\/www.instagram.com\/cocohouse.of.beauty\/","https:\/\/www.tiktok.com\/@cocohouseofbeauty"],"foundingDate":"2024-04-05","numberOfEmployees":{"@type":"QuantitativeValue","minValue":"11","maxValue":"50"}}]},"product_price_amount":"109.95","product_price_currency":"EUR","og_availability":"instock","product_availability":"instock","product_retailer_item_id":"COCO-2371","product_condition":"new"},"taxonomy_info":{"product_brand":[{"value":3263,"label":"Infinity Hybrid"}],"product_cat":[{"value":2048,"label":"Airbrush"},{"value":2094,"label":"Brauen-Henna"},{"value":151,"label":"Infinity hybrid"},{"value":107,"label":"Schulungen &amp; Kurse"}],"product_tag":[{"value":2825,"label":"Bausatz"},{"value":689,"label":"infinityhybrid"},{"value":556,"label":"Startkit"},{"value":2826,"label":"t\u00f6nt"}]},"featured_image_src_large":["https:\/\/cocohouseofbeauty.com\/wp-content\/uploads\/2025\/03\/img_4158-1014x1024.jpeg",1014,1024,true],"author_info":[],"comment_info":0,"jetpack_sharing_enabled":true,"_links":{"self":[{"href":"https:\/\/cocohouseofbeauty.com\/de\/wp-json\/wp\/v2\/product\/18599","targetHints":{"allow":["GET"]}}],"collection":[{"href":"https:\/\/cocohouseofbeauty.com\/de\/wp-json\/wp\/v2\/product"}],"about":[{"href":"https:\/\/cocohouseofbeauty.com\/de\/wp-json\/wp\/v2\/types\/product"}],"replies":[{"embeddable":true,"href":"https:\/\/cocohouseofbeauty.com\/de\/wp-json\/wp\/v2\/comments?post=18599"}],"wp:featuredmedia":[{"embeddable":true,"href":"https:\/\/cocohouseofbeauty.com\/de\/wp-json\/wp\/v2\/media\/17505"}],"wp:attachment":[{"href":"https:\/\/cocohouseofbeauty.com\/de\/wp-json\/wp\/v2\/media?parent=18599"}],"wp:term":[{"taxonomy":"product_brand","embeddable":true,"href":"https:\/\/cocohouseofbeauty.com\/de\/wp-json\/wp\/v2\/product_brand?post=18599"},{"taxonomy":"product_cat","embeddable":true,"href":"https:\/\/cocohouseofbeauty.com\/de\/wp-json\/wp\/v2\/product_cat?post=18599"},{"taxonomy":"product_tag","embeddable":true,"href":"https:\/\/cocohouseofbeauty.com\/de\/wp-json\/wp\/v2\/product_tag?post=18599"}],"curies":[{"name":"wp","href":"https:\/\/api.w.org\/{rel}","templated":true}]}}