{"id":10549,"date":"2024-10-07T21:27:18","date_gmt":"2024-10-07T19:27:18","guid":{"rendered":"https:\/\/cocohouseofbeauty.com\/product\/bkate-buerstenseife\/"},"modified":"2026-01-21T16:31:07","modified_gmt":"2026-01-21T14:31:07","slug":"bkate-buerstenseife","status":"publish","type":"product","link":"https:\/\/cocohouseofbeauty.com\/de\/produkt\/bkate-buerstenseife\/","title":{"rendered":"B&#8217;KATE B\u00dcRSTENSEIFE"},"content":{"rendered":"","protected":false},"excerpt":{"rendered":"<p><strong>Machen Sie es sich nicht selbst schwer.&nbsp;<\/strong><\/p>\n<p>Warum Sie es lieben werden&#8230;<br \/>\nSie werden unsere Pinselseife mit beruhigendem Honigduft lieben. Eine einfache und<br \/>\nschnelle Art, Ihre Pinsel zu reinigen. Die Brush Soap ist ein Favorit unter Profis!<br \/>\nDie einzigartige Seife l\u00f6st alle Arten von Make-up (Puder, Fl\u00fcssigkeit und mehr) auf und pflegt und desinfiziert gleichzeitig die Pinselborsten.<\/p>\n<p><strong>Achtung!<\/strong><br \/>\n&#8211; Befeuchten Sie Ihre B\u00fcrste mit sauberem Wasser.<br \/>\n&#8211; F\u00fchren Sie die B\u00fcrste mehrmals durch die Seife und verwenden Sie dann das Silikon-Reinigungspad, um das gesamte Make-up zu entfernen.<br \/>\n&#8211; Sp\u00fclen Sie die B\u00fcrste nach der Reinigung mit Wasser ab, nehmen Sie \u00fcbersch\u00fcssiges Wasser mit einem Papiertuch auf und lassen Sie die B\u00fcrste trocknen.<br \/>\n&#8211; Sp\u00fclen Sie das Reinigungspad ebenfalls mit Wasser aus und schon sind Sie fertig!<\/p>\n<p>Empfohlener Verkaufspreis: \u20ac 24,99<\/p>\n<p><strong>Zutaten:<\/strong><br \/>\nSodium palm oleate, Sodium palm kernel oleate, sucrose, proylene glycol,water, glycerol, trehalosde, butyrospermum park fruit oil, Flea europaea, fruit oil, Allachin menthol, (daily) essence, Glucoside ascorbate,Glycyrrhiza uralensis root extract, Menthe arvensis leaf extract, CI19140<\/p>\n<p>SKU: Q0-10204<\/p>\n","protected":false},"featured_media":8039,"comment_status":"open","ping_status":"closed","template":"","meta":{"_kad_blocks_custom_css":"","_kad_blocks_head_custom_js":"","_kad_blocks_body_custom_js":"","_kad_blocks_footer_custom_js":"","_kadence_starter_templates_imported_post":false,"_kad_post_transparent":"default","_kad_post_title":"","_kad_post_layout":"default","_kad_post_sidebar_id":"","_kad_post_content_style":"default","_kad_post_vertical_padding":"default","_kad_post_feature":"","_kad_post_feature_position":"","_kad_post_header":false,"_kad_post_footer":false,"_kad_post_classname":""},"product_brand":[],"product_cat":[313,4994,2129],"product_tag":[],"class_list":{"0":"post-10549","1":"product","2":"type-product","3":"status-publish","4":"has-post-thumbnail","6":"product_cat-b-kate-de","7":"product_cat-einzelhandel","8":"product_cat-make-up-de","9":"product_shipping_class-kleines-paket","11":"first","12":"instock","13":"taxable","14":"shipping-taxable","15":"purchasable","16":"product-type-simple","17":"entry","18":"content-bg","19":"loop-entry"},"yoast_head":"<!-- This site is optimized with the Yoast SEO Premium plugin v27.2 (Yoast SEO v27.2) - https:\/\/yoast.com\/product\/yoast-seo-premium-wordpress\/ -->\n<title>B&#039;KATE B\u00dcRSTENSEIFE - Coco House of Beauty<\/title>\n<meta name=\"robots\" content=\"index, follow, max-snippet:-1, max-image-preview:large, max-video-preview:-1\" \/>\n<link rel=\"canonical\" href=\"https:\/\/cocohouseofbeauty.com\/de\/produkt\/bkate-buerstenseife\/\" \/>\n<meta property=\"og:locale\" content=\"de_DE\" \/>\n<meta property=\"og:type\" content=\"article\" \/>\n<meta property=\"og:title\" content=\"B&#039;KATE B\u00dcRSTENSEIFE\" \/>\n<meta property=\"og:description\" content=\"Machen Sie es sich nicht selbst schwer.&nbsp; Warum Sie es lieben werden... Sie werden unsere Pinselseife mit beruhigendem Honigduft lieben. Eine einfache und schnelle Art, Ihre Pinsel zu reinigen. Die Brush Soap ist ein Favorit unter Profis!  Die einzigartige Seife l\u00f6st alle Arten von Make-up (Puder, Fl\u00fcssigkeit und mehr) auf und pflegt und desinfiziert gleichzeitig die Pinselborsten. Achtung! - Befeuchten Sie Ihre B\u00fcrste mit sauberem Wasser. - F\u00fchren Sie die B\u00fcrste mehrmals durch die Seife und verwenden Sie dann das Silikon-Reinigungspad, um das gesamte Make-up zu entfernen. - Sp\u00fclen Sie die B\u00fcrste nach der Reinigung mit Wasser ab, nehmen Sie \u00fcbersch\u00fcssiges Wasser mit einem Papiertuch auf und lassen Sie die B\u00fcrste trocknen. - Sp\u00fclen Sie das Reinigungspad ebenfalls mit Wasser aus und schon sind Sie fertig! Empfohlener Verkaufspreis: \u20ac 24,99 Zutaten: Sodium palm oleate, Sodium palm kernel oleate, sucrose, proylene glycol,water, glycerol, trehalosde, butyrospermum park fruit oil, Flea europaea, fruit oil, Allachin menthol, (daily) essence, Glucoside ascorbate,Glycyrrhiza uralensis root extract, Menthe arvensis leaf extract, CI19140 SKU: Q0-10204\" \/>\n<meta property=\"og:url\" content=\"https:\/\/cocohouseofbeauty.com\/de\/produkt\/bkate-buerstenseife\/\" \/>\n<meta property=\"og:site_name\" content=\"Coco House of Beauty\" \/>\n<meta property=\"article:publisher\" content=\"https:\/\/www.facebook.com\/groups\/388929390727436\/about\/\" \/>\n<meta property=\"article:modified_time\" content=\"2026-01-21T14:31:07+00:00\" \/>\n<meta property=\"og:image\" content=\"https:\/\/cocohouseofbeauty.com\/wp-content\/uploads\/2024\/10\/BKATE-091-scaled-1.jpg\" \/>\n\t<meta property=\"og:image:width\" content=\"2560\" \/>\n\t<meta property=\"og:image:height\" content=\"2560\" \/>\n\t<meta property=\"og:image:type\" content=\"image\/jpeg\" \/>\n<meta name=\"twitter:card\" content=\"summary_large_image\" \/>\n<meta name=\"twitter:label1\" content=\"Preis\" \/>\n\t<meta name=\"twitter:data1\" content=\"&euro;&nbsp;20,65\" \/>\n\t<meta name=\"twitter:label2\" content=\"Verf\u00fcgbarkeit\" \/>\n\t<meta name=\"twitter:data2\" content=\"Auf Lager\" \/>\n<script type=\"application\/ld+json\" class=\"yoast-schema-graph\">{\"@context\":\"https:\/\/schema.org\",\"@graph\":[{\"@type\":\"WebPage\",\"@id\":\"https:\/\/cocohouseofbeauty.com\/de\/produkt\/bkate-buerstenseife\/\",\"url\":\"https:\/\/cocohouseofbeauty.com\/de\/produkt\/bkate-buerstenseife\/\",\"name\":\"B'KATE B\u00dcRSTENSEIFE - Coco House of Beauty\",\"isPartOf\":{\"@id\":\"https:\/\/cocohouseofbeauty.com\/de\/#website\"},\"primaryImageOfPage\":{\"@id\":\"https:\/\/cocohouseofbeauty.com\/de\/produkt\/bkate-buerstenseife\/#primaryimage\"},\"image\":{\"@id\":\"https:\/\/cocohouseofbeauty.com\/de\/produkt\/bkate-buerstenseife\/#primaryimage\"},\"thumbnailUrl\":\"https:\/\/cocohouseofbeauty.com\/wp-content\/uploads\/2024\/10\/BKATE-091-scaled-1.jpg\",\"datePublished\":\"2024-10-07T19:27:18+00:00\",\"dateModified\":\"2026-01-21T14:31:07+00:00\",\"breadcrumb\":{\"@id\":\"https:\/\/cocohouseofbeauty.com\/de\/produkt\/bkate-buerstenseife\/#breadcrumb\"},\"inLanguage\":\"de-DE\",\"potentialAction\":[{\"@type\":\"ReadAction\",\"target\":[\"https:\/\/cocohouseofbeauty.com\/de\/produkt\/bkate-buerstenseife\/\"]}]},{\"@type\":\"ImageObject\",\"inLanguage\":\"de-DE\",\"@id\":\"https:\/\/cocohouseofbeauty.com\/de\/produkt\/bkate-buerstenseife\/#primaryimage\",\"url\":\"https:\/\/cocohouseofbeauty.com\/wp-content\/uploads\/2024\/10\/BKATE-091-scaled-1.jpg\",\"contentUrl\":\"https:\/\/cocohouseofbeauty.com\/wp-content\/uploads\/2024\/10\/BKATE-091-scaled-1.jpg\",\"width\":2560,\"height\":2560},{\"@type\":\"BreadcrumbList\",\"@id\":\"https:\/\/cocohouseofbeauty.com\/de\/produkt\/bkate-buerstenseife\/#breadcrumb\",\"itemListElement\":[{\"@type\":\"ListItem\",\"position\":1,\"name\":\"Home\",\"item\":\"https:\/\/cocohouseofbeauty.com\/de\/\"},{\"@type\":\"ListItem\",\"position\":2,\"name\":\"Shop\",\"item\":\"https:\/\/cocohouseofbeauty.com\/de\/shop\/\"},{\"@type\":\"ListItem\",\"position\":3,\"name\":\"B&#8217;KATE B\u00dcRSTENSEIFE\"}]},{\"@type\":\"WebSite\",\"@id\":\"https:\/\/cocohouseofbeauty.com\/de\/#website\",\"url\":\"https:\/\/cocohouseofbeauty.com\/de\/\",\"name\":\"Coco House of Beauty\",\"description\":\"Your beauty partner for exclusive lash &amp; brow brands\",\"publisher\":{\"@id\":\"https:\/\/cocohouseofbeauty.com\/de\/#organization\"},\"potentialAction\":[{\"@type\":\"SearchAction\",\"target\":{\"@type\":\"EntryPoint\",\"urlTemplate\":\"https:\/\/cocohouseofbeauty.com\/de\/?s={search_term_string}\"},\"query-input\":{\"@type\":\"PropertyValueSpecification\",\"valueRequired\":true,\"valueName\":\"search_term_string\"}}],\"inLanguage\":\"de-DE\"},{\"@type\":\"Organization\",\"@id\":\"https:\/\/cocohouseofbeauty.com\/de\/#organization\",\"name\":\"Coco House of Beauty\",\"url\":\"https:\/\/cocohouseofbeauty.com\/de\/\",\"logo\":{\"@type\":\"ImageObject\",\"inLanguage\":\"de-DE\",\"@id\":\"https:\/\/cocohouseofbeauty.com\/de\/#\/schema\/logo\/image\/\",\"url\":\"https:\/\/cocohouseofbeauty.com\/wp-content\/uploads\/2024\/03\/cropped-coco-logo-zonder-estb.png\",\"contentUrl\":\"https:\/\/cocohouseofbeauty.com\/wp-content\/uploads\/2024\/03\/cropped-coco-logo-zonder-estb.png\",\"width\":1532,\"height\":612,\"caption\":\"Coco House of Beauty\"},\"image\":{\"@id\":\"https:\/\/cocohouseofbeauty.com\/de\/#\/schema\/logo\/image\/\"},\"sameAs\":[\"https:\/\/www.facebook.com\/groups\/388929390727436\/about\/\",\"https:\/\/www.instagram.com\/cocohouse.of.beauty\/\",\"https:\/\/www.tiktok.com\/@cocohouseofbeauty\"],\"foundingDate\":\"2024-04-05\",\"numberOfEmployees\":{\"@type\":\"QuantitativeValue\",\"minValue\":\"11\",\"maxValue\":\"50\"}}]}<\/script>\n<meta property=\"product:price:amount\" content=\"20.65\" \/>\n<meta property=\"product:price:currency\" content=\"EUR\" \/>\n<meta property=\"og:availability\" content=\"instock\" \/>\n<meta property=\"product:availability\" content=\"instock\" \/>\n<meta property=\"product:retailer_item_id\" content=\"10204\" \/>\n<meta property=\"product:condition\" content=\"new\" \/>\n<!-- \/ Yoast SEO Premium plugin. -->","yoast_head_json":{"title":"B'KATE B\u00dcRSTENSEIFE - Coco House of Beauty","robots":{"index":"index","follow":"follow","max-snippet":"max-snippet:-1","max-image-preview":"max-image-preview:large","max-video-preview":"max-video-preview:-1"},"canonical":"https:\/\/cocohouseofbeauty.com\/de\/produkt\/bkate-buerstenseife\/","og_locale":"de_DE","og_type":"article","og_title":"B'KATE B\u00dcRSTENSEIFE","og_description":"Machen Sie es sich nicht selbst schwer.&nbsp; Warum Sie es lieben werden... Sie werden unsere Pinselseife mit beruhigendem Honigduft lieben. Eine einfache und schnelle Art, Ihre Pinsel zu reinigen. Die Brush Soap ist ein Favorit unter Profis!  Die einzigartige Seife l\u00f6st alle Arten von Make-up (Puder, Fl\u00fcssigkeit und mehr) auf und pflegt und desinfiziert gleichzeitig die Pinselborsten. Achtung! - Befeuchten Sie Ihre B\u00fcrste mit sauberem Wasser. - F\u00fchren Sie die B\u00fcrste mehrmals durch die Seife und verwenden Sie dann das Silikon-Reinigungspad, um das gesamte Make-up zu entfernen. - Sp\u00fclen Sie die B\u00fcrste nach der Reinigung mit Wasser ab, nehmen Sie \u00fcbersch\u00fcssiges Wasser mit einem Papiertuch auf und lassen Sie die B\u00fcrste trocknen. - Sp\u00fclen Sie das Reinigungspad ebenfalls mit Wasser aus und schon sind Sie fertig! Empfohlener Verkaufspreis: \u20ac 24,99 Zutaten: Sodium palm oleate, Sodium palm kernel oleate, sucrose, proylene glycol,water, glycerol, trehalosde, butyrospermum park fruit oil, Flea europaea, fruit oil, Allachin menthol, (daily) essence, Glucoside ascorbate,Glycyrrhiza uralensis root extract, Menthe arvensis leaf extract, CI19140 SKU: Q0-10204","og_url":"https:\/\/cocohouseofbeauty.com\/de\/produkt\/bkate-buerstenseife\/","og_site_name":"Coco House of Beauty","article_publisher":"https:\/\/www.facebook.com\/groups\/388929390727436\/about\/","article_modified_time":"2026-01-21T14:31:07+00:00","og_image":[{"width":2560,"height":2560,"url":"https:\/\/cocohouseofbeauty.com\/wp-content\/uploads\/2024\/10\/BKATE-091-scaled-1.jpg","type":"image\/jpeg"}],"twitter_card":"summary_large_image","twitter_misc":{"Preis":"&euro;&nbsp;20,65","Verf\u00fcgbarkeit":"Auf Lager"},"schema":{"@context":"https:\/\/schema.org","@graph":[{"@type":"WebPage","@id":"https:\/\/cocohouseofbeauty.com\/de\/produkt\/bkate-buerstenseife\/","url":"https:\/\/cocohouseofbeauty.com\/de\/produkt\/bkate-buerstenseife\/","name":"B'KATE B\u00dcRSTENSEIFE - Coco House of Beauty","isPartOf":{"@id":"https:\/\/cocohouseofbeauty.com\/de\/#website"},"primaryImageOfPage":{"@id":"https:\/\/cocohouseofbeauty.com\/de\/produkt\/bkate-buerstenseife\/#primaryimage"},"image":{"@id":"https:\/\/cocohouseofbeauty.com\/de\/produkt\/bkate-buerstenseife\/#primaryimage"},"thumbnailUrl":"https:\/\/cocohouseofbeauty.com\/wp-content\/uploads\/2024\/10\/BKATE-091-scaled-1.jpg","datePublished":"2024-10-07T19:27:18+00:00","dateModified":"2026-01-21T14:31:07+00:00","breadcrumb":{"@id":"https:\/\/cocohouseofbeauty.com\/de\/produkt\/bkate-buerstenseife\/#breadcrumb"},"inLanguage":"de-DE","potentialAction":[{"@type":"ReadAction","target":["https:\/\/cocohouseofbeauty.com\/de\/produkt\/bkate-buerstenseife\/"]}]},{"@type":"ImageObject","inLanguage":"de-DE","@id":"https:\/\/cocohouseofbeauty.com\/de\/produkt\/bkate-buerstenseife\/#primaryimage","url":"https:\/\/cocohouseofbeauty.com\/wp-content\/uploads\/2024\/10\/BKATE-091-scaled-1.jpg","contentUrl":"https:\/\/cocohouseofbeauty.com\/wp-content\/uploads\/2024\/10\/BKATE-091-scaled-1.jpg","width":2560,"height":2560},{"@type":"BreadcrumbList","@id":"https:\/\/cocohouseofbeauty.com\/de\/produkt\/bkate-buerstenseife\/#breadcrumb","itemListElement":[{"@type":"ListItem","position":1,"name":"Home","item":"https:\/\/cocohouseofbeauty.com\/de\/"},{"@type":"ListItem","position":2,"name":"Shop","item":"https:\/\/cocohouseofbeauty.com\/de\/shop\/"},{"@type":"ListItem","position":3,"name":"B&#8217;KATE B\u00dcRSTENSEIFE"}]},{"@type":"WebSite","@id":"https:\/\/cocohouseofbeauty.com\/de\/#website","url":"https:\/\/cocohouseofbeauty.com\/de\/","name":"Coco House of Beauty","description":"Your beauty partner for exclusive lash &amp; brow brands","publisher":{"@id":"https:\/\/cocohouseofbeauty.com\/de\/#organization"},"potentialAction":[{"@type":"SearchAction","target":{"@type":"EntryPoint","urlTemplate":"https:\/\/cocohouseofbeauty.com\/de\/?s={search_term_string}"},"query-input":{"@type":"PropertyValueSpecification","valueRequired":true,"valueName":"search_term_string"}}],"inLanguage":"de-DE"},{"@type":"Organization","@id":"https:\/\/cocohouseofbeauty.com\/de\/#organization","name":"Coco House of Beauty","url":"https:\/\/cocohouseofbeauty.com\/de\/","logo":{"@type":"ImageObject","inLanguage":"de-DE","@id":"https:\/\/cocohouseofbeauty.com\/de\/#\/schema\/logo\/image\/","url":"https:\/\/cocohouseofbeauty.com\/wp-content\/uploads\/2024\/03\/cropped-coco-logo-zonder-estb.png","contentUrl":"https:\/\/cocohouseofbeauty.com\/wp-content\/uploads\/2024\/03\/cropped-coco-logo-zonder-estb.png","width":1532,"height":612,"caption":"Coco House of Beauty"},"image":{"@id":"https:\/\/cocohouseofbeauty.com\/de\/#\/schema\/logo\/image\/"},"sameAs":["https:\/\/www.facebook.com\/groups\/388929390727436\/about\/","https:\/\/www.instagram.com\/cocohouse.of.beauty\/","https:\/\/www.tiktok.com\/@cocohouseofbeauty"],"foundingDate":"2024-04-05","numberOfEmployees":{"@type":"QuantitativeValue","minValue":"11","maxValue":"50"}}]},"product_price_amount":"20.65","product_price_currency":"EUR","og_availability":"instock","product_availability":"instock","product_retailer_item_id":"10204","product_condition":"new"},"taxonomy_info":{"product_cat":[{"value":313,"label":"B-Kate"},{"value":4994,"label":"Einzelhandel"},{"value":2129,"label":"Make-up"}]},"featured_image_src_large":["https:\/\/cocohouseofbeauty.com\/wp-content\/uploads\/2024\/10\/BKATE-091-scaled-1-1024x1024.jpg",1024,1024,true],"author_info":[],"comment_info":0,"jetpack_sharing_enabled":true,"_links":{"self":[{"href":"https:\/\/cocohouseofbeauty.com\/de\/wp-json\/wp\/v2\/product\/10549","targetHints":{"allow":["GET"]}}],"collection":[{"href":"https:\/\/cocohouseofbeauty.com\/de\/wp-json\/wp\/v2\/product"}],"about":[{"href":"https:\/\/cocohouseofbeauty.com\/de\/wp-json\/wp\/v2\/types\/product"}],"replies":[{"embeddable":true,"href":"https:\/\/cocohouseofbeauty.com\/de\/wp-json\/wp\/v2\/comments?post=10549"}],"wp:featuredmedia":[{"embeddable":true,"href":"https:\/\/cocohouseofbeauty.com\/de\/wp-json\/wp\/v2\/media\/8039"}],"wp:attachment":[{"href":"https:\/\/cocohouseofbeauty.com\/de\/wp-json\/wp\/v2\/media?parent=10549"}],"wp:term":[{"taxonomy":"product_brand","embeddable":true,"href":"https:\/\/cocohouseofbeauty.com\/de\/wp-json\/wp\/v2\/product_brand?post=10549"},{"taxonomy":"product_cat","embeddable":true,"href":"https:\/\/cocohouseofbeauty.com\/de\/wp-json\/wp\/v2\/product_cat?post=10549"},{"taxonomy":"product_tag","embeddable":true,"href":"https:\/\/cocohouseofbeauty.com\/de\/wp-json\/wp\/v2\/product_tag?post=10549"}],"curies":[{"name":"wp","href":"https:\/\/api.w.org\/{rel}","templated":true}]}}